{"id":55092,"date":"2018-04-16T10:56:16","date_gmt":"2018-04-16T10:56:16","guid":{"rendered":"https:\/\/business.roovi.com\/puzzle-adulti-alphonse-mucha-reverie-1000-piese\/p\/"},"modified":"2022-07-13T11:15:25","modified_gmt":"2022-07-13T11:15:25","slug":"alphonse-mucha-puzzle-adulte-1000-pieces-reverie","status":"publish","type":"product","link":"https:\/\/business.roovi.com\/fr\/alphonse-mucha-puzzle-adulte-1000-pieces-reverie\/p\/","title":{"rendered":"Alphonse Mucha puzzle adulte 1000 pi\u00e8ces &#8211; Reverie"},"content":{"rendered":"<p><span style=\"font-weight: 400;\">D\u00e9couvre maintenant la gamme de puzzles d&rsquo;art et cr\u00e9e ta propre collection unique de superbes puzzles de 1000 pi\u00e8ces !<\/span><\/p>\n<p><span style=\"font-weight: 400;\">Tu trouveras ici des puzzles pour adultes avec des images repr\u00e9sentant des \u0153uvres c\u00e9l\u00e8bres de la Renaissance, du Baroque et plus encore. Le puzzle Alphonse Mucha &#8211; R\u00eaverie 1000 pi\u00e8ces est l&rsquo;un de ces exemples r\u00e9ussis qui rend dans un d\u00e9tail parfait l&rsquo;\u0153uvre du grand artiste. Une r\u00eaverie de couleurs, <\/span><span style=\"font-weight: 400;\">une femme r\u00eaveuse dans une robe diaphane est un tableau romantique d&rsquo;une grande sensibilit\u00e9 que tu dois avoir.<\/span><\/p>\n<p><span style=\"font-weight: 400;\">Tu auras besoin d&rsquo;une table basse ordinaire pour recr\u00e9er l&rsquo;image de 50 x 70 cm du puzzle de 1000 pi\u00e8ces. Tu trouveras d&rsquo;autres caract\u00e9ristiques de ce puzzle pour adultes ci-dessous :<\/span><\/p>\n<p>Mat\u00e9riau du puzzle <\/p>\n<p><strong>carton bleu de haute qualit\u00e9<\/strong><\/p>\n<p><strong>des mat\u00e9riaux durables et recyclables<\/strong><\/p>\n<p><strong>finition semi-brillante, couleurs vives<\/strong><\/p>\n<p>Nombre de pi\u00e8ces de puzzle : 1000<\/p>\n<p>\u00c2ge recommand\u00e9 : 14+<\/p>\n<p><strong>5 raisons d&rsquo;assembler un puzzle de 1000 pi\u00e8ces<\/strong><\/p>\n<p><strong>Pour passer ton temps de mani\u00e8re relaxante<\/strong><\/p>\n<p><span style=\"font-weight: 400;\">Assembler les images artistiques du puzzle de 1000 pi\u00e8ces est une activit\u00e9 relaxante que tu peux pratiquer pendant ton temps libre. Reste aussi loin que possible de l&rsquo;\u00e9cran de la t\u00e9l\u00e9vision ou du smartphone, compl\u00e8te le puzzle de 1000 pi\u00e8ces et profite de l&rsquo;image obtenue !<\/span><\/p>\n<p><strong>Pour am\u00e9liorer ton humeur<\/strong><\/p>\n<p><span style=\"font-weight: 400;\">Non seulement un puzzle de 100 pi\u00e8ces te d\u00e9tend, mais il te donne une bonne humeur g\u00e9n\u00e9rale. Termine un jeu de puzzle chaque jour et profite des avantages <\/span><\/p>\n<p><strong>Pour se concentrer sur des objectifs sp\u00e9cifiques<\/strong><\/p>\n<p><span style=\"font-weight: 400;\">Range m\u00e9thodiquement les 1000 pi\u00e8ces du puzzle et exerce constamment ta capacit\u00e9 \u00e0 rester concentr\u00e9 plus longtemps. Tu profiteras aussi de cet avantage lorsque tu auras des t\u00e2ches professionnelles \u00e0 r\u00e9soudre.<\/span><\/p>\n<p><strong>Pour un esprit sain<\/strong><\/p>\n<p><span style=\"font-weight: 400;\">Assembler des puzzles de 1000 pi\u00e8ces entra\u00eene les deux h\u00e9misph\u00e8res c\u00e9r\u00e9braux et aide \u00e0 garder ton cerveau en pleine forme <\/span><\/p>\n<p><strong>Pour \u00eatre heureux<\/strong><\/p>\n<p><span style=\"font-weight: 400;\">Lorsque tu assembles le puzzle de 1000 pi\u00e8ces, ton cerveau s\u00e9cr\u00e8te de la dopamine, l&rsquo;hormone du bonheur. Cela explique le sentiment d&rsquo;optimisme et de satisfaction que tu ressens \u00e0 la fin, lorsque l&rsquo;image du puzzle est compl\u00e8te et pr\u00eate \u00e0 \u00eatre encadr\u00e9e.<\/span><\/p>\n<p><strong>Alphonse Mucha en 5 phrases<\/strong><\/p>\n<p><span style=\"font-weight: 400;\">Ses affiches pour la c\u00e9l\u00e8bre actrice Sarah Bernhardt ont fait sensation \u00e0 Paris et ont \u00e9t\u00e9 le d\u00e9but de la c\u00e9l\u00e9brit\u00e9 qu&rsquo;il allait conna\u00eetre.<\/span><\/p>\n<p><span style=\"font-weight: 400;\">Il \u00e9tait un concepteur tr\u00e8s cr\u00e9atif de d\u00e9cors de th\u00e9\u00e2tre et d&rsquo;int\u00e9rieur.<\/span><\/p>\n<p><span style=\"font-weight: 400;\">Il a une passion pour le dessin depuis l&rsquo;enfance. On raconte que sa m\u00e8re a suspendu un crayon autour de son cou alors qu&rsquo;il \u00e9tait tr\u00e8s jeune et ne savait pas encore marcher, et que l&rsquo;artiste en herbe \u00e9tait ravi de ce geste.<\/span><\/p>\n<p><span style=\"font-weight: 400;\">L&rsquo;artiste a id\u00e9alis\u00e9 les femmes, et c&rsquo;est le th\u00e8me pr\u00e9dominant de beaucoup de ses \u0153uvres.<\/span><\/p>\n<p><span style=\"font-weight: 400;\">\u00c0 la fin de sa vie, le style de Mucha \u00e9tait consid\u00e9r\u00e9 comme d\u00e9pass\u00e9.<\/span><\/p>\n<p><strong>Le puzzle artistique de 1000 pi\u00e8ces t&rsquo;aide \u00e0 t&rsquo;\u00e9chapper dans un monde de contes de f\u00e9es<\/strong><\/p>\n<p><span style=\"font-weight: 400;\">Les soucis quotidiens, la fatigue mentale ou la routine quotidienne t&rsquo;\u00e9puisent et tu cherches une \u00e9chappatoire ? Assemble la collection de puzzles artistiques de 1000 pi\u00e8ces et entre dans un monde plein de couleurs chaudes, de joie et de paix. Puis admire ton chef-d&rsquo;\u0153uvre pendant de longues minutes et profite d&rsquo;un sentiment de satisfaction totale.<\/span><\/p>\n<p><span style=\"font-weight: 400;\">Romps la monotonie des soir\u00e9es avec ce merveilleux puzzle artistique <\/span><span style=\"font-weight: 400;\">Alphonse Mucha &#8211; R\u00eaverie ! Ach\u00e8te maintenant le puzzle de 1000 pi\u00e8ces et tu auras l&rsquo;occasion de peindre un tableau d&rsquo;art \u00e0 partir d&rsquo;un jeu de puzzle de la plus haute qualit\u00e9. Appelle tes amis et recr\u00e9e ensemble l&rsquo;image du puzzle Alphonse Mucha &#8211; R\u00eaverie de 1000 pi\u00e8ces ou profite du calme et de la tranquillit\u00e9 pour recr\u00e9er le tableau toi-m\u00eame.<\/span><\/p>\n<p><span style=\"font-weight: 400;\">Alphonse Mucha &#8211; Reverie puzzle 1000 pi\u00e8ces est une id\u00e9e de cadeau surprenante pour les proches d\u00e9sireux de s&rsquo;adonner \u00e0 des activit\u00e9s cr\u00e9atives.<\/span><\/p><\/p>\n","protected":false},"excerpt":{"rendered":"<p>D\u00e9couvre maintenant la gamme de puzzles d&rsquo;art et cr\u00e9e ta propre collection unique de superbes puzzles de 1000 pi\u00e8ces !<\/p>\n","protected":false},"featured_media":63083,"template":"","meta":[],"product_brand":[],"product_cat":[2314,2316,2315],"product_tag":[],"class_list":{"0":"post-55092","1":"product","2":"type-product","3":"status-publish","4":"has-post-thumbnail","6":"product_cat-puzzles-fr","7":"product_cat-puzzles-de-1000-pieces","8":"product_cat-puzzles-pour-adultes","9":"pa_bax-10-fr","10":"pa_brand-d_toys-fr","11":"pa_country_of_manufacture-ro-fr","12":"pa_filter_age-14-fr","13":"pa_painter-alphonsemucha-fr","14":"pa_tip_ambalaj-boite","15":"pa_tip_puzzle-classique","17":"first","18":"instock","19":"taxable","20":"shipping-taxable","21":"product-type-simple"},"yoast_head":"<!-- This site is optimized with the Yoast SEO plugin v20.1 - https:\/\/yoast.com\/wordpress\/plugins\/seo\/ -->\n<title>Alphonse Mucha puzzle adulte 1000 pi\u00e8ces - Reverie<\/title>\n<meta name=\"description\" content=\"Alphonse Mucha puzzle adulte 1000 pi\u00e8ces - Reverie\" \/>\n<meta name=\"robots\" content=\"index, follow, max-snippet:-1, max-image-preview:large, max-video-preview:-1\" \/>\n<link rel=\"canonical\" href=\"https:\/\/business.roovi.com\/fr\/alphonse-mucha-puzzle-adulte-1000-pieces-reverie\/p\/\" \/>\n<meta property=\"og:locale\" content=\"fr_FR\" \/>\n<meta property=\"og:type\" content=\"article\" \/>\n<meta property=\"og:title\" content=\"Alphonse Mucha puzzle adulte 1000 pi\u00e8ces - Reverie\" \/>\n<meta property=\"og:description\" content=\"Alphonse Mucha puzzle adulte 1000 pi\u00e8ces - Reverie\" \/>\n<meta property=\"og:url\" content=\"https:\/\/business.roovi.com\/fr\/alphonse-mucha-puzzle-adulte-1000-pieces-reverie\/p\/\" \/>\n<meta property=\"og:site_name\" content=\"Roovi B2B\" \/>\n<meta property=\"article:publisher\" content=\"https:\/\/www.facebook.com\/wwwjucariero\" \/>\n<meta property=\"article:modified_time\" content=\"2022-07-13T11:15:25+00:00\" \/>\n<meta property=\"og:image\" content=\"https:\/\/business.roovi.com\/wp-content\/uploads\/2018\/04\/66930-01_ansamblu_dimensiuni_cutie_cm.png\" \/>\n\t<meta property=\"og:image:width\" content=\"1200\" \/>\n\t<meta property=\"og:image:height\" content=\"1200\" \/>\n\t<meta property=\"og:image:type\" content=\"image\/png\" \/>\n<meta name=\"twitter:label1\" content=\"Dur\u00e9e de lecture estim\u00e9e\" \/>\n\t<meta name=\"twitter:data1\" content=\"3 minutes\" \/>\n<script type=\"application\/ld+json\" class=\"yoast-schema-graph\">{\"@context\":\"https:\/\/schema.org\",\"@graph\":[{\"@type\":\"WebPage\",\"@id\":\"https:\/\/business.roovi.com\/fr\/alphonse-mucha-puzzle-adulte-1000-pieces-reverie\/p\/\",\"url\":\"https:\/\/business.roovi.com\/fr\/alphonse-mucha-puzzle-adulte-1000-pieces-reverie\/p\/\",\"name\":\"Alphonse Mucha puzzle adulte 1000 pi\u00e8ces - Reverie\",\"isPartOf\":{\"@id\":\"https:\/\/business.roovi.com\/fr\/#website\"},\"datePublished\":\"2018-04-16T10:56:16+00:00\",\"dateModified\":\"2022-07-13T11:15:25+00:00\",\"description\":\"Alphonse Mucha puzzle adulte 1000 pi\u00e8ces - Reverie\",\"breadcrumb\":{\"@id\":\"https:\/\/business.roovi.com\/fr\/alphonse-mucha-puzzle-adulte-1000-pieces-reverie\/p\/#breadcrumb\"},\"inLanguage\":\"fr-FR\",\"potentialAction\":[{\"@type\":\"ReadAction\",\"target\":[\"https:\/\/business.roovi.com\/fr\/alphonse-mucha-puzzle-adulte-1000-pieces-reverie\/p\/\"]}]},{\"@type\":\"BreadcrumbList\",\"@id\":\"https:\/\/business.roovi.com\/fr\/alphonse-mucha-puzzle-adulte-1000-pieces-reverie\/p\/#breadcrumb\",\"itemListElement\":[{\"@type\":\"ListItem\",\"position\":1,\"name\":\"Home\",\"item\":\"https:\/\/business.roovi.com\/fr\/\"},{\"@type\":\"ListItem\",\"position\":2,\"name\":\"Boutique\",\"item\":\"https:\/\/business.roovi.com\/fr\/boutique\/\"},{\"@type\":\"ListItem\",\"position\":3,\"name\":\"Alphonse Mucha puzzle adulte 1000 pi\u00e8ces &#8211; Reverie\"}]},{\"@type\":\"WebSite\",\"@id\":\"https:\/\/business.roovi.com\/fr\/#website\",\"url\":\"https:\/\/business.roovi.com\/fr\/\",\"name\":\"Roovi B2B\",\"description\":\"Roovi Business Website\",\"potentialAction\":[{\"@type\":\"SearchAction\",\"target\":{\"@type\":\"EntryPoint\",\"urlTemplate\":\"https:\/\/business.roovi.com\/fr\/?s={search_term_string}\"},\"query-input\":\"required name=search_term_string\"}],\"inLanguage\":\"fr-FR\"}]}<\/script>\n<!-- \/ Yoast SEO plugin. -->","yoast_head_json":{"title":"Alphonse Mucha puzzle adulte 1000 pi\u00e8ces - Reverie","description":"Alphonse Mucha puzzle adulte 1000 pi\u00e8ces - Reverie","robots":{"index":"index","follow":"follow","max-snippet":"max-snippet:-1","max-image-preview":"max-image-preview:large","max-video-preview":"max-video-preview:-1"},"canonical":"https:\/\/business.roovi.com\/fr\/alphonse-mucha-puzzle-adulte-1000-pieces-reverie\/p\/","og_locale":"fr_FR","og_type":"article","og_title":"Alphonse Mucha puzzle adulte 1000 pi\u00e8ces - Reverie","og_description":"Alphonse Mucha puzzle adulte 1000 pi\u00e8ces - Reverie","og_url":"https:\/\/business.roovi.com\/fr\/alphonse-mucha-puzzle-adulte-1000-pieces-reverie\/p\/","og_site_name":"Roovi B2B","article_publisher":"https:\/\/www.facebook.com\/wwwjucariero","article_modified_time":"2022-07-13T11:15:25+00:00","og_image":[{"width":1200,"height":1200,"url":"https:\/\/business.roovi.com\/wp-content\/uploads\/2018\/04\/66930-01_ansamblu_dimensiuni_cutie_cm.png","type":"image\/png"}],"twitter_misc":{"Dur\u00e9e de lecture estim\u00e9e":"3 minutes"},"schema":{"@context":"https:\/\/schema.org","@graph":[{"@type":"WebPage","@id":"https:\/\/business.roovi.com\/fr\/alphonse-mucha-puzzle-adulte-1000-pieces-reverie\/p\/","url":"https:\/\/business.roovi.com\/fr\/alphonse-mucha-puzzle-adulte-1000-pieces-reverie\/p\/","name":"Alphonse Mucha puzzle adulte 1000 pi\u00e8ces - Reverie","isPartOf":{"@id":"https:\/\/business.roovi.com\/fr\/#website"},"datePublished":"2018-04-16T10:56:16+00:00","dateModified":"2022-07-13T11:15:25+00:00","description":"Alphonse Mucha puzzle adulte 1000 pi\u00e8ces - Reverie","breadcrumb":{"@id":"https:\/\/business.roovi.com\/fr\/alphonse-mucha-puzzle-adulte-1000-pieces-reverie\/p\/#breadcrumb"},"inLanguage":"fr-FR","potentialAction":[{"@type":"ReadAction","target":["https:\/\/business.roovi.com\/fr\/alphonse-mucha-puzzle-adulte-1000-pieces-reverie\/p\/"]}]},{"@type":"BreadcrumbList","@id":"https:\/\/business.roovi.com\/fr\/alphonse-mucha-puzzle-adulte-1000-pieces-reverie\/p\/#breadcrumb","itemListElement":[{"@type":"ListItem","position":1,"name":"Home","item":"https:\/\/business.roovi.com\/fr\/"},{"@type":"ListItem","position":2,"name":"Boutique","item":"https:\/\/business.roovi.com\/fr\/boutique\/"},{"@type":"ListItem","position":3,"name":"Alphonse Mucha puzzle adulte 1000 pi\u00e8ces &#8211; Reverie"}]},{"@type":"WebSite","@id":"https:\/\/business.roovi.com\/fr\/#website","url":"https:\/\/business.roovi.com\/fr\/","name":"Roovi B2B","description":"Roovi Business Website","potentialAction":[{"@type":"SearchAction","target":{"@type":"EntryPoint","urlTemplate":"https:\/\/business.roovi.com\/fr\/?s={search_term_string}"},"query-input":"required name=search_term_string"}],"inLanguage":"fr-FR"}]}},"_links":{"self":[{"href":"https:\/\/business.roovi.com\/fr\/wp-json\/wp\/v2\/product\/55092","targetHints":{"allow":["GET"]}}],"collection":[{"href":"https:\/\/business.roovi.com\/fr\/wp-json\/wp\/v2\/product"}],"about":[{"href":"https:\/\/business.roovi.com\/fr\/wp-json\/wp\/v2\/types\/product"}],"version-history":[{"count":0,"href":"https:\/\/business.roovi.com\/fr\/wp-json\/wp\/v2\/product\/55092\/revisions"}],"wp:featuredmedia":[{"embeddable":true,"href":"https:\/\/business.roovi.com\/fr\/wp-json\/wp\/v2\/media\/63083"}],"wp:attachment":[{"href":"https:\/\/business.roovi.com\/fr\/wp-json\/wp\/v2\/media?parent=55092"}],"wp:term":[{"taxonomy":"product_brand","embeddable":true,"href":"https:\/\/business.roovi.com\/fr\/wp-json\/wp\/v2\/product_brand?post=55092"},{"taxonomy":"product_cat","embeddable":true,"href":"https:\/\/business.roovi.com\/fr\/wp-json\/wp\/v2\/product_cat?post=55092"},{"taxonomy":"product_tag","embeddable":true,"href":"https:\/\/business.roovi.com\/fr\/wp-json\/wp\/v2\/product_tag?post=55092"}],"curies":[{"name":"wp","href":"https:\/\/api.w.org\/{rel}","templated":true}]}}