{"id":55094,"date":"2018-04-16T10:56:16","date_gmt":"2018-04-16T10:56:16","guid":{"rendered":"https:\/\/business.roovi.com\/puzzle-adulti-1000-piese-pierre-auguste-renoir-two-sisters-on-the-terrace\/p\/"},"modified":"2022-07-13T11:15:30","modified_gmt":"2022-07-13T11:15:30","slug":"puzzle-adulte-pierre-auguste-renoir-1000-pieces-deux-soeurs-sur-la-terrasse","status":"publish","type":"product","link":"https:\/\/business.roovi.com\/fr\/puzzle-adulte-pierre-auguste-renoir-1000-pieces-deux-soeurs-sur-la-terrasse\/p\/","title":{"rendered":"Puzzle adulte Pierre-Auguste Renoir 1000 pi\u00e8ces &#8211; Deux s\u0153urs (sur la terrasse)"},"content":{"rendered":"<p><span style=\"font-weight: 400;\">Ressens l&rsquo;\u00e9motion des \u0153uvres d&rsquo;art les plus c\u00e9l\u00e8bres gr\u00e2ce au puzzle de 1000 pi\u00e8ces de la collection de puzzles d&rsquo;art ! Reconstitue des images \u00e9tonnantes \u00e0 partir de puzzles pour adultes et cr\u00e9e des tableaux uniques qui donneront \u00e0 ta maison une touche de sophistication et d&rsquo;\u00e9l\u00e9gance.<\/span><\/p>\n<p><span style=\"font-weight: 400;\">Le ma\u00eetre Pierre-Auguste Renoir ne pouvait pas manquer dans la collection de puzzles d&rsquo;art. Le puzzle de 1000 pi\u00e8ces Deux s\u0153urs (sur la terrasse) capture l&rsquo;expression de la jeunesse et de l&rsquo;espoir dans le c\u00e9l\u00e8bre tableau de l&rsquo;artiste. Avec une habilet\u00e9 et un souci du d\u00e9tail exceptionnels, Renoir a cr\u00e9\u00e9 ce chef-d&rsquo;\u0153uvre de couleur et d&rsquo;\u00e9quilibre. Tu peux toi aussi avoir une r\u00e9plique \u00e9tonnamment similaire \u00e0 l&rsquo;original avec ce merveilleux puzzle de 1000 pi\u00e8ces Deux s\u0153urs sur la terrasse.<\/span><\/p>\n<p><span style=\"font-weight: 400;\">D\u00e9couvre les caract\u00e9ristiques du puzzle artistique Pierre-Auguste Renoir &#8211; Deux s\u0153urs (sur la terrasse) ci-dessous :<\/span><\/p>\n<p><strong>Taille de l&rsquo;image reconstitu\u00e9e : 50 x 70 cm<\/strong><span style=\"font-weight: 400;\">. Tu peux utiliser une table basse ordinaire pour recr\u00e9er le tableau.<\/span><\/p>\n<p><strong>Mat\u00e9riau du puzzle <\/strong><\/p>\n<p><strong>carton bleu de haute qualit\u00e9<\/strong><\/p>\n<p><strong>des mat\u00e9riaux durables et recyclables<\/strong><\/p>\n<p><strong>finition semi-brillante, couleurs vives<\/strong><\/p>\n<p><strong>Nombre de pi\u00e8ces de puzzle : 1000<\/strong><\/p>\n<p><strong>\u00c2ge recommand\u00e9 : 14+<\/strong><\/p>\n<p><strong>Quelles comp\u00e9tences les puzzles pour adultes d\u00e9veloppent-ils ?<\/strong><\/p>\n<p><span style=\"font-weight: 400;\">Les jeux de puzzle sont un excellent moyen de s&rsquo;amuser ainsi que d&rsquo;apprendre et de d\u00e9velopper des comp\u00e9tences telles que :<\/span><\/p>\n<p><strong>La capacit\u00e9 d&rsquo;accepter de nouveaux d\u00e9fis<\/strong><span style=\"font-weight: 400;\">. Beaucoup d&rsquo;entre nous sont r\u00e9ticents \u00e0 changer et \u00e0 relever de nouveaux d\u00e9fis. Les puzzles pour adultes te font sortir de ta zone de confort de mani\u00e8re relaxante, et tu ne sais jamais quand tu te retrouveras incapable de l\u00e2cher prise. Les d\u00e9fis sont donc accept\u00e9s naturellement, sans crainte de l&rsquo;\u00e9chec. Les jeux de r\u00e9flexion peuvent aussi t&rsquo;aider \u00e0 apprendre \u00e0 g\u00e9rer plus facilement les situations difficiles et \u00e0 g\u00e9rer la frustration.<\/span><\/p>\n<p><strong>Fais attention aux d\u00e9tails <\/strong><span style=\"font-weight: 400;\">Lorsque tu regardes pour la premi\u00e8re fois les centaines de pi\u00e8ces d&rsquo;un puzzle de 1000 pi\u00e8ces, tu as l&rsquo;impression qu&rsquo;il n&rsquo;y a rien pour les distinguer. En retravaillant de plus en plus d&rsquo;images, ce sens du d\u00e9tail se d\u00e9veloppe et tu remarqueras m\u00eame les plus fines nuances de couleurs ou les formes des 1000 pi\u00e8ces du puzzle. Cette comp\u00e9tence est utile dans de nombreuses activit\u00e9s quotidiennes et tu profiteras de petits succ\u00e8s quotidiens en l&rsquo;am\u00e9liorant.<\/span><\/p>\n<p><strong>Pers\u00e9v\u00e9rance.<\/strong><span style=\"font-weight: 400;\"> Il n&rsquo;est pas facile de recr\u00e9er des images \u00e0 partir de puzzles de 1000 pi\u00e8ces, mais une fois que la passion t&rsquo;a pris, tu n&rsquo;abandonneras pas jusqu&rsquo;\u00e0 ce que l&rsquo;image soit compl\u00e8te. Tu exerceras ta pers\u00e9v\u00e9rance et feras de m\u00eame dans d&rsquo;autres situations de la vie.<\/span><\/p>\n<p><strong>Esprit d&rsquo;\u00e9quipe <\/strong><span style=\"font-weight: 400;\">Les jeux de puzzle peuvent \u00eatre jou\u00e9s en famille ou avec des amis. L\u00e0 o\u00f9 il y en a beaucoup, le pouvoir augmente, et lorsqu&rsquo;on r\u00e9sout un puzzle de 1000 pi\u00e8ces, plus il y a de personnes impliqu\u00e9es, plus les chances de terminer le jeu de puzzle plus rapidement sont grandes. Le jeu de puzzle en \u00e9quipe te met en position de communiquer et de collaborer avec d&rsquo;autres partenaires, et la joie collective \u00e0 la fin est d&rsquo;autant plus grande lorsqu&rsquo;elle est partag\u00e9e avec des proches <\/span><\/p>\n<p><strong>\u00c0 propos de Renoir et de la <\/strong><strong><em>Deux s\u0153urs <\/em><\/strong><strong>savais-tu que&#8230;<\/strong><\/p>\n<p><span style=\"font-weight: 400;\">En r\u00e9alit\u00e9, les deux filles du tableau n&rsquo;\u00e9taient pas des s\u0153urs.<\/span><\/p>\n<p><span style=\"font-weight: 400;\">Le nom du tableau a \u00e9t\u00e9 donn\u00e9 par le marchand de Renoir<\/span> <span style=\"font-weight: 400;\">qui a expos\u00e9 le tableau \u00e0 l&rsquo;exposition impressionniste de 1882.<\/span><\/p>\n<p><span style=\"font-weight: 400;\">Renoir a eu une longue carri\u00e8re dans l&rsquo;art, presque 60 ans, et a peint jusqu&rsquo;au dernier moment de sa vie.<\/span><\/p>\n<p><span style=\"font-weight: 400;\">Certains critiques le consid\u00e8rent comme le plus grand portraitiste de tous les temps <\/span><\/p>\n<p><span style=\"font-weight: 400;\">Il a \u00e9t\u00e9 appel\u00e9 <\/span><em><span style=\"font-weight: 400;\">\u00ab\u00a0<\/span><\/em><em><span style=\"font-weight: 400;\">le dernier repr\u00e9sentant d&rsquo;une tradition qui va directement de Rubens \u00e0 Watteau<\/span><\/em><em><span style=\"font-weight: 400;\">\u00ab\u00a0.<\/span><\/em><\/p>\n<p><strong>Les puzzles d&rsquo;art d\u00e9veloppent ton sens esth\u00e9tique<\/strong><\/p>\n<p><span style=\"font-weight: 400;\">Retravailler les images dans les puzzles artistiques est une occasion de se d\u00e9tendre et d&rsquo;apprendre. Les puzzles d&rsquo;art sont une porte d&rsquo;entr\u00e9e vers la beaut\u00e9 et t&rsquo;encouragent \u00e0 d\u00e9couvrir davantage d&rsquo;\u0153uvres d&rsquo;art ou la vie d&rsquo;artistes c\u00e9l\u00e8bres dont les tableaux sont rest\u00e9s immortels \u00e0 travers l&rsquo;histoire.<\/span><\/p>\n<p><strong>Les puzzles d&rsquo;art embellissent ta maison<\/strong><\/p>\n<p><span style=\"font-weight: 400;\">Assemble les puzzles d&rsquo;art, encadre la photo et tu auras un tableau sp\u00e9cial qui donnera \u00e0 ta maison une touche d&rsquo;\u00e9l\u00e9gance et de sophistication. D\u00e9couvre dans notre collection de puzzles d&rsquo;art des images de tableaux c\u00e9l\u00e8bres de toutes les p\u00e9riodes de cr\u00e9ation, de la Renaissance \u00e0 la p\u00e9riode contemporaine, s\u00e9lectionne tes puzzles de 1000 pi\u00e8ces pr\u00e9f\u00e9r\u00e9s et cr\u00e9e ta propre collection d&rsquo;art.<\/span><\/p>\n<p><span style=\"font-weight: 400;\">Achetez maintenant des puzzles de 1000 pi\u00e8ces Pierre-Auguste Renoir &#8211; Deux s\u0153urs (sur la terrasse) et assemblez un tableau plein de beaut\u00e9 et de sensualit\u00e9. Ce merveilleux puzzle d&rsquo;art peut \u00eatre un merveilleux cadeau \u00e0 offrir aux proches \u00e0 l&rsquo;occasion d&rsquo;un anniversaire.<\/span><\/p>\n","protected":false},"excerpt":{"rendered":"<p>Ressens l&rsquo;\u00e9motion des \u0153uvres d&rsquo;art les plus c\u00e9l\u00e8bres gr\u00e2ce au puzzle de 1000 pi\u00e8ces de la collection de puzzles d&rsquo;art<\/p>\n","protected":false},"featured_media":62971,"template":"","meta":[],"product_brand":[],"product_cat":[2314,2316,2315],"product_tag":[],"class_list":{"0":"post-55094","1":"product","2":"type-product","3":"status-publish","4":"has-post-thumbnail","6":"product_cat-puzzles-fr","7":"product_cat-puzzles-de-1000-pieces","8":"product_cat-puzzles-pour-adultes","9":"pa_bax-10-fr","10":"pa_brand-d_toys-fr","11":"pa_country_of_manufacture-ro-fr","12":"pa_filter_age-14-fr","13":"pa_painter-pierreaugusterenoir-fr","14":"pa_tip_ambalaj-boite","15":"pa_tip_puzzle-classique","17":"first","18":"instock","19":"taxable","20":"shipping-taxable","21":"product-type-simple"},"yoast_head":"<!-- This site is optimized with the Yoast SEO plugin v20.1 - https:\/\/yoast.com\/wordpress\/plugins\/seo\/ -->\n<title>Puzzle adulte Pierre-Auguste Renoir 1000 pi\u00e8ces - Deux s\u0153urs (sur la terrasse)<\/title>\n<meta name=\"description\" content=\"Puzzle adulte Pierre-Auguste Renoir 1000 pi\u00e8ces - Deux s\u0153urs (sur la terrasse)\" \/>\n<meta name=\"robots\" content=\"index, follow, max-snippet:-1, max-image-preview:large, max-video-preview:-1\" \/>\n<link rel=\"canonical\" href=\"https:\/\/business.roovi.com\/fr\/puzzle-adulte-pierre-auguste-renoir-1000-pieces-deux-soeurs-sur-la-terrasse\/p\/\" \/>\n<meta property=\"og:locale\" content=\"fr_FR\" \/>\n<meta property=\"og:type\" content=\"article\" \/>\n<meta property=\"og:title\" content=\"Puzzle adulte Pierre-Auguste Renoir 1000 pi\u00e8ces - Deux s\u0153urs (sur la terrasse)\" \/>\n<meta property=\"og:description\" content=\"Puzzle adulte Pierre-Auguste Renoir 1000 pi\u00e8ces - Deux s\u0153urs (sur la terrasse)\" \/>\n<meta property=\"og:url\" content=\"https:\/\/business.roovi.com\/fr\/puzzle-adulte-pierre-auguste-renoir-1000-pieces-deux-soeurs-sur-la-terrasse\/p\/\" \/>\n<meta property=\"og:site_name\" content=\"Roovi B2B\" \/>\n<meta property=\"article:publisher\" content=\"https:\/\/www.facebook.com\/wwwjucariero\" \/>\n<meta property=\"article:modified_time\" content=\"2022-07-13T11:15:30+00:00\" \/>\n<meta property=\"og:image\" content=\"https:\/\/business.roovi.com\/wp-content\/uploads\/2018\/04\/66909-01_ansamblu_dimensiuni_cutie_cm_1200x1200.png\" \/>\n\t<meta property=\"og:image:width\" content=\"1200\" \/>\n\t<meta property=\"og:image:height\" content=\"1200\" \/>\n\t<meta property=\"og:image:type\" content=\"image\/png\" \/>\n<meta name=\"twitter:label1\" content=\"Dur\u00e9e de lecture estim\u00e9e\" \/>\n\t<meta name=\"twitter:data1\" content=\"4 minutes\" \/>\n<script type=\"application\/ld+json\" class=\"yoast-schema-graph\">{\"@context\":\"https:\/\/schema.org\",\"@graph\":[{\"@type\":\"WebPage\",\"@id\":\"https:\/\/business.roovi.com\/fr\/puzzle-adulte-pierre-auguste-renoir-1000-pieces-deux-soeurs-sur-la-terrasse\/p\/\",\"url\":\"https:\/\/business.roovi.com\/fr\/puzzle-adulte-pierre-auguste-renoir-1000-pieces-deux-soeurs-sur-la-terrasse\/p\/\",\"name\":\"Puzzle adulte Pierre-Auguste Renoir 1000 pi\u00e8ces - Deux s\u0153urs (sur la terrasse)\",\"isPartOf\":{\"@id\":\"https:\/\/business.roovi.com\/fr\/#website\"},\"datePublished\":\"2018-04-16T10:56:16+00:00\",\"dateModified\":\"2022-07-13T11:15:30+00:00\",\"description\":\"Puzzle adulte Pierre-Auguste Renoir 1000 pi\u00e8ces - Deux s\u0153urs (sur la terrasse)\",\"breadcrumb\":{\"@id\":\"https:\/\/business.roovi.com\/fr\/puzzle-adulte-pierre-auguste-renoir-1000-pieces-deux-soeurs-sur-la-terrasse\/p\/#breadcrumb\"},\"inLanguage\":\"fr-FR\",\"potentialAction\":[{\"@type\":\"ReadAction\",\"target\":[\"https:\/\/business.roovi.com\/fr\/puzzle-adulte-pierre-auguste-renoir-1000-pieces-deux-soeurs-sur-la-terrasse\/p\/\"]}]},{\"@type\":\"BreadcrumbList\",\"@id\":\"https:\/\/business.roovi.com\/fr\/puzzle-adulte-pierre-auguste-renoir-1000-pieces-deux-soeurs-sur-la-terrasse\/p\/#breadcrumb\",\"itemListElement\":[{\"@type\":\"ListItem\",\"position\":1,\"name\":\"Home\",\"item\":\"https:\/\/business.roovi.com\/fr\/\"},{\"@type\":\"ListItem\",\"position\":2,\"name\":\"Boutique\",\"item\":\"https:\/\/business.roovi.com\/fr\/boutique\/\"},{\"@type\":\"ListItem\",\"position\":3,\"name\":\"Puzzle adulte Pierre-Auguste Renoir 1000 pi\u00e8ces &#8211; Deux s\u0153urs (sur la terrasse)\"}]},{\"@type\":\"WebSite\",\"@id\":\"https:\/\/business.roovi.com\/fr\/#website\",\"url\":\"https:\/\/business.roovi.com\/fr\/\",\"name\":\"Roovi B2B\",\"description\":\"Roovi Business Website\",\"potentialAction\":[{\"@type\":\"SearchAction\",\"target\":{\"@type\":\"EntryPoint\",\"urlTemplate\":\"https:\/\/business.roovi.com\/fr\/?s={search_term_string}\"},\"query-input\":\"required name=search_term_string\"}],\"inLanguage\":\"fr-FR\"}]}<\/script>\n<!-- \/ Yoast SEO plugin. -->","yoast_head_json":{"title":"Puzzle adulte Pierre-Auguste Renoir 1000 pi\u00e8ces - Deux s\u0153urs (sur la terrasse)","description":"Puzzle adulte Pierre-Auguste Renoir 1000 pi\u00e8ces - Deux s\u0153urs (sur la terrasse)","robots":{"index":"index","follow":"follow","max-snippet":"max-snippet:-1","max-image-preview":"max-image-preview:large","max-video-preview":"max-video-preview:-1"},"canonical":"https:\/\/business.roovi.com\/fr\/puzzle-adulte-pierre-auguste-renoir-1000-pieces-deux-soeurs-sur-la-terrasse\/p\/","og_locale":"fr_FR","og_type":"article","og_title":"Puzzle adulte Pierre-Auguste Renoir 1000 pi\u00e8ces - Deux s\u0153urs (sur la terrasse)","og_description":"Puzzle adulte Pierre-Auguste Renoir 1000 pi\u00e8ces - Deux s\u0153urs (sur la terrasse)","og_url":"https:\/\/business.roovi.com\/fr\/puzzle-adulte-pierre-auguste-renoir-1000-pieces-deux-soeurs-sur-la-terrasse\/p\/","og_site_name":"Roovi B2B","article_publisher":"https:\/\/www.facebook.com\/wwwjucariero","article_modified_time":"2022-07-13T11:15:30+00:00","og_image":[{"width":1200,"height":1200,"url":"https:\/\/business.roovi.com\/wp-content\/uploads\/2018\/04\/66909-01_ansamblu_dimensiuni_cutie_cm_1200x1200.png","type":"image\/png"}],"twitter_misc":{"Dur\u00e9e de lecture estim\u00e9e":"4 minutes"},"schema":{"@context":"https:\/\/schema.org","@graph":[{"@type":"WebPage","@id":"https:\/\/business.roovi.com\/fr\/puzzle-adulte-pierre-auguste-renoir-1000-pieces-deux-soeurs-sur-la-terrasse\/p\/","url":"https:\/\/business.roovi.com\/fr\/puzzle-adulte-pierre-auguste-renoir-1000-pieces-deux-soeurs-sur-la-terrasse\/p\/","name":"Puzzle adulte Pierre-Auguste Renoir 1000 pi\u00e8ces - Deux s\u0153urs (sur la terrasse)","isPartOf":{"@id":"https:\/\/business.roovi.com\/fr\/#website"},"datePublished":"2018-04-16T10:56:16+00:00","dateModified":"2022-07-13T11:15:30+00:00","description":"Puzzle adulte Pierre-Auguste Renoir 1000 pi\u00e8ces - Deux s\u0153urs (sur la terrasse)","breadcrumb":{"@id":"https:\/\/business.roovi.com\/fr\/puzzle-adulte-pierre-auguste-renoir-1000-pieces-deux-soeurs-sur-la-terrasse\/p\/#breadcrumb"},"inLanguage":"fr-FR","potentialAction":[{"@type":"ReadAction","target":["https:\/\/business.roovi.com\/fr\/puzzle-adulte-pierre-auguste-renoir-1000-pieces-deux-soeurs-sur-la-terrasse\/p\/"]}]},{"@type":"BreadcrumbList","@id":"https:\/\/business.roovi.com\/fr\/puzzle-adulte-pierre-auguste-renoir-1000-pieces-deux-soeurs-sur-la-terrasse\/p\/#breadcrumb","itemListElement":[{"@type":"ListItem","position":1,"name":"Home","item":"https:\/\/business.roovi.com\/fr\/"},{"@type":"ListItem","position":2,"name":"Boutique","item":"https:\/\/business.roovi.com\/fr\/boutique\/"},{"@type":"ListItem","position":3,"name":"Puzzle adulte Pierre-Auguste Renoir 1000 pi\u00e8ces &#8211; Deux s\u0153urs (sur la terrasse)"}]},{"@type":"WebSite","@id":"https:\/\/business.roovi.com\/fr\/#website","url":"https:\/\/business.roovi.com\/fr\/","name":"Roovi B2B","description":"Roovi Business Website","potentialAction":[{"@type":"SearchAction","target":{"@type":"EntryPoint","urlTemplate":"https:\/\/business.roovi.com\/fr\/?s={search_term_string}"},"query-input":"required name=search_term_string"}],"inLanguage":"fr-FR"}]}},"_links":{"self":[{"href":"https:\/\/business.roovi.com\/fr\/wp-json\/wp\/v2\/product\/55094","targetHints":{"allow":["GET"]}}],"collection":[{"href":"https:\/\/business.roovi.com\/fr\/wp-json\/wp\/v2\/product"}],"about":[{"href":"https:\/\/business.roovi.com\/fr\/wp-json\/wp\/v2\/types\/product"}],"version-history":[{"count":0,"href":"https:\/\/business.roovi.com\/fr\/wp-json\/wp\/v2\/product\/55094\/revisions"}],"wp:featuredmedia":[{"embeddable":true,"href":"https:\/\/business.roovi.com\/fr\/wp-json\/wp\/v2\/media\/62971"}],"wp:attachment":[{"href":"https:\/\/business.roovi.com\/fr\/wp-json\/wp\/v2\/media?parent=55094"}],"wp:term":[{"taxonomy":"product_brand","embeddable":true,"href":"https:\/\/business.roovi.com\/fr\/wp-json\/wp\/v2\/product_brand?post=55094"},{"taxonomy":"product_cat","embeddable":true,"href":"https:\/\/business.roovi.com\/fr\/wp-json\/wp\/v2\/product_cat?post=55094"},{"taxonomy":"product_tag","embeddable":true,"href":"https:\/\/business.roovi.com\/fr\/wp-json\/wp\/v2\/product_tag?post=55094"}],"curies":[{"name":"wp","href":"https:\/\/api.w.org\/{rel}","templated":true}]}}