{"id":55096,"date":"2018-04-16T10:56:16","date_gmt":"2018-04-16T10:56:16","guid":{"rendered":"https:\/\/business.roovi.com\/puzzle-adulti-vincent-van-gogh-sunflowersfloarea-soarelui-1000-piese\/p\/"},"modified":"2022-07-13T11:15:36","modified_gmt":"2022-07-13T11:15:36","slug":"vincent-van-gogh-puzzle-adulte-1000-pieces-tournesols-sunflowers","status":"publish","type":"product","link":"https:\/\/business.roovi.com\/fr\/vincent-van-gogh-puzzle-adulte-1000-pieces-tournesols-sunflowers\/p\/","title":{"rendered":"Vincent van Gogh Puzzle Adulte 1000 pi\u00e8ces &#8211; Tournesols\/Sunflowers"},"content":{"rendered":"<p><span style=\"font-weight: 400;\">Savais-tu que L\u00e9onard de Vinci voulait trouver l&rsquo;endroit du corps humain o\u00f9 r\u00e9side l&rsquo;\u00e2me ? Ou que Van Gogh serait un illustre inconnu de son vivant ? Le monde de l&rsquo;art cache de nombreux autres faits int\u00e9ressants ainsi que des images immortelles. Notre collection de puzzles d&rsquo;art r\u00e9v\u00e8le la beaut\u00e9 des couleurs et t&#8217;emm\u00e8ne dans le monde des peintres c\u00e9l\u00e8bres avec leurs secrets et leurs curiosit\u00e9s <\/span><\/p>\n<p><span style=\"font-weight: 400;\">La collection de puzzles d&rsquo;art comprend \u00e9galement le puzzle de 1000 pi\u00e8ces <\/span><span style=\"font-weight: 400;\">Vincent van Gogh\/Sunflower, un produit exceptionnel repr\u00e9sentant le c\u00e9l\u00e8bre tableau du grand artiste. Van Gogh voulait entrer dans l&rsquo;histoire comme le peintre du tournesol auquel l&rsquo;artiste s&rsquo;est identifi\u00e9 toute sa vie. Le tournesol est une expression de gratitude, et la couleur jaune dans laquelle il est peint repr\u00e9sente l&rsquo;amiti\u00e9 et l&rsquo;espoir. En fait, le tableau a d\u00e9cor\u00e9 la chambre d&rsquo;amis dans laquelle Van Gogh a re\u00e7u son ami Paul Gauguin <\/span><\/p>\n<p><span style=\"font-weight: 400;\">Apporte une touche d&rsquo;optimisme, de couleur et de sophistication dans ta maison avec ce joli tableau puzzle de 1000 pi\u00e8ces. Installe-toi confortablement devant la table basse de ton salon et mets-toi au travail ! Tu obtiendras une photo de 50 x 70 cm.<\/span><\/p>\n<p><span style=\"font-weight: 400;\">Voici d&rsquo;autres caract\u00e9ristiques de ce merveilleux puzzle Vincent Van Gogh &#8211; Tournesol de 1000 pi\u00e8ces :<\/span><\/p>\n<p><strong>Mat\u00e9riau du puzzle <\/strong><\/p>\n<p><strong>carton bleu de haute qualit\u00e9<\/strong><\/p>\n<p><strong>des mat\u00e9riaux durables et recyclables<\/strong><\/p>\n<p><strong>finition semi-brillante, couleurs vives<\/strong><\/p>\n<p><strong>Nombre de pi\u00e8ces de puzzle : 1000<\/strong><\/p>\n<p><strong>\u00c2ge recommand\u00e9 : 14+<\/strong><\/p>\n<p><strong>Am\u00e9liore tes capacit\u00e9s cognitives en compl\u00e9tant des puzzles de 1000 pi\u00e8ces tous les jours !<\/strong><\/p>\n<p><span style=\"font-weight: 400;\">Le raisonnement spatial visuel est la capacit\u00e9 \u00e0 d\u00e9terminer la position des objets, des formes et des relations spatiales entre eux. Ces comp\u00e9tences sont essentielles pour le sens de l&rsquo;orientation, la planification motrice, les math\u00e9matiques et bien plus encore.<\/span><\/p>\n<p><span style=\"font-weight: 400;\">Fais des puzzles pour adultes tous les jours pendant au moins 30 minutes et tu verras que tu am\u00e9lioreras sensiblement cette comp\u00e9tence <\/span><\/p>\n<p><span style=\"font-weight: 400;\">En plus de cet avantage, tu trouveras \u00e9galement :<\/span><\/p>\n<p><strong>Am\u00e9lioration de la m\u00e9moire.<\/strong><\/p>\n<p><strong>D\u00e9veloppe les comp\u00e9tences en mati\u00e8re de r\u00e9solution de probl\u00e8mes.<\/strong><\/p>\n<p><strong>Am\u00e9lioration de l&rsquo;attention.<\/strong><\/p>\n<p><strong>D\u00e9veloppe ta capacit\u00e9 \u00e0 r\u00e9fl\u00e9chir rapidement.<\/strong><\/p>\n<p><strong>Vincent Van Gogh &#8211; un grand artiste marqu\u00e9 par un destin tragique<\/strong><\/p>\n<p><span style=\"font-weight: 400;\">Van Gogh n&rsquo;a pas connu la c\u00e9l\u00e9brit\u00e9 de son vivant. Mais il a v\u00e9cu pour peindre et a laiss\u00e9 derri\u00e8re lui un h\u00e9ritage artistique fantastique.<\/span><\/p>\n<p><span style=\"font-weight: 400;\">On dit qu&rsquo;il a souffert d&rsquo;hypergraphie &#8211; une maladie qui te pousse \u00e0 \u00e9crire sans cesse &#8211; et cela expliquerait le volume consid\u00e9rable d&rsquo;\u0153uvres qu&rsquo;il a produites au cours d&rsquo;une vie si courte : plus de 2 000 \u0153uvres d&rsquo;art, quelque 900 peintures et 1 100 dessins et croquis.<\/span><\/p>\n<p><span style=\"font-weight: 400;\">Il a nourri les pauvres, s&rsquo;est automutil\u00e9 en se coupant le lobe de l&rsquo;oreille et s&rsquo;est tir\u00e9 une balle \u00e0 37 ans.<\/span><\/p>\n<p><span style=\"font-weight: 400;\">Il avait de gros probl\u00e8mes d&rsquo;estime de soi. Il se consid\u00e9rait comme sans talent et pensait que tout son travail \u00e9tait un \u00e9chec <\/span><\/p>\n<p><span style=\"font-weight: 400;\">Il semble que durant sa vie, il n&rsquo;ait vendu qu&rsquo;un seul tableau &#8211; <\/span><span style=\"font-weight: 400;\">\u00ab\u00a0The Red Vineyard\u00a0\u00bb, pour seulement 400 francs. \u00c0 titre de comparaison, en 1990, son tableau, <strong>Portrait du Dr Gachet<\/strong>, s&rsquo;est vendu pour la somme fabuleuse de 82,5 millions de dollars.<\/span><\/p>\n<p><strong>Van Gogh et le tournesol : 3 choses que tu ne savais pas<\/strong><\/p>\n<ol>\n<li><span style=\"font-weight: 400;\"> L&rsquo;artiste savait que ses peintures de tournesols \u00e9taient sp\u00e9ciales, mais son d\u00e9sir d&rsquo;\u00eatre associ\u00e9 \u00e0 elles ne s&rsquo;est r\u00e9alis\u00e9 qu&rsquo;apr\u00e8s sa mort. \u00c0 ses fun\u00e9railles, tous les gens lui ont apport\u00e9 des tournesols en guise de dernier hommage, et cette fleur est ensuite devenue synonyme de son nom.<\/span><\/li>\n<li><span style=\"font-weight: 400;\"> Le vase contient 5 peintures de tournesols, qui sont toutes conserv\u00e9es dans des mus\u00e9es du monde entier, d&rsquo;Amsterdam \u00e0 Tokyo. Il semble que le peintre ait en fait peint 7 tableaux, dont l&rsquo;un a \u00e9t\u00e9 perdu pendant la Seconde Guerre mondiale, et un autre appartient \u00e0 une personne anonyme.<\/span><\/li>\n<li><span style=\"font-weight: 400;\"> En peignant des Tournesols, l&rsquo;artiste exp\u00e9rimentait en fait des couleurs, dont le jaune chrome. Van Gogh a exp\u00e9riment\u00e9 des contrastes de couleurs de plus en plus extr\u00eames. \u00c0 l&rsquo;\u00e9poque, on ne savait pas que sous l&rsquo;influence des rayons ultraviolets, cette couleur s&rsquo;assombrissait. C&rsquo;est pourquoi beaucoup de ses peintures ont une teinte plus fonc\u00e9e alors qu&rsquo;elles auraient d\u00fb \u00eatre dor\u00e9es.<\/span><\/li>\n<\/ol>\n<p><strong>Les puzzles de 1000 pi\u00e8ces de la collection de puzzles d&rsquo;art ouvrent un monde de raffinement<\/strong><\/p>\n<p><span style=\"font-weight: 400;\">Recr\u00e9er une peinture \u00e9tablie \u00e0 partir d&rsquo;un jeu de puzzle est une exp\u00e9rience unique qui t&#8217;emm\u00e8ne dans une autre dimension. C&rsquo;est comme une bouff\u00e9e d&rsquo;air frais que tu prends en mettant ton quotidien tr\u00e9pidant sur pause. Ose, exp\u00e9rimente, r\u00eave !.. <\/span><\/p>\n<p><strong>Obtiens un objet d\u00e9coratif sp\u00e9cial d&rsquo;un puzzle d&rsquo;art<\/strong><\/p>\n<p><span style=\"font-weight: 400;\">Recr\u00e9er une belle image n&rsquo;est pas seulement une activit\u00e9 relaxante ou une passerelle vers un monde paisible. Cela t&rsquo;apporte aussi la satisfaction d&rsquo;avoir ta propre cr\u00e9ation \u00e0 admirer \u00e0 tout moment et de d\u00e9corer ta pi\u00e8ce pr\u00e9f\u00e9r\u00e9e avec <\/span><\/p>\n<p><span style=\"font-weight: 400;\">Profite de tous les avantages que t&rsquo;apporte un puzzle d&rsquo;art en achetant ce merveilleux puzzle de 1000 pi\u00e8ces de Vincent Van Gogh &#8211; Tournesol. Enrichis ta collection avec un puzzle de 1000 pi\u00e8ces ou offre ce merveilleux ensemble de puzzle en cadeau.<\/span><\/p><\/p>\n","protected":false},"excerpt":{"rendered":"<p>Savais-tu que L\u00e9onard de Vinci voulait trouver l&rsquo;endroit du corps humain o\u00f9 r\u00e9side l&rsquo;\u00e2me ? Ou que Van Gogh serait<\/p>\n","protected":false},"featured_media":62917,"template":"","meta":[],"product_brand":[],"product_cat":[2314,2316,2315],"product_tag":[],"class_list":{"0":"post-55096","1":"product","2":"type-product","3":"status-publish","4":"has-post-thumbnail","6":"product_cat-puzzles-fr","7":"product_cat-puzzles-de-1000-pieces","8":"product_cat-puzzles-pour-adultes","9":"pa_bax-10-fr","10":"pa_brand-d_toys-fr","11":"pa_country_of_manufacture-ro-fr","12":"pa_filter_age-14-fr","13":"pa_painter-vincentvangogh-fr","14":"pa_tip_ambalaj-boite","15":"pa_tip_puzzle-classique","17":"first","18":"instock","19":"taxable","20":"shipping-taxable","21":"product-type-simple"},"yoast_head":"<!-- This site is optimized with the Yoast SEO plugin v20.1 - https:\/\/yoast.com\/wordpress\/plugins\/seo\/ -->\n<title>Vincent van Gogh Puzzle Adulte 1000 pi\u00e8ces - Tournesols\/Sunflowers<\/title>\n<meta name=\"description\" content=\"Vincent van Gogh Puzzle Adulte 1000 pi\u00e8ces - Tournesols\/Sunflowers\" \/>\n<meta name=\"robots\" content=\"index, follow, max-snippet:-1, max-image-preview:large, max-video-preview:-1\" \/>\n<link rel=\"canonical\" href=\"https:\/\/business.roovi.com\/fr\/vincent-van-gogh-puzzle-adulte-1000-pieces-tournesols-sunflowers\/p\/\" \/>\n<meta property=\"og:locale\" content=\"fr_FR\" \/>\n<meta property=\"og:type\" content=\"article\" \/>\n<meta property=\"og:title\" content=\"Vincent van Gogh Puzzle Adulte 1000 pi\u00e8ces - Tournesols\/Sunflowers\" \/>\n<meta property=\"og:description\" content=\"Vincent van Gogh Puzzle Adulte 1000 pi\u00e8ces - Tournesols\/Sunflowers\" \/>\n<meta property=\"og:url\" content=\"https:\/\/business.roovi.com\/fr\/vincent-van-gogh-puzzle-adulte-1000-pieces-tournesols-sunflowers\/p\/\" \/>\n<meta property=\"og:site_name\" content=\"Roovi B2B\" \/>\n<meta property=\"article:publisher\" content=\"https:\/\/www.facebook.com\/wwwjucariero\" \/>\n<meta property=\"article:modified_time\" content=\"2022-07-13T11:15:36+00:00\" \/>\n<meta property=\"og:image\" content=\"https:\/\/business.roovi.com\/wp-content\/uploads\/2018\/04\/66916-01_ansamblu_dimensiuni_cutie_cm.png\" \/>\n\t<meta property=\"og:image:width\" content=\"1200\" \/>\n\t<meta property=\"og:image:height\" content=\"1200\" \/>\n\t<meta property=\"og:image:type\" content=\"image\/png\" \/>\n<meta name=\"twitter:label1\" content=\"Dur\u00e9e de lecture estim\u00e9e\" \/>\n\t<meta name=\"twitter:data1\" content=\"4 minutes\" \/>\n<script type=\"application\/ld+json\" class=\"yoast-schema-graph\">{\"@context\":\"https:\/\/schema.org\",\"@graph\":[{\"@type\":\"WebPage\",\"@id\":\"https:\/\/business.roovi.com\/fr\/vincent-van-gogh-puzzle-adulte-1000-pieces-tournesols-sunflowers\/p\/\",\"url\":\"https:\/\/business.roovi.com\/fr\/vincent-van-gogh-puzzle-adulte-1000-pieces-tournesols-sunflowers\/p\/\",\"name\":\"Vincent van Gogh Puzzle Adulte 1000 pi\u00e8ces - Tournesols\/Sunflowers\",\"isPartOf\":{\"@id\":\"https:\/\/business.roovi.com\/fr\/#website\"},\"datePublished\":\"2018-04-16T10:56:16+00:00\",\"dateModified\":\"2022-07-13T11:15:36+00:00\",\"description\":\"Vincent van Gogh Puzzle Adulte 1000 pi\u00e8ces - Tournesols\/Sunflowers\",\"breadcrumb\":{\"@id\":\"https:\/\/business.roovi.com\/fr\/vincent-van-gogh-puzzle-adulte-1000-pieces-tournesols-sunflowers\/p\/#breadcrumb\"},\"inLanguage\":\"fr-FR\",\"potentialAction\":[{\"@type\":\"ReadAction\",\"target\":[\"https:\/\/business.roovi.com\/fr\/vincent-van-gogh-puzzle-adulte-1000-pieces-tournesols-sunflowers\/p\/\"]}]},{\"@type\":\"BreadcrumbList\",\"@id\":\"https:\/\/business.roovi.com\/fr\/vincent-van-gogh-puzzle-adulte-1000-pieces-tournesols-sunflowers\/p\/#breadcrumb\",\"itemListElement\":[{\"@type\":\"ListItem\",\"position\":1,\"name\":\"Home\",\"item\":\"https:\/\/business.roovi.com\/fr\/\"},{\"@type\":\"ListItem\",\"position\":2,\"name\":\"Boutique\",\"item\":\"https:\/\/business.roovi.com\/fr\/boutique\/\"},{\"@type\":\"ListItem\",\"position\":3,\"name\":\"Vincent van Gogh Puzzle Adulte 1000 pi\u00e8ces &#8211; Tournesols\/Sunflowers\"}]},{\"@type\":\"WebSite\",\"@id\":\"https:\/\/business.roovi.com\/fr\/#website\",\"url\":\"https:\/\/business.roovi.com\/fr\/\",\"name\":\"Roovi B2B\",\"description\":\"Roovi Business Website\",\"potentialAction\":[{\"@type\":\"SearchAction\",\"target\":{\"@type\":\"EntryPoint\",\"urlTemplate\":\"https:\/\/business.roovi.com\/fr\/?s={search_term_string}\"},\"query-input\":\"required name=search_term_string\"}],\"inLanguage\":\"fr-FR\"}]}<\/script>\n<!-- \/ Yoast SEO plugin. -->","yoast_head_json":{"title":"Vincent van Gogh Puzzle Adulte 1000 pi\u00e8ces - Tournesols\/Sunflowers","description":"Vincent van Gogh Puzzle Adulte 1000 pi\u00e8ces - Tournesols\/Sunflowers","robots":{"index":"index","follow":"follow","max-snippet":"max-snippet:-1","max-image-preview":"max-image-preview:large","max-video-preview":"max-video-preview:-1"},"canonical":"https:\/\/business.roovi.com\/fr\/vincent-van-gogh-puzzle-adulte-1000-pieces-tournesols-sunflowers\/p\/","og_locale":"fr_FR","og_type":"article","og_title":"Vincent van Gogh Puzzle Adulte 1000 pi\u00e8ces - Tournesols\/Sunflowers","og_description":"Vincent van Gogh Puzzle Adulte 1000 pi\u00e8ces - Tournesols\/Sunflowers","og_url":"https:\/\/business.roovi.com\/fr\/vincent-van-gogh-puzzle-adulte-1000-pieces-tournesols-sunflowers\/p\/","og_site_name":"Roovi B2B","article_publisher":"https:\/\/www.facebook.com\/wwwjucariero","article_modified_time":"2022-07-13T11:15:36+00:00","og_image":[{"width":1200,"height":1200,"url":"https:\/\/business.roovi.com\/wp-content\/uploads\/2018\/04\/66916-01_ansamblu_dimensiuni_cutie_cm.png","type":"image\/png"}],"twitter_misc":{"Dur\u00e9e de lecture estim\u00e9e":"4 minutes"},"schema":{"@context":"https:\/\/schema.org","@graph":[{"@type":"WebPage","@id":"https:\/\/business.roovi.com\/fr\/vincent-van-gogh-puzzle-adulte-1000-pieces-tournesols-sunflowers\/p\/","url":"https:\/\/business.roovi.com\/fr\/vincent-van-gogh-puzzle-adulte-1000-pieces-tournesols-sunflowers\/p\/","name":"Vincent van Gogh Puzzle Adulte 1000 pi\u00e8ces - Tournesols\/Sunflowers","isPartOf":{"@id":"https:\/\/business.roovi.com\/fr\/#website"},"datePublished":"2018-04-16T10:56:16+00:00","dateModified":"2022-07-13T11:15:36+00:00","description":"Vincent van Gogh Puzzle Adulte 1000 pi\u00e8ces - Tournesols\/Sunflowers","breadcrumb":{"@id":"https:\/\/business.roovi.com\/fr\/vincent-van-gogh-puzzle-adulte-1000-pieces-tournesols-sunflowers\/p\/#breadcrumb"},"inLanguage":"fr-FR","potentialAction":[{"@type":"ReadAction","target":["https:\/\/business.roovi.com\/fr\/vincent-van-gogh-puzzle-adulte-1000-pieces-tournesols-sunflowers\/p\/"]}]},{"@type":"BreadcrumbList","@id":"https:\/\/business.roovi.com\/fr\/vincent-van-gogh-puzzle-adulte-1000-pieces-tournesols-sunflowers\/p\/#breadcrumb","itemListElement":[{"@type":"ListItem","position":1,"name":"Home","item":"https:\/\/business.roovi.com\/fr\/"},{"@type":"ListItem","position":2,"name":"Boutique","item":"https:\/\/business.roovi.com\/fr\/boutique\/"},{"@type":"ListItem","position":3,"name":"Vincent van Gogh Puzzle Adulte 1000 pi\u00e8ces &#8211; Tournesols\/Sunflowers"}]},{"@type":"WebSite","@id":"https:\/\/business.roovi.com\/fr\/#website","url":"https:\/\/business.roovi.com\/fr\/","name":"Roovi B2B","description":"Roovi Business Website","potentialAction":[{"@type":"SearchAction","target":{"@type":"EntryPoint","urlTemplate":"https:\/\/business.roovi.com\/fr\/?s={search_term_string}"},"query-input":"required name=search_term_string"}],"inLanguage":"fr-FR"}]}},"_links":{"self":[{"href":"https:\/\/business.roovi.com\/fr\/wp-json\/wp\/v2\/product\/55096","targetHints":{"allow":["GET"]}}],"collection":[{"href":"https:\/\/business.roovi.com\/fr\/wp-json\/wp\/v2\/product"}],"about":[{"href":"https:\/\/business.roovi.com\/fr\/wp-json\/wp\/v2\/types\/product"}],"version-history":[{"count":0,"href":"https:\/\/business.roovi.com\/fr\/wp-json\/wp\/v2\/product\/55096\/revisions"}],"wp:featuredmedia":[{"embeddable":true,"href":"https:\/\/business.roovi.com\/fr\/wp-json\/wp\/v2\/media\/62917"}],"wp:attachment":[{"href":"https:\/\/business.roovi.com\/fr\/wp-json\/wp\/v2\/media?parent=55096"}],"wp:term":[{"taxonomy":"product_brand","embeddable":true,"href":"https:\/\/business.roovi.com\/fr\/wp-json\/wp\/v2\/product_brand?post=55096"},{"taxonomy":"product_cat","embeddable":true,"href":"https:\/\/business.roovi.com\/fr\/wp-json\/wp\/v2\/product_cat?post=55096"},{"taxonomy":"product_tag","embeddable":true,"href":"https:\/\/business.roovi.com\/fr\/wp-json\/wp\/v2\/product_tag?post=55096"}],"curies":[{"name":"wp","href":"https:\/\/api.w.org\/{rel}","templated":true}]}}