{"id":55100,"date":"2018-04-16T10:56:16","date_gmt":"2018-04-16T10:56:16","guid":{"rendered":"https:\/\/business.roovi.com\/puzzle-adulti-1000-piese-pieter-breughel-cel-tanar-spring-primavara\/p\/"},"modified":"2022-07-13T11:15:51","modified_gmt":"2022-07-13T11:15:51","slug":"puzzle-adulte-1000-pieces-pieter-breughel-the-younger-printemps","status":"publish","type":"product","link":"https:\/\/business.roovi.com\/fr\/puzzle-adulte-1000-pieces-pieter-breughel-the-younger-printemps\/p\/","title":{"rendered":"Puzzle adulte 1000 pi\u00e8ces Pieter Breughel the Younger &#8211; Printemps"},"content":{"rendered":"<p><span style=\"font-weight: 400;\">Nous avons des puzzles de 1000 pi\u00e8ces de peintures c\u00e9l\u00e8bres de Rembrandt, Leonardo da Vinci et de nombreux autres artistes c\u00e9l\u00e8bres. Les puzzles pour adultes sont fabriqu\u00e9s avec des mat\u00e9riaux de qualit\u00e9 et capturent les plus fins d\u00e9tails des \u0153uvres originales. Parcoure la collection de puzzles d&rsquo;art virtuels et cr\u00e9e ta propre collection de tableaux de puzzles de 1000 pi\u00e8ces !<\/span><\/p>\n<p><span style=\"font-weight: 400;\">Ta collection ne peut pas \u00eatre sans Pieter Brueghel the Younger &#8211; Spring\/Spring puzzle de 1000 pi\u00e8ces. Que dirais-tu d&rsquo;avoir toujours un ressort artistique sur le mur de ta chambre, fait de puzzles de 1000 pi\u00e8ces ? Admirer chaque jour une explosion de couleurs, de raffinement et de perfection de la nature, parfaitement repr\u00e9sent\u00e9e par la grande main de Pieter Breughel le Jeune ne peut \u00eatre qu&rsquo;un d\u00e9lice. Alors mets-toi au travail et compl\u00e8te ce merveilleux puzzle de 1000 pi\u00e8ces ! Tu auras besoin d&rsquo;une simple table basse pour terminer l&rsquo;\u0153uvre, car le tableau final fait 50 x 70 cm.<\/span><\/p>\n<p><span style=\"font-weight: 400;\">Voici d&rsquo;autres d\u00e9tails et caract\u00e9ristiques du puzzle Pieter Brueghel le Jeune &#8211; Printemps de 1000 pi\u00e8ces :<\/span><\/p>\n<p><span style=\"font-weight: 400;\">Mat\u00e9riau du puzzle <\/span><\/p>\n<p><strong>carton bleu de haute qualit\u00e9<\/strong><\/p>\n<p><strong>des mat\u00e9riaux durables et recyclables<\/strong><\/p>\n<p><strong>finition semi-brillante, couleurs vives<\/strong><\/p>\n<p><span style=\"font-weight: 400;\">Nombre de pi\u00e8ces de puzzle : 1000<\/span><\/p>\n<p><span style=\"font-weight: 400;\">\u00c2ge recommand\u00e9 : 14+<\/span><\/p>\n<p><strong>Les merveilleux avantages de compl\u00e9ter un puzzle de 1000 pi\u00e8ces<\/strong><\/p>\n<ul style=\"list-style-type: circle;\">\n<li><span style=\"font-weight: 400;\">Aide \u00e0 am\u00e9liorer ta m\u00e9moire<\/span><\/li>\n<li><span style=\"font-weight: 400;\">D\u00e9veloppe ta capacit\u00e9 \u00e0 r\u00e9soudre des probl\u00e8mes en peu de temps<\/span><\/li>\n<li><span style=\"font-weight: 400;\">Aide \u00e0 d\u00e9velopper tes comp\u00e9tences visuo-spatiales<\/span><\/li>\n<li><span style=\"font-weight: 400;\">Garde ton cerveau en bonne sant\u00e9 car ils le font fonctionner<\/span><\/li>\n<li><span style=\"font-weight: 400;\">Ils te rendent plus attentif aux d\u00e9tails.<\/span><\/li>\n<li><span style=\"font-weight: 400;\">Ils am\u00e9liorent ton humeur.<\/span><\/li>\n<\/ul>\n<p><strong>Qui est Pieter Breughel le Jeune ?<\/strong><\/p>\n<ul style=\"list-style-type: circle;\">\n<li><span style=\"font-weight: 400;\">L&rsquo;auteur du tableau Printemps, qui est repr\u00e9sent\u00e9 dans le puzzle de 1000 pi\u00e8ces de la collection de puzzles d&rsquo;art, est le fils du c\u00e9l\u00e8bre Pieter Breughel l&rsquo;Ancien.<\/span><\/li>\n<li><span style=\"font-weight: 400;\">Il fait partie de la dynastie des c\u00e9l\u00e8bres peintres de Breughel, qui sont actifs en Belgique depuis aujourd&rsquo;hui.<\/span><\/li>\n<li><span style=\"font-weight: 400;\">Il a repris de nombreuses \u0153uvres de son p\u00e8re, dont la s\u00e9rie  <\/span><em><span style=\"font-weight: 400;\">Saisons<\/span><\/em><span style=\"font-weight: 400;\">  <\/span><em><span style=\"font-weight: 400;\">Printemps<\/span><\/em><span style=\"font-weight: 400;\"> <\/span><\/li>\n<li><span style=\"font-weight: 400;\">Il a donn\u00e9 une touche personnelle aux \u0153uvres en  <\/span><em><span style=\"font-weight: 400;\">Saisons<\/span><\/em><span style=\"font-weight: 400;\">  par les diverses anecdotes qu&rsquo;il a introduites dans ses tableaux.<\/span><\/li>\n<li><span style=\"font-weight: 400;\">Le cycle des Saisons a connu un immense succ\u00e8s \u00e0 l&rsquo;\u00e9poque de Pieter Breughel le Jeune.<\/span><\/li>\n<\/ul>\n<p><strong>C&rsquo;est cool de d\u00e9couvrir l&rsquo;art \u00e0 travers le puzzle de 1000 pi\u00e8ces !<\/strong><\/p>\n<p><span style=\"font-weight: 400;\">&#8230; Et ce n&rsquo;est pas le seul avantage de compl\u00e9ter un puzzle de 1000 pi\u00e8ces de la collection de puzzles d&rsquo;art. Prends \u00e9galement en compte les points positifs suivants lorsque tu envisages d&rsquo;acheter un puzzle pour adultes :<\/span><\/p>\n<p><strong>Ils am\u00e9liorent ta capacit\u00e9 \u00e0 travailler en \u00e9quipe <\/strong><span style=\"font-weight: 400;\">Assembler un puzzle de 1000 pi\u00e8ces peut \u00eatre accablant, surtout si tu es d\u00e9butant. Appelle ta bande d&rsquo;amis et d\u00e9couvre la magie des jeux de puzzle ensemble ! En travaillant en \u00e9quipe, la planche de puzzle de 1000 pi\u00e8ces sera pr\u00eate en un rien de temps <\/span><\/p>\n<p><strong>Il t&#8217;emm\u00e8ne dans un monde fascinant et plein de couleurs <\/strong><span style=\"font-weight: 400;\">En d&rsquo;autres termes, cela t&rsquo;aidera \u00e0 \u00eatre cr\u00e9atif. En compl\u00e9tant le puzzle de 1000 pi\u00e8ces, tu entres dans l&rsquo;histoire du tableau avec ton esprit, et tu ne te contentes pas de compl\u00e9ter m\u00e9caniquement un puzzle pour adultes.<\/span><\/p>\n<p><strong>Il augmente ta productivit\u00e9.<\/strong><span style=\"font-weight: 400;\"> Cela peut sembler un peu fantastique, mais travailler de mani\u00e8re m\u00e9thodique, organis\u00e9e et concentr\u00e9e sur un puzzle de 1000 pi\u00e8ces cr\u00e9e un programme mental que tu appliqueras plus tard dans d&rsquo;autres aspects de ta vie, par exemple au travail.<\/span><\/p>\n<p><strong>Cela te met dans un \u00e9tat m\u00e9ditatif<\/strong><span style=\"font-weight: 400;\">. Lorsque tu te concentres sur un puzzle de 1000 pi\u00e8ces, ton esprit est lib\u00e9r\u00e9 de tous les autres soucis et se concentre sur un seul objectif : recr\u00e9er l&rsquo;\u0153uvre d&rsquo;art. Cet \u00e9tat est similaire \u00e0 un \u00e9tat m\u00e9ditatif et est b\u00e9n\u00e9fique pour la sant\u00e9 mentale.<\/span><\/p>\n<p><span style=\"font-weight: 400;\">Ach\u00e8te 1000 pi\u00e8ces Pieter Brueghel the Younger &#8211; Spring et cr\u00e9e ton propre objet d\u00e9coratif exceptionnel ! Encadre l&rsquo;image que tu obtiens de ce merveilleux puzzle pour adultes et profite de la magie des couleurs tous les jours.<\/span><\/p>\n<p><span style=\"font-weight: 400;\">Ce jeu de puzzle peut \u00eatre un excellent cadeau si tu penses surprendre agr\u00e9ablement un ami qui aime les puzzles de 1000 pi\u00e8ces ou quelqu&rsquo;un de la famille.<\/span><\/p><\/p>\n","protected":false},"excerpt":{"rendered":"<p>Nous avons des puzzles de 1000 pi\u00e8ces de peintures c\u00e9l\u00e8bres de Rembrandt, Leonardo da Vinci et de nombreux autres artistes<\/p>\n","protected":false},"featured_media":63145,"template":"","meta":[],"product_brand":[],"product_cat":[2314,2315,2316],"product_tag":[],"class_list":{"0":"post-55100","1":"product","2":"type-product","3":"status-publish","4":"has-post-thumbnail","6":"product_cat-puzzles-fr","7":"product_cat-puzzles-pour-adultes","8":"product_cat-puzzles-de-1000-pieces","9":"pa_bax-10-fr","10":"pa_brand-d_toys-fr","11":"pa_country_of_manufacture-ro-fr","12":"pa_filter_age-14-fr","13":"pa_painter-pieterbreugheltheyounger-fr","14":"pa_tip_ambalaj-boite","15":"pa_tip_puzzle-classique","17":"first","18":"instock","19":"taxable","20":"shipping-taxable","21":"product-type-simple"},"yoast_head":"<!-- This site is optimized with the Yoast SEO plugin v20.1 - https:\/\/yoast.com\/wordpress\/plugins\/seo\/ -->\n<title>Puzzle adulte 1000 pi\u00e8ces Pieter Breughel the Younger - Printemps<\/title>\n<meta name=\"description\" content=\"Puzzle adulte 1000 pi\u00e8ces Pieter Breughel the Younger - Printemps\" \/>\n<meta name=\"robots\" content=\"index, follow, max-snippet:-1, max-image-preview:large, max-video-preview:-1\" \/>\n<link rel=\"canonical\" href=\"https:\/\/business.roovi.com\/fr\/puzzle-adulte-1000-pieces-pieter-breughel-the-younger-printemps\/p\/\" \/>\n<meta property=\"og:locale\" content=\"fr_FR\" \/>\n<meta property=\"og:type\" content=\"article\" \/>\n<meta property=\"og:title\" content=\"Puzzle adulte 1000 pi\u00e8ces Pieter Breughel the Younger - Printemps\" \/>\n<meta property=\"og:description\" content=\"Puzzle adulte 1000 pi\u00e8ces Pieter Breughel the Younger - Printemps\" \/>\n<meta property=\"og:url\" content=\"https:\/\/business.roovi.com\/fr\/puzzle-adulte-1000-pieces-pieter-breughel-the-younger-printemps\/p\/\" \/>\n<meta property=\"og:site_name\" content=\"Roovi B2B\" \/>\n<meta property=\"article:publisher\" content=\"https:\/\/www.facebook.com\/wwwjucariero\" \/>\n<meta property=\"article:modified_time\" content=\"2022-07-13T11:15:51+00:00\" \/>\n<meta property=\"og:image\" content=\"https:\/\/business.roovi.com\/wp-content\/uploads\/2018\/04\/66947-01_ansamblu_dimensiuni_cutie_cm_1200x1200.png\" \/>\n\t<meta property=\"og:image:width\" content=\"1200\" \/>\n\t<meta property=\"og:image:height\" content=\"1200\" \/>\n\t<meta property=\"og:image:type\" content=\"image\/png\" \/>\n<meta name=\"twitter:label1\" content=\"Dur\u00e9e de lecture estim\u00e9e\" \/>\n\t<meta name=\"twitter:data1\" content=\"4 minutes\" \/>\n<script type=\"application\/ld+json\" class=\"yoast-schema-graph\">{\"@context\":\"https:\/\/schema.org\",\"@graph\":[{\"@type\":\"WebPage\",\"@id\":\"https:\/\/business.roovi.com\/fr\/puzzle-adulte-1000-pieces-pieter-breughel-the-younger-printemps\/p\/\",\"url\":\"https:\/\/business.roovi.com\/fr\/puzzle-adulte-1000-pieces-pieter-breughel-the-younger-printemps\/p\/\",\"name\":\"Puzzle adulte 1000 pi\u00e8ces Pieter Breughel the Younger - Printemps\",\"isPartOf\":{\"@id\":\"https:\/\/business.roovi.com\/fr\/#website\"},\"datePublished\":\"2018-04-16T10:56:16+00:00\",\"dateModified\":\"2022-07-13T11:15:51+00:00\",\"description\":\"Puzzle adulte 1000 pi\u00e8ces Pieter Breughel the Younger - Printemps\",\"breadcrumb\":{\"@id\":\"https:\/\/business.roovi.com\/fr\/puzzle-adulte-1000-pieces-pieter-breughel-the-younger-printemps\/p\/#breadcrumb\"},\"inLanguage\":\"fr-FR\",\"potentialAction\":[{\"@type\":\"ReadAction\",\"target\":[\"https:\/\/business.roovi.com\/fr\/puzzle-adulte-1000-pieces-pieter-breughel-the-younger-printemps\/p\/\"]}]},{\"@type\":\"BreadcrumbList\",\"@id\":\"https:\/\/business.roovi.com\/fr\/puzzle-adulte-1000-pieces-pieter-breughel-the-younger-printemps\/p\/#breadcrumb\",\"itemListElement\":[{\"@type\":\"ListItem\",\"position\":1,\"name\":\"Home\",\"item\":\"https:\/\/business.roovi.com\/fr\/\"},{\"@type\":\"ListItem\",\"position\":2,\"name\":\"Boutique\",\"item\":\"https:\/\/business.roovi.com\/fr\/boutique\/\"},{\"@type\":\"ListItem\",\"position\":3,\"name\":\"Puzzle adulte 1000 pi\u00e8ces Pieter Breughel the Younger &#8211; Printemps\"}]},{\"@type\":\"WebSite\",\"@id\":\"https:\/\/business.roovi.com\/fr\/#website\",\"url\":\"https:\/\/business.roovi.com\/fr\/\",\"name\":\"Roovi B2B\",\"description\":\"Roovi Business Website\",\"potentialAction\":[{\"@type\":\"SearchAction\",\"target\":{\"@type\":\"EntryPoint\",\"urlTemplate\":\"https:\/\/business.roovi.com\/fr\/?s={search_term_string}\"},\"query-input\":\"required name=search_term_string\"}],\"inLanguage\":\"fr-FR\"}]}<\/script>\n<!-- \/ Yoast SEO plugin. -->","yoast_head_json":{"title":"Puzzle adulte 1000 pi\u00e8ces Pieter Breughel the Younger - Printemps","description":"Puzzle adulte 1000 pi\u00e8ces Pieter Breughel the Younger - Printemps","robots":{"index":"index","follow":"follow","max-snippet":"max-snippet:-1","max-image-preview":"max-image-preview:large","max-video-preview":"max-video-preview:-1"},"canonical":"https:\/\/business.roovi.com\/fr\/puzzle-adulte-1000-pieces-pieter-breughel-the-younger-printemps\/p\/","og_locale":"fr_FR","og_type":"article","og_title":"Puzzle adulte 1000 pi\u00e8ces Pieter Breughel the Younger - Printemps","og_description":"Puzzle adulte 1000 pi\u00e8ces Pieter Breughel the Younger - Printemps","og_url":"https:\/\/business.roovi.com\/fr\/puzzle-adulte-1000-pieces-pieter-breughel-the-younger-printemps\/p\/","og_site_name":"Roovi B2B","article_publisher":"https:\/\/www.facebook.com\/wwwjucariero","article_modified_time":"2022-07-13T11:15:51+00:00","og_image":[{"width":1200,"height":1200,"url":"https:\/\/business.roovi.com\/wp-content\/uploads\/2018\/04\/66947-01_ansamblu_dimensiuni_cutie_cm_1200x1200.png","type":"image\/png"}],"twitter_misc":{"Dur\u00e9e de lecture estim\u00e9e":"4 minutes"},"schema":{"@context":"https:\/\/schema.org","@graph":[{"@type":"WebPage","@id":"https:\/\/business.roovi.com\/fr\/puzzle-adulte-1000-pieces-pieter-breughel-the-younger-printemps\/p\/","url":"https:\/\/business.roovi.com\/fr\/puzzle-adulte-1000-pieces-pieter-breughel-the-younger-printemps\/p\/","name":"Puzzle adulte 1000 pi\u00e8ces Pieter Breughel the Younger - Printemps","isPartOf":{"@id":"https:\/\/business.roovi.com\/fr\/#website"},"datePublished":"2018-04-16T10:56:16+00:00","dateModified":"2022-07-13T11:15:51+00:00","description":"Puzzle adulte 1000 pi\u00e8ces Pieter Breughel the Younger - Printemps","breadcrumb":{"@id":"https:\/\/business.roovi.com\/fr\/puzzle-adulte-1000-pieces-pieter-breughel-the-younger-printemps\/p\/#breadcrumb"},"inLanguage":"fr-FR","potentialAction":[{"@type":"ReadAction","target":["https:\/\/business.roovi.com\/fr\/puzzle-adulte-1000-pieces-pieter-breughel-the-younger-printemps\/p\/"]}]},{"@type":"BreadcrumbList","@id":"https:\/\/business.roovi.com\/fr\/puzzle-adulte-1000-pieces-pieter-breughel-the-younger-printemps\/p\/#breadcrumb","itemListElement":[{"@type":"ListItem","position":1,"name":"Home","item":"https:\/\/business.roovi.com\/fr\/"},{"@type":"ListItem","position":2,"name":"Boutique","item":"https:\/\/business.roovi.com\/fr\/boutique\/"},{"@type":"ListItem","position":3,"name":"Puzzle adulte 1000 pi\u00e8ces Pieter Breughel the Younger &#8211; Printemps"}]},{"@type":"WebSite","@id":"https:\/\/business.roovi.com\/fr\/#website","url":"https:\/\/business.roovi.com\/fr\/","name":"Roovi B2B","description":"Roovi Business Website","potentialAction":[{"@type":"SearchAction","target":{"@type":"EntryPoint","urlTemplate":"https:\/\/business.roovi.com\/fr\/?s={search_term_string}"},"query-input":"required name=search_term_string"}],"inLanguage":"fr-FR"}]}},"_links":{"self":[{"href":"https:\/\/business.roovi.com\/fr\/wp-json\/wp\/v2\/product\/55100","targetHints":{"allow":["GET"]}}],"collection":[{"href":"https:\/\/business.roovi.com\/fr\/wp-json\/wp\/v2\/product"}],"about":[{"href":"https:\/\/business.roovi.com\/fr\/wp-json\/wp\/v2\/types\/product"}],"version-history":[{"count":0,"href":"https:\/\/business.roovi.com\/fr\/wp-json\/wp\/v2\/product\/55100\/revisions"}],"wp:featuredmedia":[{"embeddable":true,"href":"https:\/\/business.roovi.com\/fr\/wp-json\/wp\/v2\/media\/63145"}],"wp:attachment":[{"href":"https:\/\/business.roovi.com\/fr\/wp-json\/wp\/v2\/media?parent=55100"}],"wp:term":[{"taxonomy":"product_brand","embeddable":true,"href":"https:\/\/business.roovi.com\/fr\/wp-json\/wp\/v2\/product_brand?post=55100"},{"taxonomy":"product_cat","embeddable":true,"href":"https:\/\/business.roovi.com\/fr\/wp-json\/wp\/v2\/product_cat?post=55100"},{"taxonomy":"product_tag","embeddable":true,"href":"https:\/\/business.roovi.com\/fr\/wp-json\/wp\/v2\/product_tag?post=55100"}],"curies":[{"name":"wp","href":"https:\/\/api.w.org\/{rel}","templated":true}]}}