{"id":55102,"date":"2018-04-16T10:56:16","date_gmt":"2018-04-16T10:56:16","guid":{"rendered":"https:\/\/business.roovi.com\/puzzle-adulti-1000-piese-lady-with-an-erminedama-cu-hermina-1000-piese\/p\/"},"modified":"2022-07-13T11:15:55","modified_gmt":"2022-07-13T11:15:55","slug":"puzzle-adulte-de-1000-pieces-dame-a-lhermine-1000-pieces","status":"publish","type":"product","link":"https:\/\/business.roovi.com\/fr\/puzzle-adulte-de-1000-pieces-dame-a-lhermine-1000-pieces\/p\/","title":{"rendered":"Puzzle adulte de 1000 pi\u00e8ces Dame \u00e0 l&rsquo;hermine &#8211; 1000 pi\u00e8ces"},"content":{"rendered":"<p><span style=\"font-weight: 400;\">Si l&rsquo;art est ta passion ou si tu veux surprendre un ami qui aime les tableaux c\u00e9l\u00e8bres, tu es au bon endroit. Nous avons la plus grande collection de puzzles d&rsquo;art.<\/span><\/p>\n<p><span style=\"font-weight: 400;\">Assembler un puzzle de 1 000 pi\u00e8ces est une activit\u00e9 relaxante qui te fait oublier le stress quotidien et contribue \u00e0 am\u00e9liorer ton humeur. Lorsque tu assembles les pi\u00e8ces et que l&rsquo;image prend forme, tu \u00e9prouves un merveilleux sentiment de satisfaction d&rsquo;avoir accompli une t\u00e2che difficile. Pendant ce temps, ton cerveau s\u00e9cr\u00e8te de la dopamine, l&rsquo;hormone qui te fait te sentir bien : bonheur, satisfaction ou plaisir <\/span><\/p>\n<p><span style=\"font-weight: 400;\">Si tu veux avoir une ou plusieurs heures de joie chaque jour, nous avons d&rsquo;excellentes recommandations pour toi !<\/span><\/p>\n<p><span style=\"font-weight: 400;\">Assemble le puzzle de 1000 pi\u00e8ces avec le portrait de la fascinante Dame \u00e0 l&rsquo;hermine et ressens le frisson de reconstituer une \u0153uvre d&rsquo;art immortelle ! Comme la plupart des \u0153uvres du grand artiste, la Dame \u00e0 l&rsquo;hermine est entour\u00e9e de myst\u00e8re. On pense que le portrait repr\u00e9sente <\/span><span style=\"font-weight: 400;\">Cecilia Gallerani, la ma\u00eetresse du duc <\/span><span style=\"font-weight: 400;\">Ludovico Sforza, <\/span><span style=\"font-weight: 400;\">une jeune femme aux moyens modestes, mais r\u00e9put\u00e9e \u00e0 l&rsquo;\u00e9poque pour son intelligence et sa beaut\u00e9 <\/span><\/p>\n<p><span style=\"font-weight: 400;\">Elle obtient une copie fid\u00e8le du c\u00e9l\u00e8bre tableau, plus grande que l&rsquo;original. Voir ci-dessous les dimensions du puzzle 1000 assembl\u00e9 et les caract\u00e9ristiques du produit.<\/span><\/p>\n<p><span style=\"font-weight: 400;\">Taille du puzzle assembl\u00e9 : 50&#215;70 cm &#8211; la peinture originale est de 53&#215;39 cm. Une table basse ordinaire convient parfaitement pour assembler ce puzzle de 1000 pi\u00e8ces.<\/span><\/p>\n<p><span style=\"font-weight: 400;\">Mat\u00e9riau du puzzle <\/span><\/p>\n<p><strong>carton bleu de haute qualit\u00e9<\/strong><\/p>\n<p><strong>des mat\u00e9riaux durables et recyclables<\/strong><\/p>\n<p><strong>finition semi-brillante, couleurs vives<\/strong><\/p>\n<p><span style=\"font-weight: 400;\">Nombre de pi\u00e8ces de puzzle : 1000<\/span><\/p>\n<p><span style=\"font-weight: 400;\">\u00c2ge recommand\u00e9 : 14+<\/span><\/p>\n<p><strong>Casse-t\u00eate 1000 pi\u00e8ces : quelles comp\u00e9tences cela d\u00e9veloppe-t-il ?<\/strong><\/p>\n<p><strong>Attention<\/strong><span style=\"font-weight: 400;\"> &#8211; Tu es un vrai d\u00e9tective qui remarque les plus petits d\u00e9tails et r\u00e9sout le myst\u00e8re en mettant pi\u00e8ce par pi\u00e8ce dans le bon ordre.<\/span><\/p>\n<p><strong>M\u00e9moire<\/strong><span style=\"font-weight: 400;\"> &#8211; Assemble le puzzle de 1000 pi\u00e8ces jour apr\u00e8s jour et vois comment ta m\u00e9moire \u00e0 court terme s&rsquo;am\u00e9liore.<\/span><\/p>\n<p><strong>Logique &#8211; <\/strong><span style=\"font-weight: 400;\">d\u00e9couvre la logique du jeu de puzzle en mettant pi\u00e8ce par pi\u00e8ce jusqu&rsquo;\u00e0 ce que tu obtiennes l&rsquo;image compl\u00e8te.<\/span><\/p>\n<p><strong>Capacit\u00e9 \u00e0 vivre consciemment &#8211; <\/strong><span style=\"font-weight: 400;\">Tu as entendu parler du concept <\/span><span style=\"font-weight: 400;\">La pleine conscience ? Cela se traduit par la capacit\u00e9 \u00e0 \u00eatre conscient de toutes les pens\u00e9es, de tous les sentiments et de toutes les sensations dans le pr\u00e9sent, en d&rsquo;autres termes, l&rsquo;art de vivre dans le pr\u00e9sent. R\u00e9soudre le puzzle est donc une forme de m\u00e9ditation de pleine conscience.<\/span><\/p>\n<p><strong>Am\u00e9liore la qualit\u00e9 du sommeil <\/strong><span style=\"font-weight: 400;\">R\u00e9sous le puzzle le soir avant de te coucher et d\u00e9barrasse-toi des soucis du lendemain ! L&rsquo;activit\u00e9 consistant \u00e0 assembler un puzzle de 1000 pi\u00e8ces t&rsquo;aide \u00e0 d\u00e9stresser, ton esprit s&rsquo;\u00e9claircit donc et ton sommeil sera plus profond et plus r\u00e9parateur.<\/span><\/p>\n<p><strong>Qu&rsquo;est-ce que tu ne savais pas sur L\u00e9onard de Vinci et sa Dame \u00e0 l&rsquo;hermine ?<\/strong><\/p>\n<ul style=\"list-style-type: circle;\">\n<li><span style=\"font-weight: 400;\">On pense que le portrait de la Dame \u00e0 l&rsquo;hermine a \u00e9t\u00e9 peint \u00e0 la demande expresse du duc <\/span><span style=\"font-weight: 400;\">Ludovico Sforza <\/span><span style=\"font-weight: 400;\">qui \u00e9tait le client de l&rsquo;artiste.<\/span><\/li>\n<li><span style=\"font-weight: 400;\">Da Vinci \u00e9tait un perfectionniste consomm\u00e9 qui travaillait avec attention dans les moindres d\u00e9tails. On a d\u00e9couvert que cette peinture a subi plusieurs modifications avant de se retrouver dans la version que nous voyons. Dans une version, il n&rsquo;y a pas d&rsquo;hermine.<\/span><\/li>\n<li><span style=\"font-weight: 400;\">L&rsquo;hermine a \u00e9galement re\u00e7u plusieurs symboles : peut-\u00eatre une allusion \u00e0 l&rsquo;Ordre de l&rsquo;hermine dont le duc Sforza \u00e9tait d\u00e9cor\u00e9, une expression de la puret\u00e9 du personnage, ou un jeu de mots de la Renaissance sur le nom de famille de la fille, du grec galen qui signifie hermine.<\/span><\/li>\n<li><span style=\"font-weight: 400;\">Le portrait de la Dame \u00e0 l&rsquo;hermine est conserv\u00e9 et peut \u00eatre admir\u00e9 au Mus\u00e9e Czartoryski<\/span><span style=\"font-weight: 400;\"> \u00e0 Krak\u00f3w, en Pologne.<\/span><\/li>\n<li><span style=\"font-weight: 400;\">La Dame \u00e0 l&rsquo;hermine est consid\u00e9r\u00e9e par les critiques comme le premier portrait moderne car la personne assise regarde vers la gauche, nous ne voyons donc pas un visage peint de face ou de profil, comme les portraits l&rsquo;\u00e9taient auparavant.<\/span><\/li>\n<\/ul>\n<p><strong>Quels sont les avantages de compl\u00e9ter un puzzle pour adultes de 1000 pi\u00e8ces ?<\/strong><\/p>\n<ul style=\"list-style-type: circle;\">\n<li><span style=\"font-weight: 400;\">Il te donne jusqu&rsquo;\u00e0 30 heures de plaisir relaxant.<\/span><\/li>\n<li><span style=\"font-weight: 400;\">Tu d\u00e9couvres l&rsquo;\u0153uvre d&rsquo;art dans les plus petits d\u00e9tails que tu ne remarques pas lorsque tu admires l&rsquo;\u0153uvre lors d&rsquo;une exposition.<\/span><\/li>\n<li><span style=\"font-weight: 400;\">Tu deviens un meilleur connaisseur d&rsquo;art.<\/span><\/li>\n<li><span style=\"font-weight: 400;\">Tu passes du temps de qualit\u00e9 avec toi-m\u00eame ou avec un \u00eatre cher.<\/span><\/li>\n<li><span style=\"font-weight: 400;\">Tu te fais un bel objet d\u00e9coratif que tu peux mettre en valeur.<\/span><\/li>\n<\/ul>\n<p><span style=\"font-weight: 400;\">D\u00e9couvre ce merveilleux puzzle pour adultes de la collection de puzzles d&rsquo;art qui te donnera de nombreuses heures de vrai plaisir. Sois le ma\u00eetre qui cr\u00e9e le puzzle de l&rsquo;art <\/span><span style=\"font-weight: 400;\">et obtiens une v\u00e9ritable copie artistique de la peinture Dame \u00e0 l&rsquo;hermine du c\u00e9l\u00e8bre peintre Leonardo da Vinci <\/span><\/p>\n<p><span style=\"font-weight: 400;\">Le puzzle Lady with an ermine de 1000 pi\u00e8ces est un excellent cadeau pour les amis adultes aimant les puzzles de 1000 pi\u00e8ces. Ach\u00e8te ce merveilleux puzzle d&rsquo;art maintenant !<\/span><\/p>\n","protected":false},"excerpt":{"rendered":"<p>Si l&rsquo;art est ta passion ou si tu veux surprendre un ami qui aime les tableaux c\u00e9l\u00e8bres, tu es au<\/p>\n","protected":false},"featured_media":63289,"template":"","meta":[],"product_brand":[],"product_cat":[2314,2315,2316],"product_tag":[],"class_list":{"0":"post-55102","1":"product","2":"type-product","3":"status-publish","4":"has-post-thumbnail","6":"product_cat-puzzles-fr","7":"product_cat-puzzles-pour-adultes","8":"product_cat-puzzles-de-1000-pieces","9":"pa_bax-10-fr","10":"pa_brand-d_toys-fr","11":"pa_country_of_manufacture-ro-fr","12":"pa_filter_age-14-fr","13":"pa_painter-leonardodavinci-fr","14":"pa_tip_ambalaj-boite","15":"pa_tip_puzzle-classique","17":"first","18":"instock","19":"taxable","20":"shipping-taxable","21":"product-type-simple"},"yoast_head":"<!-- This site is optimized with the Yoast SEO plugin v20.1 - https:\/\/yoast.com\/wordpress\/plugins\/seo\/ -->\n<title>Puzzle adulte de 1000 pi\u00e8ces Dame \u00e0 l&#039;hermine - 1000 pi\u00e8ces<\/title>\n<meta name=\"description\" content=\"Puzzle adulte de 1000 pi\u00e8ces Dame \u00e0 l&#039;hermine - 1000 pi\u00e8ces\" \/>\n<meta name=\"robots\" content=\"index, follow, max-snippet:-1, max-image-preview:large, max-video-preview:-1\" \/>\n<link rel=\"canonical\" href=\"https:\/\/business.roovi.com\/fr\/puzzle-adulte-de-1000-pieces-dame-a-lhermine-1000-pieces\/p\/\" \/>\n<meta property=\"og:locale\" content=\"fr_FR\" \/>\n<meta property=\"og:type\" content=\"article\" \/>\n<meta property=\"og:title\" content=\"Puzzle adulte de 1000 pi\u00e8ces Dame \u00e0 l&#039;hermine - 1000 pi\u00e8ces\" \/>\n<meta property=\"og:description\" content=\"Puzzle adulte de 1000 pi\u00e8ces Dame \u00e0 l&#039;hermine - 1000 pi\u00e8ces\" \/>\n<meta property=\"og:url\" content=\"https:\/\/business.roovi.com\/fr\/puzzle-adulte-de-1000-pieces-dame-a-lhermine-1000-pieces\/p\/\" \/>\n<meta property=\"og:site_name\" content=\"Roovi B2B\" \/>\n<meta property=\"article:publisher\" content=\"https:\/\/www.facebook.com\/wwwjucariero\" \/>\n<meta property=\"article:modified_time\" content=\"2022-07-13T11:15:55+00:00\" \/>\n<meta property=\"og:image\" content=\"https:\/\/business.roovi.com\/wp-content\/uploads\/2018\/04\/72689-02_ansamblu_dimensiuni_cutie_cm.png\" \/>\n\t<meta property=\"og:image:width\" content=\"2000\" \/>\n\t<meta property=\"og:image:height\" content=\"2000\" \/>\n\t<meta property=\"og:image:type\" content=\"image\/png\" \/>\n<meta name=\"twitter:label1\" content=\"Dur\u00e9e de lecture estim\u00e9e\" \/>\n\t<meta name=\"twitter:data1\" content=\"4 minutes\" \/>\n<script type=\"application\/ld+json\" class=\"yoast-schema-graph\">{\"@context\":\"https:\/\/schema.org\",\"@graph\":[{\"@type\":\"WebPage\",\"@id\":\"https:\/\/business.roovi.com\/fr\/puzzle-adulte-de-1000-pieces-dame-a-lhermine-1000-pieces\/p\/\",\"url\":\"https:\/\/business.roovi.com\/fr\/puzzle-adulte-de-1000-pieces-dame-a-lhermine-1000-pieces\/p\/\",\"name\":\"Puzzle adulte de 1000 pi\u00e8ces Dame \u00e0 l'hermine - 1000 pi\u00e8ces\",\"isPartOf\":{\"@id\":\"https:\/\/business.roovi.com\/fr\/#website\"},\"datePublished\":\"2018-04-16T10:56:16+00:00\",\"dateModified\":\"2022-07-13T11:15:55+00:00\",\"description\":\"Puzzle adulte de 1000 pi\u00e8ces Dame \u00e0 l'hermine - 1000 pi\u00e8ces\",\"breadcrumb\":{\"@id\":\"https:\/\/business.roovi.com\/fr\/puzzle-adulte-de-1000-pieces-dame-a-lhermine-1000-pieces\/p\/#breadcrumb\"},\"inLanguage\":\"fr-FR\",\"potentialAction\":[{\"@type\":\"ReadAction\",\"target\":[\"https:\/\/business.roovi.com\/fr\/puzzle-adulte-de-1000-pieces-dame-a-lhermine-1000-pieces\/p\/\"]}]},{\"@type\":\"BreadcrumbList\",\"@id\":\"https:\/\/business.roovi.com\/fr\/puzzle-adulte-de-1000-pieces-dame-a-lhermine-1000-pieces\/p\/#breadcrumb\",\"itemListElement\":[{\"@type\":\"ListItem\",\"position\":1,\"name\":\"Home\",\"item\":\"https:\/\/business.roovi.com\/fr\/\"},{\"@type\":\"ListItem\",\"position\":2,\"name\":\"Boutique\",\"item\":\"https:\/\/business.roovi.com\/fr\/boutique\/\"},{\"@type\":\"ListItem\",\"position\":3,\"name\":\"Puzzle adulte de 1000 pi\u00e8ces Dame \u00e0 l&#8217;hermine &#8211; 1000 pi\u00e8ces\"}]},{\"@type\":\"WebSite\",\"@id\":\"https:\/\/business.roovi.com\/fr\/#website\",\"url\":\"https:\/\/business.roovi.com\/fr\/\",\"name\":\"Roovi B2B\",\"description\":\"Roovi Business Website\",\"potentialAction\":[{\"@type\":\"SearchAction\",\"target\":{\"@type\":\"EntryPoint\",\"urlTemplate\":\"https:\/\/business.roovi.com\/fr\/?s={search_term_string}\"},\"query-input\":\"required name=search_term_string\"}],\"inLanguage\":\"fr-FR\"}]}<\/script>\n<!-- \/ Yoast SEO plugin. -->","yoast_head_json":{"title":"Puzzle adulte de 1000 pi\u00e8ces Dame \u00e0 l'hermine - 1000 pi\u00e8ces","description":"Puzzle adulte de 1000 pi\u00e8ces Dame \u00e0 l'hermine - 1000 pi\u00e8ces","robots":{"index":"index","follow":"follow","max-snippet":"max-snippet:-1","max-image-preview":"max-image-preview:large","max-video-preview":"max-video-preview:-1"},"canonical":"https:\/\/business.roovi.com\/fr\/puzzle-adulte-de-1000-pieces-dame-a-lhermine-1000-pieces\/p\/","og_locale":"fr_FR","og_type":"article","og_title":"Puzzle adulte de 1000 pi\u00e8ces Dame \u00e0 l'hermine - 1000 pi\u00e8ces","og_description":"Puzzle adulte de 1000 pi\u00e8ces Dame \u00e0 l'hermine - 1000 pi\u00e8ces","og_url":"https:\/\/business.roovi.com\/fr\/puzzle-adulte-de-1000-pieces-dame-a-lhermine-1000-pieces\/p\/","og_site_name":"Roovi B2B","article_publisher":"https:\/\/www.facebook.com\/wwwjucariero","article_modified_time":"2022-07-13T11:15:55+00:00","og_image":[{"width":2000,"height":2000,"url":"https:\/\/business.roovi.com\/wp-content\/uploads\/2018\/04\/72689-02_ansamblu_dimensiuni_cutie_cm.png","type":"image\/png"}],"twitter_misc":{"Dur\u00e9e de lecture estim\u00e9e":"4 minutes"},"schema":{"@context":"https:\/\/schema.org","@graph":[{"@type":"WebPage","@id":"https:\/\/business.roovi.com\/fr\/puzzle-adulte-de-1000-pieces-dame-a-lhermine-1000-pieces\/p\/","url":"https:\/\/business.roovi.com\/fr\/puzzle-adulte-de-1000-pieces-dame-a-lhermine-1000-pieces\/p\/","name":"Puzzle adulte de 1000 pi\u00e8ces Dame \u00e0 l'hermine - 1000 pi\u00e8ces","isPartOf":{"@id":"https:\/\/business.roovi.com\/fr\/#website"},"datePublished":"2018-04-16T10:56:16+00:00","dateModified":"2022-07-13T11:15:55+00:00","description":"Puzzle adulte de 1000 pi\u00e8ces Dame \u00e0 l'hermine - 1000 pi\u00e8ces","breadcrumb":{"@id":"https:\/\/business.roovi.com\/fr\/puzzle-adulte-de-1000-pieces-dame-a-lhermine-1000-pieces\/p\/#breadcrumb"},"inLanguage":"fr-FR","potentialAction":[{"@type":"ReadAction","target":["https:\/\/business.roovi.com\/fr\/puzzle-adulte-de-1000-pieces-dame-a-lhermine-1000-pieces\/p\/"]}]},{"@type":"BreadcrumbList","@id":"https:\/\/business.roovi.com\/fr\/puzzle-adulte-de-1000-pieces-dame-a-lhermine-1000-pieces\/p\/#breadcrumb","itemListElement":[{"@type":"ListItem","position":1,"name":"Home","item":"https:\/\/business.roovi.com\/fr\/"},{"@type":"ListItem","position":2,"name":"Boutique","item":"https:\/\/business.roovi.com\/fr\/boutique\/"},{"@type":"ListItem","position":3,"name":"Puzzle adulte de 1000 pi\u00e8ces Dame \u00e0 l&#8217;hermine &#8211; 1000 pi\u00e8ces"}]},{"@type":"WebSite","@id":"https:\/\/business.roovi.com\/fr\/#website","url":"https:\/\/business.roovi.com\/fr\/","name":"Roovi B2B","description":"Roovi Business Website","potentialAction":[{"@type":"SearchAction","target":{"@type":"EntryPoint","urlTemplate":"https:\/\/business.roovi.com\/fr\/?s={search_term_string}"},"query-input":"required name=search_term_string"}],"inLanguage":"fr-FR"}]}},"_links":{"self":[{"href":"https:\/\/business.roovi.com\/fr\/wp-json\/wp\/v2\/product\/55102","targetHints":{"allow":["GET"]}}],"collection":[{"href":"https:\/\/business.roovi.com\/fr\/wp-json\/wp\/v2\/product"}],"about":[{"href":"https:\/\/business.roovi.com\/fr\/wp-json\/wp\/v2\/types\/product"}],"version-history":[{"count":0,"href":"https:\/\/business.roovi.com\/fr\/wp-json\/wp\/v2\/product\/55102\/revisions"}],"wp:featuredmedia":[{"embeddable":true,"href":"https:\/\/business.roovi.com\/fr\/wp-json\/wp\/v2\/media\/63289"}],"wp:attachment":[{"href":"https:\/\/business.roovi.com\/fr\/wp-json\/wp\/v2\/media?parent=55102"}],"wp:term":[{"taxonomy":"product_brand","embeddable":true,"href":"https:\/\/business.roovi.com\/fr\/wp-json\/wp\/v2\/product_brand?post=55102"},{"taxonomy":"product_cat","embeddable":true,"href":"https:\/\/business.roovi.com\/fr\/wp-json\/wp\/v2\/product_cat?post=55102"},{"taxonomy":"product_tag","embeddable":true,"href":"https:\/\/business.roovi.com\/fr\/wp-json\/wp\/v2\/product_tag?post=55102"}],"curies":[{"name":"wp","href":"https:\/\/api.w.org\/{rel}","templated":true}]}}