{"id":55105,"date":"2018-04-16T10:56:16","date_gmt":"2018-04-16T10:56:16","guid":{"rendered":"https:\/\/business.roovi.com\/puzzle-adulti-1000-piese-edouard-manet-a-bar-at-the-folies-bergere\/p\/"},"modified":"2022-07-13T11:16:00","modified_gmt":"2022-07-13T11:16:00","slug":"puzzle-adulte-de-1000-pieces-edouard-manet-un-bar-aux-folies-bergere","status":"publish","type":"product","link":"https:\/\/business.roovi.com\/fr\/puzzle-adulte-de-1000-pieces-edouard-manet-un-bar-aux-folies-bergere\/p\/","title":{"rendered":"Puzzle adulte de 1000 pi\u00e8ces \u00c9douard Manet &#8211; Un bar aux Folies-Berg\u00e8re"},"content":{"rendered":"<p><span style=\"font-weight: 400;\">Tu cherches une activit\u00e9 relaxante pour ces moments ennuyeux ? Assemble les puzzles de 1000 pi\u00e8ces de la collection de puzzles d&rsquo;art et passe ton temps de mani\u00e8re constructive. De plus, de superbes puzzles de 1000 pi\u00e8ces des peintures les plus c\u00e9l\u00e8bres du monde raviront tes sens.<\/span><\/p>\n<p><span style=\"font-weight: 400;\">Le peintre \u00c9douard Manet a marqu\u00e9 l&rsquo;histoire de la peinture du 19e si\u00e8cle. Souvent consid\u00e9r\u00e9 comme scandaleux, son art \u00e9tonne encore aujourd&rsquo;hui. Dans le puzzle de 1000 pi\u00e8ces \u00c9douard Manet &#8211; Un bar aux Folies-Berg\u00e8re, tu trouveras l&rsquo;image du tableau du m\u00eame nom, qui est consid\u00e9r\u00e9 comme sa derni\u00e8re \u0153uvre majeure. Une peinture r\u00e9aliste, repr\u00e9sentant une sc\u00e8ne de la vie quotidienne dans une parfaite harmonie des couleurs, comme c&rsquo;\u00e9tait la caract\u00e9ristique du grand artiste <\/span><\/p>\n<p><span style=\"font-weight: 400;\">Pour recr\u00e9er ce chef-d&rsquo;\u0153uvre artistique \u00e0 partir d&rsquo;un puzzle de 1000 pi\u00e8ces, tu peux utiliser une table basse standard. Les dimensions de l&rsquo;image reconstruite sont de 50 x 70 cm<\/span><\/p>\n<p><span style=\"font-weight: 400;\">Lis plus d&rsquo;informations sur le puzzle de 1000 pi\u00e8ces \u00c9douard Manet &#8211; Un bar aux Folies-Berg\u00e8re ci-dessous :<\/span><\/p>\n<p><strong>Mat\u00e9riau du puzzle <\/strong><\/p>\n<p><strong>carton bleu de haute qualit\u00e9<\/strong><\/p>\n<p><strong>des mat\u00e9riaux durables et recyclables<\/strong><\/p>\n<p><strong>finition semi-brillante, couleurs vives<\/strong><\/p>\n<p><strong>Nombre de pi\u00e8ces de puzzle : 1000<\/strong><\/p>\n<p><strong>\u00c2ge recommand\u00e9 : 14+<\/strong><\/p>\n<p><strong>Les jeux de puzzle offrent des exp\u00e9riences de d\u00e9tente et d&rsquo;apprentissage<\/strong><\/p>\n<p><span style=\"font-weight: 400;\">L&rsquo;activit\u00e9 consistant \u00e0 assembler des puzzles de 1000 pi\u00e8ces est amusante et \u00e9ducative. Chaque jeu de puzzle te permet de rester connect\u00e9 pendant de nombreuses heures jusqu&rsquo;\u00e0 ce que l&rsquo;image soit termin\u00e9e, et pendant tout ce temps, tu as d&rsquo;incroyables possibilit\u00e9s d&rsquo;apprentissage. Avant tout, les jeux de r\u00e9flexion t&rsquo;apprennent \u00e0 r\u00e9soudre un probl\u00e8me et \u00e0 ne pas abandonner, m\u00eame lorsque tu as l&rsquo;impression d&rsquo;\u00eatre dans une situation impossible. Trouver la meilleure strat\u00e9gie d&rsquo;assemblage, comprendre les moindres d\u00e9tails des pi\u00e8ces et reconstituer le puzzle de 1000 pi\u00e8ces sont des moyens de s&rsquo;exercer et d&rsquo;apprendre qui t&rsquo;aideront dans d&rsquo;autres situations de ta vie quotidienne.<\/span><\/p>\n<p><span style=\"font-weight: 400;\">Les jeux de puzzle t&rsquo;aident \u00e0 d\u00e9velopper ta pers\u00e9v\u00e9rance et ton attention aux d\u00e9tails. En t&rsquo;exer\u00e7ant et en assemblant des images de puzzle de 1000 pi\u00e8ces, tu deviendras un ma\u00eetre pour r\u00e9soudre les myst\u00e8res des jeux de puzzle <\/span><\/p>\n<p><span style=\"font-weight: 400;\">L&rsquo;exp\u00e9rience de r\u00e9aliser des \u00e9nigmes pour adultes t&rsquo;apprend \u00e0 relever les d\u00e9fis, \u00e0 surmonter les probl\u00e8mes et \u00e0 toujours trouver les ressources n\u00e9cessaires pour accomplir les t\u00e2ches les plus difficiles.<\/span><\/p>\n<p><strong>Connais-tu \u00c9douard Manet ?<\/strong><\/p>\n<p><span style=\"font-weight: 400;\">Il venait d&rsquo;une famille ais\u00e9e et ses parents auraient voulu qu&rsquo;il devienne avocat.<\/span><\/p>\n<p><span style=\"font-weight: 400;\">Son fils, de par sa relation avec la pianiste Suzanne Leenhoff, pensait que Manet \u00e9tait son parrain. L&rsquo;artiste lui a cach\u00e9 pendant longtemps le fait qu&rsquo;il \u00e9tait son p\u00e8re.<\/span><\/p>\n<p><span style=\"font-weight: 400;\">Son mariage avec Suzanne, professeur de piano depuis son adolescence, et la r\u00e9v\u00e9lation de sa relation avec elle ont \u00e9t\u00e9 un choc pour la famille et tous ses proches.<\/span><\/p>\n<p><span style=\"font-weight: 400;\">Il est consid\u00e9r\u00e9 comme le pr\u00e9curseur du modernisme en peinture, bien que de son vivant, il n&rsquo;ait pas voulu \u00eatre associ\u00e9 \u00e0 un quelconque mouvement artistique.<\/span><\/p>\n<p><span style=\"font-weight: 400;\">De nombreux endroits de Paris sont devenus c\u00e9l\u00e8bres gr\u00e2ce \u00e0 ses peintures. C&rsquo;est le cas du bar des Folies-Berg\u00e8re <\/span><\/p>\n<p><span style=\"font-weight: 400;\">Les oranges dans la peinture <\/span><em><span style=\"font-weight: 400;\">Un bar aux Folies-Berg\u00e8re<\/span><\/em><span style=\"font-weight: 400;\"> repr\u00e9sente la prostitution et l&rsquo;allusion au fait que le bar \u00e9tait fr\u00e9quent\u00e9 par des prostitu\u00e9es <\/span><\/p>\n<p><strong>Les puzzles d&rsquo;art et leurs avantages<\/strong><\/p>\n<p><span style=\"font-weight: 400;\">Faire des puzzles artistiques est plus qu&rsquo;un simple passe-temps relaxant. Ils t&rsquo;aident \u00e0 d\u00e9velopper ton sens artistique, \u00e0 conna\u00eetre en d\u00e9tail les \u0153uvres \u00e9tablies et \u00e0 ouvrir tes horizons au monde de l&rsquo;art.<\/span><\/p>\n<p><span style=\"font-weight: 400;\">De plus, recr\u00e9er des chefs-d&rsquo;\u0153uvre artistiques est l&rsquo;occasion de d\u00e9velopper ton imagination. Tu te sens comme un vrai d\u00e9tective lorsque tu cherches des indices dans les 1000 pi\u00e8ces du puzzle pour r\u00e9soudre le myst\u00e8re d&rsquo;une \u0153uvre d&rsquo;art.<\/span><\/p>\n<p><span style=\"font-weight: 400;\">Ne manque pas l&rsquo;occasion d&rsquo;\u00eatre le cr\u00e9ateur d&rsquo;une \u0153uvre d&rsquo;art c\u00e9l\u00e8bre ! Ach\u00e8te maintenant le puzzle de 1000 pi\u00e8ces \u00c9douard Manet &#8211; Un bar aux Folies-Berg\u00e8re et passe jusqu&rsquo;\u00e0 30 heures de d\u00e9tente devant un puzzle d&rsquo;art exceptionnel. D\u00e9couvre tous les puzzles de 1000 pi\u00e8ces avec les images des \u0153uvres de Mate et cr\u00e9e une merveilleuse collection d&rsquo;art \u00e0 partir de puzzles pour adultes.<\/span><\/p><\/p>\n","protected":false},"excerpt":{"rendered":"<p>Tu cherches une activit\u00e9 relaxante pour ces moments ennuyeux ? Assemble les puzzles de 1000 pi\u00e8ces de la collection de<\/p>\n","protected":false},"featured_media":63588,"template":"","meta":[],"product_brand":[],"product_cat":[2314,2316,2315],"product_tag":[],"class_list":{"0":"post-55105","1":"product","2":"type-product","3":"status-publish","4":"has-post-thumbnail","6":"product_cat-puzzles-fr","7":"product_cat-puzzles-de-1000-pieces","8":"product_cat-puzzles-pour-adultes","9":"pa_bax-10-fr","10":"pa_brand-d_toys-fr","11":"pa_country_of_manufacture-ro-fr","12":"pa_filter_age-14-fr","13":"pa_painter-edouardmanet-fr","14":"pa_tip_ambalaj-boite","15":"pa_tip_puzzle-classique","17":"first","18":"instock","19":"taxable","20":"shipping-taxable","21":"product-type-simple"},"yoast_head":"<!-- This site is optimized with the Yoast SEO plugin v20.1 - https:\/\/yoast.com\/wordpress\/plugins\/seo\/ -->\n<title>Puzzle adulte de 1000 pi\u00e8ces \u00c9douard Manet - Un bar aux Folies-Berg\u00e8re<\/title>\n<meta name=\"description\" content=\"Puzzle adulte de 1000 pi\u00e8ces \u00c9douard Manet - Un bar aux Folies-Berg\u00e8re\" \/>\n<meta name=\"robots\" content=\"index, follow, max-snippet:-1, max-image-preview:large, max-video-preview:-1\" \/>\n<link rel=\"canonical\" href=\"https:\/\/business.roovi.com\/fr\/puzzle-adulte-de-1000-pieces-edouard-manet-un-bar-aux-folies-bergere\/p\/\" \/>\n<meta property=\"og:locale\" content=\"fr_FR\" \/>\n<meta property=\"og:type\" content=\"article\" \/>\n<meta property=\"og:title\" content=\"Puzzle adulte de 1000 pi\u00e8ces \u00c9douard Manet - Un bar aux Folies-Berg\u00e8re\" \/>\n<meta property=\"og:description\" content=\"Puzzle adulte de 1000 pi\u00e8ces \u00c9douard Manet - Un bar aux Folies-Berg\u00e8re\" \/>\n<meta property=\"og:url\" content=\"https:\/\/business.roovi.com\/fr\/puzzle-adulte-de-1000-pieces-edouard-manet-un-bar-aux-folies-bergere\/p\/\" \/>\n<meta property=\"og:site_name\" content=\"Roovi B2B\" \/>\n<meta property=\"article:publisher\" content=\"https:\/\/www.facebook.com\/wwwjucariero\" \/>\n<meta property=\"article:modified_time\" content=\"2022-07-13T11:16:00+00:00\" \/>\n<meta property=\"og:image\" content=\"https:\/\/business.roovi.com\/wp-content\/uploads\/2018\/04\/73068-01_ansamblu_dimensiuni_cutie_cm_orizontal_1200x1200.png\" \/>\n\t<meta property=\"og:image:width\" content=\"1200\" \/>\n\t<meta property=\"og:image:height\" content=\"1200\" \/>\n\t<meta property=\"og:image:type\" content=\"image\/png\" \/>\n<meta name=\"twitter:label1\" content=\"Dur\u00e9e de lecture estim\u00e9e\" \/>\n\t<meta name=\"twitter:data1\" content=\"4 minutes\" \/>\n<script type=\"application\/ld+json\" class=\"yoast-schema-graph\">{\"@context\":\"https:\/\/schema.org\",\"@graph\":[{\"@type\":\"WebPage\",\"@id\":\"https:\/\/business.roovi.com\/fr\/puzzle-adulte-de-1000-pieces-edouard-manet-un-bar-aux-folies-bergere\/p\/\",\"url\":\"https:\/\/business.roovi.com\/fr\/puzzle-adulte-de-1000-pieces-edouard-manet-un-bar-aux-folies-bergere\/p\/\",\"name\":\"Puzzle adulte de 1000 pi\u00e8ces \u00c9douard Manet - Un bar aux Folies-Berg\u00e8re\",\"isPartOf\":{\"@id\":\"https:\/\/business.roovi.com\/fr\/#website\"},\"datePublished\":\"2018-04-16T10:56:16+00:00\",\"dateModified\":\"2022-07-13T11:16:00+00:00\",\"description\":\"Puzzle adulte de 1000 pi\u00e8ces \u00c9douard Manet - Un bar aux Folies-Berg\u00e8re\",\"breadcrumb\":{\"@id\":\"https:\/\/business.roovi.com\/fr\/puzzle-adulte-de-1000-pieces-edouard-manet-un-bar-aux-folies-bergere\/p\/#breadcrumb\"},\"inLanguage\":\"fr-FR\",\"potentialAction\":[{\"@type\":\"ReadAction\",\"target\":[\"https:\/\/business.roovi.com\/fr\/puzzle-adulte-de-1000-pieces-edouard-manet-un-bar-aux-folies-bergere\/p\/\"]}]},{\"@type\":\"BreadcrumbList\",\"@id\":\"https:\/\/business.roovi.com\/fr\/puzzle-adulte-de-1000-pieces-edouard-manet-un-bar-aux-folies-bergere\/p\/#breadcrumb\",\"itemListElement\":[{\"@type\":\"ListItem\",\"position\":1,\"name\":\"Home\",\"item\":\"https:\/\/business.roovi.com\/fr\/\"},{\"@type\":\"ListItem\",\"position\":2,\"name\":\"Boutique\",\"item\":\"https:\/\/business.roovi.com\/fr\/boutique\/\"},{\"@type\":\"ListItem\",\"position\":3,\"name\":\"Puzzle adulte de 1000 pi\u00e8ces \u00c9douard Manet &#8211; Un bar aux Folies-Berg\u00e8re\"}]},{\"@type\":\"WebSite\",\"@id\":\"https:\/\/business.roovi.com\/fr\/#website\",\"url\":\"https:\/\/business.roovi.com\/fr\/\",\"name\":\"Roovi B2B\",\"description\":\"Roovi Business Website\",\"potentialAction\":[{\"@type\":\"SearchAction\",\"target\":{\"@type\":\"EntryPoint\",\"urlTemplate\":\"https:\/\/business.roovi.com\/fr\/?s={search_term_string}\"},\"query-input\":\"required name=search_term_string\"}],\"inLanguage\":\"fr-FR\"}]}<\/script>\n<!-- \/ Yoast SEO plugin. -->","yoast_head_json":{"title":"Puzzle adulte de 1000 pi\u00e8ces \u00c9douard Manet - Un bar aux Folies-Berg\u00e8re","description":"Puzzle adulte de 1000 pi\u00e8ces \u00c9douard Manet - Un bar aux Folies-Berg\u00e8re","robots":{"index":"index","follow":"follow","max-snippet":"max-snippet:-1","max-image-preview":"max-image-preview:large","max-video-preview":"max-video-preview:-1"},"canonical":"https:\/\/business.roovi.com\/fr\/puzzle-adulte-de-1000-pieces-edouard-manet-un-bar-aux-folies-bergere\/p\/","og_locale":"fr_FR","og_type":"article","og_title":"Puzzle adulte de 1000 pi\u00e8ces \u00c9douard Manet - Un bar aux Folies-Berg\u00e8re","og_description":"Puzzle adulte de 1000 pi\u00e8ces \u00c9douard Manet - Un bar aux Folies-Berg\u00e8re","og_url":"https:\/\/business.roovi.com\/fr\/puzzle-adulte-de-1000-pieces-edouard-manet-un-bar-aux-folies-bergere\/p\/","og_site_name":"Roovi B2B","article_publisher":"https:\/\/www.facebook.com\/wwwjucariero","article_modified_time":"2022-07-13T11:16:00+00:00","og_image":[{"width":1200,"height":1200,"url":"https:\/\/business.roovi.com\/wp-content\/uploads\/2018\/04\/73068-01_ansamblu_dimensiuni_cutie_cm_orizontal_1200x1200.png","type":"image\/png"}],"twitter_misc":{"Dur\u00e9e de lecture estim\u00e9e":"4 minutes"},"schema":{"@context":"https:\/\/schema.org","@graph":[{"@type":"WebPage","@id":"https:\/\/business.roovi.com\/fr\/puzzle-adulte-de-1000-pieces-edouard-manet-un-bar-aux-folies-bergere\/p\/","url":"https:\/\/business.roovi.com\/fr\/puzzle-adulte-de-1000-pieces-edouard-manet-un-bar-aux-folies-bergere\/p\/","name":"Puzzle adulte de 1000 pi\u00e8ces \u00c9douard Manet - Un bar aux Folies-Berg\u00e8re","isPartOf":{"@id":"https:\/\/business.roovi.com\/fr\/#website"},"datePublished":"2018-04-16T10:56:16+00:00","dateModified":"2022-07-13T11:16:00+00:00","description":"Puzzle adulte de 1000 pi\u00e8ces \u00c9douard Manet - Un bar aux Folies-Berg\u00e8re","breadcrumb":{"@id":"https:\/\/business.roovi.com\/fr\/puzzle-adulte-de-1000-pieces-edouard-manet-un-bar-aux-folies-bergere\/p\/#breadcrumb"},"inLanguage":"fr-FR","potentialAction":[{"@type":"ReadAction","target":["https:\/\/business.roovi.com\/fr\/puzzle-adulte-de-1000-pieces-edouard-manet-un-bar-aux-folies-bergere\/p\/"]}]},{"@type":"BreadcrumbList","@id":"https:\/\/business.roovi.com\/fr\/puzzle-adulte-de-1000-pieces-edouard-manet-un-bar-aux-folies-bergere\/p\/#breadcrumb","itemListElement":[{"@type":"ListItem","position":1,"name":"Home","item":"https:\/\/business.roovi.com\/fr\/"},{"@type":"ListItem","position":2,"name":"Boutique","item":"https:\/\/business.roovi.com\/fr\/boutique\/"},{"@type":"ListItem","position":3,"name":"Puzzle adulte de 1000 pi\u00e8ces \u00c9douard Manet &#8211; Un bar aux Folies-Berg\u00e8re"}]},{"@type":"WebSite","@id":"https:\/\/business.roovi.com\/fr\/#website","url":"https:\/\/business.roovi.com\/fr\/","name":"Roovi B2B","description":"Roovi Business Website","potentialAction":[{"@type":"SearchAction","target":{"@type":"EntryPoint","urlTemplate":"https:\/\/business.roovi.com\/fr\/?s={search_term_string}"},"query-input":"required name=search_term_string"}],"inLanguage":"fr-FR"}]}},"_links":{"self":[{"href":"https:\/\/business.roovi.com\/fr\/wp-json\/wp\/v2\/product\/55105","targetHints":{"allow":["GET"]}}],"collection":[{"href":"https:\/\/business.roovi.com\/fr\/wp-json\/wp\/v2\/product"}],"about":[{"href":"https:\/\/business.roovi.com\/fr\/wp-json\/wp\/v2\/types\/product"}],"version-history":[{"count":0,"href":"https:\/\/business.roovi.com\/fr\/wp-json\/wp\/v2\/product\/55105\/revisions"}],"wp:featuredmedia":[{"embeddable":true,"href":"https:\/\/business.roovi.com\/fr\/wp-json\/wp\/v2\/media\/63588"}],"wp:attachment":[{"href":"https:\/\/business.roovi.com\/fr\/wp-json\/wp\/v2\/media?parent=55105"}],"wp:term":[{"taxonomy":"product_brand","embeddable":true,"href":"https:\/\/business.roovi.com\/fr\/wp-json\/wp\/v2\/product_brand?post=55105"},{"taxonomy":"product_cat","embeddable":true,"href":"https:\/\/business.roovi.com\/fr\/wp-json\/wp\/v2\/product_cat?post=55105"},{"taxonomy":"product_tag","embeddable":true,"href":"https:\/\/business.roovi.com\/fr\/wp-json\/wp\/v2\/product_tag?post=55105"}],"curies":[{"name":"wp","href":"https:\/\/api.w.org\/{rel}","templated":true}]}}