{"id":55107,"date":"2018-04-16T10:56:16","date_gmt":"2018-04-16T10:56:16","guid":{"rendered":"https:\/\/business.roovi.com\/puzzle-adulti-1000-piese-egiptul-antic-tutankhamon-si-ankhesenamun\/p\/"},"modified":"2022-07-13T11:16:05","modified_gmt":"2022-07-13T11:16:05","slug":"puzzle-adulte-1000-pieces-egypte-ancienne-toutankhamon-et-ankhesenamon","status":"publish","type":"product","link":"https:\/\/business.roovi.com\/fr\/puzzle-adulte-1000-pieces-egypte-ancienne-toutankhamon-et-ankhesenamon\/p\/","title":{"rendered":"Puzzle adulte 1000 pi\u00e8ces &#8211; \u00c9gypte ancienne Toutankhamon et Ankhesenamon"},"content":{"rendered":"<p><span style=\"font-size: 14px;\"><span style=\"font-weight: 400;\">Tu es fascin\u00e9 par les civilisations anciennes ? S\u00fbrement une image d&rsquo;un fragment repr\u00e9sentatif du plus pr\u00e9cieux tr\u00e9sor \u00e9gyptien <\/span><span style=\"font-weight: 400;\">va piquer ton int\u00e9r\u00eat. Arrange les pi\u00e8ces du puzzle de 1000 pi\u00e8ces de l&rsquo;\u00c9gypte ancienne Adultes Toutankhamon et Ankhesenamon et obtiens une image fabuleuse qui t&#8217;emm\u00e8ne dans le monde fascinant des pharaons \u00e9gyptiens.<\/span><\/span><\/p>\n<p><span style=\"font-size: 14px;\"><span style=\"font-weight: 400;\">Casse-t\u00eate adulte de 1000 pi\u00e8ces sur l&rsquo;\u00c9gypte ancienne <\/span><span style=\"font-weight: 400;\">Toutankhamon et Ankhesenamun repr\u00e9sente un fragment du dos du Tr\u00f4ne d&rsquo;or de Toutankhamon, un pr\u00e9cieux tr\u00e9sor d\u00e9couvert en 1922 par Howard Carter <\/span><\/span><\/p>\n<p><span style=\"font-size: 14px;\"><span style=\"font-weight: 400;\">Le magot qui se trouve dans l&rsquo;antichambre de la tombe du pharaon est le plus pr\u00e9cieux des tr\u00f4nes datant de l&rsquo;\u00c9gypte ancienne <\/span><span style=\"font-weight: 400;\">L&rsquo;iconographie au dos du tr\u00f4ne montre le pharaon et sa femme sous les rayons protecteurs du soleil, symbole du dieu Aton. L&rsquo;image montre l&rsquo;amour du pharaon pour sa femme, leur relation \u00e9troite et leur conviction religieuse <\/span><\/span><\/p>\n<p><span style=\"font-weight: 400; font-size: 14px;\">De cet \u00e9tonnant puzzle de 1000 pi\u00e8ces, tu obtiendras une image \u00e9tincelante qui ravira tes yeux et te fera remonter le temps jusqu&rsquo;aux temps lointains de l&rsquo;\u00c9gypte ancienne. Tu peux utiliser une table basse standard pour soutenir les pi\u00e8ces.<\/span><\/p>\n<p><span style=\"font-size: 14px;\"><strong>Pourquoi choisir le puzzle 1000 pi\u00e8ces <\/strong><strong>Pi\u00e8ces de l&rsquo;\u00c9gypte ancienne &#8211; <\/strong><strong>Toutankhamon et Ankhesenamun ?<\/strong><\/span><\/p>\n<p><span style=\"font-weight: 400; font-size: 14px;\">Tu obtiendras une photo de 50 x 70 cm qui sera superbe dans le cadre et embellira ta maison.<\/span><\/p>\n<p><span style=\"font-weight: 400; font-size: 14px;\">Il est fabriqu\u00e9 en carton bleu de haute qualit\u00e9, d&rsquo;une \u00e9paisseur de 2 mm, ce qui lui conf\u00e8re une longue dur\u00e9e de vie <\/span><\/p>\n<p><span style=\"font-weight: 400; font-size: 14px;\">Il a une finition semi-brillante et des couleurs vives, et l&rsquo;image assembl\u00e9e est une vraie photo.<\/span><\/p>\n<p><span style=\"font-weight: 400; font-size: 14px;\">Les pi\u00e8ces du puzzle s&#8217;embo\u00eetent parfaitement gr\u00e2ce \u00e0 la pr\u00e9cision de la coupe.<\/span><\/p>\n<p><span style=\"font-weight: 400; font-size: 14px;\">Il est fabriqu\u00e9 \u00e0 partir de mat\u00e9riaux durables et recyclables. Nous prot\u00e9geons donc la nature et prenons soin de l&rsquo;environnement.<\/span><\/p>\n<p><span style=\"font-weight: 400; font-size: 14px;\">Elle convient aux plus de 14 ans et tu peux faire participer tes enfants adolescents \u00e0 cette activit\u00e9 relaxante.<\/span><\/p>\n<p><strong><span style=\"font-size: 14px;\">Les jeux de r\u00e9flexion ont des avantages incroyables dont tu peux profiter tous les jours :<\/span><\/strong><\/p>\n<ul>\n<li><span style=\"font-weight: 400; font-size: 14px;\">Ils t&rsquo;aident \u00e0 te relaxer et \u00e0 te d\u00e9tendre des soucis quotidiens.<\/span><\/li>\n<li><span style=\"font-weight: 400; font-size: 14px;\">Ils sont l&rsquo;occasion de socialiser avec la famille ou les amis<\/span><\/li>\n<li><span style=\"font-weight: 400; font-size: 14px;\">Augmente ton attention aux d\u00e9tails et ta capacit\u00e9 \u00e0 te concentrer<\/span><\/li>\n<li><span style=\"font-weight: 400; font-size: 14px;\">Ils t&rsquo;entra\u00eenent \u00e0 \u00eatre pers\u00e9v\u00e9rant dans tout ce que tu fais.<\/span><\/li>\n<li><span style=\"font-weight: 400; font-size: 14px;\">Ils te donnent un sentiment de bien-\u00eatre et d&rsquo;optimisme.<\/span><\/li>\n<\/ul>\n<p><span style=\"font-size: 14px;\"><strong>Connaissais-tu le tr\u00e9sor de Toutankhamon ?<\/strong><\/span><\/p>\n<p><span style=\"font-weight: 400; font-size: 14px;\">Il est plein de&#8230; d&rsquo;or, contenant des pi\u00e8ces pesant environ 110 kg d&rsquo;or massif.<\/span><\/p>\n<p><span style=\"font-weight: 400; font-size: 14px;\">La pi\u00e8ce ma\u00eetresse du magot est un masque fun\u00e9raire en or massif pesant 10 kg.<\/span><\/p>\n<p><span style=\"font-size: 14px;\"><span style=\"font-weight: 400;\">Certains croient en<\/span><em><span style=\"font-weight: 400;\"> La mal\u00e9diction du Pharaon <\/span><\/em><span style=\"font-weight: 400;\">aliment\u00e9e par la mort myst\u00e9rieuse de Lord Carnarvon, qui a financ\u00e9 les travaux de d\u00e9couverte du magot, et de Howard Carter, qui a d\u00e9terr\u00e9 la tombe du pharaon.<\/span><\/span><\/p>\n<p><span style=\"font-size: 14px;\"><span style=\"font-weight: 400;\">Toutankhamon<\/span> <span style=\"font-weight: 400;\">est devenu pharaon \u00e0 seulement 9 ans et est mort \u00e0 19 ans.<\/span><\/span><\/p>\n<p><span style=\"font-size: 14px;\"><span style=\"font-weight: 400;\">Il \u00e9tait mari\u00e9 \u00e0 sa demi-s\u0153ur, <\/span><span style=\"font-weight: 400;\">Ankhesenamun.<\/span><\/span><\/p>\n<p><span style=\"font-size: 14px;\"><strong>Les jeux de puzzle aiguisent ton app\u00e9tit de connaissances<\/strong><\/span><\/p>\n<p><span style=\"font-weight: 400; font-size: 14px;\">Assembler un puzzle de 1000 pi\u00e8ces de l&rsquo;\u00c9gypte ancienne est un d\u00e9fi non seulement pour tes comp\u00e9tences d&rsquo;assemblage, mais aussi pour ton esprit avide de connaissances. Lorsqu&rsquo;une sc\u00e8ne scintillante se d\u00e9roule devant toi, repr\u00e9sentant une image de certains des plus pr\u00e9cieux tr\u00e9sors de l&rsquo;\u00c9gypte ancienne, tu veux d\u00e9couvrir autant que possible les myst\u00e8res de cette ancienne civilisation.<\/span><\/p>\n<p><span style=\"font-weight: 400; font-size: 14px;\">Les jeux de puzzle d\u00e9veloppent \u00e9galement de nombreuses comp\u00e9tences telles que :<\/span><\/p>\n<ul>\n<li><span style=\"font-weight: 400; font-size: 14px;\">Comp\u00e9tences en r\u00e9solution de probl\u00e8mes<\/span><\/li>\n<li><span style=\"font-weight: 400; font-size: 14px;\">M\u00e9moire<\/span><\/li>\n<li><span style=\"font-weight: 400; font-size: 14px;\">Pens\u00e9e logique<\/span><\/li>\n<li><span style=\"font-weight: 400; font-size: 14px;\">L&rsquo;imagination.<\/span><\/li>\n<\/ul>\n<p><span style=\"font-size: 14px;\"><span style=\"font-weight: 400;\">Choisis un puzzle de 1000 pi\u00e8ces Ancient Egypt &#8211; <\/span><span style=\"font-weight: 400;\">Tutankhamun et Ankhesenamun pour les moments ennuyeux o\u00f9 le mauvais temps te retient \u00e0 l&rsquo;int\u00e9rieur. Combine les pi\u00e8ces du puzzle de 1000 pi\u00e8ces et tu obtiendras une image fascinante juste parfaite pour \u00eatre plac\u00e9e dans ton cadre.<\/span><\/span><\/p>\n<p><span style=\"font-size: 14px;\"><span style=\"font-weight: 400;\">Tu cherches le cadeau id\u00e9al ? Puzzle de 1000 pi\u00e8ces <\/span><span style=\"font-weight: 400;\">\u00c9gypte ancienne &#8211; <\/span><span style=\"font-weight: 400;\">Toutankhamon et Ankhesenamun de la collection de puzzles pour adultes est le choix id\u00e9al.<\/span><\/span><\/p><\/p>\n","protected":false},"excerpt":{"rendered":"<p>Tu es fascin\u00e9 par les civilisations anciennes ? S\u00fbrement une image d&rsquo;un fragment repr\u00e9sentatif du plus pr\u00e9cieux tr\u00e9sor \u00e9gyptien va<\/p>\n","protected":false},"featured_media":46477,"template":"","meta":[],"product_brand":[],"product_cat":[2314,2316,2315],"product_tag":[],"class_list":{"0":"post-55107","1":"product","2":"type-product","3":"status-publish","4":"has-post-thumbnail","6":"product_cat-puzzles-fr","7":"product_cat-puzzles-de-1000-pieces","8":"product_cat-puzzles-pour-adultes","9":"pa_bax-10-fr","10":"pa_brand-d_toys-fr","11":"pa_country_of_manufacture-ro-fr","12":"pa_filter_age-14-fr","13":"pa_painter-legypte-ancienne","14":"pa_tip_ambalaj-boite","15":"pa_tip_puzzle-classique","17":"first","18":"instock","19":"taxable","20":"shipping-taxable","21":"product-type-simple"},"yoast_head":"<!-- This site is optimized with the Yoast SEO plugin v20.1 - https:\/\/yoast.com\/wordpress\/plugins\/seo\/ -->\n<title>Puzzle adulte 1000 pi\u00e8ces - \u00c9gypte ancienne Toutankhamon et Ankhesenamon<\/title>\n<meta name=\"description\" content=\"Puzzle adulte 1000 pi\u00e8ces - \u00c9gypte ancienne Toutankhamon et Ankhesenamon\" \/>\n<meta name=\"robots\" content=\"index, follow, max-snippet:-1, max-image-preview:large, max-video-preview:-1\" \/>\n<link rel=\"canonical\" href=\"https:\/\/business.roovi.com\/fr\/puzzle-adulte-1000-pieces-egypte-ancienne-toutankhamon-et-ankhesenamon\/p\/\" \/>\n<meta property=\"og:locale\" content=\"fr_FR\" \/>\n<meta property=\"og:type\" content=\"article\" \/>\n<meta property=\"og:title\" content=\"Puzzle adulte 1000 pi\u00e8ces - \u00c9gypte ancienne Toutankhamon et Ankhesenamon\" \/>\n<meta property=\"og:description\" content=\"Puzzle adulte 1000 pi\u00e8ces - \u00c9gypte ancienne Toutankhamon et Ankhesenamon\" \/>\n<meta property=\"og:url\" content=\"https:\/\/business.roovi.com\/fr\/puzzle-adulte-1000-pieces-egypte-ancienne-toutankhamon-et-ankhesenamon\/p\/\" \/>\n<meta property=\"og:site_name\" content=\"Roovi B2B\" \/>\n<meta property=\"article:publisher\" content=\"https:\/\/www.facebook.com\/wwwjucariero\" \/>\n<meta property=\"article:modified_time\" content=\"2022-07-13T11:16:05+00:00\" \/>\n<meta property=\"og:image\" content=\"https:\/\/business.roovi.com\/wp-content\/uploads\/2018\/04\/65971_01.jpg\" \/>\n\t<meta property=\"og:image:width\" content=\"1200\" \/>\n\t<meta property=\"og:image:height\" content=\"1200\" \/>\n\t<meta property=\"og:image:type\" content=\"image\/jpeg\" \/>\n<meta name=\"twitter:label1\" content=\"Dur\u00e9e de lecture estim\u00e9e\" \/>\n\t<meta name=\"twitter:data1\" content=\"3 minutes\" \/>\n<script type=\"application\/ld+json\" class=\"yoast-schema-graph\">{\"@context\":\"https:\/\/schema.org\",\"@graph\":[{\"@type\":\"WebPage\",\"@id\":\"https:\/\/business.roovi.com\/fr\/puzzle-adulte-1000-pieces-egypte-ancienne-toutankhamon-et-ankhesenamon\/p\/\",\"url\":\"https:\/\/business.roovi.com\/fr\/puzzle-adulte-1000-pieces-egypte-ancienne-toutankhamon-et-ankhesenamon\/p\/\",\"name\":\"Puzzle adulte 1000 pi\u00e8ces - \u00c9gypte ancienne Toutankhamon et Ankhesenamon\",\"isPartOf\":{\"@id\":\"https:\/\/business.roovi.com\/fr\/#website\"},\"datePublished\":\"2018-04-16T10:56:16+00:00\",\"dateModified\":\"2022-07-13T11:16:05+00:00\",\"description\":\"Puzzle adulte 1000 pi\u00e8ces - \u00c9gypte ancienne Toutankhamon et Ankhesenamon\",\"breadcrumb\":{\"@id\":\"https:\/\/business.roovi.com\/fr\/puzzle-adulte-1000-pieces-egypte-ancienne-toutankhamon-et-ankhesenamon\/p\/#breadcrumb\"},\"inLanguage\":\"fr-FR\",\"potentialAction\":[{\"@type\":\"ReadAction\",\"target\":[\"https:\/\/business.roovi.com\/fr\/puzzle-adulte-1000-pieces-egypte-ancienne-toutankhamon-et-ankhesenamon\/p\/\"]}]},{\"@type\":\"BreadcrumbList\",\"@id\":\"https:\/\/business.roovi.com\/fr\/puzzle-adulte-1000-pieces-egypte-ancienne-toutankhamon-et-ankhesenamon\/p\/#breadcrumb\",\"itemListElement\":[{\"@type\":\"ListItem\",\"position\":1,\"name\":\"Home\",\"item\":\"https:\/\/business.roovi.com\/fr\/\"},{\"@type\":\"ListItem\",\"position\":2,\"name\":\"Boutique\",\"item\":\"https:\/\/business.roovi.com\/fr\/boutique\/\"},{\"@type\":\"ListItem\",\"position\":3,\"name\":\"Puzzle adulte 1000 pi\u00e8ces &#8211; \u00c9gypte ancienne Toutankhamon et Ankhesenamon\"}]},{\"@type\":\"WebSite\",\"@id\":\"https:\/\/business.roovi.com\/fr\/#website\",\"url\":\"https:\/\/business.roovi.com\/fr\/\",\"name\":\"Roovi B2B\",\"description\":\"Roovi Business Website\",\"potentialAction\":[{\"@type\":\"SearchAction\",\"target\":{\"@type\":\"EntryPoint\",\"urlTemplate\":\"https:\/\/business.roovi.com\/fr\/?s={search_term_string}\"},\"query-input\":\"required name=search_term_string\"}],\"inLanguage\":\"fr-FR\"}]}<\/script>\n<!-- \/ Yoast SEO plugin. -->","yoast_head_json":{"title":"Puzzle adulte 1000 pi\u00e8ces - \u00c9gypte ancienne Toutankhamon et Ankhesenamon","description":"Puzzle adulte 1000 pi\u00e8ces - \u00c9gypte ancienne Toutankhamon et Ankhesenamon","robots":{"index":"index","follow":"follow","max-snippet":"max-snippet:-1","max-image-preview":"max-image-preview:large","max-video-preview":"max-video-preview:-1"},"canonical":"https:\/\/business.roovi.com\/fr\/puzzle-adulte-1000-pieces-egypte-ancienne-toutankhamon-et-ankhesenamon\/p\/","og_locale":"fr_FR","og_type":"article","og_title":"Puzzle adulte 1000 pi\u00e8ces - \u00c9gypte ancienne Toutankhamon et Ankhesenamon","og_description":"Puzzle adulte 1000 pi\u00e8ces - \u00c9gypte ancienne Toutankhamon et Ankhesenamon","og_url":"https:\/\/business.roovi.com\/fr\/puzzle-adulte-1000-pieces-egypte-ancienne-toutankhamon-et-ankhesenamon\/p\/","og_site_name":"Roovi B2B","article_publisher":"https:\/\/www.facebook.com\/wwwjucariero","article_modified_time":"2022-07-13T11:16:05+00:00","og_image":[{"width":1200,"height":1200,"url":"https:\/\/business.roovi.com\/wp-content\/uploads\/2018\/04\/65971_01.jpg","type":"image\/jpeg"}],"twitter_misc":{"Dur\u00e9e de lecture estim\u00e9e":"3 minutes"},"schema":{"@context":"https:\/\/schema.org","@graph":[{"@type":"WebPage","@id":"https:\/\/business.roovi.com\/fr\/puzzle-adulte-1000-pieces-egypte-ancienne-toutankhamon-et-ankhesenamon\/p\/","url":"https:\/\/business.roovi.com\/fr\/puzzle-adulte-1000-pieces-egypte-ancienne-toutankhamon-et-ankhesenamon\/p\/","name":"Puzzle adulte 1000 pi\u00e8ces - \u00c9gypte ancienne Toutankhamon et Ankhesenamon","isPartOf":{"@id":"https:\/\/business.roovi.com\/fr\/#website"},"datePublished":"2018-04-16T10:56:16+00:00","dateModified":"2022-07-13T11:16:05+00:00","description":"Puzzle adulte 1000 pi\u00e8ces - \u00c9gypte ancienne Toutankhamon et Ankhesenamon","breadcrumb":{"@id":"https:\/\/business.roovi.com\/fr\/puzzle-adulte-1000-pieces-egypte-ancienne-toutankhamon-et-ankhesenamon\/p\/#breadcrumb"},"inLanguage":"fr-FR","potentialAction":[{"@type":"ReadAction","target":["https:\/\/business.roovi.com\/fr\/puzzle-adulte-1000-pieces-egypte-ancienne-toutankhamon-et-ankhesenamon\/p\/"]}]},{"@type":"BreadcrumbList","@id":"https:\/\/business.roovi.com\/fr\/puzzle-adulte-1000-pieces-egypte-ancienne-toutankhamon-et-ankhesenamon\/p\/#breadcrumb","itemListElement":[{"@type":"ListItem","position":1,"name":"Home","item":"https:\/\/business.roovi.com\/fr\/"},{"@type":"ListItem","position":2,"name":"Boutique","item":"https:\/\/business.roovi.com\/fr\/boutique\/"},{"@type":"ListItem","position":3,"name":"Puzzle adulte 1000 pi\u00e8ces &#8211; \u00c9gypte ancienne Toutankhamon et Ankhesenamon"}]},{"@type":"WebSite","@id":"https:\/\/business.roovi.com\/fr\/#website","url":"https:\/\/business.roovi.com\/fr\/","name":"Roovi B2B","description":"Roovi Business Website","potentialAction":[{"@type":"SearchAction","target":{"@type":"EntryPoint","urlTemplate":"https:\/\/business.roovi.com\/fr\/?s={search_term_string}"},"query-input":"required name=search_term_string"}],"inLanguage":"fr-FR"}]}},"_links":{"self":[{"href":"https:\/\/business.roovi.com\/fr\/wp-json\/wp\/v2\/product\/55107","targetHints":{"allow":["GET"]}}],"collection":[{"href":"https:\/\/business.roovi.com\/fr\/wp-json\/wp\/v2\/product"}],"about":[{"href":"https:\/\/business.roovi.com\/fr\/wp-json\/wp\/v2\/types\/product"}],"version-history":[{"count":0,"href":"https:\/\/business.roovi.com\/fr\/wp-json\/wp\/v2\/product\/55107\/revisions"}],"wp:featuredmedia":[{"embeddable":true,"href":"https:\/\/business.roovi.com\/fr\/wp-json\/wp\/v2\/media\/46477"}],"wp:attachment":[{"href":"https:\/\/business.roovi.com\/fr\/wp-json\/wp\/v2\/media?parent=55107"}],"wp:term":[{"taxonomy":"product_brand","embeddable":true,"href":"https:\/\/business.roovi.com\/fr\/wp-json\/wp\/v2\/product_brand?post=55107"},{"taxonomy":"product_cat","embeddable":true,"href":"https:\/\/business.roovi.com\/fr\/wp-json\/wp\/v2\/product_cat?post=55107"},{"taxonomy":"product_tag","embeddable":true,"href":"https:\/\/business.roovi.com\/fr\/wp-json\/wp\/v2\/product_tag?post=55107"}],"curies":[{"name":"wp","href":"https:\/\/api.w.org\/{rel}","templated":true}]}}