{"id":55109,"date":"2018-04-16T10:56:16","date_gmt":"2018-04-16T10:56:16","guid":{"rendered":"https:\/\/business.roovi.com\/puzzle-adulti-1000-piese-cal-alb\/p\/"},"modified":"2022-10-20T10:15:00","modified_gmt":"2022-10-20T10:15:00","slug":"puzzle-adulte-1000-pieces-cheval-blanc","status":"publish","type":"product","link":"https:\/\/business.roovi.com\/fr\/puzzle-adulte-1000-pieces-cheval-blanc\/p\/","title":{"rendered":"Puzzle Adulte 1000 pi\u00e8ces Cheval Blanc"},"content":{"rendered":"<p><strong><em>Si tu aimes \u00e0 la fois les puzzles et la nature, tu vas aimer recr\u00e9er cette magnifique image d&rsquo;un cheval blanc courant librement dans la nature \u00e0 partir de 1000 pi\u00e8ces.<\/em><\/strong><\/p>\n<p><span style=\"font-weight: 400;\">Animal noble, symbole de gr\u00e2ce et de courage, le cheval est l&rsquo;un des animaux les plus intelligents qui offre \u00e0 l&rsquo;homme une loyaut\u00e9 et une amiti\u00e9 inconditionnelles. Si tu es fascin\u00e9 par ce merveilleux animal, tu appr\u00e9cieras encore plus la qualit\u00e9 sp\u00e9ciale du puzzle 1000 pi\u00e8ces images &#8211; Cheval blanc.<\/span><\/p>\n<p><span style=\"font-weight: 400;\">L&rsquo;activit\u00e9 d&rsquo;assemblage peut \u00eatre plus interactive et amusante en compagnie de tes proches. Fais aussi participer les enfants au jeu du puzzle, ils adoreront chercher les bons d\u00e9tails parmi les centaines de pi\u00e8ces et remplir l&rsquo;image avec toi.<\/span><\/p>\n<p><span style=\"font-weight: 400;\">\u00c0 la fin, tu peux c\u00e9l\u00e9brer ton travail d&rsquo;\u00e9quipe en mettant la photo dans le cadre. Ce sera un objet d\u00e9coratif appr\u00e9ci\u00e9 de tous et un souvenir pr\u00e9cieux de vos moments pass\u00e9s ensemble.<\/span><\/p>\n<p><strong>Pourquoi choisir le puzzle 1000 pi\u00e8ces &#8211; Cheval blanc ?<\/strong><\/p>\n<p><span style=\"font-weight: 400;\">C&rsquo;est une fa\u00e7on amusante et cr\u00e9ative de passer ton temps libre.<\/span><\/p>\n<p><span style=\"font-weight: 400;\">Tu obtiens une planche de 68 x 47 cm qui se transforme en une superbe pi\u00e8ce d\u00e9corative.<\/span><\/p>\n<p><span style=\"font-weight: 400;\">Les pi\u00e8ces sont en carton bleu de haute qualit\u00e9, d&rsquo;une \u00e9paisseur de 2 mm, ce qui te permet de refaire le tableau de nombreuses fois sans qu&rsquo;il se d\u00e9t\u00e9riore.<\/span><\/p>\n<p><span style=\"font-weight: 400;\">Il est respectueux de l&rsquo;environnement car il est fabriqu\u00e9 \u00e0 partir de mat\u00e9riaux recyclables et durables.<\/span><\/p>\n<p><span style=\"font-weight: 400;\">La finition est semi-brillante, dans des couleurs agr\u00e9ables qui font ressortir la clart\u00e9 de l&rsquo;image.<\/span><\/p>\n<p><span style=\"font-weight: 400;\">Il est adapt\u00e9 aux plus de 14 ans, une occasion de passer du temps libre avec les adolescents.<\/span><\/p>\n<p><span style=\"font-weight: 400;\">L&rsquo;activit\u00e9 consistant \u00e0 assembler des jeux de puzzle d\u00e9veloppe de multiples comp\u00e9tences qui t&rsquo;aident dans tes activit\u00e9s quotidiennes :<\/span><\/p>\n<ul>\n<li><span style=\"font-weight: 400;\">Cela cultive ta patience et permet une exp\u00e9rience r\u00e9ussie.<\/span><\/li>\n<li><span style=\"font-weight: 400;\">Cela d\u00e9veloppe ta cr\u00e9ativit\u00e9 et ta curiosit\u00e9 &#8211; tu es comme un vrai d\u00e9tective qui cherche des indices pour aider \u00e0 r\u00e9soudre une affaire difficile.<\/span><\/li>\n<li><span style=\"font-weight: 400;\">Il d\u00e9veloppe ton esprit logique en associant des pi\u00e8ces qui se ressemblent.<\/span><\/li>\n<li><span style=\"font-weight: 400;\">Elle t&rsquo;apprend \u00e0 ne pas abandonner, m\u00eame lorsque tout semble d\u00e9sesp\u00e9r\u00e9.<\/span><\/li>\n<li><span style=\"font-weight: 400;\">C&rsquo;est un excellent exercice pour le cerveau, il engage les deux h\u00e9misph\u00e8res du cerveau et d\u00e9veloppe \u00e0 la fois ton imagination et ta m\u00e9moire.<\/span><\/li>\n<\/ul>\n<p><strong>Tu savais que&#8230; ?<\/strong><\/p>\n<p><span style=\"font-weight: 400;\">Le plus vieil anc\u00eatre du cheval vivait il y a plus de 50 millions d&rsquo;ann\u00e9es.<\/span><\/p>\n<p><span style=\"font-weight: 400;\">La domestication des chevaux a eu lieu il y a environ 6000 ans <\/span><\/p>\n<p><span style=\"font-weight: 400;\">Les chevaux ont 10 types de muscles dans leurs oreilles pour pouvoir les tourner \u00e0 180 degr\u00e9s.<\/span><\/p>\n<p><span style=\"font-weight: 400;\">Ils ont un champ de vision tr\u00e8s large de 360 degr\u00e9s.<\/span><\/p>\n<p><span style=\"font-weight: 400;\">Les chevaux ne peuvent pas respirer par la bouche, seulement par le nez.<\/span><\/p>\n<p><span style=\"font-weight: 400;\">Un poulain est capable de courir quelques heures apr\u00e8s sa naissance <\/span><\/p>\n<p><strong>Puzzle 1000 pi\u00e8ces Cheval blanc &#8211; libert\u00e9 cr\u00e9ative infinie<\/strong><\/p>\n<p><span style=\"font-weight: 400;\">L&rsquo;image du cheval blanc dans le puzzle de 1000 pi\u00e8ces te donne un sentiment de libert\u00e9. C&rsquo;est pourquoi refaire le tableau est un moment de d\u00e9tente et une occasion de te recharger avec beaucoup d&rsquo;\u00e9nergie positive <\/span><\/p>\n<p><span style=\"font-weight: 400;\">Tu profites du moment pr\u00e9sent, tu vides ton esprit des pens\u00e9es n\u00e9gatives et tu vis une exp\u00e9rience cr\u00e9ative incroyable. C&rsquo;est ton moment avec toi-m\u00eame. Vis-le \u00e0 fond et connecte-toi \u00e0 la merveilleuse \u00e9nergie inspir\u00e9e par un grand jeu de puzzle.<\/span><\/p>\n<p><span style=\"font-weight: 400;\">Puzzle 1000 pi\u00e8ces &#8211; Cheval blanc est un jeu de puzzle fascinant que tu peux garder chez toi pour vivre des moments de d\u00e9tente et de d\u00e9tachement seul ou avec tes proches. Il peut aussi \u00eatre un excellent cadeau si tu veux surprendre agr\u00e9ablement un adulte passionn\u00e9 de puzzles.<\/span><\/p>\n","protected":false},"excerpt":{"rendered":"<p>Si tu aimes \u00e0 la fois les puzzles et la nature, tu vas aimer recr\u00e9er cette magnifique image d&rsquo;un cheval<\/p>\n","protected":false},"featured_media":58895,"template":"","meta":[],"product_brand":[],"product_cat":[2314,2316,2315],"product_tag":[],"class_list":{"0":"post-55109","1":"product","2":"type-product","3":"status-publish","4":"has-post-thumbnail","6":"product_cat-puzzles-fr","7":"product_cat-puzzles-de-1000-pieces","8":"product_cat-puzzles-pour-adultes","9":"pa_bax-10-fr","10":"pa_brand-d_toys-fr","11":"pa_country_of_manufacture-ro-fr","12":"pa_filter_age-14-fr","13":"pa_painter-chevaux","14":"pa_tip_ambalaj-boite","15":"pa_tip_puzzle-classique","17":"first","18":"instock","19":"taxable","20":"shipping-taxable","21":"product-type-simple"},"yoast_head":"<!-- This site is optimized with the Yoast SEO plugin v20.1 - https:\/\/yoast.com\/wordpress\/plugins\/seo\/ -->\n<title>Puzzle Adulte 1000 pi\u00e8ces Cheval Blanc<\/title>\n<meta name=\"description\" content=\"Puzzle Adulte 1000 pi\u00e8ces Cheval Blanc\" \/>\n<meta name=\"robots\" content=\"index, follow, max-snippet:-1, max-image-preview:large, max-video-preview:-1\" \/>\n<link rel=\"canonical\" href=\"https:\/\/business.roovi.com\/fr\/puzzle-adulte-1000-pieces-cheval-blanc\/p\/\" \/>\n<meta property=\"og:locale\" content=\"fr_FR\" \/>\n<meta property=\"og:type\" content=\"article\" \/>\n<meta property=\"og:title\" content=\"Puzzle Adulte 1000 pi\u00e8ces Cheval Blanc\" \/>\n<meta property=\"og:description\" content=\"Puzzle Adulte 1000 pi\u00e8ces Cheval Blanc\" \/>\n<meta property=\"og:url\" content=\"https:\/\/business.roovi.com\/fr\/puzzle-adulte-1000-pieces-cheval-blanc\/p\/\" \/>\n<meta property=\"og:site_name\" content=\"Roovi B2B\" \/>\n<meta property=\"article:publisher\" content=\"https:\/\/www.facebook.com\/wwwjucariero\" \/>\n<meta property=\"article:modified_time\" content=\"2022-10-20T10:15:00+00:00\" \/>\n<meta property=\"og:image\" content=\"https:\/\/business.roovi.com\/wp-content\/uploads\/2018\/04\/65988-01-Ansamblu_dimensiuni-cutie-cm_vertical-1.png\" \/>\n\t<meta property=\"og:image:width\" content=\"1200\" \/>\n\t<meta property=\"og:image:height\" content=\"1200\" \/>\n\t<meta property=\"og:image:type\" content=\"image\/png\" \/>\n<meta name=\"twitter:label1\" content=\"Dur\u00e9e de lecture estim\u00e9e\" \/>\n\t<meta name=\"twitter:data1\" content=\"4 minutes\" \/>\n<script type=\"application\/ld+json\" class=\"yoast-schema-graph\">{\"@context\":\"https:\/\/schema.org\",\"@graph\":[{\"@type\":\"WebPage\",\"@id\":\"https:\/\/business.roovi.com\/fr\/puzzle-adulte-1000-pieces-cheval-blanc\/p\/\",\"url\":\"https:\/\/business.roovi.com\/fr\/puzzle-adulte-1000-pieces-cheval-blanc\/p\/\",\"name\":\"Puzzle Adulte 1000 pi\u00e8ces Cheval Blanc\",\"isPartOf\":{\"@id\":\"https:\/\/business.roovi.com\/fr\/#website\"},\"datePublished\":\"2018-04-16T10:56:16+00:00\",\"dateModified\":\"2022-10-20T10:15:00+00:00\",\"description\":\"Puzzle Adulte 1000 pi\u00e8ces Cheval Blanc\",\"breadcrumb\":{\"@id\":\"https:\/\/business.roovi.com\/fr\/puzzle-adulte-1000-pieces-cheval-blanc\/p\/#breadcrumb\"},\"inLanguage\":\"fr-FR\",\"potentialAction\":[{\"@type\":\"ReadAction\",\"target\":[\"https:\/\/business.roovi.com\/fr\/puzzle-adulte-1000-pieces-cheval-blanc\/p\/\"]}]},{\"@type\":\"BreadcrumbList\",\"@id\":\"https:\/\/business.roovi.com\/fr\/puzzle-adulte-1000-pieces-cheval-blanc\/p\/#breadcrumb\",\"itemListElement\":[{\"@type\":\"ListItem\",\"position\":1,\"name\":\"Home\",\"item\":\"https:\/\/business.roovi.com\/fr\/\"},{\"@type\":\"ListItem\",\"position\":2,\"name\":\"Boutique\",\"item\":\"https:\/\/business.roovi.com\/fr\/boutique\/\"},{\"@type\":\"ListItem\",\"position\":3,\"name\":\"Puzzle Adulte 1000 pi\u00e8ces Cheval Blanc\"}]},{\"@type\":\"WebSite\",\"@id\":\"https:\/\/business.roovi.com\/fr\/#website\",\"url\":\"https:\/\/business.roovi.com\/fr\/\",\"name\":\"Roovi B2B\",\"description\":\"Roovi Business Website\",\"potentialAction\":[{\"@type\":\"SearchAction\",\"target\":{\"@type\":\"EntryPoint\",\"urlTemplate\":\"https:\/\/business.roovi.com\/fr\/?s={search_term_string}\"},\"query-input\":\"required name=search_term_string\"}],\"inLanguage\":\"fr-FR\"}]}<\/script>\n<!-- \/ Yoast SEO plugin. -->","yoast_head_json":{"title":"Puzzle Adulte 1000 pi\u00e8ces Cheval Blanc","description":"Puzzle Adulte 1000 pi\u00e8ces Cheval Blanc","robots":{"index":"index","follow":"follow","max-snippet":"max-snippet:-1","max-image-preview":"max-image-preview:large","max-video-preview":"max-video-preview:-1"},"canonical":"https:\/\/business.roovi.com\/fr\/puzzle-adulte-1000-pieces-cheval-blanc\/p\/","og_locale":"fr_FR","og_type":"article","og_title":"Puzzle Adulte 1000 pi\u00e8ces Cheval Blanc","og_description":"Puzzle Adulte 1000 pi\u00e8ces Cheval Blanc","og_url":"https:\/\/business.roovi.com\/fr\/puzzle-adulte-1000-pieces-cheval-blanc\/p\/","og_site_name":"Roovi B2B","article_publisher":"https:\/\/www.facebook.com\/wwwjucariero","article_modified_time":"2022-10-20T10:15:00+00:00","og_image":[{"width":1200,"height":1200,"url":"https:\/\/business.roovi.com\/wp-content\/uploads\/2018\/04\/65988-01-Ansamblu_dimensiuni-cutie-cm_vertical-1.png","type":"image\/png"}],"twitter_misc":{"Dur\u00e9e de lecture estim\u00e9e":"4 minutes"},"schema":{"@context":"https:\/\/schema.org","@graph":[{"@type":"WebPage","@id":"https:\/\/business.roovi.com\/fr\/puzzle-adulte-1000-pieces-cheval-blanc\/p\/","url":"https:\/\/business.roovi.com\/fr\/puzzle-adulte-1000-pieces-cheval-blanc\/p\/","name":"Puzzle Adulte 1000 pi\u00e8ces Cheval Blanc","isPartOf":{"@id":"https:\/\/business.roovi.com\/fr\/#website"},"datePublished":"2018-04-16T10:56:16+00:00","dateModified":"2022-10-20T10:15:00+00:00","description":"Puzzle Adulte 1000 pi\u00e8ces Cheval Blanc","breadcrumb":{"@id":"https:\/\/business.roovi.com\/fr\/puzzle-adulte-1000-pieces-cheval-blanc\/p\/#breadcrumb"},"inLanguage":"fr-FR","potentialAction":[{"@type":"ReadAction","target":["https:\/\/business.roovi.com\/fr\/puzzle-adulte-1000-pieces-cheval-blanc\/p\/"]}]},{"@type":"BreadcrumbList","@id":"https:\/\/business.roovi.com\/fr\/puzzle-adulte-1000-pieces-cheval-blanc\/p\/#breadcrumb","itemListElement":[{"@type":"ListItem","position":1,"name":"Home","item":"https:\/\/business.roovi.com\/fr\/"},{"@type":"ListItem","position":2,"name":"Boutique","item":"https:\/\/business.roovi.com\/fr\/boutique\/"},{"@type":"ListItem","position":3,"name":"Puzzle Adulte 1000 pi\u00e8ces Cheval Blanc"}]},{"@type":"WebSite","@id":"https:\/\/business.roovi.com\/fr\/#website","url":"https:\/\/business.roovi.com\/fr\/","name":"Roovi B2B","description":"Roovi Business Website","potentialAction":[{"@type":"SearchAction","target":{"@type":"EntryPoint","urlTemplate":"https:\/\/business.roovi.com\/fr\/?s={search_term_string}"},"query-input":"required name=search_term_string"}],"inLanguage":"fr-FR"}]}},"_links":{"self":[{"href":"https:\/\/business.roovi.com\/fr\/wp-json\/wp\/v2\/product\/55109","targetHints":{"allow":["GET"]}}],"collection":[{"href":"https:\/\/business.roovi.com\/fr\/wp-json\/wp\/v2\/product"}],"about":[{"href":"https:\/\/business.roovi.com\/fr\/wp-json\/wp\/v2\/types\/product"}],"version-history":[{"count":0,"href":"https:\/\/business.roovi.com\/fr\/wp-json\/wp\/v2\/product\/55109\/revisions"}],"wp:featuredmedia":[{"embeddable":true,"href":"https:\/\/business.roovi.com\/fr\/wp-json\/wp\/v2\/media\/58895"}],"wp:attachment":[{"href":"https:\/\/business.roovi.com\/fr\/wp-json\/wp\/v2\/media?parent=55109"}],"wp:term":[{"taxonomy":"product_brand","embeddable":true,"href":"https:\/\/business.roovi.com\/fr\/wp-json\/wp\/v2\/product_brand?post=55109"},{"taxonomy":"product_cat","embeddable":true,"href":"https:\/\/business.roovi.com\/fr\/wp-json\/wp\/v2\/product_cat?post=55109"},{"taxonomy":"product_tag","embeddable":true,"href":"https:\/\/business.roovi.com\/fr\/wp-json\/wp\/v2\/product_tag?post=55109"}],"curies":[{"name":"wp","href":"https:\/\/api.w.org\/{rel}","templated":true}]}}