{"id":55111,"date":"2018-04-16T10:56:16","date_gmt":"2018-04-16T10:56:16","guid":{"rendered":"https:\/\/business.roovi.com\/puzzle-adulti-1000-piese-locuri-celebre-bruxelles\/p\/"},"modified":"2022-07-13T11:16:13","modified_gmt":"2022-07-13T11:16:13","slug":"puzzle-1000-pieces-pour-adultes-famous-places-bruxelles","status":"publish","type":"product","link":"https:\/\/business.roovi.com\/fr\/puzzle-1000-pieces-pour-adultes-famous-places-bruxelles\/p\/","title":{"rendered":"Puzzle 1000 pi\u00e8ces pour adultes Famous Places &#8211; Bruxelles"},"content":{"rendered":"<p><strong><em>Tu cherches une activit\u00e9 amusante pour le week-end ? D\u00e9couvre la collection de puzzles pour adultes de 1000 pi\u00e8ces &#8211; Lieux c\u00e9l\u00e8bres et amuse-toi pendant ton temps libre en compl\u00e9tant des images de r\u00eave du monde entier.<\/em><\/strong><\/p>\n<p><span style=\"font-weight: 400;\">Bruxelles est une ville avec une histoire riche, une grande architecture et un centre multiculturel europ\u00e9en repr\u00e9sentatif sur la carte du monde. Tout au long de l&rsquo;histoire, elle a \u00e9t\u00e9 la r\u00e9sidence de nombreuses t\u00eates couronn\u00e9es ainsi qu&rsquo;un important \u00e9picentre commercial.<\/span><\/p>\n<p><span style=\"font-weight: 400;\">Ville cosmopolite dont 27% de la population est compos\u00e9e d&rsquo;\u00e9trangers, Bruxelles est consid\u00e9r\u00e9e comme la capitale de l&rsquo;Union europ\u00e9enne, ses institutions les plus repr\u00e9sentatives, comme le Parlement europ\u00e9en et le Conseil de l&rsquo;Union europ\u00e9enne, y \u00e9tant bas\u00e9es.<\/span><\/p>\n<p><span style=\"font-weight: 400;\">Avec le puzzle de Bruxelles de 1000 pi\u00e8ces, tu peux recr\u00e9er une image du vieux centre ville, un endroit fascinant d&rsquo;o\u00f9 tu peux admirer les b\u00e2timents imposants de la r\u00e9gion. Si tu aimes d\u00e9couvrir l&rsquo;esprit effervescent des villes europ\u00e9ennes, cette photo va certainement capter ton attention <\/span><\/p>\n<p><strong>Pourquoi choisir un puzzle de 1000 pi\u00e8ces de la collection Famous Places ?<\/strong><\/p>\n<p><span style=\"font-weight: 400;\">Un puzzle avec la photo d&rsquo;une attraction touristique est l&rsquo;occasion de se d\u00e9tendre et de se d\u00e9connecter du quotidien.<\/span><\/p>\n<p><span style=\"font-weight: 400;\">Tu obtiens une photo de 68 x 47 cm qui donnera de la personnalit\u00e9 \u00e0 n&rsquo;importe quel endroit terne de ta maison.<\/span><\/p>\n<p><span style=\"font-weight: 400;\">Il est fabriqu\u00e9 en carton de haute qualit\u00e9, ce qui conf\u00e8re aux pi\u00e8ces une durabilit\u00e9 m\u00eame apr\u00e8s de multiples utilisations.<\/span><\/p>\n<p><span style=\"font-weight: 400;\">Chaque puzzle pour adultes est \u00e9cologique, fabriqu\u00e9 \u00e0 partir de mat\u00e9riaux durables et recyclables.<\/span><\/p>\n<p><span style=\"font-weight: 400;\">Il a une finition semi-brillante et des couleurs agr\u00e9ables qui font ressortir la beaut\u00e9 de l&rsquo;image.<\/span><\/p>\n<p><span style=\"font-weight: 400;\">Il est adapt\u00e9 aux personnes de plus de 14 ans, une excellente raison de passer du temps de qualit\u00e9 avec les adolescents.<\/span><\/p>\n<p><span style=\"font-weight: 400;\">Ce jeu de puzzle est un excellent entra\u00eenement c\u00e9r\u00e9bral, il met au d\u00e9fi les deux h\u00e9misph\u00e8res c\u00e9r\u00e9braux, ce qui aide \u00e0 am\u00e9liorer la m\u00e9moire.<\/span><\/p>\n<p><span style=\"font-weight: 400;\">Maintient la coordination, la mobilit\u00e9 fine et la dext\u00e9rit\u00e9 <\/span><\/p>\n<p><strong>Tu savais que&#8230; ?<\/strong><\/p>\n<p><span style=\"font-weight: 400;\">Bruxelles abrite environ 80 mus\u00e9es <\/span><\/p>\n<p><span style=\"font-weight: 400;\">Le Palais de Justice de Bruxelles est le plus grand b\u00e2timent de ce type au monde, avec une superficie de 26 000 m\u00e8tres carr\u00e9s.<\/span><\/p>\n<p><span style=\"font-weight: 400;\">Les pralines en chocolat ont \u00e9t\u00e9 invent\u00e9es \u00e0 Bruxelles en 1912 par le Belge Jean Neuhaus II.<\/span><\/p>\n<p><span style=\"font-weight: 400;\">L&rsquo;a\u00e9roport international de Bruxelles vend la plus grande quantit\u00e9 de chocolat au monde.<\/span><\/p>\n<p><span style=\"font-weight: 400;\">Il y a 2 autres villes dans le monde qui s&rsquo;appellent Bruxelles, une aux \u00c9tats-Unis et une au Canada.<\/span><\/p>\n<p><strong>Les puzzles de 1000 pi\u00e8ces rassemblent la famille et les amis <\/strong><\/p>\n<p><span style=\"font-weight: 400;\">Pense \u00e0 assembler des puzzles de 1000 pi\u00e8ces d&rsquo;un lieu c\u00e9l\u00e8bre du monde comme une activit\u00e9 super amusante pour toute la famille ou ton groupe d&rsquo;amis <\/span><\/p>\n<p><span style=\"font-weight: 400;\">Tes enfants seront super excit\u00e9s de passer du temps ensemble \u00e0 reconstituer de superbes images de puzzle de 1000 pi\u00e8ces. De cette fa\u00e7on, tu renforces tes relations familiales et tu aides tes ados \u00e0 prendre confiance en eux.<\/span><\/p>\n<p><span style=\"font-weight: 400;\">D\u00e9couvre le puzzle de 1000 pi\u00e8ces de Bruxelles de la collection de puzzles Lieux c\u00e9l\u00e8bres et connecte-toi \u00e0 l&rsquo;esprit cosmopolite de la ville europ\u00e9enne. Choisis ce jeu de puzzle magnifiquement d\u00e9taill\u00e9 pour le retravailler chaque fois que tu ressens le besoin d&rsquo;un d\u00e9fi cr\u00e9atif <\/span><\/p><\/p>\n","protected":false},"excerpt":{"rendered":"<p>Tu cherches une activit\u00e9 amusante pour le week-end ? D\u00e9couvre la collection de puzzles pour adultes de 1000 pi\u00e8ces &#8211;<\/p>\n","protected":false},"featured_media":46482,"template":"","meta":[],"product_brand":[],"product_cat":[2314,2316,2315],"product_tag":[],"class_list":{"0":"post-55111","1":"product","2":"type-product","3":"status-publish","4":"has-post-thumbnail","6":"product_cat-puzzles-fr","7":"product_cat-puzzles-de-1000-pieces","8":"product_cat-puzzles-pour-adultes","9":"pa_bax-10-fr","10":"pa_brand-d_toys-fr","11":"pa_country_of_manufacture-ro-fr","12":"pa_filter_age-14-fr","13":"pa_painter-lieux-celebres","14":"pa_tip_ambalaj-boite","15":"pa_tip_puzzle-classique","17":"first","18":"instock","19":"taxable","20":"shipping-taxable","21":"product-type-simple"},"yoast_head":"<!-- This site is optimized with the Yoast SEO plugin v20.1 - https:\/\/yoast.com\/wordpress\/plugins\/seo\/ -->\n<title>Puzzle 1000 pi\u00e8ces pour adultes Famous Places - Bruxelles<\/title>\n<meta name=\"description\" content=\"Puzzle 1000 pi\u00e8ces pour adultes Famous Places - Bruxelles\" \/>\n<meta name=\"robots\" content=\"index, follow, max-snippet:-1, max-image-preview:large, max-video-preview:-1\" \/>\n<link rel=\"canonical\" href=\"https:\/\/business.roovi.com\/fr\/puzzle-1000-pieces-pour-adultes-famous-places-bruxelles\/p\/\" \/>\n<meta property=\"og:locale\" content=\"fr_FR\" \/>\n<meta property=\"og:type\" content=\"article\" \/>\n<meta property=\"og:title\" content=\"Puzzle 1000 pi\u00e8ces pour adultes Famous Places - Bruxelles\" \/>\n<meta property=\"og:description\" content=\"Puzzle 1000 pi\u00e8ces pour adultes Famous Places - Bruxelles\" \/>\n<meta property=\"og:url\" content=\"https:\/\/business.roovi.com\/fr\/puzzle-1000-pieces-pour-adultes-famous-places-bruxelles\/p\/\" \/>\n<meta property=\"og:site_name\" content=\"Roovi B2B\" \/>\n<meta property=\"article:publisher\" content=\"https:\/\/www.facebook.com\/wwwjucariero\" \/>\n<meta property=\"article:modified_time\" content=\"2022-07-13T11:16:13+00:00\" \/>\n<meta property=\"og:image\" content=\"https:\/\/business.roovi.com\/wp-content\/uploads\/2018\/04\/64288-01_ansamblu_dimensiuni_cutie_cm_orizontal.png\" \/>\n\t<meta property=\"og:image:width\" content=\"2000\" \/>\n\t<meta property=\"og:image:height\" content=\"2000\" \/>\n\t<meta property=\"og:image:type\" content=\"image\/png\" \/>\n<meta name=\"twitter:label1\" content=\"Dur\u00e9e de lecture estim\u00e9e\" \/>\n\t<meta name=\"twitter:data1\" content=\"3 minutes\" \/>\n<script type=\"application\/ld+json\" class=\"yoast-schema-graph\">{\"@context\":\"https:\/\/schema.org\",\"@graph\":[{\"@type\":\"WebPage\",\"@id\":\"https:\/\/business.roovi.com\/fr\/puzzle-1000-pieces-pour-adultes-famous-places-bruxelles\/p\/\",\"url\":\"https:\/\/business.roovi.com\/fr\/puzzle-1000-pieces-pour-adultes-famous-places-bruxelles\/p\/\",\"name\":\"Puzzle 1000 pi\u00e8ces pour adultes Famous Places - Bruxelles\",\"isPartOf\":{\"@id\":\"https:\/\/business.roovi.com\/fr\/#website\"},\"datePublished\":\"2018-04-16T10:56:16+00:00\",\"dateModified\":\"2022-07-13T11:16:13+00:00\",\"description\":\"Puzzle 1000 pi\u00e8ces pour adultes Famous Places - Bruxelles\",\"breadcrumb\":{\"@id\":\"https:\/\/business.roovi.com\/fr\/puzzle-1000-pieces-pour-adultes-famous-places-bruxelles\/p\/#breadcrumb\"},\"inLanguage\":\"fr-FR\",\"potentialAction\":[{\"@type\":\"ReadAction\",\"target\":[\"https:\/\/business.roovi.com\/fr\/puzzle-1000-pieces-pour-adultes-famous-places-bruxelles\/p\/\"]}]},{\"@type\":\"BreadcrumbList\",\"@id\":\"https:\/\/business.roovi.com\/fr\/puzzle-1000-pieces-pour-adultes-famous-places-bruxelles\/p\/#breadcrumb\",\"itemListElement\":[{\"@type\":\"ListItem\",\"position\":1,\"name\":\"Home\",\"item\":\"https:\/\/business.roovi.com\/fr\/\"},{\"@type\":\"ListItem\",\"position\":2,\"name\":\"Boutique\",\"item\":\"https:\/\/business.roovi.com\/fr\/boutique\/\"},{\"@type\":\"ListItem\",\"position\":3,\"name\":\"Puzzle 1000 pi\u00e8ces pour adultes Famous Places &#8211; Bruxelles\"}]},{\"@type\":\"WebSite\",\"@id\":\"https:\/\/business.roovi.com\/fr\/#website\",\"url\":\"https:\/\/business.roovi.com\/fr\/\",\"name\":\"Roovi B2B\",\"description\":\"Roovi Business Website\",\"potentialAction\":[{\"@type\":\"SearchAction\",\"target\":{\"@type\":\"EntryPoint\",\"urlTemplate\":\"https:\/\/business.roovi.com\/fr\/?s={search_term_string}\"},\"query-input\":\"required name=search_term_string\"}],\"inLanguage\":\"fr-FR\"}]}<\/script>\n<!-- \/ Yoast SEO plugin. -->","yoast_head_json":{"title":"Puzzle 1000 pi\u00e8ces pour adultes Famous Places - Bruxelles","description":"Puzzle 1000 pi\u00e8ces pour adultes Famous Places - Bruxelles","robots":{"index":"index","follow":"follow","max-snippet":"max-snippet:-1","max-image-preview":"max-image-preview:large","max-video-preview":"max-video-preview:-1"},"canonical":"https:\/\/business.roovi.com\/fr\/puzzle-1000-pieces-pour-adultes-famous-places-bruxelles\/p\/","og_locale":"fr_FR","og_type":"article","og_title":"Puzzle 1000 pi\u00e8ces pour adultes Famous Places - Bruxelles","og_description":"Puzzle 1000 pi\u00e8ces pour adultes Famous Places - Bruxelles","og_url":"https:\/\/business.roovi.com\/fr\/puzzle-1000-pieces-pour-adultes-famous-places-bruxelles\/p\/","og_site_name":"Roovi B2B","article_publisher":"https:\/\/www.facebook.com\/wwwjucariero","article_modified_time":"2022-07-13T11:16:13+00:00","og_image":[{"width":2000,"height":2000,"url":"https:\/\/business.roovi.com\/wp-content\/uploads\/2018\/04\/64288-01_ansamblu_dimensiuni_cutie_cm_orizontal.png","type":"image\/png"}],"twitter_misc":{"Dur\u00e9e de lecture estim\u00e9e":"3 minutes"},"schema":{"@context":"https:\/\/schema.org","@graph":[{"@type":"WebPage","@id":"https:\/\/business.roovi.com\/fr\/puzzle-1000-pieces-pour-adultes-famous-places-bruxelles\/p\/","url":"https:\/\/business.roovi.com\/fr\/puzzle-1000-pieces-pour-adultes-famous-places-bruxelles\/p\/","name":"Puzzle 1000 pi\u00e8ces pour adultes Famous Places - Bruxelles","isPartOf":{"@id":"https:\/\/business.roovi.com\/fr\/#website"},"datePublished":"2018-04-16T10:56:16+00:00","dateModified":"2022-07-13T11:16:13+00:00","description":"Puzzle 1000 pi\u00e8ces pour adultes Famous Places - Bruxelles","breadcrumb":{"@id":"https:\/\/business.roovi.com\/fr\/puzzle-1000-pieces-pour-adultes-famous-places-bruxelles\/p\/#breadcrumb"},"inLanguage":"fr-FR","potentialAction":[{"@type":"ReadAction","target":["https:\/\/business.roovi.com\/fr\/puzzle-1000-pieces-pour-adultes-famous-places-bruxelles\/p\/"]}]},{"@type":"BreadcrumbList","@id":"https:\/\/business.roovi.com\/fr\/puzzle-1000-pieces-pour-adultes-famous-places-bruxelles\/p\/#breadcrumb","itemListElement":[{"@type":"ListItem","position":1,"name":"Home","item":"https:\/\/business.roovi.com\/fr\/"},{"@type":"ListItem","position":2,"name":"Boutique","item":"https:\/\/business.roovi.com\/fr\/boutique\/"},{"@type":"ListItem","position":3,"name":"Puzzle 1000 pi\u00e8ces pour adultes Famous Places &#8211; Bruxelles"}]},{"@type":"WebSite","@id":"https:\/\/business.roovi.com\/fr\/#website","url":"https:\/\/business.roovi.com\/fr\/","name":"Roovi B2B","description":"Roovi Business Website","potentialAction":[{"@type":"SearchAction","target":{"@type":"EntryPoint","urlTemplate":"https:\/\/business.roovi.com\/fr\/?s={search_term_string}"},"query-input":"required name=search_term_string"}],"inLanguage":"fr-FR"}]}},"_links":{"self":[{"href":"https:\/\/business.roovi.com\/fr\/wp-json\/wp\/v2\/product\/55111","targetHints":{"allow":["GET"]}}],"collection":[{"href":"https:\/\/business.roovi.com\/fr\/wp-json\/wp\/v2\/product"}],"about":[{"href":"https:\/\/business.roovi.com\/fr\/wp-json\/wp\/v2\/types\/product"}],"version-history":[{"count":0,"href":"https:\/\/business.roovi.com\/fr\/wp-json\/wp\/v2\/product\/55111\/revisions"}],"wp:featuredmedia":[{"embeddable":true,"href":"https:\/\/business.roovi.com\/fr\/wp-json\/wp\/v2\/media\/46482"}],"wp:attachment":[{"href":"https:\/\/business.roovi.com\/fr\/wp-json\/wp\/v2\/media?parent=55111"}],"wp:term":[{"taxonomy":"product_brand","embeddable":true,"href":"https:\/\/business.roovi.com\/fr\/wp-json\/wp\/v2\/product_brand?post=55111"},{"taxonomy":"product_cat","embeddable":true,"href":"https:\/\/business.roovi.com\/fr\/wp-json\/wp\/v2\/product_cat?post=55111"},{"taxonomy":"product_tag","embeddable":true,"href":"https:\/\/business.roovi.com\/fr\/wp-json\/wp\/v2\/product_tag?post=55111"}],"curies":[{"name":"wp","href":"https:\/\/api.w.org\/{rel}","templated":true}]}}