{"id":55115,"date":"2018-04-16T10:56:16","date_gmt":"2018-04-16T10:56:16","guid":{"rendered":"https:\/\/business.roovi.com\/puzzle-1000-piese-imagini-din-romania-manastirea-voronet\/p\/"},"modified":"2022-07-13T11:16:22","modified_gmt":"2022-07-13T11:16:22","slug":"casse-tete-1000-pieces-photos-de-roumanie-monastere-de-voronet","status":"publish","type":"product","link":"https:\/\/business.roovi.com\/fr\/casse-tete-1000-pieces-photos-de-roumanie-monastere-de-voronet\/p\/","title":{"rendered":"Casse-t\u00eate 1000 pi\u00e8ces &#8211; Photos de Roumanie &#8211; Monast\u00e8re de Vorone\u021b"},"content":{"rendered":"<p><span style=\"font-weight: 400;\">Le monast\u00e8re de Vorone\u021b est l&rsquo;une des images embl\u00e9matiques qui nous viennent \u00e0 l&rsquo;esprit quand on parle de Bucovine.<\/span><\/p>\n<p><span style=\"font-weight: 400;\">Un splendide chef-d&rsquo;\u0153uvre qui se distingue de tous les autres monast\u00e8res par ses couleurs impressionnantes, obtenues gr\u00e2ce \u00e0 l&rsquo;utilisation de pigments naturels et de techniques de peinture qui se sont perdues dans la nuit des temps, techniques qui ont permis aux peintures murales de r\u00e9sister au fil du temps, malgr\u00e9 des conditions climatiques pas vraiment favorables <\/span><\/p>\n<p><span style=\"font-weight: 400;\">Le monast\u00e8re de Vorone\u021b est particuli\u00e8rement remarquable pour sa peinture murale ext\u00e9rieure, qui recouvre enti\u00e8rement le mur, des fondations au toit, mais surtout pour la nuance de bleu unique qui a \u00e9t\u00e9 baptis\u00e9e \u00ab\u00a0Bleu Vorone\u021b\u00a0\u00bb.<\/span><\/p>\n<p><span style=\"font-weight: 400;\">Nous t&rsquo;invitons donc \u00e0 un voyage imaginaire \u00e0 travers la Bucovine, \u00e0 d\u00e9couvrir les fins d\u00e9tails que les peintres moldaves ont cach\u00e9s dans les tableaux des monast\u00e8res de Moldavie et \u00e0 profiter de chaque pi\u00e8ce qui renouvelle le paysage, \u00e0 travers un puzzle de 1000 pi\u00e8ces qui reproduit fid\u00e8lement les images des c\u00e9l\u00e8bres monast\u00e8res.<\/span><\/p>\n<h2><span style=\"font-weight: 400;\">Pourquoi choisir un puzzle adulte de 1000 pi\u00e8ces Photos de la Roumanie<\/span><\/h2>\n<ul>\n<li><span style=\"font-weight: 400;\">Un puzzle est un moyen relaxant de d\u00e9couvrir la beaut\u00e9 et le caract\u00e8re unique de sites touristiques appr\u00e9ci\u00e9s dans le monde entier.<\/span><\/li>\n<li><span style=\"font-weight: 400;\">\u00c0 la fin, tu obtiendras une photo du monast\u00e8re de Voroneti que tu pourras facilement encadrer.<\/span><\/li>\n<li><span style=\"font-weight: 400;\">La taille de ce puzzle est de 68 x 47 cm, assez grande pour devenir un centre de table d\u00e9coratif.<\/span><\/li>\n<li><span style=\"font-weight: 400;\">Les pi\u00e8ces sont fabriqu\u00e9es en carton solide et de haute qualit\u00e9, de sorte que le tableau peut \u00eatre assembl\u00e9 plusieurs fois sans que les pi\u00e8ces soient endommag\u00e9es.<\/span><\/li>\n<li><span style=\"font-weight: 400;\">Nous utilisons des mat\u00e9riaux recyclables et durables pour fabriquer chaque puzzle.<\/span><\/li>\n<li><span style=\"font-weight: 400;\">L&rsquo;agr\u00e9able finition semi-brillante fait ressortir les couleurs vives de l&rsquo;image.<\/span><\/li>\n<li><span style=\"font-weight: 400;\">Ce jeu de puzzle est un pr\u00e9cieux entra\u00eenement mental, qui sollicite les deux h\u00e9misph\u00e8res c\u00e9r\u00e9braux et am\u00e9liore la m\u00e9moire.<\/span><\/li>\n<li><span style=\"font-weight: 400;\">C&rsquo;est un moyen agr\u00e9able d&rsquo;entra\u00eener et d&rsquo;entretenir la coordination, la motricit\u00e9 et la dext\u00e9rit\u00e9 \u00e0 tout \u00e2ge.<\/span><\/li>\n<li><span style=\"font-weight: 400;\">Il augmente l&rsquo;attention aux d\u00e9tails et la concentration.<\/span><\/li>\n<li><span style=\"font-weight: 400;\">C&rsquo;est un jeu adapt\u00e9 \u00e0 partir de 14 ans, avec un degr\u00e9 de complexit\u00e9 moyen <\/span><\/li>\n<\/ul>\n<h2><span style=\"font-weight: 400;\">Le savais-tu ?<\/span><\/h2>\n<p><span style=\"font-weight: 400;\">L&rsquo;\u00e9glise du monast\u00e8re de Vorone\u021b est surnomm\u00e9e la \u00ab\u00a0chapelle Sixtine de l&rsquo;Orient\u00a0\u00bb en raison de ses peintures murales impressionnantes et bien conserv\u00e9es et est une attraction touristique incluse dans tous les itin\u00e9raires couvrant la Bucovine.<\/span><\/p>\n<p><span style=\"font-weight: 400;\">C&rsquo;est l&rsquo;une des plus importantes fondations d&rsquo;\u00c9tienne le Grand, construite en 1488 en seulement 3 mois et 3 semaines &#8211; assez impressionnant, vu les possibilit\u00e9s de l&rsquo;\u00e9poque <\/span><\/p>\n<p><span style=\"font-weight: 400;\">En 1918, elle a \u00e9t\u00e9 d\u00e9clar\u00e9e monument historique, et depuis 1993, l&rsquo;\u00e9glise du monast\u00e8re de Vorone\u021b est inscrite sur la liste du patrimoine mondial de l&rsquo;UNESCO, avec d&rsquo;autres monast\u00e8res du nord de la Moldavie, \u00e9tant consid\u00e9r\u00e9e comme un symbole culturel inestimable <\/span><\/p>\n<p><span style=\"font-weight: 400;\">Parmi les symboles religieux repr\u00e9sent\u00e9s sur les murs de l&rsquo;\u00e9glise, les 12 signes du zodiaque ont \u00e9t\u00e9 peints \u00e0 proximit\u00e9 du Sauveur, ce qui est tr\u00e8s inhabituel pour des peintures religieuses <\/span><\/p>\n<p><span style=\"font-weight: 400;\">L&rsquo;activit\u00e9 du monast\u00e8re de Vorone\u021b n&rsquo;a repris qu&rsquo;en 1991, apr\u00e8s avoir \u00e9t\u00e9 supprim\u00e9e lors de l&rsquo;annexion de la Bucovine \u00e0 l&rsquo;Empire des Habsbourg en 1785.<\/span><\/p>\n<h2><span style=\"font-weight: 400;\">Puzzle adulte de 1000 pi\u00e8ces &#8211; d\u00e9connecter du rythme rapide de la vie<\/span><\/h2>\n<p><span style=\"font-weight: 400;\">Choisis de d\u00e9couvrir la Roumanie en images \u00e0 l&rsquo;aide d&rsquo;un puzzle et reconstitue pi\u00e8ce par pi\u00e8ce l&rsquo;image de l&rsquo;\u00e9glise du monast\u00e8re de Vorone\u021b, impressionnante tant par sa construction que par ses couleurs.<\/span><\/p>\n<p><span style=\"font-weight: 400;\">Voici combien de raisons, pour le moins int\u00e9ressantes, tu as maintenant, pour d\u00e9couvrir la splendide et impressionnante \u00e9glise du monast\u00e8re de Vorone\u021b, sous la forme d&rsquo;un puzzle de 1000 pi\u00e8ces, que tu peux assembler seul ou avec tes proches, en passant plus de temps ensemble <\/span><\/p>\n<p><span style=\"font-weight: 400;\">De plus, assembler un puzzle avec des images de Roumanie est une activit\u00e9 tr\u00e8s agr\u00e9able, qui permet de se reconnecter avec soi-m\u00eame et ses origines. Une activit\u00e9 pendant laquelle tu peux r\u00e9fl\u00e9chir et te concentrer sur une seule action. De cette fa\u00e7on, tu te d\u00e9connectes du rythme rapide de la vie et prends quelques heures de calme, ce qui apportera plus de clart\u00e9 \u00e0 tes pens\u00e9es.  <\/span><\/p>\n<p><span style=\"font-weight: 400;\"> <\/span><\/p>\n","protected":false},"excerpt":{"rendered":"<p>Le monast\u00e8re de Vorone\u021b est l&rsquo;une des images embl\u00e9matiques qui nous viennent \u00e0 l&rsquo;esprit quand on parle de Bucovine. Un<\/p>\n","protected":false},"featured_media":46510,"template":"","meta":[],"product_brand":[],"product_cat":[2314,2315,2316],"product_tag":[],"class_list":{"0":"post-55115","1":"product","2":"type-product","3":"status-publish","4":"has-post-thumbnail","6":"product_cat-puzzles-fr","7":"product_cat-puzzles-pour-adultes","8":"product_cat-puzzles-de-1000-pieces","9":"pa_bax-10-fr","10":"pa_brand-d_toys-fr","11":"pa_country_of_manufacture-ro-fr","12":"pa_filter_age-14-fr","13":"pa_painter-romania-fr","14":"pa_tip_ambalaj-boite","15":"pa_tip_puzzle-classique","17":"first","18":"instock","19":"taxable","20":"shipping-taxable","21":"product-type-simple"},"yoast_head":"<!-- This site is optimized with the Yoast SEO plugin v20.1 - https:\/\/yoast.com\/wordpress\/plugins\/seo\/ -->\n<title>Casse-t\u00eate 1000 pi\u00e8ces - Photos de Roumanie - Monast\u00e8re de Vorone\u021b<\/title>\n<meta name=\"description\" content=\"Casse-t\u00eate 1000 pi\u00e8ces - Photos de Roumanie - Monast\u00e8re de Vorone\u021b\" \/>\n<meta name=\"robots\" content=\"index, follow, max-snippet:-1, max-image-preview:large, max-video-preview:-1\" \/>\n<link rel=\"canonical\" href=\"https:\/\/business.roovi.com\/fr\/casse-tete-1000-pieces-photos-de-roumanie-monastere-de-voronet\/p\/\" \/>\n<meta property=\"og:locale\" content=\"fr_FR\" \/>\n<meta property=\"og:type\" content=\"article\" \/>\n<meta property=\"og:title\" content=\"Casse-t\u00eate 1000 pi\u00e8ces - Photos de Roumanie - Monast\u00e8re de Vorone\u021b\" \/>\n<meta property=\"og:description\" content=\"Casse-t\u00eate 1000 pi\u00e8ces - Photos de Roumanie - Monast\u00e8re de Vorone\u021b\" \/>\n<meta property=\"og:url\" content=\"https:\/\/business.roovi.com\/fr\/casse-tete-1000-pieces-photos-de-roumanie-monastere-de-voronet\/p\/\" \/>\n<meta property=\"og:site_name\" content=\"Roovi B2B\" \/>\n<meta property=\"article:publisher\" content=\"https:\/\/www.facebook.com\/wwwjucariero\" \/>\n<meta property=\"article:modified_time\" content=\"2022-07-13T11:16:22+00:00\" \/>\n<meta property=\"og:image\" content=\"https:\/\/business.roovi.com\/wp-content\/uploads\/2018\/04\/63038_02.jpg\" \/>\n\t<meta property=\"og:image:width\" content=\"1200\" \/>\n\t<meta property=\"og:image:height\" content=\"1200\" \/>\n\t<meta property=\"og:image:type\" content=\"image\/jpeg\" \/>\n<meta name=\"twitter:label1\" content=\"Dur\u00e9e de lecture estim\u00e9e\" \/>\n\t<meta name=\"twitter:data1\" content=\"4 minutes\" \/>\n<script type=\"application\/ld+json\" class=\"yoast-schema-graph\">{\"@context\":\"https:\/\/schema.org\",\"@graph\":[{\"@type\":\"WebPage\",\"@id\":\"https:\/\/business.roovi.com\/fr\/casse-tete-1000-pieces-photos-de-roumanie-monastere-de-voronet\/p\/\",\"url\":\"https:\/\/business.roovi.com\/fr\/casse-tete-1000-pieces-photos-de-roumanie-monastere-de-voronet\/p\/\",\"name\":\"Casse-t\u00eate 1000 pi\u00e8ces - Photos de Roumanie - Monast\u00e8re de Vorone\u021b\",\"isPartOf\":{\"@id\":\"https:\/\/business.roovi.com\/fr\/#website\"},\"datePublished\":\"2018-04-16T10:56:16+00:00\",\"dateModified\":\"2022-07-13T11:16:22+00:00\",\"description\":\"Casse-t\u00eate 1000 pi\u00e8ces - Photos de Roumanie - Monast\u00e8re de Vorone\u021b\",\"breadcrumb\":{\"@id\":\"https:\/\/business.roovi.com\/fr\/casse-tete-1000-pieces-photos-de-roumanie-monastere-de-voronet\/p\/#breadcrumb\"},\"inLanguage\":\"fr-FR\",\"potentialAction\":[{\"@type\":\"ReadAction\",\"target\":[\"https:\/\/business.roovi.com\/fr\/casse-tete-1000-pieces-photos-de-roumanie-monastere-de-voronet\/p\/\"]}]},{\"@type\":\"BreadcrumbList\",\"@id\":\"https:\/\/business.roovi.com\/fr\/casse-tete-1000-pieces-photos-de-roumanie-monastere-de-voronet\/p\/#breadcrumb\",\"itemListElement\":[{\"@type\":\"ListItem\",\"position\":1,\"name\":\"Home\",\"item\":\"https:\/\/business.roovi.com\/fr\/\"},{\"@type\":\"ListItem\",\"position\":2,\"name\":\"Boutique\",\"item\":\"https:\/\/business.roovi.com\/fr\/boutique\/\"},{\"@type\":\"ListItem\",\"position\":3,\"name\":\"Casse-t\u00eate 1000 pi\u00e8ces &#8211; Photos de Roumanie &#8211; Monast\u00e8re de Vorone\u021b\"}]},{\"@type\":\"WebSite\",\"@id\":\"https:\/\/business.roovi.com\/fr\/#website\",\"url\":\"https:\/\/business.roovi.com\/fr\/\",\"name\":\"Roovi B2B\",\"description\":\"Roovi Business Website\",\"potentialAction\":[{\"@type\":\"SearchAction\",\"target\":{\"@type\":\"EntryPoint\",\"urlTemplate\":\"https:\/\/business.roovi.com\/fr\/?s={search_term_string}\"},\"query-input\":\"required name=search_term_string\"}],\"inLanguage\":\"fr-FR\"}]}<\/script>\n<!-- \/ Yoast SEO plugin. -->","yoast_head_json":{"title":"Casse-t\u00eate 1000 pi\u00e8ces - Photos de Roumanie - Monast\u00e8re de Vorone\u021b","description":"Casse-t\u00eate 1000 pi\u00e8ces - Photos de Roumanie - Monast\u00e8re de Vorone\u021b","robots":{"index":"index","follow":"follow","max-snippet":"max-snippet:-1","max-image-preview":"max-image-preview:large","max-video-preview":"max-video-preview:-1"},"canonical":"https:\/\/business.roovi.com\/fr\/casse-tete-1000-pieces-photos-de-roumanie-monastere-de-voronet\/p\/","og_locale":"fr_FR","og_type":"article","og_title":"Casse-t\u00eate 1000 pi\u00e8ces - Photos de Roumanie - Monast\u00e8re de Vorone\u021b","og_description":"Casse-t\u00eate 1000 pi\u00e8ces - Photos de Roumanie - Monast\u00e8re de Vorone\u021b","og_url":"https:\/\/business.roovi.com\/fr\/casse-tete-1000-pieces-photos-de-roumanie-monastere-de-voronet\/p\/","og_site_name":"Roovi B2B","article_publisher":"https:\/\/www.facebook.com\/wwwjucariero","article_modified_time":"2022-07-13T11:16:22+00:00","og_image":[{"width":1200,"height":1200,"url":"https:\/\/business.roovi.com\/wp-content\/uploads\/2018\/04\/63038_02.jpg","type":"image\/jpeg"}],"twitter_misc":{"Dur\u00e9e de lecture estim\u00e9e":"4 minutes"},"schema":{"@context":"https:\/\/schema.org","@graph":[{"@type":"WebPage","@id":"https:\/\/business.roovi.com\/fr\/casse-tete-1000-pieces-photos-de-roumanie-monastere-de-voronet\/p\/","url":"https:\/\/business.roovi.com\/fr\/casse-tete-1000-pieces-photos-de-roumanie-monastere-de-voronet\/p\/","name":"Casse-t\u00eate 1000 pi\u00e8ces - Photos de Roumanie - Monast\u00e8re de Vorone\u021b","isPartOf":{"@id":"https:\/\/business.roovi.com\/fr\/#website"},"datePublished":"2018-04-16T10:56:16+00:00","dateModified":"2022-07-13T11:16:22+00:00","description":"Casse-t\u00eate 1000 pi\u00e8ces - Photos de Roumanie - Monast\u00e8re de Vorone\u021b","breadcrumb":{"@id":"https:\/\/business.roovi.com\/fr\/casse-tete-1000-pieces-photos-de-roumanie-monastere-de-voronet\/p\/#breadcrumb"},"inLanguage":"fr-FR","potentialAction":[{"@type":"ReadAction","target":["https:\/\/business.roovi.com\/fr\/casse-tete-1000-pieces-photos-de-roumanie-monastere-de-voronet\/p\/"]}]},{"@type":"BreadcrumbList","@id":"https:\/\/business.roovi.com\/fr\/casse-tete-1000-pieces-photos-de-roumanie-monastere-de-voronet\/p\/#breadcrumb","itemListElement":[{"@type":"ListItem","position":1,"name":"Home","item":"https:\/\/business.roovi.com\/fr\/"},{"@type":"ListItem","position":2,"name":"Boutique","item":"https:\/\/business.roovi.com\/fr\/boutique\/"},{"@type":"ListItem","position":3,"name":"Casse-t\u00eate 1000 pi\u00e8ces &#8211; Photos de Roumanie &#8211; Monast\u00e8re de Vorone\u021b"}]},{"@type":"WebSite","@id":"https:\/\/business.roovi.com\/fr\/#website","url":"https:\/\/business.roovi.com\/fr\/","name":"Roovi B2B","description":"Roovi Business Website","potentialAction":[{"@type":"SearchAction","target":{"@type":"EntryPoint","urlTemplate":"https:\/\/business.roovi.com\/fr\/?s={search_term_string}"},"query-input":"required name=search_term_string"}],"inLanguage":"fr-FR"}]}},"_links":{"self":[{"href":"https:\/\/business.roovi.com\/fr\/wp-json\/wp\/v2\/product\/55115","targetHints":{"allow":["GET"]}}],"collection":[{"href":"https:\/\/business.roovi.com\/fr\/wp-json\/wp\/v2\/product"}],"about":[{"href":"https:\/\/business.roovi.com\/fr\/wp-json\/wp\/v2\/types\/product"}],"version-history":[{"count":0,"href":"https:\/\/business.roovi.com\/fr\/wp-json\/wp\/v2\/product\/55115\/revisions"}],"wp:featuredmedia":[{"embeddable":true,"href":"https:\/\/business.roovi.com\/fr\/wp-json\/wp\/v2\/media\/46510"}],"wp:attachment":[{"href":"https:\/\/business.roovi.com\/fr\/wp-json\/wp\/v2\/media?parent=55115"}],"wp:term":[{"taxonomy":"product_brand","embeddable":true,"href":"https:\/\/business.roovi.com\/fr\/wp-json\/wp\/v2\/product_brand?post=55115"},{"taxonomy":"product_cat","embeddable":true,"href":"https:\/\/business.roovi.com\/fr\/wp-json\/wp\/v2\/product_cat?post=55115"},{"taxonomy":"product_tag","embeddable":true,"href":"https:\/\/business.roovi.com\/fr\/wp-json\/wp\/v2\/product_tag?post=55115"}],"curies":[{"name":"wp","href":"https:\/\/api.w.org\/{rel}","templated":true}]}}