{"id":55117,"date":"2018-04-16T10:56:16","date_gmt":"2018-04-16T10:56:16","guid":{"rendered":"https:\/\/business.roovi.com\/puzzle-adulti-1000-piese-cartoon-collection-turnul-din-pisa\/p\/"},"modified":"2022-07-13T11:16:27","modified_gmt":"2022-07-13T11:16:27","slug":"casse-tete-de-la-tour-de-pise-casse-tete-adulte-1000-pieces-cartoon-collection","status":"publish","type":"product","link":"https:\/\/business.roovi.com\/fr\/casse-tete-de-la-tour-de-pise-casse-tete-adulte-1000-pieces-cartoon-collection\/p\/","title":{"rendered":"Casse-t\u00eate de la Tour de Pise &#8211; Casse-t\u00eate adulte 1000 pi\u00e8ces &#8211; Cartoon Collection"},"content":{"rendered":"<p><span style=\"font-weight: 400;\">Es-tu pr\u00eate \u00e0 t&rsquo;amuser et \u00e0 te d\u00e9tendre pendant de nombreuses heures ? Les puzzles de 1000 pi\u00e8ces de la collection de puzzles Cartoon apportent le plaisir dans ta maison <\/span><\/p>\n<p><span style=\"font-weight: 400;\">Lorsque tu laisses libre cours \u00e0 l&rsquo;enfant qui est en toi, l&rsquo;imagination ne conna\u00eet pas de limites. C&rsquo;est ainsi que l&rsquo;artiste Biro Donat a proc\u00e9d\u00e9, et la collection de puzzles Cartoon pour adultes qui est sortie de ses mains est un chef-d&rsquo;\u0153uvre <\/span><\/p>\n<p><span style=\"font-weight: 400;\">Le puzzle 1000 pi\u00e8ces de Cartoon Collection &#8211; Tour de Pise est une illustration anim\u00e9e pleine de couleurs et de d\u00e9tails fascinants qui retiendra ton attention pendant des heures. De nombreux personnages adorables travaillent dur sur la c\u00e9l\u00e8bre Tour de Pise pour la redresser. Chaque personnage est unique et a une t\u00e2che pr\u00e9cise. Ensemble, ils esp\u00e8rent sauver la c\u00e9l\u00e8bre tour de l&rsquo;effondrement <\/span><\/p>\n<p><span style=\"font-weight: 400;\">Rejoignez leur histoire, mettez-y un morceau par morceau et voyez ce qui en ressort ! Un merveilleux tableau qui ajoutera de la couleur et une touche d&rsquo;optimisme enfantin \u00e0 n&rsquo;importe quelle pi\u00e8ce de ta maison o\u00f9 tu l&rsquo;exposes.<\/span><\/p>\n<p><strong>Pourquoi choisir la collection Cartoon &#8211; Tour de Pise puzzle 1000 pi\u00e8ces ?<\/strong><\/p>\n<p><span style=\"font-weight: 400;\">Tu cr\u00e9es un tableau unique de 50 x 70 cm qui embellira ta maison.<\/span><\/p>\n<p><span style=\"font-weight: 400;\">Il est fabriqu\u00e9 en carton bleu de haute qualit\u00e9, ce qui le rend tr\u00e8s solide.<\/span><\/p>\n<p><span style=\"font-weight: 400;\">Les 1000 pi\u00e8ces du puzzle sont d\u00e9coup\u00e9es avec pr\u00e9cision et s&#8217;embo\u00eetent parfaitement pour que l&rsquo;image assembl\u00e9e soit impeccable.<\/span><\/p>\n<p><span style=\"font-weight: 400;\">La finition est semi-brillante, dans des couleurs agr\u00e9ables qui mettent en valeur la beaut\u00e9 de l&rsquo;illustration.<\/span><\/p>\n<p><span style=\"font-weight: 400;\">Il est fabriqu\u00e9 \u00e0 partir de mat\u00e9riaux recyclables et durables.<\/span><\/p>\n<p><span style=\"font-weight: 400;\">Il convient aux personnes de plus de 14 ans &#8211; l&rsquo;occasion parfaite de s&rsquo;amuser au maximum avec tes adolescents.<\/span><\/p>\n<p><span style=\"font-weight: 400;\">Les puzzles de 1000 pi\u00e8ces pr\u00e9sentent de multiples avantages qui se refl\u00e8tent \u00e0 plusieurs niveaux :<\/span><\/p>\n<ul>\n<li><span style=\"font-weight: 400;\">Ils constituent un excellent entra\u00eenement mental.<\/span><\/li>\n<li><span style=\"font-weight: 400;\">Ils aident \u00e0 garder ta m\u00e9moire vive.<\/span><\/li>\n<li><span style=\"font-weight: 400;\">Ils am\u00e9liorent ton attention aux d\u00e9tails.<\/span><\/li>\n<li><span style=\"font-weight: 400;\">Ils t&rsquo;aident \u00e0 garder ta coordination et ta motricit\u00e9 fine aiguis\u00e9es.<\/span><\/li>\n<li><span style=\"font-weight: 400;\">Ils entra\u00eenent ta dext\u00e9rit\u00e9.<\/span><\/li>\n<li><span style=\"font-weight: 400;\">Ils sont un excellent exercice de patience.<\/span><\/li>\n<\/ul>\n<p><strong>Savais-tu que..<\/strong><\/p>\n<p><span style=\"font-weight: 400;\">La Tour de Pise ne p\u00e8se pas moins de 14 500 tonnes et a \u00e9t\u00e9 construite sur un sol mou et instable.<\/span><\/p>\n<p><span style=\"font-weight: 400;\">Il a \u00e9t\u00e9 con\u00e7u dans le but d&rsquo;\u00eatre le plus haut clocher du monde. Il abrite 7 cloches, chacune sonnant une note de musique.<\/span><\/p>\n<p><span style=\"font-weight: 400;\">Les cloches de la tour n&rsquo;ont jamais sonn\u00e9 car les vibrations \u00e9mises pourraient l&rsquo;incliner davantage.<\/span><\/p>\n<p><span style=\"font-weight: 400;\">Benito Mussolini voulait redresser la tour car il estimait que son architecture nuisait \u00e0 l&rsquo;image de l&rsquo;Italie dans le monde <\/span><\/p>\n<p><span style=\"font-weight: 400;\">Pendant la Seconde Guerre mondiale, les Am\u00e9ricains voulaient d\u00e9molir la tour car c&rsquo;\u00e9tait un rep\u00e8re de sniper. Mais impressionn\u00e9s par l&rsquo;architecture, ils l&rsquo;ont laiss\u00e9e debout.<\/span><\/p>\n<p><strong>Puzzle cartoon de 1000 pi\u00e8ces &#8211; Tour de Pise &#8211; un plaisir familial \u00e9pique<\/strong><\/p>\n<p><span style=\"font-weight: 400;\">Si tu veux vivre des soir\u00e9es m\u00e9morables avec tes proches en famille, le puzzle de la Tour de Pise de 1000 pi\u00e8ces de la collection de puzzles Cartoon est le choix id\u00e9al. D\u00e9couvrir des dizaines de personnages mignons et entrer dans leur jeu pour r\u00e9tablir l&rsquo;\u00e9quilibre de la tour est une activit\u00e9 qui brise la monotonie dans n&rsquo;importe quel foyer.<\/span><\/p>\n<p><span style=\"font-weight: 400;\">Tes enfants seront ravis de d\u00e9couvrir des illustrations aussi pr\u00e9cises et color\u00e9es, et recr\u00e9er l&rsquo;image sera un agr\u00e9able d\u00e9fi pour leurs esprits agiles. S\u00e9lectionne les pi\u00e8ces par nuances, distribue des t\u00e2ches pr\u00e9cises \u00e0 chaque participant au puzzle et cr\u00e9e ensemble une image de conte de f\u00e9es. Vous vivrez des moments magiques ensemble et cr\u00e9erez des souvenirs inoubliables qui enrichiront votre \u00e2me.<\/span><\/p>\n<p><span style=\"font-weight: 400;\">Que tu choisisses le puzzle cartoon 1000 pi\u00e8ces &#8211; Tour de Pise pour le recr\u00e9er avec ta famille, ou que tu sois un passionn\u00e9 de jeux de puzzle qui veut se d\u00e9connecter du quotidien, ce puzzle 1000 pi\u00e8ces r\u00e9veillera ton enfant int\u00e9rieur et t&rsquo;apportera de nombreux sourires <\/span><\/p>\n<p><span style=\"font-weight: 400;\">Il peut aussi \u00eatre un cadeau adapt\u00e9 aux occasions festives pour les amateurs de jeux de r\u00e9flexion ou pour les amis que tu veux surprendre de mani\u00e8re cr\u00e9ative.<\/span><\/p><\/p>\n","protected":false},"excerpt":{"rendered":"<p>Es-tu pr\u00eate \u00e0 t&rsquo;amuser et \u00e0 te d\u00e9tendre pendant de nombreuses heures ? Les puzzles de 1000 pi\u00e8ces de la<\/p>\n","protected":false},"featured_media":46514,"template":"","meta":[],"product_brand":[],"product_cat":[2314,2315,2316],"product_tag":[],"class_list":{"0":"post-55117","1":"product","2":"type-product","3":"status-publish","4":"has-post-thumbnail","6":"product_cat-puzzles-fr","7":"product_cat-puzzles-pour-adultes","8":"product_cat-puzzles-de-1000-pieces","9":"pa_bax-10-fr","10":"pa_brand-d_toys-fr","11":"pa_country_of_manufacture-ro-fr","12":"pa_filter_age-14-fr","13":"pa_painter-cartooncollection-fr","14":"pa_tip_ambalaj-boite","15":"pa_tip_puzzle-classique","17":"first","18":"instock","19":"taxable","20":"shipping-taxable","21":"product-type-simple"},"yoast_head":"<!-- This site is optimized with the Yoast SEO plugin v20.1 - https:\/\/yoast.com\/wordpress\/plugins\/seo\/ -->\n<title>Casse-t\u00eate de la Tour de Pise - Casse-t\u00eate adulte 1000 pi\u00e8ces - Cartoon Collection<\/title>\n<meta name=\"description\" content=\"Casse-t\u00eate de la Tour de Pise - Casse-t\u00eate adulte 1000 pi\u00e8ces - Cartoon Collection\" \/>\n<meta name=\"robots\" content=\"index, follow, max-snippet:-1, max-image-preview:large, max-video-preview:-1\" \/>\n<link rel=\"canonical\" href=\"https:\/\/business.roovi.com\/fr\/casse-tete-de-la-tour-de-pise-casse-tete-adulte-1000-pieces-cartoon-collection\/p\/\" \/>\n<meta property=\"og:locale\" content=\"fr_FR\" \/>\n<meta property=\"og:type\" content=\"article\" \/>\n<meta property=\"og:title\" content=\"Casse-t\u00eate de la Tour de Pise - Casse-t\u00eate adulte 1000 pi\u00e8ces - Cartoon Collection\" \/>\n<meta property=\"og:description\" content=\"Casse-t\u00eate de la Tour de Pise - Casse-t\u00eate adulte 1000 pi\u00e8ces - Cartoon Collection\" \/>\n<meta property=\"og:url\" content=\"https:\/\/business.roovi.com\/fr\/casse-tete-de-la-tour-de-pise-casse-tete-adulte-1000-pieces-cartoon-collection\/p\/\" \/>\n<meta property=\"og:site_name\" content=\"Roovi B2B\" \/>\n<meta property=\"article:publisher\" content=\"https:\/\/www.facebook.com\/wwwjucariero\" \/>\n<meta property=\"article:modified_time\" content=\"2022-07-13T11:16:27+00:00\" \/>\n<meta property=\"og:image\" content=\"https:\/\/business.roovi.com\/wp-content\/uploads\/2018\/04\/61218-01_ansamblu_dimensiuni_cutie_cm_1200x1200.png\" \/>\n\t<meta property=\"og:image:width\" content=\"1200\" \/>\n\t<meta property=\"og:image:height\" content=\"1200\" \/>\n\t<meta property=\"og:image:type\" content=\"image\/png\" \/>\n<meta name=\"twitter:label1\" content=\"Dur\u00e9e de lecture estim\u00e9e\" \/>\n\t<meta name=\"twitter:data1\" content=\"4 minutes\" \/>\n<script type=\"application\/ld+json\" class=\"yoast-schema-graph\">{\"@context\":\"https:\/\/schema.org\",\"@graph\":[{\"@type\":\"WebPage\",\"@id\":\"https:\/\/business.roovi.com\/fr\/casse-tete-de-la-tour-de-pise-casse-tete-adulte-1000-pieces-cartoon-collection\/p\/\",\"url\":\"https:\/\/business.roovi.com\/fr\/casse-tete-de-la-tour-de-pise-casse-tete-adulte-1000-pieces-cartoon-collection\/p\/\",\"name\":\"Casse-t\u00eate de la Tour de Pise - Casse-t\u00eate adulte 1000 pi\u00e8ces - Cartoon Collection\",\"isPartOf\":{\"@id\":\"https:\/\/business.roovi.com\/fr\/#website\"},\"datePublished\":\"2018-04-16T10:56:16+00:00\",\"dateModified\":\"2022-07-13T11:16:27+00:00\",\"description\":\"Casse-t\u00eate de la Tour de Pise - Casse-t\u00eate adulte 1000 pi\u00e8ces - Cartoon Collection\",\"breadcrumb\":{\"@id\":\"https:\/\/business.roovi.com\/fr\/casse-tete-de-la-tour-de-pise-casse-tete-adulte-1000-pieces-cartoon-collection\/p\/#breadcrumb\"},\"inLanguage\":\"fr-FR\",\"potentialAction\":[{\"@type\":\"ReadAction\",\"target\":[\"https:\/\/business.roovi.com\/fr\/casse-tete-de-la-tour-de-pise-casse-tete-adulte-1000-pieces-cartoon-collection\/p\/\"]}]},{\"@type\":\"BreadcrumbList\",\"@id\":\"https:\/\/business.roovi.com\/fr\/casse-tete-de-la-tour-de-pise-casse-tete-adulte-1000-pieces-cartoon-collection\/p\/#breadcrumb\",\"itemListElement\":[{\"@type\":\"ListItem\",\"position\":1,\"name\":\"Home\",\"item\":\"https:\/\/business.roovi.com\/fr\/\"},{\"@type\":\"ListItem\",\"position\":2,\"name\":\"Boutique\",\"item\":\"https:\/\/business.roovi.com\/fr\/boutique\/\"},{\"@type\":\"ListItem\",\"position\":3,\"name\":\"Casse-t\u00eate de la Tour de Pise &#8211; Casse-t\u00eate adulte 1000 pi\u00e8ces &#8211; Cartoon Collection\"}]},{\"@type\":\"WebSite\",\"@id\":\"https:\/\/business.roovi.com\/fr\/#website\",\"url\":\"https:\/\/business.roovi.com\/fr\/\",\"name\":\"Roovi B2B\",\"description\":\"Roovi Business Website\",\"potentialAction\":[{\"@type\":\"SearchAction\",\"target\":{\"@type\":\"EntryPoint\",\"urlTemplate\":\"https:\/\/business.roovi.com\/fr\/?s={search_term_string}\"},\"query-input\":\"required name=search_term_string\"}],\"inLanguage\":\"fr-FR\"}]}<\/script>\n<!-- \/ Yoast SEO plugin. -->","yoast_head_json":{"title":"Casse-t\u00eate de la Tour de Pise - Casse-t\u00eate adulte 1000 pi\u00e8ces - Cartoon Collection","description":"Casse-t\u00eate de la Tour de Pise - Casse-t\u00eate adulte 1000 pi\u00e8ces - Cartoon Collection","robots":{"index":"index","follow":"follow","max-snippet":"max-snippet:-1","max-image-preview":"max-image-preview:large","max-video-preview":"max-video-preview:-1"},"canonical":"https:\/\/business.roovi.com\/fr\/casse-tete-de-la-tour-de-pise-casse-tete-adulte-1000-pieces-cartoon-collection\/p\/","og_locale":"fr_FR","og_type":"article","og_title":"Casse-t\u00eate de la Tour de Pise - Casse-t\u00eate adulte 1000 pi\u00e8ces - Cartoon Collection","og_description":"Casse-t\u00eate de la Tour de Pise - Casse-t\u00eate adulte 1000 pi\u00e8ces - Cartoon Collection","og_url":"https:\/\/business.roovi.com\/fr\/casse-tete-de-la-tour-de-pise-casse-tete-adulte-1000-pieces-cartoon-collection\/p\/","og_site_name":"Roovi B2B","article_publisher":"https:\/\/www.facebook.com\/wwwjucariero","article_modified_time":"2022-07-13T11:16:27+00:00","og_image":[{"width":1200,"height":1200,"url":"https:\/\/business.roovi.com\/wp-content\/uploads\/2018\/04\/61218-01_ansamblu_dimensiuni_cutie_cm_1200x1200.png","type":"image\/png"}],"twitter_misc":{"Dur\u00e9e de lecture estim\u00e9e":"4 minutes"},"schema":{"@context":"https:\/\/schema.org","@graph":[{"@type":"WebPage","@id":"https:\/\/business.roovi.com\/fr\/casse-tete-de-la-tour-de-pise-casse-tete-adulte-1000-pieces-cartoon-collection\/p\/","url":"https:\/\/business.roovi.com\/fr\/casse-tete-de-la-tour-de-pise-casse-tete-adulte-1000-pieces-cartoon-collection\/p\/","name":"Casse-t\u00eate de la Tour de Pise - Casse-t\u00eate adulte 1000 pi\u00e8ces - Cartoon Collection","isPartOf":{"@id":"https:\/\/business.roovi.com\/fr\/#website"},"datePublished":"2018-04-16T10:56:16+00:00","dateModified":"2022-07-13T11:16:27+00:00","description":"Casse-t\u00eate de la Tour de Pise - Casse-t\u00eate adulte 1000 pi\u00e8ces - Cartoon Collection","breadcrumb":{"@id":"https:\/\/business.roovi.com\/fr\/casse-tete-de-la-tour-de-pise-casse-tete-adulte-1000-pieces-cartoon-collection\/p\/#breadcrumb"},"inLanguage":"fr-FR","potentialAction":[{"@type":"ReadAction","target":["https:\/\/business.roovi.com\/fr\/casse-tete-de-la-tour-de-pise-casse-tete-adulte-1000-pieces-cartoon-collection\/p\/"]}]},{"@type":"BreadcrumbList","@id":"https:\/\/business.roovi.com\/fr\/casse-tete-de-la-tour-de-pise-casse-tete-adulte-1000-pieces-cartoon-collection\/p\/#breadcrumb","itemListElement":[{"@type":"ListItem","position":1,"name":"Home","item":"https:\/\/business.roovi.com\/fr\/"},{"@type":"ListItem","position":2,"name":"Boutique","item":"https:\/\/business.roovi.com\/fr\/boutique\/"},{"@type":"ListItem","position":3,"name":"Casse-t\u00eate de la Tour de Pise &#8211; Casse-t\u00eate adulte 1000 pi\u00e8ces &#8211; Cartoon Collection"}]},{"@type":"WebSite","@id":"https:\/\/business.roovi.com\/fr\/#website","url":"https:\/\/business.roovi.com\/fr\/","name":"Roovi B2B","description":"Roovi Business Website","potentialAction":[{"@type":"SearchAction","target":{"@type":"EntryPoint","urlTemplate":"https:\/\/business.roovi.com\/fr\/?s={search_term_string}"},"query-input":"required name=search_term_string"}],"inLanguage":"fr-FR"}]}},"_links":{"self":[{"href":"https:\/\/business.roovi.com\/fr\/wp-json\/wp\/v2\/product\/55117","targetHints":{"allow":["GET"]}}],"collection":[{"href":"https:\/\/business.roovi.com\/fr\/wp-json\/wp\/v2\/product"}],"about":[{"href":"https:\/\/business.roovi.com\/fr\/wp-json\/wp\/v2\/types\/product"}],"version-history":[{"count":0,"href":"https:\/\/business.roovi.com\/fr\/wp-json\/wp\/v2\/product\/55117\/revisions"}],"wp:featuredmedia":[{"embeddable":true,"href":"https:\/\/business.roovi.com\/fr\/wp-json\/wp\/v2\/media\/46514"}],"wp:attachment":[{"href":"https:\/\/business.roovi.com\/fr\/wp-json\/wp\/v2\/media?parent=55117"}],"wp:term":[{"taxonomy":"product_brand","embeddable":true,"href":"https:\/\/business.roovi.com\/fr\/wp-json\/wp\/v2\/product_brand?post=55117"},{"taxonomy":"product_cat","embeddable":true,"href":"https:\/\/business.roovi.com\/fr\/wp-json\/wp\/v2\/product_cat?post=55117"},{"taxonomy":"product_tag","embeddable":true,"href":"https:\/\/business.roovi.com\/fr\/wp-json\/wp\/v2\/product_tag?post=55117"}],"curies":[{"name":"wp","href":"https:\/\/api.w.org\/{rel}","templated":true}]}}