{"id":55151,"date":"2018-04-16T10:56:16","date_gmt":"2018-04-16T10:56:16","guid":{"rendered":"https:\/\/business.roovi.com\/puzzle-animale-color-me-24-piese-2\/p\/"},"modified":"2022-07-13T11:17:28","modified_gmt":"2022-07-13T11:17:28","slug":"puzzle-de-24-pieces-et-2-planches-a-colorier-danimaux","status":"publish","type":"product","link":"https:\/\/business.roovi.com\/fr\/puzzle-de-24-pieces-et-2-planches-a-colorier-danimaux\/p\/","title":{"rendered":"Puzzle de 24 pi\u00e8ces et 2 planches \u00e0 colorier d&rsquo;animaux"},"content":{"rendered":"<p>Nous te sugg\u00e9rons d&rsquo;essayer ce pack super amusant, qui comprend un puzzle de 24 pi\u00e8ces et deux planches \u00e0 colorier avec des animaux mignons, que tu peux compl\u00e9ter avec le jeu de crayons de cire (12 couleurs) inclus dans la bo\u00eete.<\/p>\n","protected":false},"excerpt":{"rendered":"<p>Nous te sugg\u00e9rons d&rsquo;essayer ce pack super amusant, qui comprend un puzzle de 24 pi\u00e8ces et deux planches \u00e0 colorier<\/p>\n","protected":false},"featured_media":46585,"template":"","meta":[],"product_brand":[],"product_cat":[2314,2368,2340],"product_tag":[],"class_list":{"0":"post-55151","1":"product","2":"type-product","3":"status-publish","4":"has-post-thumbnail","6":"product_cat-puzzles-fr","7":"product_cat-puzzles-de-moins-de-50-pieces","8":"product_cat-puzzles-pour-enfants","9":"pa_bax-10-fr","10":"pa_brand-d_toys-fr","11":"pa_filter_age-3_5-fr","12":"pa_filter_age-5_7-fr","13":"pa_tip_ambalaj-boite","14":"pa_tip_puzzle-puzzle-special-fr-2","16":"first","17":"instock","18":"taxable","19":"shipping-taxable","20":"product-type-simple"},"yoast_head":"<!-- This site is optimized with the Yoast SEO plugin v20.1 - https:\/\/yoast.com\/wordpress\/plugins\/seo\/ -->\n<title>Puzzle de 24 pi\u00e8ces et 2 planches \u00e0 colorier d&#039;animaux<\/title>\n<meta name=\"description\" content=\"Puzzle de 24 pi\u00e8ces et 2 planches \u00e0 colorier d&#039;animaux\" \/>\n<meta name=\"robots\" content=\"index, follow, max-snippet:-1, max-image-preview:large, max-video-preview:-1\" \/>\n<link rel=\"canonical\" href=\"https:\/\/business.roovi.com\/fr\/puzzle-de-24-pieces-et-2-planches-a-colorier-danimaux\/p\/\" \/>\n<meta property=\"og:locale\" content=\"fr_FR\" \/>\n<meta property=\"og:type\" content=\"article\" \/>\n<meta property=\"og:title\" content=\"Puzzle de 24 pi\u00e8ces et 2 planches \u00e0 colorier d&#039;animaux\" \/>\n<meta property=\"og:description\" content=\"Puzzle de 24 pi\u00e8ces et 2 planches \u00e0 colorier d&#039;animaux\" \/>\n<meta property=\"og:url\" content=\"https:\/\/business.roovi.com\/fr\/puzzle-de-24-pieces-et-2-planches-a-colorier-danimaux\/p\/\" \/>\n<meta property=\"og:site_name\" content=\"Roovi B2B\" \/>\n<meta property=\"article:publisher\" content=\"https:\/\/www.facebook.com\/wwwjucariero\" \/>\n<meta property=\"article:modified_time\" content=\"2022-07-13T11:17:28+00:00\" \/>\n<meta property=\"og:image\" content=\"https:\/\/business.roovi.com\/wp-content\/uploads\/2018\/04\/60730_02.jpg\" \/>\n\t<meta property=\"og:image:width\" content=\"1200\" \/>\n\t<meta property=\"og:image:height\" content=\"1200\" \/>\n\t<meta property=\"og:image:type\" content=\"image\/jpeg\" \/>\n<script type=\"application\/ld+json\" class=\"yoast-schema-graph\">{\"@context\":\"https:\/\/schema.org\",\"@graph\":[{\"@type\":\"WebPage\",\"@id\":\"https:\/\/business.roovi.com\/fr\/puzzle-de-24-pieces-et-2-planches-a-colorier-danimaux\/p\/\",\"url\":\"https:\/\/business.roovi.com\/fr\/puzzle-de-24-pieces-et-2-planches-a-colorier-danimaux\/p\/\",\"name\":\"Puzzle de 24 pi\u00e8ces et 2 planches \u00e0 colorier d'animaux\",\"isPartOf\":{\"@id\":\"https:\/\/business.roovi.com\/fr\/#website\"},\"datePublished\":\"2018-04-16T10:56:16+00:00\",\"dateModified\":\"2022-07-13T11:17:28+00:00\",\"description\":\"Puzzle de 24 pi\u00e8ces et 2 planches \u00e0 colorier d'animaux\",\"breadcrumb\":{\"@id\":\"https:\/\/business.roovi.com\/fr\/puzzle-de-24-pieces-et-2-planches-a-colorier-danimaux\/p\/#breadcrumb\"},\"inLanguage\":\"fr-FR\",\"potentialAction\":[{\"@type\":\"ReadAction\",\"target\":[\"https:\/\/business.roovi.com\/fr\/puzzle-de-24-pieces-et-2-planches-a-colorier-danimaux\/p\/\"]}]},{\"@type\":\"BreadcrumbList\",\"@id\":\"https:\/\/business.roovi.com\/fr\/puzzle-de-24-pieces-et-2-planches-a-colorier-danimaux\/p\/#breadcrumb\",\"itemListElement\":[{\"@type\":\"ListItem\",\"position\":1,\"name\":\"Home\",\"item\":\"https:\/\/business.roovi.com\/fr\/\"},{\"@type\":\"ListItem\",\"position\":2,\"name\":\"Boutique\",\"item\":\"https:\/\/business.roovi.com\/fr\/boutique\/\"},{\"@type\":\"ListItem\",\"position\":3,\"name\":\"Puzzle de 24 pi\u00e8ces et 2 planches \u00e0 colorier d&#8217;animaux\"}]},{\"@type\":\"WebSite\",\"@id\":\"https:\/\/business.roovi.com\/fr\/#website\",\"url\":\"https:\/\/business.roovi.com\/fr\/\",\"name\":\"Roovi B2B\",\"description\":\"Roovi Business Website\",\"potentialAction\":[{\"@type\":\"SearchAction\",\"target\":{\"@type\":\"EntryPoint\",\"urlTemplate\":\"https:\/\/business.roovi.com\/fr\/?s={search_term_string}\"},\"query-input\":\"required name=search_term_string\"}],\"inLanguage\":\"fr-FR\"}]}<\/script>\n<!-- \/ Yoast SEO plugin. -->","yoast_head_json":{"title":"Puzzle de 24 pi\u00e8ces et 2 planches \u00e0 colorier d'animaux","description":"Puzzle de 24 pi\u00e8ces et 2 planches \u00e0 colorier d'animaux","robots":{"index":"index","follow":"follow","max-snippet":"max-snippet:-1","max-image-preview":"max-image-preview:large","max-video-preview":"max-video-preview:-1"},"canonical":"https:\/\/business.roovi.com\/fr\/puzzle-de-24-pieces-et-2-planches-a-colorier-danimaux\/p\/","og_locale":"fr_FR","og_type":"article","og_title":"Puzzle de 24 pi\u00e8ces et 2 planches \u00e0 colorier d'animaux","og_description":"Puzzle de 24 pi\u00e8ces et 2 planches \u00e0 colorier d'animaux","og_url":"https:\/\/business.roovi.com\/fr\/puzzle-de-24-pieces-et-2-planches-a-colorier-danimaux\/p\/","og_site_name":"Roovi B2B","article_publisher":"https:\/\/www.facebook.com\/wwwjucariero","article_modified_time":"2022-07-13T11:17:28+00:00","og_image":[{"width":1200,"height":1200,"url":"https:\/\/business.roovi.com\/wp-content\/uploads\/2018\/04\/60730_02.jpg","type":"image\/jpeg"}],"schema":{"@context":"https:\/\/schema.org","@graph":[{"@type":"WebPage","@id":"https:\/\/business.roovi.com\/fr\/puzzle-de-24-pieces-et-2-planches-a-colorier-danimaux\/p\/","url":"https:\/\/business.roovi.com\/fr\/puzzle-de-24-pieces-et-2-planches-a-colorier-danimaux\/p\/","name":"Puzzle de 24 pi\u00e8ces et 2 planches \u00e0 colorier d'animaux","isPartOf":{"@id":"https:\/\/business.roovi.com\/fr\/#website"},"datePublished":"2018-04-16T10:56:16+00:00","dateModified":"2022-07-13T11:17:28+00:00","description":"Puzzle de 24 pi\u00e8ces et 2 planches \u00e0 colorier d'animaux","breadcrumb":{"@id":"https:\/\/business.roovi.com\/fr\/puzzle-de-24-pieces-et-2-planches-a-colorier-danimaux\/p\/#breadcrumb"},"inLanguage":"fr-FR","potentialAction":[{"@type":"ReadAction","target":["https:\/\/business.roovi.com\/fr\/puzzle-de-24-pieces-et-2-planches-a-colorier-danimaux\/p\/"]}]},{"@type":"BreadcrumbList","@id":"https:\/\/business.roovi.com\/fr\/puzzle-de-24-pieces-et-2-planches-a-colorier-danimaux\/p\/#breadcrumb","itemListElement":[{"@type":"ListItem","position":1,"name":"Home","item":"https:\/\/business.roovi.com\/fr\/"},{"@type":"ListItem","position":2,"name":"Boutique","item":"https:\/\/business.roovi.com\/fr\/boutique\/"},{"@type":"ListItem","position":3,"name":"Puzzle de 24 pi\u00e8ces et 2 planches \u00e0 colorier d&#8217;animaux"}]},{"@type":"WebSite","@id":"https:\/\/business.roovi.com\/fr\/#website","url":"https:\/\/business.roovi.com\/fr\/","name":"Roovi B2B","description":"Roovi Business Website","potentialAction":[{"@type":"SearchAction","target":{"@type":"EntryPoint","urlTemplate":"https:\/\/business.roovi.com\/fr\/?s={search_term_string}"},"query-input":"required name=search_term_string"}],"inLanguage":"fr-FR"}]}},"_links":{"self":[{"href":"https:\/\/business.roovi.com\/fr\/wp-json\/wp\/v2\/product\/55151","targetHints":{"allow":["GET"]}}],"collection":[{"href":"https:\/\/business.roovi.com\/fr\/wp-json\/wp\/v2\/product"}],"about":[{"href":"https:\/\/business.roovi.com\/fr\/wp-json\/wp\/v2\/types\/product"}],"version-history":[{"count":0,"href":"https:\/\/business.roovi.com\/fr\/wp-json\/wp\/v2\/product\/55151\/revisions"}],"wp:featuredmedia":[{"embeddable":true,"href":"https:\/\/business.roovi.com\/fr\/wp-json\/wp\/v2\/media\/46585"}],"wp:attachment":[{"href":"https:\/\/business.roovi.com\/fr\/wp-json\/wp\/v2\/media?parent=55151"}],"wp:term":[{"taxonomy":"product_brand","embeddable":true,"href":"https:\/\/business.roovi.com\/fr\/wp-json\/wp\/v2\/product_brand?post=55151"},{"taxonomy":"product_cat","embeddable":true,"href":"https:\/\/business.roovi.com\/fr\/wp-json\/wp\/v2\/product_cat?post=55151"},{"taxonomy":"product_tag","embeddable":true,"href":"https:\/\/business.roovi.com\/fr\/wp-json\/wp\/v2\/product_tag?post=55151"}],"curies":[{"name":"wp","href":"https:\/\/api.w.org\/{rel}","templated":true}]}}