{"id":55167,"date":"2018-04-16T10:56:16","date_gmt":"2018-04-16T10:56:16","guid":{"rendered":"https:\/\/business.roovi.com\/joc-color-me-puzzle-60-craciun-magnet-frigider\/p\/"},"modified":"2022-07-13T11:18:01","modified_gmt":"2022-07-13T11:18:01","slug":"puzzle-60-noel-jeu-color-me-magnet-frigider","status":"publish","type":"product","link":"https:\/\/business.roovi.com\/fr\/puzzle-60-noel-jeu-color-me-magnet-frigider\/p\/","title":{"rendered":"Puzzle 60 No\u00ebl + Jeu Color Me + Magnet Frigider"},"content":{"rendered":"<p>Nous te sugg\u00e9rons d&rsquo;essayer ce magnifique pack de No\u00ebl, qui comprend un puzzle de 60 pi\u00e8ces, un aimant de r\u00e9frig\u00e9rateur P\u00e8re No\u00ebl et un aimant de r\u00e9frig\u00e9rateur \u00e0 colorier, que tu peux compl\u00e9ter avec le set de crayons de couleur (6 couleurs) inclus dans la bo\u00eete. Amuse-toi bien !<\/p>\n","protected":false},"excerpt":{"rendered":"<p>Nous te sugg\u00e9rons d&rsquo;essayer ce magnifique pack de No\u00ebl, qui comprend un puzzle de 60 pi\u00e8ces, un aimant de r\u00e9frig\u00e9rateur<\/p>\n","protected":false},"featured_media":46610,"template":"","meta":[],"product_brand":[],"product_cat":[1607,1624,1626],"product_tag":[],"class_list":{"0":"post-55167","1":"product","2":"type-product","3":"status-publish","4":"has-post-thumbnail","6":"product_cat-puzzles","7":"product_cat-children-puzzles","8":"product_cat-50-100-piece-puzzles","9":"pa_bax-8-en","10":"pa_brand-d_toys-en","11":"pa_filter_age-5_7-en","12":"pa_filter_age-7_9-en","13":"pa_painter-christmascollection-en","14":"pa_tip_ambalaj-box","15":"pa_tip_puzzle-special","17":"first","18":"outofstock","19":"taxable","20":"shipping-taxable","21":"product-type-simple"},"yoast_head":"<!-- This site is optimized with the Yoast SEO plugin v20.1 - https:\/\/yoast.com\/wordpress\/plugins\/seo\/ -->\n<title>Puzzle 60 No\u00ebl + Jeu Color Me + Magnet Frigider<\/title>\n<meta name=\"description\" content=\"Puzzle 60 No\u00ebl + Jeu Color Me + Magnet Frigider\" \/>\n<meta name=\"robots\" content=\"index, follow, max-snippet:-1, max-image-preview:large, max-video-preview:-1\" \/>\n<link rel=\"canonical\" href=\"https:\/\/business.roovi.com\/fr\/puzzle-60-noel-jeu-color-me-magnet-frigider\/p\/\" \/>\n<meta property=\"og:locale\" content=\"fr_FR\" \/>\n<meta property=\"og:type\" content=\"article\" \/>\n<meta property=\"og:title\" content=\"Puzzle 60 No\u00ebl + Jeu Color Me + Magnet Frigider\" \/>\n<meta property=\"og:description\" content=\"Puzzle 60 No\u00ebl + Jeu Color Me + Magnet Frigider\" \/>\n<meta property=\"og:url\" content=\"https:\/\/business.roovi.com\/fr\/puzzle-60-noel-jeu-color-me-magnet-frigider\/p\/\" \/>\n<meta property=\"og:site_name\" content=\"Roovi B2B\" \/>\n<meta property=\"article:publisher\" content=\"https:\/\/www.facebook.com\/wwwjucariero\" \/>\n<meta property=\"article:modified_time\" content=\"2022-07-13T11:18:01+00:00\" \/>\n<meta property=\"og:image\" content=\"https:\/\/business.roovi.com\/wp-content\/uploads\/2018\/04\/color_me_craciun_65759.jpg\" \/>\n\t<meta property=\"og:image:width\" content=\"803\" \/>\n\t<meta property=\"og:image:height\" content=\"803\" \/>\n\t<meta property=\"og:image:type\" content=\"image\/jpeg\" \/>\n<script type=\"application\/ld+json\" class=\"yoast-schema-graph\">{\"@context\":\"https:\/\/schema.org\",\"@graph\":[{\"@type\":\"WebPage\",\"@id\":\"https:\/\/business.roovi.com\/fr\/puzzle-60-noel-jeu-color-me-magnet-frigider\/p\/\",\"url\":\"https:\/\/business.roovi.com\/fr\/puzzle-60-noel-jeu-color-me-magnet-frigider\/p\/\",\"name\":\"Puzzle 60 No\u00ebl + Jeu Color Me + Magnet Frigider\",\"isPartOf\":{\"@id\":\"https:\/\/business.roovi.com\/fr\/#website\"},\"datePublished\":\"2018-04-16T10:56:16+00:00\",\"dateModified\":\"2022-07-13T11:18:01+00:00\",\"description\":\"Puzzle 60 No\u00ebl + Jeu Color Me + Magnet Frigider\",\"breadcrumb\":{\"@id\":\"https:\/\/business.roovi.com\/fr\/puzzle-60-noel-jeu-color-me-magnet-frigider\/p\/#breadcrumb\"},\"inLanguage\":\"fr-FR\",\"potentialAction\":[{\"@type\":\"ReadAction\",\"target\":[\"https:\/\/business.roovi.com\/fr\/puzzle-60-noel-jeu-color-me-magnet-frigider\/p\/\"]}]},{\"@type\":\"BreadcrumbList\",\"@id\":\"https:\/\/business.roovi.com\/fr\/puzzle-60-noel-jeu-color-me-magnet-frigider\/p\/#breadcrumb\",\"itemListElement\":[{\"@type\":\"ListItem\",\"position\":1,\"name\":\"Home\",\"item\":\"https:\/\/business.roovi.com\/fr\/\"},{\"@type\":\"ListItem\",\"position\":2,\"name\":\"Boutique\",\"item\":\"https:\/\/business.roovi.com\/fr\/boutique\/\"},{\"@type\":\"ListItem\",\"position\":3,\"name\":\"Puzzle 60 No\u00ebl + Jeu Color Me + Magnet Frigider\"}]},{\"@type\":\"WebSite\",\"@id\":\"https:\/\/business.roovi.com\/fr\/#website\",\"url\":\"https:\/\/business.roovi.com\/fr\/\",\"name\":\"Roovi B2B\",\"description\":\"Roovi Business Website\",\"potentialAction\":[{\"@type\":\"SearchAction\",\"target\":{\"@type\":\"EntryPoint\",\"urlTemplate\":\"https:\/\/business.roovi.com\/fr\/?s={search_term_string}\"},\"query-input\":\"required name=search_term_string\"}],\"inLanguage\":\"fr-FR\"}]}<\/script>\n<!-- \/ Yoast SEO plugin. -->","yoast_head_json":{"title":"Puzzle 60 No\u00ebl + Jeu Color Me + Magnet Frigider","description":"Puzzle 60 No\u00ebl + Jeu Color Me + Magnet Frigider","robots":{"index":"index","follow":"follow","max-snippet":"max-snippet:-1","max-image-preview":"max-image-preview:large","max-video-preview":"max-video-preview:-1"},"canonical":"https:\/\/business.roovi.com\/fr\/puzzle-60-noel-jeu-color-me-magnet-frigider\/p\/","og_locale":"fr_FR","og_type":"article","og_title":"Puzzle 60 No\u00ebl + Jeu Color Me + Magnet Frigider","og_description":"Puzzle 60 No\u00ebl + Jeu Color Me + Magnet Frigider","og_url":"https:\/\/business.roovi.com\/fr\/puzzle-60-noel-jeu-color-me-magnet-frigider\/p\/","og_site_name":"Roovi B2B","article_publisher":"https:\/\/www.facebook.com\/wwwjucariero","article_modified_time":"2022-07-13T11:18:01+00:00","og_image":[{"width":803,"height":803,"url":"https:\/\/business.roovi.com\/wp-content\/uploads\/2018\/04\/color_me_craciun_65759.jpg","type":"image\/jpeg"}],"schema":{"@context":"https:\/\/schema.org","@graph":[{"@type":"WebPage","@id":"https:\/\/business.roovi.com\/fr\/puzzle-60-noel-jeu-color-me-magnet-frigider\/p\/","url":"https:\/\/business.roovi.com\/fr\/puzzle-60-noel-jeu-color-me-magnet-frigider\/p\/","name":"Puzzle 60 No\u00ebl + Jeu Color Me + Magnet Frigider","isPartOf":{"@id":"https:\/\/business.roovi.com\/fr\/#website"},"datePublished":"2018-04-16T10:56:16+00:00","dateModified":"2022-07-13T11:18:01+00:00","description":"Puzzle 60 No\u00ebl + Jeu Color Me + Magnet Frigider","breadcrumb":{"@id":"https:\/\/business.roovi.com\/fr\/puzzle-60-noel-jeu-color-me-magnet-frigider\/p\/#breadcrumb"},"inLanguage":"fr-FR","potentialAction":[{"@type":"ReadAction","target":["https:\/\/business.roovi.com\/fr\/puzzle-60-noel-jeu-color-me-magnet-frigider\/p\/"]}]},{"@type":"BreadcrumbList","@id":"https:\/\/business.roovi.com\/fr\/puzzle-60-noel-jeu-color-me-magnet-frigider\/p\/#breadcrumb","itemListElement":[{"@type":"ListItem","position":1,"name":"Home","item":"https:\/\/business.roovi.com\/fr\/"},{"@type":"ListItem","position":2,"name":"Boutique","item":"https:\/\/business.roovi.com\/fr\/boutique\/"},{"@type":"ListItem","position":3,"name":"Puzzle 60 No\u00ebl + Jeu Color Me + Magnet Frigider"}]},{"@type":"WebSite","@id":"https:\/\/business.roovi.com\/fr\/#website","url":"https:\/\/business.roovi.com\/fr\/","name":"Roovi B2B","description":"Roovi Business Website","potentialAction":[{"@type":"SearchAction","target":{"@type":"EntryPoint","urlTemplate":"https:\/\/business.roovi.com\/fr\/?s={search_term_string}"},"query-input":"required name=search_term_string"}],"inLanguage":"fr-FR"}]}},"_links":{"self":[{"href":"https:\/\/business.roovi.com\/fr\/wp-json\/wp\/v2\/product\/55167","targetHints":{"allow":["GET"]}}],"collection":[{"href":"https:\/\/business.roovi.com\/fr\/wp-json\/wp\/v2\/product"}],"about":[{"href":"https:\/\/business.roovi.com\/fr\/wp-json\/wp\/v2\/types\/product"}],"version-history":[{"count":0,"href":"https:\/\/business.roovi.com\/fr\/wp-json\/wp\/v2\/product\/55167\/revisions"}],"wp:featuredmedia":[{"embeddable":true,"href":"https:\/\/business.roovi.com\/fr\/wp-json\/wp\/v2\/media\/46610"}],"wp:attachment":[{"href":"https:\/\/business.roovi.com\/fr\/wp-json\/wp\/v2\/media?parent=55167"}],"wp:term":[{"taxonomy":"product_brand","embeddable":true,"href":"https:\/\/business.roovi.com\/fr\/wp-json\/wp\/v2\/product_brand?post=55167"},{"taxonomy":"product_cat","embeddable":true,"href":"https:\/\/business.roovi.com\/fr\/wp-json\/wp\/v2\/product_cat?post=55167"},{"taxonomy":"product_tag","embeddable":true,"href":"https:\/\/business.roovi.com\/fr\/wp-json\/wp\/v2\/product_tag?post=55167"}],"curies":[{"name":"wp","href":"https:\/\/api.w.org\/{rel}","templated":true}]}}