{"id":56069,"date":"2022-08-25T09:55:56","date_gmt":"2022-08-25T09:55:56","guid":{"rendered":"https:\/\/business.roovi.com\/puzzle-rainbow-flower-puzzle-adulti-1000-piese-high-difficulty\/p\/"},"modified":"2022-08-25T10:00:37","modified_gmt":"2022-08-25T10:00:37","slug":"casse-tete-rainbow-flower-casse-tete-adulte-1000-pieces-haute-difficulte","status":"publish","type":"product","link":"https:\/\/business.roovi.com\/fr\/casse-tete-rainbow-flower-casse-tete-adulte-1000-pieces-haute-difficulte\/p\/","title":{"rendered":"Casse-t\u00eate Rainbow Flower &#8211; Casse-t\u00eate adulte 1000 pi\u00e8ces &#8211; Haute difficult\u00e9"},"content":{"rendered":"<h4><em>Tu te sens pr\u00eat \u00e0 faire passer les jeux de puzzle au niveau sup\u00e9rieur ?<\/em><\/h4>\n<p>Puzzle 1000 pi\u00e8ces &#8211; Haute difficult\u00e9 &#8211; Rainbow Flower fait passer ta passion du puzzle \u00e0 un niveau artistique. Trouve la logique des pi\u00e8ces, compl\u00e8te le tableau et vis un \u00e9tat m\u00e9ditatif fascinant qui te relie \u00e0 ton propre moi et au moment pr\u00e9sent.<\/p>\n<p>\u00c0 la fin, c\u00e9l\u00e8bre ton dur labeur en encadrant ta peinture termin\u00e9e. Cet objet d\u00e9coratif original ajoutera de la couleur et de la personnalit\u00e9 \u00e0 tout endroit o\u00f9 tu l&rsquo;exposes.<\/p>\n<p>Tu veux donner un d\u00e9fi cr\u00e9atif \u00e0 une amie ch\u00e8re ? Le puzzle 1000 pi\u00e8ces &#8211; Haute difficult\u00e9 &#8211; Fleur d&rsquo;arc-en-ciel est le cadeau id\u00e9al qui se pr\u00eate \u00e0 diverses occasions, des anniversaires aux vacances d&rsquo;hiver.<\/p>\n","protected":false},"excerpt":{"rendered":"<p>Tu te sens pr\u00eat \u00e0 faire passer les jeux de puzzle au niveau sup\u00e9rieur ? Puzzle 1000 pi\u00e8ces &#8211; Haute<\/p>\n","protected":false},"featured_media":56033,"template":"","meta":[],"product_brand":[],"product_cat":[2314,2316,2315],"product_tag":[],"class_list":{"0":"post-56069","1":"product","2":"type-product","3":"status-publish","4":"has-post-thumbnail","6":"product_cat-puzzles-fr","7":"product_cat-puzzles-de-1000-pieces","8":"product_cat-puzzles-pour-adultes","9":"pa_brand-d_toys-fr","10":"pa_country_of_manufacture-ro-fr","11":"pa_filter_age-14-fr","12":"pa_painter-difficulte-elevee","13":"pa_tip_ambalaj-boite-fr","15":"first","16":"instock","17":"taxable","18":"shipping-taxable","19":"product-type-simple"},"yoast_head":"<!-- This site is optimized with the Yoast SEO plugin v20.1 - https:\/\/yoast.com\/wordpress\/plugins\/seo\/ -->\n<title>Casse-t\u00eate Rainbow Flower - Casse-t\u00eate adulte 1000 pi\u00e8ces - Haute difficult\u00e9<\/title>\n<meta name=\"description\" content=\"Casse-t\u00eate Rainbow Flower - Casse-t\u00eate adulte 1000 pi\u00e8ces - Haute difficult\u00e9\" \/>\n<meta name=\"robots\" content=\"index, follow, max-snippet:-1, max-image-preview:large, max-video-preview:-1\" \/>\n<link rel=\"canonical\" href=\"https:\/\/business.roovi.com\/fr\/casse-tete-rainbow-flower-casse-tete-adulte-1000-pieces-haute-difficulte\/p\/\" \/>\n<meta property=\"og:locale\" content=\"fr_FR\" \/>\n<meta property=\"og:type\" content=\"article\" \/>\n<meta property=\"og:title\" content=\"Casse-t\u00eate Rainbow Flower - Casse-t\u00eate adulte 1000 pi\u00e8ces - Haute difficult\u00e9\" \/>\n<meta property=\"og:description\" content=\"Casse-t\u00eate Rainbow Flower - Casse-t\u00eate adulte 1000 pi\u00e8ces - Haute difficult\u00e9\" \/>\n<meta property=\"og:url\" content=\"https:\/\/business.roovi.com\/fr\/casse-tete-rainbow-flower-casse-tete-adulte-1000-pieces-haute-difficulte\/p\/\" \/>\n<meta property=\"og:site_name\" content=\"Roovi B2B\" \/>\n<meta property=\"article:publisher\" content=\"https:\/\/www.facebook.com\/wwwjucariero\" \/>\n<meta property=\"article:modified_time\" content=\"2022-08-25T10:00:37+00:00\" \/>\n<meta property=\"og:image\" content=\"https:\/\/business.roovi.com\/wp-content\/uploads\/2022\/08\/01_MAIN-21.jpeg\" \/>\n\t<meta property=\"og:image:width\" content=\"1200\" \/>\n\t<meta property=\"og:image:height\" content=\"1200\" \/>\n\t<meta property=\"og:image:type\" content=\"image\/jpeg\" \/>\n<meta name=\"twitter:label1\" content=\"Dur\u00e9e de lecture estim\u00e9e\" \/>\n\t<meta name=\"twitter:data1\" content=\"1 minute\" \/>\n<script type=\"application\/ld+json\" class=\"yoast-schema-graph\">{\"@context\":\"https:\/\/schema.org\",\"@graph\":[{\"@type\":\"WebPage\",\"@id\":\"https:\/\/business.roovi.com\/fr\/casse-tete-rainbow-flower-casse-tete-adulte-1000-pieces-haute-difficulte\/p\/\",\"url\":\"https:\/\/business.roovi.com\/fr\/casse-tete-rainbow-flower-casse-tete-adulte-1000-pieces-haute-difficulte\/p\/\",\"name\":\"Casse-t\u00eate Rainbow Flower - Casse-t\u00eate adulte 1000 pi\u00e8ces - Haute difficult\u00e9\",\"isPartOf\":{\"@id\":\"https:\/\/business.roovi.com\/fr\/#website\"},\"datePublished\":\"2022-08-25T09:55:56+00:00\",\"dateModified\":\"2022-08-25T10:00:37+00:00\",\"description\":\"Casse-t\u00eate Rainbow Flower - Casse-t\u00eate adulte 1000 pi\u00e8ces - Haute difficult\u00e9\",\"breadcrumb\":{\"@id\":\"https:\/\/business.roovi.com\/fr\/casse-tete-rainbow-flower-casse-tete-adulte-1000-pieces-haute-difficulte\/p\/#breadcrumb\"},\"inLanguage\":\"fr-FR\",\"potentialAction\":[{\"@type\":\"ReadAction\",\"target\":[\"https:\/\/business.roovi.com\/fr\/casse-tete-rainbow-flower-casse-tete-adulte-1000-pieces-haute-difficulte\/p\/\"]}]},{\"@type\":\"BreadcrumbList\",\"@id\":\"https:\/\/business.roovi.com\/fr\/casse-tete-rainbow-flower-casse-tete-adulte-1000-pieces-haute-difficulte\/p\/#breadcrumb\",\"itemListElement\":[{\"@type\":\"ListItem\",\"position\":1,\"name\":\"Home\",\"item\":\"https:\/\/business.roovi.com\/fr\/\"},{\"@type\":\"ListItem\",\"position\":2,\"name\":\"Boutique\",\"item\":\"https:\/\/business.roovi.com\/fr\/boutique\/\"},{\"@type\":\"ListItem\",\"position\":3,\"name\":\"Casse-t\u00eate Rainbow Flower &#8211; Casse-t\u00eate adulte 1000 pi\u00e8ces &#8211; Haute difficult\u00e9\"}]},{\"@type\":\"WebSite\",\"@id\":\"https:\/\/business.roovi.com\/fr\/#website\",\"url\":\"https:\/\/business.roovi.com\/fr\/\",\"name\":\"Roovi B2B\",\"description\":\"Roovi Business Website\",\"potentialAction\":[{\"@type\":\"SearchAction\",\"target\":{\"@type\":\"EntryPoint\",\"urlTemplate\":\"https:\/\/business.roovi.com\/fr\/?s={search_term_string}\"},\"query-input\":\"required name=search_term_string\"}],\"inLanguage\":\"fr-FR\"}]}<\/script>\n<!-- \/ Yoast SEO plugin. -->","yoast_head_json":{"title":"Casse-t\u00eate Rainbow Flower - Casse-t\u00eate adulte 1000 pi\u00e8ces - Haute difficult\u00e9","description":"Casse-t\u00eate Rainbow Flower - Casse-t\u00eate adulte 1000 pi\u00e8ces - Haute difficult\u00e9","robots":{"index":"index","follow":"follow","max-snippet":"max-snippet:-1","max-image-preview":"max-image-preview:large","max-video-preview":"max-video-preview:-1"},"canonical":"https:\/\/business.roovi.com\/fr\/casse-tete-rainbow-flower-casse-tete-adulte-1000-pieces-haute-difficulte\/p\/","og_locale":"fr_FR","og_type":"article","og_title":"Casse-t\u00eate Rainbow Flower - Casse-t\u00eate adulte 1000 pi\u00e8ces - Haute difficult\u00e9","og_description":"Casse-t\u00eate Rainbow Flower - Casse-t\u00eate adulte 1000 pi\u00e8ces - Haute difficult\u00e9","og_url":"https:\/\/business.roovi.com\/fr\/casse-tete-rainbow-flower-casse-tete-adulte-1000-pieces-haute-difficulte\/p\/","og_site_name":"Roovi B2B","article_publisher":"https:\/\/www.facebook.com\/wwwjucariero","article_modified_time":"2022-08-25T10:00:37+00:00","og_image":[{"width":1200,"height":1200,"url":"https:\/\/business.roovi.com\/wp-content\/uploads\/2022\/08\/01_MAIN-21.jpeg","type":"image\/jpeg"}],"twitter_misc":{"Dur\u00e9e de lecture estim\u00e9e":"1 minute"},"schema":{"@context":"https:\/\/schema.org","@graph":[{"@type":"WebPage","@id":"https:\/\/business.roovi.com\/fr\/casse-tete-rainbow-flower-casse-tete-adulte-1000-pieces-haute-difficulte\/p\/","url":"https:\/\/business.roovi.com\/fr\/casse-tete-rainbow-flower-casse-tete-adulte-1000-pieces-haute-difficulte\/p\/","name":"Casse-t\u00eate Rainbow Flower - Casse-t\u00eate adulte 1000 pi\u00e8ces - Haute difficult\u00e9","isPartOf":{"@id":"https:\/\/business.roovi.com\/fr\/#website"},"datePublished":"2022-08-25T09:55:56+00:00","dateModified":"2022-08-25T10:00:37+00:00","description":"Casse-t\u00eate Rainbow Flower - Casse-t\u00eate adulte 1000 pi\u00e8ces - Haute difficult\u00e9","breadcrumb":{"@id":"https:\/\/business.roovi.com\/fr\/casse-tete-rainbow-flower-casse-tete-adulte-1000-pieces-haute-difficulte\/p\/#breadcrumb"},"inLanguage":"fr-FR","potentialAction":[{"@type":"ReadAction","target":["https:\/\/business.roovi.com\/fr\/casse-tete-rainbow-flower-casse-tete-adulte-1000-pieces-haute-difficulte\/p\/"]}]},{"@type":"BreadcrumbList","@id":"https:\/\/business.roovi.com\/fr\/casse-tete-rainbow-flower-casse-tete-adulte-1000-pieces-haute-difficulte\/p\/#breadcrumb","itemListElement":[{"@type":"ListItem","position":1,"name":"Home","item":"https:\/\/business.roovi.com\/fr\/"},{"@type":"ListItem","position":2,"name":"Boutique","item":"https:\/\/business.roovi.com\/fr\/boutique\/"},{"@type":"ListItem","position":3,"name":"Casse-t\u00eate Rainbow Flower &#8211; Casse-t\u00eate adulte 1000 pi\u00e8ces &#8211; Haute difficult\u00e9"}]},{"@type":"WebSite","@id":"https:\/\/business.roovi.com\/fr\/#website","url":"https:\/\/business.roovi.com\/fr\/","name":"Roovi B2B","description":"Roovi Business Website","potentialAction":[{"@type":"SearchAction","target":{"@type":"EntryPoint","urlTemplate":"https:\/\/business.roovi.com\/fr\/?s={search_term_string}"},"query-input":"required name=search_term_string"}],"inLanguage":"fr-FR"}]}},"_links":{"self":[{"href":"https:\/\/business.roovi.com\/fr\/wp-json\/wp\/v2\/product\/56069","targetHints":{"allow":["GET"]}}],"collection":[{"href":"https:\/\/business.roovi.com\/fr\/wp-json\/wp\/v2\/product"}],"about":[{"href":"https:\/\/business.roovi.com\/fr\/wp-json\/wp\/v2\/types\/product"}],"version-history":[{"count":0,"href":"https:\/\/business.roovi.com\/fr\/wp-json\/wp\/v2\/product\/56069\/revisions"}],"wp:featuredmedia":[{"embeddable":true,"href":"https:\/\/business.roovi.com\/fr\/wp-json\/wp\/v2\/media\/56033"}],"wp:attachment":[{"href":"https:\/\/business.roovi.com\/fr\/wp-json\/wp\/v2\/media?parent=56069"}],"wp:term":[{"taxonomy":"product_brand","embeddable":true,"href":"https:\/\/business.roovi.com\/fr\/wp-json\/wp\/v2\/product_brand?post=56069"},{"taxonomy":"product_cat","embeddable":true,"href":"https:\/\/business.roovi.com\/fr\/wp-json\/wp\/v2\/product_cat?post=56069"},{"taxonomy":"product_tag","embeddable":true,"href":"https:\/\/business.roovi.com\/fr\/wp-json\/wp\/v2\/product_tag?post=56069"}],"curies":[{"name":"wp","href":"https:\/\/api.w.org\/{rel}","templated":true}]}}