{"id":56418,"date":"2022-06-14T14:42:46","date_gmt":"2022-06-14T14:42:46","guid":{"rendered":"https:\/\/business.roovi.com\/puzzle-adulti-1000-piese-cappadocia\/p\/"},"modified":"2022-08-29T08:54:04","modified_gmt":"2022-08-29T08:54:04","slug":"casse-tete-cappadoce-casse-tete-adulte-1000-pieces","status":"publish","type":"product","link":"https:\/\/business.roovi.com\/fr\/casse-tete-cappadoce-casse-tete-adulte-1000-pieces\/p\/","title":{"rendered":"Casse-t\u00eate Cappadoce &#8211; Casse-t\u00eate adulte 1000 pi\u00e8ces"},"content":{"rendered":"<h4><em>Bannis la monotonie des jours mornes avec le puzzle adulte de 1000 pi\u00e8ces &#8211; Cappadoce !<\/em><\/h4>\n<p>Ce jeu de puzzle sp\u00e9cial repr\u00e9sente une image vibrante qui t&#8217;emm\u00e8ne en vacances parmi des dizaines de ballons color\u00e9s, qui attendent impatiemment que tu fasses un voyage dans les nuages.<\/p>\n<p>Le puzzle 1000 pi\u00e8ces &#8211; Cappadoce te fait sortir de ta routine quotidienne et de ta zone de confort. Il te met au d\u00e9fi mentalement et te donne un sentiment de paix et de d\u00e9tente, morceau par morceau.<\/p>\n<p>Le puzzle 1000 pi\u00e8ces &#8211; Cappadoce est fabriqu\u00e9 avec des mat\u00e9riaux de haute qualit\u00e9, les pi\u00e8ces s&#8217;embo\u00eetent parfaitement et l&rsquo;exp\u00e9rience d&rsquo;assemblage est tr\u00e8s agr\u00e9able. De plus, \u00e9tant emball\u00e9 dans une bo\u00eete au design \u00e9l\u00e9gant, il se pr\u00eate \u00e0 \u00eatre offert en cadeau \u00e0 des proches en toute occasion.<\/p>\n","protected":false},"excerpt":{"rendered":"<p>Bannis la monotonie des jours mornes avec le puzzle adulte de 1000 pi\u00e8ces &#8211; Cappadoce ! Ce jeu de puzzle<\/p>\n","protected":false},"featured_media":56311,"template":"","meta":[],"product_brand":[],"product_cat":[2314,2316,2315],"product_tag":[],"class_list":{"0":"post-56418","1":"product","2":"type-product","3":"status-publish","4":"has-post-thumbnail","6":"product_cat-puzzles-fr","7":"product_cat-puzzles-de-1000-pieces","8":"product_cat-puzzles-pour-adultes","9":"pa_brand-d_toys-fr","10":"pa_country_of_manufacture-ro-fr","11":"pa_filter_age-14-2-fr","12":"pa_painter-lieux-celebres","13":"pa_tip_ambalaj-boite","14":"pa_tip_puzzle-classique","16":"first","17":"instock","18":"taxable","19":"shipping-taxable","20":"product-type-simple"},"yoast_head":"<!-- This site is optimized with the Yoast SEO plugin v20.1 - https:\/\/yoast.com\/wordpress\/plugins\/seo\/ -->\n<title>Casse-t\u00eate Cappadoce - Casse-t\u00eate adulte 1000 pi\u00e8ces<\/title>\n<meta name=\"description\" content=\"Casse-t\u00eate Cappadoce - Casse-t\u00eate adulte 1000 pi\u00e8ces\" \/>\n<meta name=\"robots\" content=\"index, follow, max-snippet:-1, max-image-preview:large, max-video-preview:-1\" \/>\n<link rel=\"canonical\" href=\"https:\/\/business.roovi.com\/fr\/casse-tete-cappadoce-casse-tete-adulte-1000-pieces\/p\/\" \/>\n<meta property=\"og:locale\" content=\"fr_FR\" \/>\n<meta property=\"og:type\" content=\"article\" \/>\n<meta property=\"og:title\" content=\"Casse-t\u00eate Cappadoce - Casse-t\u00eate adulte 1000 pi\u00e8ces\" \/>\n<meta property=\"og:description\" content=\"Casse-t\u00eate Cappadoce - Casse-t\u00eate adulte 1000 pi\u00e8ces\" \/>\n<meta property=\"og:url\" content=\"https:\/\/business.roovi.com\/fr\/casse-tete-cappadoce-casse-tete-adulte-1000-pieces\/p\/\" \/>\n<meta property=\"og:site_name\" content=\"Roovi B2B\" \/>\n<meta property=\"article:publisher\" content=\"https:\/\/www.facebook.com\/wwwjucariero\" \/>\n<meta property=\"article:modified_time\" content=\"2022-08-29T08:54:04+00:00\" \/>\n<meta property=\"og:image\" content=\"https:\/\/business.roovi.com\/wp-content\/uploads\/2022\/08\/01_MAIN-19.jpg\" \/>\n\t<meta property=\"og:image:width\" content=\"1200\" \/>\n\t<meta property=\"og:image:height\" content=\"1200\" \/>\n\t<meta property=\"og:image:type\" content=\"image\/jpeg\" \/>\n<meta name=\"twitter:label1\" content=\"Dur\u00e9e de lecture estim\u00e9e\" \/>\n\t<meta name=\"twitter:data1\" content=\"1 minute\" \/>\n<script type=\"application\/ld+json\" class=\"yoast-schema-graph\">{\"@context\":\"https:\/\/schema.org\",\"@graph\":[{\"@type\":\"WebPage\",\"@id\":\"https:\/\/business.roovi.com\/fr\/casse-tete-cappadoce-casse-tete-adulte-1000-pieces\/p\/\",\"url\":\"https:\/\/business.roovi.com\/fr\/casse-tete-cappadoce-casse-tete-adulte-1000-pieces\/p\/\",\"name\":\"Casse-t\u00eate Cappadoce - Casse-t\u00eate adulte 1000 pi\u00e8ces\",\"isPartOf\":{\"@id\":\"https:\/\/business.roovi.com\/fr\/#website\"},\"datePublished\":\"2022-06-14T14:42:46+00:00\",\"dateModified\":\"2022-08-29T08:54:04+00:00\",\"description\":\"Casse-t\u00eate Cappadoce - Casse-t\u00eate adulte 1000 pi\u00e8ces\",\"breadcrumb\":{\"@id\":\"https:\/\/business.roovi.com\/fr\/casse-tete-cappadoce-casse-tete-adulte-1000-pieces\/p\/#breadcrumb\"},\"inLanguage\":\"fr-FR\",\"potentialAction\":[{\"@type\":\"ReadAction\",\"target\":[\"https:\/\/business.roovi.com\/fr\/casse-tete-cappadoce-casse-tete-adulte-1000-pieces\/p\/\"]}]},{\"@type\":\"BreadcrumbList\",\"@id\":\"https:\/\/business.roovi.com\/fr\/casse-tete-cappadoce-casse-tete-adulte-1000-pieces\/p\/#breadcrumb\",\"itemListElement\":[{\"@type\":\"ListItem\",\"position\":1,\"name\":\"Home\",\"item\":\"https:\/\/business.roovi.com\/fr\/\"},{\"@type\":\"ListItem\",\"position\":2,\"name\":\"Boutique\",\"item\":\"https:\/\/business.roovi.com\/fr\/boutique\/\"},{\"@type\":\"ListItem\",\"position\":3,\"name\":\"Casse-t\u00eate Cappadoce &#8211; Casse-t\u00eate adulte 1000 pi\u00e8ces\"}]},{\"@type\":\"WebSite\",\"@id\":\"https:\/\/business.roovi.com\/fr\/#website\",\"url\":\"https:\/\/business.roovi.com\/fr\/\",\"name\":\"Roovi B2B\",\"description\":\"Roovi Business Website\",\"potentialAction\":[{\"@type\":\"SearchAction\",\"target\":{\"@type\":\"EntryPoint\",\"urlTemplate\":\"https:\/\/business.roovi.com\/fr\/?s={search_term_string}\"},\"query-input\":\"required name=search_term_string\"}],\"inLanguage\":\"fr-FR\"}]}<\/script>\n<!-- \/ Yoast SEO plugin. -->","yoast_head_json":{"title":"Casse-t\u00eate Cappadoce - Casse-t\u00eate adulte 1000 pi\u00e8ces","description":"Casse-t\u00eate Cappadoce - Casse-t\u00eate adulte 1000 pi\u00e8ces","robots":{"index":"index","follow":"follow","max-snippet":"max-snippet:-1","max-image-preview":"max-image-preview:large","max-video-preview":"max-video-preview:-1"},"canonical":"https:\/\/business.roovi.com\/fr\/casse-tete-cappadoce-casse-tete-adulte-1000-pieces\/p\/","og_locale":"fr_FR","og_type":"article","og_title":"Casse-t\u00eate Cappadoce - Casse-t\u00eate adulte 1000 pi\u00e8ces","og_description":"Casse-t\u00eate Cappadoce - Casse-t\u00eate adulte 1000 pi\u00e8ces","og_url":"https:\/\/business.roovi.com\/fr\/casse-tete-cappadoce-casse-tete-adulte-1000-pieces\/p\/","og_site_name":"Roovi B2B","article_publisher":"https:\/\/www.facebook.com\/wwwjucariero","article_modified_time":"2022-08-29T08:54:04+00:00","og_image":[{"width":1200,"height":1200,"url":"https:\/\/business.roovi.com\/wp-content\/uploads\/2022\/08\/01_MAIN-19.jpg","type":"image\/jpeg"}],"twitter_misc":{"Dur\u00e9e de lecture estim\u00e9e":"1 minute"},"schema":{"@context":"https:\/\/schema.org","@graph":[{"@type":"WebPage","@id":"https:\/\/business.roovi.com\/fr\/casse-tete-cappadoce-casse-tete-adulte-1000-pieces\/p\/","url":"https:\/\/business.roovi.com\/fr\/casse-tete-cappadoce-casse-tete-adulte-1000-pieces\/p\/","name":"Casse-t\u00eate Cappadoce - Casse-t\u00eate adulte 1000 pi\u00e8ces","isPartOf":{"@id":"https:\/\/business.roovi.com\/fr\/#website"},"datePublished":"2022-06-14T14:42:46+00:00","dateModified":"2022-08-29T08:54:04+00:00","description":"Casse-t\u00eate Cappadoce - Casse-t\u00eate adulte 1000 pi\u00e8ces","breadcrumb":{"@id":"https:\/\/business.roovi.com\/fr\/casse-tete-cappadoce-casse-tete-adulte-1000-pieces\/p\/#breadcrumb"},"inLanguage":"fr-FR","potentialAction":[{"@type":"ReadAction","target":["https:\/\/business.roovi.com\/fr\/casse-tete-cappadoce-casse-tete-adulte-1000-pieces\/p\/"]}]},{"@type":"BreadcrumbList","@id":"https:\/\/business.roovi.com\/fr\/casse-tete-cappadoce-casse-tete-adulte-1000-pieces\/p\/#breadcrumb","itemListElement":[{"@type":"ListItem","position":1,"name":"Home","item":"https:\/\/business.roovi.com\/fr\/"},{"@type":"ListItem","position":2,"name":"Boutique","item":"https:\/\/business.roovi.com\/fr\/boutique\/"},{"@type":"ListItem","position":3,"name":"Casse-t\u00eate Cappadoce &#8211; Casse-t\u00eate adulte 1000 pi\u00e8ces"}]},{"@type":"WebSite","@id":"https:\/\/business.roovi.com\/fr\/#website","url":"https:\/\/business.roovi.com\/fr\/","name":"Roovi B2B","description":"Roovi Business Website","potentialAction":[{"@type":"SearchAction","target":{"@type":"EntryPoint","urlTemplate":"https:\/\/business.roovi.com\/fr\/?s={search_term_string}"},"query-input":"required name=search_term_string"}],"inLanguage":"fr-FR"}]}},"_links":{"self":[{"href":"https:\/\/business.roovi.com\/fr\/wp-json\/wp\/v2\/product\/56418","targetHints":{"allow":["GET"]}}],"collection":[{"href":"https:\/\/business.roovi.com\/fr\/wp-json\/wp\/v2\/product"}],"about":[{"href":"https:\/\/business.roovi.com\/fr\/wp-json\/wp\/v2\/types\/product"}],"version-history":[{"count":0,"href":"https:\/\/business.roovi.com\/fr\/wp-json\/wp\/v2\/product\/56418\/revisions"}],"wp:featuredmedia":[{"embeddable":true,"href":"https:\/\/business.roovi.com\/fr\/wp-json\/wp\/v2\/media\/56311"}],"wp:attachment":[{"href":"https:\/\/business.roovi.com\/fr\/wp-json\/wp\/v2\/media?parent=56418"}],"wp:term":[{"taxonomy":"product_brand","embeddable":true,"href":"https:\/\/business.roovi.com\/fr\/wp-json\/wp\/v2\/product_brand?post=56418"},{"taxonomy":"product_cat","embeddable":true,"href":"https:\/\/business.roovi.com\/fr\/wp-json\/wp\/v2\/product_cat?post=56418"},{"taxonomy":"product_tag","embeddable":true,"href":"https:\/\/business.roovi.com\/fr\/wp-json\/wp\/v2\/product_tag?post=56418"}],"curies":[{"name":"wp","href":"https:\/\/api.w.org\/{rel}","templated":true}]}}