{"id":56821,"date":"2022-08-25T07:58:28","date_gmt":"2022-08-25T07:58:28","guid":{"rendered":"https:\/\/business.roovi.com\/cub-rubik-pentru-copii-2x2\/p\/"},"modified":"2022-08-25T10:55:25","modified_gmt":"2022-08-25T10:55:25","slug":"rubiks-cube-2x2-rubiks-cube-pour-les-enfants","status":"publish","type":"product","link":"https:\/\/business.roovi.com\/fr\/rubiks-cube-2x2-rubiks-cube-pour-les-enfants\/p\/","title":{"rendered":"Rubik`s Cube, 2&#215;2 &#8211; Rubik`s Cube pour les enfants"},"content":{"rendered":"<h3><span style=\"font-weight: 400\">Tu cherches un jeu intelligent pour ton enfant ? Ou tu veux un entra\u00eenement mental intensif qui soit \u00e0 la fois relaxant et amusant ?<\/span><\/h3>\n<p><span style=\"font-weight: 400\">D\u00e9couvre le Rubik&rsquo;s Cube 2&#215;2 pour les enfants et les d\u00e9butants, un jeu passionnant et engageant qui d\u00e9veloppe simultan\u00e9ment la pens\u00e9e logique et la cr\u00e9ativit\u00e9.  <\/span><\/p>\n<p><span style=\"font-weight: 400\">L&rsquo;un des casse-t\u00eates les plus appr\u00e9ci\u00e9s au monde, le Rubik&rsquo;s Cube met l&rsquo;esprit des enfants et des adultes au d\u00e9fi. Pour les d\u00e9butants qui veulent d\u00e9couvrir les myst\u00e8res du Rubik&rsquo;s Cube par eux-m\u00eames, la version 2&#215;2 est la meilleure solution <\/span><\/p>\n<p><span style=\"font-weight: 400\">Le Rubik&rsquo;s Cube, 2&#215;2 est fabriqu\u00e9 avec des mat\u00e9riaux de haute qualit\u00e9 qui assurent une bonne manipulation et une rotation fluide. \u00c0 mesure que le joueur apprend l&rsquo;algorithme de r\u00e9solution, la vitesse de rotation augmente et il passe \u00e0 un niveau sup\u00e9rieur du jeu.<\/span><\/p>\n<p><span style=\"font-weight: 400\">Avec des couleurs agr\u00e9ables et un m\u00e9canisme facile, le Rubik&rsquo;s Cube capte rapidement l&rsquo;attention des enfants qui apprennent facilement la logique du jeu. Le cube deviendra donc un accessoire qu&rsquo;ils emporteront partout avec eux : \u00e0 l&rsquo;\u00e9cole, au camp, en vacances chez les grands-parents, au bord de la mer ou m\u00eame au sommet de la montagne.<\/span><\/p>\n<h3><span style=\"font-weight: 400\">Savais-tu que..<\/span><\/h3>\n<ul>\n<li style=\"font-weight: 400\"><span style=\"font-weight: 400\">En 1974, lorsqu&rsquo;il a invent\u00e9 le Rubik&rsquo;s Cube, Ern\u0151 Rubik, le p\u00e8re de ce jeu astucieux, ne savait pas comment le r\u00e9soudre. Ils disent qu&rsquo;il lui a fallu environ un mois pour comprendre.<\/span><\/li>\n<li style=\"font-weight: 400\"><span style=\"font-weight: 400\">On estime qu&rsquo;environ 6 % de la population mondiale a r\u00e9solu un Rubik&rsquo;s cube au moins une fois <\/span><\/li>\n<li style=\"font-weight: 400\"><span style=\"font-weight: 400\">Le Rubik&rsquo;s Cube le plus cher du monde vaut 2,5 millions de dollars et est fait d&rsquo;or 18 carats et de pierres pr\u00e9cieuses.<\/span><\/li>\n<li style=\"font-weight: 400\"><span style=\"font-weight: 400\">Le premier guide de r\u00e9solution du Rubik&rsquo;s Cube a \u00e9t\u00e9 con\u00e7u par Patrick Bossert, 13 ans. Publi\u00e9 en 1981, son livre, You Can Do the Cube, s&rsquo;est vendu \u00e0 plus de 1,5 million d&rsquo;exemplaires.<\/span><\/li>\n<\/ul>\n<h3><span style=\"font-weight: 400\">Pourquoi choisir Rubik&rsquo;s Cube, 2&#215;2<\/span><\/h3>\n<p><span style=\"font-weight: 400\">C&rsquo;est une fa\u00e7on relaxante pour les enfants et les adultes de passer leur temps libre.<\/span><\/p>\n<p><span style=\"font-weight: 400\">C&rsquo;est un jeu id\u00e9al pour les longs voyages car il chasse l&rsquo;ennui et offre une grande dose d&rsquo;amusement partout et \u00e0 tout moment.<\/span><\/p>\n<p><span style=\"font-weight: 400\">C&rsquo;est un exercice d&rsquo;adresse parfait tout en am\u00e9liorant l&rsquo;attention, la concentration et la m\u00e9moire.<\/span><\/p>\n<p><span style=\"font-weight: 400\">Il encourage l&rsquo;apprentissage et le d\u00e9veloppement de l&rsquo;intelligence \u00e9motionnelle \u00e0 tout \u00e2ge.<\/span><\/p>\n<p><span style=\"font-weight: 400\">Elle \u00e9loigne les enfants des \u00e9crans, avec des avantages bien sup\u00e9rieurs aux jeux num\u00e9riques.<\/span><\/p>\n<p><span style=\"font-weight: 400\">Que tu le choisisses pour ton enfant ou que tu l&rsquo;offres en cadeau \u00e0 un ami passionn\u00e9 de jeux d&rsquo;intelligence, le Rubik&rsquo;s Cube 2&#215;2 sera \u00e0 coup s\u00fbr un d\u00e9fi interactif et une agr\u00e9able surprise.<\/span><\/p>\n","protected":false},"excerpt":{"rendered":"<p>Tu cherches un jeu intelligent pour ton enfant ? Ou tu veux un entra\u00eenement mental intensif qui soit \u00e0 la<\/p>\n","protected":false},"featured_media":56434,"template":"","meta":[],"product_brand":[],"product_cat":[2604,2605,2606],"product_tag":[],"class_list":{"0":"post-56821","1":"product","2":"type-product","3":"status-publish","4":"has-post-thumbnail","6":"product_cat-alte-jucarii-si-jocuri-fr","7":"product_cat-jocuri-de-logica-alte-jucarii-si-jocuri-fr","8":"product_cat-jocuri-rubiks-fr","9":"pa_bax-6-fr","10":"pa_brand-rubiks-fr","11":"pa_filter_age-14-2-fr","12":"pa_filter_age-7_9-fr","13":"pa_filter_age-9_14-fr","14":"pa_tip_ambalaj-boite","16":"first","17":"instock","18":"taxable","19":"shipping-taxable","20":"product-type-simple"},"yoast_head":"<!-- This site is optimized with the Yoast SEO plugin v20.1 - https:\/\/yoast.com\/wordpress\/plugins\/seo\/ -->\n<title>Rubik`s Cube, 2x2 - Rubik`s Cube pour les enfants<\/title>\n<meta name=\"description\" content=\"Rubik`s Cube, 2x2 - Rubik`s Cube pour les enfants\" \/>\n<meta name=\"robots\" content=\"index, follow, max-snippet:-1, max-image-preview:large, max-video-preview:-1\" \/>\n<link rel=\"canonical\" href=\"https:\/\/business.roovi.com\/fr\/rubiks-cube-2x2-rubiks-cube-pour-les-enfants\/p\/\" \/>\n<meta property=\"og:locale\" content=\"fr_FR\" \/>\n<meta property=\"og:type\" content=\"article\" \/>\n<meta property=\"og:title\" content=\"Rubik`s Cube, 2x2 - Rubik`s Cube pour les enfants\" \/>\n<meta property=\"og:description\" content=\"Rubik`s Cube, 2x2 - Rubik`s Cube pour les enfants\" \/>\n<meta property=\"og:url\" content=\"https:\/\/business.roovi.com\/fr\/rubiks-cube-2x2-rubiks-cube-pour-les-enfants\/p\/\" \/>\n<meta property=\"og:site_name\" content=\"Roovi B2B\" \/>\n<meta property=\"article:publisher\" content=\"https:\/\/www.facebook.com\/wwwjucariero\" \/>\n<meta property=\"article:modified_time\" content=\"2022-08-25T10:55:25+00:00\" \/>\n<meta property=\"og:image\" content=\"https:\/\/business.roovi.com\/wp-content\/uploads\/2022\/08\/Rubik-Buvos-kocka-2x2-1.jpeg\" \/>\n\t<meta property=\"og:image:width\" content=\"600\" \/>\n\t<meta property=\"og:image:height\" content=\"500\" \/>\n\t<meta property=\"og:image:type\" content=\"image\/jpeg\" \/>\n<meta name=\"twitter:label1\" content=\"Dur\u00e9e de lecture estim\u00e9e\" \/>\n\t<meta name=\"twitter:data1\" content=\"2 minutes\" \/>\n<script type=\"application\/ld+json\" class=\"yoast-schema-graph\">{\"@context\":\"https:\/\/schema.org\",\"@graph\":[{\"@type\":\"WebPage\",\"@id\":\"https:\/\/business.roovi.com\/fr\/rubiks-cube-2x2-rubiks-cube-pour-les-enfants\/p\/\",\"url\":\"https:\/\/business.roovi.com\/fr\/rubiks-cube-2x2-rubiks-cube-pour-les-enfants\/p\/\",\"name\":\"Rubik`s Cube, 2x2 - Rubik`s Cube pour les enfants\",\"isPartOf\":{\"@id\":\"https:\/\/business.roovi.com\/fr\/#website\"},\"datePublished\":\"2022-08-25T07:58:28+00:00\",\"dateModified\":\"2022-08-25T10:55:25+00:00\",\"description\":\"Rubik`s Cube, 2x2 - Rubik`s Cube pour les enfants\",\"breadcrumb\":{\"@id\":\"https:\/\/business.roovi.com\/fr\/rubiks-cube-2x2-rubiks-cube-pour-les-enfants\/p\/#breadcrumb\"},\"inLanguage\":\"fr-FR\",\"potentialAction\":[{\"@type\":\"ReadAction\",\"target\":[\"https:\/\/business.roovi.com\/fr\/rubiks-cube-2x2-rubiks-cube-pour-les-enfants\/p\/\"]}]},{\"@type\":\"BreadcrumbList\",\"@id\":\"https:\/\/business.roovi.com\/fr\/rubiks-cube-2x2-rubiks-cube-pour-les-enfants\/p\/#breadcrumb\",\"itemListElement\":[{\"@type\":\"ListItem\",\"position\":1,\"name\":\"Home\",\"item\":\"https:\/\/business.roovi.com\/fr\/\"},{\"@type\":\"ListItem\",\"position\":2,\"name\":\"Boutique\",\"item\":\"https:\/\/business.roovi.com\/fr\/boutique\/\"},{\"@type\":\"ListItem\",\"position\":3,\"name\":\"Rubik`s Cube, 2&#215;2 &#8211; Rubik`s Cube pour les enfants\"}]},{\"@type\":\"WebSite\",\"@id\":\"https:\/\/business.roovi.com\/fr\/#website\",\"url\":\"https:\/\/business.roovi.com\/fr\/\",\"name\":\"Roovi B2B\",\"description\":\"Roovi Business Website\",\"potentialAction\":[{\"@type\":\"SearchAction\",\"target\":{\"@type\":\"EntryPoint\",\"urlTemplate\":\"https:\/\/business.roovi.com\/fr\/?s={search_term_string}\"},\"query-input\":\"required name=search_term_string\"}],\"inLanguage\":\"fr-FR\"}]}<\/script>\n<!-- \/ Yoast SEO plugin. -->","yoast_head_json":{"title":"Rubik`s Cube, 2x2 - Rubik`s Cube pour les enfants","description":"Rubik`s Cube, 2x2 - Rubik`s Cube pour les enfants","robots":{"index":"index","follow":"follow","max-snippet":"max-snippet:-1","max-image-preview":"max-image-preview:large","max-video-preview":"max-video-preview:-1"},"canonical":"https:\/\/business.roovi.com\/fr\/rubiks-cube-2x2-rubiks-cube-pour-les-enfants\/p\/","og_locale":"fr_FR","og_type":"article","og_title":"Rubik`s Cube, 2x2 - Rubik`s Cube pour les enfants","og_description":"Rubik`s Cube, 2x2 - Rubik`s Cube pour les enfants","og_url":"https:\/\/business.roovi.com\/fr\/rubiks-cube-2x2-rubiks-cube-pour-les-enfants\/p\/","og_site_name":"Roovi B2B","article_publisher":"https:\/\/www.facebook.com\/wwwjucariero","article_modified_time":"2022-08-25T10:55:25+00:00","og_image":[{"width":600,"height":500,"url":"https:\/\/business.roovi.com\/wp-content\/uploads\/2022\/08\/Rubik-Buvos-kocka-2x2-1.jpeg","type":"image\/jpeg"}],"twitter_misc":{"Dur\u00e9e de lecture estim\u00e9e":"2 minutes"},"schema":{"@context":"https:\/\/schema.org","@graph":[{"@type":"WebPage","@id":"https:\/\/business.roovi.com\/fr\/rubiks-cube-2x2-rubiks-cube-pour-les-enfants\/p\/","url":"https:\/\/business.roovi.com\/fr\/rubiks-cube-2x2-rubiks-cube-pour-les-enfants\/p\/","name":"Rubik`s Cube, 2x2 - Rubik`s Cube pour les enfants","isPartOf":{"@id":"https:\/\/business.roovi.com\/fr\/#website"},"datePublished":"2022-08-25T07:58:28+00:00","dateModified":"2022-08-25T10:55:25+00:00","description":"Rubik`s Cube, 2x2 - Rubik`s Cube pour les enfants","breadcrumb":{"@id":"https:\/\/business.roovi.com\/fr\/rubiks-cube-2x2-rubiks-cube-pour-les-enfants\/p\/#breadcrumb"},"inLanguage":"fr-FR","potentialAction":[{"@type":"ReadAction","target":["https:\/\/business.roovi.com\/fr\/rubiks-cube-2x2-rubiks-cube-pour-les-enfants\/p\/"]}]},{"@type":"BreadcrumbList","@id":"https:\/\/business.roovi.com\/fr\/rubiks-cube-2x2-rubiks-cube-pour-les-enfants\/p\/#breadcrumb","itemListElement":[{"@type":"ListItem","position":1,"name":"Home","item":"https:\/\/business.roovi.com\/fr\/"},{"@type":"ListItem","position":2,"name":"Boutique","item":"https:\/\/business.roovi.com\/fr\/boutique\/"},{"@type":"ListItem","position":3,"name":"Rubik`s Cube, 2&#215;2 &#8211; Rubik`s Cube pour les enfants"}]},{"@type":"WebSite","@id":"https:\/\/business.roovi.com\/fr\/#website","url":"https:\/\/business.roovi.com\/fr\/","name":"Roovi B2B","description":"Roovi Business Website","potentialAction":[{"@type":"SearchAction","target":{"@type":"EntryPoint","urlTemplate":"https:\/\/business.roovi.com\/fr\/?s={search_term_string}"},"query-input":"required name=search_term_string"}],"inLanguage":"fr-FR"}]}},"_links":{"self":[{"href":"https:\/\/business.roovi.com\/fr\/wp-json\/wp\/v2\/product\/56821","targetHints":{"allow":["GET"]}}],"collection":[{"href":"https:\/\/business.roovi.com\/fr\/wp-json\/wp\/v2\/product"}],"about":[{"href":"https:\/\/business.roovi.com\/fr\/wp-json\/wp\/v2\/types\/product"}],"version-history":[{"count":0,"href":"https:\/\/business.roovi.com\/fr\/wp-json\/wp\/v2\/product\/56821\/revisions"}],"wp:featuredmedia":[{"embeddable":true,"href":"https:\/\/business.roovi.com\/fr\/wp-json\/wp\/v2\/media\/56434"}],"wp:attachment":[{"href":"https:\/\/business.roovi.com\/fr\/wp-json\/wp\/v2\/media?parent=56821"}],"wp:term":[{"taxonomy":"product_brand","embeddable":true,"href":"https:\/\/business.roovi.com\/fr\/wp-json\/wp\/v2\/product_brand?post=56821"},{"taxonomy":"product_cat","embeddable":true,"href":"https:\/\/business.roovi.com\/fr\/wp-json\/wp\/v2\/product_cat?post=56821"},{"taxonomy":"product_tag","embeddable":true,"href":"https:\/\/business.roovi.com\/fr\/wp-json\/wp\/v2\/product_tag?post=56821"}],"curies":[{"name":"wp","href":"https:\/\/api.w.org\/{rel}","templated":true}]}}