{"id":56837,"date":"2022-06-14T15:03:06","date_gmt":"2022-06-14T15:03:06","guid":{"rendered":"https:\/\/business.roovi.com\/puzzle-adulti-1000-piese-glamorous\/p\/"},"modified":"2022-08-25T10:55:53","modified_gmt":"2022-08-25T10:55:53","slug":"casse-tete-glamour-adultes-1000-pieces","status":"publish","type":"product","link":"https:\/\/business.roovi.com\/fr\/casse-tete-glamour-adultes-1000-pieces\/p\/","title":{"rendered":"Casse-t\u00eate Glamour &#8211; Adultes 1000 pi\u00e8ces"},"content":{"rendered":"<h4><em>Puzzle de 1000 pi\u00e8ces &#8211; Glamorous c\u00e9l\u00e8bre la f\u00e9minit\u00e9, l&rsquo;\u00e9l\u00e9gance et l&rsquo;\u00e9nergie f\u00e9minine.<\/em><\/h4>\n<p>Prends quelques heures pour toi et pratique une activit\u00e9 r\u00e9cr\u00e9ative qui d\u00e9tend ton esprit et ton corps. Ou profite de ce puzzle glamour pour passer quelques heures de plaisir avec tes copines.<\/p>\n<p>Chaque puzzle de ROOVI est fabriqu\u00e9 avec des mat\u00e9riaux de haute qualit\u00e9, les pi\u00e8ces s&#8217;embo\u00eetent parfaitement et r\u00e9sistent \u00e0 de multiples utilisations. Tu peux donc encadrer le Glamorous Puzzle 1000 pi\u00e8ces et cr\u00e9er un charmant objet d\u00e9coratif. Ou tu peux remettre les pi\u00e8ces dans la bo\u00eete et y revenir chaque fois que tu as envie d&rsquo;un d\u00e9fi cr\u00e9atif.<\/p>\n<p>Le puzzle 1000 pi\u00e8ces &#8211; Glamorous est emball\u00e9 dans une bo\u00eete en carton solide et de haute qualit\u00e9 et pourrait \u00eatre le cadeau parfait pour une adolescente ou tout amateur de puzzle.<\/p>\n","protected":false},"excerpt":{"rendered":"<p>Puzzle de 1000 pi\u00e8ces &#8211; Glamorous c\u00e9l\u00e8bre la f\u00e9minit\u00e9, l&rsquo;\u00e9l\u00e9gance et l&rsquo;\u00e9nergie f\u00e9minine. Prends quelques heures pour toi et pratique<\/p>\n","protected":false},"featured_media":56488,"template":"","meta":[],"product_brand":[],"product_cat":[2314,2316,2315],"product_tag":[],"class_list":{"0":"post-56837","1":"product","2":"type-product","3":"status-publish","4":"has-post-thumbnail","6":"product_cat-puzzles-fr","7":"product_cat-puzzles-de-1000-pieces","8":"product_cat-puzzles-pour-adultes","9":"pa_brand-d_toys-fr","10":"pa_country_of_manufacture-ro-fr","11":"pa_filter_age-14-2-fr","12":"pa_painter-difficulte-elevee","13":"pa_tip_ambalaj-boite","14":"pa_tip_puzzle-classique","16":"first","17":"instock","18":"taxable","19":"shipping-taxable","20":"product-type-simple"},"yoast_head":"<!-- This site is optimized with the Yoast SEO plugin v20.1 - https:\/\/yoast.com\/wordpress\/plugins\/seo\/ -->\n<title>Casse-t\u00eate Glamour - Adultes 1000 pi\u00e8ces<\/title>\n<meta name=\"description\" content=\"Casse-t\u00eate Glamour - Adultes 1000 pi\u00e8ces\" \/>\n<meta name=\"robots\" content=\"index, follow, max-snippet:-1, max-image-preview:large, max-video-preview:-1\" \/>\n<link rel=\"canonical\" href=\"https:\/\/business.roovi.com\/fr\/casse-tete-glamour-adultes-1000-pieces\/p\/\" \/>\n<meta property=\"og:locale\" content=\"fr_FR\" \/>\n<meta property=\"og:type\" content=\"article\" \/>\n<meta property=\"og:title\" content=\"Casse-t\u00eate Glamour - Adultes 1000 pi\u00e8ces\" \/>\n<meta property=\"og:description\" content=\"Casse-t\u00eate Glamour - Adultes 1000 pi\u00e8ces\" \/>\n<meta property=\"og:url\" content=\"https:\/\/business.roovi.com\/fr\/casse-tete-glamour-adultes-1000-pieces\/p\/\" \/>\n<meta property=\"og:site_name\" content=\"Roovi B2B\" \/>\n<meta property=\"article:publisher\" content=\"https:\/\/www.facebook.com\/wwwjucariero\" \/>\n<meta property=\"article:modified_time\" content=\"2022-08-25T10:55:53+00:00\" \/>\n<meta property=\"og:image\" content=\"https:\/\/business.roovi.com\/wp-content\/uploads\/2022\/08\/01_MAIN-17.jpg\" \/>\n\t<meta property=\"og:image:width\" content=\"1200\" \/>\n\t<meta property=\"og:image:height\" content=\"1200\" \/>\n\t<meta property=\"og:image:type\" content=\"image\/jpeg\" \/>\n<meta name=\"twitter:label1\" content=\"Dur\u00e9e de lecture estim\u00e9e\" \/>\n\t<meta name=\"twitter:data1\" content=\"1 minute\" \/>\n<script type=\"application\/ld+json\" class=\"yoast-schema-graph\">{\"@context\":\"https:\/\/schema.org\",\"@graph\":[{\"@type\":\"WebPage\",\"@id\":\"https:\/\/business.roovi.com\/fr\/casse-tete-glamour-adultes-1000-pieces\/p\/\",\"url\":\"https:\/\/business.roovi.com\/fr\/casse-tete-glamour-adultes-1000-pieces\/p\/\",\"name\":\"Casse-t\u00eate Glamour - Adultes 1000 pi\u00e8ces\",\"isPartOf\":{\"@id\":\"https:\/\/business.roovi.com\/fr\/#website\"},\"datePublished\":\"2022-06-14T15:03:06+00:00\",\"dateModified\":\"2022-08-25T10:55:53+00:00\",\"description\":\"Casse-t\u00eate Glamour - Adultes 1000 pi\u00e8ces\",\"breadcrumb\":{\"@id\":\"https:\/\/business.roovi.com\/fr\/casse-tete-glamour-adultes-1000-pieces\/p\/#breadcrumb\"},\"inLanguage\":\"fr-FR\",\"potentialAction\":[{\"@type\":\"ReadAction\",\"target\":[\"https:\/\/business.roovi.com\/fr\/casse-tete-glamour-adultes-1000-pieces\/p\/\"]}]},{\"@type\":\"BreadcrumbList\",\"@id\":\"https:\/\/business.roovi.com\/fr\/casse-tete-glamour-adultes-1000-pieces\/p\/#breadcrumb\",\"itemListElement\":[{\"@type\":\"ListItem\",\"position\":1,\"name\":\"Home\",\"item\":\"https:\/\/business.roovi.com\/fr\/\"},{\"@type\":\"ListItem\",\"position\":2,\"name\":\"Boutique\",\"item\":\"https:\/\/business.roovi.com\/fr\/boutique\/\"},{\"@type\":\"ListItem\",\"position\":3,\"name\":\"Casse-t\u00eate Glamour &#8211; Adultes 1000 pi\u00e8ces\"}]},{\"@type\":\"WebSite\",\"@id\":\"https:\/\/business.roovi.com\/fr\/#website\",\"url\":\"https:\/\/business.roovi.com\/fr\/\",\"name\":\"Roovi B2B\",\"description\":\"Roovi Business Website\",\"potentialAction\":[{\"@type\":\"SearchAction\",\"target\":{\"@type\":\"EntryPoint\",\"urlTemplate\":\"https:\/\/business.roovi.com\/fr\/?s={search_term_string}\"},\"query-input\":\"required name=search_term_string\"}],\"inLanguage\":\"fr-FR\"}]}<\/script>\n<!-- \/ Yoast SEO plugin. -->","yoast_head_json":{"title":"Casse-t\u00eate Glamour - Adultes 1000 pi\u00e8ces","description":"Casse-t\u00eate Glamour - Adultes 1000 pi\u00e8ces","robots":{"index":"index","follow":"follow","max-snippet":"max-snippet:-1","max-image-preview":"max-image-preview:large","max-video-preview":"max-video-preview:-1"},"canonical":"https:\/\/business.roovi.com\/fr\/casse-tete-glamour-adultes-1000-pieces\/p\/","og_locale":"fr_FR","og_type":"article","og_title":"Casse-t\u00eate Glamour - Adultes 1000 pi\u00e8ces","og_description":"Casse-t\u00eate Glamour - Adultes 1000 pi\u00e8ces","og_url":"https:\/\/business.roovi.com\/fr\/casse-tete-glamour-adultes-1000-pieces\/p\/","og_site_name":"Roovi B2B","article_publisher":"https:\/\/www.facebook.com\/wwwjucariero","article_modified_time":"2022-08-25T10:55:53+00:00","og_image":[{"width":1200,"height":1200,"url":"https:\/\/business.roovi.com\/wp-content\/uploads\/2022\/08\/01_MAIN-17.jpg","type":"image\/jpeg"}],"twitter_misc":{"Dur\u00e9e de lecture estim\u00e9e":"1 minute"},"schema":{"@context":"https:\/\/schema.org","@graph":[{"@type":"WebPage","@id":"https:\/\/business.roovi.com\/fr\/casse-tete-glamour-adultes-1000-pieces\/p\/","url":"https:\/\/business.roovi.com\/fr\/casse-tete-glamour-adultes-1000-pieces\/p\/","name":"Casse-t\u00eate Glamour - Adultes 1000 pi\u00e8ces","isPartOf":{"@id":"https:\/\/business.roovi.com\/fr\/#website"},"datePublished":"2022-06-14T15:03:06+00:00","dateModified":"2022-08-25T10:55:53+00:00","description":"Casse-t\u00eate Glamour - Adultes 1000 pi\u00e8ces","breadcrumb":{"@id":"https:\/\/business.roovi.com\/fr\/casse-tete-glamour-adultes-1000-pieces\/p\/#breadcrumb"},"inLanguage":"fr-FR","potentialAction":[{"@type":"ReadAction","target":["https:\/\/business.roovi.com\/fr\/casse-tete-glamour-adultes-1000-pieces\/p\/"]}]},{"@type":"BreadcrumbList","@id":"https:\/\/business.roovi.com\/fr\/casse-tete-glamour-adultes-1000-pieces\/p\/#breadcrumb","itemListElement":[{"@type":"ListItem","position":1,"name":"Home","item":"https:\/\/business.roovi.com\/fr\/"},{"@type":"ListItem","position":2,"name":"Boutique","item":"https:\/\/business.roovi.com\/fr\/boutique\/"},{"@type":"ListItem","position":3,"name":"Casse-t\u00eate Glamour &#8211; Adultes 1000 pi\u00e8ces"}]},{"@type":"WebSite","@id":"https:\/\/business.roovi.com\/fr\/#website","url":"https:\/\/business.roovi.com\/fr\/","name":"Roovi B2B","description":"Roovi Business Website","potentialAction":[{"@type":"SearchAction","target":{"@type":"EntryPoint","urlTemplate":"https:\/\/business.roovi.com\/fr\/?s={search_term_string}"},"query-input":"required name=search_term_string"}],"inLanguage":"fr-FR"}]}},"_links":{"self":[{"href":"https:\/\/business.roovi.com\/fr\/wp-json\/wp\/v2\/product\/56837","targetHints":{"allow":["GET"]}}],"collection":[{"href":"https:\/\/business.roovi.com\/fr\/wp-json\/wp\/v2\/product"}],"about":[{"href":"https:\/\/business.roovi.com\/fr\/wp-json\/wp\/v2\/types\/product"}],"version-history":[{"count":0,"href":"https:\/\/business.roovi.com\/fr\/wp-json\/wp\/v2\/product\/56837\/revisions"}],"wp:featuredmedia":[{"embeddable":true,"href":"https:\/\/business.roovi.com\/fr\/wp-json\/wp\/v2\/media\/56488"}],"wp:attachment":[{"href":"https:\/\/business.roovi.com\/fr\/wp-json\/wp\/v2\/media?parent=56837"}],"wp:term":[{"taxonomy":"product_brand","embeddable":true,"href":"https:\/\/business.roovi.com\/fr\/wp-json\/wp\/v2\/product_brand?post=56837"},{"taxonomy":"product_cat","embeddable":true,"href":"https:\/\/business.roovi.com\/fr\/wp-json\/wp\/v2\/product_cat?post=56837"},{"taxonomy":"product_tag","embeddable":true,"href":"https:\/\/business.roovi.com\/fr\/wp-json\/wp\/v2\/product_tag?post=56837"}],"curies":[{"name":"wp","href":"https:\/\/api.w.org\/{rel}","templated":true}]}}