{"id":59190,"date":"2022-10-25T05:29:24","date_gmt":"2022-10-25T05:29:24","guid":{"rendered":"https:\/\/business.roovi.com\/?post_type=product&#038;p=59190"},"modified":"2022-10-26T14:59:05","modified_gmt":"2022-10-26T14:59:05","slug":"casse-tete-watermill-casse-tete-adulte-1000-pieces-copiaza","status":"publish","type":"product","link":"https:\/\/business.roovi.com\/fr\/casse-tete-watermill-casse-tete-adulte-1000-pieces-copiaza\/p\/","title":{"rendered":"Wild Owl \u2013 Puzzle adulte 1000 pi\u00e8ces"},"content":{"rendered":"<h3>Saviez-vous que les objets repr\u00e9sentant des chouettes attirent la prosp\u00e9rit\u00e9 et les \u00e9nergies positives ? D\u00e9couvrez le Puzzle Wild Owl, un puzzle de 1000 pi\u00e8ces, une fa\u00e7on amusante de cr\u00e9er une d\u00e9coration sp\u00e9ciale et d\u2019am\u00e9liorer vos comp\u00e9tences en mati\u00e8re de puzzles par la m\u00eame occasion.<\/h3>\n<p>Le puzzle Wild Owl de 1000 pi\u00e8ces s\u2019inspire de la beaut\u00e9 de la nature. Assembler toutes les pi\u00e8ces est une activit\u00e9 relaxante et vous apporte une \u00e9nergie positive, tout comme une promenade dans les bois.<\/p>\n<p>L\u2019image repr\u00e9sent\u00e9e dans le puzzle Hibou sauvage appartient au photographe britannique James Rushforth et capture en d\u00e9tail un hibou \u00e0 face blanche de la famille des Strigid\u00e9s. Mettez toutes les pi\u00e8ces \u00e0 leur place et profitez d\u2019une image parfaite qui c\u00e9l\u00e8bre la grandeur de la nature.<\/p>\n<h3>5 raisons de choisir Wild Owl \u2013 Puzzle de 1000 pi\u00e8ces<\/h3>\n<ol>\n<li>C\u2019est une fa\u00e7on relaxante et cr\u00e9ative de passer votre temps libre.<\/li>\n<li>Vous cr\u00e9erez un magnifique tableau de 47 x 68 cm qui pr\u00e9serve les moindres d\u00e9tails de l\u2019image originale.<\/li>\n<li>Les pi\u00e8ces sont fabriqu\u00e9es en carton de haute qualit\u00e9, d\u2019une \u00e9paisseur de 2 mm, offrant une durabilit\u00e9 et une r\u00e9sistance \u00e0 long terme pour de multiples assemblages.<\/li>\n<li>Nous aimons la nature et nous utilisons des mat\u00e9riaux recyclables pour produire nos merveilleux puzzles de 1000 pi\u00e8ces.<\/li>\n<li>Il convient aux personnes \u00e2g\u00e9es de 14 ans et plus et offre une excellente occasion de passer du temps de qualit\u00e9 avec les adolescents.<\/li>\n<\/ol>\n<h3>Saviez-vous que\u2026<\/h3>\n<ul>\n<li>Le hibou \u00e0 face blanche ne mesure que 22 \u00e0 28 centim\u00e8tres de long et p\u00e8se environ 185 \u00e0 220 grammes.<\/li>\n<li>Elle pond ses \u0153ufs dans le nid d\u2019un autre oiseau, et les poussins quittent le nid environ un mois apr\u00e8s l\u2019\u00e9closion.<\/li>\n<li>C\u2019est un chasseur habile qui se nourrit de gros insectes ainsi que de petits mammif\u00e8res, d\u2019oiseaux et de reptiles.<\/li>\n<li>Les hiboux vivent sur Terre depuis plus de 70 millions d\u2019ann\u00e9es.<\/li>\n<li>Puzzle de 1000 pi\u00e8ces Wild Owl pour les passionn\u00e9s de puzzles et de nature.<\/li>\n<li>Le puzzle est une pratique de relaxation \u00e9tonnante. Pi\u00e8ce par pi\u00e8ce, vos pens\u00e9es s\u2019enfoncent au c\u0153ur de la nature. Vous vous sentez libre et vous profitez de la beaut\u00e9, tout comme le c\u00e9l\u00e8bre photographe qui a pris la photo.<\/li>\n<\/ul>\n<p>Choisissez le puzzle 1000 pi\u00e8ces Wild Owl pour vivre en pleine conscience et profiter d\u2019une activit\u00e9 cr\u00e9ative. Utilisez-le pour socialiser avec vos meilleurs amis ou faites-en le cadeau id\u00e9al pour les amateurs de puzzles que vous connaissez.<\/p>\n<h3>D\u00e9couvrez quelques faits int\u00e9ressants sur James Rushforth<\/h3>\n<p>Il aime autant l\u2019art que l\u2019aventure. Excellent photographe, James est \u00e9galement un alpiniste et un skieur exp\u00e9riment\u00e9. Il explore des r\u00e9gions difficiles d\u2019acc\u00e8s et dirige des exp\u00e9ditions et des circuits dans les Dolomites, en Islande et au Groenland.<\/p>\n<p>Il a remport\u00e9 de nombreux concours internationaux de photographie, dont le plus r\u00e9cent est le prestigieux Siena International Photo Awards. Il fait souvent partie du jury de divers concours internationaux.<\/p>\n<p>Il est \u00e9galement l\u2019auteur de guides de voyage et de livres de photographie et \u00e9crit des articles pour des publications prestigieuses telles que National Geographic, The Times et The Daily Telegraph.<\/p>\n<p>Fascin\u00e9 par la culture de l\u2019Europe de l\u2019Est, James est venu jusqu\u2019en Roumanie. C\u00e9l\u00e9brant la richesse multiculturelle de ce pays, il est un v\u00e9ritable promoteur du tourisme et des traditions roumaines.<\/p>\n<h4>Vous avez envie de passer des heures encore plus amusantes et relaxantes ? D\u00e9couvrez deux autres images \u00e9tonnantes de James Rushforth dans la toute nouvelle collection de puzzles de 1000 pi\u00e8ces de ROOVI: <a href=\"https:\/\/business.roovi.com\/fr\/puzzle-de-la-voile-puzzle-adulte-1000-pieces\/p\/\">Puzzle Sailing<\/a>\u00a0et\u00a0<a href=\"https:\/\/business.roovi.com\/fr\/casse-tete-watermill-casse-tete-adulte-1000-pieces\/p\/\">Puzzle Watermill<\/a>.<\/h4>\n","protected":false},"excerpt":{"rendered":"<p>Saviez-vous que les objets repr\u00e9sentant des chouettes attirent la prosp\u00e9rit\u00e9 et les \u00e9nergies positives ? D\u00e9couvrez le Puzzle Wild Owl,<\/p>\n","protected":false},"featured_media":59194,"template":"","meta":[],"product_brand":[],"product_cat":[2314,2316,2315],"product_tag":[],"class_list":{"0":"post-59190","1":"product","2":"type-product","3":"status-publish","4":"has-post-thumbnail","6":"product_cat-puzzles-fr","7":"product_cat-puzzles-de-1000-pieces","8":"product_cat-puzzles-pour-adultes","9":"pa_bax-10-fr","10":"pa_brand-d_toys-fr","11":"pa_country_of_manufacture-ro-fr","12":"pa_filter_age-14-2-fr","13":"pa_painter-landscapes-fr","14":"pa_tip_ambalaj-boite","15":"pa_tip_puzzle-classique","17":"first","18":"instock","19":"taxable","20":"shipping-taxable","21":"product-type-simple"},"yoast_head":"<!-- This site is optimized with the Yoast SEO plugin v20.1 - https:\/\/yoast.com\/wordpress\/plugins\/seo\/ -->\n<title>Casse-t\u00eate Watermill - Casse-t\u00eate adulte 1000 pi\u00e8ces<\/title>\n<meta name=\"description\" content=\"Casse-t\u00eate Watermill - Casse-t\u00eate adulte 1000 pi\u00e8ces\" \/>\n<meta name=\"robots\" content=\"index, follow, max-snippet:-1, max-image-preview:large, max-video-preview:-1\" \/>\n<link rel=\"canonical\" href=\"https:\/\/business.roovi.com\/fr\/casse-tete-watermill-casse-tete-adulte-1000-pieces-copiaza\/p\/\" \/>\n<meta property=\"og:locale\" content=\"fr_FR\" \/>\n<meta property=\"og:type\" content=\"article\" \/>\n<meta property=\"og:title\" content=\"Casse-t\u00eate Watermill - Casse-t\u00eate adulte 1000 pi\u00e8ces\" \/>\n<meta property=\"og:description\" content=\"Casse-t\u00eate Watermill - Casse-t\u00eate adulte 1000 pi\u00e8ces\" \/>\n<meta property=\"og:url\" content=\"https:\/\/business.roovi.com\/fr\/casse-tete-watermill-casse-tete-adulte-1000-pieces-copiaza\/p\/\" \/>\n<meta property=\"og:site_name\" content=\"Roovi B2B\" \/>\n<meta property=\"article:publisher\" content=\"https:\/\/www.facebook.com\/wwwjucariero\" \/>\n<meta property=\"article:modified_time\" content=\"2022-10-26T14:59:05+00:00\" \/>\n<meta property=\"og:image\" content=\"https:\/\/business.roovi.com\/wp-content\/uploads\/2022\/10\/x01_MAIN-800x800.jpg.pagespeed.ic_.7IpI9JdYyc.webp\" \/>\n\t<meta property=\"og:image:width\" content=\"800\" \/>\n\t<meta property=\"og:image:height\" content=\"800\" \/>\n\t<meta property=\"og:image:type\" content=\"image\/webp\" \/>\n<meta name=\"twitter:label1\" content=\"Dur\u00e9e de lecture estim\u00e9e\" \/>\n\t<meta name=\"twitter:data1\" content=\"4 minutes\" \/>\n<script type=\"application\/ld+json\" class=\"yoast-schema-graph\">{\"@context\":\"https:\/\/schema.org\",\"@graph\":[{\"@type\":\"WebPage\",\"@id\":\"https:\/\/business.roovi.com\/fr\/casse-tete-watermill-casse-tete-adulte-1000-pieces-copiaza\/p\/\",\"url\":\"https:\/\/business.roovi.com\/fr\/casse-tete-watermill-casse-tete-adulte-1000-pieces-copiaza\/p\/\",\"name\":\"Casse-t\u00eate Watermill - Casse-t\u00eate adulte 1000 pi\u00e8ces\",\"isPartOf\":{\"@id\":\"https:\/\/business.roovi.com\/fr\/#website\"},\"datePublished\":\"2022-10-25T05:29:24+00:00\",\"dateModified\":\"2022-10-26T14:59:05+00:00\",\"description\":\"Casse-t\u00eate Watermill - Casse-t\u00eate adulte 1000 pi\u00e8ces\",\"breadcrumb\":{\"@id\":\"https:\/\/business.roovi.com\/fr\/casse-tete-watermill-casse-tete-adulte-1000-pieces-copiaza\/p\/#breadcrumb\"},\"inLanguage\":\"fr-FR\",\"potentialAction\":[{\"@type\":\"ReadAction\",\"target\":[\"https:\/\/business.roovi.com\/fr\/casse-tete-watermill-casse-tete-adulte-1000-pieces-copiaza\/p\/\"]}]},{\"@type\":\"BreadcrumbList\",\"@id\":\"https:\/\/business.roovi.com\/fr\/casse-tete-watermill-casse-tete-adulte-1000-pieces-copiaza\/p\/#breadcrumb\",\"itemListElement\":[{\"@type\":\"ListItem\",\"position\":1,\"name\":\"Home\",\"item\":\"https:\/\/business.roovi.com\/fr\/\"},{\"@type\":\"ListItem\",\"position\":2,\"name\":\"Boutique\",\"item\":\"https:\/\/business.roovi.com\/fr\/boutique\/\"},{\"@type\":\"ListItem\",\"position\":3,\"name\":\"Wild Owl \u2013 Puzzle adulte 1000 pi\u00e8ces\"}]},{\"@type\":\"WebSite\",\"@id\":\"https:\/\/business.roovi.com\/fr\/#website\",\"url\":\"https:\/\/business.roovi.com\/fr\/\",\"name\":\"Roovi B2B\",\"description\":\"Roovi Business Website\",\"potentialAction\":[{\"@type\":\"SearchAction\",\"target\":{\"@type\":\"EntryPoint\",\"urlTemplate\":\"https:\/\/business.roovi.com\/fr\/?s={search_term_string}\"},\"query-input\":\"required name=search_term_string\"}],\"inLanguage\":\"fr-FR\"}]}<\/script>\n<!-- \/ Yoast SEO plugin. -->","yoast_head_json":{"title":"Casse-t\u00eate Watermill - Casse-t\u00eate adulte 1000 pi\u00e8ces","description":"Casse-t\u00eate Watermill - Casse-t\u00eate adulte 1000 pi\u00e8ces","robots":{"index":"index","follow":"follow","max-snippet":"max-snippet:-1","max-image-preview":"max-image-preview:large","max-video-preview":"max-video-preview:-1"},"canonical":"https:\/\/business.roovi.com\/fr\/casse-tete-watermill-casse-tete-adulte-1000-pieces-copiaza\/p\/","og_locale":"fr_FR","og_type":"article","og_title":"Casse-t\u00eate Watermill - Casse-t\u00eate adulte 1000 pi\u00e8ces","og_description":"Casse-t\u00eate Watermill - Casse-t\u00eate adulte 1000 pi\u00e8ces","og_url":"https:\/\/business.roovi.com\/fr\/casse-tete-watermill-casse-tete-adulte-1000-pieces-copiaza\/p\/","og_site_name":"Roovi B2B","article_publisher":"https:\/\/www.facebook.com\/wwwjucariero","article_modified_time":"2022-10-26T14:59:05+00:00","og_image":[{"width":800,"height":800,"url":"https:\/\/business.roovi.com\/wp-content\/uploads\/2022\/10\/x01_MAIN-800x800.jpg.pagespeed.ic_.7IpI9JdYyc.webp","type":"image\/webp"}],"twitter_misc":{"Dur\u00e9e de lecture estim\u00e9e":"4 minutes"},"schema":{"@context":"https:\/\/schema.org","@graph":[{"@type":"WebPage","@id":"https:\/\/business.roovi.com\/fr\/casse-tete-watermill-casse-tete-adulte-1000-pieces-copiaza\/p\/","url":"https:\/\/business.roovi.com\/fr\/casse-tete-watermill-casse-tete-adulte-1000-pieces-copiaza\/p\/","name":"Casse-t\u00eate Watermill - Casse-t\u00eate adulte 1000 pi\u00e8ces","isPartOf":{"@id":"https:\/\/business.roovi.com\/fr\/#website"},"datePublished":"2022-10-25T05:29:24+00:00","dateModified":"2022-10-26T14:59:05+00:00","description":"Casse-t\u00eate Watermill - Casse-t\u00eate adulte 1000 pi\u00e8ces","breadcrumb":{"@id":"https:\/\/business.roovi.com\/fr\/casse-tete-watermill-casse-tete-adulte-1000-pieces-copiaza\/p\/#breadcrumb"},"inLanguage":"fr-FR","potentialAction":[{"@type":"ReadAction","target":["https:\/\/business.roovi.com\/fr\/casse-tete-watermill-casse-tete-adulte-1000-pieces-copiaza\/p\/"]}]},{"@type":"BreadcrumbList","@id":"https:\/\/business.roovi.com\/fr\/casse-tete-watermill-casse-tete-adulte-1000-pieces-copiaza\/p\/#breadcrumb","itemListElement":[{"@type":"ListItem","position":1,"name":"Home","item":"https:\/\/business.roovi.com\/fr\/"},{"@type":"ListItem","position":2,"name":"Boutique","item":"https:\/\/business.roovi.com\/fr\/boutique\/"},{"@type":"ListItem","position":3,"name":"Wild Owl \u2013 Puzzle adulte 1000 pi\u00e8ces"}]},{"@type":"WebSite","@id":"https:\/\/business.roovi.com\/fr\/#website","url":"https:\/\/business.roovi.com\/fr\/","name":"Roovi B2B","description":"Roovi Business Website","potentialAction":[{"@type":"SearchAction","target":{"@type":"EntryPoint","urlTemplate":"https:\/\/business.roovi.com\/fr\/?s={search_term_string}"},"query-input":"required name=search_term_string"}],"inLanguage":"fr-FR"}]}},"_links":{"self":[{"href":"https:\/\/business.roovi.com\/fr\/wp-json\/wp\/v2\/product\/59190","targetHints":{"allow":["GET"]}}],"collection":[{"href":"https:\/\/business.roovi.com\/fr\/wp-json\/wp\/v2\/product"}],"about":[{"href":"https:\/\/business.roovi.com\/fr\/wp-json\/wp\/v2\/types\/product"}],"version-history":[{"count":0,"href":"https:\/\/business.roovi.com\/fr\/wp-json\/wp\/v2\/product\/59190\/revisions"}],"wp:featuredmedia":[{"embeddable":true,"href":"https:\/\/business.roovi.com\/fr\/wp-json\/wp\/v2\/media\/59194"}],"wp:attachment":[{"href":"https:\/\/business.roovi.com\/fr\/wp-json\/wp\/v2\/media?parent=59190"}],"wp:term":[{"taxonomy":"product_brand","embeddable":true,"href":"https:\/\/business.roovi.com\/fr\/wp-json\/wp\/v2\/product_brand?post=59190"},{"taxonomy":"product_cat","embeddable":true,"href":"https:\/\/business.roovi.com\/fr\/wp-json\/wp\/v2\/product_cat?post=59190"},{"taxonomy":"product_tag","embeddable":true,"href":"https:\/\/business.roovi.com\/fr\/wp-json\/wp\/v2\/product_tag?post=59190"}],"curies":[{"name":"wp","href":"https:\/\/api.w.org\/{rel}","templated":true}]}}