{"id":60253,"date":"2022-10-26T13:14:54","date_gmt":"2022-10-26T13:14:54","guid":{"rendered":"https:\/\/business.roovi.com\/?post_type=product&#038;p=60253"},"modified":"2022-10-26T13:29:08","modified_gmt":"2022-10-26T13:29:08","slug":"ocean-life-edu-puzzle-puzzle-de-240-pieces","status":"publish","type":"product","link":"https:\/\/business.roovi.com\/fr\/ocean-life-edu-puzzle-puzzle-de-240-pieces\/p\/","title":{"rendered":"Ocean Life Edu Puzzle &#8211; Puzzle de 240 pi\u00e8ces"},"content":{"rendered":"<p>De nombreuses esp\u00e8ces de poissons, baleines, pieuvres et autres animaux marins ont trouv\u00e9 leur place dans le puzzle de 240 pi\u00e8ces &#8211; Edu Ocean Life.<\/p>\n<p>Votre enfant cherchera avec impatience chaque pi\u00e8ce correspondante et d\u00e9couvrira avec enthousiasme le nom de chaque habitant de l&rsquo;oc\u00e9an. L&rsquo;image finale est un tableau vivant auquel il peut revenir \u00e0 tout moment pour se souvenir des noms de ses poissons pr\u00e9f\u00e9r\u00e9s.<\/p>\n<p>Les pi\u00e8ces du puzzle Edu Ocean Life 240 sont emball\u00e9es dans une bo\u00eete solide au design agr\u00e9able et \u00e9l\u00e9gant, de sorte que vous trouverez facilement sa place dans votre maison.<\/p>\n<p>Ce jeu de puzzle vivant et color\u00e9 convient aux enfants de plus de 6 ans et peut \u00eatre le cadeau id\u00e9al pour les vacances ou les anniversaires.<\/p>\n","protected":false},"excerpt":{"rendered":"<p>De nombreuses esp\u00e8ces de poissons, baleines, pieuvres et autres animaux marins ont trouv\u00e9 leur place dans le puzzle de 240<\/p>\n","protected":false},"featured_media":60237,"template":"","meta":[],"product_brand":[],"product_cat":[1607,1624,1606],"product_tag":[],"class_list":{"0":"post-60253","1":"product","2":"type-product","3":"status-publish","4":"has-post-thumbnail","6":"product_cat-puzzles","7":"product_cat-children-puzzles","8":"product_cat-more-than-100-piece-puzzles","10":"first","11":"onbackorder","12":"taxable","13":"shipping-taxable","14":"product-type-simple"},"yoast_head":"<!-- This site is optimized with the Yoast SEO plugin v20.1 - https:\/\/yoast.com\/wordpress\/plugins\/seo\/ -->\n<title>Ocean Life Edu Puzzle - Puzzle de 240 pi\u00e8ces - Roovi B2B<\/title>\n<meta name=\"robots\" content=\"index, follow, max-snippet:-1, max-image-preview:large, max-video-preview:-1\" \/>\n<link rel=\"canonical\" href=\"https:\/\/business.roovi.com\/fr\/ocean-life-edu-puzzle-puzzle-de-240-pieces\/p\/\" \/>\n<meta property=\"og:locale\" content=\"fr_FR\" \/>\n<meta property=\"og:type\" content=\"article\" \/>\n<meta property=\"og:title\" content=\"Ocean Life Edu Puzzle - Puzzle de 240 pi\u00e8ces - Roovi B2B\" \/>\n<meta property=\"og:description\" content=\"De nombreuses esp\u00e8ces de poissons, baleines, pieuvres et autres animaux marins ont trouv\u00e9 leur place dans le puzzle de 240\" \/>\n<meta property=\"og:url\" content=\"https:\/\/business.roovi.com\/fr\/ocean-life-edu-puzzle-puzzle-de-240-pieces\/p\/\" \/>\n<meta property=\"og:site_name\" content=\"Roovi B2B\" \/>\n<meta property=\"article:publisher\" content=\"https:\/\/www.facebook.com\/wwwjucariero\" \/>\n<meta property=\"article:modified_time\" content=\"2022-10-26T13:29:08+00:00\" \/>\n<meta property=\"og:image\" content=\"https:\/\/business.roovi.com\/wp-content\/uploads\/2022\/10\/79244-EDU-PUZZLE-Ocean-Life-Front-WEB-800x800-1.jpg\" \/>\n\t<meta property=\"og:image:width\" content=\"800\" \/>\n\t<meta property=\"og:image:height\" content=\"800\" \/>\n\t<meta property=\"og:image:type\" content=\"image\/jpeg\" \/>\n<meta name=\"twitter:label1\" content=\"Dur\u00e9e de lecture estim\u00e9e\" \/>\n\t<meta name=\"twitter:data1\" content=\"1 minute\" \/>\n<script type=\"application\/ld+json\" class=\"yoast-schema-graph\">{\"@context\":\"https:\/\/schema.org\",\"@graph\":[{\"@type\":\"WebPage\",\"@id\":\"https:\/\/business.roovi.com\/fr\/ocean-life-edu-puzzle-puzzle-de-240-pieces\/p\/\",\"url\":\"https:\/\/business.roovi.com\/fr\/ocean-life-edu-puzzle-puzzle-de-240-pieces\/p\/\",\"name\":\"Ocean Life Edu Puzzle - Puzzle de 240 pi\u00e8ces - Roovi B2B\",\"isPartOf\":{\"@id\":\"https:\/\/business.roovi.com\/fr\/#website\"},\"datePublished\":\"2022-10-26T13:14:54+00:00\",\"dateModified\":\"2022-10-26T13:29:08+00:00\",\"breadcrumb\":{\"@id\":\"https:\/\/business.roovi.com\/fr\/ocean-life-edu-puzzle-puzzle-de-240-pieces\/p\/#breadcrumb\"},\"inLanguage\":\"fr-FR\",\"potentialAction\":[{\"@type\":\"ReadAction\",\"target\":[\"https:\/\/business.roovi.com\/fr\/ocean-life-edu-puzzle-puzzle-de-240-pieces\/p\/\"]}]},{\"@type\":\"BreadcrumbList\",\"@id\":\"https:\/\/business.roovi.com\/fr\/ocean-life-edu-puzzle-puzzle-de-240-pieces\/p\/#breadcrumb\",\"itemListElement\":[{\"@type\":\"ListItem\",\"position\":1,\"name\":\"Home\",\"item\":\"https:\/\/business.roovi.com\/fr\/\"},{\"@type\":\"ListItem\",\"position\":2,\"name\":\"Boutique\",\"item\":\"https:\/\/business.roovi.com\/fr\/boutique\/\"},{\"@type\":\"ListItem\",\"position\":3,\"name\":\"Ocean Life Edu Puzzle &#8211; Puzzle de 240 pi\u00e8ces\"}]},{\"@type\":\"WebSite\",\"@id\":\"https:\/\/business.roovi.com\/fr\/#website\",\"url\":\"https:\/\/business.roovi.com\/fr\/\",\"name\":\"Roovi B2B\",\"description\":\"Roovi Business Website\",\"potentialAction\":[{\"@type\":\"SearchAction\",\"target\":{\"@type\":\"EntryPoint\",\"urlTemplate\":\"https:\/\/business.roovi.com\/fr\/?s={search_term_string}\"},\"query-input\":\"required name=search_term_string\"}],\"inLanguage\":\"fr-FR\"}]}<\/script>\n<!-- \/ Yoast SEO plugin. -->","yoast_head_json":{"title":"Ocean Life Edu Puzzle - Puzzle de 240 pi\u00e8ces - Roovi B2B","robots":{"index":"index","follow":"follow","max-snippet":"max-snippet:-1","max-image-preview":"max-image-preview:large","max-video-preview":"max-video-preview:-1"},"canonical":"https:\/\/business.roovi.com\/fr\/ocean-life-edu-puzzle-puzzle-de-240-pieces\/p\/","og_locale":"fr_FR","og_type":"article","og_title":"Ocean Life Edu Puzzle - Puzzle de 240 pi\u00e8ces - Roovi B2B","og_description":"De nombreuses esp\u00e8ces de poissons, baleines, pieuvres et autres animaux marins ont trouv\u00e9 leur place dans le puzzle de 240","og_url":"https:\/\/business.roovi.com\/fr\/ocean-life-edu-puzzle-puzzle-de-240-pieces\/p\/","og_site_name":"Roovi B2B","article_publisher":"https:\/\/www.facebook.com\/wwwjucariero","article_modified_time":"2022-10-26T13:29:08+00:00","og_image":[{"width":800,"height":800,"url":"https:\/\/business.roovi.com\/wp-content\/uploads\/2022\/10\/79244-EDU-PUZZLE-Ocean-Life-Front-WEB-800x800-1.jpg","type":"image\/jpeg"}],"twitter_misc":{"Dur\u00e9e de lecture estim\u00e9e":"1 minute"},"schema":{"@context":"https:\/\/schema.org","@graph":[{"@type":"WebPage","@id":"https:\/\/business.roovi.com\/fr\/ocean-life-edu-puzzle-puzzle-de-240-pieces\/p\/","url":"https:\/\/business.roovi.com\/fr\/ocean-life-edu-puzzle-puzzle-de-240-pieces\/p\/","name":"Ocean Life Edu Puzzle - Puzzle de 240 pi\u00e8ces - Roovi B2B","isPartOf":{"@id":"https:\/\/business.roovi.com\/fr\/#website"},"datePublished":"2022-10-26T13:14:54+00:00","dateModified":"2022-10-26T13:29:08+00:00","breadcrumb":{"@id":"https:\/\/business.roovi.com\/fr\/ocean-life-edu-puzzle-puzzle-de-240-pieces\/p\/#breadcrumb"},"inLanguage":"fr-FR","potentialAction":[{"@type":"ReadAction","target":["https:\/\/business.roovi.com\/fr\/ocean-life-edu-puzzle-puzzle-de-240-pieces\/p\/"]}]},{"@type":"BreadcrumbList","@id":"https:\/\/business.roovi.com\/fr\/ocean-life-edu-puzzle-puzzle-de-240-pieces\/p\/#breadcrumb","itemListElement":[{"@type":"ListItem","position":1,"name":"Home","item":"https:\/\/business.roovi.com\/fr\/"},{"@type":"ListItem","position":2,"name":"Boutique","item":"https:\/\/business.roovi.com\/fr\/boutique\/"},{"@type":"ListItem","position":3,"name":"Ocean Life Edu Puzzle &#8211; Puzzle de 240 pi\u00e8ces"}]},{"@type":"WebSite","@id":"https:\/\/business.roovi.com\/fr\/#website","url":"https:\/\/business.roovi.com\/fr\/","name":"Roovi B2B","description":"Roovi Business Website","potentialAction":[{"@type":"SearchAction","target":{"@type":"EntryPoint","urlTemplate":"https:\/\/business.roovi.com\/fr\/?s={search_term_string}"},"query-input":"required name=search_term_string"}],"inLanguage":"fr-FR"}]}},"_links":{"self":[{"href":"https:\/\/business.roovi.com\/fr\/wp-json\/wp\/v2\/product\/60253","targetHints":{"allow":["GET"]}}],"collection":[{"href":"https:\/\/business.roovi.com\/fr\/wp-json\/wp\/v2\/product"}],"about":[{"href":"https:\/\/business.roovi.com\/fr\/wp-json\/wp\/v2\/types\/product"}],"version-history":[{"count":0,"href":"https:\/\/business.roovi.com\/fr\/wp-json\/wp\/v2\/product\/60253\/revisions"}],"wp:featuredmedia":[{"embeddable":true,"href":"https:\/\/business.roovi.com\/fr\/wp-json\/wp\/v2\/media\/60237"}],"wp:attachment":[{"href":"https:\/\/business.roovi.com\/fr\/wp-json\/wp\/v2\/media?parent=60253"}],"wp:term":[{"taxonomy":"product_brand","embeddable":true,"href":"https:\/\/business.roovi.com\/fr\/wp-json\/wp\/v2\/product_brand?post=60253"},{"taxonomy":"product_cat","embeddable":true,"href":"https:\/\/business.roovi.com\/fr\/wp-json\/wp\/v2\/product_cat?post=60253"},{"taxonomy":"product_tag","embeddable":true,"href":"https:\/\/business.roovi.com\/fr\/wp-json\/wp\/v2\/product_tag?post=60253"}],"curies":[{"name":"wp","href":"https:\/\/api.w.org\/{rel}","templated":true}]}}