{"id":62191,"date":"2022-12-09T05:56:35","date_gmt":"2022-12-09T05:56:35","guid":{"rendered":"https:\/\/business.roovi.com\/?post_type=product&#038;p=62191"},"modified":"2023-03-01T10:46:36","modified_gmt":"2023-03-01T10:46:36","slug":"ocean-life-edu-puzzle-puzzle-de-240-pieces-pour-enfants","status":"publish","type":"product","link":"https:\/\/business.roovi.com\/fr\/ocean-life-edu-puzzle-puzzle-de-240-pieces-pour-enfants\/p\/","title":{"rendered":"Casse-t\u00eate \u00e9ducatif de 240 pi\u00e8ces &#8211; Animaux de l&rsquo;oc\u00e9an"},"content":{"rendered":"<h2><span style=\"font-weight: 400;\">Passez un moment cr\u00e9atif, relaxant et amusant avec vos enfants en compl\u00e9tant Edu Puzzle 240 &#8211; Ocean Life: un puzzle merveilleux et color\u00e9, comme les enfants l&rsquo;aiment.<\/span><\/h2>\n<p><span style=\"font-weight: 400;\">Si vous avez \u00e0 la maison un enfant passionn\u00e9 par le monde aquatique ou si vous recherchez un jeu de puzzle sp\u00e9cial avec des graphismes parfaits et des pi\u00e8ces qui s&#8217;embo\u00eetent parfaitement, vous venez de trouver le puzzle parfait!<\/span><\/p>\n<p><span style=\"font-weight: 400;\">Les d\u00e9tails r\u00e9alis\u00e9s par des experts, les poissons et la vie marine qui animent l&rsquo;illustration, fascinent les enfants et les maintiennent engag\u00e9s dans une activit\u00e9 cr\u00e9ative pendant longtemps.<\/span><\/p>\n<p><span style=\"font-weight: 400;\">Edu Puzzle 240 &#8211; Ocean Life peut \u00eatre l&rsquo;occasion de se rapprocher des plus petits, mais aussi d&rsquo;apprendre.\u00a0<\/span><\/p>\n<p><span style=\"font-weight: 400;\">En associant chaque pi\u00e8ce, les enfants d\u00e9couvrent avec plaisir le nom de chaque vie des profondeurs. Profitez de ce jeu de puzzle captivant pour parler aux enfants des esp\u00e8ces de poissons et de mammif\u00e8res qui vivent dans les oc\u00e9ans ou d&rsquo;autres faits int\u00e9ressants sur la vie marine.<\/span><\/p>\n<p><span style=\"font-weight: 400;\">Le temps pass\u00e9 avec les enfants est inestimable. Avec Edu Puzzle 240 &#8211; Ocean Life, vous cr\u00e9ez plus qu&rsquo;une simple image merveilleuse avec vos petits : de nombreux moments pr\u00e9cieux dont vous vous souviendrez pendant des ann\u00e9es.\u00a0<\/span><\/p>\n<h2><span style=\"font-weight: 400;\">Pourquoi choisir le Edu puzzle &#8211; Ocean Life\u00a0<\/span><\/h2>\n<ul>\n<li><span style=\"font-weight: 400;\">Il est fabriqu\u00e9 en carton de haute qualit\u00e9, ce qui le rend solide pour de nombreux assemblages et amusements.<\/span><\/li>\n<li><span style=\"font-weight: 400;\">Les mat\u00e9riaux utilis\u00e9s sont durables et recyclables, respectueux de l&rsquo;environnement et de la nature.<\/span><\/li>\n<li><span style=\"font-weight: 400;\">Il a une finition semi-brillante et une feuille anti-reflet qui aide les enfants \u00e0 voir clairement chaque d\u00e9tail et \u00e0 compl\u00e9ter facilement l&rsquo;image.<\/span><\/li>\n<li><span style=\"font-weight: 400;\">L&rsquo;image assembl\u00e9e mesure <\/span><b>42 x 28,8 cm<\/b><span style=\"font-weight: 400;\"> et peut \u00eatre encadr\u00e9e et utilis\u00e9e comme objet d\u00e9coratif pour la chambre des enfants.<\/span><\/li>\n<li><span style=\"font-weight: 400;\">Le jeu de puzzle est un exercice complexe pour le cerveau. Certains disent m\u00eame qu&rsquo;il nous rend plus intelligents \ud83d\ude42<\/span><\/li>\n<li><span style=\"font-weight: 400;\">Il est relaxant et cr\u00e9e en m\u00eame temps les conditions id\u00e9ales pour la proximit\u00e9 et le travail d&rsquo;\u00e9quipe.<\/span><\/li>\n<li><span style=\"font-weight: 400;\">Il cultive la patience et la capacit\u00e9 d&rsquo;attention des enfants et les aide \u00e0 se concentrer plus facilement sur les t\u00e2ches qu&rsquo;ils doivent accomplir dans leur vie quotidienne.<\/span><\/li>\n<\/ul>\n<h2><span style=\"font-weight: 400;\">Saviez-vous que&#8230;<\/span><\/h2>\n<ul>\n<li style=\"font-weight: 400;\" aria-level=\"1\"><span style=\"font-weight: 400;\">Les oc\u00e9ans abritent 95% des organismes vivants sur Terre.<\/span><\/li>\n<li style=\"font-weight: 400;\" aria-level=\"1\"><span style=\"font-weight: 400;\">Le sang des pieuvres est bleu.<\/span><\/li>\n<li style=\"font-weight: 400;\" aria-level=\"1\"><span style=\"font-weight: 400;\">La plus longue cha\u00eene de montagnes est sous-marine et est environ 10 fois plus grande que les Andes.<\/span><\/li>\n<li style=\"font-weight: 400;\" aria-level=\"1\"><span style=\"font-weight: 400;\">Les orques peuvent vivre jusqu&rsquo;\u00e0 100 ans.<\/span><\/li>\n<li style=\"font-weight: 400;\" aria-level=\"1\"><span style=\"font-weight: 400;\">Il y a un chef dans les bancs de poissons. Il n&rsquo;est pas assis \u00e0 l&rsquo;avant, mais au centre, et tous les autres nagent apr\u00e8s lui.<\/span><\/li>\n<li style=\"font-weight: 400;\" aria-level=\"1\"><span style=\"font-weight: 400;\">Les oc\u00e9ans abritent \u00e9galement de nombreux artefacts. On pense qu&rsquo;environ 3 millions d&rsquo;\u00e9paves gisent au fond de l&rsquo;eau.<\/span><\/li>\n<\/ul>\n<p><span style=\"font-weight: 400;\">\u00c0 partir de ces informations ou d&rsquo;autres que vous trouvez int\u00e9ressantes, vous pouvez transformer l&rsquo;activit\u00e9 d&rsquo;assemblage du puzzle 240 pi\u00e8ces Ocean Life en une le\u00e7on de science super int\u00e9ressante qui enrichira les connaissances g\u00e9n\u00e9rales de vos enfants.<\/span><\/p>\n<p><span style=\"font-weight: 400;\">Ouvrez donc leurs horizons de connaissances et passez de bons moments ensemble avec l&rsquo;Edu Puzzle 240 &#8211; Ocean Life de ROOVI.<\/span><\/p>\n<h2><span style=\"font-weight: 400;\">Et si vous voulez encore plus de d\u00e9fis \u00e9ducatifs et cr\u00e9atifs pour votre enfant, ajoutez 4 nouveaux puzzles de 240 pi\u00e8ces de la collection Edu Puzzle de ROOVI: <\/span><b><a href=\"https:\/\/business.roovi.com\/fr\/discover-europe-edu-puzzle-puzzle-de-240-pieces\/p\/\">Edu Puzzle &#8211; Europe Map<\/a>, <a href=\"https:\/\/business.roovi.com\/fr\/solar-system-edu-puzzle-puzzle-de-240-pieces\/p\/\">Edu Puzzle &#8211; Solar System<\/a>, <a href=\"https:\/\/business.roovi.com\/fr\/farm-animals-edu-puzzle-puzzle-de-240-pieces\/p\/\">Edu Puzzle &#8211; Farm Animals <\/a><\/b><span style=\"font-weight: 400;\">et <\/span><a href=\"https:\/\/business.roovi.com\/fr\/wild-animals-edu-puzzle-puzzle-de-240-pieces\/p\/\"><b>Edu Puzzle &#8211; Wild Animals<\/b><\/a><span style=\"font-weight: 400;\">.\u00a0<\/span><\/h2>\n","protected":false},"excerpt":{"rendered":"<p>Passez un moment cr\u00e9atif, relaxant et amusant avec vos enfants en compl\u00e9tant Edu Puzzle 240 &#8211; Ocean Life: un puzzle<\/p>\n","protected":false},"featured_media":62195,"template":"","meta":[],"product_brand":[],"product_cat":[2341,2314,2340],"product_tag":[],"class_list":{"0":"post-62191","1":"product","2":"type-product","3":"status-publish","4":"has-post-thumbnail","6":"product_cat-plus-de-100-pieces-de-puzzle","7":"product_cat-puzzles-fr","8":"product_cat-puzzles-pour-enfants","10":"first","11":"instock","12":"taxable","13":"shipping-taxable","14":"product-type-simple"},"yoast_head":"<!-- This site is optimized with the Yoast SEO plugin v20.1 - https:\/\/yoast.com\/wordpress\/plugins\/seo\/ -->\n<title>Casse-t\u00eate \u00e9ducatif de 240 pi\u00e8ces - Animaux de l&#039;oc\u00e9an - Roovi B2B<\/title>\n<meta name=\"robots\" content=\"index, follow, max-snippet:-1, max-image-preview:large, max-video-preview:-1\" \/>\n<link rel=\"canonical\" href=\"https:\/\/business.roovi.com\/fr\/ocean-life-edu-puzzle-puzzle-de-240-pieces-pour-enfants\/p\/\" \/>\n<meta property=\"og:locale\" content=\"fr_FR\" \/>\n<meta property=\"og:type\" content=\"article\" \/>\n<meta property=\"og:title\" content=\"Casse-t\u00eate \u00e9ducatif de 240 pi\u00e8ces - Animaux de l&#039;oc\u00e9an - Roovi B2B\" \/>\n<meta property=\"og:description\" content=\"Passez un moment cr\u00e9atif, relaxant et amusant avec vos enfants en compl\u00e9tant Edu Puzzle 240 &#8211; Ocean Life: un puzzle\" \/>\n<meta property=\"og:url\" content=\"https:\/\/business.roovi.com\/fr\/ocean-life-edu-puzzle-puzzle-de-240-pieces-pour-enfants\/p\/\" \/>\n<meta property=\"og:site_name\" content=\"Roovi B2B\" \/>\n<meta property=\"article:publisher\" content=\"https:\/\/www.facebook.com\/wwwjucariero\" \/>\n<meta property=\"article:modified_time\" content=\"2023-03-01T10:46:36+00:00\" \/>\n<meta property=\"og:image\" content=\"https:\/\/business.roovi.com\/wp-content\/uploads\/2022\/12\/P-240-79244-01-OCEAN-LIFE.webp\" \/>\n\t<meta property=\"og:image:width\" content=\"1200\" \/>\n\t<meta property=\"og:image:height\" content=\"1200\" \/>\n\t<meta property=\"og:image:type\" content=\"image\/webp\" \/>\n<meta name=\"twitter:label1\" content=\"Dur\u00e9e de lecture estim\u00e9e\" \/>\n\t<meta name=\"twitter:data1\" content=\"3 minutes\" \/>\n<script type=\"application\/ld+json\" class=\"yoast-schema-graph\">{\"@context\":\"https:\/\/schema.org\",\"@graph\":[{\"@type\":\"WebPage\",\"@id\":\"https:\/\/business.roovi.com\/fr\/ocean-life-edu-puzzle-puzzle-de-240-pieces-pour-enfants\/p\/\",\"url\":\"https:\/\/business.roovi.com\/fr\/ocean-life-edu-puzzle-puzzle-de-240-pieces-pour-enfants\/p\/\",\"name\":\"Casse-t\u00eate \u00e9ducatif de 240 pi\u00e8ces - Animaux de l'oc\u00e9an - Roovi B2B\",\"isPartOf\":{\"@id\":\"https:\/\/business.roovi.com\/fr\/#website\"},\"datePublished\":\"2022-12-09T05:56:35+00:00\",\"dateModified\":\"2023-03-01T10:46:36+00:00\",\"breadcrumb\":{\"@id\":\"https:\/\/business.roovi.com\/fr\/ocean-life-edu-puzzle-puzzle-de-240-pieces-pour-enfants\/p\/#breadcrumb\"},\"inLanguage\":\"fr-FR\",\"potentialAction\":[{\"@type\":\"ReadAction\",\"target\":[\"https:\/\/business.roovi.com\/fr\/ocean-life-edu-puzzle-puzzle-de-240-pieces-pour-enfants\/p\/\"]}]},{\"@type\":\"BreadcrumbList\",\"@id\":\"https:\/\/business.roovi.com\/fr\/ocean-life-edu-puzzle-puzzle-de-240-pieces-pour-enfants\/p\/#breadcrumb\",\"itemListElement\":[{\"@type\":\"ListItem\",\"position\":1,\"name\":\"Home\",\"item\":\"https:\/\/business.roovi.com\/fr\/\"},{\"@type\":\"ListItem\",\"position\":2,\"name\":\"Boutique\",\"item\":\"https:\/\/business.roovi.com\/fr\/boutique\/\"},{\"@type\":\"ListItem\",\"position\":3,\"name\":\"Casse-t\u00eate \u00e9ducatif de 240 pi\u00e8ces &#8211; Animaux de l&#8217;oc\u00e9an\"}]},{\"@type\":\"WebSite\",\"@id\":\"https:\/\/business.roovi.com\/fr\/#website\",\"url\":\"https:\/\/business.roovi.com\/fr\/\",\"name\":\"Roovi B2B\",\"description\":\"Roovi Business Website\",\"potentialAction\":[{\"@type\":\"SearchAction\",\"target\":{\"@type\":\"EntryPoint\",\"urlTemplate\":\"https:\/\/business.roovi.com\/fr\/?s={search_term_string}\"},\"query-input\":\"required name=search_term_string\"}],\"inLanguage\":\"fr-FR\"}]}<\/script>\n<!-- \/ Yoast SEO plugin. -->","yoast_head_json":{"title":"Casse-t\u00eate \u00e9ducatif de 240 pi\u00e8ces - Animaux de l'oc\u00e9an - Roovi B2B","robots":{"index":"index","follow":"follow","max-snippet":"max-snippet:-1","max-image-preview":"max-image-preview:large","max-video-preview":"max-video-preview:-1"},"canonical":"https:\/\/business.roovi.com\/fr\/ocean-life-edu-puzzle-puzzle-de-240-pieces-pour-enfants\/p\/","og_locale":"fr_FR","og_type":"article","og_title":"Casse-t\u00eate \u00e9ducatif de 240 pi\u00e8ces - Animaux de l'oc\u00e9an - Roovi B2B","og_description":"Passez un moment cr\u00e9atif, relaxant et amusant avec vos enfants en compl\u00e9tant Edu Puzzle 240 &#8211; Ocean Life: un puzzle","og_url":"https:\/\/business.roovi.com\/fr\/ocean-life-edu-puzzle-puzzle-de-240-pieces-pour-enfants\/p\/","og_site_name":"Roovi B2B","article_publisher":"https:\/\/www.facebook.com\/wwwjucariero","article_modified_time":"2023-03-01T10:46:36+00:00","og_image":[{"width":1200,"height":1200,"url":"https:\/\/business.roovi.com\/wp-content\/uploads\/2022\/12\/P-240-79244-01-OCEAN-LIFE.webp","type":"image\/webp"}],"twitter_misc":{"Dur\u00e9e de lecture estim\u00e9e":"3 minutes"},"schema":{"@context":"https:\/\/schema.org","@graph":[{"@type":"WebPage","@id":"https:\/\/business.roovi.com\/fr\/ocean-life-edu-puzzle-puzzle-de-240-pieces-pour-enfants\/p\/","url":"https:\/\/business.roovi.com\/fr\/ocean-life-edu-puzzle-puzzle-de-240-pieces-pour-enfants\/p\/","name":"Casse-t\u00eate \u00e9ducatif de 240 pi\u00e8ces - Animaux de l'oc\u00e9an - Roovi B2B","isPartOf":{"@id":"https:\/\/business.roovi.com\/fr\/#website"},"datePublished":"2022-12-09T05:56:35+00:00","dateModified":"2023-03-01T10:46:36+00:00","breadcrumb":{"@id":"https:\/\/business.roovi.com\/fr\/ocean-life-edu-puzzle-puzzle-de-240-pieces-pour-enfants\/p\/#breadcrumb"},"inLanguage":"fr-FR","potentialAction":[{"@type":"ReadAction","target":["https:\/\/business.roovi.com\/fr\/ocean-life-edu-puzzle-puzzle-de-240-pieces-pour-enfants\/p\/"]}]},{"@type":"BreadcrumbList","@id":"https:\/\/business.roovi.com\/fr\/ocean-life-edu-puzzle-puzzle-de-240-pieces-pour-enfants\/p\/#breadcrumb","itemListElement":[{"@type":"ListItem","position":1,"name":"Home","item":"https:\/\/business.roovi.com\/fr\/"},{"@type":"ListItem","position":2,"name":"Boutique","item":"https:\/\/business.roovi.com\/fr\/boutique\/"},{"@type":"ListItem","position":3,"name":"Casse-t\u00eate \u00e9ducatif de 240 pi\u00e8ces &#8211; Animaux de l&#8217;oc\u00e9an"}]},{"@type":"WebSite","@id":"https:\/\/business.roovi.com\/fr\/#website","url":"https:\/\/business.roovi.com\/fr\/","name":"Roovi B2B","description":"Roovi Business Website","potentialAction":[{"@type":"SearchAction","target":{"@type":"EntryPoint","urlTemplate":"https:\/\/business.roovi.com\/fr\/?s={search_term_string}"},"query-input":"required name=search_term_string"}],"inLanguage":"fr-FR"}]}},"_links":{"self":[{"href":"https:\/\/business.roovi.com\/fr\/wp-json\/wp\/v2\/product\/62191","targetHints":{"allow":["GET"]}}],"collection":[{"href":"https:\/\/business.roovi.com\/fr\/wp-json\/wp\/v2\/product"}],"about":[{"href":"https:\/\/business.roovi.com\/fr\/wp-json\/wp\/v2\/types\/product"}],"version-history":[{"count":0,"href":"https:\/\/business.roovi.com\/fr\/wp-json\/wp\/v2\/product\/62191\/revisions"}],"wp:featuredmedia":[{"embeddable":true,"href":"https:\/\/business.roovi.com\/fr\/wp-json\/wp\/v2\/media\/62195"}],"wp:attachment":[{"href":"https:\/\/business.roovi.com\/fr\/wp-json\/wp\/v2\/media?parent=62191"}],"wp:term":[{"taxonomy":"product_brand","embeddable":true,"href":"https:\/\/business.roovi.com\/fr\/wp-json\/wp\/v2\/product_brand?post=62191"},{"taxonomy":"product_cat","embeddable":true,"href":"https:\/\/business.roovi.com\/fr\/wp-json\/wp\/v2\/product_cat?post=62191"},{"taxonomy":"product_tag","embeddable":true,"href":"https:\/\/business.roovi.com\/fr\/wp-json\/wp\/v2\/product_tag?post=62191"}],"curies":[{"name":"wp","href":"https:\/\/api.w.org\/{rel}","templated":true}]}}