{"id":62202,"date":"2022-12-09T06:06:50","date_gmt":"2022-12-09T06:06:50","guid":{"rendered":"https:\/\/business.roovi.com\/?post_type=product&#038;p=62202"},"modified":"2023-03-01T10:48:57","modified_gmt":"2023-03-01T10:48:57","slug":"wild-animals-edu-puzzle-puzzle-de-240-pieces","status":"publish","type":"product","link":"https:\/\/business.roovi.com\/fr\/wild-animals-edu-puzzle-puzzle-de-240-pieces\/p\/","title":{"rendered":"Casse-t\u00eate \u00e9ducatif de 240 pi\u00e8ces &#8211; Animaux sauvages"},"content":{"rendered":"<h2><span style=\"font-weight: 400;\">Les animaux sauvages les plus c\u00e9l\u00e8bres se rencontrent dans Edu Puzzle 240 &#8211; Wild Animals ! D\u00e9couvrez o\u00f9 se cache la chauve-souris, voyez combien de cigognes sont dans l&rsquo;image, et bien d&rsquo;autres d\u00e9tails fascinants qui font du jeu de puzzle une exp\u00e9rience fabuleuse et amusante.<\/span><\/h2>\n<p><span style=\"font-weight: 400;\">Avec Edu Puzzle 240 &#8211; Wild Animals, vous et votre enfant pouvez construire un monde merveilleux d\u00e9crivant la vie dans la nature des animaux sauvages les plus c\u00e9l\u00e8bres. Les \u00e9l\u00e9phants, les girafes et les tigres vivent en harmonie avec les ours, les hiboux et les perroquets. Dans le monde des animaux, chacun trouve sa place et compl\u00e8te l&rsquo;image parfaite.<\/span><\/p>\n<p><span style=\"font-weight: 400;\">Edu Puzzle 240 &#8211; Wild Animals est un merveilleux jeu de puzzle qui vous rapproche des enfants et pr\u00e9pare le terrain pour une v\u00e9ritable connexion et de la joie ensemble. Pour les jours de mauvais temps, les vacances ou les c\u00e9l\u00e9brations, Edu Puzzle 240 &#8211; Wild Animals est l&rsquo;occasion de se d\u00e9tendre, d&rsquo;apprendre et de s&rsquo;amuser.<\/span><\/p>\n<p><span style=\"font-weight: 400;\">Les couleurs chaudes, les personnages anim\u00e9s et les magnifiques paysages permettent aux enfants de rester connect\u00e9s \u00e0 une activit\u00e9 cr\u00e9ative aux multiples bienfaits pour le corps, l&rsquo;esprit et l&rsquo;\u00e2me :\u00a0<\/span><\/p>\n<ul>\n<li style=\"font-weight: 400;\" aria-level=\"1\"><span style=\"font-weight: 400;\">Stimule le d\u00e9veloppement de la motricit\u00e9 fine, de la coordination et de l&rsquo;attention aux d\u00e9tails.<\/span><\/li>\n<li style=\"font-weight: 400;\" aria-level=\"1\"><span style=\"font-weight: 400;\">D\u00e9veloppe la pens\u00e9e logique et associative.<\/span><\/li>\n<li style=\"font-weight: 400;\" aria-level=\"1\"><span style=\"font-weight: 400;\">Implique les deux h\u00e9misph\u00e8res du cerveau et constitue un exercice complexe pour le cerveau.<\/span><\/li>\n<li style=\"font-weight: 400;\" aria-level=\"1\"><span style=\"font-weight: 400;\">D\u00e9veloppe la m\u00e9moire \u00e0 court terme ainsi que la capacit\u00e9 \u00e0 r\u00e9soudre des probl\u00e8mes.<\/span><\/li>\n<li style=\"font-weight: 400;\" aria-level=\"1\"><span style=\"font-weight: 400;\">Favorise la lib\u00e9ration d&rsquo;endorphines et de dopamine, d\u00e9clenchant un \u00e9tat d&rsquo;optimisme et de joie.<\/span><\/li>\n<li style=\"font-weight: 400;\" aria-level=\"1\"><span style=\"font-weight: 400;\">Avec chaque jeu appropri\u00e9, les enfants prennent confiance en leurs forces et d\u00e9veloppent leur estime de soi.<\/span><\/li>\n<\/ul>\n<h2><span style=\"font-weight: 400;\">Pourquoi choisir Edu Puzzle 240 &#8211; Animaux sauvages\u00a0<\/span><\/h2>\n<ul>\n<li><span style=\"font-weight: 400;\">Ce jeu de puzzle est fabriqu\u00e9 avec des mat\u00e9riaux de haute qualit\u00e9. Les pi\u00e8ces s&#8217;embo\u00eetent parfaitement et r\u00e9sistent \u00e0 d&rsquo;innombrables assemblages.<\/span><\/li>\n<li><span style=\"font-weight: 400;\">Nous faisons attention \u00e0 chaque d\u00e9tail, et c&rsquo;est pourquoi les graphismes de chaque puzzle ROOVI sont impeccables. Les graphismes sont clairs, aux couleurs vives et adapt\u00e9s aux enfants.<\/span><\/li>\n<li><span style=\"font-weight: 400;\">L&rsquo;image assembl\u00e9e mesure <\/span><b>42 x 28,8 cm<\/b><span style=\"font-weight: 400;\">, ce qui est assez g\u00e9n\u00e9reux pour \u00eatre transform\u00e9 en d\u00e9coration pour la chambre des enfants.<\/span><\/li>\n<li><span style=\"font-weight: 400;\">Il est fabriqu\u00e9 \u00e0 partir de mat\u00e9riaux durables et recyclables, car nous aimons et respectons la nature et l&rsquo;environnement dans lequel nous vivons.<\/span><\/li>\n<li><span style=\"font-weight: 400;\">Il est emball\u00e9 dans une bo\u00eete color\u00e9e et \u00e9l\u00e9gante, de sorte qu&rsquo;il peut \u00eatre le cadeau id\u00e9al pour tout enfant de plus de 8 ans, passionn\u00e9 de jeux de puzzle.<\/span><\/li>\n<\/ul>\n<h2><span style=\"font-weight: 400;\">Edu Puzzle &#8211; Wild Animals: pour des moments magiques avec les enfants<\/span><\/h2>\n<p><span style=\"font-weight: 400;\">Pour les enfants \u00e9nergiques, cr\u00e9atifs et avides d&rsquo;exploration, le jeu de puzzle est l&rsquo;occasion de ralentir le rythme rapide et de s&rsquo;ancrer dans le pr\u00e9sent. Edu Puzzle 240 Animaux sauvages aide les enfants comme les parents \u00e0 mettre de l&rsquo;ordre dans leurs id\u00e9es, \u00e0 se concentrer et \u00e0 trouver leur \u00e9quilibre int\u00e9rieur.\u00a0<\/span><\/p>\n<p><span style=\"font-weight: 400;\">Le jeu de puzzle peut \u00e9galement \u00eatre une bonne occasion de parler aux enfants des probl\u00e8mes qui les pr\u00e9occupent, de les \u00e9couter et de les comprendre comme ils le souhaitent. C&rsquo;est un moment de d\u00e9tente, de connaissance et de connexion, un moment de qualit\u00e9 qui cr\u00e9e des souvenirs magiques pour toujours.<\/span><\/p>\n<p><span style=\"font-weight: 400;\">Et si vous voulez encore plus de d\u00e9fis \u00e9ducatifs et cr\u00e9atifs pour votre enfant, ajoutez 4 nouveaux puzzles de 240 pi\u00e8ces de la collection Edu Puzzle de ROOVI: <\/span><b><a href=\"https:\/\/business.roovi.com\/fr\/discover-europe-edu-puzzle-puzzle-de-240-pieces\/p\/\">Edu Puzzle &#8211; Europe Map<\/a>, <a href=\"https:\/\/business.roovi.com\/fr\/solar-system-edu-puzzle-puzzle-de-240-pieces\/p\/\">Edu Puzzle &#8211; Solar System<\/a>, <a href=\"https:\/\/business.roovi.com\/fr\/farm-animals-edu-puzzle-puzzle-de-240-pieces\/p\/\">Edu Puzzle &#8211; Farm Animals <\/a><\/b><span style=\"font-weight: 400;\">et <\/span><a href=\"https:\/\/business.roovi.com\/fr\/ocean-life-edu-puzzle-puzzle-de-240-pieces-pour-enfants\/p\/\"><b>Edu Puzzle &#8211; Ocean Life<\/b><\/a><span style=\"font-weight: 400;\">. <\/span><\/p>\n","protected":false},"excerpt":{"rendered":"<p>Les animaux sauvages les plus c\u00e9l\u00e8bres se rencontrent dans Edu Puzzle 240 &#8211; Wild Animals ! D\u00e9couvrez o\u00f9 se cache<\/p>\n","protected":false},"featured_media":62206,"template":"","meta":[],"product_brand":[],"product_cat":[2341,2314,2340],"product_tag":[],"class_list":{"0":"post-62202","1":"product","2":"type-product","3":"status-publish","4":"has-post-thumbnail","6":"product_cat-plus-de-100-pieces-de-puzzle","7":"product_cat-puzzles-fr","8":"product_cat-puzzles-pour-enfants","10":"first","11":"onbackorder","12":"taxable","13":"shipping-taxable","14":"product-type-simple"},"yoast_head":"<!-- This site is optimized with the Yoast SEO plugin v20.1 - https:\/\/yoast.com\/wordpress\/plugins\/seo\/ -->\n<title>Casse-t\u00eate \u00e9ducatif de 240 pi\u00e8ces - Animaux sauvages - Roovi B2B<\/title>\n<meta name=\"robots\" content=\"index, follow, max-snippet:-1, max-image-preview:large, max-video-preview:-1\" \/>\n<link rel=\"canonical\" href=\"https:\/\/business.roovi.com\/fr\/wild-animals-edu-puzzle-puzzle-de-240-pieces\/p\/\" \/>\n<meta property=\"og:locale\" content=\"fr_FR\" \/>\n<meta property=\"og:type\" content=\"article\" \/>\n<meta property=\"og:title\" content=\"Casse-t\u00eate \u00e9ducatif de 240 pi\u00e8ces - Animaux sauvages - Roovi B2B\" \/>\n<meta property=\"og:description\" content=\"Les animaux sauvages les plus c\u00e9l\u00e8bres se rencontrent dans Edu Puzzle 240 &#8211; Wild Animals ! D\u00e9couvrez o\u00f9 se cache\" \/>\n<meta property=\"og:url\" content=\"https:\/\/business.roovi.com\/fr\/wild-animals-edu-puzzle-puzzle-de-240-pieces\/p\/\" \/>\n<meta property=\"og:site_name\" content=\"Roovi B2B\" \/>\n<meta property=\"article:publisher\" content=\"https:\/\/www.facebook.com\/wwwjucariero\" \/>\n<meta property=\"article:modified_time\" content=\"2023-03-01T10:48:57+00:00\" \/>\n<meta property=\"og:image\" content=\"https:\/\/business.roovi.com\/wp-content\/uploads\/2022\/12\/P-240-79244-03-WILD-ANIMALS.webp\" \/>\n\t<meta property=\"og:image:width\" content=\"1200\" \/>\n\t<meta property=\"og:image:height\" content=\"1200\" \/>\n\t<meta property=\"og:image:type\" content=\"image\/webp\" \/>\n<meta name=\"twitter:label1\" content=\"Dur\u00e9e de lecture estim\u00e9e\" \/>\n\t<meta name=\"twitter:data1\" content=\"4 minutes\" \/>\n<script type=\"application\/ld+json\" class=\"yoast-schema-graph\">{\"@context\":\"https:\/\/schema.org\",\"@graph\":[{\"@type\":\"WebPage\",\"@id\":\"https:\/\/business.roovi.com\/fr\/wild-animals-edu-puzzle-puzzle-de-240-pieces\/p\/\",\"url\":\"https:\/\/business.roovi.com\/fr\/wild-animals-edu-puzzle-puzzle-de-240-pieces\/p\/\",\"name\":\"Casse-t\u00eate \u00e9ducatif de 240 pi\u00e8ces - Animaux sauvages - Roovi B2B\",\"isPartOf\":{\"@id\":\"https:\/\/business.roovi.com\/fr\/#website\"},\"datePublished\":\"2022-12-09T06:06:50+00:00\",\"dateModified\":\"2023-03-01T10:48:57+00:00\",\"breadcrumb\":{\"@id\":\"https:\/\/business.roovi.com\/fr\/wild-animals-edu-puzzle-puzzle-de-240-pieces\/p\/#breadcrumb\"},\"inLanguage\":\"fr-FR\",\"potentialAction\":[{\"@type\":\"ReadAction\",\"target\":[\"https:\/\/business.roovi.com\/fr\/wild-animals-edu-puzzle-puzzle-de-240-pieces\/p\/\"]}]},{\"@type\":\"BreadcrumbList\",\"@id\":\"https:\/\/business.roovi.com\/fr\/wild-animals-edu-puzzle-puzzle-de-240-pieces\/p\/#breadcrumb\",\"itemListElement\":[{\"@type\":\"ListItem\",\"position\":1,\"name\":\"Home\",\"item\":\"https:\/\/business.roovi.com\/fr\/\"},{\"@type\":\"ListItem\",\"position\":2,\"name\":\"Boutique\",\"item\":\"https:\/\/business.roovi.com\/fr\/boutique\/\"},{\"@type\":\"ListItem\",\"position\":3,\"name\":\"Casse-t\u00eate \u00e9ducatif de 240 pi\u00e8ces &#8211; Animaux sauvages\"}]},{\"@type\":\"WebSite\",\"@id\":\"https:\/\/business.roovi.com\/fr\/#website\",\"url\":\"https:\/\/business.roovi.com\/fr\/\",\"name\":\"Roovi B2B\",\"description\":\"Roovi Business Website\",\"potentialAction\":[{\"@type\":\"SearchAction\",\"target\":{\"@type\":\"EntryPoint\",\"urlTemplate\":\"https:\/\/business.roovi.com\/fr\/?s={search_term_string}\"},\"query-input\":\"required name=search_term_string\"}],\"inLanguage\":\"fr-FR\"}]}<\/script>\n<!-- \/ Yoast SEO plugin. -->","yoast_head_json":{"title":"Casse-t\u00eate \u00e9ducatif de 240 pi\u00e8ces - Animaux sauvages - Roovi B2B","robots":{"index":"index","follow":"follow","max-snippet":"max-snippet:-1","max-image-preview":"max-image-preview:large","max-video-preview":"max-video-preview:-1"},"canonical":"https:\/\/business.roovi.com\/fr\/wild-animals-edu-puzzle-puzzle-de-240-pieces\/p\/","og_locale":"fr_FR","og_type":"article","og_title":"Casse-t\u00eate \u00e9ducatif de 240 pi\u00e8ces - Animaux sauvages - Roovi B2B","og_description":"Les animaux sauvages les plus c\u00e9l\u00e8bres se rencontrent dans Edu Puzzle 240 &#8211; Wild Animals ! D\u00e9couvrez o\u00f9 se cache","og_url":"https:\/\/business.roovi.com\/fr\/wild-animals-edu-puzzle-puzzle-de-240-pieces\/p\/","og_site_name":"Roovi B2B","article_publisher":"https:\/\/www.facebook.com\/wwwjucariero","article_modified_time":"2023-03-01T10:48:57+00:00","og_image":[{"width":1200,"height":1200,"url":"https:\/\/business.roovi.com\/wp-content\/uploads\/2022\/12\/P-240-79244-03-WILD-ANIMALS.webp","type":"image\/webp"}],"twitter_misc":{"Dur\u00e9e de lecture estim\u00e9e":"4 minutes"},"schema":{"@context":"https:\/\/schema.org","@graph":[{"@type":"WebPage","@id":"https:\/\/business.roovi.com\/fr\/wild-animals-edu-puzzle-puzzle-de-240-pieces\/p\/","url":"https:\/\/business.roovi.com\/fr\/wild-animals-edu-puzzle-puzzle-de-240-pieces\/p\/","name":"Casse-t\u00eate \u00e9ducatif de 240 pi\u00e8ces - Animaux sauvages - Roovi B2B","isPartOf":{"@id":"https:\/\/business.roovi.com\/fr\/#website"},"datePublished":"2022-12-09T06:06:50+00:00","dateModified":"2023-03-01T10:48:57+00:00","breadcrumb":{"@id":"https:\/\/business.roovi.com\/fr\/wild-animals-edu-puzzle-puzzle-de-240-pieces\/p\/#breadcrumb"},"inLanguage":"fr-FR","potentialAction":[{"@type":"ReadAction","target":["https:\/\/business.roovi.com\/fr\/wild-animals-edu-puzzle-puzzle-de-240-pieces\/p\/"]}]},{"@type":"BreadcrumbList","@id":"https:\/\/business.roovi.com\/fr\/wild-animals-edu-puzzle-puzzle-de-240-pieces\/p\/#breadcrumb","itemListElement":[{"@type":"ListItem","position":1,"name":"Home","item":"https:\/\/business.roovi.com\/fr\/"},{"@type":"ListItem","position":2,"name":"Boutique","item":"https:\/\/business.roovi.com\/fr\/boutique\/"},{"@type":"ListItem","position":3,"name":"Casse-t\u00eate \u00e9ducatif de 240 pi\u00e8ces &#8211; Animaux sauvages"}]},{"@type":"WebSite","@id":"https:\/\/business.roovi.com\/fr\/#website","url":"https:\/\/business.roovi.com\/fr\/","name":"Roovi B2B","description":"Roovi Business Website","potentialAction":[{"@type":"SearchAction","target":{"@type":"EntryPoint","urlTemplate":"https:\/\/business.roovi.com\/fr\/?s={search_term_string}"},"query-input":"required name=search_term_string"}],"inLanguage":"fr-FR"}]}},"_links":{"self":[{"href":"https:\/\/business.roovi.com\/fr\/wp-json\/wp\/v2\/product\/62202","targetHints":{"allow":["GET"]}}],"collection":[{"href":"https:\/\/business.roovi.com\/fr\/wp-json\/wp\/v2\/product"}],"about":[{"href":"https:\/\/business.roovi.com\/fr\/wp-json\/wp\/v2\/types\/product"}],"version-history":[{"count":0,"href":"https:\/\/business.roovi.com\/fr\/wp-json\/wp\/v2\/product\/62202\/revisions"}],"wp:featuredmedia":[{"embeddable":true,"href":"https:\/\/business.roovi.com\/fr\/wp-json\/wp\/v2\/media\/62206"}],"wp:attachment":[{"href":"https:\/\/business.roovi.com\/fr\/wp-json\/wp\/v2\/media?parent=62202"}],"wp:term":[{"taxonomy":"product_brand","embeddable":true,"href":"https:\/\/business.roovi.com\/fr\/wp-json\/wp\/v2\/product_brand?post=62202"},{"taxonomy":"product_cat","embeddable":true,"href":"https:\/\/business.roovi.com\/fr\/wp-json\/wp\/v2\/product_cat?post=62202"},{"taxonomy":"product_tag","embeddable":true,"href":"https:\/\/business.roovi.com\/fr\/wp-json\/wp\/v2\/product_tag?post=62202"}],"curies":[{"name":"wp","href":"https:\/\/api.w.org\/{rel}","templated":true}]}}