{"id":62215,"date":"2022-12-09T06:15:34","date_gmt":"2022-12-09T06:15:34","guid":{"rendered":"https:\/\/business.roovi.com\/?post_type=product&#038;p=62215"},"modified":"2023-03-01T10:53:17","modified_gmt":"2023-03-01T10:53:17","slug":"farm-animals-edu-puzzle-puzzle-de-240-pieces","status":"publish","type":"product","link":"https:\/\/business.roovi.com\/fr\/farm-animals-edu-puzzle-puzzle-de-240-pieces\/p\/","title":{"rendered":"Casse-t\u00eate \u00e9ducatif de 240 pi\u00e8ces &#8211; Farm Animals"},"content":{"rendered":"<h2><span style=\"font-weight: 400;\">Edu Puzzle &#8211; Farm Animals peint une image vivante et color\u00e9e que les enfants assembleront avec joie et enthousiasme. Car la vie \u00e0 la campagne est joyeuse et pleine de sourires dans ce merveilleux puzzle de 240 pi\u00e8ces.<\/span><\/h2>\n<p><span style=\"font-weight: 400;\">Les petites vaches bavardent, les poules gazouillent joyeusement et l&rsquo;\u00e2ne gambade dans la prairie. Les rayons du soleil caressent doucement toute la ferme et tous les animaux vivent en harmonie avec l&rsquo;homme et la nature.<\/span><\/p>\n<p><span style=\"font-weight: 400;\">Edu Puzzle 240 &#8211; Farm Animals est ce merveilleux jeu de puzzle qui vous rapproche des enfants et pr\u00e9pare le terrain pour une v\u00e9ritable connexion et de la joie ensemble. Pour les jours de mauvais temps, les vacances ou les c\u00e9l\u00e9brations, Edu Puzzle 240 &#8211; Farm Animals est l&rsquo;occasion de se d\u00e9tendre, de profiter et de s&rsquo;amuser.<\/span><\/p>\n<p><span style=\"font-weight: 400;\">Les couleurs chaudes, les personnages anim\u00e9s et les beaux paysages permettent aux enfants de rester connect\u00e9s \u00e0 une activit\u00e9 cr\u00e9ative aux multiples bienfaits pour le corps, l&rsquo;esprit et l&rsquo;\u00e2me :\u00a0<\/span><\/p>\n<ul>\n<li style=\"font-weight: 400;\" aria-level=\"1\"><span style=\"font-weight: 400;\">Stimule le d\u00e9veloppement de la motricit\u00e9 fine, de la coordination et de l&rsquo;attention aux d\u00e9tails.<\/span><\/li>\n<li style=\"font-weight: 400;\" aria-level=\"1\"><span style=\"font-weight: 400;\">D\u00e9veloppe la pens\u00e9e logique et associative.<\/span><\/li>\n<li style=\"font-weight: 400;\" aria-level=\"1\"><span style=\"font-weight: 400;\">Elle entra\u00eene le cerveau de mani\u00e8re intensive, car elle fait intervenir les deux h\u00e9misph\u00e8res c\u00e9r\u00e9braux.<\/span><\/li>\n<li style=\"font-weight: 400;\" aria-level=\"1\"><span style=\"font-weight: 400;\">D\u00e9veloppe la m\u00e9moire \u00e0 court terme et la capacit\u00e9 \u00e0 r\u00e9soudre des probl\u00e8mes.<\/span><\/li>\n<li style=\"font-weight: 400;\" aria-level=\"1\"><span style=\"font-weight: 400;\">Il favorise la lib\u00e9ration d&rsquo;endorphines et de dopamine, d\u00e9clenchant un \u00e9tat d&rsquo;optimisme et de joie.<\/span><\/li>\n<li style=\"font-weight: 400;\" aria-level=\"1\"><span style=\"font-weight: 400;\">Avec chaque jeu appropri\u00e9, les enfants prennent confiance en leurs forces et d\u00e9veloppent leur estime de soi.<\/span><\/li>\n<\/ul>\n<h2><span style=\"font-weight: 400;\">Pourquoi choisir Edu Puzzle 240 &#8211; Animaux de la ferme\u00a0<\/span><\/h2>\n<p><span style=\"font-weight: 400;\">Ce jeu de puzzle est fabriqu\u00e9 avec des mat\u00e9riaux de haute qualit\u00e9. Les pi\u00e8ces s&#8217;embo\u00eetent parfaitement et r\u00e9sistent \u00e0 d&rsquo;innombrables assemblages.<\/span><\/p>\n<p><span style=\"font-weight: 400;\">Nous faisons attention \u00e0 chaque d\u00e9tail, et c&rsquo;est pourquoi les graphismes de chaque puzzle ROOVI sont impeccables. Les graphismes sont clairs, dans des couleurs chaudes qui ne g\u00eanent pas l&rsquo;\u0153il.<\/span><\/p>\n<p><span style=\"font-weight: 400;\">L&rsquo;image assembl\u00e9e mesure <\/span><b>42 x 28,8 cm<\/b><span style=\"font-weight: 400;\">, ce qui est assez g\u00e9n\u00e9reux pour \u00eatre transform\u00e9 en un tableau d\u00e9coratif pour la chambre des enfants.<\/span><\/p>\n<p><span style=\"font-weight: 400;\">Il est fabriqu\u00e9 \u00e0 partir de mat\u00e9riaux durables et recyclables, car nous aimons et respectons la nature et l&rsquo;environnement dans lequel nous vivons.<\/span><\/p>\n<p><span style=\"font-weight: 400;\">Il est emball\u00e9 dans une bo\u00eete color\u00e9e et \u00e9l\u00e9gante, de sorte qu&rsquo;il peut \u00eatre le cadeau id\u00e9al pour tout enfant de plus de 8 ans passionn\u00e9 de jeux de puzzle.<\/span><\/p>\n<h2><span style=\"font-weight: 400;\">Edu Puzzle 240 &#8211; Animaux de la ferme connecte les enfants avec eux-m\u00eames<\/span><\/h2>\n<p><span style=\"font-weight: 400;\">Pour les enfants qui sont \u00e9nergiques, cr\u00e9atifs et d\u00e9sireux d&rsquo;explorer, le jeu de puzzle est l&rsquo;occasion de ralentir le rythme rapide et d&rsquo;apprendre \u00e0 se connecter avec eux-m\u00eames. Edu Puzzle 240 &#8211; Farm Animals pr\u00e9sente des couleurs vives et reposantes qui ne fatiguent pas les yeux et les ravissent une fois l&rsquo;image termin\u00e9e.<\/span><\/p>\n<p><span style=\"font-weight: 400;\">Edu Puzzle 240 &#8211; Farm Animals aide \u00e9galement les parents \u00e0 faire le vide dans leur esprit, \u00e0 se connecter au moment pr\u00e9sent et \u00e0 profiter de chaque instant avec leurs enfants.<\/span><\/p>\n<p><span style=\"font-weight: 400;\">Le jeu de puzzle peut \u00e9galement \u00eatre une bonne occasion de parler aux enfants des probl\u00e8mes qui les pr\u00e9occupent, de les \u00e9couter et de les comprendre comme ils le souhaitent. C&rsquo;est un moment de d\u00e9tente et de connaissance mutuelle, un moment de qualit\u00e9 qui cr\u00e9e des souvenirs magiques pour toujours.<\/span><\/p>\n<h3><span style=\"font-weight: 400;\">Et si vous voulez encore plus de d\u00e9fis \u00e9ducatifs et cr\u00e9atifs pour votre enfant, ajoutez 4 nouveaux puzzles de 240 pi\u00e8ces de la collection Edu Puzzle de ROOVI: <\/span><b><a href=\"https:\/\/business.roovi.com\/fr\/ocean-life-edu-puzzle-puzzle-de-240-pieces-pour-enfants\/p\/\">Edu Puzzle &#8211; Ocean Life<\/a>, <a href=\"https:\/\/business.roovi.com\/fr\/solar-system-edu-puzzle-puzzle-de-240-pieces\/p\/\">Edu Puzzle &#8211; Solar System<\/a>, <a href=\"https:\/\/business.roovi.com\/fr\/discover-europe-edu-puzzle-puzzle-de-240-pieces\/p\/\">Edu Puzzle &#8211; Discover Europe <\/a><\/b><span style=\"font-weight: 400;\">et <\/span><a href=\"https:\/\/business.roovi.com\/fr\/wild-animals-edu-puzzle-puzzle-de-240-pieces\/p\/\"><b>Edu Puzzle &#8211; Wild Animals<\/b><\/a><span style=\"font-weight: 400;\">. <\/span><\/h3>\n","protected":false},"excerpt":{"rendered":"<p>Edu Puzzle &#8211; Farm Animals peint une image vivante et color\u00e9e que les enfants assembleront avec joie et enthousiasme. Car<\/p>\n","protected":false},"featured_media":62219,"template":"","meta":[],"product_brand":[],"product_cat":[2341,2314,2340],"product_tag":[],"class_list":{"0":"post-62215","1":"product","2":"type-product","3":"status-publish","4":"has-post-thumbnail","6":"product_cat-plus-de-100-pieces-de-puzzle","7":"product_cat-puzzles-fr","8":"product_cat-puzzles-pour-enfants","10":"first","11":"instock","12":"taxable","13":"shipping-taxable","14":"product-type-simple"},"yoast_head":"<!-- This site is optimized with the Yoast SEO plugin v20.1 - https:\/\/yoast.com\/wordpress\/plugins\/seo\/ -->\n<title>Casse-t\u00eate \u00e9ducatif de 240 pi\u00e8ces - Farm Animals - Roovi B2B<\/title>\n<meta name=\"robots\" content=\"index, follow, max-snippet:-1, max-image-preview:large, max-video-preview:-1\" \/>\n<link rel=\"canonical\" href=\"https:\/\/business.roovi.com\/fr\/farm-animals-edu-puzzle-puzzle-de-240-pieces\/p\/\" \/>\n<meta property=\"og:locale\" content=\"fr_FR\" \/>\n<meta property=\"og:type\" content=\"article\" \/>\n<meta property=\"og:title\" content=\"Casse-t\u00eate \u00e9ducatif de 240 pi\u00e8ces - Farm Animals - Roovi B2B\" \/>\n<meta property=\"og:description\" content=\"Edu Puzzle &#8211; Farm Animals peint une image vivante et color\u00e9e que les enfants assembleront avec joie et enthousiasme. Car\" \/>\n<meta property=\"og:url\" content=\"https:\/\/business.roovi.com\/fr\/farm-animals-edu-puzzle-puzzle-de-240-pieces\/p\/\" \/>\n<meta property=\"og:site_name\" content=\"Roovi B2B\" \/>\n<meta property=\"article:publisher\" content=\"https:\/\/www.facebook.com\/wwwjucariero\" \/>\n<meta property=\"article:modified_time\" content=\"2023-03-01T10:53:17+00:00\" \/>\n<meta property=\"og:image\" content=\"https:\/\/business.roovi.com\/wp-content\/uploads\/2022\/12\/P-240-79244-02-FARM-ANIMALS.webp\" \/>\n\t<meta property=\"og:image:width\" content=\"1200\" \/>\n\t<meta property=\"og:image:height\" content=\"1200\" \/>\n\t<meta property=\"og:image:type\" content=\"image\/webp\" \/>\n<meta name=\"twitter:label1\" content=\"Dur\u00e9e de lecture estim\u00e9e\" \/>\n\t<meta name=\"twitter:data1\" content=\"4 minutes\" \/>\n<script type=\"application\/ld+json\" class=\"yoast-schema-graph\">{\"@context\":\"https:\/\/schema.org\",\"@graph\":[{\"@type\":\"WebPage\",\"@id\":\"https:\/\/business.roovi.com\/fr\/farm-animals-edu-puzzle-puzzle-de-240-pieces\/p\/\",\"url\":\"https:\/\/business.roovi.com\/fr\/farm-animals-edu-puzzle-puzzle-de-240-pieces\/p\/\",\"name\":\"Casse-t\u00eate \u00e9ducatif de 240 pi\u00e8ces - Farm Animals - Roovi B2B\",\"isPartOf\":{\"@id\":\"https:\/\/business.roovi.com\/fr\/#website\"},\"datePublished\":\"2022-12-09T06:15:34+00:00\",\"dateModified\":\"2023-03-01T10:53:17+00:00\",\"breadcrumb\":{\"@id\":\"https:\/\/business.roovi.com\/fr\/farm-animals-edu-puzzle-puzzle-de-240-pieces\/p\/#breadcrumb\"},\"inLanguage\":\"fr-FR\",\"potentialAction\":[{\"@type\":\"ReadAction\",\"target\":[\"https:\/\/business.roovi.com\/fr\/farm-animals-edu-puzzle-puzzle-de-240-pieces\/p\/\"]}]},{\"@type\":\"BreadcrumbList\",\"@id\":\"https:\/\/business.roovi.com\/fr\/farm-animals-edu-puzzle-puzzle-de-240-pieces\/p\/#breadcrumb\",\"itemListElement\":[{\"@type\":\"ListItem\",\"position\":1,\"name\":\"Home\",\"item\":\"https:\/\/business.roovi.com\/fr\/\"},{\"@type\":\"ListItem\",\"position\":2,\"name\":\"Boutique\",\"item\":\"https:\/\/business.roovi.com\/fr\/boutique\/\"},{\"@type\":\"ListItem\",\"position\":3,\"name\":\"Casse-t\u00eate \u00e9ducatif de 240 pi\u00e8ces &#8211; Farm Animals\"}]},{\"@type\":\"WebSite\",\"@id\":\"https:\/\/business.roovi.com\/fr\/#website\",\"url\":\"https:\/\/business.roovi.com\/fr\/\",\"name\":\"Roovi B2B\",\"description\":\"Roovi Business Website\",\"potentialAction\":[{\"@type\":\"SearchAction\",\"target\":{\"@type\":\"EntryPoint\",\"urlTemplate\":\"https:\/\/business.roovi.com\/fr\/?s={search_term_string}\"},\"query-input\":\"required name=search_term_string\"}],\"inLanguage\":\"fr-FR\"}]}<\/script>\n<!-- \/ Yoast SEO plugin. -->","yoast_head_json":{"title":"Casse-t\u00eate \u00e9ducatif de 240 pi\u00e8ces - Farm Animals - Roovi B2B","robots":{"index":"index","follow":"follow","max-snippet":"max-snippet:-1","max-image-preview":"max-image-preview:large","max-video-preview":"max-video-preview:-1"},"canonical":"https:\/\/business.roovi.com\/fr\/farm-animals-edu-puzzle-puzzle-de-240-pieces\/p\/","og_locale":"fr_FR","og_type":"article","og_title":"Casse-t\u00eate \u00e9ducatif de 240 pi\u00e8ces - Farm Animals - Roovi B2B","og_description":"Edu Puzzle &#8211; Farm Animals peint une image vivante et color\u00e9e que les enfants assembleront avec joie et enthousiasme. Car","og_url":"https:\/\/business.roovi.com\/fr\/farm-animals-edu-puzzle-puzzle-de-240-pieces\/p\/","og_site_name":"Roovi B2B","article_publisher":"https:\/\/www.facebook.com\/wwwjucariero","article_modified_time":"2023-03-01T10:53:17+00:00","og_image":[{"width":1200,"height":1200,"url":"https:\/\/business.roovi.com\/wp-content\/uploads\/2022\/12\/P-240-79244-02-FARM-ANIMALS.webp","type":"image\/webp"}],"twitter_misc":{"Dur\u00e9e de lecture estim\u00e9e":"4 minutes"},"schema":{"@context":"https:\/\/schema.org","@graph":[{"@type":"WebPage","@id":"https:\/\/business.roovi.com\/fr\/farm-animals-edu-puzzle-puzzle-de-240-pieces\/p\/","url":"https:\/\/business.roovi.com\/fr\/farm-animals-edu-puzzle-puzzle-de-240-pieces\/p\/","name":"Casse-t\u00eate \u00e9ducatif de 240 pi\u00e8ces - Farm Animals - Roovi B2B","isPartOf":{"@id":"https:\/\/business.roovi.com\/fr\/#website"},"datePublished":"2022-12-09T06:15:34+00:00","dateModified":"2023-03-01T10:53:17+00:00","breadcrumb":{"@id":"https:\/\/business.roovi.com\/fr\/farm-animals-edu-puzzle-puzzle-de-240-pieces\/p\/#breadcrumb"},"inLanguage":"fr-FR","potentialAction":[{"@type":"ReadAction","target":["https:\/\/business.roovi.com\/fr\/farm-animals-edu-puzzle-puzzle-de-240-pieces\/p\/"]}]},{"@type":"BreadcrumbList","@id":"https:\/\/business.roovi.com\/fr\/farm-animals-edu-puzzle-puzzle-de-240-pieces\/p\/#breadcrumb","itemListElement":[{"@type":"ListItem","position":1,"name":"Home","item":"https:\/\/business.roovi.com\/fr\/"},{"@type":"ListItem","position":2,"name":"Boutique","item":"https:\/\/business.roovi.com\/fr\/boutique\/"},{"@type":"ListItem","position":3,"name":"Casse-t\u00eate \u00e9ducatif de 240 pi\u00e8ces &#8211; Farm Animals"}]},{"@type":"WebSite","@id":"https:\/\/business.roovi.com\/fr\/#website","url":"https:\/\/business.roovi.com\/fr\/","name":"Roovi B2B","description":"Roovi Business Website","potentialAction":[{"@type":"SearchAction","target":{"@type":"EntryPoint","urlTemplate":"https:\/\/business.roovi.com\/fr\/?s={search_term_string}"},"query-input":"required name=search_term_string"}],"inLanguage":"fr-FR"}]}},"_links":{"self":[{"href":"https:\/\/business.roovi.com\/fr\/wp-json\/wp\/v2\/product\/62215","targetHints":{"allow":["GET"]}}],"collection":[{"href":"https:\/\/business.roovi.com\/fr\/wp-json\/wp\/v2\/product"}],"about":[{"href":"https:\/\/business.roovi.com\/fr\/wp-json\/wp\/v2\/types\/product"}],"version-history":[{"count":0,"href":"https:\/\/business.roovi.com\/fr\/wp-json\/wp\/v2\/product\/62215\/revisions"}],"wp:featuredmedia":[{"embeddable":true,"href":"https:\/\/business.roovi.com\/fr\/wp-json\/wp\/v2\/media\/62219"}],"wp:attachment":[{"href":"https:\/\/business.roovi.com\/fr\/wp-json\/wp\/v2\/media?parent=62215"}],"wp:term":[{"taxonomy":"product_brand","embeddable":true,"href":"https:\/\/business.roovi.com\/fr\/wp-json\/wp\/v2\/product_brand?post=62215"},{"taxonomy":"product_cat","embeddable":true,"href":"https:\/\/business.roovi.com\/fr\/wp-json\/wp\/v2\/product_cat?post=62215"},{"taxonomy":"product_tag","embeddable":true,"href":"https:\/\/business.roovi.com\/fr\/wp-json\/wp\/v2\/product_tag?post=62215"}],"curies":[{"name":"wp","href":"https:\/\/api.w.org\/{rel}","templated":true}]}}