{"id":62229,"date":"2022-12-09T06:22:18","date_gmt":"2022-12-09T06:22:18","guid":{"rendered":"https:\/\/business.roovi.com\/?post_type=product&#038;p=62229"},"modified":"2023-03-01T10:56:14","modified_gmt":"2023-03-01T10:56:14","slug":"solar-system-edu-puzzle-puzzle-de-240-pieces","status":"publish","type":"product","link":"https:\/\/business.roovi.com\/fr\/solar-system-edu-puzzle-puzzle-de-240-pieces\/p\/","title":{"rendered":"Casse-t\u00eate \u00e9ducatif de 240 pi\u00e8ces &#8211; Solar System"},"content":{"rendered":"<h2><span style=\"font-weight: 400;\">Savez-vous quel est l&rsquo;\u00e2ge du Soleil ? Quand la plan\u00e8te Jupiter a-t-elle \u00e9t\u00e9 d\u00e9couverte ? Ou quelle est la temp\u00e9rature moyenne sur Mars ? R\u00e9solvez l&rsquo;Edu Puzzle 240 &#8211; Syst\u00e8me solaire et d\u00e9couvrez toutes ces informations et bien d&rsquo;autres faits int\u00e9ressants sur le syst\u00e8me solaire.<\/span><\/h2>\n<p><span style=\"font-weight: 400;\">Avec Edu Puzzle 240 &#8211; Solar System, vous reconstituez le syst\u00e8me solaire pi\u00e8ce par pi\u00e8ce et d\u00e9couvrez en m\u00eame temps de nombreuses informations int\u00e9ressantes sur chaque plan\u00e8te en orbite autour du soleil.<\/span><span style=\"font-weight: 400;\">\u00a0<\/span><\/p>\n<p><span style=\"font-weight: 400;\">Si vous avez un enfant passionn\u00e9 par les plan\u00e8tes et les corps c\u00e9lestes, Edu Puzzle 240 &#8211; Solar System est le choix id\u00e9al. Ce jeu de puzzle les aide \u00e0 explorer l&rsquo;univers cosmique d&rsquo;une mani\u00e8re cr\u00e9ative et amusante et les maintient d\u00e9connect\u00e9s de leurs \u00e9crans pendant une longue p\u00e9riode.<\/span><\/p>\n<p><span style=\"font-weight: 400;\">En outre, votre enfant b\u00e9n\u00e9ficie de tous les avantages des jeux de puzzle, tels que:<\/span><\/p>\n<ul>\n<li style=\"font-weight: 400;\" aria-level=\"1\"><span style=\"font-weight: 400;\">Stimuler la m\u00e9moire et la pens\u00e9e logique;<\/span><\/li>\n<li style=\"font-weight: 400;\" aria-level=\"1\"><span style=\"font-weight: 400;\">D\u00e9velopper les capacit\u00e9s de r\u00e9solution de probl\u00e8mes;<\/span><\/li>\n<li style=\"font-weight: 400;\" aria-level=\"1\"><span style=\"font-weight: 400;\">Am\u00e9liorer l&rsquo;attention et la concentration;<\/span><\/li>\n<li style=\"font-weight: 400;\" aria-level=\"1\"><span style=\"font-weight: 400;\">D\u00e9velopper l&rsquo;estime de soi et la confiance en soi;<\/span><\/li>\n<li style=\"font-weight: 400;\" aria-level=\"1\"><span style=\"font-weight: 400;\">D\u00e9velopper la capacit\u00e9 \u00e0 travailler en \u00e9quipe.<\/span><\/li>\n<\/ul>\n<h2><span style=\"font-weight: 400;\">Edu Puzzle 240 &#8211; Syst\u00e8me solaire : une exp\u00e9rience sensorielle tr\u00e8s sp\u00e9ciale<\/span><\/h2>\n<p><span style=\"font-weight: 400;\">Nous aimons les puzzles et accordons la plus grande attention \u00e0 chaque d\u00e9tail du processus de production. Edu Puzzle 240 &#8211; Solar System est fabriqu\u00e9 \u00e0 partir de mat\u00e9riaux de haute qualit\u00e9 qui durent dans le temps et peuvent \u00eatre assembl\u00e9s parfaitement encore et encore.<\/span><\/p>\n<p><span style=\"font-weight: 400;\">Le graphisme est impeccable, avec des couleurs vives qui attirent les enfants et les maintiennent connect\u00e9s \u00e0 l&rsquo;activit\u00e9 d&rsquo;assemblage pendant de nombreuses heures.<\/span><\/p>\n<p><span style=\"font-weight: 400;\">Le tableau obtenu mesure <\/span><b>42 x 28,8 cm<\/b><span style=\"font-weight: 400;\"> et peut \u00eatre utilis\u00e9 comme objet d\u00e9coratif ou comme outil p\u00e9dagogique, gr\u00e2ce aux informations figurant en bas.<\/span><\/p>\n<p><span style=\"font-weight: 400;\">La feuille anti-reflet vous aide \u00e0 voir chaque d\u00e9tail pour rendre l&rsquo;exp\u00e9rience d&rsquo;assemblage agr\u00e9able et facile.<\/span><\/p>\n<h2><span style=\"font-weight: 400;\">Saviez-vous que&#8230;\u00a0<\/span><\/h2>\n<ul>\n<li style=\"font-weight: 400;\" aria-level=\"1\"><span style=\"font-weight: 400;\">La lumi\u00e8re du soleil atteint la Terre en 8 minutes environ.<\/span><\/li>\n<li style=\"font-weight: 400;\" aria-level=\"1\"><span style=\"font-weight: 400;\">Sur Mercure, l&rsquo;ann\u00e9e ne dure que 88 jours.<\/span><\/li>\n<li style=\"font-weight: 400;\" aria-level=\"1\"><span style=\"font-weight: 400;\">La Terre est la seule plan\u00e8te connue pour avoir des plaques tectoniques.<\/span><\/li>\n<li style=\"font-weight: 400;\" aria-level=\"1\"><span style=\"font-weight: 400;\">La plan\u00e8te Neptune est 30 fois plus \u00e9loign\u00e9e du Soleil que la Terre.<\/span><\/li>\n<li style=\"font-weight: 400;\" aria-level=\"1\"><span style=\"font-weight: 400;\">Il y a 5 plan\u00e8tes naines dans notre syst\u00e8me solaire, dont Pluton.<\/span><\/li>\n<li style=\"font-weight: 400;\" aria-level=\"1\"><span style=\"font-weight: 400;\">La plan\u00e8te Jupiter attire les \u00ab\u00a0d\u00e9chets spatiaux\u00a0\u00bb et prot\u00e8ge ainsi la Terre des objets spatiaux dangereux qui nous atteignent.<\/span><\/li>\n<\/ul>\n<p><span style=\"font-weight: 400;\">Si vous recherchez un jeu int\u00e9ressant, \u00e9ducatif et relaxant \u00e0 la fois, si vous voulez passer votre temps libre avec vos enfants d&rsquo;une mani\u00e8re significative ou si vous voulez simplement profiter d&rsquo;un enfant intelligent, Edu Puzzle 240 &#8211; Solar System est le choix parfait.<\/span><\/p>\n<h3><span style=\"font-weight: 400;\">Et si vous voulez encore plus de d\u00e9fis \u00e9ducatifs et cr\u00e9atifs pour votre enfant, ajoutez 4 nouveaux puzzles de 240 pi\u00e8ces de la collection Edu Puzzle de ROOVI: <\/span><b><a href=\"https:\/\/business.roovi.com\/fr\/discover-europe-edu-puzzle-puzzle-de-240-pieces\/p\/\">Edu Puzzle &#8211; Discover Europe<\/a>, <a href=\"https:\/\/business.roovi.com\/fr\/ocean-life-edu-puzzle-puzzle-de-240-pieces-pour-enfants\/p\/\">Edu Puzzle &#8211; Ocean Life<\/a>, <a href=\"https:\/\/business.roovi.com\/fr\/farm-animals-edu-puzzle-puzzle-de-240-pieces\/p\/\">Edu Puzzle &#8211; Farm Animals <\/a><\/b><span style=\"font-weight: 400;\">et <\/span><a href=\"https:\/\/business.roovi.com\/fr\/wild-animals-edu-puzzle-puzzle-de-240-pieces\/p\/\"><b>Edu Puzzle &#8211; Wild Animals<\/b><\/a><span style=\"font-weight: 400;\">.<\/span><\/h3>\n","protected":false},"excerpt":{"rendered":"<p>Savez-vous quel est l&rsquo;\u00e2ge du Soleil ? Quand la plan\u00e8te Jupiter a-t-elle \u00e9t\u00e9 d\u00e9couverte ? Ou quelle est la temp\u00e9rature<\/p>\n","protected":false},"featured_media":62233,"template":"","meta":[],"product_brand":[],"product_cat":[2341,2314,2340],"product_tag":[],"class_list":{"0":"post-62229","1":"product","2":"type-product","3":"status-publish","4":"has-post-thumbnail","6":"product_cat-plus-de-100-pieces-de-puzzle","7":"product_cat-puzzles-fr","8":"product_cat-puzzles-pour-enfants","10":"first","11":"instock","12":"taxable","13":"shipping-taxable","14":"product-type-simple"},"yoast_head":"<!-- This site is optimized with the Yoast SEO plugin v20.1 - https:\/\/yoast.com\/wordpress\/plugins\/seo\/ -->\n<title>Casse-t\u00eate \u00e9ducatif de 240 pi\u00e8ces - Solar System - Roovi B2B<\/title>\n<meta name=\"robots\" content=\"index, follow, max-snippet:-1, max-image-preview:large, max-video-preview:-1\" \/>\n<link rel=\"canonical\" href=\"https:\/\/business.roovi.com\/fr\/solar-system-edu-puzzle-puzzle-de-240-pieces\/p\/\" \/>\n<meta property=\"og:locale\" content=\"fr_FR\" \/>\n<meta property=\"og:type\" content=\"article\" \/>\n<meta property=\"og:title\" content=\"Casse-t\u00eate \u00e9ducatif de 240 pi\u00e8ces - Solar System - Roovi B2B\" \/>\n<meta property=\"og:description\" content=\"Savez-vous quel est l&rsquo;\u00e2ge du Soleil ? Quand la plan\u00e8te Jupiter a-t-elle \u00e9t\u00e9 d\u00e9couverte ? Ou quelle est la temp\u00e9rature\" \/>\n<meta property=\"og:url\" content=\"https:\/\/business.roovi.com\/fr\/solar-system-edu-puzzle-puzzle-de-240-pieces\/p\/\" \/>\n<meta property=\"og:site_name\" content=\"Roovi B2B\" \/>\n<meta property=\"article:publisher\" content=\"https:\/\/www.facebook.com\/wwwjucariero\" \/>\n<meta property=\"article:modified_time\" content=\"2023-03-01T10:56:14+00:00\" \/>\n<meta property=\"og:image\" content=\"https:\/\/business.roovi.com\/wp-content\/uploads\/2022\/12\/P-240-79251-01-SOLAR-SYSTEM-PUZZLE.webp\" \/>\n\t<meta property=\"og:image:width\" content=\"1200\" \/>\n\t<meta property=\"og:image:height\" content=\"1200\" \/>\n\t<meta property=\"og:image:type\" content=\"image\/webp\" \/>\n<meta name=\"twitter:label1\" content=\"Dur\u00e9e de lecture estim\u00e9e\" \/>\n\t<meta name=\"twitter:data1\" content=\"3 minutes\" \/>\n<script type=\"application\/ld+json\" class=\"yoast-schema-graph\">{\"@context\":\"https:\/\/schema.org\",\"@graph\":[{\"@type\":\"WebPage\",\"@id\":\"https:\/\/business.roovi.com\/fr\/solar-system-edu-puzzle-puzzle-de-240-pieces\/p\/\",\"url\":\"https:\/\/business.roovi.com\/fr\/solar-system-edu-puzzle-puzzle-de-240-pieces\/p\/\",\"name\":\"Casse-t\u00eate \u00e9ducatif de 240 pi\u00e8ces - Solar System - Roovi B2B\",\"isPartOf\":{\"@id\":\"https:\/\/business.roovi.com\/fr\/#website\"},\"datePublished\":\"2022-12-09T06:22:18+00:00\",\"dateModified\":\"2023-03-01T10:56:14+00:00\",\"breadcrumb\":{\"@id\":\"https:\/\/business.roovi.com\/fr\/solar-system-edu-puzzle-puzzle-de-240-pieces\/p\/#breadcrumb\"},\"inLanguage\":\"fr-FR\",\"potentialAction\":[{\"@type\":\"ReadAction\",\"target\":[\"https:\/\/business.roovi.com\/fr\/solar-system-edu-puzzle-puzzle-de-240-pieces\/p\/\"]}]},{\"@type\":\"BreadcrumbList\",\"@id\":\"https:\/\/business.roovi.com\/fr\/solar-system-edu-puzzle-puzzle-de-240-pieces\/p\/#breadcrumb\",\"itemListElement\":[{\"@type\":\"ListItem\",\"position\":1,\"name\":\"Home\",\"item\":\"https:\/\/business.roovi.com\/fr\/\"},{\"@type\":\"ListItem\",\"position\":2,\"name\":\"Boutique\",\"item\":\"https:\/\/business.roovi.com\/fr\/boutique\/\"},{\"@type\":\"ListItem\",\"position\":3,\"name\":\"Casse-t\u00eate \u00e9ducatif de 240 pi\u00e8ces &#8211; Solar System\"}]},{\"@type\":\"WebSite\",\"@id\":\"https:\/\/business.roovi.com\/fr\/#website\",\"url\":\"https:\/\/business.roovi.com\/fr\/\",\"name\":\"Roovi B2B\",\"description\":\"Roovi Business Website\",\"potentialAction\":[{\"@type\":\"SearchAction\",\"target\":{\"@type\":\"EntryPoint\",\"urlTemplate\":\"https:\/\/business.roovi.com\/fr\/?s={search_term_string}\"},\"query-input\":\"required name=search_term_string\"}],\"inLanguage\":\"fr-FR\"}]}<\/script>\n<!-- \/ Yoast SEO plugin. -->","yoast_head_json":{"title":"Casse-t\u00eate \u00e9ducatif de 240 pi\u00e8ces - Solar System - Roovi B2B","robots":{"index":"index","follow":"follow","max-snippet":"max-snippet:-1","max-image-preview":"max-image-preview:large","max-video-preview":"max-video-preview:-1"},"canonical":"https:\/\/business.roovi.com\/fr\/solar-system-edu-puzzle-puzzle-de-240-pieces\/p\/","og_locale":"fr_FR","og_type":"article","og_title":"Casse-t\u00eate \u00e9ducatif de 240 pi\u00e8ces - Solar System - Roovi B2B","og_description":"Savez-vous quel est l&rsquo;\u00e2ge du Soleil ? Quand la plan\u00e8te Jupiter a-t-elle \u00e9t\u00e9 d\u00e9couverte ? Ou quelle est la temp\u00e9rature","og_url":"https:\/\/business.roovi.com\/fr\/solar-system-edu-puzzle-puzzle-de-240-pieces\/p\/","og_site_name":"Roovi B2B","article_publisher":"https:\/\/www.facebook.com\/wwwjucariero","article_modified_time":"2023-03-01T10:56:14+00:00","og_image":[{"width":1200,"height":1200,"url":"https:\/\/business.roovi.com\/wp-content\/uploads\/2022\/12\/P-240-79251-01-SOLAR-SYSTEM-PUZZLE.webp","type":"image\/webp"}],"twitter_misc":{"Dur\u00e9e de lecture estim\u00e9e":"3 minutes"},"schema":{"@context":"https:\/\/schema.org","@graph":[{"@type":"WebPage","@id":"https:\/\/business.roovi.com\/fr\/solar-system-edu-puzzle-puzzle-de-240-pieces\/p\/","url":"https:\/\/business.roovi.com\/fr\/solar-system-edu-puzzle-puzzle-de-240-pieces\/p\/","name":"Casse-t\u00eate \u00e9ducatif de 240 pi\u00e8ces - Solar System - Roovi B2B","isPartOf":{"@id":"https:\/\/business.roovi.com\/fr\/#website"},"datePublished":"2022-12-09T06:22:18+00:00","dateModified":"2023-03-01T10:56:14+00:00","breadcrumb":{"@id":"https:\/\/business.roovi.com\/fr\/solar-system-edu-puzzle-puzzle-de-240-pieces\/p\/#breadcrumb"},"inLanguage":"fr-FR","potentialAction":[{"@type":"ReadAction","target":["https:\/\/business.roovi.com\/fr\/solar-system-edu-puzzle-puzzle-de-240-pieces\/p\/"]}]},{"@type":"BreadcrumbList","@id":"https:\/\/business.roovi.com\/fr\/solar-system-edu-puzzle-puzzle-de-240-pieces\/p\/#breadcrumb","itemListElement":[{"@type":"ListItem","position":1,"name":"Home","item":"https:\/\/business.roovi.com\/fr\/"},{"@type":"ListItem","position":2,"name":"Boutique","item":"https:\/\/business.roovi.com\/fr\/boutique\/"},{"@type":"ListItem","position":3,"name":"Casse-t\u00eate \u00e9ducatif de 240 pi\u00e8ces &#8211; Solar System"}]},{"@type":"WebSite","@id":"https:\/\/business.roovi.com\/fr\/#website","url":"https:\/\/business.roovi.com\/fr\/","name":"Roovi B2B","description":"Roovi Business Website","potentialAction":[{"@type":"SearchAction","target":{"@type":"EntryPoint","urlTemplate":"https:\/\/business.roovi.com\/fr\/?s={search_term_string}"},"query-input":"required name=search_term_string"}],"inLanguage":"fr-FR"}]}},"_links":{"self":[{"href":"https:\/\/business.roovi.com\/fr\/wp-json\/wp\/v2\/product\/62229","targetHints":{"allow":["GET"]}}],"collection":[{"href":"https:\/\/business.roovi.com\/fr\/wp-json\/wp\/v2\/product"}],"about":[{"href":"https:\/\/business.roovi.com\/fr\/wp-json\/wp\/v2\/types\/product"}],"version-history":[{"count":0,"href":"https:\/\/business.roovi.com\/fr\/wp-json\/wp\/v2\/product\/62229\/revisions"}],"wp:featuredmedia":[{"embeddable":true,"href":"https:\/\/business.roovi.com\/fr\/wp-json\/wp\/v2\/media\/62233"}],"wp:attachment":[{"href":"https:\/\/business.roovi.com\/fr\/wp-json\/wp\/v2\/media?parent=62229"}],"wp:term":[{"taxonomy":"product_brand","embeddable":true,"href":"https:\/\/business.roovi.com\/fr\/wp-json\/wp\/v2\/product_brand?post=62229"},{"taxonomy":"product_cat","embeddable":true,"href":"https:\/\/business.roovi.com\/fr\/wp-json\/wp\/v2\/product_cat?post=62229"},{"taxonomy":"product_tag","embeddable":true,"href":"https:\/\/business.roovi.com\/fr\/wp-json\/wp\/v2\/product_tag?post=62229"}],"curies":[{"name":"wp","href":"https:\/\/api.w.org\/{rel}","templated":true}]}}