{"id":71570,"date":"2023-08-09T06:26:31","date_gmt":"2023-08-09T06:26:31","guid":{"rendered":"https:\/\/business.roovi.com\/joc-de-sah-profi-wpc-classic\/p\/"},"modified":"2025-03-11T12:55:24","modified_gmt":"2025-03-11T12:55:24","slug":"joc-de-sah-profi-wpc-classic","status":"publish","type":"product","link":"https:\/\/business.roovi.com\/fr\/joc-de-sah-profi-wpc-classic\/p\/","title":{"rendered":"Joc de \u0218ah profi WPC Classic"},"content":{"rendered":"<p>\u0218tiai c\u0103 \u00eentr-o partid\u0103 obi\u0219nuit\u0103 de \u0219ah un juc\u0103tor profesionist consum\u0103 mai multe calorii dec\u00e2t un fotbalist profesionist \u00eentr-un meci de fotbal? Nu e de mirare c\u0103 jocul de \u0219ah este numit sportul min\u021bii.<\/p>\n<h3>Ce este \u0219ahul?<\/h3>\n<p>\u0218ahul este cel mai cunoscut \u0219i apreciat joc de strategie pentru doi juc\u0103tori. Are origini str\u0103vechi \u0219i se presupune c\u0103 a ap\u0103rut \u00een India, de\u0219i Persia \u0219i China sunt \u0219i ele men\u021bionate de istorici.<\/p>\n<p>\u00centr-un joc de \u0219ah, juc\u0103torii trebuie doar s\u0103 mute piesele. Dar jocul este dominat de lini\u0219te \u0219i necesit\u0103 mult\u0103 concentrare. Juc\u0103torii trebuie s\u0103 \u00ee\u0219i g\u00e2ndeasc\u0103 at\u00e2t propria strategie, c\u00e2t \u0219i s\u0103 anticipeze mut\u0103rile adversarului.<\/p>\n<p>Fiecare pies\u0103 are propriul mod de a fi mutat\u0103. Num\u0103rul mut\u0103rilor posibile \u00eentr-o partid\u0103 de \u0219ah este mai mare dec\u00e2t num\u0103rul estimat al atomilor din univers.<\/p>\n<h3>Despre jocul de \u0219ah \u0219tiai c\u0103\u2026<\/h3>\n<ul>\n<li>A fost subiectul celei de-a doua c\u0103r\u021bi publicate vreodat\u0103 \u00een limba englez\u0103. Cartea se numea: \u201eThe Game and Playe of Chess\u2019\u2019 \u0219i a fost tradus\u0103 din francez\u0103 \u0219i publicat\u0103 \u00een anii 1470.<\/li>\n<li>Expresia\u00a0\u201c\u0218ah Mat\u201d provine din metafora din limba persan\u0103 \u201cShah Mat\u201d, care \u00eenseamn\u0103 \u201cregele este mort\u201d.<\/li>\n<li>Primul ceas mecanic de \u0219ah a fost inventat \u00een 1883. P\u00e2n\u0103 atunci, \u00een timpul jocurilor de \u0219ah se utiliza clepsidra.<\/li>\n<li>\u0218ahul are beneficii uimitoare asupra min\u021bii umane. Se pare c\u0103 niciun juc\u0103tor de \u0219ah care joac\u0103 regulat nu s-a \u00eemboln\u0103vit de Alzheimer.<\/li>\n<li>Pentru copiii care \u00eencep de timpuriu s\u0103 joace \u0219ah s-a observat o \u00eembun\u0103t\u0103\u021bire a memoriei, precum \u0219i rezultate mai bune la \u0219coal\u0103 fa\u021b\u0103 de cei care nu practic\u0103 acest sport al min\u021bii.<\/li>\n<\/ul>\n<h3>De ce s\u0103 alegi Jocul de \u0219ah WPC Classic<\/h3>\n<p>Este creat cu mare aten\u021bie la fiecare detaliu, fiind un joc rafinat, cu piese care au dimensiunile oficiale pentru concurs \u0219i tabl\u0103 din carton gros, foarte rezistent la nenum\u0103rate partide de joc.<\/p>\n<p>Are o form\u0103 compact\u0103 \u0219i poate fi u\u0219or de transportat oriunde, oric\u00e2nd.<\/p>\n<p>Este o foarte bun\u0103 modalitate de relaxare \u0219i deconectare de la rutina cotidian\u0103.<\/p>\n<p>Ofer\u0103 un exerci\u021biu excelent min\u021bii \u0219i creeaz\u0103 o disciplin\u0103 care se reflect\u0103 \u0219i \u00een alte aspecte ale vie\u021bii.<\/p>\n<p>&nbsp;<\/p>\n<p>V\u00e2rst\u0103 recomandat\u0103: 14+<\/p>\n<p>Juc\u0103tori: 2 persoane<\/p>\n<p>Cutia con\u021bine: 32 piese de \u0219ah din plastic, 1 tabl\u0103 de \u0219ah din carton.<\/p>\n<p>Joc nerecomandat copiilor sub 3 ani.<\/p>\n","protected":false},"excerpt":{"rendered":"<p>\u0218tiai c\u0103 \u00eentr-o partid\u0103 obi\u0219nuit\u0103 de \u0219ah un juc\u0103tor profesionist consum\u0103 mai multe calorii dec\u00e2t un fotbalist profesionist \u00eentr-un meci<\/p>\n","protected":false},"featured_media":71034,"template":"","meta":[],"product_brand":[],"product_cat":[2325,2303,2381],"product_tag":[],"class_list":{"0":"post-71570","1":"product","2":"type-product","3":"status-publish","4":"has-post-thumbnail","6":"product_cat-jeux-de-logique","7":"product_cat-jeux-de-societe","8":"product_cat-jeux-de-societe-celebres","10":"first","11":"instock","12":"taxable","13":"shipping-taxable","14":"product-type-simple"},"yoast_head":"<!-- This site is optimized with the Yoast SEO plugin v20.1 - https:\/\/yoast.com\/wordpress\/plugins\/seo\/ -->\n<title>Joc de \u0218ah profi WPC Classic - Roovi B2B<\/title>\n<meta name=\"robots\" content=\"index, follow, max-snippet:-1, max-image-preview:large, max-video-preview:-1\" \/>\n<link rel=\"canonical\" href=\"https:\/\/business.roovi.com\/fr\/joc-de-sah-profi-wpc-classic\/p\/\" \/>\n<meta property=\"og:locale\" content=\"fr_FR\" \/>\n<meta property=\"og:type\" content=\"article\" \/>\n<meta property=\"og:title\" content=\"Joc de \u0218ah profi WPC Classic - Roovi B2B\" \/>\n<meta property=\"og:description\" content=\"\u0218tiai c\u0103 \u00eentr-o partid\u0103 obi\u0219nuit\u0103 de \u0219ah un juc\u0103tor profesionist consum\u0103 mai multe calorii dec\u00e2t un fotbalist profesionist \u00eentr-un meci\" \/>\n<meta property=\"og:url\" content=\"https:\/\/business.roovi.com\/fr\/joc-de-sah-profi-wpc-classic\/p\/\" \/>\n<meta property=\"og:site_name\" content=\"Roovi B2B\" \/>\n<meta property=\"article:publisher\" content=\"https:\/\/www.facebook.com\/wwwjucariero\" \/>\n<meta property=\"article:modified_time\" content=\"2025-03-11T12:55:24+00:00\" \/>\n<meta property=\"og:image\" content=\"https:\/\/business.roovi.com\/wp-content\/uploads\/2023\/08\/WPC-Chess-79503.jpg\" \/>\n\t<meta property=\"og:image:width\" content=\"1200\" \/>\n\t<meta property=\"og:image:height\" content=\"1200\" \/>\n\t<meta property=\"og:image:type\" content=\"image\/jpeg\" \/>\n<meta name=\"twitter:label1\" content=\"Dur\u00e9e de lecture estim\u00e9e\" \/>\n\t<meta name=\"twitter:data1\" content=\"2 minutes\" \/>\n<script type=\"application\/ld+json\" class=\"yoast-schema-graph\">{\"@context\":\"https:\/\/schema.org\",\"@graph\":[{\"@type\":\"WebPage\",\"@id\":\"https:\/\/business.roovi.com\/fr\/joc-de-sah-profi-wpc-classic\/p\/\",\"url\":\"https:\/\/business.roovi.com\/fr\/joc-de-sah-profi-wpc-classic\/p\/\",\"name\":\"Joc de \u0218ah profi WPC Classic - Roovi B2B\",\"isPartOf\":{\"@id\":\"https:\/\/business.roovi.com\/fr\/#website\"},\"datePublished\":\"2023-08-09T06:26:31+00:00\",\"dateModified\":\"2025-03-11T12:55:24+00:00\",\"breadcrumb\":{\"@id\":\"https:\/\/business.roovi.com\/fr\/joc-de-sah-profi-wpc-classic\/p\/#breadcrumb\"},\"inLanguage\":\"fr-FR\",\"potentialAction\":[{\"@type\":\"ReadAction\",\"target\":[\"https:\/\/business.roovi.com\/fr\/joc-de-sah-profi-wpc-classic\/p\/\"]}]},{\"@type\":\"BreadcrumbList\",\"@id\":\"https:\/\/business.roovi.com\/fr\/joc-de-sah-profi-wpc-classic\/p\/#breadcrumb\",\"itemListElement\":[{\"@type\":\"ListItem\",\"position\":1,\"name\":\"Home\",\"item\":\"https:\/\/business.roovi.com\/fr\/\"},{\"@type\":\"ListItem\",\"position\":2,\"name\":\"Boutique\",\"item\":\"https:\/\/business.roovi.com\/fr\/boutique\/\"},{\"@type\":\"ListItem\",\"position\":3,\"name\":\"Joc de \u0218ah profi WPC Classic\"}]},{\"@type\":\"WebSite\",\"@id\":\"https:\/\/business.roovi.com\/fr\/#website\",\"url\":\"https:\/\/business.roovi.com\/fr\/\",\"name\":\"Roovi B2B\",\"description\":\"Roovi Business Website\",\"potentialAction\":[{\"@type\":\"SearchAction\",\"target\":{\"@type\":\"EntryPoint\",\"urlTemplate\":\"https:\/\/business.roovi.com\/fr\/?s={search_term_string}\"},\"query-input\":\"required name=search_term_string\"}],\"inLanguage\":\"fr-FR\"}]}<\/script>\n<!-- \/ Yoast SEO plugin. -->","yoast_head_json":{"title":"Joc de \u0218ah profi WPC Classic - Roovi B2B","robots":{"index":"index","follow":"follow","max-snippet":"max-snippet:-1","max-image-preview":"max-image-preview:large","max-video-preview":"max-video-preview:-1"},"canonical":"https:\/\/business.roovi.com\/fr\/joc-de-sah-profi-wpc-classic\/p\/","og_locale":"fr_FR","og_type":"article","og_title":"Joc de \u0218ah profi WPC Classic - Roovi B2B","og_description":"\u0218tiai c\u0103 \u00eentr-o partid\u0103 obi\u0219nuit\u0103 de \u0219ah un juc\u0103tor profesionist consum\u0103 mai multe calorii dec\u00e2t un fotbalist profesionist \u00eentr-un meci","og_url":"https:\/\/business.roovi.com\/fr\/joc-de-sah-profi-wpc-classic\/p\/","og_site_name":"Roovi B2B","article_publisher":"https:\/\/www.facebook.com\/wwwjucariero","article_modified_time":"2025-03-11T12:55:24+00:00","og_image":[{"width":1200,"height":1200,"url":"https:\/\/business.roovi.com\/wp-content\/uploads\/2023\/08\/WPC-Chess-79503.jpg","type":"image\/jpeg"}],"twitter_misc":{"Dur\u00e9e de lecture estim\u00e9e":"2 minutes"},"schema":{"@context":"https:\/\/schema.org","@graph":[{"@type":"WebPage","@id":"https:\/\/business.roovi.com\/fr\/joc-de-sah-profi-wpc-classic\/p\/","url":"https:\/\/business.roovi.com\/fr\/joc-de-sah-profi-wpc-classic\/p\/","name":"Joc de \u0218ah profi WPC Classic - Roovi B2B","isPartOf":{"@id":"https:\/\/business.roovi.com\/fr\/#website"},"datePublished":"2023-08-09T06:26:31+00:00","dateModified":"2025-03-11T12:55:24+00:00","breadcrumb":{"@id":"https:\/\/business.roovi.com\/fr\/joc-de-sah-profi-wpc-classic\/p\/#breadcrumb"},"inLanguage":"fr-FR","potentialAction":[{"@type":"ReadAction","target":["https:\/\/business.roovi.com\/fr\/joc-de-sah-profi-wpc-classic\/p\/"]}]},{"@type":"BreadcrumbList","@id":"https:\/\/business.roovi.com\/fr\/joc-de-sah-profi-wpc-classic\/p\/#breadcrumb","itemListElement":[{"@type":"ListItem","position":1,"name":"Home","item":"https:\/\/business.roovi.com\/fr\/"},{"@type":"ListItem","position":2,"name":"Boutique","item":"https:\/\/business.roovi.com\/fr\/boutique\/"},{"@type":"ListItem","position":3,"name":"Joc de \u0218ah profi WPC Classic"}]},{"@type":"WebSite","@id":"https:\/\/business.roovi.com\/fr\/#website","url":"https:\/\/business.roovi.com\/fr\/","name":"Roovi B2B","description":"Roovi Business Website","potentialAction":[{"@type":"SearchAction","target":{"@type":"EntryPoint","urlTemplate":"https:\/\/business.roovi.com\/fr\/?s={search_term_string}"},"query-input":"required name=search_term_string"}],"inLanguage":"fr-FR"}]}},"_links":{"self":[{"href":"https:\/\/business.roovi.com\/fr\/wp-json\/wp\/v2\/product\/71570","targetHints":{"allow":["GET"]}}],"collection":[{"href":"https:\/\/business.roovi.com\/fr\/wp-json\/wp\/v2\/product"}],"about":[{"href":"https:\/\/business.roovi.com\/fr\/wp-json\/wp\/v2\/types\/product"}],"version-history":[{"count":0,"href":"https:\/\/business.roovi.com\/fr\/wp-json\/wp\/v2\/product\/71570\/revisions"}],"wp:featuredmedia":[{"embeddable":true,"href":"https:\/\/business.roovi.com\/fr\/wp-json\/wp\/v2\/media\/71034"}],"wp:attachment":[{"href":"https:\/\/business.roovi.com\/fr\/wp-json\/wp\/v2\/media?parent=71570"}],"wp:term":[{"taxonomy":"product_brand","embeddable":true,"href":"https:\/\/business.roovi.com\/fr\/wp-json\/wp\/v2\/product_brand?post=71570"},{"taxonomy":"product_cat","embeddable":true,"href":"https:\/\/business.roovi.com\/fr\/wp-json\/wp\/v2\/product_cat?post=71570"},{"taxonomy":"product_tag","embeddable":true,"href":"https:\/\/business.roovi.com\/fr\/wp-json\/wp\/v2\/product_tag?post=71570"}],"curies":[{"name":"wp","href":"https:\/\/api.w.org\/{rel}","templated":true}]}}