{"id":73461,"date":"2024-09-09T09:28:33","date_gmt":"2024-09-09T09:28:33","guid":{"rendered":"https:\/\/business.roovi.com\/constructorul-creativ-multimodel-set-cu-15-modele-creative-builder-15-models-multimodel-set\/p\/"},"modified":"2024-09-12T06:24:46","modified_gmt":"2024-09-12T06:24:46","slug":"constructorul-creativ-multimodel-set-cu-15-modele-creative-builder-15-models-multimodel-set","status":"publish","type":"product","link":"https:\/\/business.roovi.com\/fr\/constructorul-creativ-multimodel-set-cu-15-modele-creative-builder-15-models-multimodel-set\/p\/","title":{"rendered":"Constructorul Creativ Multimodel set cu 15 modele &#8211; Creative Builder 15 models Multimodel set"},"content":{"rendered":"<p><strong>Descoper\u0103 un set de construit interactiv \u0219i versatil ce permite realizarea a 15 modele diferite de ma\u0219ini \u0219i utilaje, perfect func\u021bionale. Setul este ideal pentru \u00eencep\u0103tori, fiind potrivit pentru copii cu v\u00e2rsta peste 6 ani.<\/strong><\/p>\n<p>Setul Creative Builder \u2013 15 \u00een 1 con\u021bine piese de calitate foarte bun\u0103 care se \u00eembin\u0103 perfect \u0219i sunt u\u0219or de manevrat de copii. Micii pasiona\u021bi de tehnologie \u0219i ma\u0219ini pot explora modele inovatoare \u0219i pot crea singuri vehicule interesante cu care se pot juca oric\u00e2t doresc.<\/p>\n<p><strong>De ce s\u0103 alegi setul CREATIVE BUILDER \u2013 Multimodel 15 \u00een 1<\/strong><\/p>\n<ul>\n<li><strong>Stimuleaz\u0103 creativitatea:<\/strong> copiii pot construi \u0219i reconstrui cele 15 modele diferite de ma\u0219ini \u0219i utilaje, antren\u00e2ndu-\u0219i imagina\u021bia \u0219i abilit\u0103\u021bile tehnice.<\/li>\n<li><strong>\u00cenv\u0103\u021bare prin joac\u0103:<\/strong> construirea fic\u0103rui model necesit\u0103 aten\u021bie \u0219i precizie \u0219i este o adev\u0103rat\u0103 lec\u021bie despre mobilitate, echilibru \u0219i structur\u0103, transform\u00e2nd totodat\u0103 joaca \u00eentr-o experien\u021b\u0103 captivant\u0103 de \u00eenv\u0103\u021bare.<\/li>\n<li><strong>Diversitate \u0219i provocare:<\/strong> Setul ofer\u0103 oportunitatea de a construi diverse tipuri de ma\u0219ini \u0219i le men\u021bine copiilor interesul \u0219i entuziasmul un timp \u00eendelungat.<\/li>\n<li><strong>Cadoul perfect:<\/strong> jocul este potrivit copiilor cu v\u00e2rsta peste 6 ani \u0219i poate fi cadoul perfect de Cr\u0103ciun, de aniversare sau atunci c\u00e2nd pur \u0219i simplu vrei s\u0103 faci fericit un copil.<\/li>\n<\/ul>\n<p><strong>CREATIVE BUILDER \u2013 Multimodel 15 \u00een 1: un joc STEM fascinant pentru \u00eenv\u0103\u021bare prin joac\u0103<\/strong><\/p>\n<p>Jocurile STEM (acronimul de la: Science,\u00a0Technology, Engineering, Maths) pun accentul pe \u00eenv\u0103\u021bare al\u0103turi de distrac\u021bie \u0219i \u00eei ajut\u0103 pe copii s\u0103 se \u00eemprieteneasc\u0103 de la v\u00e2rste fragede cu \u0219tiin\u021ba. Setul CREATIVE BUILDER \u2013 Multimodel 15 \u00een 1 \u00eentrune\u0219te cele mai \u00eenalte standarde de calitate \u0219i siguran\u021b\u0103, precum \u0219i toate caracteristicile fascinantelor jocuri STEM:<\/p>\n<ul>\n<li>Stimuleaz\u0103 \u0219i sus\u021bine dezvoltarea g\u00e2ndirii logice \u0219i strategice.<\/li>\n<li>Dezvolt\u0103 imagina\u021bia \u0219i g\u00e2ndirea creativ\u0103.<\/li>\n<li>\u00cembun\u0103t\u0103\u021be\u0219te capacitatea de concentrare, precum \u0219i coordonarea<\/li>\n<li>Stimuleaz\u0103 comunicarea, dezvoltarea abilit\u0103\u021bilor sociale \u0219i lucrul \u00een echip\u0103.<\/li>\n<li>\u00cei ajut\u0103 pe copii s\u0103 se familiarizeze cu concepte \u0219i no\u021biuni noi din domenii precum fizica, matematica sau construc\u021biile, favoriz\u00e2nd totodat\u0103 dezvoltarea vocabularului.<\/li>\n<li>\u00cen plus, este foarte distractiv \u0219i poate fi prilejul perfect de a te conecta cu copilul t\u0103u \u0219i de a v\u0103 distra \u00eempreun\u0103 de minune.<\/li>\n<\/ul>\n<p>Dac\u0103 \u00ee\u021bi dore\u0219ti un set experimental \u0219i interactiv care s\u0103-l ajute pe copilul t\u0103u s\u0103-\u0219i dezvolte abilit\u0103\u021bi importante \u00een timp ce se joac\u0103, setul CREATIVE BUILDER \u2013 Multimodel 15 \u00een 1 este alegerea perfect\u0103.<\/p>\n","protected":false},"excerpt":{"rendered":"<p>Descoper\u0103 un set de construit interactiv \u0219i versatil ce permite realizarea a 15 modele diferite de ma\u0219ini \u0219i utilaje, perfect<\/p>\n","protected":false},"featured_media":73313,"template":"","meta":[],"product_brand":[],"product_cat":[2452,2722,2328,2723],"product_tag":[],"class_list":{"0":"post-73461","1":"product","2":"type-product","3":"status-publish","4":"has-post-thumbnail","6":"product_cat-cubes-fr","7":"product_cat-engino-fr","8":"product_cat-jeux-educatifs-et-scientifiques","9":"product_cat-noutati-fr","10":"pa_filter_age-14-fr","11":"pa_filter_age-5_7-fr","12":"pa_filter_age-7_9-fr","13":"pa_filter_age-9_14-fr","15":"first","16":"instock","17":"taxable","18":"shipping-taxable","19":"product-type-simple"},"yoast_head":"<!-- This site is optimized with the Yoast SEO plugin v20.1 - https:\/\/yoast.com\/wordpress\/plugins\/seo\/ -->\n<title>Constructorul Creativ Multimodel set cu 15 modele - Creative Builder 15 models Multimodel set - Roovi B2B<\/title>\n<meta name=\"robots\" content=\"index, follow, max-snippet:-1, max-image-preview:large, max-video-preview:-1\" \/>\n<link rel=\"canonical\" href=\"https:\/\/business.roovi.com\/fr\/constructorul-creativ-multimodel-set-cu-15-modele-creative-builder-15-models-multimodel-set\/p\/\" \/>\n<meta property=\"og:locale\" content=\"fr_FR\" \/>\n<meta property=\"og:type\" content=\"article\" \/>\n<meta property=\"og:title\" content=\"Constructorul Creativ Multimodel set cu 15 modele - Creative Builder 15 models Multimodel set - Roovi B2B\" \/>\n<meta property=\"og:description\" content=\"Descoper\u0103 un set de construit interactiv \u0219i versatil ce permite realizarea a 15 modele diferite de ma\u0219ini \u0219i utilaje, perfect\" \/>\n<meta property=\"og:url\" content=\"https:\/\/business.roovi.com\/fr\/constructorul-creativ-multimodel-set-cu-15-modele-creative-builder-15-models-multimodel-set\/p\/\" \/>\n<meta property=\"og:site_name\" content=\"Roovi B2B\" \/>\n<meta property=\"article:publisher\" content=\"https:\/\/www.facebook.com\/wwwjucariero\" \/>\n<meta property=\"article:modified_time\" content=\"2024-09-12T06:24:46+00:00\" \/>\n<meta property=\"og:image\" content=\"https:\/\/business.roovi.com\/wp-content\/uploads\/2024\/09\/engino-1531-min.jpg\" \/>\n\t<meta property=\"og:image:width\" content=\"1200\" \/>\n\t<meta property=\"og:image:height\" content=\"1200\" \/>\n\t<meta property=\"og:image:type\" content=\"image\/jpeg\" \/>\n<meta name=\"twitter:label1\" content=\"Dur\u00e9e de lecture estim\u00e9e\" \/>\n\t<meta name=\"twitter:data1\" content=\"2 minutes\" \/>\n<script type=\"application\/ld+json\" class=\"yoast-schema-graph\">{\"@context\":\"https:\/\/schema.org\",\"@graph\":[{\"@type\":\"WebPage\",\"@id\":\"https:\/\/business.roovi.com\/fr\/constructorul-creativ-multimodel-set-cu-15-modele-creative-builder-15-models-multimodel-set\/p\/\",\"url\":\"https:\/\/business.roovi.com\/fr\/constructorul-creativ-multimodel-set-cu-15-modele-creative-builder-15-models-multimodel-set\/p\/\",\"name\":\"Constructorul Creativ Multimodel set cu 15 modele - Creative Builder 15 models Multimodel set - Roovi B2B\",\"isPartOf\":{\"@id\":\"https:\/\/business.roovi.com\/fr\/#website\"},\"datePublished\":\"2024-09-09T09:28:33+00:00\",\"dateModified\":\"2024-09-12T06:24:46+00:00\",\"breadcrumb\":{\"@id\":\"https:\/\/business.roovi.com\/fr\/constructorul-creativ-multimodel-set-cu-15-modele-creative-builder-15-models-multimodel-set\/p\/#breadcrumb\"},\"inLanguage\":\"fr-FR\",\"potentialAction\":[{\"@type\":\"ReadAction\",\"target\":[\"https:\/\/business.roovi.com\/fr\/constructorul-creativ-multimodel-set-cu-15-modele-creative-builder-15-models-multimodel-set\/p\/\"]}]},{\"@type\":\"BreadcrumbList\",\"@id\":\"https:\/\/business.roovi.com\/fr\/constructorul-creativ-multimodel-set-cu-15-modele-creative-builder-15-models-multimodel-set\/p\/#breadcrumb\",\"itemListElement\":[{\"@type\":\"ListItem\",\"position\":1,\"name\":\"Home\",\"item\":\"https:\/\/business.roovi.com\/fr\/\"},{\"@type\":\"ListItem\",\"position\":2,\"name\":\"Boutique\",\"item\":\"https:\/\/business.roovi.com\/fr\/boutique\/\"},{\"@type\":\"ListItem\",\"position\":3,\"name\":\"Constructorul Creativ Multimodel set cu 15 modele &#8211; Creative Builder 15 models Multimodel set\"}]},{\"@type\":\"WebSite\",\"@id\":\"https:\/\/business.roovi.com\/fr\/#website\",\"url\":\"https:\/\/business.roovi.com\/fr\/\",\"name\":\"Roovi B2B\",\"description\":\"Roovi Business Website\",\"potentialAction\":[{\"@type\":\"SearchAction\",\"target\":{\"@type\":\"EntryPoint\",\"urlTemplate\":\"https:\/\/business.roovi.com\/fr\/?s={search_term_string}\"},\"query-input\":\"required name=search_term_string\"}],\"inLanguage\":\"fr-FR\"}]}<\/script>\n<!-- \/ Yoast SEO plugin. -->","yoast_head_json":{"title":"Constructorul Creativ Multimodel set cu 15 modele - Creative Builder 15 models Multimodel set - Roovi B2B","robots":{"index":"index","follow":"follow","max-snippet":"max-snippet:-1","max-image-preview":"max-image-preview:large","max-video-preview":"max-video-preview:-1"},"canonical":"https:\/\/business.roovi.com\/fr\/constructorul-creativ-multimodel-set-cu-15-modele-creative-builder-15-models-multimodel-set\/p\/","og_locale":"fr_FR","og_type":"article","og_title":"Constructorul Creativ Multimodel set cu 15 modele - Creative Builder 15 models Multimodel set - Roovi B2B","og_description":"Descoper\u0103 un set de construit interactiv \u0219i versatil ce permite realizarea a 15 modele diferite de ma\u0219ini \u0219i utilaje, perfect","og_url":"https:\/\/business.roovi.com\/fr\/constructorul-creativ-multimodel-set-cu-15-modele-creative-builder-15-models-multimodel-set\/p\/","og_site_name":"Roovi B2B","article_publisher":"https:\/\/www.facebook.com\/wwwjucariero","article_modified_time":"2024-09-12T06:24:46+00:00","og_image":[{"width":1200,"height":1200,"url":"https:\/\/business.roovi.com\/wp-content\/uploads\/2024\/09\/engino-1531-min.jpg","type":"image\/jpeg"}],"twitter_misc":{"Dur\u00e9e de lecture estim\u00e9e":"2 minutes"},"schema":{"@context":"https:\/\/schema.org","@graph":[{"@type":"WebPage","@id":"https:\/\/business.roovi.com\/fr\/constructorul-creativ-multimodel-set-cu-15-modele-creative-builder-15-models-multimodel-set\/p\/","url":"https:\/\/business.roovi.com\/fr\/constructorul-creativ-multimodel-set-cu-15-modele-creative-builder-15-models-multimodel-set\/p\/","name":"Constructorul Creativ Multimodel set cu 15 modele - Creative Builder 15 models Multimodel set - Roovi B2B","isPartOf":{"@id":"https:\/\/business.roovi.com\/fr\/#website"},"datePublished":"2024-09-09T09:28:33+00:00","dateModified":"2024-09-12T06:24:46+00:00","breadcrumb":{"@id":"https:\/\/business.roovi.com\/fr\/constructorul-creativ-multimodel-set-cu-15-modele-creative-builder-15-models-multimodel-set\/p\/#breadcrumb"},"inLanguage":"fr-FR","potentialAction":[{"@type":"ReadAction","target":["https:\/\/business.roovi.com\/fr\/constructorul-creativ-multimodel-set-cu-15-modele-creative-builder-15-models-multimodel-set\/p\/"]}]},{"@type":"BreadcrumbList","@id":"https:\/\/business.roovi.com\/fr\/constructorul-creativ-multimodel-set-cu-15-modele-creative-builder-15-models-multimodel-set\/p\/#breadcrumb","itemListElement":[{"@type":"ListItem","position":1,"name":"Home","item":"https:\/\/business.roovi.com\/fr\/"},{"@type":"ListItem","position":2,"name":"Boutique","item":"https:\/\/business.roovi.com\/fr\/boutique\/"},{"@type":"ListItem","position":3,"name":"Constructorul Creativ Multimodel set cu 15 modele &#8211; Creative Builder 15 models Multimodel set"}]},{"@type":"WebSite","@id":"https:\/\/business.roovi.com\/fr\/#website","url":"https:\/\/business.roovi.com\/fr\/","name":"Roovi B2B","description":"Roovi Business Website","potentialAction":[{"@type":"SearchAction","target":{"@type":"EntryPoint","urlTemplate":"https:\/\/business.roovi.com\/fr\/?s={search_term_string}"},"query-input":"required name=search_term_string"}],"inLanguage":"fr-FR"}]}},"_links":{"self":[{"href":"https:\/\/business.roovi.com\/fr\/wp-json\/wp\/v2\/product\/73461","targetHints":{"allow":["GET"]}}],"collection":[{"href":"https:\/\/business.roovi.com\/fr\/wp-json\/wp\/v2\/product"}],"about":[{"href":"https:\/\/business.roovi.com\/fr\/wp-json\/wp\/v2\/types\/product"}],"version-history":[{"count":0,"href":"https:\/\/business.roovi.com\/fr\/wp-json\/wp\/v2\/product\/73461\/revisions"}],"wp:featuredmedia":[{"embeddable":true,"href":"https:\/\/business.roovi.com\/fr\/wp-json\/wp\/v2\/media\/73313"}],"wp:attachment":[{"href":"https:\/\/business.roovi.com\/fr\/wp-json\/wp\/v2\/media?parent=73461"}],"wp:term":[{"taxonomy":"product_brand","embeddable":true,"href":"https:\/\/business.roovi.com\/fr\/wp-json\/wp\/v2\/product_brand?post=73461"},{"taxonomy":"product_cat","embeddable":true,"href":"https:\/\/business.roovi.com\/fr\/wp-json\/wp\/v2\/product_cat?post=73461"},{"taxonomy":"product_tag","embeddable":true,"href":"https:\/\/business.roovi.com\/fr\/wp-json\/wp\/v2\/product_tag?post=73461"}],"curies":[{"name":"wp","href":"https:\/\/api.w.org\/{rel}","templated":true}]}}