{"id":73578,"date":"2024-08-22T08:27:04","date_gmt":"2024-08-22T08:27:04","guid":{"rendered":"https:\/\/business.roovi.com\/autospeciala-cu-nacela-hidraulica-cu-127-piese-jucarie-interactiva-educativa-stem\/p\/"},"modified":"2024-09-12T06:54:18","modified_gmt":"2024-09-12T06:54:18","slug":"autospeciala-cu-nacela-hidraulica-cu-127-piese-jucarie-interactiva-educativa-stem","status":"publish","type":"product","link":"https:\/\/business.roovi.com\/fr\/autospeciala-cu-nacela-hidraulica-cu-127-piese-jucarie-interactiva-educativa-stem\/p\/","title":{"rendered":"Autospecial\u0103 cu nacel\u0103 hidraulic\u0103 cu 127 piese &#8211; Juc\u0103rie Interactiv\u0103 Educativ\u0103 STEM"},"content":{"rendered":"<p><strong>Autospeciala cu Nacel\u0103 Hidraulic\u0103 \u00eei poart\u0103 pe copii \u00een lumea fascinant\u0103 a \u0219tiin\u021bei \u0219i ingineriei. Cu cele 127 de piese incluse, aceast\u0103 juc\u0103rie DIY le permite micilor exploratori s\u0103 \u00een\u021beleag\u0103 \u0219i s\u0103 aplice principiile hidraulice, f\u0103r\u0103 a folosi motoare sau baterii.<\/strong><\/p>\n<p>Presiunea apei devine for\u021ba motrice, ajut\u00e2nd la controlul mi\u0219c\u0103rilor bra\u021bului mecanic \u0219i dezvolt\u00e2nd abilit\u0103\u021bile cognitive \u0219i curiozitatea copiilor. Conceput\u0103 pentru a fi atractiv\u0103 at\u00e2t pentru b\u0103ie\u021bi, c\u00e2t \u0219i pentru fete, autospeciala are o platform\u0103 rotativ\u0103 360\u00b0 \u0219i un design robust \u0219i realist.<\/p>\n<p><strong>Autospeciala cu Nacel\u0103 Hidraulic\u0103: un joc STEM fascinant pentru \u00eenv\u0103\u021bare prin joac\u0103<\/strong><br \/>\nJocurile STEM (acronimul de la: Science,\u00a0Technology, Engineering, Maths) pun accentul pe \u00eenv\u0103\u021bare al\u0103turi de distrac\u021bie \u0219i \u00eei ajut\u0103 pe copii s\u0103 se \u00eemprieteneasc\u0103 de la v\u00e2rste fragede cu \u0219tiin\u021ba. Autospeciala cu Nacel\u0103 Hidraulic\u0103 \u00eentrune\u0219te cele mai \u00eenalte standarde de calitate \u0219i siguran\u021b\u0103, precum \u0219i toate caracteristicile fascinantelor jocuri STEM:<\/p>\n<ul>\n<li>Stimuleaz\u0103 \u0219i sus\u021bine dezvoltarea g\u00e2ndirii logice \u0219i strategice.<\/li>\n<li>Dezvolt\u0103 imagina\u021bia \u0219i g\u00e2ndirea creativ\u0103.<\/li>\n<li>\u00cembun\u0103t\u0103\u021be\u0219te capacitatea de concentrare, precum \u0219i coordonarea.<\/li>\n<li>Stimuleaz\u0103 comunicarea, dezvoltarea abilit\u0103\u021bilor sociale \u0219i lucrul \u00een echip\u0103.<\/li>\n<li>\u00cei ajut\u0103 pe copii s\u0103 se familiarizeze cu concepte \u0219i no\u021biuni noi din domenii precum fizica, matematica sau construc\u021biile, favoriz\u00e2nd totodat\u0103 dezvoltarea vocabularului.<\/li>\n<li>\u00cen plus, poate fi prilejul perfect de a te conecta cu copilul t\u0103u \u0219i de a v\u0103 distra \u00eempreun\u0103 de minune.<\/li>\n<\/ul>\n<p><strong>Autospeciala cu Nacel\u0103 Hidraulic\u0103 &#8211; Caracteristici \u0219i func\u021bionalit\u0103\u021bi principale:<\/strong><\/p>\n<ul>\n<li><strong>Con\u021bine 127 de piese.<\/strong> Acestea sunt u\u0219or de asamblat, iar fiecare pies\u0103 contribuie la construc\u021bia unei nacele robuste ce imit\u0103 perfect utilajul real.<\/li>\n<li><strong>Sisteme hidraulice.<\/strong> Utilizeaz\u0103 presiunea apei pentru a ac\u021biona nacela \u0219i alte componente mobile.<\/li>\n<li><strong>Platform\u0103 rotativ\u0103 360\u00b0.<\/strong> Permite mi\u0219carea nacelei \u00een ambele direc\u021bii pentru o experien\u021b\u0103 de joc incredibil\u0103 \u0219i realist\u0103.<\/li>\n<li><strong>Dezvolt\u0103 g\u00e2ndirea logic\u0103 \u0219i coordonarea m\u00e2n\u0103-ochi.<\/strong> Activit\u0103\u021bile de asamblare \u0219i jocurile de construc\u021bie ajut\u0103 la dezvoltarea abilit\u0103\u021bilor cognitive ale copiilor.<\/li>\n<li><strong>Materiale de calitate superioar\u0103<\/strong>, sigure pentru s\u0103n\u0103tatea copiilor.<\/li>\n<\/ul>\n<p><strong>Avertisment:<\/strong> Juc\u0103ria nu este recomandat\u0103 copiilor sub 3 ani. Con\u021bine piese mici ce pot fi \u00eenghi\u021bite.<\/p>\n<p><strong>Ai aflat? \u00cen oferta D-Toys sunt disponibile acum alte dou\u0103 jocuri STEM interactive \u0219i educative: <a href=\"https:\/\/www.dtoys.ro\/buldozer-hidraulic-cu-127-piese-jucarie-interactiva-educativa-stem\/p\/\">Buldozerul Hidraulic<\/a> \u0219i <a href=\"https:\/\/www.dtoys.ro\/excavator-hidraulic-cu-130-piese-jucarie-interactiva-educativa-stem\/p\/\">Excavatorul Hidraulic<\/a>. Pune produsele \u00een co\u0219ul de cump\u0103r\u0103turi \u0219i ofer\u0103-i copilului t\u0103u momente magice de \u00eenv\u0103\u021bare prin joac\u0103!<\/strong><\/p>\n","protected":false},"excerpt":{"rendered":"<p>Autospeciala cu Nacel\u0103 Hidraulic\u0103 \u00eei poart\u0103 pe copii \u00een lumea fascinant\u0103 a \u0219tiin\u021bei \u0219i ingineriei. Cu cele 127 de piese<\/p>\n","protected":false},"featured_media":72893,"template":"","meta":[],"product_brand":[],"product_cat":[2604,2363],"product_tag":[],"class_list":{"0":"post-73578","1":"product","2":"type-product","3":"status-publish","4":"has-post-thumbnail","6":"product_cat-alte-jucarii-si-jocuri-fr","7":"product_cat-vehicules-et-accessoires","8":"pa_filter_age-14-fr","9":"pa_filter_age-7_9-fr","10":"pa_filter_age-9_14-fr","12":"first","13":"instock","14":"taxable","15":"shipping-taxable","16":"product-type-simple"},"yoast_head":"<!-- This site is optimized with the Yoast SEO plugin v20.1 - https:\/\/yoast.com\/wordpress\/plugins\/seo\/ -->\n<title>Autospecial\u0103 cu nacel\u0103 hidraulic\u0103 cu 127 piese - Juc\u0103rie Interactiv\u0103 Educativ\u0103 STEM - Roovi B2B<\/title>\n<meta name=\"robots\" content=\"index, follow, max-snippet:-1, max-image-preview:large, max-video-preview:-1\" \/>\n<link rel=\"canonical\" href=\"https:\/\/business.roovi.com\/fr\/autospeciala-cu-nacela-hidraulica-cu-127-piese-jucarie-interactiva-educativa-stem\/p\/\" \/>\n<meta property=\"og:locale\" content=\"fr_FR\" \/>\n<meta property=\"og:type\" content=\"article\" \/>\n<meta property=\"og:title\" content=\"Autospecial\u0103 cu nacel\u0103 hidraulic\u0103 cu 127 piese - Juc\u0103rie Interactiv\u0103 Educativ\u0103 STEM - Roovi B2B\" \/>\n<meta property=\"og:description\" content=\"Autospeciala cu Nacel\u0103 Hidraulic\u0103 \u00eei poart\u0103 pe copii \u00een lumea fascinant\u0103 a \u0219tiin\u021bei \u0219i ingineriei. Cu cele 127 de piese\" \/>\n<meta property=\"og:url\" content=\"https:\/\/business.roovi.com\/fr\/autospeciala-cu-nacela-hidraulica-cu-127-piese-jucarie-interactiva-educativa-stem\/p\/\" \/>\n<meta property=\"og:site_name\" content=\"Roovi B2B\" \/>\n<meta property=\"article:publisher\" content=\"https:\/\/www.facebook.com\/wwwjucariero\" \/>\n<meta property=\"article:modified_time\" content=\"2024-09-12T06:54:18+00:00\" \/>\n<meta property=\"og:image\" content=\"https:\/\/business.roovi.com\/wp-content\/uploads\/2024\/08\/Autospeciala-cu-nacela-hidraulica_81032-min-1.jpg\" \/>\n\t<meta property=\"og:image:width\" content=\"1200\" \/>\n\t<meta property=\"og:image:height\" content=\"1200\" \/>\n\t<meta property=\"og:image:type\" content=\"image\/jpeg\" \/>\n<meta name=\"twitter:label1\" content=\"Dur\u00e9e de lecture estim\u00e9e\" \/>\n\t<meta name=\"twitter:data1\" content=\"2 minutes\" \/>\n<script type=\"application\/ld+json\" class=\"yoast-schema-graph\">{\"@context\":\"https:\/\/schema.org\",\"@graph\":[{\"@type\":\"WebPage\",\"@id\":\"https:\/\/business.roovi.com\/fr\/autospeciala-cu-nacela-hidraulica-cu-127-piese-jucarie-interactiva-educativa-stem\/p\/\",\"url\":\"https:\/\/business.roovi.com\/fr\/autospeciala-cu-nacela-hidraulica-cu-127-piese-jucarie-interactiva-educativa-stem\/p\/\",\"name\":\"Autospecial\u0103 cu nacel\u0103 hidraulic\u0103 cu 127 piese - Juc\u0103rie Interactiv\u0103 Educativ\u0103 STEM - Roovi B2B\",\"isPartOf\":{\"@id\":\"https:\/\/business.roovi.com\/fr\/#website\"},\"datePublished\":\"2024-08-22T08:27:04+00:00\",\"dateModified\":\"2024-09-12T06:54:18+00:00\",\"breadcrumb\":{\"@id\":\"https:\/\/business.roovi.com\/fr\/autospeciala-cu-nacela-hidraulica-cu-127-piese-jucarie-interactiva-educativa-stem\/p\/#breadcrumb\"},\"inLanguage\":\"fr-FR\",\"potentialAction\":[{\"@type\":\"ReadAction\",\"target\":[\"https:\/\/business.roovi.com\/fr\/autospeciala-cu-nacela-hidraulica-cu-127-piese-jucarie-interactiva-educativa-stem\/p\/\"]}]},{\"@type\":\"BreadcrumbList\",\"@id\":\"https:\/\/business.roovi.com\/fr\/autospeciala-cu-nacela-hidraulica-cu-127-piese-jucarie-interactiva-educativa-stem\/p\/#breadcrumb\",\"itemListElement\":[{\"@type\":\"ListItem\",\"position\":1,\"name\":\"Home\",\"item\":\"https:\/\/business.roovi.com\/fr\/\"},{\"@type\":\"ListItem\",\"position\":2,\"name\":\"Boutique\",\"item\":\"https:\/\/business.roovi.com\/fr\/boutique\/\"},{\"@type\":\"ListItem\",\"position\":3,\"name\":\"Autospecial\u0103 cu nacel\u0103 hidraulic\u0103 cu 127 piese &#8211; Juc\u0103rie Interactiv\u0103 Educativ\u0103 STEM\"}]},{\"@type\":\"WebSite\",\"@id\":\"https:\/\/business.roovi.com\/fr\/#website\",\"url\":\"https:\/\/business.roovi.com\/fr\/\",\"name\":\"Roovi B2B\",\"description\":\"Roovi Business Website\",\"potentialAction\":[{\"@type\":\"SearchAction\",\"target\":{\"@type\":\"EntryPoint\",\"urlTemplate\":\"https:\/\/business.roovi.com\/fr\/?s={search_term_string}\"},\"query-input\":\"required name=search_term_string\"}],\"inLanguage\":\"fr-FR\"}]}<\/script>\n<!-- \/ Yoast SEO plugin. -->","yoast_head_json":{"title":"Autospecial\u0103 cu nacel\u0103 hidraulic\u0103 cu 127 piese - Juc\u0103rie Interactiv\u0103 Educativ\u0103 STEM - Roovi B2B","robots":{"index":"index","follow":"follow","max-snippet":"max-snippet:-1","max-image-preview":"max-image-preview:large","max-video-preview":"max-video-preview:-1"},"canonical":"https:\/\/business.roovi.com\/fr\/autospeciala-cu-nacela-hidraulica-cu-127-piese-jucarie-interactiva-educativa-stem\/p\/","og_locale":"fr_FR","og_type":"article","og_title":"Autospecial\u0103 cu nacel\u0103 hidraulic\u0103 cu 127 piese - Juc\u0103rie Interactiv\u0103 Educativ\u0103 STEM - Roovi B2B","og_description":"Autospeciala cu Nacel\u0103 Hidraulic\u0103 \u00eei poart\u0103 pe copii \u00een lumea fascinant\u0103 a \u0219tiin\u021bei \u0219i ingineriei. Cu cele 127 de piese","og_url":"https:\/\/business.roovi.com\/fr\/autospeciala-cu-nacela-hidraulica-cu-127-piese-jucarie-interactiva-educativa-stem\/p\/","og_site_name":"Roovi B2B","article_publisher":"https:\/\/www.facebook.com\/wwwjucariero","article_modified_time":"2024-09-12T06:54:18+00:00","og_image":[{"width":1200,"height":1200,"url":"https:\/\/business.roovi.com\/wp-content\/uploads\/2024\/08\/Autospeciala-cu-nacela-hidraulica_81032-min-1.jpg","type":"image\/jpeg"}],"twitter_misc":{"Dur\u00e9e de lecture estim\u00e9e":"2 minutes"},"schema":{"@context":"https:\/\/schema.org","@graph":[{"@type":"WebPage","@id":"https:\/\/business.roovi.com\/fr\/autospeciala-cu-nacela-hidraulica-cu-127-piese-jucarie-interactiva-educativa-stem\/p\/","url":"https:\/\/business.roovi.com\/fr\/autospeciala-cu-nacela-hidraulica-cu-127-piese-jucarie-interactiva-educativa-stem\/p\/","name":"Autospecial\u0103 cu nacel\u0103 hidraulic\u0103 cu 127 piese - Juc\u0103rie Interactiv\u0103 Educativ\u0103 STEM - Roovi B2B","isPartOf":{"@id":"https:\/\/business.roovi.com\/fr\/#website"},"datePublished":"2024-08-22T08:27:04+00:00","dateModified":"2024-09-12T06:54:18+00:00","breadcrumb":{"@id":"https:\/\/business.roovi.com\/fr\/autospeciala-cu-nacela-hidraulica-cu-127-piese-jucarie-interactiva-educativa-stem\/p\/#breadcrumb"},"inLanguage":"fr-FR","potentialAction":[{"@type":"ReadAction","target":["https:\/\/business.roovi.com\/fr\/autospeciala-cu-nacela-hidraulica-cu-127-piese-jucarie-interactiva-educativa-stem\/p\/"]}]},{"@type":"BreadcrumbList","@id":"https:\/\/business.roovi.com\/fr\/autospeciala-cu-nacela-hidraulica-cu-127-piese-jucarie-interactiva-educativa-stem\/p\/#breadcrumb","itemListElement":[{"@type":"ListItem","position":1,"name":"Home","item":"https:\/\/business.roovi.com\/fr\/"},{"@type":"ListItem","position":2,"name":"Boutique","item":"https:\/\/business.roovi.com\/fr\/boutique\/"},{"@type":"ListItem","position":3,"name":"Autospecial\u0103 cu nacel\u0103 hidraulic\u0103 cu 127 piese &#8211; Juc\u0103rie Interactiv\u0103 Educativ\u0103 STEM"}]},{"@type":"WebSite","@id":"https:\/\/business.roovi.com\/fr\/#website","url":"https:\/\/business.roovi.com\/fr\/","name":"Roovi B2B","description":"Roovi Business Website","potentialAction":[{"@type":"SearchAction","target":{"@type":"EntryPoint","urlTemplate":"https:\/\/business.roovi.com\/fr\/?s={search_term_string}"},"query-input":"required name=search_term_string"}],"inLanguage":"fr-FR"}]}},"_links":{"self":[{"href":"https:\/\/business.roovi.com\/fr\/wp-json\/wp\/v2\/product\/73578","targetHints":{"allow":["GET"]}}],"collection":[{"href":"https:\/\/business.roovi.com\/fr\/wp-json\/wp\/v2\/product"}],"about":[{"href":"https:\/\/business.roovi.com\/fr\/wp-json\/wp\/v2\/types\/product"}],"version-history":[{"count":0,"href":"https:\/\/business.roovi.com\/fr\/wp-json\/wp\/v2\/product\/73578\/revisions"}],"wp:featuredmedia":[{"embeddable":true,"href":"https:\/\/business.roovi.com\/fr\/wp-json\/wp\/v2\/media\/72893"}],"wp:attachment":[{"href":"https:\/\/business.roovi.com\/fr\/wp-json\/wp\/v2\/media?parent=73578"}],"wp:term":[{"taxonomy":"product_brand","embeddable":true,"href":"https:\/\/business.roovi.com\/fr\/wp-json\/wp\/v2\/product_brand?post=73578"},{"taxonomy":"product_cat","embeddable":true,"href":"https:\/\/business.roovi.com\/fr\/wp-json\/wp\/v2\/product_cat?post=73578"},{"taxonomy":"product_tag","embeddable":true,"href":"https:\/\/business.roovi.com\/fr\/wp-json\/wp\/v2\/product_tag?post=73578"}],"curies":[{"name":"wp","href":"https:\/\/api.w.org\/{rel}","templated":true}]}}