{"id":38821,"date":"2022-02-24T16:45:52","date_gmt":"2022-02-24T16:45:52","guid":{"rendered":"https:\/\/business.roovi.com\/politica-confidentialitate\/"},"modified":"2022-07-13T16:26:38","modified_gmt":"2022-07-13T16:26:38","slug":"adatvedelmi-iranyelvek","status":"publish","type":"page","link":"https:\/\/business.roovi.com\/hu\/adatvedelmi-iranyelvek\/","title":{"rendered":"Adatv\u00e9delmi ir\u00e1nyelvek"},"content":{"rendered":"\n<p>A jelen Szerz\u0151d\u00e9sben a &#8222;Bizalmas inform\u00e1ci\u00f3&#8221; kifejez\u00e9s minden olyan inform\u00e1ci\u00f3t jelent, amelyet a Felek a Szerz\u0151d\u00e9s szerinti Szolg\u00e1ltat\u00e1sok ny\u00fajt\u00e1sa c\u00e9lj\u00e1b\u00f3l, annak eredm\u00e9nyek\u00e9nt vagy azzal \u00f6sszef\u00fcgg\u00e9sben kaptak \u00e9s\/vagy fedeztek fel, bele\u00e9rtve, de nem kiz\u00e1r\u00f3lagosan, a marketingterveket, term\u00e9k- \u00e9s\/vagy szolg\u00e1ltat\u00e1sbevezet\u00e9seket, prom\u00f3ci\u00f3s strat\u00e9gi\u00e1kat \u00e9s egy\u00e9b olyan inform\u00e1ci\u00f3kat, amelyek a Szolg\u00e1ltat\u00f3 \u00e9s\/vagy a C\u00edmzett \u00fczleti tev\u00e9kenys\u00e9g\u00e9vel \u00e9s\/vagy a jelen Szerz\u0151d\u00e9s felt\u00e9teleivel kapcsolatosak, \u00e9s amelyek nem nyilv\u00e1nosak.&nbsp;<\/p>\n\n\n\n<p>Mindk\u00e9t f\u00e9l v\u00e1llalja, hogy a bizalmas inform\u00e1ci\u00f3kat csak a jelen meg\u00e1llapod\u00e1s teljes\u00edt\u00e9se c\u00e9lj\u00e1b\u00f3l haszn\u00e1lja fel, \u00e9s minden bizalmas inform\u00e1ci\u00f3t bizalmasan kezel, \u00e9s a bizalmas inform\u00e1ci\u00f3k b\u00e1rmelyik\u00e9t vagy azok b\u00e1rmely r\u00e9sz\u00e9t nem adja \u00e1t harmadik f\u00e9lnek, kiv\u00e9ve az e meg\u00e1llapod\u00e1sban megengedett m\u00f3don. A titoktart\u00e1si rendelkez\u00e9sek a meg\u00e1llapod\u00e1s megsz\u0171n\u00e9se ut\u00e1n is hat\u00e1lyban maradnak, \u00e9s a meg\u00e1llapod\u00e1s megsz\u0171n\u00e9s\u00e9t k\u00f6vet\u0151 5 \u00e9vig teljes m\u00e9rt\u00e9kben hat\u00e1lyban maradnak.&nbsp;<\/p>\n","protected":false},"excerpt":{"rendered":"<p>A jelen Szerz\u0151d\u00e9sben a &#8222;Bizalmas inform\u00e1ci\u00f3&#8221; kifejez\u00e9s minden olyan inform\u00e1ci\u00f3t jelent, amelyet a Felek a Szerz\u0151d\u00e9s szerinti Szolg\u00e1ltat\u00e1sok ny\u00fajt\u00e1sa c\u00e9lj\u00e1b\u00f3l,<\/p>\n","protected":false},"author":1,"featured_media":0,"parent":0,"menu_order":0,"comment_status":"closed","ping_status":"closed","template":"","meta":{"footnotes":""},"class_list":["post-38821","page","type-page","status-publish","hentry"],"yoast_head":"<!-- This site is optimized with the Yoast SEO plugin v20.1 - https:\/\/yoast.com\/wordpress\/plugins\/seo\/ -->\n<title>Adatv\u00e9delmi ir\u00e1nyelvek - Roovi B2B<\/title>\n<meta name=\"robots\" content=\"index, follow, max-snippet:-1, max-image-preview:large, max-video-preview:-1\" \/>\n<link rel=\"canonical\" href=\"https:\/\/business.roovi.com\/hu\/adatvedelmi-iranyelvek\/\" \/>\n<meta property=\"og:locale\" content=\"hu_HU\" \/>\n<meta property=\"og:type\" content=\"article\" \/>\n<meta property=\"og:title\" content=\"Adatv\u00e9delmi ir\u00e1nyelvek - Roovi B2B\" \/>\n<meta property=\"og:description\" content=\"A jelen Szerz\u0151d\u00e9sben a &#8222;Bizalmas inform\u00e1ci\u00f3&#8221; kifejez\u00e9s minden olyan inform\u00e1ci\u00f3t jelent, amelyet a Felek a Szerz\u0151d\u00e9s szerinti Szolg\u00e1ltat\u00e1sok ny\u00fajt\u00e1sa c\u00e9lj\u00e1b\u00f3l,\" \/>\n<meta property=\"og:url\" content=\"https:\/\/business.roovi.com\/hu\/adatvedelmi-iranyelvek\/\" \/>\n<meta property=\"og:site_name\" content=\"Roovi B2B\" \/>\n<meta property=\"article:publisher\" content=\"https:\/\/www.facebook.com\/wwwjucariero\" \/>\n<meta property=\"article:modified_time\" content=\"2022-07-13T16:26:38+00:00\" \/>\n<meta name=\"twitter:label1\" content=\"Becs\u00fclt olvas\u00e1si id\u0151\" \/>\n\t<meta name=\"twitter:data1\" content=\"1 perc\" \/>\n<script type=\"application\/ld+json\" class=\"yoast-schema-graph\">{\"@context\":\"https:\/\/schema.org\",\"@graph\":[{\"@type\":\"WebPage\",\"@id\":\"https:\/\/business.roovi.com\/hu\/adatvedelmi-iranyelvek\/\",\"url\":\"https:\/\/business.roovi.com\/hu\/adatvedelmi-iranyelvek\/\",\"name\":\"Adatv\u00e9delmi ir\u00e1nyelvek - Roovi B2B\",\"isPartOf\":{\"@id\":\"https:\/\/business.roovi.com\/hu\/#website\"},\"datePublished\":\"2022-02-24T16:45:52+00:00\",\"dateModified\":\"2022-07-13T16:26:38+00:00\",\"breadcrumb\":{\"@id\":\"https:\/\/business.roovi.com\/hu\/adatvedelmi-iranyelvek\/#breadcrumb\"},\"inLanguage\":\"hu\",\"potentialAction\":[{\"@type\":\"ReadAction\",\"target\":[\"https:\/\/business.roovi.com\/hu\/adatvedelmi-iranyelvek\/\"]}]},{\"@type\":\"BreadcrumbList\",\"@id\":\"https:\/\/business.roovi.com\/hu\/adatvedelmi-iranyelvek\/#breadcrumb\",\"itemListElement\":[{\"@type\":\"ListItem\",\"position\":1,\"name\":\"Home\",\"item\":\"https:\/\/business.roovi.com\/hu\/\"},{\"@type\":\"ListItem\",\"position\":2,\"name\":\"Adatv\u00e9delmi ir\u00e1nyelvek\"}]},{\"@type\":\"WebSite\",\"@id\":\"https:\/\/business.roovi.com\/hu\/#website\",\"url\":\"https:\/\/business.roovi.com\/hu\/\",\"name\":\"Roovi B2B\",\"description\":\"Roovi Business Website\",\"potentialAction\":[{\"@type\":\"SearchAction\",\"target\":{\"@type\":\"EntryPoint\",\"urlTemplate\":\"https:\/\/business.roovi.com\/hu\/?s={search_term_string}\"},\"query-input\":\"required name=search_term_string\"}],\"inLanguage\":\"hu\"}]}<\/script>\n<!-- \/ Yoast SEO plugin. -->","yoast_head_json":{"title":"Adatv\u00e9delmi ir\u00e1nyelvek - Roovi B2B","robots":{"index":"index","follow":"follow","max-snippet":"max-snippet:-1","max-image-preview":"max-image-preview:large","max-video-preview":"max-video-preview:-1"},"canonical":"https:\/\/business.roovi.com\/hu\/adatvedelmi-iranyelvek\/","og_locale":"hu_HU","og_type":"article","og_title":"Adatv\u00e9delmi ir\u00e1nyelvek - Roovi B2B","og_description":"A jelen Szerz\u0151d\u00e9sben a &#8222;Bizalmas inform\u00e1ci\u00f3&#8221; kifejez\u00e9s minden olyan inform\u00e1ci\u00f3t jelent, amelyet a Felek a Szerz\u0151d\u00e9s szerinti Szolg\u00e1ltat\u00e1sok ny\u00fajt\u00e1sa c\u00e9lj\u00e1b\u00f3l,","og_url":"https:\/\/business.roovi.com\/hu\/adatvedelmi-iranyelvek\/","og_site_name":"Roovi B2B","article_publisher":"https:\/\/www.facebook.com\/wwwjucariero","article_modified_time":"2022-07-13T16:26:38+00:00","twitter_misc":{"Becs\u00fclt olvas\u00e1si id\u0151":"1 perc"},"schema":{"@context":"https:\/\/schema.org","@graph":[{"@type":"WebPage","@id":"https:\/\/business.roovi.com\/hu\/adatvedelmi-iranyelvek\/","url":"https:\/\/business.roovi.com\/hu\/adatvedelmi-iranyelvek\/","name":"Adatv\u00e9delmi ir\u00e1nyelvek - Roovi B2B","isPartOf":{"@id":"https:\/\/business.roovi.com\/hu\/#website"},"datePublished":"2022-02-24T16:45:52+00:00","dateModified":"2022-07-13T16:26:38+00:00","breadcrumb":{"@id":"https:\/\/business.roovi.com\/hu\/adatvedelmi-iranyelvek\/#breadcrumb"},"inLanguage":"hu","potentialAction":[{"@type":"ReadAction","target":["https:\/\/business.roovi.com\/hu\/adatvedelmi-iranyelvek\/"]}]},{"@type":"BreadcrumbList","@id":"https:\/\/business.roovi.com\/hu\/adatvedelmi-iranyelvek\/#breadcrumb","itemListElement":[{"@type":"ListItem","position":1,"name":"Home","item":"https:\/\/business.roovi.com\/hu\/"},{"@type":"ListItem","position":2,"name":"Adatv\u00e9delmi ir\u00e1nyelvek"}]},{"@type":"WebSite","@id":"https:\/\/business.roovi.com\/hu\/#website","url":"https:\/\/business.roovi.com\/hu\/","name":"Roovi B2B","description":"Roovi Business Website","potentialAction":[{"@type":"SearchAction","target":{"@type":"EntryPoint","urlTemplate":"https:\/\/business.roovi.com\/hu\/?s={search_term_string}"},"query-input":"required name=search_term_string"}],"inLanguage":"hu"}]}},"_links":{"self":[{"href":"https:\/\/business.roovi.com\/hu\/wp-json\/wp\/v2\/pages\/38821","targetHints":{"allow":["GET"]}}],"collection":[{"href":"https:\/\/business.roovi.com\/hu\/wp-json\/wp\/v2\/pages"}],"about":[{"href":"https:\/\/business.roovi.com\/hu\/wp-json\/wp\/v2\/types\/page"}],"author":[{"embeddable":true,"href":"https:\/\/business.roovi.com\/hu\/wp-json\/wp\/v2\/users\/1"}],"replies":[{"embeddable":true,"href":"https:\/\/business.roovi.com\/hu\/wp-json\/wp\/v2\/comments?post=38821"}],"version-history":[{"count":0,"href":"https:\/\/business.roovi.com\/hu\/wp-json\/wp\/v2\/pages\/38821\/revisions"}],"wp:attachment":[{"href":"https:\/\/business.roovi.com\/hu\/wp-json\/wp\/v2\/media?parent=38821"}],"curies":[{"name":"wp","href":"https:\/\/api.w.org\/{rel}","templated":true}]}}