{"id":38839,"date":"2022-03-04T17:13:08","date_gmt":"2022-03-04T17:13:08","guid":{"rendered":"https:\/\/business.roovi.com\/sammelbestellung\/"},"modified":"2022-07-13T19:30:11","modified_gmt":"2022-07-13T19:30:11","slug":"tomeges-rendeles","status":"publish","type":"page","link":"https:\/\/business.roovi.com\/hu\/tomeges-rendeles\/","title":{"rendered":"T\u00f6meges rendel\u00e9s"},"content":{"rendered":"\n<div class=\"woocommerce\"><\/div><table id=\"wcpt_3876df475c6158c1_1\" class=\"wc-product-table woocommerce\" width=\"100%\" data-config=\"{&quot;pageLength&quot;:50,&quot;pagingType&quot;:&quot;numbers&quot;,&quot;serverSide&quot;:true,&quot;autoWidth&quot;:true,&quot;clickFilter&quot;:true,&quot;scrollOffset&quot;:15,&quot;resetButton&quot;:true,&quot;multiAddToCart&quot;:true,&quot;multiCartLocation&quot;:&quot;both&quot;,&quot;variations&quot;:&quot;dropdown&quot;,&quot;ajaxCart&quot;:true,&quot;lengthMenu&quot;:[[10,25,50,100,-1],[10,25,50,100,&quot;Minden&quot;]],&quot;columnDefs&quot;:[{&quot;className&quot;:&quot;col-image&quot;,&quot;targets&quot;:0},{&quot;className&quot;:&quot;col-sku&quot;,&quot;targets&quot;:1,&quot;type&quot;:&quot;html&quot;},{&quot;className&quot;:&quot;col-name&quot;,&quot;targets&quot;:2},{&quot;className&quot;:&quot;col-summary col-short-description&quot;,&quot;targets&quot;:3},{&quot;className&quot;:&quot;col-price&quot;,&quot;targets&quot;:4},{&quot;className&quot;:&quot;col-buy col-add-to-cart&quot;,&quot;targets&quot;:5}],&quot;responsive&quot;:{&quot;details&quot;:{&quot;display&quot;:&quot;child_row&quot;}},&quot;search&quot;:{&quot;search&quot;:&quot;&quot;},&quot;dom&quot;:&quot;&lt;\\&quot;wc-product-table-wrapper woodmart\\&quot;&lt;\\&quot;wc-product-table-controls wc-product-table-above\\&quot;f&gt;t&lt;\\&quot;wc-product-table-controls wc-product-table-below\\&quot;lip&gt;&gt;&quot;}\" data-filters=\"{&quot;product_cat&quot;:{&quot;column&quot;:&quot;categories&quot;,&quot;heading&quot;:&quot;Kateg\\u00f3ria&quot;,&quot;terms&quot;:[{&quot;name&quot;:&quot;Alte juc\\u0103rii \\u0219i jocuri&quot;,&quot;slug&quot;:&quot;alte-jucarii-si-jocuri-hu&quot;},{&quot;name&quot;:&quot;Engino&quot;,&quot;slug&quot;:&quot;engino-hu&quot;},{&quot;name&quot;:&quot;Export&quot;,&quot;slug&quot;:&quot;export-hu&quot;},{&quot;name&quot;:&quot;F\\u00e1b\\u00f3l k\\u00e9sz\\u00fclt j\\u00e1t\\u00e9kok&quot;,&quot;slug&quot;:&quot;fabol-keszult-jatekok&quot;},{&quot;name&quot;:&quot;Jocuri de Logic\\u0103&quot;,&quot;slug&quot;:&quot;jocuri-de-logica-alte-jucarii-si-jocuri-hu&quot;},{&quot;name&quot;:&quot;Jocuri Rubik&amp;#8217;s&quot;,&quot;slug&quot;:&quot;jocuri-rubiks-hu&quot;},{&quot;name&quot;:&quot;Kirak\\u00f3s j\\u00e1t\\u00e9kok&quot;,&quot;slug&quot;:&quot;kirakos-jatekok&quot;,&quot;children&quot;:[{&quot;name&quot;:&quot;Feln\\u0151tt kirak\\u00f3s j\\u00e1t\\u00e9kok&quot;,&quot;slug&quot;:&quot;felnott-kirakos-jatekok&quot;,&quot;children&quot;:[{&quot;name&quot;:&quot;1000 darabos kirak\\u00f3s j\\u00e1t\\u00e9k&quot;,&quot;slug&quot;:&quot;1000-darabos-kirakos-jatek&quot;},{&quot;name&quot;:&quot;2000 darabos kirak\\u00f3s j\\u00e1t\\u00e9k&quot;,&quot;slug&quot;:&quot;2000-darabos-kirakos-jatek&quot;},{&quot;name&quot;:&quot;500 darabos kirak\\u00f3s j\\u00e1t\\u00e9k&quot;,&quot;slug&quot;:&quot;500-darabos-kirakos-jatek&quot;},{&quot;name&quot;:&quot;Feln\\u0151tt k\\u00fcl\\u00f6nleges rejtv\\u00e9nyek&quot;,&quot;slug&quot;:&quot;felnott-kulonleges-rejtvenyek&quot;}]},{&quot;name&quot;:&quot;Gyermek rejtv\\u00e9nyek&quot;,&quot;slug&quot;:&quot;gyermek-rejtvenyek&quot;,&quot;children&quot;:[{&quot;name&quot;:&quot;50-100 darabos kirak\\u00f3k&quot;,&quot;slug&quot;:&quot;50-100-darabos-kirakok&quot;},{&quot;name&quot;:&quot;Kirak\\u00f3s j\\u00e1t\\u00e9k&quot;,&quot;slug&quot;:&quot;kirakos-jatek&quot;},{&quot;name&quot;:&quot;Kirak\\u00f3s j\\u00e1t\\u00e9k kieg\\u00e9sz\\u00edt\\u0151k&quot;,&quot;slug&quot;:&quot;kirakos-jatek-kiegeszitok&quot;},{&quot;name&quot;:&quot;Kirak\\u00f3s j\\u00e1t\\u00e9k kisbab\\u00e1knak&quot;,&quot;slug&quot;:&quot;kirakos-jatek-kisbabaknak&quot;}]},{&quot;name&quot;:&quot;Puzzle kieg\\u00e9sz\\u00edt\\u0151k&quot;,&quot;slug&quot;:&quot;puzzle-kiegeszitok&quot;}]},{&quot;name&quot;:&quot;Kreat\\u00edv j\\u00e1t\\u00e9kok&quot;,&quot;slug&quot;:&quot;kreativ-jatekok&quot;,&quot;children&quot;:[{&quot;name&quot;:&quot;Gyermekek a konyh\\u00e1ban&quot;,&quot;slug&quot;:&quot;gyermekek-a-konyhaban&quot;},{&quot;name&quot;:&quot;Kreat\\u00edv k\\u00e9szletek&quot;,&quot;slug&quot;:&quot;kreativ-keszletek&quot;},{&quot;name&quot;:&quot;Modellez\\u0151 hab \\u00e9s j\\u00e1t\\u00e9kgyurma&quot;,&quot;slug&quot;:&quot;modellezo-hab-es-jatekgyurma&quot;},{&quot;name&quot;:&quot;Projektorok&quot;,&quot;slug&quot;:&quot;projektorok&quot;},{&quot;name&quot;:&quot;Rajzol\\u00e1s, fest\\u00e9s, sz\\u00ednez\\u00e9s&quot;,&quot;slug&quot;:&quot;rajzolas-festes-szinezes&quot;},{&quot;name&quot;:&quot;Sz\\u00ednes gy\\u00f6ngy\\u00f6k&quot;,&quot;slug&quot;:&quot;szines-gyongyok&quot;},{&quot;name&quot;:&quot;Sz\\u00f6v\\u00e9s, Varr\\u00e1s&quot;,&quot;slug&quot;:&quot;szoves-varras&quot;}]},{&quot;name&quot;:&quot;Nout\\u0103\\u021bi&quot;,&quot;slug&quot;:&quot;noutati-hu&quot;},{&quot;name&quot;:&quot;Oktat\\u00e1si \\u00e9s tudom\\u00e1nyos j\\u00e1t\\u00e9kok&quot;,&quot;slug&quot;:&quot;oktatasi-es-tudomanyos-jatekok&quot;,&quot;children&quot;:[{&quot;name&quot;:&quot;Edukat\\u00edv j\\u00e1t\\u00e9kok&quot;,&quot;slug&quot;:&quot;edukativ-jatekok&quot;},{&quot;name&quot;:&quot;Edukat\\u00edv k\\u00f6nyvek&quot;,&quot;slug&quot;:&quot;edukativ-konyvek&quot;},{&quot;name&quot;:&quot;Kock\\u00e1k&quot;,&quot;slug&quot;:&quot;kockak&quot;},{&quot;name&quot;:&quot;Tudom\\u00e1nyos j\\u00e1t\\u00e9kok&quot;,&quot;slug&quot;:&quot;tudomanyos-jatekok&quot;},{&quot;name&quot;:&quot;\\u00dcgyess\\u00e9gi j\\u00e1t\\u00e9kok&quot;,&quot;slug&quot;:&quot;ugyessegi-jatekok-hu&quot;}]},{&quot;name&quot;:&quot;Rom\\u00e1n j\\u00e1t\\u00e9kok&quot;,&quot;slug&quot;:&quot;roman-jatekok&quot;},{&quot;name&quot;:&quot;T\\u00e1rsasj\\u00e1t\\u00e9kok&quot;,&quot;slug&quot;:&quot;tarsasjatekok&quot;,&quot;children&quot;:[{&quot;name&quot;:&quot;Csal\\u00e1di j\\u00e1t\\u00e9kok&quot;,&quot;slug&quot;:&quot;csaladi-jatekok&quot;},{&quot;name&quot;:&quot;Edukat\\u00edv \\u00e9s kv\\u00edzj\\u00e1t\\u00e9kok&quot;,&quot;slug&quot;:&quot;edukativ-es-kvizjatekok&quot;},{&quot;name&quot;:&quot;H\\u00edres t\\u00e1rsasj\\u00e1t\\u00e9kok&quot;,&quot;slug&quot;:&quot;hires-tarsasjatekok&quot;},{&quot;name&quot;:&quot;J\\u00e1t\\u00e9kk\\u00e1rty\\u00e1k&quot;,&quot;slug&quot;:&quot;jatekkartyak&quot;},{&quot;name&quot;:&quot;Klasszikus j\\u00e1t\\u00e9kok&quot;,&quot;slug&quot;:&quot;klasszikus-jatekok&quot;},{&quot;name&quot;:&quot;Party j\\u00e1t\\u00e9kok&quot;,&quot;slug&quot;:&quot;party-jatekok&quot;},{&quot;name&quot;:&quot;Strat\\u00e9giai t\\u00e1rsasj\\u00e1t\\u00e9kok&quot;,&quot;slug&quot;:&quot;strategiai-tarsasjatekok&quot;},{&quot;name&quot;:&quot;\\u00dcgyess\\u00e9gi j\\u00e1t\\u00e9kok&quot;,&quot;slug&quot;:&quot;ugyessegi-jatekok&quot;},{&quot;name&quot;:&quot;Utaz\\u00e1si j\\u00e1t\\u00e9kok&quot;,&quot;slug&quot;:&quot;utazasi-jatekok&quot;}]},{&quot;name&quot;:&quot;Tov\\u00e1bbi kateg\\u00f3ri\\u00e1k&quot;,&quot;slug&quot;:&quot;tovabbi-kategoriak&quot;,&quot;children&quot;:[{&quot;name&quot;:&quot;Baba j\\u00e1t\\u00e9kok&quot;,&quot;slug&quot;:&quot;baba-jatekok&quot;,&quot;children&quot;:[{&quot;name&quot;:&quot;Baba pl\\u00fcss j\\u00e1t\\u00e9kok&quot;,&quot;slug&quot;:&quot;baba-pluss-jatekok&quot;},{&quot;name&quot;:&quot;Funkcion\\u00e1lis j\\u00e1t\\u00e9kok&quot;,&quot;slug&quot;:&quot;funkcionalis-jatekok&quot;},{&quot;name&quot;:&quot;Pl\\u00fcss figura j\\u00e1t\\u00e9kok&quot;,&quot;slug&quot;:&quot;pluss-figura-jatekok&quot;}]},{&quot;name&quot;:&quot;Bab\\u00e1k \\u00e9s kieg\\u00e9sz\\u00edt\\u0151k&quot;,&quot;slug&quot;:&quot;babak-es-kiegeszitok&quot;},{&quot;name&quot;:&quot;Cikkek a felek sz\\u00e1m\\u00e1ra&quot;,&quot;slug&quot;:&quot;cikkek-a-felek-szamara&quot;},{&quot;name&quot;:&quot;\\u00c9p\\u00fcletk\\u00e9szletek&quot;,&quot;slug&quot;:&quot;epuletkeszletek&quot;},{&quot;name&quot;:&quot;J\\u00e1rm\\u0171vek \\u00e9s tartoz\\u00e9kok&quot;,&quot;slug&quot;:&quot;jarmuvek-es-tartozekok&quot;},{&quot;name&quot;:&quot;Kar\\u00e1csonyi dekor\\u00e1ci\\u00f3k&quot;,&quot;slug&quot;:&quot;karacsonyi-dekoraciok&quot;},{&quot;name&quot;:&quot;K\\u00fclt\\u00e9ri j\\u00e1t\\u00e9kok&quot;,&quot;slug&quot;:&quot;kulteri-jatekok&quot;},{&quot;name&quot;:&quot;Logikai j\\u00e1t\\u00e9kok&quot;,&quot;slug&quot;:&quot;logikai-jatekok&quot;,&quot;children&quot;:[{&quot;name&quot;:&quot;IQ j\\u00e1t\\u00e9kok&quot;,&quot;slug&quot;:&quot;iq-jatekok&quot;},{&quot;name&quot;:&quot;Rubik-kocka j\\u00e1t\\u00e9k&quot;,&quot;slug&quot;:&quot;rubik-kocka-jatek&quot;}]},{&quot;name&quot;:&quot;M\\u00e1gneses j\\u00e1t\\u00e9kok&quot;,&quot;slug&quot;:&quot;magneses-jatekok&quot;},{&quot;name&quot;:&quot;Sz\\u00e1mok&quot;,&quot;slug&quot;:&quot;szamok&quot;}]},{&quot;name&quot;:&quot;Uncategorized&quot;,&quot;slug&quot;:&quot;uncategorized-hu&quot;}],&quot;class&quot;:&quot;&quot;,&quot;searchColumn&quot;:&quot;hf_categories&quot;},&quot;pa_filter_age&quot;:{&quot;column&quot;:&quot;att_pa_filter_age&quot;,&quot;heading&quot;:&quot;Koroszt\\u00e1ly&quot;,&quot;terms&quot;:[{&quot;name&quot;:&quot;0-3&quot;,&quot;slug&quot;:&quot;0_3-hu&quot;},{&quot;name&quot;:&quot;3-5&quot;,&quot;slug&quot;:&quot;3_5-hu&quot;},{&quot;name&quot;:&quot;5-7&quot;,&quot;slug&quot;:&quot;5_7-hu&quot;},{&quot;name&quot;:&quot;7-9&quot;,&quot;slug&quot;:&quot;7_9-hu&quot;},{&quot;name&quot;:&quot;9-14&quot;,&quot;slug&quot;:&quot;9_14-hu&quot;},{&quot;name&quot;:&quot;14&quot;,&quot;slug&quot;:&quot;14-2-hu&quot;},{&quot;name&quot;:&quot;14+&quot;,&quot;slug&quot;:&quot;14-hu&quot;},{&quot;name&quot;:&quot;18+&quot;,&quot;slug&quot;:&quot;18-hu&quot;}],&quot;class&quot;:&quot;&quot;,&quot;searchColumn&quot;:&quot;hf_att_pa_filter_age&quot;}}\" data-order=\"[]\"><thead><tr><th class=\"all\" data-name=\"image\" data-orderable=\"false\" data-searchable=\"false\" data-width=\"70px\" data-priority=\"4\" data-data=\"image\">K\u00e9p<\/th><th data-name=\"sku\" data-orderable=\"true\" data-searchable=\"true\" data-priority=\"6\" data-data=\"sku\">SKU<\/th><th data-name=\"name\" data-orderable=\"true\" data-searchable=\"true\" data-priority=\"1\" data-data=\"name\">N\u00e9v<\/th><th data-name=\"summary\" data-orderable=\"false\" data-searchable=\"true\" data-priority=\"11\" data-data=\"summary\">\u00d6sszefoglal\u00f3<\/th><th data-name=\"price\" data-orderable=\"true\" data-searchable=\"true\" data-priority=\"3\" data-data=\"price\">\u00c1r<\/th><th data-name=\"buy\" data-orderable=\"false\" data-searchable=\"true\" data-priority=\"2\" data-data=\"buy\">V\u00e1s\u00e1roljon<\/th><th data-name=\"hf_categories\" data-searchable=\"true\" data-visible=\"false\" data-data=\"hf:categories\">hf:categories<\/th><th data-name=\"hf_att_pa_filter_age\" data-searchable=\"true\" data-visible=\"false\" data-data=\"hf:att:pa_filter_age\">hf:att:pa_filter_age<\/th><\/tr><\/thead><\/table>\n","protected":false},"excerpt":{"rendered":"","protected":false},"author":1,"featured_media":0,"parent":0,"menu_order":0,"comment_status":"closed","ping_status":"closed","template":"","meta":{"footnotes":""},"class_list":["post-38839","page","type-page","status-publish","hentry"],"yoast_head":"<!-- This site is optimized with the Yoast SEO plugin v20.1 - https:\/\/yoast.com\/wordpress\/plugins\/seo\/ -->\n<title>T\u00f6meges rendel\u00e9s - Roovi B2B<\/title>\n<meta name=\"robots\" content=\"index, follow, max-snippet:-1, max-image-preview:large, max-video-preview:-1\" \/>\n<link rel=\"canonical\" href=\"https:\/\/business.roovi.com\/hu\/tomeges-rendeles\/\" \/>\n<meta property=\"og:locale\" content=\"hu_HU\" \/>\n<meta property=\"og:type\" content=\"article\" \/>\n<meta property=\"og:title\" content=\"T\u00f6meges rendel\u00e9s - Roovi B2B\" \/>\n<meta property=\"og:url\" content=\"https:\/\/business.roovi.com\/hu\/tomeges-rendeles\/\" \/>\n<meta property=\"og:site_name\" content=\"Roovi B2B\" \/>\n<meta property=\"article:publisher\" content=\"https:\/\/www.facebook.com\/wwwjucariero\" \/>\n<meta property=\"article:modified_time\" content=\"2022-07-13T19:30:11+00:00\" \/>\n<meta name=\"twitter:label1\" content=\"Becs\u00fclt olvas\u00e1si id\u0151\" \/>\n\t<meta name=\"twitter:data1\" content=\"1 perc\" \/>\n<script type=\"application\/ld+json\" class=\"yoast-schema-graph\">{\"@context\":\"https:\/\/schema.org\",\"@graph\":[{\"@type\":\"WebPage\",\"@id\":\"https:\/\/business.roovi.com\/hu\/tomeges-rendeles\/\",\"url\":\"https:\/\/business.roovi.com\/hu\/tomeges-rendeles\/\",\"name\":\"T\u00f6meges rendel\u00e9s - Roovi B2B\",\"isPartOf\":{\"@id\":\"https:\/\/business.roovi.com\/hu\/#website\"},\"datePublished\":\"2022-03-04T17:13:08+00:00\",\"dateModified\":\"2022-07-13T19:30:11+00:00\",\"breadcrumb\":{\"@id\":\"https:\/\/business.roovi.com\/hu\/tomeges-rendeles\/#breadcrumb\"},\"inLanguage\":\"hu\",\"potentialAction\":[{\"@type\":\"ReadAction\",\"target\":[\"https:\/\/business.roovi.com\/hu\/tomeges-rendeles\/\"]}]},{\"@type\":\"BreadcrumbList\",\"@id\":\"https:\/\/business.roovi.com\/hu\/tomeges-rendeles\/#breadcrumb\",\"itemListElement\":[{\"@type\":\"ListItem\",\"position\":1,\"name\":\"Home\",\"item\":\"https:\/\/business.roovi.com\/hu\/\"},{\"@type\":\"ListItem\",\"position\":2,\"name\":\"T\u00f6meges rendel\u00e9s\"}]},{\"@type\":\"WebSite\",\"@id\":\"https:\/\/business.roovi.com\/hu\/#website\",\"url\":\"https:\/\/business.roovi.com\/hu\/\",\"name\":\"Roovi B2B\",\"description\":\"Roovi Business Website\",\"potentialAction\":[{\"@type\":\"SearchAction\",\"target\":{\"@type\":\"EntryPoint\",\"urlTemplate\":\"https:\/\/business.roovi.com\/hu\/?s={search_term_string}\"},\"query-input\":\"required name=search_term_string\"}],\"inLanguage\":\"hu\"}]}<\/script>\n<!-- \/ Yoast SEO plugin. -->","yoast_head_json":{"title":"T\u00f6meges rendel\u00e9s - Roovi B2B","robots":{"index":"index","follow":"follow","max-snippet":"max-snippet:-1","max-image-preview":"max-image-preview:large","max-video-preview":"max-video-preview:-1"},"canonical":"https:\/\/business.roovi.com\/hu\/tomeges-rendeles\/","og_locale":"hu_HU","og_type":"article","og_title":"T\u00f6meges rendel\u00e9s - Roovi B2B","og_url":"https:\/\/business.roovi.com\/hu\/tomeges-rendeles\/","og_site_name":"Roovi B2B","article_publisher":"https:\/\/www.facebook.com\/wwwjucariero","article_modified_time":"2022-07-13T19:30:11+00:00","twitter_misc":{"Becs\u00fclt olvas\u00e1si id\u0151":"1 perc"},"schema":{"@context":"https:\/\/schema.org","@graph":[{"@type":"WebPage","@id":"https:\/\/business.roovi.com\/hu\/tomeges-rendeles\/","url":"https:\/\/business.roovi.com\/hu\/tomeges-rendeles\/","name":"T\u00f6meges rendel\u00e9s - Roovi B2B","isPartOf":{"@id":"https:\/\/business.roovi.com\/hu\/#website"},"datePublished":"2022-03-04T17:13:08+00:00","dateModified":"2022-07-13T19:30:11+00:00","breadcrumb":{"@id":"https:\/\/business.roovi.com\/hu\/tomeges-rendeles\/#breadcrumb"},"inLanguage":"hu","potentialAction":[{"@type":"ReadAction","target":["https:\/\/business.roovi.com\/hu\/tomeges-rendeles\/"]}]},{"@type":"BreadcrumbList","@id":"https:\/\/business.roovi.com\/hu\/tomeges-rendeles\/#breadcrumb","itemListElement":[{"@type":"ListItem","position":1,"name":"Home","item":"https:\/\/business.roovi.com\/hu\/"},{"@type":"ListItem","position":2,"name":"T\u00f6meges rendel\u00e9s"}]},{"@type":"WebSite","@id":"https:\/\/business.roovi.com\/hu\/#website","url":"https:\/\/business.roovi.com\/hu\/","name":"Roovi B2B","description":"Roovi Business Website","potentialAction":[{"@type":"SearchAction","target":{"@type":"EntryPoint","urlTemplate":"https:\/\/business.roovi.com\/hu\/?s={search_term_string}"},"query-input":"required name=search_term_string"}],"inLanguage":"hu"}]}},"_links":{"self":[{"href":"https:\/\/business.roovi.com\/hu\/wp-json\/wp\/v2\/pages\/38839","targetHints":{"allow":["GET"]}}],"collection":[{"href":"https:\/\/business.roovi.com\/hu\/wp-json\/wp\/v2\/pages"}],"about":[{"href":"https:\/\/business.roovi.com\/hu\/wp-json\/wp\/v2\/types\/page"}],"author":[{"embeddable":true,"href":"https:\/\/business.roovi.com\/hu\/wp-json\/wp\/v2\/users\/1"}],"replies":[{"embeddable":true,"href":"https:\/\/business.roovi.com\/hu\/wp-json\/wp\/v2\/comments?post=38839"}],"version-history":[{"count":0,"href":"https:\/\/business.roovi.com\/hu\/wp-json\/wp\/v2\/pages\/38839\/revisions"}],"wp:attachment":[{"href":"https:\/\/business.roovi.com\/hu\/wp-json\/wp\/v2\/media?parent=38839"}],"curies":[{"name":"wp","href":"https:\/\/api.w.org\/{rel}","templated":true}]}}