{"id":38796,"date":"2021-03-09T08:45:37","date_gmt":"2021-03-09T08:45:37","guid":{"rendered":"https:\/\/business.roovi.com\/puzzle-adulti-peder-mork-monsted-children-in-the-flower-garden-1000-piese\/p\/"},"modified":"2022-07-06T10:55:49","modified_gmt":"2022-07-06T10:55:49","slug":"peder-mork-monsted-felnott-puzzle-gyerekek-a-viragoskertben-1000-darab","status":"publish","type":"product","link":"https:\/\/business.roovi.com\/hu\/peder-mork-monsted-felnott-puzzle-gyerekek-a-viragoskertben-1000-darab\/p\/","title":{"rendered":"Peder M\u00f8rk M\u00f8nsted feln\u0151tt puzzle &#8211; Gyerekek a vir\u00e1goskertben &#8211; 1000 darab"},"content":{"rendered":"<p><span style=\"font-weight: 400;\">A realista, naturalista vagy \u00e9ppen ellenkez\u0151leg, szimb\u00f3lumokkal \u00e9s misztikummal teli m\u0171alkot\u00e1sok leny\u0171g\u00f6zik a szemet \u00e9s megnyugtatj\u00e1k a lelket. Ha ilyen csod\u00e1latos \u00e9lm\u00e9nyekre v\u00e1gysz, b\u00f6ng\u00e9ssz a m\u0171v\u00e9szeti rejtv\u00e9nyek gy\u0171jtem\u00e9ny\u00e9ben. A kiv\u00e1l\u00f3 min\u0151s\u00e9g\u0171 anyagokb\u00f3l k\u00e9sz\u00fclt, 1000 darabos kirak\u00f3s j\u00e1t\u00e9kban minden m\u0171v\u00e9szeti korszak h\u00edres festm\u00e9nyeihez felt\u0171n\u0151en hasonl\u00f3 k\u00e9peket fedezhet fel <\/span><\/p>\n<p><span style=\"font-weight: 400;\">A t\u00e1jk\u00e9pek elengedhetetlenek a m\u0171v\u00e9szi kirak\u00f3s j\u00e1t\u00e9kgy\u0171jtem\u00e9ny\u00fcnkben. Az egyik legikonikusabb eur\u00f3pai t\u00e1jk\u00e9pfest\u0151 a d\u00e1n fest\u0151, Peder M\u00f8rk M\u00f8nsted. Az 1000 darabos puzzle <\/span><strong>Gyermekek a vir\u00e1goskertben<\/strong><span style=\"font-weight: 400;\"> a festm\u00e9nyt a j\u00f3l ismert fotogr\u00e1fiai st\u00edlus\u00e1ban \u00e1br\u00e1zolja. Amikor r\u00e1n\u00e9zel a k\u00e9pre ebben a csod\u00e1latos m\u0171v\u00e9szi kirak\u00f3sban, \u00fagy \u00e9rzed, mintha visszament\u00e9l volna az id\u0151ben, \u00e9s a vid\u00e9ki Rom\u00e1ni\u00e1ban lenn\u00e9l, ahol az emberek boh\u00e9m h\u00e1zik\u00f3kat tartanak vir\u00e1gokkal \u00e9s z\u00f6lddel k\u00f6r\u00fclv\u00e9ve, \u00e9s a gyerekek ehhez a term\u00e9szetes t\u00e9rhez tartoznak.<\/span><\/p>\n<p><span style=\"font-weight: 400;\">Leny\u0171g\u00f6z a vid\u00e9ki \u00e9let? Itt az ideje, hogy egy reprezentat\u00edv t\u00e1jk\u00e9pet k\u00e9sz\u00edts a falusi vil\u00e1gb\u00f3l. H\u00fazza k\u00f6zel a nappali doh\u00e1nyz\u00f3asztal\u00e1t, ford\u00edtsa meg a darabokat, \u00e9s rakja \u00f6ssze az 1000 darabos puzzle-t! A v\u00e9g\u00e9n egy 50 x 70 cm-es festm\u00e9nyt kapsz, amely remek\u00fcl mutat majd a keretben.<\/span><\/p>\n<p><span style=\"font-weight: 400;\">Olvasson t\u00f6bbet err\u0151l a m\u0171v\u00e9szeti rejtv\u00e9nyr\u0151l az al\u00e1bbiakban:<\/span><\/p>\n<p><strong>Puzzle anyag <\/strong><\/p>\n<p><strong>kiv\u00e1l\u00f3 min\u0151s\u00e9g\u0171 k\u00e9k karton<\/strong><\/p>\n<p><strong>fenntarthat\u00f3, \u00fajrahasznos\u00edthat\u00f3 anyagok<\/strong><\/p>\n<p><strong>f\u00e9lf\u00e9nyes kivitel, \u00e9l\u00e9nk sz\u00ednek<\/strong><\/p>\n<p><strong>A kirak\u00f3s darabok sz\u00e1ma: 1000<\/strong><\/p>\n<p><strong>Aj\u00e1nlott \u00e9letkor: 14+<\/strong><\/p>\n<p><strong>A puzzle j\u00e1t\u00e9kok seg\u00edtik a reflexek fejleszt\u00e9s\u00e9t<\/strong><\/p>\n<p><span style=\"font-weight: 400;\">A rejtv\u00e9nyek t\u00f6bb mint egy pihentet\u0151 tev\u00e9kenys\u00e9g. Seg\u00edts\u00e9g\u00fckkel olyan k\u00e9szs\u00e9geket \u00e9s k\u00e9pess\u00e9geket fejleszthetsz ki, amelyekre nem is gondolt\u00e1l. P\u00e9ld\u00e1ul a reflexeid. Bizonyos technik\u00e1k \u00e9s strat\u00e9gi\u00e1k alkalmaz\u00e1s\u00e1val 1000 darabos kirak\u00f3sokat is \u00f6ssze\u00e1ll\u00edthatsz. Id\u0151vel a tested hozz\u00e1szokik az alkalmazott technik\u00e1hoz \u00e9s mozdulatokhoz, \u00e9s gyorsabb\u00e1 v\u00e1lik. \u00cdgy bizonyos ingerekre val\u00f3 reakci\u00f3ideje megn\u0151.<\/span><\/p>\n<p><strong>A rejtv\u00e9nyj\u00e1t\u00e9kok megv\u00e9dik az agyat a betegs\u00e9gekt\u0151l<\/strong><\/p>\n<p><span style=\"font-weight: 400;\">Az 1000 darabos rejtv\u00e9nyek \u00f6sszerak\u00e1sa olyan tev\u00e9kenys\u00e9g, amely akt\u00edvan tartja az agyat, \u00e9s ez a fajta tev\u00e9kenys\u00e9g k\u00e9slelteti az olyan neurodegenerat\u00edv betegs\u00e9gek kialakul\u00e1s\u00e1t, mint az Alzheimer-k\u00f3r vagy a demencia. Az elme akt\u00edvan tart\u00e1sa puzzle-j\u00e1t\u00e9kok seg\u00edts\u00e9g\u00e9vel k\u00e9sleltetheti az agysejtek k\u00e1rosod\u00e1s\u00e1t is.<\/span><\/p>\n<p><strong>A feln\u0151tt rejtv\u00e9nyek seg\u00edtenek a probl\u00e9mamegold\u00f3 k\u00e9pess\u00e9g n\u00f6vel\u00e9s\u00e9ben<\/strong><\/p>\n<p><span style=\"font-weight: 400;\">A rejtv\u00e9nyj\u00e1t\u00e9kok megold\u00e1sa k\u00fcl\u00f6nb\u00f6z\u0151 megk\u00f6zel\u00edt\u00e9seket ig\u00e9nyel. Ez pr\u00f3b\u00e1ra teszi az \u00faj elm\u00e9letek vagy felismer\u00e9sek megfogalmaz\u00e1s\u00e1nak k\u00e9pess\u00e9g\u00e9t, amikor a darabok nem \u00fagy illeszkednek egym\u00e1shoz, ahogyan azt gondoltad. A rugalmas \u00e9s kreat\u00edv megold\u00e1skeres\u00e9s k\u00e9pess\u00e9gei az \u00e9let m\u00e1s ter\u00fcletein is \u00e9rv\u00e9nyes\u00fclhetnek, p\u00e9ld\u00e1ul a munk\u00e1ban. Kellemes meglepet\u00e9s lesz, hogy a kirak\u00f3s j\u00e1t\u00e9k sor\u00e1n elsaj\u00e1t\u00edtott gondolkod\u00e1si fegyelemnek k\u00f6sz\u00f6nhet\u0151en gyorsabban \u00e9s innovat\u00edvabban oldja meg a mindennapi probl\u00e9m\u00e1kat.<\/span><\/p>\n<p><strong>Tudt\u00e1l Peder M\u00f8rk M\u00f8nsted fest\u0151r\u0151l?<\/strong><\/p>\n<p><span style=\"font-weight: 400;\">Gazdag csal\u00e1db\u00f3l sz\u00e1rmazott &#8211; apja ismert haj\u00f3\u00e9p\u00edt\u0151 volt -, akik ragaszkodtak ahhoz, hogy a fiatal Peder j\u00f3l megv\u00e1lasztott oktat\u00e1sban r\u00e9szes\u00fclj\u00f6n.<\/span><\/p>\n<p><span style=\"font-weight: 400;\">Az akad\u00e9mikus naturalizmus st\u00edlus\u00e1t alak\u00edtotta ki.<\/span><\/p>\n<p><span style=\"font-weight: 400;\">Sokat utazott Sv\u00e1jcban, Olaszorsz\u00e1gban, G\u00f6r\u00f6gorsz\u00e1gban \u00e9s \u00c9szak-Afrik\u00e1ban. G\u00f6r\u00f6gorsz\u00e1gban hat h\u00f3napig volt a kir\u00e1lyi csal\u00e1d vend\u00e9ge, ez id\u0151 alatt portr\u00e9kat festett a csal\u00e1d tagjair\u00f3l.<\/span><\/p>\n<p><span style=\"font-weight: 400;\">M\u0171veinek t\u00f6bbs\u00e9ge ma mag\u00e1ngy\u0171jtem\u00e9nyekben tal\u00e1lhat\u00f3.<\/span><\/p>\n<p><span style=\"font-weight: 400;\">Fedezze fel ezt a csod\u00e1latos 1000 darabos kirak\u00f3t a m\u0171v\u00e9szeti kirak\u00f3k gy\u0171jtem\u00e9ny\u00e9ben <\/span><strong>Gyermekek a vir\u00e1goskertben <\/strong><span style=\"font-weight: 400;\">\u00e9s engedje, hogy Peder M\u00f8rk M\u00f8nsted fest\u0151m\u0171v\u00e9sz boh\u00e9m vil\u00e1g\u00e1ba cs\u00f6ppenjen. Ezt az 1000 darabos kirak\u00f3j\u00e1t\u00e9kot gyermekeivel vagy bar\u00e1taival egy\u00fctt rakhatja \u00f6ssze. A <strong>Peder M\u00f8rk M\u00f8nsted <\/strong> m\u0171v\u00e9szeti puzzle is <strong>&#8211; <\/strong><\/span><strong>Gyerekek a vir\u00e1goskertben <\/strong><span style=\"font-weight: 400;\">nagyszer\u0171 aj\u00e1nd\u00e9k lehet egy olyan bar\u00e1tnak, aki szereti a kirak\u00f3s j\u00e1t\u00e9kokat \u00e9s a m\u0171v\u00e9szeti alkot\u00e1sokat.<\/span><\/p>\n","protected":false},"excerpt":{"rendered":"<p>A realista, naturalista vagy \u00e9ppen ellenkez\u0151leg, szimb\u00f3lumokkal \u00e9s misztikummal teli m\u0171alkot\u00e1sok leny\u0171g\u00f6zik a szemet \u00e9s megnyugtatj\u00e1k a lelket. Ha ilyen<\/p>\n","protected":false},"featured_media":64244,"template":"","meta":[],"product_brand":[],"product_cat":[1881,1919,1920],"product_tag":[],"class_list":{"0":"post-38796","1":"product","2":"type-product","3":"status-publish","4":"has-post-thumbnail","6":"product_cat-kirakos-jatekok","7":"product_cat-felnott-kirakos-jatekok","8":"product_cat-1000-darabos-kirakos-jatek","9":"pa_brand-d_toys-hu","10":"pa_country_of_manufacture-ro-hu","11":"pa_filter_age-14-hu","12":"pa_painter-gustavklimt-hu","13":"pa_tip_ambalaj-doboz","14":"pa_tip_puzzle-klasszikus","16":"first","17":"instock","18":"taxable","19":"shipping-taxable","20":"product-type-simple"},"yoast_head":"<!-- This site is optimized with the Yoast SEO plugin v20.1 - https:\/\/yoast.com\/wordpress\/plugins\/seo\/ -->\n<title>Peder M\u00f8rk M\u00f8nsted feln\u0151tt puzzle - Gyerekek a vir\u00e1goskertben - 1000 darab<\/title>\n<meta name=\"description\" content=\"Peder M\u00f8rk M\u00f8nsted feln\u0151tt puzzle - Gyerekek a vir\u00e1goskertben - 1000 darab\" \/>\n<meta name=\"robots\" content=\"index, follow, max-snippet:-1, max-image-preview:large, max-video-preview:-1\" \/>\n<link rel=\"canonical\" href=\"https:\/\/business.roovi.com\/hu\/peder-mork-monsted-felnott-puzzle-gyerekek-a-viragoskertben-1000-darab\/p\/\" \/>\n<meta property=\"og:locale\" content=\"hu_HU\" \/>\n<meta property=\"og:type\" content=\"article\" \/>\n<meta property=\"og:title\" content=\"Peder M\u00f8rk M\u00f8nsted feln\u0151tt puzzle - Gyerekek a vir\u00e1goskertben - 1000 darab\" \/>\n<meta property=\"og:description\" content=\"Peder M\u00f8rk M\u00f8nsted feln\u0151tt puzzle - Gyerekek a vir\u00e1goskertben - 1000 darab\" \/>\n<meta property=\"og:url\" content=\"https:\/\/business.roovi.com\/hu\/peder-mork-monsted-felnott-puzzle-gyerekek-a-viragoskertben-1000-darab\/p\/\" \/>\n<meta property=\"og:site_name\" content=\"Roovi B2B\" \/>\n<meta property=\"article:publisher\" content=\"https:\/\/www.facebook.com\/wwwjucariero\" \/>\n<meta property=\"article:modified_time\" content=\"2022-07-06T10:55:49+00:00\" \/>\n<meta property=\"og:image\" content=\"https:\/\/business.roovi.com\/wp-content\/uploads\/2021\/03\/77417-03_ansamblu_dimensiuni_cutie_cm_-800x800.png\" \/>\n\t<meta property=\"og:image:width\" content=\"800\" \/>\n\t<meta property=\"og:image:height\" content=\"800\" \/>\n\t<meta property=\"og:image:type\" content=\"image\/png\" \/>\n<meta name=\"twitter:label1\" content=\"Becs\u00fclt olvas\u00e1si id\u0151\" \/>\n\t<meta name=\"twitter:data1\" content=\"4 perc\" \/>\n<script type=\"application\/ld+json\" class=\"yoast-schema-graph\">{\"@context\":\"https:\/\/schema.org\",\"@graph\":[{\"@type\":\"WebPage\",\"@id\":\"https:\/\/business.roovi.com\/hu\/peder-mork-monsted-felnott-puzzle-gyerekek-a-viragoskertben-1000-darab\/p\/\",\"url\":\"https:\/\/business.roovi.com\/hu\/peder-mork-monsted-felnott-puzzle-gyerekek-a-viragoskertben-1000-darab\/p\/\",\"name\":\"Peder M\u00f8rk M\u00f8nsted feln\u0151tt puzzle - Gyerekek a vir\u00e1goskertben - 1000 darab\",\"isPartOf\":{\"@id\":\"https:\/\/business.roovi.com\/hu\/#website\"},\"datePublished\":\"2021-03-09T08:45:37+00:00\",\"dateModified\":\"2022-07-06T10:55:49+00:00\",\"description\":\"Peder M\u00f8rk M\u00f8nsted feln\u0151tt puzzle - Gyerekek a vir\u00e1goskertben - 1000 darab\",\"breadcrumb\":{\"@id\":\"https:\/\/business.roovi.com\/hu\/peder-mork-monsted-felnott-puzzle-gyerekek-a-viragoskertben-1000-darab\/p\/#breadcrumb\"},\"inLanguage\":\"hu\",\"potentialAction\":[{\"@type\":\"ReadAction\",\"target\":[\"https:\/\/business.roovi.com\/hu\/peder-mork-monsted-felnott-puzzle-gyerekek-a-viragoskertben-1000-darab\/p\/\"]}]},{\"@type\":\"BreadcrumbList\",\"@id\":\"https:\/\/business.roovi.com\/hu\/peder-mork-monsted-felnott-puzzle-gyerekek-a-viragoskertben-1000-darab\/p\/#breadcrumb\",\"itemListElement\":[{\"@type\":\"ListItem\",\"position\":1,\"name\":\"Home\",\"item\":\"https:\/\/business.roovi.com\/hu\/\"},{\"@type\":\"ListItem\",\"position\":2,\"name\":\"Shop\",\"item\":\"https:\/\/business.roovi.com\/hu\/shop\/\"},{\"@type\":\"ListItem\",\"position\":3,\"name\":\"Peder M\u00f8rk M\u00f8nsted feln\u0151tt puzzle &#8211; Gyerekek a vir\u00e1goskertben &#8211; 1000 darab\"}]},{\"@type\":\"WebSite\",\"@id\":\"https:\/\/business.roovi.com\/hu\/#website\",\"url\":\"https:\/\/business.roovi.com\/hu\/\",\"name\":\"Roovi B2B\",\"description\":\"Roovi Business Website\",\"potentialAction\":[{\"@type\":\"SearchAction\",\"target\":{\"@type\":\"EntryPoint\",\"urlTemplate\":\"https:\/\/business.roovi.com\/hu\/?s={search_term_string}\"},\"query-input\":\"required name=search_term_string\"}],\"inLanguage\":\"hu\"}]}<\/script>\n<!-- \/ Yoast SEO plugin. -->","yoast_head_json":{"title":"Peder M\u00f8rk M\u00f8nsted feln\u0151tt puzzle - Gyerekek a vir\u00e1goskertben - 1000 darab","description":"Peder M\u00f8rk M\u00f8nsted feln\u0151tt puzzle - Gyerekek a vir\u00e1goskertben - 1000 darab","robots":{"index":"index","follow":"follow","max-snippet":"max-snippet:-1","max-image-preview":"max-image-preview:large","max-video-preview":"max-video-preview:-1"},"canonical":"https:\/\/business.roovi.com\/hu\/peder-mork-monsted-felnott-puzzle-gyerekek-a-viragoskertben-1000-darab\/p\/","og_locale":"hu_HU","og_type":"article","og_title":"Peder M\u00f8rk M\u00f8nsted feln\u0151tt puzzle - Gyerekek a vir\u00e1goskertben - 1000 darab","og_description":"Peder M\u00f8rk M\u00f8nsted feln\u0151tt puzzle - Gyerekek a vir\u00e1goskertben - 1000 darab","og_url":"https:\/\/business.roovi.com\/hu\/peder-mork-monsted-felnott-puzzle-gyerekek-a-viragoskertben-1000-darab\/p\/","og_site_name":"Roovi B2B","article_publisher":"https:\/\/www.facebook.com\/wwwjucariero","article_modified_time":"2022-07-06T10:55:49+00:00","og_image":[{"width":800,"height":800,"url":"https:\/\/business.roovi.com\/wp-content\/uploads\/2021\/03\/77417-03_ansamblu_dimensiuni_cutie_cm_-800x800.png","type":"image\/png"}],"twitter_misc":{"Becs\u00fclt olvas\u00e1si id\u0151":"4 perc"},"schema":{"@context":"https:\/\/schema.org","@graph":[{"@type":"WebPage","@id":"https:\/\/business.roovi.com\/hu\/peder-mork-monsted-felnott-puzzle-gyerekek-a-viragoskertben-1000-darab\/p\/","url":"https:\/\/business.roovi.com\/hu\/peder-mork-monsted-felnott-puzzle-gyerekek-a-viragoskertben-1000-darab\/p\/","name":"Peder M\u00f8rk M\u00f8nsted feln\u0151tt puzzle - Gyerekek a vir\u00e1goskertben - 1000 darab","isPartOf":{"@id":"https:\/\/business.roovi.com\/hu\/#website"},"datePublished":"2021-03-09T08:45:37+00:00","dateModified":"2022-07-06T10:55:49+00:00","description":"Peder M\u00f8rk M\u00f8nsted feln\u0151tt puzzle - Gyerekek a vir\u00e1goskertben - 1000 darab","breadcrumb":{"@id":"https:\/\/business.roovi.com\/hu\/peder-mork-monsted-felnott-puzzle-gyerekek-a-viragoskertben-1000-darab\/p\/#breadcrumb"},"inLanguage":"hu","potentialAction":[{"@type":"ReadAction","target":["https:\/\/business.roovi.com\/hu\/peder-mork-monsted-felnott-puzzle-gyerekek-a-viragoskertben-1000-darab\/p\/"]}]},{"@type":"BreadcrumbList","@id":"https:\/\/business.roovi.com\/hu\/peder-mork-monsted-felnott-puzzle-gyerekek-a-viragoskertben-1000-darab\/p\/#breadcrumb","itemListElement":[{"@type":"ListItem","position":1,"name":"Home","item":"https:\/\/business.roovi.com\/hu\/"},{"@type":"ListItem","position":2,"name":"Shop","item":"https:\/\/business.roovi.com\/hu\/shop\/"},{"@type":"ListItem","position":3,"name":"Peder M\u00f8rk M\u00f8nsted feln\u0151tt puzzle &#8211; Gyerekek a vir\u00e1goskertben &#8211; 1000 darab"}]},{"@type":"WebSite","@id":"https:\/\/business.roovi.com\/hu\/#website","url":"https:\/\/business.roovi.com\/hu\/","name":"Roovi B2B","description":"Roovi Business Website","potentialAction":[{"@type":"SearchAction","target":{"@type":"EntryPoint","urlTemplate":"https:\/\/business.roovi.com\/hu\/?s={search_term_string}"},"query-input":"required name=search_term_string"}],"inLanguage":"hu"}]}},"_links":{"self":[{"href":"https:\/\/business.roovi.com\/hu\/wp-json\/wp\/v2\/product\/38796","targetHints":{"allow":["GET"]}}],"collection":[{"href":"https:\/\/business.roovi.com\/hu\/wp-json\/wp\/v2\/product"}],"about":[{"href":"https:\/\/business.roovi.com\/hu\/wp-json\/wp\/v2\/types\/product"}],"version-history":[{"count":0,"href":"https:\/\/business.roovi.com\/hu\/wp-json\/wp\/v2\/product\/38796\/revisions"}],"wp:featuredmedia":[{"embeddable":true,"href":"https:\/\/business.roovi.com\/hu\/wp-json\/wp\/v2\/media\/64244"}],"wp:attachment":[{"href":"https:\/\/business.roovi.com\/hu\/wp-json\/wp\/v2\/media?parent=38796"}],"wp:term":[{"taxonomy":"product_brand","embeddable":true,"href":"https:\/\/business.roovi.com\/hu\/wp-json\/wp\/v2\/product_brand?post=38796"},{"taxonomy":"product_cat","embeddable":true,"href":"https:\/\/business.roovi.com\/hu\/wp-json\/wp\/v2\/product_cat?post=38796"},{"taxonomy":"product_tag","embeddable":true,"href":"https:\/\/business.roovi.com\/hu\/wp-json\/wp\/v2\/product_tag?post=38796"}],"curies":[{"name":"wp","href":"https:\/\/api.w.org\/{rel}","templated":true}]}}