{"id":38804,"date":"2021-03-09T08:41:35","date_gmt":"2021-03-09T08:41:35","guid":{"rendered":"https:\/\/business.roovi.com\/puzzle-adulti-peder-mork-monsted-birch-trees-at-a-coast-1000-piese\/p\/"},"modified":"2022-07-06T10:56:06","modified_gmt":"2022-07-06T10:56:06","slug":"peder-mork-monsted-felnott-puzzle-nyirfak-a-tengerparton-1000-db","status":"publish","type":"product","link":"https:\/\/business.roovi.com\/hu\/peder-mork-monsted-felnott-puzzle-nyirfak-a-tengerparton-1000-db\/p\/","title":{"rendered":"Peder M\u00f8rk M\u00f8nsted feln\u0151tt puzzle &#8211; Ny\u00edrf\u00e1k a tengerparton &#8211; 1000 db"},"content":{"rendered":"<p><span style=\"font-weight: 400;\">Sz\u00f3rakoztat\u00f3 elfoglalts\u00e1got keresel az unalmas h\u00e9tv\u00e9g\u00e9kre? T\u00f6ltsd szabadid\u0151det m\u0171v\u00e9szeti rejtv\u00e9nyek \u00f6ssze\u00e1ll\u00edt\u00e1s\u00e1val, \u00e9s hozz l\u00e9tre egyedi festm\u00e9nygy\u0171jtem\u00e9nyeket 1000 darabos rejtv\u00e9nyekb\u0151l. Itt tal\u00e1lkozhat minden id\u0151k legh\u00edresebb fest\u0151ivel, valamint kort\u00e1rs m\u0171v\u00e9szekkel, akik eredeti m\u0171alkot\u00e1sokat alkotnak. Fedezze fel a teljes aj\u00e1nlatot most!<\/span><\/p>\n<p><span style=\"font-weight: 400;\">A Peder M\u00f8rk M\u00f8nsted &#8211; Ny\u00edrfa a parton 1000 darabos puzzle a fot\u00f3realista st\u00edlus\u00e1r\u00f3l ismert m\u0171v\u00e9sz egyik t\u00e1jk\u00e9p\u00e9t mutatja be. A festm\u00e9ny k\u00e9t kedvenc t\u00e9m\u00e1j\u00e1t \u00e1br\u00e1zolja: a vizet \u00e9s az erd\u0151t. A k\u00e9p a t\u00e1j monument\u00e1lis aspektus\u00e1t pontos sz\u00ednekkel \u00e9s r\u00e9szletess\u00e9ggel \u00e1br\u00e1zolja. Hagyja, hogy k\u00e9pzelete elrep\u00edtse \u00d6nt e k\u00e9p pihentet\u0151 \u00e9s b\u00e9k\u00e9s vil\u00e1g\u00e1ba <\/span><\/p>\n<p><span style=\"font-weight: 400;\">A rekonstru\u00e1lt festm\u00e9ny m\u00e9rete 50 x 70 cm, \u00e9s egy hagyom\u00e1nyos doh\u00e1nyz\u00f3asztalra helyezve nyugodtan dolgozhat.<\/span><\/p>\n<p><span style=\"font-weight: 400;\">A Peder M\u00f8rk M\u00f8nsted &#8211; Ny\u00edrfa a parton 1000 darabos puzzle egy\u00e9b jellemz\u0151i:<\/span><\/p>\n<p><strong>Puzzle anyag <\/strong><\/p>\n<p><strong>kiv\u00e1l\u00f3 min\u0151s\u00e9g\u0171 k\u00e9k karton<\/strong><\/p>\n<p><strong>fenntarthat\u00f3, \u00fajrahasznos\u00edthat\u00f3 anyagok<\/strong><\/p>\n<p><strong>f\u00e9lf\u00e9nyes kivitel, \u00e9l\u00e9nk sz\u00ednek<\/strong><\/p>\n<p><strong>A kirak\u00f3s darabok sz\u00e1ma: 1000<\/strong><\/p>\n<p><strong>Aj\u00e1nlott \u00e9letkor: 14+<\/strong><\/p>\n<p><strong>A rejtv\u00e9nyj\u00e1t\u00e9kok \u00fajra\u00e9lesztik a kreativit\u00e1st<\/strong><\/p>\n<p><span style=\"font-weight: 400;\">\u00dagy \u00e9rzed, hogy a dolgok nem \u00fagy mennek, ahogy szeretn\u00e9d, nem tal\u00e1lsz megold\u00e1sokat, \u00e9s a k\u00e9pzeleted mintha stagn\u00e1lna? Szerezz magadnak egy 1000 darabos puzzle-t \u00e9s gyakorolj! A kirak\u00f3s j\u00e1t\u00e9k \u00f6sszerak\u00e1sa kih\u00edv\u00e1st jelent az elm\u00e9dnek, hogy gondolkodjon  <\/span><em><span style=\"font-weight: 400;\">a dobozon k\u00edv\u00fcl  <\/span><\/em><span style=\"font-weight: 400;\">\u00e9s k\u00fcl\u00f6nb\u00f6z\u0151 n\u00e9z\u0151pontokb\u00f3l oldja meg a probl\u00e9m\u00e1kat. Az 1000 darabos rejtv\u00e9nyek t\u00f6bb pr\u00f3b\u00e1lkoz\u00e1st ig\u00e9nyelnek, ami kudarcokat, valamint szisztematikus megk\u00f6zel\u00edt\u00e9st jelent. Mindazok a feladatok \u00e9s tesztek, amelyeket az\u00e9rt v\u00e9gzel, hogy \u00f6sszerakj egy k\u00e9pet egy feln\u0151tt puzzle-b\u00f3l, serkentik a kreativit\u00e1sodat, \u00e9s seg\u00edtenek az innovat\u00edv probl\u00e9mamegold\u00f3 k\u00e9szs\u00e9ged fejleszt\u00e9s\u00e9ben.<\/span><\/p>\n<p><strong>A puzzle j\u00e1t\u00e9kok jav\u00edtj\u00e1k a r\u00f6vid t\u00e1v\u00fa mem\u00f3ri\u00e1t<\/strong><\/p>\n<p><span style=\"font-weight: 400;\">Nem eml\u00e9kszik, mit reggelizett? Folyton elfelejti, hol parkolt? Eddz\u00e9tek az agyatokat 1000 darabos rejtv\u00e9nyekkel, \u00e9s megl\u00e1tj\u00e1tok, hogyan javul a mem\u00f3ri\u00e1tok. A kirak\u00f3s j\u00e1t\u00e9kok k\u00fcl\u00f6n\u00f6sen hasznosak a r\u00f6vid t\u00e1v\u00fa mem\u00f3ria sz\u00e1m\u00e1ra, mivel a kirak\u00f3s j\u00e1t\u00e9k sor\u00e1n a mem\u00f3ri\u00e1nak eml\u00e9keznie kell a darabok form\u00e1j\u00e1ra \u00e9s sz\u00edn\u00e9re, valamint a darabok egym\u00e1shoz illeszked\u00e9s\u00e9nek hely\u00e9re <\/span><\/p>\n<p><strong>Ki volt Peder M\u00f8rk M\u00f8nsted?<\/strong><\/p>\n<p><span style=\"font-weight: 400;\">Peder M\u00f8rk M\u00f8nsted d\u00e1n realista fest\u0151 volt.<\/span><\/p>\n<p><span style=\"font-weight: 400;\">Festm\u00e9nyei gyakran a d\u00e1n vid\u00e9k vagy erdei jeleneteket \u00e1br\u00e1zolnak nagyon pontos r\u00e9szletess\u00e9ggel, ami felt\u0171n\u0151 hasonl\u00f3s\u00e1got teremt a fotogr\u00e1fi\u00e1val.<\/span><\/p>\n<p><span style=\"font-weight: 400;\">Tanulm\u00e1nyait a <\/span><span style=\"font-weight: 400;\">A koppenh\u00e1gai akad\u00e9mi\u00e1n tanult, \u00e9s a k\u00fcl\u00f6nb\u00f6z\u0151 m\u0171v\u00e9szeti technik\u00e1kban val\u00f3 k\u00e9pz\u00e9se lehet\u0151v\u00e9 tette sz\u00e1m\u00e1ra, hogy a naturalizmust a fot\u00f3realizmussal \u00f6tv\u00f6zze.<\/span><\/p>\n<p><span style=\"font-weight: 400;\">Sokat utazott \u00e9s vir\u00e1gz\u00f3 karriert futott be. Munk\u00e1i m\u00fazeumokban \u00e9s ki\u00e1ll\u00edt\u00e1sokon l\u00e1that\u00f3k Tajvanon, az Egyes\u00fclt \u00c1llamokban \u00e9s D\u00e1ni\u00e1ban<\/span><\/p>\n<p><span style=\"font-weight: 400;\">Utaz\u00e1sai sor\u00e1n G\u00f6r\u00f6gorsz\u00e1gba is eljutott, ahol a g\u00f6r\u00f6g kir\u00e1lyi csal\u00e1dr\u00f3l festett portr\u00e9kat.<\/span><\/p>\n<p><strong>Adjon mag\u00e1nak ak\u00e1r 30 \u00f3r\u00e1nyi kikapcsol\u00f3d\u00e1st az 1000 darabos m\u0171v\u00e9szeti puzzle-vel!<\/strong><\/p>\n<p><span style=\"font-weight: 400;\">Egy k\u00e9p \u00f6sszerak\u00e1sa 1000 puzzle-darabb\u00f3l sz\u00f3rakoztat\u00f3 \u00e9s pihentet\u0151 tev\u00e9kenys\u00e9g. K\u00e9nyelmesen le\u00fclsz, \u00e9s elkezdesz dolgozni, fokozatosan, darabr\u00f3l darabra, \u00e9s az \u00f3ra (vagy \u00f3r\u00e1k, tapasztalatb\u00f3l mondjuk!) eltelt. \u00d6sszess\u00e9g\u00e9ben a pihen\u00e9s ak\u00e1r 30 \u00f3r\u00e1t is jelenthet. Nem minden tev\u00e9kenys\u00e9g ad ennyi \u00f3r\u00e1nyi k\u00e9nyeztet\u00e9st!<\/span><\/p>\n<p><span style=\"font-weight: 400;\">Ha leny\u0171g\u00f6z a m\u0171v\u00e9szet, \u00e9s szereted \u00f6sszerakni a homlokodat feln\u0151tt puzzle-\u00f6k \u00f6ssze\u00e1ll\u00edt\u00e1s\u00e1val, akkor Peder M\u00f8rk M\u00f8nsted 1000 darabos puzzle-je &#8211; Ny\u00edrfa a parton\/Mes\u00e9k a parton ide\u00e1lis sz\u00e1modra.<\/span><\/p>\n<p><span style=\"font-weight: 400;\">Emellett ez a kirak\u00f3s k\u00e9szlet nagyszer\u0171 aj\u00e1nd\u00e9k azoknak, akik szenved\u00e9lyesen szeretik a m\u0171v\u00e9szeti kirak\u00f3sokat vagy az 1000 darabos kirak\u00f3sok \u00f6ssze\u00e1ll\u00edt\u00e1s\u00e1t.<\/span><\/p>\n","protected":false},"excerpt":{"rendered":"<p>Sz\u00f3rakoztat\u00f3 elfoglalts\u00e1got keresel az unalmas h\u00e9tv\u00e9g\u00e9kre? T\u00f6ltsd szabadid\u0151det m\u0171v\u00e9szeti rejtv\u00e9nyek \u00f6ssze\u00e1ll\u00edt\u00e1s\u00e1val, \u00e9s hozz l\u00e9tre egyedi festm\u00e9nygy\u0171jtem\u00e9nyeket 1000 darabos rejtv\u00e9nyekb\u0151l. Itt<\/p>\n","protected":false},"featured_media":64256,"template":"","meta":[],"product_brand":[],"product_cat":[1881,1919,1920],"product_tag":[],"class_list":{"0":"post-38804","1":"product","2":"type-product","3":"status-publish","4":"has-post-thumbnail","6":"product_cat-kirakos-jatekok","7":"product_cat-felnott-kirakos-jatekok","8":"product_cat-1000-darabos-kirakos-jatek","9":"pa_brand-d_toys-hu","10":"pa_country_of_manufacture-ro-hu","11":"pa_filter_age-14-hu","12":"pa_painter-gustavklimt-hu","13":"pa_tip_ambalaj-doboz","14":"pa_tip_puzzle-klasszikus","16":"first","17":"instock","18":"taxable","19":"shipping-taxable","20":"product-type-simple"},"yoast_head":"<!-- This site is optimized with the Yoast SEO plugin v20.1 - https:\/\/yoast.com\/wordpress\/plugins\/seo\/ -->\n<title>Peder M\u00f8rk M\u00f8nsted feln\u0151tt puzzle - Ny\u00edrf\u00e1k a tengerparton - 1000 db<\/title>\n<meta name=\"description\" content=\"Peder M\u00f8rk M\u00f8nsted feln\u0151tt puzzle - Ny\u00edrf\u00e1k a tengerparton - 1000 db\" \/>\n<meta name=\"robots\" content=\"index, follow, max-snippet:-1, max-image-preview:large, max-video-preview:-1\" \/>\n<link rel=\"canonical\" href=\"https:\/\/business.roovi.com\/hu\/peder-mork-monsted-felnott-puzzle-nyirfak-a-tengerparton-1000-db\/p\/\" \/>\n<meta property=\"og:locale\" content=\"hu_HU\" \/>\n<meta property=\"og:type\" content=\"article\" \/>\n<meta property=\"og:title\" content=\"Peder M\u00f8rk M\u00f8nsted feln\u0151tt puzzle - Ny\u00edrf\u00e1k a tengerparton - 1000 db\" \/>\n<meta property=\"og:description\" content=\"Peder M\u00f8rk M\u00f8nsted feln\u0151tt puzzle - Ny\u00edrf\u00e1k a tengerparton - 1000 db\" \/>\n<meta property=\"og:url\" content=\"https:\/\/business.roovi.com\/hu\/peder-mork-monsted-felnott-puzzle-nyirfak-a-tengerparton-1000-db\/p\/\" \/>\n<meta property=\"og:site_name\" content=\"Roovi B2B\" \/>\n<meta property=\"article:publisher\" content=\"https:\/\/www.facebook.com\/wwwjucariero\" \/>\n<meta property=\"article:modified_time\" content=\"2022-07-06T10:56:06+00:00\" \/>\n<meta property=\"og:image\" content=\"https:\/\/business.roovi.com\/wp-content\/uploads\/2021\/03\/77417-01_ansamblu_dimensiuni_cutie_cm-800x800.png\" \/>\n\t<meta property=\"og:image:width\" content=\"800\" \/>\n\t<meta property=\"og:image:height\" content=\"800\" \/>\n\t<meta property=\"og:image:type\" content=\"image\/png\" \/>\n<meta name=\"twitter:label1\" content=\"Becs\u00fclt olvas\u00e1si id\u0151\" \/>\n\t<meta name=\"twitter:data1\" content=\"4 perc\" \/>\n<script type=\"application\/ld+json\" class=\"yoast-schema-graph\">{\"@context\":\"https:\/\/schema.org\",\"@graph\":[{\"@type\":\"WebPage\",\"@id\":\"https:\/\/business.roovi.com\/hu\/peder-mork-monsted-felnott-puzzle-nyirfak-a-tengerparton-1000-db\/p\/\",\"url\":\"https:\/\/business.roovi.com\/hu\/peder-mork-monsted-felnott-puzzle-nyirfak-a-tengerparton-1000-db\/p\/\",\"name\":\"Peder M\u00f8rk M\u00f8nsted feln\u0151tt puzzle - Ny\u00edrf\u00e1k a tengerparton - 1000 db\",\"isPartOf\":{\"@id\":\"https:\/\/business.roovi.com\/hu\/#website\"},\"datePublished\":\"2021-03-09T08:41:35+00:00\",\"dateModified\":\"2022-07-06T10:56:06+00:00\",\"description\":\"Peder M\u00f8rk M\u00f8nsted feln\u0151tt puzzle - Ny\u00edrf\u00e1k a tengerparton - 1000 db\",\"breadcrumb\":{\"@id\":\"https:\/\/business.roovi.com\/hu\/peder-mork-monsted-felnott-puzzle-nyirfak-a-tengerparton-1000-db\/p\/#breadcrumb\"},\"inLanguage\":\"hu\",\"potentialAction\":[{\"@type\":\"ReadAction\",\"target\":[\"https:\/\/business.roovi.com\/hu\/peder-mork-monsted-felnott-puzzle-nyirfak-a-tengerparton-1000-db\/p\/\"]}]},{\"@type\":\"BreadcrumbList\",\"@id\":\"https:\/\/business.roovi.com\/hu\/peder-mork-monsted-felnott-puzzle-nyirfak-a-tengerparton-1000-db\/p\/#breadcrumb\",\"itemListElement\":[{\"@type\":\"ListItem\",\"position\":1,\"name\":\"Home\",\"item\":\"https:\/\/business.roovi.com\/hu\/\"},{\"@type\":\"ListItem\",\"position\":2,\"name\":\"Shop\",\"item\":\"https:\/\/business.roovi.com\/hu\/shop\/\"},{\"@type\":\"ListItem\",\"position\":3,\"name\":\"Peder M\u00f8rk M\u00f8nsted feln\u0151tt puzzle &#8211; Ny\u00edrf\u00e1k a tengerparton &#8211; 1000 db\"}]},{\"@type\":\"WebSite\",\"@id\":\"https:\/\/business.roovi.com\/hu\/#website\",\"url\":\"https:\/\/business.roovi.com\/hu\/\",\"name\":\"Roovi B2B\",\"description\":\"Roovi Business Website\",\"potentialAction\":[{\"@type\":\"SearchAction\",\"target\":{\"@type\":\"EntryPoint\",\"urlTemplate\":\"https:\/\/business.roovi.com\/hu\/?s={search_term_string}\"},\"query-input\":\"required name=search_term_string\"}],\"inLanguage\":\"hu\"}]}<\/script>\n<!-- \/ Yoast SEO plugin. -->","yoast_head_json":{"title":"Peder M\u00f8rk M\u00f8nsted feln\u0151tt puzzle - Ny\u00edrf\u00e1k a tengerparton - 1000 db","description":"Peder M\u00f8rk M\u00f8nsted feln\u0151tt puzzle - Ny\u00edrf\u00e1k a tengerparton - 1000 db","robots":{"index":"index","follow":"follow","max-snippet":"max-snippet:-1","max-image-preview":"max-image-preview:large","max-video-preview":"max-video-preview:-1"},"canonical":"https:\/\/business.roovi.com\/hu\/peder-mork-monsted-felnott-puzzle-nyirfak-a-tengerparton-1000-db\/p\/","og_locale":"hu_HU","og_type":"article","og_title":"Peder M\u00f8rk M\u00f8nsted feln\u0151tt puzzle - Ny\u00edrf\u00e1k a tengerparton - 1000 db","og_description":"Peder M\u00f8rk M\u00f8nsted feln\u0151tt puzzle - Ny\u00edrf\u00e1k a tengerparton - 1000 db","og_url":"https:\/\/business.roovi.com\/hu\/peder-mork-monsted-felnott-puzzle-nyirfak-a-tengerparton-1000-db\/p\/","og_site_name":"Roovi B2B","article_publisher":"https:\/\/www.facebook.com\/wwwjucariero","article_modified_time":"2022-07-06T10:56:06+00:00","og_image":[{"width":800,"height":800,"url":"https:\/\/business.roovi.com\/wp-content\/uploads\/2021\/03\/77417-01_ansamblu_dimensiuni_cutie_cm-800x800.png","type":"image\/png"}],"twitter_misc":{"Becs\u00fclt olvas\u00e1si id\u0151":"4 perc"},"schema":{"@context":"https:\/\/schema.org","@graph":[{"@type":"WebPage","@id":"https:\/\/business.roovi.com\/hu\/peder-mork-monsted-felnott-puzzle-nyirfak-a-tengerparton-1000-db\/p\/","url":"https:\/\/business.roovi.com\/hu\/peder-mork-monsted-felnott-puzzle-nyirfak-a-tengerparton-1000-db\/p\/","name":"Peder M\u00f8rk M\u00f8nsted feln\u0151tt puzzle - Ny\u00edrf\u00e1k a tengerparton - 1000 db","isPartOf":{"@id":"https:\/\/business.roovi.com\/hu\/#website"},"datePublished":"2021-03-09T08:41:35+00:00","dateModified":"2022-07-06T10:56:06+00:00","description":"Peder M\u00f8rk M\u00f8nsted feln\u0151tt puzzle - Ny\u00edrf\u00e1k a tengerparton - 1000 db","breadcrumb":{"@id":"https:\/\/business.roovi.com\/hu\/peder-mork-monsted-felnott-puzzle-nyirfak-a-tengerparton-1000-db\/p\/#breadcrumb"},"inLanguage":"hu","potentialAction":[{"@type":"ReadAction","target":["https:\/\/business.roovi.com\/hu\/peder-mork-monsted-felnott-puzzle-nyirfak-a-tengerparton-1000-db\/p\/"]}]},{"@type":"BreadcrumbList","@id":"https:\/\/business.roovi.com\/hu\/peder-mork-monsted-felnott-puzzle-nyirfak-a-tengerparton-1000-db\/p\/#breadcrumb","itemListElement":[{"@type":"ListItem","position":1,"name":"Home","item":"https:\/\/business.roovi.com\/hu\/"},{"@type":"ListItem","position":2,"name":"Shop","item":"https:\/\/business.roovi.com\/hu\/shop\/"},{"@type":"ListItem","position":3,"name":"Peder M\u00f8rk M\u00f8nsted feln\u0151tt puzzle &#8211; Ny\u00edrf\u00e1k a tengerparton &#8211; 1000 db"}]},{"@type":"WebSite","@id":"https:\/\/business.roovi.com\/hu\/#website","url":"https:\/\/business.roovi.com\/hu\/","name":"Roovi B2B","description":"Roovi Business Website","potentialAction":[{"@type":"SearchAction","target":{"@type":"EntryPoint","urlTemplate":"https:\/\/business.roovi.com\/hu\/?s={search_term_string}"},"query-input":"required name=search_term_string"}],"inLanguage":"hu"}]}},"_links":{"self":[{"href":"https:\/\/business.roovi.com\/hu\/wp-json\/wp\/v2\/product\/38804","targetHints":{"allow":["GET"]}}],"collection":[{"href":"https:\/\/business.roovi.com\/hu\/wp-json\/wp\/v2\/product"}],"about":[{"href":"https:\/\/business.roovi.com\/hu\/wp-json\/wp\/v2\/types\/product"}],"version-history":[{"count":0,"href":"https:\/\/business.roovi.com\/hu\/wp-json\/wp\/v2\/product\/38804\/revisions"}],"wp:featuredmedia":[{"embeddable":true,"href":"https:\/\/business.roovi.com\/hu\/wp-json\/wp\/v2\/media\/64256"}],"wp:attachment":[{"href":"https:\/\/business.roovi.com\/hu\/wp-json\/wp\/v2\/media?parent=38804"}],"wp:term":[{"taxonomy":"product_brand","embeddable":true,"href":"https:\/\/business.roovi.com\/hu\/wp-json\/wp\/v2\/product_brand?post=38804"},{"taxonomy":"product_cat","embeddable":true,"href":"https:\/\/business.roovi.com\/hu\/wp-json\/wp\/v2\/product_cat?post=38804"},{"taxonomy":"product_tag","embeddable":true,"href":"https:\/\/business.roovi.com\/hu\/wp-json\/wp\/v2\/product_tag?post=38804"}],"curies":[{"name":"wp","href":"https:\/\/api.w.org\/{rel}","templated":true}]}}