{"id":38812,"date":"2021-03-09T08:34:59","date_gmt":"2021-03-09T08:34:59","guid":{"rendered":"https:\/\/business.roovi.com\/puzzle-adulti-vincent-van-gogh-memory-of-the-garden-at-etten-1000-piese\/p\/"},"modified":"2022-07-06T10:59:14","modified_gmt":"2022-07-06T10:59:14","slug":"vincent-van-gogh-felnott-puzzle-az-etteni-kert-emleke-1000-darabos-puzzle","status":"publish","type":"product","link":"https:\/\/business.roovi.com\/hu\/vincent-van-gogh-felnott-puzzle-az-etteni-kert-emleke-1000-darabos-puzzle\/p\/","title":{"rendered":"Vincent van Gogh feln\u0151tt puzzle &#8211; Az etteni kert eml\u00e9ke &#8211; 1000 darabos puzzle"},"content":{"rendered":"<p><span style=\"font-weight: 400\">\u00dcdv\u00f6z\u00f6lj\u00fck az 1000 darabos rejtv\u00e9nyek legnagyobb virtu\u00e1lis m\u0171v\u00e9szeti gal\u00e9ri\u00e1j\u00e1ban! Kih\u00edvunk t\u00e9ged, hogy \u00fajraalkosd Leonardo da Vinci, Vincent van Gogh, Claude Monet \u00e9s sok m\u00e1s h\u00edres festm\u00e9ny k\u00e9peit.<\/span><\/p>\n<p><span style=\"font-weight: 400\">Az 1000 darabos Vincent van Gogh &#8211; Az etteni kert eml\u00e9ke c\u00edm\u0171 puzzle Van Gogh m\u0171v\u00e9nek k\u00e9p\u00e9t adja vissza, amely a sz\u00ednek egyedi kombin\u00e1ci\u00f3j\u00e1t tartalmazza, \u00e9s \u00edgy egy eklektikus m\u0171vet alkot. Ez a csod\u00e1latos m\u0171v\u00e9szi puzzle min\u0151s\u00e9gi anyagokb\u00f3l k\u00e9sz\u00fclt, amelyek biztos\u00edtj\u00e1k, hogy t\u00f6bbsz\u00f6ri haszn\u00e1latot is kib\u00edrjon <\/span><\/p>\n<p><span style=\"font-weight: 400\">Az 1000 darabos Vincent van Gogh &#8211; Az etteni kert eml\u00e9kezete puzzle egy\u00e9b jellemz\u0151i<\/span><\/p>\n<p><strong>A rekonstru\u00e1lt k\u00e9p m\u00e9retei: 50 x 70 cm.<\/strong><span style=\"font-weight: 400\"> Egy k\u00f6z\u00f6ns\u00e9ges doh\u00e1nyz\u00f3asztalt is haszn\u00e1lhatsz a k\u00e9p \u00fajraalkot\u00e1s\u00e1hoz.<\/span><\/p>\n<p><strong>Puzzle anyag <\/strong><\/p>\n<p><strong>kiv\u00e1l\u00f3 min\u0151s\u00e9g\u0171 k\u00e9k karton<\/strong><\/p>\n<p><strong>fenntarthat\u00f3, \u00fajrahasznos\u00edthat\u00f3 anyagok<\/strong><\/p>\n<p><strong>f\u00e9lf\u00e9nyes kivitel, \u00e9l\u00e9nk sz\u00ednek<\/strong><\/p>\n<p><strong>A kirak\u00f3s darabok sz\u00e1ma: 1000<\/strong><\/p>\n<p><strong>Aj\u00e1nlott \u00e9letkor: 14+<\/strong><\/p>\n<p><strong>Hogyan seg\u00edtenek a feln\u0151tt rejtv\u00e9nyek eg\u00e9szs\u00e9gesebb\u00e9 v\u00e1lni?<\/strong><\/p>\n<p><span style=\"font-weight: 400\">Az 1000 darabos kirak\u00f3s j\u00e1t\u00e9k \u00f6ssze\u00e1ll\u00edt\u00e1sa sz\u00e1mos eg\u00e9szs\u00e9g\u00fcgyi el\u0151nnyel j\u00e1r. \u00cdme n\u00e9h\u00e1ny k\u00f6z\u00fcl\u00fck:<\/span><\/p>\n<p><span style=\"font-weight: 400\">Seg\u00edt ellazulni<\/span><\/p>\n<p><span style=\"font-weight: 400\">Eg\u00e9szs\u00e9gesen tartj\u00e1k az agyadat, mert intenz\u00edv edz\u00e9sben r\u00e9szes\u00edtik<\/span><\/p>\n<p><span style=\"font-weight: 400\">\u00c1ltal\u00e1nos j\u00f3 k\u00f6z\u00e9rzetet teremt<\/span><\/p>\n<p><span style=\"font-weight: 400\">\u00d6sszek\u00f6t a szeretteiddel, amikor 1000 darabos rejtv\u00e9nyeket j\u00e1tszol vel\u00fck<\/span><\/p>\n<p><span style=\"font-weight: 400\">Seg\u00edt kreat\u00edvabbnak lenni <\/span><\/p>\n<p><span style=\"font-weight: 400\">Jav\u00edtsa a mem\u00f3ri\u00e1j\u00e1t.<\/span><\/p>\n<p><strong>5 t\u00e9ny Vincent van Gogh Eml\u00e9kei az etteni kertr\u0151l c\u00edm\u0171 m\u0171v\u00e9vel kapcsolatban<\/strong><span style=\"font-weight: 400\"> <\/span><\/p>\n<p><span style=\"font-weight: 400\">1. A m\u0171v\u00e9sz Ettenben t\u00f6lt\u00f6tte az id\u0151t, ez id\u0151 alatt megtapasztalta a szerelmi csal\u00f3d\u00e1st.<\/span><\/p>\n<p><span style=\"font-weight: 400\">2. Az Ettenben t\u00f6lt\u00f6tt id\u0151 jelenti Vincent van Gogh t\u00edz\u00e9ves m\u0171v\u00e9szi p\u00e1lyafut\u00e1s\u00e1nak t\u00e9nyleges kezdet\u00e9t <\/span><span style=\"font-weight: 400\"> <\/span><\/p>\n<p><span style=\"font-weight: 400\">3. Ettenben Vincent beleszeretett nemr\u00e9g meg\u00f6zvegy\u00fclt unokatestv\u00e9r\u00e9be, Kee Vos-Strickerbe, de a l\u00e1ny brut\u00e1lisan visszautas\u00edtotta a h\u00e1zass\u00e1gi aj\u00e1nlat\u00e1t.<\/span><\/p>\n<p><span style=\"font-weight: 400\">4. \u00dagy t\u0171nik, hogy a fiatalabb n\u0151 Van Gogh festm\u00e9ny\u00e9n val\u00f3j\u00e1ban <\/span><span style=\"font-weight: 400\">Kee Vos Stricker.<\/span><\/p>\n<p><span style=\"font-weight: 400\">5. A m\u0171re hat\u00e1ssal volt a festm\u00e9ny  <\/span><em><span style=\"font-weight: 400\">Arl\u00e9siennes (Mistral)<\/span><\/em><span style=\"font-weight: 400\">  gauguin festm\u00e9nye, amelyet ugyanebben az id\u0151ben festett.<\/span><\/p>\n<p><strong>Az 1000 darabos kirak\u00f3sok b\u00fcszk\u00e9v\u00e9 tesznek t\u00e9ged<\/strong><\/p>\n<p><span style=\"font-weight: 400\">Amikor a t\u00f6bb sz\u00e1z puzzle-darab k\u00e1osz\u00e1b\u00f3l egy val\u00f3di festm\u00e9ny t\u00f6k\u00e9letes rendj\u00e9t hozod l\u00e9tre, a bels\u0151 el\u00e9gedetts\u00e9g csod\u00e1latos \u00e9rz\u00e9s\u00e9t \u00e9led \u00e1t. Mi lehet szebb ann\u00e1l az \u00e9rz\u00e9sn\u00e9l, hogy a kem\u00e9ny munka \u00e9s a t\u00fcrelem meghozta gy\u00fcm\u00f6lcs\u00e9t!<\/span><\/p>\n<p><span style=\"font-weight: 400\">Van Gogh m\u0171vei sz\u00e1mtalan szimb\u00f3lumot rejtenek \u00e9s intenz\u00edv \u00e9rzelmeket fejeznek ki. V\u00e1s\u00e1rolja meg a Vincent van Gogh &#8211; A kert eml\u00e9ke Ettenben c\u00edm\u0171 m\u0171v\u00e9szeti puzzle-t, \u00e9s tapasztalja meg a tud\u00e1st. A v\u00e9g\u00e9n egy gy\u00f6ny\u00f6r\u0171, 1000 darabos puzzle-festm\u00e9nyt kapsz, amelyet kedvenc szob\u00e1dban mutathatsz be. Aj\u00e1nd\u00e9kozd ezt a kirak\u00f3s j\u00e1t\u00e9kot egy bar\u00e1todnak, aki szenved\u00e9lyesen szereti a m\u0171v\u00e9szeti alkot\u00e1sokat \u00e9s a feln\u0151tteknek sz\u00f3l\u00f3 rejtv\u00e9nyeket.<\/span><\/p><\/p>\n","protected":false},"excerpt":{"rendered":"<p>\u00dcdv\u00f6z\u00f6lj\u00fck az 1000 darabos rejtv\u00e9nyek legnagyobb virtu\u00e1lis m\u0171v\u00e9szeti gal\u00e9ri\u00e1j\u00e1ban! Kih\u00edvunk t\u00e9ged, hogy \u00fajraalkosd Leonardo da Vinci, Vincent van Gogh, Claude<\/p>\n","protected":false},"featured_media":62866,"template":"","meta":[],"product_brand":[],"product_cat":[1881,1919,1920],"product_tag":[],"class_list":{"0":"post-38812","1":"product","2":"type-product","3":"status-publish","4":"has-post-thumbnail","6":"product_cat-kirakos-jatekok","7":"product_cat-felnott-kirakos-jatekok","8":"product_cat-1000-darabos-kirakos-jatek","9":"pa_bax-10-hu","10":"pa_brand-d_toys-hu","11":"pa_country_of_manufacture-ro-hu","12":"pa_filter_age-14-hu","13":"pa_painter-vincentvangogh-hu","14":"pa_tip_ambalaj-doboz","15":"pa_tip_puzzle-klasszikus","17":"first","18":"instock","19":"taxable","20":"shipping-taxable","21":"product-type-simple"},"yoast_head":"<!-- This site is optimized with the Yoast SEO plugin v20.1 - https:\/\/yoast.com\/wordpress\/plugins\/seo\/ -->\n<title>Vincent van Gogh feln\u0151tt puzzle - Az etteni kert eml\u00e9ke - 1000 darabos puzzle<\/title>\n<meta name=\"description\" content=\"Vincent van Gogh feln\u0151tt puzzle - Az etteni kert eml\u00e9ke - 1000 darabos puzzle\" \/>\n<meta name=\"robots\" content=\"index, follow, max-snippet:-1, max-image-preview:large, max-video-preview:-1\" \/>\n<link rel=\"canonical\" href=\"https:\/\/business.roovi.com\/hu\/vincent-van-gogh-felnott-puzzle-az-etteni-kert-emleke-1000-darabos-puzzle\/p\/\" \/>\n<meta property=\"og:locale\" content=\"hu_HU\" \/>\n<meta property=\"og:type\" content=\"article\" \/>\n<meta property=\"og:title\" content=\"Vincent van Gogh feln\u0151tt puzzle - Az etteni kert eml\u00e9ke - 1000 darabos puzzle\" \/>\n<meta property=\"og:description\" content=\"Vincent van Gogh feln\u0151tt puzzle - Az etteni kert eml\u00e9ke - 1000 darabos puzzle\" \/>\n<meta property=\"og:url\" content=\"https:\/\/business.roovi.com\/hu\/vincent-van-gogh-felnott-puzzle-az-etteni-kert-emleke-1000-darabos-puzzle\/p\/\" \/>\n<meta property=\"og:site_name\" content=\"Roovi B2B\" \/>\n<meta property=\"article:publisher\" content=\"https:\/\/www.facebook.com\/wwwjucariero\" \/>\n<meta property=\"article:modified_time\" content=\"2022-07-06T10:59:14+00:00\" \/>\n<meta property=\"og:image\" content=\"https:\/\/business.roovi.com\/wp-content\/uploads\/2021\/03\/66916-15_ansamblu_dimensiuni_cutie_cm-800x800.png\" \/>\n\t<meta property=\"og:image:width\" content=\"800\" \/>\n\t<meta property=\"og:image:height\" content=\"800\" \/>\n\t<meta property=\"og:image:type\" content=\"image\/png\" \/>\n<meta name=\"twitter:label1\" content=\"Becs\u00fclt olvas\u00e1si id\u0151\" \/>\n\t<meta name=\"twitter:data1\" content=\"3 perc\" \/>\n<script type=\"application\/ld+json\" class=\"yoast-schema-graph\">{\"@context\":\"https:\/\/schema.org\",\"@graph\":[{\"@type\":\"WebPage\",\"@id\":\"https:\/\/business.roovi.com\/hu\/vincent-van-gogh-felnott-puzzle-az-etteni-kert-emleke-1000-darabos-puzzle\/p\/\",\"url\":\"https:\/\/business.roovi.com\/hu\/vincent-van-gogh-felnott-puzzle-az-etteni-kert-emleke-1000-darabos-puzzle\/p\/\",\"name\":\"Vincent van Gogh feln\u0151tt puzzle - Az etteni kert eml\u00e9ke - 1000 darabos puzzle\",\"isPartOf\":{\"@id\":\"https:\/\/business.roovi.com\/hu\/#website\"},\"datePublished\":\"2021-03-09T08:34:59+00:00\",\"dateModified\":\"2022-07-06T10:59:14+00:00\",\"description\":\"Vincent van Gogh feln\u0151tt puzzle - Az etteni kert eml\u00e9ke - 1000 darabos puzzle\",\"breadcrumb\":{\"@id\":\"https:\/\/business.roovi.com\/hu\/vincent-van-gogh-felnott-puzzle-az-etteni-kert-emleke-1000-darabos-puzzle\/p\/#breadcrumb\"},\"inLanguage\":\"hu\",\"potentialAction\":[{\"@type\":\"ReadAction\",\"target\":[\"https:\/\/business.roovi.com\/hu\/vincent-van-gogh-felnott-puzzle-az-etteni-kert-emleke-1000-darabos-puzzle\/p\/\"]}]},{\"@type\":\"BreadcrumbList\",\"@id\":\"https:\/\/business.roovi.com\/hu\/vincent-van-gogh-felnott-puzzle-az-etteni-kert-emleke-1000-darabos-puzzle\/p\/#breadcrumb\",\"itemListElement\":[{\"@type\":\"ListItem\",\"position\":1,\"name\":\"Home\",\"item\":\"https:\/\/business.roovi.com\/hu\/\"},{\"@type\":\"ListItem\",\"position\":2,\"name\":\"Shop\",\"item\":\"https:\/\/business.roovi.com\/hu\/shop\/\"},{\"@type\":\"ListItem\",\"position\":3,\"name\":\"Vincent van Gogh feln\u0151tt puzzle &#8211; Az etteni kert eml\u00e9ke &#8211; 1000 darabos puzzle\"}]},{\"@type\":\"WebSite\",\"@id\":\"https:\/\/business.roovi.com\/hu\/#website\",\"url\":\"https:\/\/business.roovi.com\/hu\/\",\"name\":\"Roovi B2B\",\"description\":\"Roovi Business Website\",\"potentialAction\":[{\"@type\":\"SearchAction\",\"target\":{\"@type\":\"EntryPoint\",\"urlTemplate\":\"https:\/\/business.roovi.com\/hu\/?s={search_term_string}\"},\"query-input\":\"required name=search_term_string\"}],\"inLanguage\":\"hu\"}]}<\/script>\n<!-- \/ Yoast SEO plugin. -->","yoast_head_json":{"title":"Vincent van Gogh feln\u0151tt puzzle - Az etteni kert eml\u00e9ke - 1000 darabos puzzle","description":"Vincent van Gogh feln\u0151tt puzzle - Az etteni kert eml\u00e9ke - 1000 darabos puzzle","robots":{"index":"index","follow":"follow","max-snippet":"max-snippet:-1","max-image-preview":"max-image-preview:large","max-video-preview":"max-video-preview:-1"},"canonical":"https:\/\/business.roovi.com\/hu\/vincent-van-gogh-felnott-puzzle-az-etteni-kert-emleke-1000-darabos-puzzle\/p\/","og_locale":"hu_HU","og_type":"article","og_title":"Vincent van Gogh feln\u0151tt puzzle - Az etteni kert eml\u00e9ke - 1000 darabos puzzle","og_description":"Vincent van Gogh feln\u0151tt puzzle - Az etteni kert eml\u00e9ke - 1000 darabos puzzle","og_url":"https:\/\/business.roovi.com\/hu\/vincent-van-gogh-felnott-puzzle-az-etteni-kert-emleke-1000-darabos-puzzle\/p\/","og_site_name":"Roovi B2B","article_publisher":"https:\/\/www.facebook.com\/wwwjucariero","article_modified_time":"2022-07-06T10:59:14+00:00","og_image":[{"width":800,"height":800,"url":"https:\/\/business.roovi.com\/wp-content\/uploads\/2021\/03\/66916-15_ansamblu_dimensiuni_cutie_cm-800x800.png","type":"image\/png"}],"twitter_misc":{"Becs\u00fclt olvas\u00e1si id\u0151":"3 perc"},"schema":{"@context":"https:\/\/schema.org","@graph":[{"@type":"WebPage","@id":"https:\/\/business.roovi.com\/hu\/vincent-van-gogh-felnott-puzzle-az-etteni-kert-emleke-1000-darabos-puzzle\/p\/","url":"https:\/\/business.roovi.com\/hu\/vincent-van-gogh-felnott-puzzle-az-etteni-kert-emleke-1000-darabos-puzzle\/p\/","name":"Vincent van Gogh feln\u0151tt puzzle - Az etteni kert eml\u00e9ke - 1000 darabos puzzle","isPartOf":{"@id":"https:\/\/business.roovi.com\/hu\/#website"},"datePublished":"2021-03-09T08:34:59+00:00","dateModified":"2022-07-06T10:59:14+00:00","description":"Vincent van Gogh feln\u0151tt puzzle - Az etteni kert eml\u00e9ke - 1000 darabos puzzle","breadcrumb":{"@id":"https:\/\/business.roovi.com\/hu\/vincent-van-gogh-felnott-puzzle-az-etteni-kert-emleke-1000-darabos-puzzle\/p\/#breadcrumb"},"inLanguage":"hu","potentialAction":[{"@type":"ReadAction","target":["https:\/\/business.roovi.com\/hu\/vincent-van-gogh-felnott-puzzle-az-etteni-kert-emleke-1000-darabos-puzzle\/p\/"]}]},{"@type":"BreadcrumbList","@id":"https:\/\/business.roovi.com\/hu\/vincent-van-gogh-felnott-puzzle-az-etteni-kert-emleke-1000-darabos-puzzle\/p\/#breadcrumb","itemListElement":[{"@type":"ListItem","position":1,"name":"Home","item":"https:\/\/business.roovi.com\/hu\/"},{"@type":"ListItem","position":2,"name":"Shop","item":"https:\/\/business.roovi.com\/hu\/shop\/"},{"@type":"ListItem","position":3,"name":"Vincent van Gogh feln\u0151tt puzzle &#8211; Az etteni kert eml\u00e9ke &#8211; 1000 darabos puzzle"}]},{"@type":"WebSite","@id":"https:\/\/business.roovi.com\/hu\/#website","url":"https:\/\/business.roovi.com\/hu\/","name":"Roovi B2B","description":"Roovi Business Website","potentialAction":[{"@type":"SearchAction","target":{"@type":"EntryPoint","urlTemplate":"https:\/\/business.roovi.com\/hu\/?s={search_term_string}"},"query-input":"required name=search_term_string"}],"inLanguage":"hu"}]}},"_links":{"self":[{"href":"https:\/\/business.roovi.com\/hu\/wp-json\/wp\/v2\/product\/38812","targetHints":{"allow":["GET"]}}],"collection":[{"href":"https:\/\/business.roovi.com\/hu\/wp-json\/wp\/v2\/product"}],"about":[{"href":"https:\/\/business.roovi.com\/hu\/wp-json\/wp\/v2\/types\/product"}],"version-history":[{"count":0,"href":"https:\/\/business.roovi.com\/hu\/wp-json\/wp\/v2\/product\/38812\/revisions"}],"wp:featuredmedia":[{"embeddable":true,"href":"https:\/\/business.roovi.com\/hu\/wp-json\/wp\/v2\/media\/62866"}],"wp:attachment":[{"href":"https:\/\/business.roovi.com\/hu\/wp-json\/wp\/v2\/media?parent=38812"}],"wp:term":[{"taxonomy":"product_brand","embeddable":true,"href":"https:\/\/business.roovi.com\/hu\/wp-json\/wp\/v2\/product_brand?post=38812"},{"taxonomy":"product_cat","embeddable":true,"href":"https:\/\/business.roovi.com\/hu\/wp-json\/wp\/v2\/product_cat?post=38812"},{"taxonomy":"product_tag","embeddable":true,"href":"https:\/\/business.roovi.com\/hu\/wp-json\/wp\/v2\/product_tag?post=38812"}],"curies":[{"name":"wp","href":"https:\/\/api.w.org\/{rel}","templated":true}]}}