{"id":38835,"date":"2021-03-05T10:45:16","date_gmt":"2021-03-05T10:45:16","guid":{"rendered":"https:\/\/business.roovi.com\/puzzle-adulti-1000-piese-umberto-boccioni-horse-rider-houses\/p\/"},"modified":"2022-07-06T11:04:26","modified_gmt":"2022-07-06T11:04:26","slug":"1000-darab-umberto-boccioni-felnott-puzzle-lovas-hazak","status":"publish","type":"product","link":"https:\/\/business.roovi.com\/hu\/1000-darab-umberto-boccioni-felnott-puzzle-lovas-hazak\/p\/","title":{"rendered":"1000 darab Umberto Boccioni feln\u0151tt puzzle &#8211; lovas h\u00e1zak"},"content":{"rendered":"<p><span style=\"font-weight: 400;font-size: 14px;line-height: 14px\">Fedezze fel a sz\u00ednek leny\u0171g\u00f6z\u0151 vil\u00e1g\u00e1t Rom\u00e1nia legnagyobb m\u0171v\u00e9szeti rejtv\u00e9nyk\u00edn\u00e1lat\u00e1n kereszt\u00fcl! Da Vinci, Van Gogh, Klimt \u00e9s sokan m\u00e1sok m\u00e1r csak egy kattint\u00e1snyira vannak. V\u00e1s\u00e1roljon 1000 darabos rejtv\u00e9nyeket h\u00edres festm\u00e9nyekr\u0151l, \u00e9s hozzon l\u00e9tre egy eredeti m\u0171v\u00e9szeti gy\u0171jtem\u00e9nyt.<\/span><\/p>\n<p><span style=\"font-weight: 400;font-size: 14px;line-height: 14px\">Az Umberto Boccioni &#8211; Horse Rider Houses 1000 darabos puzzle egy olyan futurisztikus m\u0171alkot\u00e1st mutat be, amely szak\u00edt a konformit\u00e1s form\u00e1j\u00e1val. Hozd ki a hat\u00e1raidat, \u00e9s hozd l\u00e9tre \u00fajra ezt az egyed\u00fcl\u00e1ll\u00f3 m\u0171alkot\u00e1st <\/span><\/p>\n<p><span style=\"font-weight: 400;font-size: 14px;line-height: 14px\">Ennek a m\u0171v\u00e9szi kirak\u00f3snak az \u00f6ssze\u00e1ll\u00edt\u00e1s\u00e1hoz mind\u00f6ssze egy doh\u00e1nyz\u00f3asztalra van sz\u00fcks\u00e9ged, amelyre mind az 1000 darabot kiter\u00edtheted, \u00e9s sok t\u00fcrelemre. A v\u00e9g\u00e9n egy 50 x 70 cm-es festm\u00e9nyt kapsz, amelyet bekeretezhetsz \u00e9s ki\u00e1ll\u00edthatsz otthonod fal\u00e1ra.<\/span><\/p>\n<p><span style=\"font-size: 14px;line-height: 14px\"><strong>Puzzle anyag <\/strong><\/span><\/p>\n<p><span style=\"font-size: 14px;line-height: 14px\"><strong>kiv\u00e1l\u00f3 min\u0151s\u00e9g\u0171 k\u00e9k karton<\/strong><\/span><\/p>\n<p><span style=\"font-size: 14px;line-height: 14px\"><strong>fenntarthat\u00f3, \u00fajrahasznos\u00edthat\u00f3 anyagok<\/strong><\/span><\/p>\n<p><span style=\"font-size: 14px;line-height: 14px\"><strong>f\u00e9lf\u00e9nyes kivitel, \u00e9l\u00e9nk sz\u00ednek<\/strong><\/span><\/p>\n<p><span style=\"font-size: 14px;line-height: 14px\"><strong>A kirak\u00f3s darabok sz\u00e1ma: 1000<\/strong><\/span><\/p>\n<p><span style=\"font-size: 14px;line-height: 14px\"><strong>Aj\u00e1nlott \u00e9letkor: 14+<\/strong><\/span><\/p>\n<p><span style=\"font-size: 14px;line-height: 14px\"><strong>A kirak\u00f3s j\u00e1t\u00e9kok seg\u00edtenek j\u00f3 strat\u00e9g\u00e1v\u00e1 v\u00e1lni<\/strong><\/span><\/p>\n<p><span style=\"font-weight: 400;font-size: 14px;line-height: 14px\">Az 1000 darabos puzzle egy logikusan megoldhat\u00f3 probl\u00e9ma. A megold\u00e1shoz az elm\u00e9dnek kell megtal\u00e1lnia a legjobb strat\u00e9gi\u00e1t. Ha minden nap gyakorolsz, azt fogod tapasztalni, hogy egyre jobb \u00e9s jobb leszel, \u00e9s az \u00f6sszeszerel\u00e9si id\u0151d minden egyes \u00faj feln\u0151tt kirak\u00f3val, amit \u00fajra megcsin\u00e1lsz, cs\u00f6kkenni fog. Ez a folyamatos gyakorl\u00e1s seg\u00edt kreat\u00edvnak lenni, \u00e9s gyorsabban megoldani a nap mint nap felmer\u00fcl\u0151 egy\u00e9b probl\u00e9m\u00e1kat.<\/span><\/p>\n<p><span style=\"font-size: 14px;line-height: 14px\"><strong>A puzzle j\u00e1t\u00e9kok tiszt\u00e1n tartj\u00e1k a mem\u00f3ri\u00e1t<\/strong><\/span><\/p>\n<p><span style=\"font-weight: 400;font-size: 14px;line-height: 14px\">M\u00e9g azt is elfelejted, hogy hol parkolt\u00e1l, amikor a szupermarketbe m\u00e9sz? Ez sok emberrel megt\u00f6rt\u00e9nik, ne agg\u00f3dj. A stressz, a f\u00e1radts\u00e1g vagy a kimer\u00fclts\u00e9g csak n\u00e9h\u00e1ny ok, amely hat\u00e1ssal van a r\u00f6vid t\u00e1v\u00fa mem\u00f3ri\u00e1ra. Ha azt akarod, hogy az elm\u00e9d sokkal jobban m\u0171k\u00f6dj\u00f6n, gyakorold a kirak\u00f3s j\u00e1t\u00e9kokat minden nap. Jobb lesz a mem\u00f3ri\u00e1ja \u00e9s optimist\u00e1bb lesz a hangulata.<\/span><\/p>\n<p><span style=\"font-size: 14px;line-height: 14px\"><strong>A kirak\u00f3s j\u00e1t\u00e9kok var\u00e1zslatos pillanatokat szereznek szeretteidnek<\/strong><\/span><\/p>\n<p><span style=\"font-weight: 400;font-size: 14px;line-height: 14px\">Szeretne min\u0151s\u00e9gi id\u0151t t\u00f6lteni tizen\u00e9ves gyermekeivel? H\u00edvja ki \u0151ket egy h\u00e9tv\u00e9gi kirak\u00f3s j\u00e1t\u00e9kra. Felfedezheted, hogy mennyire kreat\u00edvak, \u00e9s mennyire sz\u00edvesen megmutatj\u00e1k, milyen j\u00f3l tudnak k\u00e9peket \u00f6sszerakni. Egy\u00fctt nagyszer\u0171 csapatot alkotnak, \u00e9s a szabadidej\u00fcket a k\u00e9perny\u0151kt\u0151l t\u00e1vol t\u00f6ltik.<\/span><\/p>\n<p><span style=\"font-size: 14px;line-height: 14px\"><strong>5 dolog, amit Umberto Boccionir\u00f3l tudni kell<\/strong><\/span><\/p>\n<p><span style=\"font-weight: 400;font-size: 14px;line-height: 14px\">1. Az olasz futurista mozgalom n\u00e9h\u00e1ny ikonikus festm\u00e9ny\u00e9t \u00e9s szobr\u00e1t alkotta meg, a modern \u00e9let sz\u00edneit \u00e9s dinamizmus\u00e1t megragadva egy olyan st\u00edlusban, amelyet sz\u00e1mos ki\u00e1ltv\u00e1nyban \u00e9s cikkben elm\u00e9letileg megalapozott \u00e9s v\u00e9delmezett.<\/span><\/p>\n<p><span style=\"font-weight: 400;font-size: 14px;line-height: 14px\">2. Sz\u00e1mos karikat\u00far\u00e1t \u00e9s plak\u00e1tot k\u00e9sz\u00edtett, amelyek egy kis j\u00f6vedelmet biztos\u00edtottak k\u00e9pz\u0151m\u0171v\u00e9szi k\u00e9pz\u00e9s\u00e9nek t\u00e1mogat\u00e1s\u00e1hoz.<\/span><\/p>\n<p><span style=\"font-size: 14px;line-height: 14px\"><span style=\"font-weight: 400\">3. A m\u0171v\u00e9sz nemcsak fest\u0151, hanem \u00edr\u00f3 is volt. \u0150 a szerz\u0151je a <\/span><span style=\"font-weight: 400\">&#8222;A l\u00e9lek szenved\u00e9sei <\/span><\/span><\/p>\n<p><span style=\"font-weight: 400;font-size: 14px;line-height: 14px\">4. \u00d6nk\u00e9nt jelentkezett a h\u00e1bor\u00faba, mert meg volt gy\u0151z\u0151dve arr\u00f3l, hogy ez az egyetlen m\u00f3dja annak, hogy &#8222;megtiszt\u00edts\u00e1k a vil\u00e1got&#8221;.<\/span><\/p>\n<p><span style=\"font-weight: 400;font-size: 14px;line-height: 14px\">5. 34 \u00e9ves kor\u00e1ban halt meg egy ostoba balesetben, amikor leesett a lov\u00e1r\u00f3l.<\/span><\/p>\n<p><span style=\"font-weight: 400;font-size: 14px;line-height: 14px\">Szeretn\u00e9 el\u0171zni az es\u0151s napok vagy a hossz\u00fa, unalmas est\u00e9k egyhang\u00fas\u00e1g\u00e1t? Fedezze fel az Umberto Boccioni &#8211; Lovas h\u00e1zak 1000 darabos kirak\u00f3st \u00e9s \u00e9lvezze a m\u0171v\u00e9szi kirak\u00f3k minden el\u0151ny\u00e9t. Fokozza eszt\u00e9tikai \u00e9rz\u00e9k\u00e9t, \u00e9s d\u00edsz\u00edtse otthon\u00e1t egy 1000 darabos puzzle-t\u00e1rgy seg\u00edts\u00e9g\u00e9vel <\/span><\/p>\n<p><span style=\"font-weight: 400;font-size: 14px;line-height: 14px\">\u00c1ll\u00edtsd \u00f6ssze bar\u00e1taiddal egy\u00fctt ezt a csod\u00e1latos Umberto Boccioni &#8211; Lovas h\u00e1zak m\u0171v\u00e9szeti puzzle-t, \u00e9s \u00e9lj \u00e1t egy egyed\u00fcl\u00e1ll\u00f3 \u00e9lm\u00e9nyt a szabadid\u0151dben <\/span><span style=\"font-weight: 400;font-size: 14px;line-height: 14px\">V\u00e1s\u00e1rolja meg most Umberto Boccioni &#8211; Lovas h\u00e1zak 1000 darabos kirak\u00f3j\u00e1t\u00e9kot mag\u00e1nak, vagy aj\u00e1nd\u00e9kozza meg egy bar\u00e1tj\u00e1nak, aki szereti a kirak\u00f3s j\u00e1t\u00e9kokat.<\/span><\/p>\n","protected":false},"excerpt":{"rendered":"<p>Fedezze fel a sz\u00ednek leny\u0171g\u00f6z\u0151 vil\u00e1g\u00e1t Rom\u00e1nia legnagyobb m\u0171v\u00e9szeti rejtv\u00e9nyk\u00edn\u00e1lat\u00e1n kereszt\u00fcl! Da Vinci, Van Gogh, Klimt \u00e9s sokan m\u00e1sok m\u00e1r<\/p>\n","protected":false},"featured_media":64189,"template":"","meta":[],"product_brand":[],"product_cat":[1881,1919,1920],"product_tag":[],"class_list":{"0":"post-38835","1":"product","2":"type-product","3":"status-publish","4":"has-post-thumbnail","6":"product_cat-kirakos-jatekok","7":"product_cat-felnott-kirakos-jatekok","8":"product_cat-1000-darabos-kirakos-jatek","9":"pa_bax-10-hu","10":"pa_brand-d_toys-hu","11":"pa_country_of_manufacture-ro-hu","12":"pa_filter_age-14-hu","13":"pa_painter-sandrobotticelli-hu","14":"pa_tip_ambalaj-doboz","15":"pa_tip_puzzle-klasszikus","17":"first","18":"instock","19":"taxable","20":"shipping-taxable","21":"product-type-simple"},"yoast_head":"<!-- This site is optimized with the Yoast SEO plugin v20.1 - https:\/\/yoast.com\/wordpress\/plugins\/seo\/ -->\n<title>1000 darab Umberto Boccioni feln\u0151tt puzzle - lovas h\u00e1zak<\/title>\n<meta name=\"description\" content=\"1000 darab Umberto Boccioni feln\u0151tt puzzle - lovas h\u00e1zak\" \/>\n<meta name=\"robots\" content=\"index, follow, max-snippet:-1, max-image-preview:large, max-video-preview:-1\" \/>\n<link rel=\"canonical\" href=\"https:\/\/business.roovi.com\/hu\/1000-darab-umberto-boccioni-felnott-puzzle-lovas-hazak\/p\/\" \/>\n<meta property=\"og:locale\" content=\"hu_HU\" \/>\n<meta property=\"og:type\" content=\"article\" \/>\n<meta property=\"og:title\" content=\"1000 darab Umberto Boccioni feln\u0151tt puzzle - lovas h\u00e1zak\" \/>\n<meta property=\"og:description\" content=\"1000 darab Umberto Boccioni feln\u0151tt puzzle - lovas h\u00e1zak\" \/>\n<meta property=\"og:url\" content=\"https:\/\/business.roovi.com\/hu\/1000-darab-umberto-boccioni-felnott-puzzle-lovas-hazak\/p\/\" \/>\n<meta property=\"og:site_name\" content=\"Roovi B2B\" \/>\n<meta property=\"article:publisher\" content=\"https:\/\/www.facebook.com\/wwwjucariero\" \/>\n<meta property=\"article:modified_time\" content=\"2022-07-06T11:04:26+00:00\" \/>\n<meta property=\"og:image\" content=\"https:\/\/business.roovi.com\/wp-content\/uploads\/2021\/03\/77370-01_ansamblu_dimensiuni_cutie_cm_1200x1200.png\" \/>\n\t<meta property=\"og:image:width\" content=\"1200\" \/>\n\t<meta property=\"og:image:height\" content=\"1200\" \/>\n\t<meta property=\"og:image:type\" content=\"image\/png\" \/>\n<meta name=\"twitter:label1\" content=\"Becs\u00fclt olvas\u00e1si id\u0151\" \/>\n\t<meta name=\"twitter:data1\" content=\"4 perc\" \/>\n<script type=\"application\/ld+json\" class=\"yoast-schema-graph\">{\"@context\":\"https:\/\/schema.org\",\"@graph\":[{\"@type\":\"WebPage\",\"@id\":\"https:\/\/business.roovi.com\/hu\/1000-darab-umberto-boccioni-felnott-puzzle-lovas-hazak\/p\/\",\"url\":\"https:\/\/business.roovi.com\/hu\/1000-darab-umberto-boccioni-felnott-puzzle-lovas-hazak\/p\/\",\"name\":\"1000 darab Umberto Boccioni feln\u0151tt puzzle - lovas h\u00e1zak\",\"isPartOf\":{\"@id\":\"https:\/\/business.roovi.com\/hu\/#website\"},\"datePublished\":\"2021-03-05T10:45:16+00:00\",\"dateModified\":\"2022-07-06T11:04:26+00:00\",\"description\":\"1000 darab Umberto Boccioni feln\u0151tt puzzle - lovas h\u00e1zak\",\"breadcrumb\":{\"@id\":\"https:\/\/business.roovi.com\/hu\/1000-darab-umberto-boccioni-felnott-puzzle-lovas-hazak\/p\/#breadcrumb\"},\"inLanguage\":\"hu\",\"potentialAction\":[{\"@type\":\"ReadAction\",\"target\":[\"https:\/\/business.roovi.com\/hu\/1000-darab-umberto-boccioni-felnott-puzzle-lovas-hazak\/p\/\"]}]},{\"@type\":\"BreadcrumbList\",\"@id\":\"https:\/\/business.roovi.com\/hu\/1000-darab-umberto-boccioni-felnott-puzzle-lovas-hazak\/p\/#breadcrumb\",\"itemListElement\":[{\"@type\":\"ListItem\",\"position\":1,\"name\":\"Home\",\"item\":\"https:\/\/business.roovi.com\/hu\/\"},{\"@type\":\"ListItem\",\"position\":2,\"name\":\"Shop\",\"item\":\"https:\/\/business.roovi.com\/hu\/shop\/\"},{\"@type\":\"ListItem\",\"position\":3,\"name\":\"1000 darab Umberto Boccioni feln\u0151tt puzzle &#8211; lovas h\u00e1zak\"}]},{\"@type\":\"WebSite\",\"@id\":\"https:\/\/business.roovi.com\/hu\/#website\",\"url\":\"https:\/\/business.roovi.com\/hu\/\",\"name\":\"Roovi B2B\",\"description\":\"Roovi Business Website\",\"potentialAction\":[{\"@type\":\"SearchAction\",\"target\":{\"@type\":\"EntryPoint\",\"urlTemplate\":\"https:\/\/business.roovi.com\/hu\/?s={search_term_string}\"},\"query-input\":\"required name=search_term_string\"}],\"inLanguage\":\"hu\"}]}<\/script>\n<!-- \/ Yoast SEO plugin. -->","yoast_head_json":{"title":"1000 darab Umberto Boccioni feln\u0151tt puzzle - lovas h\u00e1zak","description":"1000 darab Umberto Boccioni feln\u0151tt puzzle - lovas h\u00e1zak","robots":{"index":"index","follow":"follow","max-snippet":"max-snippet:-1","max-image-preview":"max-image-preview:large","max-video-preview":"max-video-preview:-1"},"canonical":"https:\/\/business.roovi.com\/hu\/1000-darab-umberto-boccioni-felnott-puzzle-lovas-hazak\/p\/","og_locale":"hu_HU","og_type":"article","og_title":"1000 darab Umberto Boccioni feln\u0151tt puzzle - lovas h\u00e1zak","og_description":"1000 darab Umberto Boccioni feln\u0151tt puzzle - lovas h\u00e1zak","og_url":"https:\/\/business.roovi.com\/hu\/1000-darab-umberto-boccioni-felnott-puzzle-lovas-hazak\/p\/","og_site_name":"Roovi B2B","article_publisher":"https:\/\/www.facebook.com\/wwwjucariero","article_modified_time":"2022-07-06T11:04:26+00:00","og_image":[{"width":1200,"height":1200,"url":"https:\/\/business.roovi.com\/wp-content\/uploads\/2021\/03\/77370-01_ansamblu_dimensiuni_cutie_cm_1200x1200.png","type":"image\/png"}],"twitter_misc":{"Becs\u00fclt olvas\u00e1si id\u0151":"4 perc"},"schema":{"@context":"https:\/\/schema.org","@graph":[{"@type":"WebPage","@id":"https:\/\/business.roovi.com\/hu\/1000-darab-umberto-boccioni-felnott-puzzle-lovas-hazak\/p\/","url":"https:\/\/business.roovi.com\/hu\/1000-darab-umberto-boccioni-felnott-puzzle-lovas-hazak\/p\/","name":"1000 darab Umberto Boccioni feln\u0151tt puzzle - lovas h\u00e1zak","isPartOf":{"@id":"https:\/\/business.roovi.com\/hu\/#website"},"datePublished":"2021-03-05T10:45:16+00:00","dateModified":"2022-07-06T11:04:26+00:00","description":"1000 darab Umberto Boccioni feln\u0151tt puzzle - lovas h\u00e1zak","breadcrumb":{"@id":"https:\/\/business.roovi.com\/hu\/1000-darab-umberto-boccioni-felnott-puzzle-lovas-hazak\/p\/#breadcrumb"},"inLanguage":"hu","potentialAction":[{"@type":"ReadAction","target":["https:\/\/business.roovi.com\/hu\/1000-darab-umberto-boccioni-felnott-puzzle-lovas-hazak\/p\/"]}]},{"@type":"BreadcrumbList","@id":"https:\/\/business.roovi.com\/hu\/1000-darab-umberto-boccioni-felnott-puzzle-lovas-hazak\/p\/#breadcrumb","itemListElement":[{"@type":"ListItem","position":1,"name":"Home","item":"https:\/\/business.roovi.com\/hu\/"},{"@type":"ListItem","position":2,"name":"Shop","item":"https:\/\/business.roovi.com\/hu\/shop\/"},{"@type":"ListItem","position":3,"name":"1000 darab Umberto Boccioni feln\u0151tt puzzle &#8211; lovas h\u00e1zak"}]},{"@type":"WebSite","@id":"https:\/\/business.roovi.com\/hu\/#website","url":"https:\/\/business.roovi.com\/hu\/","name":"Roovi B2B","description":"Roovi Business Website","potentialAction":[{"@type":"SearchAction","target":{"@type":"EntryPoint","urlTemplate":"https:\/\/business.roovi.com\/hu\/?s={search_term_string}"},"query-input":"required name=search_term_string"}],"inLanguage":"hu"}]}},"_links":{"self":[{"href":"https:\/\/business.roovi.com\/hu\/wp-json\/wp\/v2\/product\/38835","targetHints":{"allow":["GET"]}}],"collection":[{"href":"https:\/\/business.roovi.com\/hu\/wp-json\/wp\/v2\/product"}],"about":[{"href":"https:\/\/business.roovi.com\/hu\/wp-json\/wp\/v2\/types\/product"}],"version-history":[{"count":0,"href":"https:\/\/business.roovi.com\/hu\/wp-json\/wp\/v2\/product\/38835\/revisions"}],"wp:featuredmedia":[{"embeddable":true,"href":"https:\/\/business.roovi.com\/hu\/wp-json\/wp\/v2\/media\/64189"}],"wp:attachment":[{"href":"https:\/\/business.roovi.com\/hu\/wp-json\/wp\/v2\/media?parent=38835"}],"wp:term":[{"taxonomy":"product_brand","embeddable":true,"href":"https:\/\/business.roovi.com\/hu\/wp-json\/wp\/v2\/product_brand?post=38835"},{"taxonomy":"product_cat","embeddable":true,"href":"https:\/\/business.roovi.com\/hu\/wp-json\/wp\/v2\/product_cat?post=38835"},{"taxonomy":"product_tag","embeddable":true,"href":"https:\/\/business.roovi.com\/hu\/wp-json\/wp\/v2\/product_tag?post=38835"}],"curies":[{"name":"wp","href":"https:\/\/api.w.org\/{rel}","templated":true}]}}