{"id":38841,"date":"2021-03-05T10:32:17","date_gmt":"2021-03-05T10:32:17","guid":{"rendered":"https:\/\/business.roovi.com\/puzzle-adulti-1000-piese-amedeo-modigliani-portrait-of-jeanne-hebuterne\/p\/"},"modified":"2022-07-06T11:09:08","modified_gmt":"2022-07-06T11:09:08","slug":"amedeo-modigliani-1000-darabos-felnott-puzzle-jeanne-hebuterne-portreja","status":"publish","type":"product","link":"https:\/\/business.roovi.com\/hu\/amedeo-modigliani-1000-darabos-felnott-puzzle-jeanne-hebuterne-portreja\/p\/","title":{"rendered":"Amedeo Modigliani 1000 darabos feln\u0151tt puzzle &#8211; Jeanne H\u00e9buterne portr\u00e9ja"},"content":{"rendered":"<p><span style=\"font-weight: 400;font-size: 14px\">Szereted a kirak\u00f3s j\u00e1t\u00e9kokat? Mit sz\u00f3lsz a m\u0171v\u00e9szeti rejtv\u00e9nyekhez? Kih\u00edvunk t\u00e9ged, hogy egy 1000 darabos kirak\u00f3sb\u00f3l \u00fajraalkosd a vil\u00e1g legh\u00edresebb festm\u00e9nyeinek k\u00e9peit. Garant\u00e1ljuk, hogy ak\u00e1r 30 \u00f3r\u00e1nyi pihentet\u0151 sz\u00f3rakoz\u00e1st, \u00e9s a v\u00e9g\u00e9n csod\u00e1latos m\u0171v\u00e9szi festm\u00e9nyeket!<\/span><\/p>\n<p><span style=\"font-weight: 400;font-size: 14px\">Amedeo Modigliani zseni\u00e1lis fest\u0151 volt, h\u00edres festm\u00e9nyeinek kifinomults\u00e1g\u00e1r\u00f3l. \u0150r\u00fclt szerelmet t\u00e1pl\u00e1lt Jeanne H\u00e9buterne ir\u00e1nt, aki a m\u00fazs\u00e1ja \u00e9s feles\u00e9ge volt. Az Amedeo Modigliani &#8211; Jeanne H\u00e9buterne portr\u00e9ja egy 1000 darabos kirak\u00f3s j\u00e1t\u00e9k, amely a m\u0171v\u00e9sz \u00e1ltal szeretett asszonyr\u00f3l festett portr\u00e9k egyik\u00e9t \u00e1br\u00e1zolja. K\u00e9sz\u00edtsen portr\u00e9t a melankolikus \u00e9s szeret\u0151 n\u0151r\u0151l, aki a nagy m\u0171v\u00e9sz oldal\u00e1n \u00e1llt, \u00e9s \u00e9lvezze a pihen\u00e9s \u00e9s az elvonults\u00e1g sok-sok \u00f3r\u00e1j\u00e1t egy igazi m\u0171alkot\u00e1s el\u0151tt.<\/span><\/p>\n<p><span style=\"font-weight: 400;font-size: 14px\">Egy k\u00f6z\u00f6ns\u00e9ges doh\u00e1nyz\u00f3asztalt is haszn\u00e1lhatsz a k\u00e9p \u00fajraalkot\u00e1s\u00e1hoz. A v\u00e9gleges festm\u00e9ny m\u00e9rete 50 x 70 cm. Olvasson t\u00f6bbet az Amedeo Modigliani &#8211; Jeanne H\u00e9buterne portr\u00e9ja c\u00edm\u0171 m\u0171v\u00e9szeti kirak\u00f3sr\u00f3l az al\u00e1bbiakban:<\/span><\/p>\n<p><span style=\"font-size: 14px\"><strong>Anyag puzzle <\/strong><\/span><\/p>\n<p><span style=\"font-size: 14px\"><strong>kiv\u00e1l\u00f3 min\u0151s\u00e9g\u0171 k\u00e9k karton<\/strong><\/span><\/p>\n<p><span style=\"font-size: 14px\"><strong>fenntarthat\u00f3, \u00fajrahasznos\u00edthat\u00f3 anyagok<\/strong><\/span><\/p>\n<p><span style=\"font-size: 14px\"><strong>f\u00e9lf\u00e9nyes kivitel, \u00e9l\u00e9nk sz\u00ednek<\/strong><\/span><\/p>\n<p><span style=\"font-size: 14px\"><strong>A kirak\u00f3s darabok sz\u00e1ma: 1000<\/strong><\/span><\/p>\n<p><span style=\"font-size: 14px\"><strong>Aj\u00e1nlott \u00e9letkor: 14+<\/strong><\/span><\/p>\n<p><span style=\"font-size: 14px\"><strong>A kirak\u00f3s j\u00e1t\u00e9kok \u00e9s a termel\u00e9kenys\u00e9g n\u00f6veked\u00e9se k\u00f6z\u00f6tti kapcsolat<\/strong><\/span><\/p>\n<p><span style=\"font-weight: 400;font-size: 14px\">Tudta, hogy a kirak\u00f3s j\u00e1t\u00e9kok \u00e9s a munkatermel\u00e9kenys\u00e9g k\u00f6z\u00f6tt szoros kapcsolat van? Ha nyugodt vagy, jobban tudsz koncentr\u00e1lni, \u00e9s gyors \u00e9s innovat\u00edv megold\u00e1sokat tal\u00e1lsz a probl\u00e9m\u00e1kra. Ez n\u00f6veli a termel\u00e9kenys\u00e9get. Ha teh\u00e1t nehezen koncentr\u00e1lsz, vagy nem tudsz kitartani, fontold meg a kirak\u00f3s j\u00e1t\u00e9kokat, hogy fejleszd ezeket a k\u00e9szs\u00e9geket. Emellett a kirak\u00f3s j\u00e1t\u00e9kok seg\u00edtenek:<\/span><\/p>\n<ul>\n<li>\n<p><span style=\"font-weight: 400;font-size: 14px\">Eddze a mem\u00f3ri\u00e1j\u00e1t.<\/span><\/p>\n<\/li>\n<li>\n<p><span style=\"font-weight: 400;font-size: 14px\">Kezelje jobban a szorong\u00e1st.<\/span><\/p>\n<\/li>\n<li>\n<p><span style=\"font-weight: 400;font-size: 14px\">Szakadjon el a mindennapi probl\u00e9m\u00e1kt\u00f3l.<\/span><\/p>\n<\/li>\n<li>\n<p><span style=\"font-weight: 400;font-size: 14px\">Jobb csapatban dolgozni.<\/span><\/p>\n<\/li>\n<li>\n<p><span style=\"font-weight: 400;font-size: 14px\">Ford\u00edtson nagyobb figyelmet a r\u00e9szletekre.<\/span><\/p>\n<\/li>\n<\/ul>\n<p><span style=\"font-size: 14px\"><strong>5 \u00e9rdekess\u00e9g Amedeo Modiglianir\u00f3l <\/strong><\/span><\/p>\n<p><span style=\"font-weight: 400;font-size: 14px\">1. Sz\u00fclet\u00e9se megmentette csal\u00e1dj\u00e1t a cs\u0151dt\u0151l. Sz\u00fclei szeg\u00e9nyek \u00e9s elad\u00f3sodottak voltak. Amikor megsz\u00fcletett, minden vagyonukat az \u0151t vil\u00e1gra hoz\u00f3 \u00e9desanyja \u00e1gy\u00e1ba fektett\u00e9k. A hitelez\u0151k nem ny\u00falhattak a dajka vagyon\u00e1hoz.<\/span><\/p>\n<p><span style=\"font-weight: 400;font-size: 14px\">2. Zsid\u00f3 volt, \u00e9s soha nem titkolta sz\u00e1rmaz\u00e1s\u00e1t, annak ellen\u00e9re, hogy olyan korban \u00e9lt, amikor az antiszemitizmus m\u00e9ly sebeket hagyott az emberek sors\u00e1n. Ink\u00e1bb ny\u00edltan besz\u00e9lt mag\u00e1r\u00f3l.<\/span><\/p>\n<p><span style=\"font-weight: 400;font-size: 14px\">3. \u00c1ll\u00edt\u00f3lag az els\u0151 \u00e9s egyetlen \u00f6n\u00e1ll\u00f3 ki\u00e1ll\u00edt\u00e1s\u00e1n ki\u00e1ll\u00edtott aktk\u00e9pei felkeltett\u00e9k egy rend\u0151r figyelm\u00e9t, mert&#8230; n\u0151i szem\u00e9remsz\u0151rzet. A t\u00f6rv\u00e9ny embere elrendelte a ki\u00e1ll\u00edt\u00e1s bez\u00e1r\u00e1s\u00e1t.<\/span><\/p>\n<p><span style=\"font-weight: 400;font-size: 14px\">4. A szobr\u00e1szat is a szenved\u00e9lye volt, \u00e9s P\u00e1rizsban \u00f6sszebar\u00e1tkozott Constantin Brancusival.<\/span><\/p>\n<p><span style=\"font-weight: 400;font-size: 14px\">5. Alkoholista \u00e9s drogf\u00fcgg\u0151 volt. \u00dagy t\u0171nik, hogy ezekkel a f\u00fcgg\u0151s\u00e9gekkel pr\u00f3b\u00e1lta elrejteni betegs\u00e9g\u00e9t &#8211; a tuberkul\u00f3zist -, amely 35 \u00e9ves kor\u00e1ban vetett v\u00e9get \u00e9let\u00e9nek.<\/span><\/p>\n<p><span style=\"font-size: 14px\"><strong>Az 1000 darabos kirak\u00f3val egyszerre j\u00e1tszhatsz \u00e9s medit\u00e1lhatsz<\/strong><\/span><\/p>\n<p><span style=\"font-weight: 400;font-size: 14px\">A kirak\u00f3s j\u00e1t\u00e9kok remek sz\u00f3rakoz\u00e1si lehet\u0151s\u00e9get ny\u00fajtanak, k\u00fcl\u00f6n\u00f6sen akkor, ha szeretteidet is bevonod a k\u00e9pk\u00e9sz\u00edt\u0151 j\u00e1t\u00e9kba. Tov\u00e1bb\u00e1, ha \u00fagy d\u00f6ntesz, hogy a k\u00e9peket mag\u00e1nyosan j\u00e1tszod \u00fajra, akkor a medit\u00e1ci\u00f3hoz hasonl\u00f3 hat\u00e1s\u00fa, leny\u0171g\u00f6z\u0151 elvonatkoztat\u00e1s \u00e1llapot\u00e1t fogod megtapasztalni. Nem csoda, hogy amikor befejezted a k\u00e9p \u00f6sszerak\u00e1s\u00e1t az 1000 darabos kirak\u00f3sb\u00f3l, feldobottnak \u00e9s harm\u00f3ni\u00e1ban \u00e9rzed magad \u00f6nmagaddal.<\/span><\/p>\n<p><span style=\"font-weight: 400;font-size: 14px\">V\u00e1s\u00e1rolja meg az Amedeo Modigliani &#8211; Jeanne H\u00e9buterne portr\u00e9ja 1000 darabos kirak\u00f3s j\u00e1t\u00e9kot, \u00e9s \u00e9lvezze a kirak\u00f3s j\u00e1t\u00e9kok ny\u00fajtotta \u00f6sszes el\u0151nyt. Fedezd fel most a m\u0171v\u00e9szeti rejtv\u00e9nyek teljes gy\u0171jtem\u00e9ny\u00e9t, \u00e9s \u00e9p\u00edtsd fel a saj\u00e1t 1000 darabos puzzle festm\u00e9nyekb\u0151l \u00e1ll\u00f3 csod\u00e1latos gal\u00e9ri\u00e1dat. Ha aj\u00e1nd\u00e9kot keresel egy kedves bar\u00e1todnak, az Amedeo Modigliani &#8211; Jeanne H\u00e9buterne portr\u00e9ja m\u0171v\u00e9szi puzzle a megfelel\u0151 v\u00e1laszt\u00e1s.<\/span><\/p>\n","protected":false},"excerpt":{"rendered":"<p>Szereted a kirak\u00f3s j\u00e1t\u00e9kokat? Mit sz\u00f3lsz a m\u0171v\u00e9szeti rejtv\u00e9nyekhez? Kih\u00edvunk t\u00e9ged, hogy egy 1000 darabos kirak\u00f3sb\u00f3l \u00fajraalkosd a vil\u00e1g legh\u00edresebb<\/p>\n","protected":false},"featured_media":64274,"template":"","meta":[],"product_brand":[],"product_cat":[1920,1919,1881],"product_tag":[],"class_list":{"0":"post-38841","1":"product","2":"type-product","3":"status-publish","4":"has-post-thumbnail","6":"product_cat-1000-darabos-kirakos-jatek","7":"product_cat-felnott-kirakos-jatekok","8":"product_cat-kirakos-jatekok","9":"pa_bax-10-hu","10":"pa_brand-d_toys-hu","11":"pa_country_of_manufacture-ro-hu","12":"pa_filter_age-14-hu","13":"pa_painter-sandrobotticelli-hu","14":"pa_tip_ambalaj-doboz","15":"pa_tip_puzzle-klasszikus","17":"first","18":"instock","19":"taxable","20":"shipping-taxable","21":"product-type-simple"},"yoast_head":"<!-- This site is optimized with the Yoast SEO plugin v20.1 - https:\/\/yoast.com\/wordpress\/plugins\/seo\/ -->\n<title>Amedeo Modigliani 1000 darabos feln\u0151tt puzzle - Jeanne H\u00e9buterne portr\u00e9ja<\/title>\n<meta name=\"description\" content=\"Amedeo Modigliani 1000 darabos feln\u0151tt puzzle - Jeanne H\u00e9buterne portr\u00e9ja\" \/>\n<meta name=\"robots\" content=\"index, follow, max-snippet:-1, max-image-preview:large, max-video-preview:-1\" \/>\n<link rel=\"canonical\" href=\"https:\/\/business.roovi.com\/hu\/amedeo-modigliani-1000-darabos-felnott-puzzle-jeanne-hebuterne-portreja\/p\/\" \/>\n<meta property=\"og:locale\" content=\"hu_HU\" \/>\n<meta property=\"og:type\" content=\"article\" \/>\n<meta property=\"og:title\" content=\"Amedeo Modigliani 1000 darabos feln\u0151tt puzzle - Jeanne H\u00e9buterne portr\u00e9ja\" \/>\n<meta property=\"og:description\" content=\"Amedeo Modigliani 1000 darabos feln\u0151tt puzzle - Jeanne H\u00e9buterne portr\u00e9ja\" \/>\n<meta property=\"og:url\" content=\"https:\/\/business.roovi.com\/hu\/amedeo-modigliani-1000-darabos-felnott-puzzle-jeanne-hebuterne-portreja\/p\/\" \/>\n<meta property=\"og:site_name\" content=\"Roovi B2B\" \/>\n<meta property=\"article:publisher\" content=\"https:\/\/www.facebook.com\/wwwjucariero\" \/>\n<meta property=\"article:modified_time\" content=\"2022-07-06T11:09:08+00:00\" \/>\n<meta property=\"og:image\" content=\"https:\/\/business.roovi.com\/wp-content\/uploads\/2021\/03\/77400-01_ansamblu_dimensiuni_cutie_cm_vertical.png\" \/>\n\t<meta property=\"og:image:width\" content=\"1200\" \/>\n\t<meta property=\"og:image:height\" content=\"1200\" \/>\n\t<meta property=\"og:image:type\" content=\"image\/png\" \/>\n<meta name=\"twitter:label1\" content=\"Becs\u00fclt olvas\u00e1si id\u0151\" \/>\n\t<meta name=\"twitter:data1\" content=\"4 perc\" \/>\n<script type=\"application\/ld+json\" class=\"yoast-schema-graph\">{\"@context\":\"https:\/\/schema.org\",\"@graph\":[{\"@type\":\"WebPage\",\"@id\":\"https:\/\/business.roovi.com\/hu\/amedeo-modigliani-1000-darabos-felnott-puzzle-jeanne-hebuterne-portreja\/p\/\",\"url\":\"https:\/\/business.roovi.com\/hu\/amedeo-modigliani-1000-darabos-felnott-puzzle-jeanne-hebuterne-portreja\/p\/\",\"name\":\"Amedeo Modigliani 1000 darabos feln\u0151tt puzzle - Jeanne H\u00e9buterne portr\u00e9ja\",\"isPartOf\":{\"@id\":\"https:\/\/business.roovi.com\/hu\/#website\"},\"datePublished\":\"2021-03-05T10:32:17+00:00\",\"dateModified\":\"2022-07-06T11:09:08+00:00\",\"description\":\"Amedeo Modigliani 1000 darabos feln\u0151tt puzzle - Jeanne H\u00e9buterne portr\u00e9ja\",\"breadcrumb\":{\"@id\":\"https:\/\/business.roovi.com\/hu\/amedeo-modigliani-1000-darabos-felnott-puzzle-jeanne-hebuterne-portreja\/p\/#breadcrumb\"},\"inLanguage\":\"hu\",\"potentialAction\":[{\"@type\":\"ReadAction\",\"target\":[\"https:\/\/business.roovi.com\/hu\/amedeo-modigliani-1000-darabos-felnott-puzzle-jeanne-hebuterne-portreja\/p\/\"]}]},{\"@type\":\"BreadcrumbList\",\"@id\":\"https:\/\/business.roovi.com\/hu\/amedeo-modigliani-1000-darabos-felnott-puzzle-jeanne-hebuterne-portreja\/p\/#breadcrumb\",\"itemListElement\":[{\"@type\":\"ListItem\",\"position\":1,\"name\":\"Home\",\"item\":\"https:\/\/business.roovi.com\/hu\/\"},{\"@type\":\"ListItem\",\"position\":2,\"name\":\"Shop\",\"item\":\"https:\/\/business.roovi.com\/hu\/shop\/\"},{\"@type\":\"ListItem\",\"position\":3,\"name\":\"Amedeo Modigliani 1000 darabos feln\u0151tt puzzle &#8211; Jeanne H\u00e9buterne portr\u00e9ja\"}]},{\"@type\":\"WebSite\",\"@id\":\"https:\/\/business.roovi.com\/hu\/#website\",\"url\":\"https:\/\/business.roovi.com\/hu\/\",\"name\":\"Roovi B2B\",\"description\":\"Roovi Business Website\",\"potentialAction\":[{\"@type\":\"SearchAction\",\"target\":{\"@type\":\"EntryPoint\",\"urlTemplate\":\"https:\/\/business.roovi.com\/hu\/?s={search_term_string}\"},\"query-input\":\"required name=search_term_string\"}],\"inLanguage\":\"hu\"}]}<\/script>\n<!-- \/ Yoast SEO plugin. -->","yoast_head_json":{"title":"Amedeo Modigliani 1000 darabos feln\u0151tt puzzle - Jeanne H\u00e9buterne portr\u00e9ja","description":"Amedeo Modigliani 1000 darabos feln\u0151tt puzzle - Jeanne H\u00e9buterne portr\u00e9ja","robots":{"index":"index","follow":"follow","max-snippet":"max-snippet:-1","max-image-preview":"max-image-preview:large","max-video-preview":"max-video-preview:-1"},"canonical":"https:\/\/business.roovi.com\/hu\/amedeo-modigliani-1000-darabos-felnott-puzzle-jeanne-hebuterne-portreja\/p\/","og_locale":"hu_HU","og_type":"article","og_title":"Amedeo Modigliani 1000 darabos feln\u0151tt puzzle - Jeanne H\u00e9buterne portr\u00e9ja","og_description":"Amedeo Modigliani 1000 darabos feln\u0151tt puzzle - Jeanne H\u00e9buterne portr\u00e9ja","og_url":"https:\/\/business.roovi.com\/hu\/amedeo-modigliani-1000-darabos-felnott-puzzle-jeanne-hebuterne-portreja\/p\/","og_site_name":"Roovi B2B","article_publisher":"https:\/\/www.facebook.com\/wwwjucariero","article_modified_time":"2022-07-06T11:09:08+00:00","og_image":[{"width":1200,"height":1200,"url":"https:\/\/business.roovi.com\/wp-content\/uploads\/2021\/03\/77400-01_ansamblu_dimensiuni_cutie_cm_vertical.png","type":"image\/png"}],"twitter_misc":{"Becs\u00fclt olvas\u00e1si id\u0151":"4 perc"},"schema":{"@context":"https:\/\/schema.org","@graph":[{"@type":"WebPage","@id":"https:\/\/business.roovi.com\/hu\/amedeo-modigliani-1000-darabos-felnott-puzzle-jeanne-hebuterne-portreja\/p\/","url":"https:\/\/business.roovi.com\/hu\/amedeo-modigliani-1000-darabos-felnott-puzzle-jeanne-hebuterne-portreja\/p\/","name":"Amedeo Modigliani 1000 darabos feln\u0151tt puzzle - Jeanne H\u00e9buterne portr\u00e9ja","isPartOf":{"@id":"https:\/\/business.roovi.com\/hu\/#website"},"datePublished":"2021-03-05T10:32:17+00:00","dateModified":"2022-07-06T11:09:08+00:00","description":"Amedeo Modigliani 1000 darabos feln\u0151tt puzzle - Jeanne H\u00e9buterne portr\u00e9ja","breadcrumb":{"@id":"https:\/\/business.roovi.com\/hu\/amedeo-modigliani-1000-darabos-felnott-puzzle-jeanne-hebuterne-portreja\/p\/#breadcrumb"},"inLanguage":"hu","potentialAction":[{"@type":"ReadAction","target":["https:\/\/business.roovi.com\/hu\/amedeo-modigliani-1000-darabos-felnott-puzzle-jeanne-hebuterne-portreja\/p\/"]}]},{"@type":"BreadcrumbList","@id":"https:\/\/business.roovi.com\/hu\/amedeo-modigliani-1000-darabos-felnott-puzzle-jeanne-hebuterne-portreja\/p\/#breadcrumb","itemListElement":[{"@type":"ListItem","position":1,"name":"Home","item":"https:\/\/business.roovi.com\/hu\/"},{"@type":"ListItem","position":2,"name":"Shop","item":"https:\/\/business.roovi.com\/hu\/shop\/"},{"@type":"ListItem","position":3,"name":"Amedeo Modigliani 1000 darabos feln\u0151tt puzzle &#8211; Jeanne H\u00e9buterne portr\u00e9ja"}]},{"@type":"WebSite","@id":"https:\/\/business.roovi.com\/hu\/#website","url":"https:\/\/business.roovi.com\/hu\/","name":"Roovi B2B","description":"Roovi Business Website","potentialAction":[{"@type":"SearchAction","target":{"@type":"EntryPoint","urlTemplate":"https:\/\/business.roovi.com\/hu\/?s={search_term_string}"},"query-input":"required name=search_term_string"}],"inLanguage":"hu"}]}},"_links":{"self":[{"href":"https:\/\/business.roovi.com\/hu\/wp-json\/wp\/v2\/product\/38841","targetHints":{"allow":["GET"]}}],"collection":[{"href":"https:\/\/business.roovi.com\/hu\/wp-json\/wp\/v2\/product"}],"about":[{"href":"https:\/\/business.roovi.com\/hu\/wp-json\/wp\/v2\/types\/product"}],"version-history":[{"count":0,"href":"https:\/\/business.roovi.com\/hu\/wp-json\/wp\/v2\/product\/38841\/revisions"}],"wp:featuredmedia":[{"embeddable":true,"href":"https:\/\/business.roovi.com\/hu\/wp-json\/wp\/v2\/media\/64274"}],"wp:attachment":[{"href":"https:\/\/business.roovi.com\/hu\/wp-json\/wp\/v2\/media?parent=38841"}],"wp:term":[{"taxonomy":"product_brand","embeddable":true,"href":"https:\/\/business.roovi.com\/hu\/wp-json\/wp\/v2\/product_brand?post=38841"},{"taxonomy":"product_cat","embeddable":true,"href":"https:\/\/business.roovi.com\/hu\/wp-json\/wp\/v2\/product_cat?post=38841"},{"taxonomy":"product_tag","embeddable":true,"href":"https:\/\/business.roovi.com\/hu\/wp-json\/wp\/v2\/product_tag?post=38841"}],"curies":[{"name":"wp","href":"https:\/\/api.w.org\/{rel}","templated":true}]}}