{"id":38850,"date":"2021-03-05T10:21:24","date_gmt":"2021-03-05T10:21:24","guid":{"rendered":"https:\/\/business.roovi.com\/puzzle-adulti-1000-piese-robert-delaunay-tour-eiffel\/p\/"},"modified":"2022-07-06T11:09:20","modified_gmt":"2022-07-06T11:09:20","slug":"felnott-puzzle-1000-darab-robert-delaunay-eiffel-torony","status":"publish","type":"product","link":"https:\/\/business.roovi.com\/hu\/felnott-puzzle-1000-darab-robert-delaunay-eiffel-torony\/p\/","title":{"rendered":"Feln\u0151tt puzzle 1000 darab Robert Delaunay Eiffel torony"},"content":{"rendered":"<p><span style=\"font-weight: 400\">Szeretne egy felejthetetlen \u00e9lm\u00e9nyt szeretteivel? Vagy egyedi aj\u00e1nd\u00e9kot keres egy kedves bar\u00e1tj\u00e1nak? V\u00e1lasszon t\u00f6bb sz\u00e1z 1000 darabos, h\u00edres festm\u00e9nyek k\u00e9peit tartalmaz\u00f3 m\u0171v\u00e9szeti kirak\u00f3sb\u00f3l, \u00e9s adjon \u00e9rt\u00e9ket a monoton pillanatoknak.<\/span><\/p>\n<p><span style=\"font-weight: 400\">Leny\u0171g\u00f6zik az absztrakt m\u0171alkot\u00e1sok \u00e9l\u00e9nk sz\u00ednei \u00e9s dinamizmusa? 1000 darabos puzzle <\/span><span style=\"font-weight: 400\">Robert Delaunay &#8211; Eiffel-torony<\/span><span style=\"font-weight: 400\"> kiel\u00e9g\u00edti a vibr\u00e1l\u00f3 \u00e9s f\u00e9nyes m\u0171alkot\u00e1sok ir\u00e1nti szenved\u00e9ly\u00e9t.<\/span><\/p>\n<p><span style=\"font-weight: 400\">A sz\u00ednek \u00e9s a dinamizmus b\u0171v\u00f6let\u00e9t fedezheted fel ezen a csod\u00e1latos m\u0171v\u00e9szi kirak\u00f3s j\u00e1t\u00e9kon kereszt\u00fcl. A felt\u00f6rekv\u0151 orfista st\u00edlusban k\u00e9sz\u00fclt m\u0171 \u00e9l\u00e9nk sz\u00ednekkel \u00e9s fokozott absztrakci\u00f3val eg\u00e9sz\u00edti ki a kubizmust <\/span><\/p>\n<p><span style=\"font-weight: 400\">A m\u0171alkot\u00e1s a m\u0171v\u00e9szeti kirak\u00f3s k\u00e9pen <\/span><span style=\"font-weight: 400\">Robert Delaunay &#8211; Tour Eiffel egy nagy sorozat r\u00e9sze, amely festm\u00e9nyeket \u00e9s rajzokat \u00e1br\u00e1zol <\/span><span style=\"font-weight: 400\">Eiffel-torony. Ez a m\u0171vek sora Robert Delaunay p\u00e1lyafut\u00e1s\u00e1nak legreprezentat\u00edvabb alkot\u00e1sa.<\/span><\/p>\n<p><span style=\"font-weight: 400\">Ha egy m\u00e1r ismert t\u00e9m\u00e1j\u00fa festm\u00e9nyt szeretne innovat\u00edv st\u00edlusban \u00e9rtelmezni, v\u00e1lassza az 1000 darabos puzzle-t <\/span><span style=\"font-weight: 400\">Robert Delaunay &#8211; Eiffel-torony<\/span><span style=\"font-weight: 400\">. Ak\u00e1r 30 pihentet\u0151 \u00f3r\u00e1t is elt\u00f6lthet egy m\u0171v\u00e9szeti alkot\u00e1s t\u00e1rsas\u00e1g\u00e1ban. A darabok al\u00e1t\u00e1maszt\u00e1s\u00e1ra haszn\u00e1lhat egy k\u00f6z\u00f6ns\u00e9ges doh\u00e1nyz\u00f3asztalt. A rekonstru\u00e1lt k\u00e9p m\u00e9rete 50 x 70 cm, \u00e9s gy\u00f6ny\u00f6r\u0171en mutat majd a keretben.<\/span><\/p>\n<p><span style=\"font-weight: 400\">Olvasson t\u00f6bbet az 1000 darabos kirak\u00f3sr\u00f3l az al\u00e1bbiakban <\/span><span style=\"font-weight: 400\">Robert Delaunay &#8211; Eiffel-torony<\/span><span style=\"font-weight: 400\">:<\/span><\/p>\n<p><strong>Puzzle anyag <\/strong><\/p>\n<p><strong>kiv\u00e1l\u00f3 min\u0151s\u00e9g\u0171 k\u00e9k karton<\/strong><\/p>\n<p><strong>fenntarthat\u00f3, \u00fajrahasznos\u00edthat\u00f3 anyagok<\/strong><\/p>\n<p><strong>f\u00e9lf\u00e9nyes kivitel, \u00e9l\u00e9nk sz\u00ednek<\/strong><\/p>\n<p><strong>A kirak\u00f3s darabok sz\u00e1ma: 1000<\/strong><\/p>\n<p><strong>Aj\u00e1nlott \u00e9letkor: 14+<\/strong><\/p>\n<p><strong>A m\u0171v\u00e9szeti rejtv\u00e9nyek m\u00e9rhetetlen el\u0151ny\u00f6kkel j\u00e1rnak<\/strong><\/p>\n<p><span style=\"font-weight: 400\">A kirak\u00f3j\u00e1t\u00e9kok \u00f6ssze\u00e1ll\u00edt\u00e1sa t\u00f6bb mint egy hobbi, amely n\u00f6veli a szabadid\u0151d \u00e9rt\u00e9k\u00e9t. Ez egy olyan hobbi, amely az \u00e9leted sz\u00e1mos ter\u00fclet\u00e9n el\u0151ny\u00f6s sz\u00e1modra:<\/span><\/p>\n<ul>\n<li><span style=\"font-weight: 400\">Ez seg\u00edt abban, hogy a kit\u0171z\u00f6tt c\u00e9lokra \u00f6sszpontos\u00edtson.<\/span><\/li>\n<li><span style=\"font-weight: 400\">Fejleszti a mem\u00f3ri\u00e1t.<\/span><\/li>\n<li><span style=\"font-weight: 400\">Jobban odafigyel a r\u00e9szletekre.<\/span><\/li>\n<li><span style=\"font-weight: 400\">Seg\u00edt kreat\u00edvabb\u00e1 v\u00e1lni.<\/span><\/li>\n<li><span style=\"font-weight: 400\">\u00d6sszek\u00f6t a szeretteiddel, mert a kirak\u00f3s j\u00e1t\u00e9kokat csoportokban lehet \u00f6sszerakni.<\/span><\/li>\n<li><span style=\"font-weight: 400\">Fejleszti az eszt\u00e9tikai \u00e9rz\u00e9ket.<\/span><\/li>\n<\/ul>\n<p><strong>Tudtad, hogy&#8230;<\/strong><\/p>\n<p><span style=\"font-weight: 400\">Robert Delaunay az orfizmus, a kubizmusb\u00f3l sz\u00e1rmaz\u00f3 m\u0171v\u00e9szeti ir\u00e1nyzat megteremt\u0151je.<\/span><\/p>\n<p><span style=\"font-weight: 400\">Sorozata <\/span><em><span style=\"font-weight: 400\">Eiffel-torony <\/span><\/em><span style=\"font-weight: 400\">a h\u00edres p\u00e1rizsi torony legjelent\u0151sebb m\u0171v\u00e9szi alkot\u00e1sa.<\/span><\/p>\n<p><span style=\"font-weight: 400\"> Feles\u00e9ge egy orosz sz\u00e1rmaz\u00e1s\u00fa fest\u0151n\u0151, Sonia Uhde-Terk volt.<\/span><\/p>\n<p><span style=\"font-weight: 400\">Bar\u00e1tair\u00f3l, k\u00f6lt\u0151kr\u0151l \u00e9s zen\u00e9szekr\u0151l festett portr\u00e9kat, avantg\u00e1rd st\u00edlusban.<\/span><\/p>\n<p><span style=\"font-weight: 400\">Munk\u00e1ss\u00e1ga jelent\u0151s hat\u00e1ssal volt az absztrakt m\u0171v\u00e9szet 20. sz\u00e1zadi fejl\u0151d\u00e9s\u00e9re, b\u00e1r fest\u0151k\u00e9nt nem tartozik e m\u0171faj reprezentat\u00edv alkot\u00f3i k\u00f6z\u00e9.<\/span><\/p>\n<p><span style=\"font-weight: 400\">St\u00edlusa nagy hat\u00e1ssal volt a <\/span><em><span style=\"font-weight: 400\">Der Blaue Reiter<\/span><\/em><span style=\"font-weight: 400\"> (A k\u00e9k lovas), egy m\u00fcncheni expresszionista csoport.<\/span><\/p>\n<p><strong>\u00c1ll\u00edts \u00f6ssze m\u0171v\u00e9szi rejtv\u00e9nyeket \u00e9s \u00e9lj \u00e1t egy igazi meditat\u00edv foglalkoz\u00e1st!<\/strong><\/p>\n<p><span style=\"font-weight: 400\">Amikor egy 1000 darabos puzzle m\u0171v\u00e9szi k\u00e9pe el\u0151tt \u00e1llsz, fokozatosan megnyugszol, \u00e9s elm\u00e9d a koncentr\u00e1ci\u00f3 m\u00e9ly \u00e1llapot\u00e1ba ker\u00fcl. Az \u00e9rz\u00e9s, amit ezekben a pillanatokban \u00e1t\u00e9lsz, hasonl\u00edt egy medit\u00e1ci\u00f3s \u00fcl\u00e9shez. Az elm\u00e9d ki\u00fcr\u00fcl minden f\u00e1radt gondolatodt\u00f3l, \u00e9s a jelen pillanathoz kapcsol\u00f3dsz, ahol j\u00f3l \u00e9rzed magad, mert egy csod\u00e1latos m\u0171alkot\u00e1st \u00e1ll\u00edtasz \u00f6ssze.<\/span><\/p>\n<p><span style=\"font-weight: 400\">Ezen a csod\u00e1latos \u00e1llamon t\u00falmen\u0151en \u00d6n k\u00e9pes lesz arra is, hogy:<\/span><\/p>\n<ul>\n<li><span style=\"font-weight: 400\">Szabadulj meg a stresszt\u0151l.<\/span><\/li>\n<li><span style=\"font-weight: 400\">Kezelje a szorong\u00e1st.<\/span><\/li>\n<li><span style=\"font-weight: 400\">Kapcsol\u00f3dj \u00f6nmagadhoz.<\/span><\/li>\n<li><span style=\"font-weight: 400\">Jav\u00edtsa az alv\u00e1st \u00e9s szabaduljon meg az \u00e1lmatlans\u00e1gt\u00f3l.<\/span><\/li>\n<\/ul>\n<p><span style=\"font-weight: 400\">V\u00e1lassza a Robert Delaunay &#8211; Eiffel-torony 1000 darabos puzzle-t, \u00e9s szerezze meg a kubizmus finom elemeit a sz\u00ednek vibr\u00e1l\u00f3 t\u00f3nus\u00e1val \u00f6tv\u00f6z\u0151 festm\u00e9ny saj\u00e1t p\u00e9ld\u00e1ny\u00e1t. \u00dcnnepeld meg a kem\u00e9ny munk\u00e1dat, \u00e9s keretezd be az 1000 darabos puzzle-darabot. Tegye ki a m\u0171v\u00e9szi puzzle festm\u00e9nyt, \u00e9s d\u00edsz\u00edtse otthon\u00e1t egy leny\u0171g\u00f6z\u0151 festm\u00e9nnyel.<\/span><\/p>\n<p><span style=\"font-weight: 400\">Aj\u00e1nd\u00e9kozzon Robert Delaunay &#8211; Eiffel-torony m\u0171v\u00e9szeti puzzle-t, \u00e9s szerezzen mosolyt puzzle-rajong\u00f3 bar\u00e1tainak.<\/span><\/p><\/p>\n","protected":false},"excerpt":{"rendered":"<p>Szeretne egy felejthetetlen \u00e9lm\u00e9nyt szeretteivel? Vagy egyedi aj\u00e1nd\u00e9kot keres egy kedves bar\u00e1tj\u00e1nak? V\u00e1lasszon t\u00f6bb sz\u00e1z 1000 darabos, h\u00edres festm\u00e9nyek k\u00e9peit<\/p>\n","protected":false},"featured_media":64298,"template":"","meta":[],"product_brand":[],"product_cat":[1920,1919,1881],"product_tag":[],"class_list":{"0":"post-38850","1":"product","2":"type-product","3":"status-publish","4":"has-post-thumbnail","6":"product_cat-1000-darabos-kirakos-jatek","7":"product_cat-felnott-kirakos-jatekok","8":"product_cat-kirakos-jatekok","9":"pa_brand-deico-hu","10":"pa_country_of_manufacture-ro-hu","11":"pa_filter_age-14-hu","12":"pa_tip_ambalaj-doboz","13":"pa_tip_puzzle-klasszikus","15":"first","16":"instock","17":"taxable","18":"shipping-taxable","19":"product-type-simple"},"yoast_head":"<!-- This site is optimized with the Yoast SEO plugin v20.1 - https:\/\/yoast.com\/wordpress\/plugins\/seo\/ -->\n<title>Feln\u0151tt puzzle 1000 darab Robert Delaunay Eiffel torony<\/title>\n<meta name=\"description\" content=\"Feln\u0151tt puzzle 1000 darab Robert Delaunay Eiffel torony\" \/>\n<meta name=\"robots\" content=\"index, follow, max-snippet:-1, max-image-preview:large, max-video-preview:-1\" \/>\n<link rel=\"canonical\" href=\"https:\/\/business.roovi.com\/hu\/felnott-puzzle-1000-darab-robert-delaunay-eiffel-torony\/p\/\" \/>\n<meta property=\"og:locale\" content=\"hu_HU\" \/>\n<meta property=\"og:type\" content=\"article\" \/>\n<meta property=\"og:title\" content=\"Feln\u0151tt puzzle 1000 darab Robert Delaunay Eiffel torony\" \/>\n<meta property=\"og:description\" content=\"Feln\u0151tt puzzle 1000 darab Robert Delaunay Eiffel torony\" \/>\n<meta property=\"og:url\" content=\"https:\/\/business.roovi.com\/hu\/felnott-puzzle-1000-darab-robert-delaunay-eiffel-torony\/p\/\" \/>\n<meta property=\"og:site_name\" content=\"Roovi B2B\" \/>\n<meta property=\"article:publisher\" content=\"https:\/\/www.facebook.com\/wwwjucariero\" \/>\n<meta property=\"article:modified_time\" content=\"2022-07-06T11:09:20+00:00\" \/>\n<meta property=\"og:image\" content=\"https:\/\/business.roovi.com\/wp-content\/uploads\/2021\/03\/puzzle_1000_deico_games_robert_delaunay_tour_eiffel-77554.jpg\" \/>\n\t<meta property=\"og:image:width\" content=\"1000\" \/>\n\t<meta property=\"og:image:height\" content=\"1000\" \/>\n\t<meta property=\"og:image:type\" content=\"image\/jpeg\" \/>\n<meta name=\"twitter:label1\" content=\"Becs\u00fclt olvas\u00e1si id\u0151\" \/>\n\t<meta name=\"twitter:data1\" content=\"4 perc\" \/>\n<script type=\"application\/ld+json\" class=\"yoast-schema-graph\">{\"@context\":\"https:\/\/schema.org\",\"@graph\":[{\"@type\":\"WebPage\",\"@id\":\"https:\/\/business.roovi.com\/hu\/felnott-puzzle-1000-darab-robert-delaunay-eiffel-torony\/p\/\",\"url\":\"https:\/\/business.roovi.com\/hu\/felnott-puzzle-1000-darab-robert-delaunay-eiffel-torony\/p\/\",\"name\":\"Feln\u0151tt puzzle 1000 darab Robert Delaunay Eiffel torony\",\"isPartOf\":{\"@id\":\"https:\/\/business.roovi.com\/hu\/#website\"},\"datePublished\":\"2021-03-05T10:21:24+00:00\",\"dateModified\":\"2022-07-06T11:09:20+00:00\",\"description\":\"Feln\u0151tt puzzle 1000 darab Robert Delaunay Eiffel torony\",\"breadcrumb\":{\"@id\":\"https:\/\/business.roovi.com\/hu\/felnott-puzzle-1000-darab-robert-delaunay-eiffel-torony\/p\/#breadcrumb\"},\"inLanguage\":\"hu\",\"potentialAction\":[{\"@type\":\"ReadAction\",\"target\":[\"https:\/\/business.roovi.com\/hu\/felnott-puzzle-1000-darab-robert-delaunay-eiffel-torony\/p\/\"]}]},{\"@type\":\"BreadcrumbList\",\"@id\":\"https:\/\/business.roovi.com\/hu\/felnott-puzzle-1000-darab-robert-delaunay-eiffel-torony\/p\/#breadcrumb\",\"itemListElement\":[{\"@type\":\"ListItem\",\"position\":1,\"name\":\"Home\",\"item\":\"https:\/\/business.roovi.com\/hu\/\"},{\"@type\":\"ListItem\",\"position\":2,\"name\":\"Shop\",\"item\":\"https:\/\/business.roovi.com\/hu\/shop\/\"},{\"@type\":\"ListItem\",\"position\":3,\"name\":\"Feln\u0151tt puzzle 1000 darab Robert Delaunay Eiffel torony\"}]},{\"@type\":\"WebSite\",\"@id\":\"https:\/\/business.roovi.com\/hu\/#website\",\"url\":\"https:\/\/business.roovi.com\/hu\/\",\"name\":\"Roovi B2B\",\"description\":\"Roovi Business Website\",\"potentialAction\":[{\"@type\":\"SearchAction\",\"target\":{\"@type\":\"EntryPoint\",\"urlTemplate\":\"https:\/\/business.roovi.com\/hu\/?s={search_term_string}\"},\"query-input\":\"required name=search_term_string\"}],\"inLanguage\":\"hu\"}]}<\/script>\n<!-- \/ Yoast SEO plugin. -->","yoast_head_json":{"title":"Feln\u0151tt puzzle 1000 darab Robert Delaunay Eiffel torony","description":"Feln\u0151tt puzzle 1000 darab Robert Delaunay Eiffel torony","robots":{"index":"index","follow":"follow","max-snippet":"max-snippet:-1","max-image-preview":"max-image-preview:large","max-video-preview":"max-video-preview:-1"},"canonical":"https:\/\/business.roovi.com\/hu\/felnott-puzzle-1000-darab-robert-delaunay-eiffel-torony\/p\/","og_locale":"hu_HU","og_type":"article","og_title":"Feln\u0151tt puzzle 1000 darab Robert Delaunay Eiffel torony","og_description":"Feln\u0151tt puzzle 1000 darab Robert Delaunay Eiffel torony","og_url":"https:\/\/business.roovi.com\/hu\/felnott-puzzle-1000-darab-robert-delaunay-eiffel-torony\/p\/","og_site_name":"Roovi B2B","article_publisher":"https:\/\/www.facebook.com\/wwwjucariero","article_modified_time":"2022-07-06T11:09:20+00:00","og_image":[{"width":1000,"height":1000,"url":"https:\/\/business.roovi.com\/wp-content\/uploads\/2021\/03\/puzzle_1000_deico_games_robert_delaunay_tour_eiffel-77554.jpg","type":"image\/jpeg"}],"twitter_misc":{"Becs\u00fclt olvas\u00e1si id\u0151":"4 perc"},"schema":{"@context":"https:\/\/schema.org","@graph":[{"@type":"WebPage","@id":"https:\/\/business.roovi.com\/hu\/felnott-puzzle-1000-darab-robert-delaunay-eiffel-torony\/p\/","url":"https:\/\/business.roovi.com\/hu\/felnott-puzzle-1000-darab-robert-delaunay-eiffel-torony\/p\/","name":"Feln\u0151tt puzzle 1000 darab Robert Delaunay Eiffel torony","isPartOf":{"@id":"https:\/\/business.roovi.com\/hu\/#website"},"datePublished":"2021-03-05T10:21:24+00:00","dateModified":"2022-07-06T11:09:20+00:00","description":"Feln\u0151tt puzzle 1000 darab Robert Delaunay Eiffel torony","breadcrumb":{"@id":"https:\/\/business.roovi.com\/hu\/felnott-puzzle-1000-darab-robert-delaunay-eiffel-torony\/p\/#breadcrumb"},"inLanguage":"hu","potentialAction":[{"@type":"ReadAction","target":["https:\/\/business.roovi.com\/hu\/felnott-puzzle-1000-darab-robert-delaunay-eiffel-torony\/p\/"]}]},{"@type":"BreadcrumbList","@id":"https:\/\/business.roovi.com\/hu\/felnott-puzzle-1000-darab-robert-delaunay-eiffel-torony\/p\/#breadcrumb","itemListElement":[{"@type":"ListItem","position":1,"name":"Home","item":"https:\/\/business.roovi.com\/hu\/"},{"@type":"ListItem","position":2,"name":"Shop","item":"https:\/\/business.roovi.com\/hu\/shop\/"},{"@type":"ListItem","position":3,"name":"Feln\u0151tt puzzle 1000 darab Robert Delaunay Eiffel torony"}]},{"@type":"WebSite","@id":"https:\/\/business.roovi.com\/hu\/#website","url":"https:\/\/business.roovi.com\/hu\/","name":"Roovi B2B","description":"Roovi Business Website","potentialAction":[{"@type":"SearchAction","target":{"@type":"EntryPoint","urlTemplate":"https:\/\/business.roovi.com\/hu\/?s={search_term_string}"},"query-input":"required name=search_term_string"}],"inLanguage":"hu"}]}},"_links":{"self":[{"href":"https:\/\/business.roovi.com\/hu\/wp-json\/wp\/v2\/product\/38850","targetHints":{"allow":["GET"]}}],"collection":[{"href":"https:\/\/business.roovi.com\/hu\/wp-json\/wp\/v2\/product"}],"about":[{"href":"https:\/\/business.roovi.com\/hu\/wp-json\/wp\/v2\/types\/product"}],"version-history":[{"count":0,"href":"https:\/\/business.roovi.com\/hu\/wp-json\/wp\/v2\/product\/38850\/revisions"}],"wp:featuredmedia":[{"embeddable":true,"href":"https:\/\/business.roovi.com\/hu\/wp-json\/wp\/v2\/media\/64298"}],"wp:attachment":[{"href":"https:\/\/business.roovi.com\/hu\/wp-json\/wp\/v2\/media?parent=38850"}],"wp:term":[{"taxonomy":"product_brand","embeddable":true,"href":"https:\/\/business.roovi.com\/hu\/wp-json\/wp\/v2\/product_brand?post=38850"},{"taxonomy":"product_cat","embeddable":true,"href":"https:\/\/business.roovi.com\/hu\/wp-json\/wp\/v2\/product_cat?post=38850"},{"taxonomy":"product_tag","embeddable":true,"href":"https:\/\/business.roovi.com\/hu\/wp-json\/wp\/v2\/product_tag?post=38850"}],"curies":[{"name":"wp","href":"https:\/\/api.w.org\/{rel}","templated":true}]}}