{"id":38865,"date":"2021-03-05T10:15:27","date_gmt":"2021-03-05T10:15:27","guid":{"rendered":"https:\/\/business.roovi.com\/puzzle-adulti-1000-piese-vintage-map-british-empire\/p\/"},"modified":"2022-07-06T11:14:09","modified_gmt":"2022-07-06T11:14:09","slug":"szureti-terkep-1000-darab-felnott-puzzle-brit-birodalom","status":"publish","type":"product","link":"https:\/\/business.roovi.com\/hu\/szureti-terkep-1000-darab-felnott-puzzle-brit-birodalom\/p\/","title":{"rendered":"Sz\u00fcreti t\u00e9rk\u00e9p 1000 darab feln\u0151tt puzzle &#8211; Brit Birodalom"},"content":{"rendered":"<p><span style=\"font-weight: 400\">\u00d6n egyszerre rajong a kirak\u00f3s j\u00e1t\u00e9kok\u00e9rt \u00e9s a vintage m\u0171v\u00e9szet\u00e9rt? Az 1000 darabos Vintage Map &#8211; British Empire puzzle egy olyan kih\u00edv\u00e1s, amire t\u00e9nyleg IGEN-t kell mondanod! <\/span><\/p>\n<p><span style=\"font-weight: 400\">A 19. sz\u00e1zad elej\u00e9n a Brit Birodalom a vil\u00e1g felsz\u00edn\u00e9nek 20%-\u00e1t birtokolta. Az 1000 darabos Vintage Map Puzzle a csod\u00e1latos birodalom t\u00e9rk\u00e9p\u00e9t \u00e1br\u00e1zolja. A t\u00e9rk\u00e9p az uralt ter\u00fcletek f\u00f6ldrajzi ter\u00fclet\u00e9re, n\u00e9pess\u00e9g\u00e9re \u00e9s kereskedelm\u00e9re vonatkoz\u00f3 inform\u00e1ci\u00f3kat mutat.<\/span><\/p>\n<p><span style=\"font-weight: 400\">Az 1000 darabos Vintage Map &#8211; British Empire puzzle egy leny\u0171g\u00f6z\u0151en apr\u00f3l\u00e9kosan elk\u00e9sz\u00edtett t\u00e9rk\u00e9preprodukci\u00f3, amely leny\u0171g\u00f6z\u0151 r\u00e9szletess\u00e9ggel \u00e9s a Brit Birodalom 19. sz\u00e1zadi rendk\u00edv\u00fcli v\u00edvm\u00e1nyait kiemel\u0151 kivitelez\u00e9ssel k\u00e9sz\u00fclt.<\/span><\/p>\n<p><span style=\"font-weight: 400\">Ennek a vintage k\u00e9pnek a megalkot\u00e1sa a t\u00fcrelem \u00e9s a k\u00e9pzel\u0151er\u0151 gyakorl\u00e1sa. A Vintage Map &#8211; British Empire 1000 darabos puzzle visszarep\u00edt az id\u0151ben, \u00e9s felt\u00e1rja a vil\u00e1g egyik legnagyobb birodalm\u00e1nak t\u00f6rt\u00e9net\u00e9t.<\/span><\/p>\n<p><span style=\"font-weight: 400\">Megh\u00edvunk teh\u00e1t, hogy mutasd meg kirak\u00f3s k\u00e9pess\u00e9geidet, \u00e9s indulj el egy k\u00e9pzeletbeli kalandra, hogy felfedezd a vil\u00e1got ezzel a csod\u00e1latos kirak\u00f3s j\u00e1t\u00e9kkal.<\/span><\/p>\n<p><span style=\"font-weight: 400\">1000 darabos Vintage Map &#8211; British Empire puzzle:<\/span><\/p>\n<p><strong>A rekonstru\u00e1lt k\u00e9p m\u00e9rete: 50 x 70 cm.<\/strong><\/p>\n<p><strong>Puzzle anyag <\/strong><\/p>\n<p><strong>kiv\u00e1l\u00f3 min\u0151s\u00e9g\u0171 k\u00e9k karton<\/strong><\/p>\n<p><strong>fenntarthat\u00f3, \u00fajrahasznos\u00edthat\u00f3 anyagok<\/strong><\/p>\n<p><strong>f\u00e9lf\u00e9nyes kivitel, \u00e9l\u00e9nk sz\u00ednek<\/strong><\/p>\n<p><strong>A kirak\u00f3s darabok sz\u00e1ma: 1000<\/strong><\/p>\n<p><strong>Aj\u00e1nlott \u00e9letkor: 14+<\/strong><\/p>\n<p><span style=\"font-weight: 400\">A rejtv\u00e9nyj\u00e1t\u00e9kok kiv\u00e1l\u00f3an \u00f6szt\u00f6nzik a r\u00f6vid t\u00e1v\u00fa mem\u00f3ri\u00e1t, a figyelmi id\u0151t \u00e9s a r\u00e9szletekre val\u00f3 odafigyel\u00e9st. R\u00e1ad\u00e1sul olyan k\u00e9szs\u00e9geket is fejlesztenek, mint p\u00e9ld\u00e1ul:<\/span><\/p>\n<ul>\n<li><span style=\"font-weight: 400\">Finommotoros k\u00e9szs\u00e9gek<\/span><\/li>\n<li><span style=\"font-weight: 400\">K\u00e9z-szem koordin\u00e1ci\u00f3<\/span><\/li>\n<li><span style=\"font-weight: 400\">Logikus gondolkod\u00e1s<\/span><\/li>\n<li><span style=\"font-weight: 400\">Probl\u00e9mamegold\u00f3 k\u00e9szs\u00e9g.<\/span><\/li>\n<\/ul>\n<p><strong>Mi\u00e9rt k\u00fcl\u00f6nleges 1000 darabos puzzle Vintage Map &#8211; Brit Birodalom?<\/strong><\/p>\n<p><span style=\"font-weight: 400\">Ez egy j\u00f3 lehet\u0151s\u00e9g a pihen\u00e9sre \u00e9s kikapcsol\u00f3d\u00e1sra.<\/span><\/p>\n<p><span style=\"font-weight: 400\">Kiemeli \u00d6nt a napi rutinb\u00f3l \u00e9s a komfortz\u00f3n\u00e1b\u00f3l, \u00e9s helyette j\u00f3l\u00e9tet biztos\u00edt <\/span><\/p>\n<p><span style=\"font-weight: 400\">Lehet\u0151s\u00e9ge van arra, hogy egy leny\u0171g\u00f6z\u0151 festm\u00e9nyt k\u00e9sz\u00edtsen, amelyet irod\u00e1j\u00e1ban vagy b\u00e1rhol m\u00e1shol, ahol egyedi m\u00f3don szeretn\u00e9 szem\u00e9lyre szabni.<\/span><\/p>\n<p><span style=\"font-weight: 400\">Olyan \u00e9rz\u00e9st ad, mintha igazi felfedez\u0151 lenn\u00e9l, aki minden egyes helyes darabk\u00e1val egy l\u00e9p\u00e9ssel k\u00f6zelebb ker\u00fcl egy \u00faj birodalom felfedez\u00e9s\u00e9hez.<\/span><\/p>\n<p><span style=\"font-weight: 400\">Lehet\u0151s\u00e9get adhat arra, hogy a tizen\u00e9veseket bevezess\u00fck a m\u0171v\u00e9szet vil\u00e1g\u00e1ba.<\/span><\/p>\n<p><span style=\"font-weight: 400\">Ez egy j\u00f3 \u00fcr\u00fcgy arra, hogy szocializ\u00e1l\u00f3djunk \u00e9s \u00e9lvezz\u00fck a bar\u00e1tainkkal val\u00f3 egy\u00fcttl\u00e9tet.<\/span><\/p>\n<p><strong>Tudtad, hogy&#8230;?<\/strong><\/p>\n<p><span style=\"font-weight: 400\">A 19. sz\u00e1zadban a Brit Birodalom a t\u00f6rt\u00e9nelem legnagyobb birodalm\u00e1v\u00e1 v\u00e1lt.<\/span><\/p>\n<p><span style=\"font-weight: 400\">Az 1886-os t\u00e9rk\u00e9p Vikt\u00f3ria kir\u00e1lyn\u0151 jubileum\u00e1t \u00e9s a birodalom terjeszked\u00e9s\u00e9t jelezte.<\/span><\/p>\n<p><span style=\"font-weight: 400\">A t\u00e9rk\u00e9pszeg\u00e9lyek a gyarmatos\u00edtott ter\u00fcletek hagyom\u00e1nyos viselet\u00e9be \u00f6lt\u00f6z\u00f6tt alakokat \u00e1br\u00e1zolnak.<\/span><\/p>\n<p><span style=\"font-weight: 400\">Az \u00e1llatok \u00e9s jelmezes szerepl\u0151k sokas\u00e1g\u00e1ban sz\u00e1mos orsz\u00e1got lehet felismerni. Indi\u00e1t p\u00e9ld\u00e1ul egy elef\u00e1nt \u00e9s egy tigris, Ausztr\u00e1li\u00e1t pedig egy kenguru \u00e9s egy b\u00e1r\u00e1ny k\u00e9pviseli.<\/span><\/p>\n<p><span style=\"font-weight: 400\">A tetej\u00e9n l\u00e9v\u0151 &#8222;Szabads\u00e1g, testv\u00e9ris\u00e9g, sz\u00f6vets\u00e9g&#8221; szavakat a birodalmon bel\u00fcli b\u00e9k\u00e9s egym\u00e1s mellett \u00e9l\u00e9sk\u00e9nt \u00e9rtelmezt\u00e9k.<\/span><\/p>\n<p><strong>Vintage Map 1000 Piece Puzzle &#8211; Brit Birodalom &#8211; sz\u00fcnet a digit\u00e1lis \u00e9letb\u0151l<\/strong><\/p>\n<p><span style=\"font-weight: 400\">A k\u00e9perny\u0151k el\u0151tt val\u00f3 t\u00f6bb\u00f3r\u00e1s \u00fccs\u00f6rg\u00e9s f\u00e1rasztja a szemet \u00e9s az elm\u00e9t. Tartson egy kis sz\u00fcnetet a digit\u00e1lis \u00e9letben az 1000 darabos kirak\u00f3s j\u00e1t\u00e9kkal &#8211; Brit Birodalom t\u00e9rk\u00e9pe. A szemed meg fogja k\u00f6sz\u00f6nni, hogy \u00f3r\u00e1kig t\u00e1vol maradsz a k\u00e9k f\u00e9nyt\u0151l, az elm\u00e9d pedig ellazul, \u00e9s elvonatkoztat a sok ezer inform\u00e1ci\u00f3t\u00f3l, amelyek folyamatosan megterhelik.<\/span><\/p>\n<p><span style=\"font-weight: 400\">Hogy m\u00e9g izgalmasabb\u00e1 tegye a sz\u00f3rakoz\u00e1st, vonja be a gyerekeket is a kirak\u00f3s j\u00e1t\u00e9kba. Meddig tartott a Brit Birodalom? Melyik volt az utols\u00f3 nagy gyarmatos\u00edtott r\u00e9gi\u00f3? A kirak\u00f3s j\u00e1t\u00e9k sor\u00e1n pedig m\u00e9g t\u00f6bb inform\u00e1ci\u00f3t is bemutathatsz, hogy interakt\u00edvabb\u00e1 tedd a j\u00e1t\u00e9kot, \u00edgy az 1000 darabos kirak\u00f3s j\u00e1t\u00e9k sz\u00f3rakoztat\u00f3 \u00e9s tanuls\u00e1gos tev\u00e9kenys\u00e9gg\u00e9 v\u00e1lik.<\/span><\/p>\n<p><span style=\"font-weight: 400\">A Vintage Map &#8211; British Empire 1000 darabos puzzle kreat\u00edv sz\u00f3rakoz\u00e1st \u00e9s pihentet\u0151 sz\u00f3rakoz\u00e1st k\u00edn\u00e1l. V\u00e1laszd ezt a gy\u00f6ny\u00f6r\u0171en megtervezett kirak\u00f3s j\u00e1t\u00e9kot, \u00e9s \u00e9lvezd minden el\u0151ny\u00e9t. A Vintage Map &#8211; British Empire feln\u0151tt kirak\u00f3s j\u00e1t\u00e9k nagyszer\u0171 aj\u00e1nd\u00e9k lehet \u00e9vfordul\u00f3kra vagy \u00fcnnepekre is.<\/span><\/p><\/p>\n","protected":false},"excerpt":{"rendered":"<p>\u00d6n egyszerre rajong a kirak\u00f3s j\u00e1t\u00e9kok\u00e9rt \u00e9s a vintage m\u0171v\u00e9szet\u00e9rt? Az 1000 darabos Vintage Map &#8211; British Empire puzzle egy<\/p>\n","protected":false},"featured_media":48552,"template":"","meta":[],"product_brand":[],"product_cat":[1920,1919,1881],"product_tag":[],"class_list":{"0":"post-38865","1":"product","2":"type-product","3":"status-publish","4":"has-post-thumbnail","6":"product_cat-1000-darabos-kirakos-jatek","7":"product_cat-felnott-kirakos-jatekok","8":"product_cat-kirakos-jatekok","9":"pa_brand-deico-hu","10":"pa_country_of_manufacture-ro-hu","11":"pa_filter_age-14-hu","12":"pa_painter-cartooncollection-hu","13":"pa_tip_ambalaj-doboz","14":"pa_tip_puzzle-klasszikus","16":"first","17":"instock","18":"taxable","19":"shipping-taxable","20":"product-type-simple"},"yoast_head":"<!-- This site is optimized with the Yoast SEO plugin v20.1 - https:\/\/yoast.com\/wordpress\/plugins\/seo\/ -->\n<title>Sz\u00fcreti t\u00e9rk\u00e9p 1000 darab feln\u0151tt puzzle - Brit Birodalom<\/title>\n<meta name=\"description\" content=\"Sz\u00fcreti t\u00e9rk\u00e9p 1000 darab feln\u0151tt puzzle - Brit Birodalom\" \/>\n<meta name=\"robots\" content=\"index, follow, max-snippet:-1, max-image-preview:large, max-video-preview:-1\" \/>\n<link rel=\"canonical\" href=\"https:\/\/business.roovi.com\/hu\/szureti-terkep-1000-darab-felnott-puzzle-brit-birodalom\/p\/\" \/>\n<meta property=\"og:locale\" content=\"hu_HU\" \/>\n<meta property=\"og:type\" content=\"article\" \/>\n<meta property=\"og:title\" content=\"Sz\u00fcreti t\u00e9rk\u00e9p 1000 darab feln\u0151tt puzzle - Brit Birodalom\" \/>\n<meta property=\"og:description\" content=\"Sz\u00fcreti t\u00e9rk\u00e9p 1000 darab feln\u0151tt puzzle - Brit Birodalom\" \/>\n<meta property=\"og:url\" content=\"https:\/\/business.roovi.com\/hu\/szureti-terkep-1000-darab-felnott-puzzle-brit-birodalom\/p\/\" \/>\n<meta property=\"og:site_name\" content=\"Roovi B2B\" \/>\n<meta property=\"article:publisher\" content=\"https:\/\/www.facebook.com\/wwwjucariero\" \/>\n<meta property=\"article:modified_time\" content=\"2022-07-06T11:14:09+00:00\" \/>\n<meta property=\"og:image\" content=\"https:\/\/business.roovi.com\/wp-content\/uploads\/2021\/03\/puzzle_1000_deico_games_vintage_map-77561.jpg\" \/>\n\t<meta property=\"og:image:width\" content=\"1000\" \/>\n\t<meta property=\"og:image:height\" content=\"1000\" \/>\n\t<meta property=\"og:image:type\" content=\"image\/jpeg\" \/>\n<meta name=\"twitter:label1\" content=\"Becs\u00fclt olvas\u00e1si id\u0151\" \/>\n\t<meta name=\"twitter:data1\" content=\"4 perc\" \/>\n<script type=\"application\/ld+json\" class=\"yoast-schema-graph\">{\"@context\":\"https:\/\/schema.org\",\"@graph\":[{\"@type\":\"WebPage\",\"@id\":\"https:\/\/business.roovi.com\/hu\/szureti-terkep-1000-darab-felnott-puzzle-brit-birodalom\/p\/\",\"url\":\"https:\/\/business.roovi.com\/hu\/szureti-terkep-1000-darab-felnott-puzzle-brit-birodalom\/p\/\",\"name\":\"Sz\u00fcreti t\u00e9rk\u00e9p 1000 darab feln\u0151tt puzzle - Brit Birodalom\",\"isPartOf\":{\"@id\":\"https:\/\/business.roovi.com\/hu\/#website\"},\"datePublished\":\"2021-03-05T10:15:27+00:00\",\"dateModified\":\"2022-07-06T11:14:09+00:00\",\"description\":\"Sz\u00fcreti t\u00e9rk\u00e9p 1000 darab feln\u0151tt puzzle - Brit Birodalom\",\"breadcrumb\":{\"@id\":\"https:\/\/business.roovi.com\/hu\/szureti-terkep-1000-darab-felnott-puzzle-brit-birodalom\/p\/#breadcrumb\"},\"inLanguage\":\"hu\",\"potentialAction\":[{\"@type\":\"ReadAction\",\"target\":[\"https:\/\/business.roovi.com\/hu\/szureti-terkep-1000-darab-felnott-puzzle-brit-birodalom\/p\/\"]}]},{\"@type\":\"BreadcrumbList\",\"@id\":\"https:\/\/business.roovi.com\/hu\/szureti-terkep-1000-darab-felnott-puzzle-brit-birodalom\/p\/#breadcrumb\",\"itemListElement\":[{\"@type\":\"ListItem\",\"position\":1,\"name\":\"Home\",\"item\":\"https:\/\/business.roovi.com\/hu\/\"},{\"@type\":\"ListItem\",\"position\":2,\"name\":\"Shop\",\"item\":\"https:\/\/business.roovi.com\/hu\/shop\/\"},{\"@type\":\"ListItem\",\"position\":3,\"name\":\"Sz\u00fcreti t\u00e9rk\u00e9p 1000 darab feln\u0151tt puzzle &#8211; Brit Birodalom\"}]},{\"@type\":\"WebSite\",\"@id\":\"https:\/\/business.roovi.com\/hu\/#website\",\"url\":\"https:\/\/business.roovi.com\/hu\/\",\"name\":\"Roovi B2B\",\"description\":\"Roovi Business Website\",\"potentialAction\":[{\"@type\":\"SearchAction\",\"target\":{\"@type\":\"EntryPoint\",\"urlTemplate\":\"https:\/\/business.roovi.com\/hu\/?s={search_term_string}\"},\"query-input\":\"required name=search_term_string\"}],\"inLanguage\":\"hu\"}]}<\/script>\n<!-- \/ Yoast SEO plugin. -->","yoast_head_json":{"title":"Sz\u00fcreti t\u00e9rk\u00e9p 1000 darab feln\u0151tt puzzle - Brit Birodalom","description":"Sz\u00fcreti t\u00e9rk\u00e9p 1000 darab feln\u0151tt puzzle - Brit Birodalom","robots":{"index":"index","follow":"follow","max-snippet":"max-snippet:-1","max-image-preview":"max-image-preview:large","max-video-preview":"max-video-preview:-1"},"canonical":"https:\/\/business.roovi.com\/hu\/szureti-terkep-1000-darab-felnott-puzzle-brit-birodalom\/p\/","og_locale":"hu_HU","og_type":"article","og_title":"Sz\u00fcreti t\u00e9rk\u00e9p 1000 darab feln\u0151tt puzzle - Brit Birodalom","og_description":"Sz\u00fcreti t\u00e9rk\u00e9p 1000 darab feln\u0151tt puzzle - Brit Birodalom","og_url":"https:\/\/business.roovi.com\/hu\/szureti-terkep-1000-darab-felnott-puzzle-brit-birodalom\/p\/","og_site_name":"Roovi B2B","article_publisher":"https:\/\/www.facebook.com\/wwwjucariero","article_modified_time":"2022-07-06T11:14:09+00:00","og_image":[{"width":1000,"height":1000,"url":"https:\/\/business.roovi.com\/wp-content\/uploads\/2021\/03\/puzzle_1000_deico_games_vintage_map-77561.jpg","type":"image\/jpeg"}],"twitter_misc":{"Becs\u00fclt olvas\u00e1si id\u0151":"4 perc"},"schema":{"@context":"https:\/\/schema.org","@graph":[{"@type":"WebPage","@id":"https:\/\/business.roovi.com\/hu\/szureti-terkep-1000-darab-felnott-puzzle-brit-birodalom\/p\/","url":"https:\/\/business.roovi.com\/hu\/szureti-terkep-1000-darab-felnott-puzzle-brit-birodalom\/p\/","name":"Sz\u00fcreti t\u00e9rk\u00e9p 1000 darab feln\u0151tt puzzle - Brit Birodalom","isPartOf":{"@id":"https:\/\/business.roovi.com\/hu\/#website"},"datePublished":"2021-03-05T10:15:27+00:00","dateModified":"2022-07-06T11:14:09+00:00","description":"Sz\u00fcreti t\u00e9rk\u00e9p 1000 darab feln\u0151tt puzzle - Brit Birodalom","breadcrumb":{"@id":"https:\/\/business.roovi.com\/hu\/szureti-terkep-1000-darab-felnott-puzzle-brit-birodalom\/p\/#breadcrumb"},"inLanguage":"hu","potentialAction":[{"@type":"ReadAction","target":["https:\/\/business.roovi.com\/hu\/szureti-terkep-1000-darab-felnott-puzzle-brit-birodalom\/p\/"]}]},{"@type":"BreadcrumbList","@id":"https:\/\/business.roovi.com\/hu\/szureti-terkep-1000-darab-felnott-puzzle-brit-birodalom\/p\/#breadcrumb","itemListElement":[{"@type":"ListItem","position":1,"name":"Home","item":"https:\/\/business.roovi.com\/hu\/"},{"@type":"ListItem","position":2,"name":"Shop","item":"https:\/\/business.roovi.com\/hu\/shop\/"},{"@type":"ListItem","position":3,"name":"Sz\u00fcreti t\u00e9rk\u00e9p 1000 darab feln\u0151tt puzzle &#8211; Brit Birodalom"}]},{"@type":"WebSite","@id":"https:\/\/business.roovi.com\/hu\/#website","url":"https:\/\/business.roovi.com\/hu\/","name":"Roovi B2B","description":"Roovi Business Website","potentialAction":[{"@type":"SearchAction","target":{"@type":"EntryPoint","urlTemplate":"https:\/\/business.roovi.com\/hu\/?s={search_term_string}"},"query-input":"required name=search_term_string"}],"inLanguage":"hu"}]}},"_links":{"self":[{"href":"https:\/\/business.roovi.com\/hu\/wp-json\/wp\/v2\/product\/38865","targetHints":{"allow":["GET"]}}],"collection":[{"href":"https:\/\/business.roovi.com\/hu\/wp-json\/wp\/v2\/product"}],"about":[{"href":"https:\/\/business.roovi.com\/hu\/wp-json\/wp\/v2\/types\/product"}],"version-history":[{"count":0,"href":"https:\/\/business.roovi.com\/hu\/wp-json\/wp\/v2\/product\/38865\/revisions"}],"wp:featuredmedia":[{"embeddable":true,"href":"https:\/\/business.roovi.com\/hu\/wp-json\/wp\/v2\/media\/48552"}],"wp:attachment":[{"href":"https:\/\/business.roovi.com\/hu\/wp-json\/wp\/v2\/media?parent=38865"}],"wp:term":[{"taxonomy":"product_brand","embeddable":true,"href":"https:\/\/business.roovi.com\/hu\/wp-json\/wp\/v2\/product_brand?post=38865"},{"taxonomy":"product_cat","embeddable":true,"href":"https:\/\/business.roovi.com\/hu\/wp-json\/wp\/v2\/product_cat?post=38865"},{"taxonomy":"product_tag","embeddable":true,"href":"https:\/\/business.roovi.com\/hu\/wp-json\/wp\/v2\/product_tag?post=38865"}],"curies":[{"name":"wp","href":"https:\/\/api.w.org\/{rel}","templated":true}]}}