{"id":38869,"date":"2021-03-05T10:04:53","date_gmt":"2021-03-05T10:04:53","guid":{"rendered":"https:\/\/business.roovi.com\/puzzle-adulti-1000-piese-groos-zselyke-frida-kahlo\/p\/"},"modified":"2022-10-18T08:47:09","modified_gmt":"2022-10-18T08:47:09","slug":"groos-zselyke-1000-darabos-felnott-puzzle-frida-kahlo","status":"publish","type":"product","link":"https:\/\/business.roovi.com\/hu\/groos-zselyke-1000-darabos-felnott-puzzle-frida-kahlo\/p\/","title":{"rendered":"Groos Zselyke 1000 darabos feln\u0151tt puzzle &#8211; Frida Kahlo"},"content":{"rendered":"<p><span style=\"font-weight: 400;\">Elk\u00e9pzelted m\u00e1r, hogy mi inspir\u00e1lta a vil\u00e1g nagy m\u0171v\u00e9szeit halhatatlan remekm\u0171vek megalkot\u00e1s\u00e1ra? Ha szereted a m\u0171v\u00e9szetet, vagy csak egy kih\u00edv\u00e1sra v\u00e1gysz, hogy megmutasd kirak\u00f3s-\u00f6ssze\u00e1ll\u00edt\u00e1si k\u00e9pess\u00e9geidet, van egy kiv\u00e1l\u00f3 aj\u00e1nl\u00e1sunk sz\u00e1modra: az 1000 darabos Groos Zselyke &#8211; Frida Kahlo puzzle.<\/span><\/p>\n<p><span style=\"font-weight: 400;\">Fedezze fel a h\u00edres m\u0171v\u00e9sz portr\u00e9j\u00e1t ennek a csod\u00e1latos feln\u0151tt puzzle-nek a k\u00e9p\u00e9n, egy kort\u00e1rs m\u0171v\u00e9sz eredeti \u00e9rtelmez\u00e9s\u00e9ben <\/span><\/p>\n<p><span style=\"font-weight: 400;\">Ez a m\u0171v\u00e9szi puzzle \u00e9l\u00e9nk sz\u00ednekkel jelen\u00edti meg a 20. sz\u00e1zad egyik legikonikusabb n\u0151i alakj\u00e1nak k\u00e9p\u00e9t. Frida Kahlo, akinek \u00e9lett\u00f6rt\u00e9nete \u00e9ppoly leny\u0171g\u00f6z\u0151, mint saj\u00e1t m\u0171v\u00e9szete, v\u00e9gig megfestette sebeit \u00e9s fogyat\u00e9koss\u00e1gait <\/span><\/p>\n<p><span style=\"font-weight: 400;\">18 \u00e9vesen sz\u00f6rny\u0171 balesetet szenvedett, amely megpecs\u00e9telte az \u00e9let\u00e9t. Megcsonk\u00edtott test\u00e9nek helyre\u00e1ll\u00edt\u00e1sa \u00e9rdek\u00e9ben 35 m\u0171t\u00e9ten esett \u00e1t, \u00e9s eg\u00e9sz \u00e9let\u00e9ben kr\u00f3nikus f\u00e1jdalmakkal \u00e9lt.<\/span><\/p>\n<p><span style=\"font-weight: 400;\">St\u00edlusa \u00f6tv\u00f6zi a sz\u00fcrrealizmust az \u0151slakos hagyom\u00e1nyokkal, \u00e9s munk\u00e1it a mexik\u00f3i nemzeti kult\u00fara reprezentat\u00edv k\u00e9pvisel\u0151j\u00e9nek tekintik. Sok \u00f6narck\u00e9pet k\u00e9sz\u00edtett, mert szerinte ez volt az a t\u00e9ma, amit a legjobban ismert <\/span><\/p>\n<p><span style=\"font-weight: 400;\">A Groos Zselyke &#8211; Frida Kahlo 1000 darabos puzzle lehet\u0151s\u00e9get ad arra, hogy elk\u00e9sz\u00edtsd a h\u00edres m\u0171v\u00e9szn\u0151 saj\u00e1t portr\u00e9j\u00e1t. A k\u00e9p \u00e9l\u00e9nk sz\u00ednei kifinomult sz\u00ednt k\u00f6lcs\u00f6n\u00f6znek az 1000 darabos puzzle-k\u00e9pnek.<\/span><\/p>\n<p><span style=\"font-weight: 400;\">Jellemz\u0151k m\u0171v\u00e9szeti puzzle Groos Zselyke &#8211; Frida Kahlo:<\/span><\/p>\n<p><strong>Puzzle anyag <\/strong><\/p>\n<p><strong>kiv\u00e1l\u00f3 min\u0151s\u00e9g\u0171 k\u00e9k karton<\/strong><\/p>\n<p><strong>fenntarthat\u00f3, \u00fajrahasznos\u00edthat\u00f3 anyagok<\/strong><\/p>\n<p><strong>f\u00e9lf\u00e9nyes kivitel, \u00e9l\u00e9nk sz\u00ednek<\/strong><\/p>\n<p><strong>A kirak\u00f3s darabok sz\u00e1ma: 1000<\/strong><\/p>\n<p><strong>Aj\u00e1nlott \u00e9letkor: 14+<\/strong><\/p>\n<p><span style=\"font-weight: 400;\">Mi\u00e9rt v\u00e1lasszon m\u0171v\u00e9szi puzzle-t az unalmas pillanatokra?<\/span><\/p>\n<ul>\n<li><span style=\"font-weight: 400;\">Kih\u00edv\u00e1st jelent, hogy k\u00fcl\u00f6nleges d\u00edszt\u00e1rgyat k\u00e9sz\u00edtsen.<\/span><\/li>\n<li><span style=\"font-weight: 400;\">Fejleszti a m\u0171v\u00e9szi \u00e9rz\u00e9ket.<\/span><\/li>\n<li><span style=\"font-weight: 400;\">Megnyitja a nagy m\u0171alkot\u00e1sokr\u00f3l \u00e9s h\u00edres fest\u0151kr\u0151l szerzett ismereteidet.<\/span><\/li>\n<li><span style=\"font-weight: 400;\">Seg\u00edt, hogy \u00f6sszpontos\u00edtson a c\u00e9ljaira \u00e9s el\u00e9rje azokat.<\/span><\/li>\n<li><span style=\"font-weight: 400;\">Fejleszti a kitart\u00e1st.<\/span><\/li>\n<li><span style=\"font-weight: 400;\">Gyakorolja a koncentr\u00e1ci\u00f3s k\u00e9pess\u00e9get.<\/span><\/li>\n<\/ul>\n<p><strong>Tudtad, hogy&#8230;?<\/strong><\/p>\n<p><span style=\"font-weight: 400;\">Frida Kahlo arr\u00f3l \u00e1lmodott, hogy orvos lesz <\/span><\/p>\n<p><span style=\"font-weight: 400;\">A m\u0171v\u00e9szet ir\u00e1nti szenved\u00e9ly\u00e9t \u00fagy fejlesztette ki, hogy seg\u00edtett \u00e9desapj\u00e1nak a fot\u00f3st\u00fadi\u00f3j\u00e1ban.<\/span><\/p>\n<p><span style=\"font-weight: 400;\">Hat\u00e9ves kor\u00e1ban gyermekb\u00e9nul\u00e1sban szenvedett, amely betegs\u00e9g miatt s\u00e1nt\u00edtott, \u00e9s elszigetelte a t\u00f6bbi gyermekt\u0151l az iskol\u00e1ban.<\/span><\/p>\n<p><span style=\"font-weight: 400;\">Viharos h\u00e1zass\u00e1got k\u00f6t\u00f6tt a h\u00edres mexik\u00f3i fest\u0151vel, Diego River\u00e1val. A p\u00e1ros az &#8222;Elef\u00e1nt \u00e9s a galamb&#8221; nevet kapta.<\/span><\/p>\n<p><span style=\"font-weight: 400;\">Els\u0151 \u00e9s egyetlen \u00f6n\u00e1ll\u00f3 ki\u00e1ll\u00edt\u00e1s\u00e1ra ment\u0151aut\u00f3val \u00e9rkezett. S\u00falyos beteg volt, de \u00e9lvezte a saj\u00e1t megnyit\u00e1s\u00e1t a kifejezetten sz\u00e1m\u00e1ra fel\u00e1ll\u00edtott \u00e1gyon fekve.<\/span><\/p>\n<p><span style=\"font-weight: 400;\">Mind\u00f6ssze 47 \u00e9vesen halt meg <\/span><\/p>\n<p><strong>A m\u0171v\u00e9szeti rejtv\u00e9nyek seg\u00edtenek megb\u00e9k\u00e9lni \u00f6nmagaddal<\/strong><\/p>\n<p><span style=\"font-weight: 400;\">B\u00e1rmilyen tev\u00e9kenys\u00e9g, amely \u00f6r\u00f6met okoz, a medit\u00e1ci\u00f3s \u00fcl\u00e9s hat\u00e1saival b\u00edr. Ez al\u00f3l a kirak\u00f3s j\u00e1t\u00e9kok \u00f6ssze\u00e1ll\u00edt\u00e1sa sem kiv\u00e9tel. Ha el akarod \u00e9rni a bels\u0151 egyens\u00falyt, ami annyira sz\u00fcks\u00e9ges a teljes \u00e9lethez, akkor h\u00f3dolj a csod\u00e1latos m\u0171v\u00e9szi puzzle-k\u00e9pek \u00f6ssze\u00e1ll\u00edt\u00e1sa ir\u00e1nti szenved\u00e9lyednek.<\/span><\/p>\n<p><span style=\"font-weight: 400;\">Frida Kahlo a kitart\u00e1s \u00e9s a b\u00e1tors\u00e1g szimb\u00f3luma, az er\u0151s n\u0151\u00e9, aki merte k\u00f6vetni az \u00e1lmait. Ha szeretn\u00e9d, hogy sz\u00far\u00f3s tekintete inspir\u00e1ljon a neh\u00e9z pillanatokban, v\u00e1laszd ezt az 1000 darabos Groos Zselyke &#8211; Frida Kahlo puzzle-t m\u0171v\u00e9szeti puzzle kollekci\u00f3nkb\u00f3l.<\/span><\/p>\n<p><span style=\"font-weight: 400;\">Aj\u00e1nd\u00e9k inspir\u00e1ci\u00f3t keres szeretteinek? V\u00e1s\u00e1roljon Frida Kahlo m\u0171v\u00e9szeti puzzle-t, \u00e9s szerezzen \u00f6r\u00f6met puzzle-rajong\u00f3 bar\u00e1tainak.<\/span><\/p>\n","protected":false},"excerpt":{"rendered":"<p>Elk\u00e9pzelted m\u00e1r, hogy mi inspir\u00e1lta a vil\u00e1g nagy m\u0171v\u00e9szeit halhatatlan remekm\u0171vek megalkot\u00e1s\u00e1ra? Ha szereted a m\u0171v\u00e9szetet, vagy csak egy kih\u00edv\u00e1sra<\/p>\n","protected":false},"featured_media":48550,"template":"","meta":[],"product_brand":[],"product_cat":[1920,1919,1881],"product_tag":[],"class_list":{"0":"post-38869","1":"product","2":"type-product","3":"status-publish","4":"has-post-thumbnail","6":"product_cat-1000-darabos-kirakos-jatek","7":"product_cat-felnott-kirakos-jatekok","8":"product_cat-kirakos-jatekok","9":"pa_brand-d_toys-hu","10":"pa_country_of_manufacture-ro-hu","11":"pa_filter_age-14-hu","12":"pa_tip_ambalaj-doboz","13":"pa_tip_puzzle-klasszikus","15":"first","16":"instock","17":"taxable","18":"shipping-taxable","19":"product-type-simple"},"yoast_head":"<!-- This site is optimized with the Yoast SEO plugin v20.1 - https:\/\/yoast.com\/wordpress\/plugins\/seo\/ -->\n<title>Groos Zselyke 1000 darabos feln\u0151tt puzzle - Frida Kahlo<\/title>\n<meta name=\"description\" content=\"Groos Zselyke 1000 darabos feln\u0151tt puzzle - Frida Kahlo\" \/>\n<meta name=\"robots\" content=\"index, follow, max-snippet:-1, max-image-preview:large, max-video-preview:-1\" \/>\n<link rel=\"canonical\" href=\"https:\/\/business.roovi.com\/hu\/groos-zselyke-1000-darabos-felnott-puzzle-frida-kahlo\/p\/\" \/>\n<meta property=\"og:locale\" content=\"hu_HU\" \/>\n<meta property=\"og:type\" content=\"article\" \/>\n<meta property=\"og:title\" content=\"Groos Zselyke 1000 darabos feln\u0151tt puzzle - Frida Kahlo\" \/>\n<meta property=\"og:description\" content=\"Groos Zselyke 1000 darabos feln\u0151tt puzzle - Frida Kahlo\" \/>\n<meta property=\"og:url\" content=\"https:\/\/business.roovi.com\/hu\/groos-zselyke-1000-darabos-felnott-puzzle-frida-kahlo\/p\/\" \/>\n<meta property=\"og:site_name\" content=\"Roovi B2B\" \/>\n<meta property=\"article:publisher\" content=\"https:\/\/www.facebook.com\/wwwjucariero\" \/>\n<meta property=\"article:modified_time\" content=\"2022-10-18T08:47:09+00:00\" \/>\n<meta property=\"og:image\" content=\"https:\/\/business.roovi.com\/wp-content\/uploads\/2021\/03\/puzzle_1000_d-toys_frida_khalo-77592.jpg\" \/>\n\t<meta property=\"og:image:width\" content=\"1000\" \/>\n\t<meta property=\"og:image:height\" content=\"1000\" \/>\n\t<meta property=\"og:image:type\" content=\"image\/jpeg\" \/>\n<meta name=\"twitter:label1\" content=\"Becs\u00fclt olvas\u00e1si id\u0151\" \/>\n\t<meta name=\"twitter:data1\" content=\"2 perc\" \/>\n<script type=\"application\/ld+json\" class=\"yoast-schema-graph\">{\"@context\":\"https:\/\/schema.org\",\"@graph\":[{\"@type\":\"WebPage\",\"@id\":\"https:\/\/business.roovi.com\/hu\/groos-zselyke-1000-darabos-felnott-puzzle-frida-kahlo\/p\/\",\"url\":\"https:\/\/business.roovi.com\/hu\/groos-zselyke-1000-darabos-felnott-puzzle-frida-kahlo\/p\/\",\"name\":\"Groos Zselyke 1000 darabos feln\u0151tt puzzle - Frida Kahlo\",\"isPartOf\":{\"@id\":\"https:\/\/business.roovi.com\/hu\/#website\"},\"datePublished\":\"2021-03-05T10:04:53+00:00\",\"dateModified\":\"2022-10-18T08:47:09+00:00\",\"description\":\"Groos Zselyke 1000 darabos feln\u0151tt puzzle - Frida Kahlo\",\"breadcrumb\":{\"@id\":\"https:\/\/business.roovi.com\/hu\/groos-zselyke-1000-darabos-felnott-puzzle-frida-kahlo\/p\/#breadcrumb\"},\"inLanguage\":\"hu\",\"potentialAction\":[{\"@type\":\"ReadAction\",\"target\":[\"https:\/\/business.roovi.com\/hu\/groos-zselyke-1000-darabos-felnott-puzzle-frida-kahlo\/p\/\"]}]},{\"@type\":\"BreadcrumbList\",\"@id\":\"https:\/\/business.roovi.com\/hu\/groos-zselyke-1000-darabos-felnott-puzzle-frida-kahlo\/p\/#breadcrumb\",\"itemListElement\":[{\"@type\":\"ListItem\",\"position\":1,\"name\":\"Home\",\"item\":\"https:\/\/business.roovi.com\/hu\/\"},{\"@type\":\"ListItem\",\"position\":2,\"name\":\"Shop\",\"item\":\"https:\/\/business.roovi.com\/hu\/shop\/\"},{\"@type\":\"ListItem\",\"position\":3,\"name\":\"Groos Zselyke 1000 darabos feln\u0151tt puzzle &#8211; Frida Kahlo\"}]},{\"@type\":\"WebSite\",\"@id\":\"https:\/\/business.roovi.com\/hu\/#website\",\"url\":\"https:\/\/business.roovi.com\/hu\/\",\"name\":\"Roovi B2B\",\"description\":\"Roovi Business Website\",\"potentialAction\":[{\"@type\":\"SearchAction\",\"target\":{\"@type\":\"EntryPoint\",\"urlTemplate\":\"https:\/\/business.roovi.com\/hu\/?s={search_term_string}\"},\"query-input\":\"required name=search_term_string\"}],\"inLanguage\":\"hu\"}]}<\/script>\n<!-- \/ Yoast SEO plugin. -->","yoast_head_json":{"title":"Groos Zselyke 1000 darabos feln\u0151tt puzzle - Frida Kahlo","description":"Groos Zselyke 1000 darabos feln\u0151tt puzzle - Frida Kahlo","robots":{"index":"index","follow":"follow","max-snippet":"max-snippet:-1","max-image-preview":"max-image-preview:large","max-video-preview":"max-video-preview:-1"},"canonical":"https:\/\/business.roovi.com\/hu\/groos-zselyke-1000-darabos-felnott-puzzle-frida-kahlo\/p\/","og_locale":"hu_HU","og_type":"article","og_title":"Groos Zselyke 1000 darabos feln\u0151tt puzzle - Frida Kahlo","og_description":"Groos Zselyke 1000 darabos feln\u0151tt puzzle - Frida Kahlo","og_url":"https:\/\/business.roovi.com\/hu\/groos-zselyke-1000-darabos-felnott-puzzle-frida-kahlo\/p\/","og_site_name":"Roovi B2B","article_publisher":"https:\/\/www.facebook.com\/wwwjucariero","article_modified_time":"2022-10-18T08:47:09+00:00","og_image":[{"width":1000,"height":1000,"url":"https:\/\/business.roovi.com\/wp-content\/uploads\/2021\/03\/puzzle_1000_d-toys_frida_khalo-77592.jpg","type":"image\/jpeg"}],"twitter_misc":{"Becs\u00fclt olvas\u00e1si id\u0151":"2 perc"},"schema":{"@context":"https:\/\/schema.org","@graph":[{"@type":"WebPage","@id":"https:\/\/business.roovi.com\/hu\/groos-zselyke-1000-darabos-felnott-puzzle-frida-kahlo\/p\/","url":"https:\/\/business.roovi.com\/hu\/groos-zselyke-1000-darabos-felnott-puzzle-frida-kahlo\/p\/","name":"Groos Zselyke 1000 darabos feln\u0151tt puzzle - Frida Kahlo","isPartOf":{"@id":"https:\/\/business.roovi.com\/hu\/#website"},"datePublished":"2021-03-05T10:04:53+00:00","dateModified":"2022-10-18T08:47:09+00:00","description":"Groos Zselyke 1000 darabos feln\u0151tt puzzle - Frida Kahlo","breadcrumb":{"@id":"https:\/\/business.roovi.com\/hu\/groos-zselyke-1000-darabos-felnott-puzzle-frida-kahlo\/p\/#breadcrumb"},"inLanguage":"hu","potentialAction":[{"@type":"ReadAction","target":["https:\/\/business.roovi.com\/hu\/groos-zselyke-1000-darabos-felnott-puzzle-frida-kahlo\/p\/"]}]},{"@type":"BreadcrumbList","@id":"https:\/\/business.roovi.com\/hu\/groos-zselyke-1000-darabos-felnott-puzzle-frida-kahlo\/p\/#breadcrumb","itemListElement":[{"@type":"ListItem","position":1,"name":"Home","item":"https:\/\/business.roovi.com\/hu\/"},{"@type":"ListItem","position":2,"name":"Shop","item":"https:\/\/business.roovi.com\/hu\/shop\/"},{"@type":"ListItem","position":3,"name":"Groos Zselyke 1000 darabos feln\u0151tt puzzle &#8211; Frida Kahlo"}]},{"@type":"WebSite","@id":"https:\/\/business.roovi.com\/hu\/#website","url":"https:\/\/business.roovi.com\/hu\/","name":"Roovi B2B","description":"Roovi Business Website","potentialAction":[{"@type":"SearchAction","target":{"@type":"EntryPoint","urlTemplate":"https:\/\/business.roovi.com\/hu\/?s={search_term_string}"},"query-input":"required name=search_term_string"}],"inLanguage":"hu"}]}},"_links":{"self":[{"href":"https:\/\/business.roovi.com\/hu\/wp-json\/wp\/v2\/product\/38869","targetHints":{"allow":["GET"]}}],"collection":[{"href":"https:\/\/business.roovi.com\/hu\/wp-json\/wp\/v2\/product"}],"about":[{"href":"https:\/\/business.roovi.com\/hu\/wp-json\/wp\/v2\/types\/product"}],"version-history":[{"count":0,"href":"https:\/\/business.roovi.com\/hu\/wp-json\/wp\/v2\/product\/38869\/revisions"}],"wp:featuredmedia":[{"embeddable":true,"href":"https:\/\/business.roovi.com\/hu\/wp-json\/wp\/v2\/media\/48550"}],"wp:attachment":[{"href":"https:\/\/business.roovi.com\/hu\/wp-json\/wp\/v2\/media?parent=38869"}],"wp:term":[{"taxonomy":"product_brand","embeddable":true,"href":"https:\/\/business.roovi.com\/hu\/wp-json\/wp\/v2\/product_brand?post=38869"},{"taxonomy":"product_cat","embeddable":true,"href":"https:\/\/business.roovi.com\/hu\/wp-json\/wp\/v2\/product_cat?post=38869"},{"taxonomy":"product_tag","embeddable":true,"href":"https:\/\/business.roovi.com\/hu\/wp-json\/wp\/v2\/product_tag?post=38869"}],"curies":[{"name":"wp","href":"https:\/\/api.w.org\/{rel}","templated":true}]}}