{"id":38893,"date":"2021-03-05T09:34:28","date_gmt":"2021-03-05T09:34:28","guid":{"rendered":"https:\/\/business.roovi.com\/puzzle-adulti-1000-piese-pattern-elephants-elefanti\/p\/"},"modified":"2022-07-06T11:19:14","modified_gmt":"2022-07-06T11:19:14","slug":"felnott-puzzle-1000-darab-minta-elefantok-elefantok","status":"publish","type":"product","link":"https:\/\/business.roovi.com\/hu\/felnott-puzzle-1000-darab-minta-elefantok-elefantok\/p\/","title":{"rendered":"Feln\u0151tt puzzle 1000 darab minta Elef\u00e1ntok \/ Elef\u00e1ntok"},"content":{"rendered":"<p><span style=\"font-weight: 400\">Szereted a rejtv\u00e9nyeket? Fedezd fel az 1000 darabos puzzle &#8211; Elef\u00e1ntok, egy \u00f6sszetett k\u00e9pet, amely a kirak\u00f3sok ir\u00e1nti szenved\u00e9lyedet a k\u00f6vetkez\u0151 szintre emeli.<\/span><\/p>\n<p><span style=\"font-weight: 400\">Minden 1000 darabos puzzle rajong\u00f3 egy bizonyos ponton \u00fagy \u00e9rzi, hogy \u00faj kih\u00edv\u00e1sra van sz\u00fcks\u00e9ge. A Feln\u0151tt puzzle &#8211; Elef\u00e1nt mint\u00e1k magasabb neh\u00e9zs\u00e9gi fok\u00fa, \u00e9s t\u00f6k\u00e9letes, ha a puzzle-j\u00e1t\u00e9kokat a k\u00f6vetkez\u0151 szintre szeretn\u00e9d emelni <\/span><\/p>\n<p><span style=\"font-weight: 400\">A szak\u00e9rt\u0151k szerint a neh\u00e9z rejtv\u00e9nyek intenz\u00edv agym\u0171k\u00f6d\u00e9st serkentenek, \u00e9s seg\u00edtenek a rejtv\u00e9nyek szerelmeseinek fiatalon \u00e9s eg\u00e9szs\u00e9gesen tartani az agyukat <\/span><\/p>\n<p><span style=\"font-weight: 400\">Haszn\u00e1ld ki ezt a fejl\u0151d\u00e9si lehet\u0151s\u00e9get, \u00e9s fogadd el a kih\u00edv\u00e1st, \u00e9s k\u00e9sz\u00edts egy csod\u00e1latos k\u00e9pet sok sz\u00ednes elef\u00e1nttal. Sok \u00f3r\u00e1nyi sz\u00f3rakoztat\u00f3 kikapcsol\u00f3d\u00e1st kapsz, \u00e9s r\u00e1ad\u00e1sul egy csod\u00e1latos festm\u00e9nyt is k\u00e9sz\u00edthetsz, amellyel d\u00edsz\u00edtheted az otthonodat.<\/span><\/p>\n<p><span style=\"font-weight: 400\">Jellemz\u0151k 1000 darabos kirak\u00f3 Elef\u00e1ntok minta<\/span><\/p>\n<p><strong>A reproduk\u00e1lt k\u00e9p m\u00e9rete: 50 x 70 cm. Az \u00f6sszeszerel\u00e9shez egy hagyom\u00e1nyos doh\u00e1nyz\u00f3asztal is haszn\u00e1lhat\u00f3.<\/strong><\/p>\n<p><strong>Puzzle anyag <\/strong><\/p>\n<p><strong>kiv\u00e1l\u00f3 min\u0151s\u00e9g\u0171 k\u00e9k karton<\/strong><\/p>\n<p><strong>fenntarthat\u00f3, \u00fajrahasznos\u00edthat\u00f3 anyagok<\/strong><\/p>\n<p><strong>f\u00e9lf\u00e9nyes kivitel, \u00e9l\u00e9nk sz\u00ednek<\/strong><\/p>\n<p><strong>A kirak\u00f3s darabok sz\u00e1ma: 1000<\/strong><\/p>\n<p><strong>Aj\u00e1nlott \u00e9letkor: 14+<\/strong><\/p>\n<p><strong>Mi\u00e9rt v\u00e1lassza az 1000 darabos puzzle-t &#8211; Elef\u00e1nt mint\u00e1k<\/strong><\/p>\n<p><span style=\"font-weight: 400\">Ez egy nagyszer\u0171 t\u00fcrelemgyakorlat.<\/span><\/p>\n<p><span style=\"font-weight: 400\">A legapr\u00f3bb r\u00e9szletekre is odafigyel.<\/span><\/p>\n<p><span style=\"font-weight: 400\">Seg\u00edt kitart\u00f3v\u00e1 v\u00e1lni.<\/span><\/p>\n<p><span style=\"font-weight: 400\">Megtanulod, hogy ne add fel, m\u00e9g akkor sem, ha \u00fagy gondolod, hogy nem tal\u00e1lsz megold\u00e1st.<\/span><\/p>\n<p><span style=\"font-weight: 400\">Ez edz\u00e9sben tartja a mem\u00f3ri\u00e1t.<\/span><\/p>\n<p><span style=\"font-weight: 400\">Ez a t\u00f6k\u00e9letes alkalom arra, hogy elszakadj a mindennapokt\u00f3l.<\/span><\/p>\n<p><span style=\"font-weight: 400\">Gy\u00f6ny\u00f6r\u0171 k\u00e9pet alkotsz a saj\u00e1t kezeddel.<\/span><\/p>\n<p><strong>Tudtad, hogy&#8230;?<\/strong><\/p>\n<p><span style=\"font-weight: 400\">Az elef\u00e1ntok nagyon intelligensek \u00e9s kiv\u00e1l\u00f3 mem\u00f3ri\u00e1val rendelkeznek. Nem v\u00e9letlen\u00fcl h\u00edvj\u00e1k &#8222;elef\u00e1ntmem\u00f3ri\u00e1nak&#8221;! A kutat\u00f3k felfedezt\u00e9k, hogy soha semmit nem felejtenek el.<\/span><\/p>\n<p><span style=\"font-weight: 400\">Nagyon keveset alszanak, k\u00f6r\u00fclbel\u00fcl napi 2-4 \u00f3r\u00e1t. \u00c1llva alszanak. N\u00e9ha k\u00e9t napot is elt\u00f6ltenek pihen\u00e9s n\u00e9lk\u00fcl.<\/span><\/p>\n<p><span style=\"font-weight: 400\">Az elef\u00e1ntcsal\u00e1dban a n\u0151i f\u0151szerepl\u0151k. \u0150 a felel\u0151s az\u00e9rt, hogy a csord\u00e1t \u00e9lelemmel \u00e9s v\u00edzzel ell\u00e1tott helyekre vezesse, de a fiatal elef\u00e1ntok szocializ\u00e1l\u00f3d\u00e1s\u00e1ra is megtan\u00edtja \u0151ket.<\/span><\/p>\n<p><span style=\"font-weight: 400\">A sarat napv\u00e9d\u0151 kr\u00e9mk\u00e9nt haszn\u00e1lj\u00e1k.<\/span><\/p>\n<p><span style=\"font-weight: 400\">Az elef\u00e1nt orm\u00e1nya egy \u00f6sszetett szerv, amely k\u00f6r\u00fclbel\u00fcl 40 000 izomb\u00f3l \u00e1ll. Ak\u00e1r 15 liter vizet is k\u00e9pes t\u00e1rolni.<\/span><\/p>\n<p><span style=\"font-weight: 400\">Az elef\u00e1ntok a leghosszabb vemhess\u00e9gi id\u0151vel rendelkez\u0151 eml\u0151s\u00f6k: 22-24 h\u00f3nap.<\/span><\/p>\n<p><strong>1000 darabos elef\u00e1nt puzzle &#8211; dekorat\u00edv festm\u00e9ny \u00e9s szerencs\u00e9t hoz\u00f3 elem<\/strong><\/p>\n<p><span style=\"font-weight: 400\">Az elef\u00e1ntnak a vil\u00e1g kult\u00far\u00e1iban \u00e9s vall\u00e1saiban sokf\u00e9le szimb\u00f3luma van. A feng shui m\u0171v\u00e9szetben \u00fagy tartj\u00e1k, hogy szerencs\u00e9t \u00e9s boldogs\u00e1got hoz, a buddhizmusban pedig az er\u0151t, a m\u00e9lt\u00f3s\u00e1got \u00e9s az al\u00e1zatot jelk\u00e9pezi. Ez\u00e9rt Afrika \u00e9s \u00c1zsia sz\u00e1mos orsz\u00e1g\u00e1ban tisztelik \u00e9s becs\u00fclik ezeket az \u00e1llatokat.<\/span><\/p>\n<p><span style=\"font-weight: 400\">Ha olyan t\u00e1rgyakat gy\u0171jtesz, amelyeket szerencsehoz\u00f3nak tartasz, vagy szenved\u00e9lyesen rajongsz az \u00e1zsiai \u00e9s afrikai kult\u00far\u00e1k\u00e9rt, akkor ez az 1000 darabos elef\u00e1nt puzzle k\u00e9p t\u00f6k\u00e9letes lehet\u0151s\u00e9g arra, hogy egy egyedi szimb\u00f3lummal eg\u00e9sz\u00edtsd ki a gy\u0171jtem\u00e9nyedet <\/span><\/p>\n<p><span style=\"font-weight: 400\">F\u0151zd meg a legarom\u00e1sabb te\u00e1t, amid van, h\u00fazd k\u00f6zel a doh\u00e1nyz\u00f3asztalt a nappaliban, tedd fel darabonk\u00e9nt, \u00e9s l\u00e9pj a csod\u00e1latos nyugalom \u00e9s pihen\u00e9s \u00e1llapot\u00e1ba. A v\u00e9g\u00e9n egy sz\u00ednes festm\u00e9ny gy\u00f6ny\u00f6rk\u00f6dteti majd a szemet, sok vibr\u00e1l\u00f3 elef\u00e1nt k\u00e9peivel, amelyek szerencs\u00e9t \u00e9s j\u00f3l\u00e9tet hoznak.<\/span><\/p>\n<p><span style=\"font-weight: 400\">V\u00e1s\u00e1rolja meg most az 1000 darabos puzzle &#8211; Elef\u00e1nt modellek j\u00e1t\u00e9kot, \u00e9s gyakorolja \u00fcgyess\u00e9g\u00e9t az unalmas d\u00e9lut\u00e1nokon, amikor a rossz id\u0151j\u00e1r\u00e1s miatt nem tud otthon tart\u00f3zkodni. Vagy h\u00edvd seg\u00edts\u00e9g\u00fcl a bar\u00e1taidat, \u00e9s alkoss\u00e1tok meg egy\u00fctt a sz\u00ednes elef\u00e1ntok csod\u00e1latos k\u00e9p\u00e9t ebben a feln\u0151tteknek sz\u00f3l\u00f3 kirak\u00f3s j\u00e1t\u00e9kban.<\/span><\/p>\n<p><span style=\"font-weight: 400\">Szeretn\u00e9d pr\u00f3b\u00e1ra tenni szeretteid t\u00fcrelm\u00e9t? Az 1000 darabos puzzle &#8211; Elef\u00e1ntok t\u00f6k\u00e9letes aj\u00e1nd\u00e9k sz\u00e1mukra.<\/span><\/p><\/p>\n","protected":false},"excerpt":{"rendered":"<p>Szereted a rejtv\u00e9nyeket? Fedezd fel az 1000 darabos puzzle &#8211; Elef\u00e1ntok, egy \u00f6sszetett k\u00e9pet, amely a kirak\u00f3sok ir\u00e1nti szenved\u00e9lyedet a<\/p>\n","protected":false},"featured_media":48532,"template":"","meta":[],"product_brand":[],"product_cat":[1920,1919,1881],"product_tag":[],"class_list":{"0":"post-38893","1":"product","2":"type-product","3":"status-publish","4":"has-post-thumbnail","6":"product_cat-1000-darabos-kirakos-jatek","7":"product_cat-felnott-kirakos-jatekok","8":"product_cat-kirakos-jatekok","9":"pa_brand-d_toys-hu","10":"pa_country_of_manufacture-ro-hu","11":"pa_filter_age-14-hu","12":"pa_tip_ambalaj-doboz","13":"pa_tip_puzzle-klasszikus","15":"first","16":"instock","17":"taxable","18":"shipping-taxable","19":"product-type-simple"},"yoast_head":"<!-- This site is optimized with the Yoast SEO plugin v20.1 - https:\/\/yoast.com\/wordpress\/plugins\/seo\/ -->\n<title>Feln\u0151tt puzzle 1000 darab minta Elef\u00e1ntok \/ Elef\u00e1ntok<\/title>\n<meta name=\"description\" content=\"Feln\u0151tt puzzle 1000 darab minta Elef\u00e1ntok \/ Elef\u00e1ntok\" \/>\n<meta name=\"robots\" content=\"index, follow, max-snippet:-1, max-image-preview:large, max-video-preview:-1\" \/>\n<link rel=\"canonical\" href=\"https:\/\/business.roovi.com\/hu\/felnott-puzzle-1000-darab-minta-elefantok-elefantok\/p\/\" \/>\n<meta property=\"og:locale\" content=\"hu_HU\" \/>\n<meta property=\"og:type\" content=\"article\" \/>\n<meta property=\"og:title\" content=\"Feln\u0151tt puzzle 1000 darab minta Elef\u00e1ntok \/ Elef\u00e1ntok\" \/>\n<meta property=\"og:description\" content=\"Feln\u0151tt puzzle 1000 darab minta Elef\u00e1ntok \/ Elef\u00e1ntok\" \/>\n<meta property=\"og:url\" content=\"https:\/\/business.roovi.com\/hu\/felnott-puzzle-1000-darab-minta-elefantok-elefantok\/p\/\" \/>\n<meta property=\"og:site_name\" content=\"Roovi B2B\" \/>\n<meta property=\"article:publisher\" content=\"https:\/\/www.facebook.com\/wwwjucariero\" \/>\n<meta property=\"article:modified_time\" content=\"2022-07-06T11:19:14+00:00\" \/>\n<meta property=\"og:image\" content=\"https:\/\/business.roovi.com\/wp-content\/uploads\/2021\/03\/77516_ansamblu_dimensiuni_cutie_cm_orizontal_1200x1200.png\" \/>\n\t<meta property=\"og:image:width\" content=\"1200\" \/>\n\t<meta property=\"og:image:height\" content=\"1200\" \/>\n\t<meta property=\"og:image:type\" content=\"image\/png\" \/>\n<meta name=\"twitter:label1\" content=\"Becs\u00fclt olvas\u00e1si id\u0151\" \/>\n\t<meta name=\"twitter:data1\" content=\"4 perc\" \/>\n<script type=\"application\/ld+json\" class=\"yoast-schema-graph\">{\"@context\":\"https:\/\/schema.org\",\"@graph\":[{\"@type\":\"WebPage\",\"@id\":\"https:\/\/business.roovi.com\/hu\/felnott-puzzle-1000-darab-minta-elefantok-elefantok\/p\/\",\"url\":\"https:\/\/business.roovi.com\/hu\/felnott-puzzle-1000-darab-minta-elefantok-elefantok\/p\/\",\"name\":\"Feln\u0151tt puzzle 1000 darab minta Elef\u00e1ntok \/ Elef\u00e1ntok\",\"isPartOf\":{\"@id\":\"https:\/\/business.roovi.com\/hu\/#website\"},\"datePublished\":\"2021-03-05T09:34:28+00:00\",\"dateModified\":\"2022-07-06T11:19:14+00:00\",\"description\":\"Feln\u0151tt puzzle 1000 darab minta Elef\u00e1ntok \/ Elef\u00e1ntok\",\"breadcrumb\":{\"@id\":\"https:\/\/business.roovi.com\/hu\/felnott-puzzle-1000-darab-minta-elefantok-elefantok\/p\/#breadcrumb\"},\"inLanguage\":\"hu\",\"potentialAction\":[{\"@type\":\"ReadAction\",\"target\":[\"https:\/\/business.roovi.com\/hu\/felnott-puzzle-1000-darab-minta-elefantok-elefantok\/p\/\"]}]},{\"@type\":\"BreadcrumbList\",\"@id\":\"https:\/\/business.roovi.com\/hu\/felnott-puzzle-1000-darab-minta-elefantok-elefantok\/p\/#breadcrumb\",\"itemListElement\":[{\"@type\":\"ListItem\",\"position\":1,\"name\":\"Home\",\"item\":\"https:\/\/business.roovi.com\/hu\/\"},{\"@type\":\"ListItem\",\"position\":2,\"name\":\"Shop\",\"item\":\"https:\/\/business.roovi.com\/hu\/shop\/\"},{\"@type\":\"ListItem\",\"position\":3,\"name\":\"Feln\u0151tt puzzle 1000 darab minta Elef\u00e1ntok \/ Elef\u00e1ntok\"}]},{\"@type\":\"WebSite\",\"@id\":\"https:\/\/business.roovi.com\/hu\/#website\",\"url\":\"https:\/\/business.roovi.com\/hu\/\",\"name\":\"Roovi B2B\",\"description\":\"Roovi Business Website\",\"potentialAction\":[{\"@type\":\"SearchAction\",\"target\":{\"@type\":\"EntryPoint\",\"urlTemplate\":\"https:\/\/business.roovi.com\/hu\/?s={search_term_string}\"},\"query-input\":\"required name=search_term_string\"}],\"inLanguage\":\"hu\"}]}<\/script>\n<!-- \/ Yoast SEO plugin. -->","yoast_head_json":{"title":"Feln\u0151tt puzzle 1000 darab minta Elef\u00e1ntok \/ Elef\u00e1ntok","description":"Feln\u0151tt puzzle 1000 darab minta Elef\u00e1ntok \/ Elef\u00e1ntok","robots":{"index":"index","follow":"follow","max-snippet":"max-snippet:-1","max-image-preview":"max-image-preview:large","max-video-preview":"max-video-preview:-1"},"canonical":"https:\/\/business.roovi.com\/hu\/felnott-puzzle-1000-darab-minta-elefantok-elefantok\/p\/","og_locale":"hu_HU","og_type":"article","og_title":"Feln\u0151tt puzzle 1000 darab minta Elef\u00e1ntok \/ Elef\u00e1ntok","og_description":"Feln\u0151tt puzzle 1000 darab minta Elef\u00e1ntok \/ Elef\u00e1ntok","og_url":"https:\/\/business.roovi.com\/hu\/felnott-puzzle-1000-darab-minta-elefantok-elefantok\/p\/","og_site_name":"Roovi B2B","article_publisher":"https:\/\/www.facebook.com\/wwwjucariero","article_modified_time":"2022-07-06T11:19:14+00:00","og_image":[{"width":1200,"height":1200,"url":"https:\/\/business.roovi.com\/wp-content\/uploads\/2021\/03\/77516_ansamblu_dimensiuni_cutie_cm_orizontal_1200x1200.png","type":"image\/png"}],"twitter_misc":{"Becs\u00fclt olvas\u00e1si id\u0151":"4 perc"},"schema":{"@context":"https:\/\/schema.org","@graph":[{"@type":"WebPage","@id":"https:\/\/business.roovi.com\/hu\/felnott-puzzle-1000-darab-minta-elefantok-elefantok\/p\/","url":"https:\/\/business.roovi.com\/hu\/felnott-puzzle-1000-darab-minta-elefantok-elefantok\/p\/","name":"Feln\u0151tt puzzle 1000 darab minta Elef\u00e1ntok \/ Elef\u00e1ntok","isPartOf":{"@id":"https:\/\/business.roovi.com\/hu\/#website"},"datePublished":"2021-03-05T09:34:28+00:00","dateModified":"2022-07-06T11:19:14+00:00","description":"Feln\u0151tt puzzle 1000 darab minta Elef\u00e1ntok \/ Elef\u00e1ntok","breadcrumb":{"@id":"https:\/\/business.roovi.com\/hu\/felnott-puzzle-1000-darab-minta-elefantok-elefantok\/p\/#breadcrumb"},"inLanguage":"hu","potentialAction":[{"@type":"ReadAction","target":["https:\/\/business.roovi.com\/hu\/felnott-puzzle-1000-darab-minta-elefantok-elefantok\/p\/"]}]},{"@type":"BreadcrumbList","@id":"https:\/\/business.roovi.com\/hu\/felnott-puzzle-1000-darab-minta-elefantok-elefantok\/p\/#breadcrumb","itemListElement":[{"@type":"ListItem","position":1,"name":"Home","item":"https:\/\/business.roovi.com\/hu\/"},{"@type":"ListItem","position":2,"name":"Shop","item":"https:\/\/business.roovi.com\/hu\/shop\/"},{"@type":"ListItem","position":3,"name":"Feln\u0151tt puzzle 1000 darab minta Elef\u00e1ntok \/ Elef\u00e1ntok"}]},{"@type":"WebSite","@id":"https:\/\/business.roovi.com\/hu\/#website","url":"https:\/\/business.roovi.com\/hu\/","name":"Roovi B2B","description":"Roovi Business Website","potentialAction":[{"@type":"SearchAction","target":{"@type":"EntryPoint","urlTemplate":"https:\/\/business.roovi.com\/hu\/?s={search_term_string}"},"query-input":"required name=search_term_string"}],"inLanguage":"hu"}]}},"_links":{"self":[{"href":"https:\/\/business.roovi.com\/hu\/wp-json\/wp\/v2\/product\/38893","targetHints":{"allow":["GET"]}}],"collection":[{"href":"https:\/\/business.roovi.com\/hu\/wp-json\/wp\/v2\/product"}],"about":[{"href":"https:\/\/business.roovi.com\/hu\/wp-json\/wp\/v2\/types\/product"}],"version-history":[{"count":0,"href":"https:\/\/business.roovi.com\/hu\/wp-json\/wp\/v2\/product\/38893\/revisions"}],"wp:featuredmedia":[{"embeddable":true,"href":"https:\/\/business.roovi.com\/hu\/wp-json\/wp\/v2\/media\/48532"}],"wp:attachment":[{"href":"https:\/\/business.roovi.com\/hu\/wp-json\/wp\/v2\/media?parent=38893"}],"wp:term":[{"taxonomy":"product_brand","embeddable":true,"href":"https:\/\/business.roovi.com\/hu\/wp-json\/wp\/v2\/product_brand?post=38893"},{"taxonomy":"product_cat","embeddable":true,"href":"https:\/\/business.roovi.com\/hu\/wp-json\/wp\/v2\/product_cat?post=38893"},{"taxonomy":"product_tag","embeddable":true,"href":"https:\/\/business.roovi.com\/hu\/wp-json\/wp\/v2\/product_tag?post=38893"}],"curies":[{"name":"wp","href":"https:\/\/api.w.org\/{rel}","templated":true}]}}