{"id":38919,"date":"2021-03-05T09:20:50","date_gmt":"2021-03-05T09:20:50","guid":{"rendered":"https:\/\/business.roovi.com\/puzzle-adulti-1000-piese-marie-spartali-stillman-fiammetta-singing\/p\/"},"modified":"2022-07-06T11:29:08","modified_gmt":"2022-07-06T11:29:08","slug":"marie-spartali-stillman-fiammetta-singing-1000-darabos-felnott-puzzle","status":"publish","type":"product","link":"https:\/\/business.roovi.com\/hu\/marie-spartali-stillman-fiammetta-singing-1000-darabos-felnott-puzzle\/p\/","title":{"rendered":"Marie Spartali Stillman &#8211; Fiammetta Singing 1000 darabos feln\u0151tt puzzle"},"content":{"rendered":"<p><span style=\"font-weight: 400\">Megh\u00edvjuk \u00d6nt a legnagyobb m\u0171v\u00e9szeti gal\u00e9ri\u00e1ba, ahol 1000 darabos, h\u00edres festm\u00e9nyeket \u00e1br\u00e1zol\u00f3 rejtv\u00e9nyek v\u00e1rj\u00e1k. V\u00e1lassz kiv\u00e1l\u00f3 kirak\u00f3s j\u00e1t\u00e9kokat, rekonstru\u00e1ld a k\u00e9peket, \u00e9s csod\u00e1ld meg a m\u0171v\u00e9szi remekm\u0171vek elk\u00e9peszt\u0151 r\u00e9szleteit.<\/span><\/p>\n<p><span style=\"font-weight: 400\">Marie Spartali Stillman neve val\u00f3sz\u00edn\u0171leg nem ismer\u0151s \u00f6n\u00f6knek. A tehets\u00e9ges m\u0171v\u00e9szn\u0151 a viktori\u00e1nus korban \u00e9lt, amikor a n\u0151knek neh\u00e9z volt szakmailag kit\u0171nni. Ugyanakkor csod\u00e1latot \u00e9s tiszteletet v\u00e1ltott ki pre-raffaelita t\u00e1rsai k\u00f6r\u00e9ben, akik egy\u00f6ntet\u0171en elismert\u00e9k m\u0171v\u00e9szi tehets\u00e9g\u00e9t.<\/span><\/p>\n<p><span style=\"font-weight: 400\">A Marie Spartali Stillman &#8211; Fiammetta Singing egy 1000 darabos kirak\u00f3s j\u00e1t\u00e9k, amely a n\u00e9vad\u00f3 festm\u00e9ny k\u00e9p\u00e9t reproduk\u00e1lja, \u00e9s Fiammetta karakter\u00e9re \u00f6sszpontos\u00edt. Boccaccio m\u0171veinek egyik legh\u00edresebb n\u0151i alakja, \u00e9s az \u00e9vek sor\u00e1n sz\u00e1mos preraffaelita fest\u0151 sz\u00e1m\u00e1ra szolg\u00e1lt m\u0171v\u00e9szi modellk\u00e9nt <\/span><\/p>\n<p><span style=\"font-weight: 400\">Szeretn\u00e9 felfedezni a finom ecsetvon\u00e1sokat \u00e9s a leny\u0171g\u00f6z\u0151 r\u00e9szleteket ebben a leny\u0171g\u00f6z\u0151 m\u0171alkot\u00e1sban? Rakd \u00f6ssze a Marie Spartali Stillman &#8211; Fiammetta Singing m\u0171v\u00e9szeti puzzle-t, \u00e9s szerezd meg a pomp\u00e1s festm\u00e9ny t\u00f6k\u00e9letes m\u00e1solat\u00e1t. Az \u00f6sszeszerel\u00e9shez haszn\u00e1lhat egy hagyom\u00e1nyos doh\u00e1nyz\u00f3asztalt. A rekonstru\u00e1lt k\u00e9p m\u00e9rete 50 x 70 cm.<\/span><\/p>\n<p><span style=\"font-weight: 400\">Jellemz\u0151k 1000 darabos puzzle Marie Spartali Stillman &#8211; Fiammetta Singing:<\/span><\/p>\n<p><strong>Puzzle anyag <\/strong><\/p>\n<p><strong>kiv\u00e1l\u00f3 min\u0151s\u00e9g\u0171 k\u00e9k karton<\/strong><\/p>\n<p><strong>fenntarthat\u00f3, \u00fajrahasznos\u00edthat\u00f3 anyagok<\/strong><\/p>\n<p><strong>f\u00e9lf\u00e9nyes kivitel, \u00e9l\u00e9nk sz\u00ednek<\/strong><\/p>\n<p><strong>A kirak\u00f3s darabok sz\u00e1ma: 1000<\/strong><\/p>\n<p><strong>Aj\u00e1nlott \u00e9letkor: 14+<\/strong><\/p>\n<p><strong>Mi\u00e9rt k\u00fcl\u00f6nleges m\u0171v\u00e9szeti kirak\u00f3 Marie Spartali Stillman &#8211; Fiammetta \u00c9nekl\u00e9s<\/strong><\/p>\n<ul>\n<li><span style=\"font-weight: 400\">Egy leny\u0171g\u00f6z\u0151 festm\u00e9nyt kapsz, amelyet bekeretezhetsz \u00e9s ki\u00e1ll\u00edthatsz otthonodban.<\/span><\/li>\n<li><span style=\"font-weight: 400\">Ellazulsz \u00e9s elszakadsz a mindennapi probl\u00e9m\u00e1kt\u00f3l.<\/span><\/li>\n<li><span style=\"font-weight: 400\">Gyakorolhatod \u00e9s t\u00f6k\u00e9letes\u00edtheted a feln\u0151tt puzzle-\u00f6sszeszerel\u00e9si k\u00e9szs\u00e9gedet.<\/span><\/li>\n<li><span style=\"font-weight: 400\">Fejleszti a r\u00e9szletekre val\u00f3 figyelmet \u00e9s a koncentr\u00e1ci\u00f3s k\u00e9pess\u00e9get.<\/span><\/li>\n<li><span style=\"font-weight: 400\">Kitart\u00f3bb leszel az \u00e9leted m\u00e1s helyzeteiben is, mert erre tan\u00edtottak.<\/span><\/li>\n<\/ul>\n<p><strong>A  oldalr\u00f3l<\/strong> <strong>Marie Spartali Stillman tudtad?<\/strong><\/p>\n<p><span style=\"font-weight: 400\">Gazdag csal\u00e1db\u00f3l sz\u00e1rmazott, akik polg\u00e1ri partikat rendeztek a fiatal, felt\u00f6rekv\u0151 m\u0171v\u00e9szek sz\u00e1m\u00e1ra.<\/span><\/p>\n<p><span style=\"font-weight: 400\">A preraffaelita csoport valamennyi nagy fest\u0151j\u00e9nek modellje volt: Edward Burne-Jones, James Whistler, Dante Gabriel Rossetti \u00e9s sokan m\u00e1sok <\/span><\/p>\n<p><span style=\"font-weight: 400\">A csal\u00e1d ellen\u00e9ben hozz\u00e1ment William James Stillman amerikai fest\u0151h\u00f6z \u00e9s \u00edr\u00f3hoz, \u00e9s \u00f6r\u00f6ks\u00e9g\u00e9r\u0151l is lemondott <\/span><\/p>\n<p><span style=\"font-weight: 400\">Soha nem \u00e1llt modellt a f\u00e9rj\u00e9nek.<\/span><\/p>\n<p><span style=\"font-weight: 400\">Azt mondt\u00e1k r\u00f3la, hogy ritka sz\u00e9ps\u00e9g\u0171. K\u00f6lt\u0151 <\/span><span style=\"font-weight: 400\">Algernon Charles Swinburne \u00edrta r\u00f3la, hogy <\/span><em><span style=\"font-weight: 400\">&#8222;olyan gy\u00f6ny\u00f6r\u0171, hogy le\u00fcl\u00f6k \u00e9s s\u00edrva fakadok t\u0151le&#8221;.<\/span><\/em><\/p>\n<p><strong>Puzzle art &#8211; egy teljes gyakorlat az agynak<\/strong><\/p>\n<p><span style=\"font-weight: 400\">Tudtad, hogy amikor egy rejtv\u00e9nyj\u00e1t\u00e9kkal foglalkozol, az agyad mindk\u00e9t f\u00e9ltek\u00e9j\u00e9t edzed? A jobb oldal, amely a kreat\u00edv \u00e9s intuit\u00edv gondolkod\u00e1s\u00e9rt felel\u0151s, k\u00f6z\u00f6s fronton van a bal oldallal, amely a logikus gondolkod\u00e1s\u00e9rt felel\u0151s.<\/span><\/p>\n<p><span style=\"font-weight: 400\">Ez a kreat\u00edv \u00e9s pihentet\u0151 gyakorlat, amelyet minden nap v\u00e9gez, eg\u00e9szs\u00e9gesen tartja az agyat, \u00e9s seg\u00edt kiv\u00e9deni az olyan neurodegenerat\u00edv betegs\u00e9geket, mint az Alzheimer-k\u00f3r vagy a demencia.<\/span><\/p>\n<p><span style=\"font-weight: 400\">V\u00e1s\u00e1rolja meg a Marie Spartali Stillman &#8211; Fiammetta Singing 1000 darabos kirak\u00f3j\u00e1t az Art Puzzle Collectionb\u0151l, \u00e9s \u00e9lje \u00e1t egy h\u00edres festm\u00e9ny \u00f6sszerak\u00e1s\u00e1nak egyed\u00fcl\u00e1ll\u00f3 \u00e9lm\u00e9ny\u00e9t. Gy\u0171jtsd \u00f6ssze a csal\u00e1dodat vagy bar\u00e1taidat, \u00e9s k\u00e9sz\u00edts\u00e9tek el egy\u00fctt az 1000 darabos kirak\u00f3s k\u00e9pet.<\/span><\/p>\n<p><span style=\"font-weight: 400\">Szeretne k\u00fcl\u00f6nleges aj\u00e1nd\u00e9kot adni egy szerett\u00e9nek? Marie Spartali Stillman &#8211; Fiammetta Singing art puzzle t\u00f6k\u00e9letes v\u00e1laszt\u00e1s a kellemes meglepet\u00e9shez.<\/span><\/p><\/p>\n","protected":false},"excerpt":{"rendered":"<p>Megh\u00edvjuk \u00d6nt a legnagyobb m\u0171v\u00e9szeti gal\u00e9ri\u00e1ba, ahol 1000 darabos, h\u00edres festm\u00e9nyeket \u00e1br\u00e1zol\u00f3 rejtv\u00e9nyek v\u00e1rj\u00e1k. V\u00e1lassz kiv\u00e1l\u00f3 kirak\u00f3s j\u00e1t\u00e9kokat, rekonstru\u00e1ld a<\/p>\n","protected":false},"featured_media":64280,"template":"","meta":[],"product_brand":[],"product_cat":[1881,1919,1920],"product_tag":[],"class_list":{"0":"post-38919","1":"product","2":"type-product","3":"status-publish","4":"has-post-thumbnail","6":"product_cat-kirakos-jatekok","7":"product_cat-felnott-kirakos-jatekok","8":"product_cat-1000-darabos-kirakos-jatek","9":"pa_brand-deico-hu","10":"pa_country_of_manufacture-ro-hu","11":"pa_filter_age-14-hu","12":"pa_tip_ambalaj-doboz","13":"pa_tip_puzzle-klasszikus","15":"first","16":"instock","17":"taxable","18":"shipping-taxable","19":"product-type-simple"},"yoast_head":"<!-- This site is optimized with the Yoast SEO plugin v20.1 - https:\/\/yoast.com\/wordpress\/plugins\/seo\/ -->\n<title>Marie Spartali Stillman - Fiammetta Singing 1000 darabos feln\u0151tt puzzle<\/title>\n<meta name=\"description\" content=\"Marie Spartali Stillman - Fiammetta Singing 1000 darabos feln\u0151tt puzzle\" \/>\n<meta name=\"robots\" content=\"index, follow, max-snippet:-1, max-image-preview:large, max-video-preview:-1\" \/>\n<link rel=\"canonical\" href=\"https:\/\/business.roovi.com\/hu\/marie-spartali-stillman-fiammetta-singing-1000-darabos-felnott-puzzle\/p\/\" \/>\n<meta property=\"og:locale\" content=\"hu_HU\" \/>\n<meta property=\"og:type\" content=\"article\" \/>\n<meta property=\"og:title\" content=\"Marie Spartali Stillman - Fiammetta Singing 1000 darabos feln\u0151tt puzzle\" \/>\n<meta property=\"og:description\" content=\"Marie Spartali Stillman - Fiammetta Singing 1000 darabos feln\u0151tt puzzle\" \/>\n<meta property=\"og:url\" content=\"https:\/\/business.roovi.com\/hu\/marie-spartali-stillman-fiammetta-singing-1000-darabos-felnott-puzzle\/p\/\" \/>\n<meta property=\"og:site_name\" content=\"Roovi B2B\" \/>\n<meta property=\"article:publisher\" content=\"https:\/\/www.facebook.com\/wwwjucariero\" \/>\n<meta property=\"article:modified_time\" content=\"2022-07-06T11:29:08+00:00\" \/>\n<meta property=\"og:image\" content=\"https:\/\/business.roovi.com\/wp-content\/uploads\/2021\/03\/puzzle_1000_deico_games_marie_spartali_stillman_fiammetta_singing-77462.jpg\" \/>\n\t<meta property=\"og:image:width\" content=\"1000\" \/>\n\t<meta property=\"og:image:height\" content=\"1000\" \/>\n\t<meta property=\"og:image:type\" content=\"image\/jpeg\" \/>\n<meta name=\"twitter:label1\" content=\"Becs\u00fclt olvas\u00e1si id\u0151\" \/>\n\t<meta name=\"twitter:data1\" content=\"3 perc\" \/>\n<script type=\"application\/ld+json\" class=\"yoast-schema-graph\">{\"@context\":\"https:\/\/schema.org\",\"@graph\":[{\"@type\":\"WebPage\",\"@id\":\"https:\/\/business.roovi.com\/hu\/marie-spartali-stillman-fiammetta-singing-1000-darabos-felnott-puzzle\/p\/\",\"url\":\"https:\/\/business.roovi.com\/hu\/marie-spartali-stillman-fiammetta-singing-1000-darabos-felnott-puzzle\/p\/\",\"name\":\"Marie Spartali Stillman - Fiammetta Singing 1000 darabos feln\u0151tt puzzle\",\"isPartOf\":{\"@id\":\"https:\/\/business.roovi.com\/hu\/#website\"},\"datePublished\":\"2021-03-05T09:20:50+00:00\",\"dateModified\":\"2022-07-06T11:29:08+00:00\",\"description\":\"Marie Spartali Stillman - Fiammetta Singing 1000 darabos feln\u0151tt puzzle\",\"breadcrumb\":{\"@id\":\"https:\/\/business.roovi.com\/hu\/marie-spartali-stillman-fiammetta-singing-1000-darabos-felnott-puzzle\/p\/#breadcrumb\"},\"inLanguage\":\"hu\",\"potentialAction\":[{\"@type\":\"ReadAction\",\"target\":[\"https:\/\/business.roovi.com\/hu\/marie-spartali-stillman-fiammetta-singing-1000-darabos-felnott-puzzle\/p\/\"]}]},{\"@type\":\"BreadcrumbList\",\"@id\":\"https:\/\/business.roovi.com\/hu\/marie-spartali-stillman-fiammetta-singing-1000-darabos-felnott-puzzle\/p\/#breadcrumb\",\"itemListElement\":[{\"@type\":\"ListItem\",\"position\":1,\"name\":\"Home\",\"item\":\"https:\/\/business.roovi.com\/hu\/\"},{\"@type\":\"ListItem\",\"position\":2,\"name\":\"Shop\",\"item\":\"https:\/\/business.roovi.com\/hu\/shop\/\"},{\"@type\":\"ListItem\",\"position\":3,\"name\":\"Marie Spartali Stillman &#8211; Fiammetta Singing 1000 darabos feln\u0151tt puzzle\"}]},{\"@type\":\"WebSite\",\"@id\":\"https:\/\/business.roovi.com\/hu\/#website\",\"url\":\"https:\/\/business.roovi.com\/hu\/\",\"name\":\"Roovi B2B\",\"description\":\"Roovi Business Website\",\"potentialAction\":[{\"@type\":\"SearchAction\",\"target\":{\"@type\":\"EntryPoint\",\"urlTemplate\":\"https:\/\/business.roovi.com\/hu\/?s={search_term_string}\"},\"query-input\":\"required name=search_term_string\"}],\"inLanguage\":\"hu\"}]}<\/script>\n<!-- \/ Yoast SEO plugin. -->","yoast_head_json":{"title":"Marie Spartali Stillman - Fiammetta Singing 1000 darabos feln\u0151tt puzzle","description":"Marie Spartali Stillman - Fiammetta Singing 1000 darabos feln\u0151tt puzzle","robots":{"index":"index","follow":"follow","max-snippet":"max-snippet:-1","max-image-preview":"max-image-preview:large","max-video-preview":"max-video-preview:-1"},"canonical":"https:\/\/business.roovi.com\/hu\/marie-spartali-stillman-fiammetta-singing-1000-darabos-felnott-puzzle\/p\/","og_locale":"hu_HU","og_type":"article","og_title":"Marie Spartali Stillman - Fiammetta Singing 1000 darabos feln\u0151tt puzzle","og_description":"Marie Spartali Stillman - Fiammetta Singing 1000 darabos feln\u0151tt puzzle","og_url":"https:\/\/business.roovi.com\/hu\/marie-spartali-stillman-fiammetta-singing-1000-darabos-felnott-puzzle\/p\/","og_site_name":"Roovi B2B","article_publisher":"https:\/\/www.facebook.com\/wwwjucariero","article_modified_time":"2022-07-06T11:29:08+00:00","og_image":[{"width":1000,"height":1000,"url":"https:\/\/business.roovi.com\/wp-content\/uploads\/2021\/03\/puzzle_1000_deico_games_marie_spartali_stillman_fiammetta_singing-77462.jpg","type":"image\/jpeg"}],"twitter_misc":{"Becs\u00fclt olvas\u00e1si id\u0151":"3 perc"},"schema":{"@context":"https:\/\/schema.org","@graph":[{"@type":"WebPage","@id":"https:\/\/business.roovi.com\/hu\/marie-spartali-stillman-fiammetta-singing-1000-darabos-felnott-puzzle\/p\/","url":"https:\/\/business.roovi.com\/hu\/marie-spartali-stillman-fiammetta-singing-1000-darabos-felnott-puzzle\/p\/","name":"Marie Spartali Stillman - Fiammetta Singing 1000 darabos feln\u0151tt puzzle","isPartOf":{"@id":"https:\/\/business.roovi.com\/hu\/#website"},"datePublished":"2021-03-05T09:20:50+00:00","dateModified":"2022-07-06T11:29:08+00:00","description":"Marie Spartali Stillman - Fiammetta Singing 1000 darabos feln\u0151tt puzzle","breadcrumb":{"@id":"https:\/\/business.roovi.com\/hu\/marie-spartali-stillman-fiammetta-singing-1000-darabos-felnott-puzzle\/p\/#breadcrumb"},"inLanguage":"hu","potentialAction":[{"@type":"ReadAction","target":["https:\/\/business.roovi.com\/hu\/marie-spartali-stillman-fiammetta-singing-1000-darabos-felnott-puzzle\/p\/"]}]},{"@type":"BreadcrumbList","@id":"https:\/\/business.roovi.com\/hu\/marie-spartali-stillman-fiammetta-singing-1000-darabos-felnott-puzzle\/p\/#breadcrumb","itemListElement":[{"@type":"ListItem","position":1,"name":"Home","item":"https:\/\/business.roovi.com\/hu\/"},{"@type":"ListItem","position":2,"name":"Shop","item":"https:\/\/business.roovi.com\/hu\/shop\/"},{"@type":"ListItem","position":3,"name":"Marie Spartali Stillman &#8211; Fiammetta Singing 1000 darabos feln\u0151tt puzzle"}]},{"@type":"WebSite","@id":"https:\/\/business.roovi.com\/hu\/#website","url":"https:\/\/business.roovi.com\/hu\/","name":"Roovi B2B","description":"Roovi Business Website","potentialAction":[{"@type":"SearchAction","target":{"@type":"EntryPoint","urlTemplate":"https:\/\/business.roovi.com\/hu\/?s={search_term_string}"},"query-input":"required name=search_term_string"}],"inLanguage":"hu"}]}},"_links":{"self":[{"href":"https:\/\/business.roovi.com\/hu\/wp-json\/wp\/v2\/product\/38919","targetHints":{"allow":["GET"]}}],"collection":[{"href":"https:\/\/business.roovi.com\/hu\/wp-json\/wp\/v2\/product"}],"about":[{"href":"https:\/\/business.roovi.com\/hu\/wp-json\/wp\/v2\/types\/product"}],"version-history":[{"count":0,"href":"https:\/\/business.roovi.com\/hu\/wp-json\/wp\/v2\/product\/38919\/revisions"}],"wp:featuredmedia":[{"embeddable":true,"href":"https:\/\/business.roovi.com\/hu\/wp-json\/wp\/v2\/media\/64280"}],"wp:attachment":[{"href":"https:\/\/business.roovi.com\/hu\/wp-json\/wp\/v2\/media?parent=38919"}],"wp:term":[{"taxonomy":"product_brand","embeddable":true,"href":"https:\/\/business.roovi.com\/hu\/wp-json\/wp\/v2\/product_brand?post=38919"},{"taxonomy":"product_cat","embeddable":true,"href":"https:\/\/business.roovi.com\/hu\/wp-json\/wp\/v2\/product_cat?post=38919"},{"taxonomy":"product_tag","embeddable":true,"href":"https:\/\/business.roovi.com\/hu\/wp-json\/wp\/v2\/product_tag?post=38919"}],"curies":[{"name":"wp","href":"https:\/\/api.w.org\/{rel}","templated":true}]}}