{"id":39014,"date":"2020-11-02T14:29:36","date_gmt":"2020-11-02T14:29:36","guid":{"rendered":"https:\/\/business.roovi.com\/crossle\/p\/"},"modified":"2023-02-27T07:14:42","modified_gmt":"2023-02-27T07:14:42","slug":"crossle-keresztrejtveny-jatek","status":"publish","type":"product","link":"https:\/\/business.roovi.com\/hu\/crossle-keresztrejtveny-jatek\/p\/","title":{"rendered":"Crossle &#8211; Keresztrejtv\u00e9ny j\u00e1t\u00e9k"},"content":{"rendered":"<p><strong><em>Szereted a keresztrejtv\u00e9nyeket, \u00e9s mestere vagy az \u00f6sszetett sz\u00f3alkot\u00e1snak? Szeretn\u00e9l egy sz\u00f3rakoztat\u00f3, m\u00e9gis tanuls\u00e1gos j\u00e1t\u00e9kot adni gyermekednek, hogy fejlessze a sz\u00f3kincs\u00e9t?<\/em><\/strong><\/p>\n<p><span style=\"font-weight: 400;\">Fedezd fel a CROSSLE-t &#8211; egy izgalmas keresztrejtv\u00e9nyfejt\u0151 j\u00e1t\u00e9kot, egy hozz\u00e1adott csavarral <\/span><\/p>\n<p><span style=\"font-weight: 400;\">A CROSSLE a klasszikus keresztrejtv\u00e9nyfejt\u0151 j\u00e1t\u00e9k \u00faj megk\u00f6zel\u00edt\u00e9s\u00e9vel \u00e9rkezik, \u00f6tletes \u00e9s sokkal kreat\u00edvabb. Ugyanakkor a modul\u00e1ris j\u00e1t\u00e9kt\u00e1bl\u00e1nak k\u00f6sz\u00f6nhet\u0151en a j\u00e1t\u00e9k sor\u00e1n nagyobb foly\u00e9konys\u00e1got \u00e9s t\u00f6bb izgalmas lehet\u0151s\u00e9get \u00e9lvezhet.<\/span><\/p>\n<p><span style=\"font-weight: 400;\">K\u00e9pezd a megfelel\u0151 szavakat, \u00e9p\u00edtsd fel \u0151ket a t\u00e1bl\u00e1ra, gy\u0171jts min\u00e9l t\u00f6bb pontot \u00e9s nyerd meg a j\u00e1t\u00e9kot!<\/span><\/p>\n<h3><strong>Tudtad, hogy a CROSSLE<\/strong><\/h3>\n<ul>\n<li><span style=\"font-weight: 400;\">Egy dinamikus j\u00e1t\u00e9k, amely a modul\u00e1ris j\u00e1t\u00e9kt\u00e1bl\u00e1nak k\u00f6sz\u00f6nhet\u0151en minden alkalommal \u00fajratermeli \u00f6nmag\u00e1t &#8211; nincs k\u00e9t egyforma j\u00e1t\u00e9k.<\/span><\/li>\n<li><span style=\"font-weight: 400;\">A koncentr\u00e1ci\u00f3, a kreativit\u00e1s \u00e9s a logika t\u00f6k\u00e9letes gyakorl\u00e1sa a legmegfelel\u0151bb szavak megtal\u00e1l\u00e1sa. <\/span><\/li>\n<li><span style=\"font-weight: 400;\">A gyerekek sz\u00e1m\u00e1ra ez egy sz\u00f3rakoztat\u00f3 m\u00f3dja annak, hogy gazdag\u00edts\u00e1k a sz\u00f3kincs\u00fcket <\/span><\/li>\n<li><span style=\"font-weight: 400;\">Kialakul \u00e9s fennmarad a versenyszellem, \u00e9s megpr\u00f3b\u00e1l els\u0151k\u00e9nt szavakat alkotni az \u00f6sszes zsetonb\u00f3l.<\/span><\/li>\n<li><span style=\"font-weight: 400;\">Ez j\u00f3 m\u00f3dja a t\u00fcrelem gyakorl\u00e1s\u00e1nak, a veres\u00e9g elfogad\u00e1s\u00e1nak, valamint a gyerekek kitart\u00e1s\u00e1nak \u00e9s \u00f6nbizalm\u00e1nak fejleszt\u00e9s\u00e9re.<\/span><\/li>\n<\/ul>\n<h3><strong>Mi\u00e9rt v\u00e1lassza a CROSSLE j\u00e1t\u00e9kot<\/strong><\/h3>\n<p><span style=\"font-weight: 400;\">Felejtsd el azokat az id\u0151ket, amikor a legmen\u0151bb sz\u00f3t kolossz\u00e1lis pontsz\u00e1mmal tal\u00e1lhattad meg, de&#8230; nem f\u00e9rt fel a t\u00e1bl\u00e1ra.<\/span><\/p>\n<p><span style=\"font-weight: 400;\">A CROSSLE j\u00e1t\u00e9kt\u00e1bla modul\u00e1ris, 16 k\u00e1rty\u00e1b\u00f3l \u00e1ll, \u00edgy b\u0151v\u00edtheted, \u00e9s csak akkor adhatsz hozz\u00e1 plusz j\u00e1t\u00e9kteret, amikor sz\u00fcks\u00e9ged van r\u00e1, \u00e9s a fel\u00e9p\u00edtett szavak sosem lesznek t\u00fal hossz\u00faak. Val\u00f3sz\u00edn\u0171leg egyszer\u0171en t\u00fal j\u00f3, de ebben majd a t\u00f6bbi j\u00e1t\u00e9kos is m\u00e9rlegelni fog.<\/span><\/p>\n<p><span style=\"font-weight: 400;\">A CROSSLE j\u00e1t\u00e9kt\u00e1bl\u00e1t alkot\u00f3 k\u00e1rty\u00e1k vastag, tart\u00f3s, nem deform\u00e1l\u00f3d\u00f3 kartonb\u00f3l k\u00e9sz\u00fcltek, amely nem vetemedik az id\u0151 m\u00fal\u00e1s\u00e1val, \u00e9s sok \u00f3r\u00e1nyi megszak\u00edt\u00e1s n\u00e9lk\u00fcli sz\u00f3rakoz\u00e1st biztos\u00edt.<\/span><\/p>\n<p><span style=\"font-weight: 400;\">A CROSSLE gyerekeknek \u00e9s feln\u0151tteknek egyar\u00e1nt alkalmas, j\u00e1tszhat\u00f3 a csal\u00e1ddal, de ak\u00e1r a bar\u00e1tokkal is remek j\u00e1t\u00e9k lehet.<\/span><\/p>\n<p><strong>V\u00e1lassz okos sz\u00f3rakoz\u00e1st, tartsd k\u00f6zel a DEX-et, \u00e9s tal\u00e1ld meg a legmen\u0151bb szavakat, amiket a j\u00e1t\u00e9kban \u00e9p\u00edthetsz, hogy minden alkalommal nyerj! <\/strong><\/p>\n<p><span style=\"font-weight: 400;\">Aj\u00e1nlott \u00e9letkor: 8+<\/span><\/p>\n<p><span style=\"font-weight: 400;\">J\u00e1t\u00e9kosok: 2-4 j\u00e1t\u00e9kos<\/span><\/p>\n<p><span style=\"font-weight: 400;\">A doboz a k\u00f6vetkez\u0151ket tartalmazza: 1 x 16 k\u00e1rty\u00e1b\u00f3l \u00e1ll\u00f3 modul\u00e1ris j\u00e1t\u00e9kt\u00e1bla, 112 j\u00e1t\u00e9kkocka, 4 f\u00e1b\u00f3l k\u00e9sz\u00fclt kockatart\u00f3, 1 kockazs\u00e1k \u00e9s a j\u00e1t\u00e9kszab\u00e1lyok. <\/span><\/p>\n<p><span style=\"font-weight: 400;\">3 \u00e9v alatti gyermekek sz\u00e1m\u00e1ra nem aj\u00e1nlott.<\/span><\/p>\n","protected":false},"excerpt":{"rendered":"<p>Szereted a keresztrejtv\u00e9nyeket, \u00e9s mestere vagy az \u00f6sszetett sz\u00f3alkot\u00e1snak? Szeretn\u00e9l egy sz\u00f3rakoztat\u00f3, m\u00e9gis tanuls\u00e1gos j\u00e1t\u00e9kot adni gyermekednek, hogy fejlessze a<\/p>\n","protected":false},"featured_media":64336,"template":"","meta":[],"product_brand":[],"product_cat":[1860,1861,1858],"product_tag":[],"class_list":{"0":"post-39014","1":"product","2":"type-product","3":"status-publish","4":"has-post-thumbnail","6":"product_cat-csaladi-jatekok","7":"product_cat-edukativ-es-kvizjatekok","8":"product_cat-tarsasjatekok","9":"pa_brand-deico-hu","10":"pa_country_of_manufacture-ro-hu","11":"pa_filter_age-14-hu","12":"pa_filter_age-18-hu","13":"pa_filter_age-7_9-hu","14":"pa_filter_age-9_14-hu","15":"pa_tip_ambalaj-doboz","17":"first","18":"outofstock","19":"taxable","20":"shipping-taxable","21":"product-type-simple"},"yoast_head":"<!-- This site is optimized with the Yoast SEO plugin v20.1 - https:\/\/yoast.com\/wordpress\/plugins\/seo\/ -->\n<title>Crossle - Keresztrejtv\u00e9ny j\u00e1t\u00e9k<\/title>\n<meta name=\"description\" content=\"Crossle - Keresztrejtv\u00e9ny j\u00e1t\u00e9k\" \/>\n<meta name=\"robots\" content=\"index, follow, max-snippet:-1, max-image-preview:large, max-video-preview:-1\" \/>\n<link rel=\"canonical\" href=\"https:\/\/business.roovi.com\/hu\/crossle-keresztrejtveny-jatek\/p\/\" \/>\n<meta property=\"og:locale\" content=\"hu_HU\" \/>\n<meta property=\"og:type\" content=\"article\" \/>\n<meta property=\"og:title\" content=\"Crossle - Keresztrejtv\u00e9ny j\u00e1t\u00e9k\" \/>\n<meta property=\"og:description\" content=\"Crossle - Keresztrejtv\u00e9ny j\u00e1t\u00e9k\" \/>\n<meta property=\"og:url\" content=\"https:\/\/business.roovi.com\/hu\/crossle-keresztrejtveny-jatek\/p\/\" \/>\n<meta property=\"og:site_name\" content=\"Roovi B2B\" \/>\n<meta property=\"article:publisher\" content=\"https:\/\/www.facebook.com\/wwwjucariero\" \/>\n<meta property=\"article:modified_time\" content=\"2023-02-27T07:14:42+00:00\" \/>\n<meta property=\"og:image\" content=\"https:\/\/business.roovi.com\/wp-content\/uploads\/2020\/11\/Crossle-2022_ENG_3D-1-2-scaled.jpg\" \/>\n\t<meta property=\"og:image:width\" content=\"2560\" \/>\n\t<meta property=\"og:image:height\" content=\"2560\" \/>\n\t<meta property=\"og:image:type\" content=\"image\/jpeg\" \/>\n<meta name=\"twitter:label1\" content=\"Becs\u00fclt olvas\u00e1si id\u0151\" \/>\n\t<meta name=\"twitter:data1\" content=\"2 perc\" \/>\n<script type=\"application\/ld+json\" class=\"yoast-schema-graph\">{\"@context\":\"https:\/\/schema.org\",\"@graph\":[{\"@type\":\"WebPage\",\"@id\":\"https:\/\/business.roovi.com\/hu\/crossle-keresztrejtveny-jatek\/p\/\",\"url\":\"https:\/\/business.roovi.com\/hu\/crossle-keresztrejtveny-jatek\/p\/\",\"name\":\"Crossle - Keresztrejtv\u00e9ny j\u00e1t\u00e9k\",\"isPartOf\":{\"@id\":\"https:\/\/business.roovi.com\/hu\/#website\"},\"datePublished\":\"2020-11-02T14:29:36+00:00\",\"dateModified\":\"2023-02-27T07:14:42+00:00\",\"description\":\"Crossle - Keresztrejtv\u00e9ny j\u00e1t\u00e9k\",\"breadcrumb\":{\"@id\":\"https:\/\/business.roovi.com\/hu\/crossle-keresztrejtveny-jatek\/p\/#breadcrumb\"},\"inLanguage\":\"hu\",\"potentialAction\":[{\"@type\":\"ReadAction\",\"target\":[\"https:\/\/business.roovi.com\/hu\/crossle-keresztrejtveny-jatek\/p\/\"]}]},{\"@type\":\"BreadcrumbList\",\"@id\":\"https:\/\/business.roovi.com\/hu\/crossle-keresztrejtveny-jatek\/p\/#breadcrumb\",\"itemListElement\":[{\"@type\":\"ListItem\",\"position\":1,\"name\":\"Home\",\"item\":\"https:\/\/business.roovi.com\/hu\/\"},{\"@type\":\"ListItem\",\"position\":2,\"name\":\"Shop\",\"item\":\"https:\/\/business.roovi.com\/hu\/shop\/\"},{\"@type\":\"ListItem\",\"position\":3,\"name\":\"Crossle &#8211; Keresztrejtv\u00e9ny j\u00e1t\u00e9k\"}]},{\"@type\":\"WebSite\",\"@id\":\"https:\/\/business.roovi.com\/hu\/#website\",\"url\":\"https:\/\/business.roovi.com\/hu\/\",\"name\":\"Roovi B2B\",\"description\":\"Roovi Business Website\",\"potentialAction\":[{\"@type\":\"SearchAction\",\"target\":{\"@type\":\"EntryPoint\",\"urlTemplate\":\"https:\/\/business.roovi.com\/hu\/?s={search_term_string}\"},\"query-input\":\"required name=search_term_string\"}],\"inLanguage\":\"hu\"}]}<\/script>\n<!-- \/ Yoast SEO plugin. -->","yoast_head_json":{"title":"Crossle - Keresztrejtv\u00e9ny j\u00e1t\u00e9k","description":"Crossle - Keresztrejtv\u00e9ny j\u00e1t\u00e9k","robots":{"index":"index","follow":"follow","max-snippet":"max-snippet:-1","max-image-preview":"max-image-preview:large","max-video-preview":"max-video-preview:-1"},"canonical":"https:\/\/business.roovi.com\/hu\/crossle-keresztrejtveny-jatek\/p\/","og_locale":"hu_HU","og_type":"article","og_title":"Crossle - Keresztrejtv\u00e9ny j\u00e1t\u00e9k","og_description":"Crossle - Keresztrejtv\u00e9ny j\u00e1t\u00e9k","og_url":"https:\/\/business.roovi.com\/hu\/crossle-keresztrejtveny-jatek\/p\/","og_site_name":"Roovi B2B","article_publisher":"https:\/\/www.facebook.com\/wwwjucariero","article_modified_time":"2023-02-27T07:14:42+00:00","og_image":[{"width":2560,"height":2560,"url":"https:\/\/business.roovi.com\/wp-content\/uploads\/2020\/11\/Crossle-2022_ENG_3D-1-2-scaled.jpg","type":"image\/jpeg"}],"twitter_misc":{"Becs\u00fclt olvas\u00e1si id\u0151":"2 perc"},"schema":{"@context":"https:\/\/schema.org","@graph":[{"@type":"WebPage","@id":"https:\/\/business.roovi.com\/hu\/crossle-keresztrejtveny-jatek\/p\/","url":"https:\/\/business.roovi.com\/hu\/crossle-keresztrejtveny-jatek\/p\/","name":"Crossle - Keresztrejtv\u00e9ny j\u00e1t\u00e9k","isPartOf":{"@id":"https:\/\/business.roovi.com\/hu\/#website"},"datePublished":"2020-11-02T14:29:36+00:00","dateModified":"2023-02-27T07:14:42+00:00","description":"Crossle - Keresztrejtv\u00e9ny j\u00e1t\u00e9k","breadcrumb":{"@id":"https:\/\/business.roovi.com\/hu\/crossle-keresztrejtveny-jatek\/p\/#breadcrumb"},"inLanguage":"hu","potentialAction":[{"@type":"ReadAction","target":["https:\/\/business.roovi.com\/hu\/crossle-keresztrejtveny-jatek\/p\/"]}]},{"@type":"BreadcrumbList","@id":"https:\/\/business.roovi.com\/hu\/crossle-keresztrejtveny-jatek\/p\/#breadcrumb","itemListElement":[{"@type":"ListItem","position":1,"name":"Home","item":"https:\/\/business.roovi.com\/hu\/"},{"@type":"ListItem","position":2,"name":"Shop","item":"https:\/\/business.roovi.com\/hu\/shop\/"},{"@type":"ListItem","position":3,"name":"Crossle &#8211; Keresztrejtv\u00e9ny j\u00e1t\u00e9k"}]},{"@type":"WebSite","@id":"https:\/\/business.roovi.com\/hu\/#website","url":"https:\/\/business.roovi.com\/hu\/","name":"Roovi B2B","description":"Roovi Business Website","potentialAction":[{"@type":"SearchAction","target":{"@type":"EntryPoint","urlTemplate":"https:\/\/business.roovi.com\/hu\/?s={search_term_string}"},"query-input":"required name=search_term_string"}],"inLanguage":"hu"}]}},"_links":{"self":[{"href":"https:\/\/business.roovi.com\/hu\/wp-json\/wp\/v2\/product\/39014","targetHints":{"allow":["GET"]}}],"collection":[{"href":"https:\/\/business.roovi.com\/hu\/wp-json\/wp\/v2\/product"}],"about":[{"href":"https:\/\/business.roovi.com\/hu\/wp-json\/wp\/v2\/types\/product"}],"version-history":[{"count":0,"href":"https:\/\/business.roovi.com\/hu\/wp-json\/wp\/v2\/product\/39014\/revisions"}],"wp:featuredmedia":[{"embeddable":true,"href":"https:\/\/business.roovi.com\/hu\/wp-json\/wp\/v2\/media\/64336"}],"wp:attachment":[{"href":"https:\/\/business.roovi.com\/hu\/wp-json\/wp\/v2\/media?parent=39014"}],"wp:term":[{"taxonomy":"product_brand","embeddable":true,"href":"https:\/\/business.roovi.com\/hu\/wp-json\/wp\/v2\/product_brand?post=39014"},{"taxonomy":"product_cat","embeddable":true,"href":"https:\/\/business.roovi.com\/hu\/wp-json\/wp\/v2\/product_cat?post=39014"},{"taxonomy":"product_tag","embeddable":true,"href":"https:\/\/business.roovi.com\/hu\/wp-json\/wp\/v2\/product_tag?post=39014"}],"curies":[{"name":"wp","href":"https:\/\/api.w.org\/{rel}","templated":true}]}}