{"id":39030,"date":"2020-11-02T10:47:16","date_gmt":"2020-11-02T10:47:16","guid":{"rendered":"https:\/\/business.roovi.com\/fox-and-geese-vulpea-si-gastele-roka-es-libak\/p\/"},"modified":"2022-07-06T11:54:10","modified_gmt":"2022-07-06T11:54:10","slug":"roka-es-libak-roka-es-libak-roka-es-libak","status":"publish","type":"product","link":"https:\/\/business.roovi.com\/hu\/roka-es-libak-roka-es-libak-roka-es-libak\/p\/","title":{"rendered":"R\u00f3ka \u00e9s lib\u00e1k \/ R\u00f3ka \u00e9s lib\u00e1k \/ R\u00f3ka \u00e9s lib\u00e1k"},"content":{"rendered":"<p><p>HU: A R\u00f3ka \u00e9s a ludak egy \u0151si skandin\u00e1v strat\u00e9giai j\u00e1t\u00e9k a 14. sz\u00e1zadb\u00f3l k\u00e9t j\u00e1t\u00e9kos sz\u00e1m\u00e1ra, egyszer\u0171 szab\u00e1lyokkal, de sz\u00e1mtalan taktikai lehet\u0151s\u00e9ggel. A k\u00e9szlet a k\u00f6vetkez\u0151ket tartalmazza: 1 j\u00e1t\u00e9kt\u00e1bla, 18 feh\u00e9r j\u00e1t\u00e9kfigura (a lib\u00e1k), 1 piros j\u00e1t\u00e9kfigura (a r\u00f3ka), j\u00e1t\u00e9kszab\u00e1lyok rom\u00e1n, angol \u00e9s magyar nyelven. Az aj\u00e1nlott minim\u00e1lis \u00e9letkor 8 \u00e9v.<\/p>\n<\/p>\n<p>HU: A Fox and Geese egy \u0151si skandin\u00e1v strat\u00e9giai j\u00e1t\u00e9k a 14. sz\u00e1zadb\u00f3l k\u00e9t j\u00e1t\u00e9kos sz\u00e1m\u00e1ra, egyszer\u0171 szab\u00e1lyokkal, de sz\u00e1mtalan taktikai lehet\u0151s\u00e9ggel. Tartalom: 1 j\u00e1t\u00e9kt\u00e1bla, 18 feh\u00e9r j\u00e1t\u00e9kfigura (a lib\u00e1k), 1 piros j\u00e1t\u00e9kfigura (a r\u00f3ka), j\u00e1t\u00e9kszab\u00e1lyok angol, rom\u00e1n \u00e9s magyar nyelven. Aj\u00e1nlott \u00e9letkor: 8+<\/p>\n<p>HU: A R\u00f3ka \u00e9s lib\u00e1k egy 14. sz\u00e1zadi skandin\u00e1viai strat\u00e9giai t\u00e1rsasj\u00e1t\u00e9k k\u00e9t j\u00e1t\u00e9kos r\u00e9sz\u00e9re, mely egyszer\u0171 szab\u00e1lyai ellen\u00e9re sz\u00e1mtalan taktikai lehet\u0151s\u00e9get rejt. A doboz tartalma: 1 j\u00e1t\u00e9kt\u00e1bla, 18 feh\u00e9r b\u00e1bu (lib\u00e1k), 1 piros b\u00e1bu (r\u00f3ka), j\u00e1t\u00e9kszab\u00e1ly magyar, rom\u00e1n \u00e9s angol nyelven. 8 \u00e9ven fel\u00fclieknek aj\u00e1nlott.<\/p>\n","protected":false},"excerpt":{"rendered":"<p>HU: A R\u00f3ka \u00e9s a ludak egy \u0151si skandin\u00e1v strat\u00e9giai j\u00e1t\u00e9k a 14. sz\u00e1zadb\u00f3l k\u00e9t j\u00e1t\u00e9kos sz\u00e1m\u00e1ra, egyszer\u0171 szab\u00e1lyokkal, de<\/p>\n","protected":false},"featured_media":48657,"template":"","meta":[],"product_brand":[],"product_cat":[1932,1858],"product_tag":[],"class_list":{"0":"post-39030","1":"product","2":"type-product","3":"status-publish","4":"has-post-thumbnail","6":"product_cat-strategiai-tarsasjatekok","7":"product_cat-tarsasjatekok","8":"pa_brand-d_toys-hu","9":"pa_country_of_manufacture-ro-hu","10":"pa_filter_age-14-hu","11":"pa_filter_age-18-hu","12":"pa_filter_age-7_9-hu","13":"pa_filter_age-9_14-hu","14":"pa_tip_ambalaj-doboz","16":"first","17":"instock","18":"taxable","19":"shipping-taxable","20":"product-type-simple"},"yoast_head":"<!-- This site is optimized with the Yoast SEO plugin v20.1 - https:\/\/yoast.com\/wordpress\/plugins\/seo\/ -->\n<title>R\u00f3ka \u00e9s lib\u00e1k \/ R\u00f3ka \u00e9s lib\u00e1k \/ R\u00f3ka \u00e9s lib\u00e1k<\/title>\n<meta name=\"description\" content=\"R\u00f3ka \u00e9s lib\u00e1k \/ R\u00f3ka \u00e9s lib\u00e1k \/ R\u00f3ka \u00e9s lib\u00e1k\" \/>\n<meta name=\"robots\" content=\"index, follow, max-snippet:-1, max-image-preview:large, max-video-preview:-1\" \/>\n<link rel=\"canonical\" href=\"https:\/\/business.roovi.com\/hu\/roka-es-libak-roka-es-libak-roka-es-libak\/p\/\" \/>\n<meta property=\"og:locale\" content=\"hu_HU\" \/>\n<meta property=\"og:type\" content=\"article\" \/>\n<meta property=\"og:title\" content=\"R\u00f3ka \u00e9s lib\u00e1k \/ R\u00f3ka \u00e9s lib\u00e1k \/ R\u00f3ka \u00e9s lib\u00e1k\" \/>\n<meta property=\"og:description\" content=\"R\u00f3ka \u00e9s lib\u00e1k \/ R\u00f3ka \u00e9s lib\u00e1k \/ R\u00f3ka \u00e9s lib\u00e1k\" \/>\n<meta property=\"og:url\" content=\"https:\/\/business.roovi.com\/hu\/roka-es-libak-roka-es-libak-roka-es-libak\/p\/\" \/>\n<meta property=\"og:site_name\" content=\"Roovi B2B\" \/>\n<meta property=\"article:publisher\" content=\"https:\/\/www.facebook.com\/wwwjucariero\" \/>\n<meta property=\"article:modified_time\" content=\"2022-07-06T11:54:10+00:00\" \/>\n<meta property=\"og:image\" content=\"https:\/\/business.roovi.com\/wp-content\/uploads\/2020\/11\/fox_and_geese-77028.jpg\" \/>\n\t<meta property=\"og:image:width\" content=\"1000\" \/>\n\t<meta property=\"og:image:height\" content=\"1000\" \/>\n\t<meta property=\"og:image:type\" content=\"image\/jpeg\" \/>\n<meta name=\"twitter:label1\" content=\"Becs\u00fclt olvas\u00e1si id\u0151\" \/>\n\t<meta name=\"twitter:data1\" content=\"1 perc\" \/>\n<script type=\"application\/ld+json\" class=\"yoast-schema-graph\">{\"@context\":\"https:\/\/schema.org\",\"@graph\":[{\"@type\":\"WebPage\",\"@id\":\"https:\/\/business.roovi.com\/hu\/roka-es-libak-roka-es-libak-roka-es-libak\/p\/\",\"url\":\"https:\/\/business.roovi.com\/hu\/roka-es-libak-roka-es-libak-roka-es-libak\/p\/\",\"name\":\"R\u00f3ka \u00e9s lib\u00e1k \/ R\u00f3ka \u00e9s lib\u00e1k \/ R\u00f3ka \u00e9s lib\u00e1k\",\"isPartOf\":{\"@id\":\"https:\/\/business.roovi.com\/hu\/#website\"},\"datePublished\":\"2020-11-02T10:47:16+00:00\",\"dateModified\":\"2022-07-06T11:54:10+00:00\",\"description\":\"R\u00f3ka \u00e9s lib\u00e1k \/ R\u00f3ka \u00e9s lib\u00e1k \/ R\u00f3ka \u00e9s lib\u00e1k\",\"breadcrumb\":{\"@id\":\"https:\/\/business.roovi.com\/hu\/roka-es-libak-roka-es-libak-roka-es-libak\/p\/#breadcrumb\"},\"inLanguage\":\"hu\",\"potentialAction\":[{\"@type\":\"ReadAction\",\"target\":[\"https:\/\/business.roovi.com\/hu\/roka-es-libak-roka-es-libak-roka-es-libak\/p\/\"]}]},{\"@type\":\"BreadcrumbList\",\"@id\":\"https:\/\/business.roovi.com\/hu\/roka-es-libak-roka-es-libak-roka-es-libak\/p\/#breadcrumb\",\"itemListElement\":[{\"@type\":\"ListItem\",\"position\":1,\"name\":\"Home\",\"item\":\"https:\/\/business.roovi.com\/hu\/\"},{\"@type\":\"ListItem\",\"position\":2,\"name\":\"Shop\",\"item\":\"https:\/\/business.roovi.com\/hu\/shop\/\"},{\"@type\":\"ListItem\",\"position\":3,\"name\":\"R\u00f3ka \u00e9s lib\u00e1k \/ R\u00f3ka \u00e9s lib\u00e1k \/ R\u00f3ka \u00e9s lib\u00e1k\"}]},{\"@type\":\"WebSite\",\"@id\":\"https:\/\/business.roovi.com\/hu\/#website\",\"url\":\"https:\/\/business.roovi.com\/hu\/\",\"name\":\"Roovi B2B\",\"description\":\"Roovi Business Website\",\"potentialAction\":[{\"@type\":\"SearchAction\",\"target\":{\"@type\":\"EntryPoint\",\"urlTemplate\":\"https:\/\/business.roovi.com\/hu\/?s={search_term_string}\"},\"query-input\":\"required name=search_term_string\"}],\"inLanguage\":\"hu\"}]}<\/script>\n<!-- \/ Yoast SEO plugin. -->","yoast_head_json":{"title":"R\u00f3ka \u00e9s lib\u00e1k \/ R\u00f3ka \u00e9s lib\u00e1k \/ R\u00f3ka \u00e9s lib\u00e1k","description":"R\u00f3ka \u00e9s lib\u00e1k \/ R\u00f3ka \u00e9s lib\u00e1k \/ R\u00f3ka \u00e9s lib\u00e1k","robots":{"index":"index","follow":"follow","max-snippet":"max-snippet:-1","max-image-preview":"max-image-preview:large","max-video-preview":"max-video-preview:-1"},"canonical":"https:\/\/business.roovi.com\/hu\/roka-es-libak-roka-es-libak-roka-es-libak\/p\/","og_locale":"hu_HU","og_type":"article","og_title":"R\u00f3ka \u00e9s lib\u00e1k \/ R\u00f3ka \u00e9s lib\u00e1k \/ R\u00f3ka \u00e9s lib\u00e1k","og_description":"R\u00f3ka \u00e9s lib\u00e1k \/ R\u00f3ka \u00e9s lib\u00e1k \/ R\u00f3ka \u00e9s lib\u00e1k","og_url":"https:\/\/business.roovi.com\/hu\/roka-es-libak-roka-es-libak-roka-es-libak\/p\/","og_site_name":"Roovi B2B","article_publisher":"https:\/\/www.facebook.com\/wwwjucariero","article_modified_time":"2022-07-06T11:54:10+00:00","og_image":[{"width":1000,"height":1000,"url":"https:\/\/business.roovi.com\/wp-content\/uploads\/2020\/11\/fox_and_geese-77028.jpg","type":"image\/jpeg"}],"twitter_misc":{"Becs\u00fclt olvas\u00e1si id\u0151":"1 perc"},"schema":{"@context":"https:\/\/schema.org","@graph":[{"@type":"WebPage","@id":"https:\/\/business.roovi.com\/hu\/roka-es-libak-roka-es-libak-roka-es-libak\/p\/","url":"https:\/\/business.roovi.com\/hu\/roka-es-libak-roka-es-libak-roka-es-libak\/p\/","name":"R\u00f3ka \u00e9s lib\u00e1k \/ R\u00f3ka \u00e9s lib\u00e1k \/ R\u00f3ka \u00e9s lib\u00e1k","isPartOf":{"@id":"https:\/\/business.roovi.com\/hu\/#website"},"datePublished":"2020-11-02T10:47:16+00:00","dateModified":"2022-07-06T11:54:10+00:00","description":"R\u00f3ka \u00e9s lib\u00e1k \/ R\u00f3ka \u00e9s lib\u00e1k \/ R\u00f3ka \u00e9s lib\u00e1k","breadcrumb":{"@id":"https:\/\/business.roovi.com\/hu\/roka-es-libak-roka-es-libak-roka-es-libak\/p\/#breadcrumb"},"inLanguage":"hu","potentialAction":[{"@type":"ReadAction","target":["https:\/\/business.roovi.com\/hu\/roka-es-libak-roka-es-libak-roka-es-libak\/p\/"]}]},{"@type":"BreadcrumbList","@id":"https:\/\/business.roovi.com\/hu\/roka-es-libak-roka-es-libak-roka-es-libak\/p\/#breadcrumb","itemListElement":[{"@type":"ListItem","position":1,"name":"Home","item":"https:\/\/business.roovi.com\/hu\/"},{"@type":"ListItem","position":2,"name":"Shop","item":"https:\/\/business.roovi.com\/hu\/shop\/"},{"@type":"ListItem","position":3,"name":"R\u00f3ka \u00e9s lib\u00e1k \/ R\u00f3ka \u00e9s lib\u00e1k \/ R\u00f3ka \u00e9s lib\u00e1k"}]},{"@type":"WebSite","@id":"https:\/\/business.roovi.com\/hu\/#website","url":"https:\/\/business.roovi.com\/hu\/","name":"Roovi B2B","description":"Roovi Business Website","potentialAction":[{"@type":"SearchAction","target":{"@type":"EntryPoint","urlTemplate":"https:\/\/business.roovi.com\/hu\/?s={search_term_string}"},"query-input":"required name=search_term_string"}],"inLanguage":"hu"}]}},"_links":{"self":[{"href":"https:\/\/business.roovi.com\/hu\/wp-json\/wp\/v2\/product\/39030","targetHints":{"allow":["GET"]}}],"collection":[{"href":"https:\/\/business.roovi.com\/hu\/wp-json\/wp\/v2\/product"}],"about":[{"href":"https:\/\/business.roovi.com\/hu\/wp-json\/wp\/v2\/types\/product"}],"version-history":[{"count":0,"href":"https:\/\/business.roovi.com\/hu\/wp-json\/wp\/v2\/product\/39030\/revisions"}],"wp:featuredmedia":[{"embeddable":true,"href":"https:\/\/business.roovi.com\/hu\/wp-json\/wp\/v2\/media\/48657"}],"wp:attachment":[{"href":"https:\/\/business.roovi.com\/hu\/wp-json\/wp\/v2\/media?parent=39030"}],"wp:term":[{"taxonomy":"product_brand","embeddable":true,"href":"https:\/\/business.roovi.com\/hu\/wp-json\/wp\/v2\/product_brand?post=39030"},{"taxonomy":"product_cat","embeddable":true,"href":"https:\/\/business.roovi.com\/hu\/wp-json\/wp\/v2\/product_cat?post=39030"},{"taxonomy":"product_tag","embeddable":true,"href":"https:\/\/business.roovi.com\/hu\/wp-json\/wp\/v2\/product_tag?post=39030"}],"curies":[{"name":"wp","href":"https:\/\/api.w.org\/{rel}","templated":true}]}}