{"id":39038,"date":"2022-07-22T10:31:45","date_gmt":"2022-07-22T10:31:45","guid":{"rendered":"https:\/\/business.roovi.com\/puzzle-adulti-1000-piese-romania-cascada-bigar\/p\/"},"modified":"2022-08-23T07:53:15","modified_gmt":"2022-08-23T07:53:15","slug":"felnott-puzzle-1000-darab-romania-bigar-vizeses","status":"publish","type":"product","link":"https:\/\/business.roovi.com\/hu\/felnott-puzzle-1000-darab-romania-bigar-vizeses\/p\/","title":{"rendered":"Feln\u0151tt puzzle 1000 darab Rom\u00e1nia &#8211; Big\u0103r v\u00edzes\u00e9s"},"content":{"rendered":"<p><strong><em>Az orsz\u00e1g h\u00edres nevezetess\u00e9geinek megl\u00e1togat\u00e1sa leny\u0171g\u00f6z\u0151, de mit sz\u00f3lna ahhoz, ha minden nap l\u00e1tv\u00e1nyos k\u00e9peket \u00e9lvezhetne \u00e1lmai helysz\u00edneir\u0151l?<\/em><\/strong><\/p>\n<p><span style=\"font-weight: 400;\">Az 1000 darabos feln\u0151tt Big\u0103r v\u00edzes\u00e9s puzzle messzire elrep\u00edti a gondolataidat a Nerei-Beu\u0219nita-szurdokba, egy olyan ter\u00fcletre, ahol a term\u00e9szet meg\u0151rzi vad sz\u00e9ps\u00e9g\u00e9t, \u00e9s l\u00e9legzetel\u00e1ll\u00edt\u00f3 t\u00e1jakat fest.<\/span><\/p>\n<p><span style=\"font-weight: 400;\">A Big\u0103r-v\u00edzes\u00e9s \u00e9rdekes, z\u00f6ld moh\u00e1val bor\u00edtott harang alak\u00fa, amelyen a v\u00edz csordog\u00e1l, \u00e9s leny\u0171g\u00f6z\u0151 v\u00edzf\u00fcgg\u00f6nyt alkot. A v\u00edzes\u00e9sben nem a magass\u00e1ga a leny\u0171g\u00f6z\u0151 (kb. 7-8 m\u00e9ter magas), hanem a v\u00edzes\u00e9s, amely szokatlan, \u00e9s amely a k\u00f6rny\u00e9kre \u00e9rkez\u0151 (hivat\u00e1sos vagy amat\u0151r) fot\u00f3sok lencs\u00e9i \u00e1ltal \u00e1h\u00edtott kiv\u00e1l\u00f3 k\u00e9pet alkot.<\/span><\/p>\n<p><span style=\"font-weight: 400;\">Amikor 1000 darabb\u00f3l olyan k\u00e9pet hozol l\u00e9tre, amely a term\u00e9szet fens\u00e9g\u00e9t meg\u00f6r\u00f6k\u00edti, megnyugv\u00e1st \u00e9rzel, \u00e9s hagyod magad az alkot\u00e1s egyed\u00fcl\u00e1ll\u00f3 pillanat\u00e1ban. Ha elk\u00e9sz\u00fclt a k\u00e9p, sok\u00e1ig gy\u00f6ny\u00f6rk\u00f6dsz a t\u00e1jban, \u00e9s minden negat\u00edv gondolat elt\u0171nik, mintha var\u00e1zs\u00fct\u00e9sre elt\u0171nne.<\/span><\/p>\n<p><span style=\"font-weight: 400;\">Az 1000 darabos Bigar Waterfall puzzle teh\u00e1t t\u00f6bb, mint egy egyszer\u0171 kirak\u00f3s j\u00e1t\u00e9k. Ez az id\u0151 a kikapcsol\u00f3d\u00e1s \u00e9s a felt\u00f6lt\u0151d\u00e9s ideje, sok pozit\u00edv energi\u00e1val \u00e9s optimizmussal <\/span><\/p>\n<p><span style=\"font-weight: 400;\">A darabok al\u00e1t\u00e1maszt\u00e1s\u00e1ra haszn\u00e1lhat egy hagyom\u00e1nyos doh\u00e1nyz\u00f3asztalt. A rekonstru\u00e1lt k\u00e9p m\u00e9rete 68 x 47 cm, \u00e9s dekorat\u00edv asztald\u00edsz lehet.<\/span><\/p>\n<p><strong>Jellemz\u0151k 1000 darabos feln\u0151tt kirak\u00f3s Bigar v\u00edzes\u00e9s<\/strong><\/p>\n<p><strong>Puzzle anyag <\/strong><\/p>\n<p><strong>kiv\u00e1l\u00f3 min\u0151s\u00e9g\u0171 k\u00e9k karton<\/strong><\/p>\n<p><strong>fenntarthat\u00f3, \u00fajrahasznos\u00edthat\u00f3 anyagok<\/strong><\/p>\n<p><strong>f\u00e9lf\u00e9nyes kivitel, \u00e9l\u00e9nk sz\u00ednek<\/strong><\/p>\n<p><strong>A kirak\u00f3s darabok sz\u00e1ma: 1000<\/strong><\/p>\n<p><strong>Aj\u00e1nlott \u00e9letkor: 14+<\/strong><\/p>\n<p><strong>5 k\u00e9szs\u00e9g, amit a puzzle j\u00e1t\u00e9kokkal fejleszthetsz<\/strong><\/p>\n<ul>\n<li><span style=\"font-weight: 400;\">R\u00f6vid t\u00e1v\u00fa mem\u00f3ria<\/span><\/li>\n<li><span style=\"font-weight: 400;\">Logikus gondolkod\u00e1s<\/span><\/li>\n<li><span style=\"font-weight: 400;\">Figyelem a r\u00e9szletekre<\/span><\/li>\n<li><span style=\"font-weight: 400;\">Probl\u00e9mamegold\u00f3 k\u00e9szs\u00e9g<\/span><\/li>\n<li><span style=\"font-weight: 400;\">Finommotoros k\u00e9szs\u00e9gek \u00e9s szem-k\u00e9z koordin\u00e1ci\u00f3.<\/span><\/li>\n<\/ul>\n<p><strong>Tudtad, hogy..<\/strong><\/p>\n<p><span style=\"font-weight: 400;\">A Big\u0103r-v\u00edzes\u00e9s ott tal\u00e1lhat\u00f3, ahol az \u00e9szaki sz\u00e9less\u00e9g 45. sz\u00e9less\u00e9gi k\u00f6re keresztezi haz\u00e1nkat. A helyet f\u00f6ldrajzi jelz\u00e9s jelzi.<\/span><\/p>\n<p><span style=\"font-weight: 400;\">A Big\u0103r-v\u00edzes\u00e9sn\u00e9l foly\u00f3 v\u00edz nagyon gazdag m\u00e9szk\u0151ben. A v\u00edzes\u00e9s perem\u00e9n \u00e1tfoly\u00f3 csobban\u00e1sok olyanok, mint a kis gy\u00e9m\u00e1ntok, amelyek a napsugarakkal egy\u00fctt v\u00e1ltoztatj\u00e1k a sz\u00edn\u00fcket.<\/span><\/p>\n<p><span style=\"font-weight: 400;\">A legenda szerint azok a p\u00e1rok, akik a v\u00edzes\u00e9st t\u00e1pl\u00e1l\u00f3 forr\u00e1sb\u00f3l isznak, \u00f6r\u00f6k szerelemben maradnak.<\/span><\/p>\n<p><strong>1000 darabos puzzle Bigar v\u00edzes\u00e9s: relax\u00e1ci\u00f3 \u00e9s ment\u00e1lis tr\u00e9ning<\/strong><\/p>\n<p><span style=\"font-weight: 400;\">A rejtv\u00e9nyj\u00e1t\u00e9kok egyszerre edzik a jobb \u00e9s a bal agyf\u00e9ltek\u00e9t. Teh\u00e1t amikor 1000 rejtv\u00e9nyt raksz \u00f6ssze, haszn\u00e1lod a logik\u00e1dat \u00e9s fejleszted a kreativit\u00e1sodat. A j\u00f3t\u00e9kony hat\u00e1sok \u00e9letkort\u00f3l f\u00fcggetlen\u00fcl ugyanazok, ez\u00e9rt a kirak\u00f3s j\u00e1t\u00e9k az eg\u00e9sz csal\u00e1d sz\u00e1m\u00e1ra nagyszer\u0171, a fiatalokt\u00f3l az id\u0151sekig.<\/span><\/p>\n<p><span style=\"font-weight: 400;\">R\u00e1ad\u00e1sul ez egy csod\u00e1latos m\u00f3dja annak, hogy a szabadidej\u00e9t szeretteivel t\u00f6ltse. Amikor egy\u00fctt dolgoztok az 1000 puzzle k\u00e9p\u00e9nek kit\u00f6lt\u00e9s\u00e9n, a csapatmunk\u00e1t, a kommunik\u00e1ci\u00f3t \u00e9s az egy\u00fcttm\u0171k\u00f6d\u00e9st is gyakorolj\u00e1tok, az eredm\u00e9ny pedig mes\u00e9s: egy leny\u0171g\u00f6z\u0151 k\u00e9p, amely mindig eml\u00e9keztetni fog titeket az egy\u00fctt t\u00f6lt\u00f6tt pillanatokra.<\/span><\/p>\n<p><span style=\"font-weight: 400;\">V\u00e1lassza az 1000 darabos Bigar Waterfall feln\u0151tt puzzle-t azokhoz az alkalmakhoz, amikor kreat\u00edv kih\u00edv\u00e1sra v\u00e1gyik, vagy tegye k\u00fcl\u00f6nleges aj\u00e1nd\u00e9kk\u00e1 puzzle-kedvel\u0151 bar\u00e1tainak.<\/span><\/p>\n","protected":false},"excerpt":{"rendered":"<p>Az orsz\u00e1g h\u00edres nevezetess\u00e9geinek megl\u00e1togat\u00e1sa leny\u0171g\u00f6z\u0151, de mit sz\u00f3lna ahhoz, ha minden nap l\u00e1tv\u00e1nyos k\u00e9peket \u00e9lvezhetne \u00e1lmai helysz\u00edneir\u0151l? Az 1000<\/p>\n","protected":false},"featured_media":48648,"template":"","meta":[],"product_brand":[],"product_cat":[1920,1919,1881],"product_tag":[],"class_list":{"0":"post-39038","1":"product","2":"type-product","3":"status-publish","4":"has-post-thumbnail","6":"product_cat-1000-darabos-kirakos-jatek","7":"product_cat-felnott-kirakos-jatekok","8":"product_cat-kirakos-jatekok","9":"pa_brand-deico-hu","10":"pa_country_of_manufacture-ro-hu","11":"pa_filter_age-14-hu","12":"pa_tip_ambalaj-doboz","13":"pa_tip_puzzle-klasszikus","15":"first","16":"instock","17":"taxable","18":"shipping-taxable","19":"product-type-simple"},"yoast_head":"<!-- This site is optimized with the Yoast SEO plugin v20.1 - https:\/\/yoast.com\/wordpress\/plugins\/seo\/ -->\n<title>Feln\u0151tt puzzle 1000 darab Rom\u00e1nia - Big\u0103r v\u00edzes\u00e9s<\/title>\n<meta name=\"description\" content=\"Feln\u0151tt puzzle 1000 darab Rom\u00e1nia - Big\u0103r v\u00edzes\u00e9s\" \/>\n<meta name=\"robots\" content=\"index, follow, max-snippet:-1, max-image-preview:large, max-video-preview:-1\" \/>\n<link rel=\"canonical\" href=\"https:\/\/business.roovi.com\/hu\/felnott-puzzle-1000-darab-romania-bigar-vizeses\/p\/\" \/>\n<meta property=\"og:locale\" content=\"hu_HU\" \/>\n<meta property=\"og:type\" content=\"article\" \/>\n<meta property=\"og:title\" content=\"Feln\u0151tt puzzle 1000 darab Rom\u00e1nia - Big\u0103r v\u00edzes\u00e9s\" \/>\n<meta property=\"og:description\" content=\"Feln\u0151tt puzzle 1000 darab Rom\u00e1nia - Big\u0103r v\u00edzes\u00e9s\" \/>\n<meta property=\"og:url\" content=\"https:\/\/business.roovi.com\/hu\/felnott-puzzle-1000-darab-romania-bigar-vizeses\/p\/\" \/>\n<meta property=\"og:site_name\" content=\"Roovi B2B\" \/>\n<meta property=\"article:publisher\" content=\"https:\/\/www.facebook.com\/wwwjucariero\" \/>\n<meta property=\"article:modified_time\" content=\"2022-08-23T07:53:15+00:00\" \/>\n<meta property=\"og:image\" content=\"https:\/\/business.roovi.com\/wp-content\/uploads\/2020\/10\/puzzle_1000_romania_bigar_waterfall-77042.jpg\" \/>\n\t<meta property=\"og:image:width\" content=\"1000\" \/>\n\t<meta property=\"og:image:height\" content=\"1000\" \/>\n\t<meta property=\"og:image:type\" content=\"image\/jpeg\" \/>\n<meta name=\"twitter:label1\" content=\"Becs\u00fclt olvas\u00e1si id\u0151\" \/>\n\t<meta name=\"twitter:data1\" content=\"2 perc\" \/>\n<script type=\"application\/ld+json\" class=\"yoast-schema-graph\">{\"@context\":\"https:\/\/schema.org\",\"@graph\":[{\"@type\":\"WebPage\",\"@id\":\"https:\/\/business.roovi.com\/hu\/felnott-puzzle-1000-darab-romania-bigar-vizeses\/p\/\",\"url\":\"https:\/\/business.roovi.com\/hu\/felnott-puzzle-1000-darab-romania-bigar-vizeses\/p\/\",\"name\":\"Feln\u0151tt puzzle 1000 darab Rom\u00e1nia - Big\u0103r v\u00edzes\u00e9s\",\"isPartOf\":{\"@id\":\"https:\/\/business.roovi.com\/hu\/#website\"},\"datePublished\":\"2022-07-22T10:31:45+00:00\",\"dateModified\":\"2022-08-23T07:53:15+00:00\",\"description\":\"Feln\u0151tt puzzle 1000 darab Rom\u00e1nia - Big\u0103r v\u00edzes\u00e9s\",\"breadcrumb\":{\"@id\":\"https:\/\/business.roovi.com\/hu\/felnott-puzzle-1000-darab-romania-bigar-vizeses\/p\/#breadcrumb\"},\"inLanguage\":\"hu\",\"potentialAction\":[{\"@type\":\"ReadAction\",\"target\":[\"https:\/\/business.roovi.com\/hu\/felnott-puzzle-1000-darab-romania-bigar-vizeses\/p\/\"]}]},{\"@type\":\"BreadcrumbList\",\"@id\":\"https:\/\/business.roovi.com\/hu\/felnott-puzzle-1000-darab-romania-bigar-vizeses\/p\/#breadcrumb\",\"itemListElement\":[{\"@type\":\"ListItem\",\"position\":1,\"name\":\"Home\",\"item\":\"https:\/\/business.roovi.com\/hu\/\"},{\"@type\":\"ListItem\",\"position\":2,\"name\":\"Shop\",\"item\":\"https:\/\/business.roovi.com\/hu\/shop\/\"},{\"@type\":\"ListItem\",\"position\":3,\"name\":\"Feln\u0151tt puzzle 1000 darab Rom\u00e1nia &#8211; Big\u0103r v\u00edzes\u00e9s\"}]},{\"@type\":\"WebSite\",\"@id\":\"https:\/\/business.roovi.com\/hu\/#website\",\"url\":\"https:\/\/business.roovi.com\/hu\/\",\"name\":\"Roovi B2B\",\"description\":\"Roovi Business Website\",\"potentialAction\":[{\"@type\":\"SearchAction\",\"target\":{\"@type\":\"EntryPoint\",\"urlTemplate\":\"https:\/\/business.roovi.com\/hu\/?s={search_term_string}\"},\"query-input\":\"required name=search_term_string\"}],\"inLanguage\":\"hu\"}]}<\/script>\n<!-- \/ Yoast SEO plugin. -->","yoast_head_json":{"title":"Feln\u0151tt puzzle 1000 darab Rom\u00e1nia - Big\u0103r v\u00edzes\u00e9s","description":"Feln\u0151tt puzzle 1000 darab Rom\u00e1nia - Big\u0103r v\u00edzes\u00e9s","robots":{"index":"index","follow":"follow","max-snippet":"max-snippet:-1","max-image-preview":"max-image-preview:large","max-video-preview":"max-video-preview:-1"},"canonical":"https:\/\/business.roovi.com\/hu\/felnott-puzzle-1000-darab-romania-bigar-vizeses\/p\/","og_locale":"hu_HU","og_type":"article","og_title":"Feln\u0151tt puzzle 1000 darab Rom\u00e1nia - Big\u0103r v\u00edzes\u00e9s","og_description":"Feln\u0151tt puzzle 1000 darab Rom\u00e1nia - Big\u0103r v\u00edzes\u00e9s","og_url":"https:\/\/business.roovi.com\/hu\/felnott-puzzle-1000-darab-romania-bigar-vizeses\/p\/","og_site_name":"Roovi B2B","article_publisher":"https:\/\/www.facebook.com\/wwwjucariero","article_modified_time":"2022-08-23T07:53:15+00:00","og_image":[{"width":1000,"height":1000,"url":"https:\/\/business.roovi.com\/wp-content\/uploads\/2020\/10\/puzzle_1000_romania_bigar_waterfall-77042.jpg","type":"image\/jpeg"}],"twitter_misc":{"Becs\u00fclt olvas\u00e1si id\u0151":"2 perc"},"schema":{"@context":"https:\/\/schema.org","@graph":[{"@type":"WebPage","@id":"https:\/\/business.roovi.com\/hu\/felnott-puzzle-1000-darab-romania-bigar-vizeses\/p\/","url":"https:\/\/business.roovi.com\/hu\/felnott-puzzle-1000-darab-romania-bigar-vizeses\/p\/","name":"Feln\u0151tt puzzle 1000 darab Rom\u00e1nia - Big\u0103r v\u00edzes\u00e9s","isPartOf":{"@id":"https:\/\/business.roovi.com\/hu\/#website"},"datePublished":"2022-07-22T10:31:45+00:00","dateModified":"2022-08-23T07:53:15+00:00","description":"Feln\u0151tt puzzle 1000 darab Rom\u00e1nia - Big\u0103r v\u00edzes\u00e9s","breadcrumb":{"@id":"https:\/\/business.roovi.com\/hu\/felnott-puzzle-1000-darab-romania-bigar-vizeses\/p\/#breadcrumb"},"inLanguage":"hu","potentialAction":[{"@type":"ReadAction","target":["https:\/\/business.roovi.com\/hu\/felnott-puzzle-1000-darab-romania-bigar-vizeses\/p\/"]}]},{"@type":"BreadcrumbList","@id":"https:\/\/business.roovi.com\/hu\/felnott-puzzle-1000-darab-romania-bigar-vizeses\/p\/#breadcrumb","itemListElement":[{"@type":"ListItem","position":1,"name":"Home","item":"https:\/\/business.roovi.com\/hu\/"},{"@type":"ListItem","position":2,"name":"Shop","item":"https:\/\/business.roovi.com\/hu\/shop\/"},{"@type":"ListItem","position":3,"name":"Feln\u0151tt puzzle 1000 darab Rom\u00e1nia &#8211; Big\u0103r v\u00edzes\u00e9s"}]},{"@type":"WebSite","@id":"https:\/\/business.roovi.com\/hu\/#website","url":"https:\/\/business.roovi.com\/hu\/","name":"Roovi B2B","description":"Roovi Business Website","potentialAction":[{"@type":"SearchAction","target":{"@type":"EntryPoint","urlTemplate":"https:\/\/business.roovi.com\/hu\/?s={search_term_string}"},"query-input":"required name=search_term_string"}],"inLanguage":"hu"}]}},"_links":{"self":[{"href":"https:\/\/business.roovi.com\/hu\/wp-json\/wp\/v2\/product\/39038","targetHints":{"allow":["GET"]}}],"collection":[{"href":"https:\/\/business.roovi.com\/hu\/wp-json\/wp\/v2\/product"}],"about":[{"href":"https:\/\/business.roovi.com\/hu\/wp-json\/wp\/v2\/types\/product"}],"version-history":[{"count":0,"href":"https:\/\/business.roovi.com\/hu\/wp-json\/wp\/v2\/product\/39038\/revisions"}],"wp:featuredmedia":[{"embeddable":true,"href":"https:\/\/business.roovi.com\/hu\/wp-json\/wp\/v2\/media\/48648"}],"wp:attachment":[{"href":"https:\/\/business.roovi.com\/hu\/wp-json\/wp\/v2\/media?parent=39038"}],"wp:term":[{"taxonomy":"product_brand","embeddable":true,"href":"https:\/\/business.roovi.com\/hu\/wp-json\/wp\/v2\/product_brand?post=39038"},{"taxonomy":"product_cat","embeddable":true,"href":"https:\/\/business.roovi.com\/hu\/wp-json\/wp\/v2\/product_cat?post=39038"},{"taxonomy":"product_tag","embeddable":true,"href":"https:\/\/business.roovi.com\/hu\/wp-json\/wp\/v2\/product_tag?post=39038"}],"curies":[{"name":"wp","href":"https:\/\/api.w.org\/{rel}","templated":true}]}}