{"id":39109,"date":"2020-04-23T10:33:43","date_gmt":"2020-04-23T10:33:43","guid":{"rendered":"https:\/\/business.roovi.com\/puzzle-adulti-castelul-sturdza-romania-1000-piese\/p\/"},"modified":"2022-07-06T12:09:21","modified_gmt":"2022-07-06T12:09:21","slug":"felnott-puzzle-sturdza-kastely-romania-1000-darab","status":"publish","type":"product","link":"https:\/\/business.roovi.com\/hu\/felnott-puzzle-sturdza-kastely-romania-1000-darab\/p\/","title":{"rendered":"Feln\u0151tt puzzle Sturdza kast\u00e9ly, Rom\u00e1nia &#8211; 1000 darab"},"content":{"rendered":"<p><span style=\"font-weight: 400\">Az 1000 Rom\u00e1nia rejtv\u00e9ny \u00faj v\u00e1laszt\u00e9k\u00e1val mostant\u00f3l saj\u00e1t gy\u0171jtem\u00e9nyt hozhat l\u00e9tre kedvenc l\u00e1tnival\u00f3inak k\u00e9peib\u0151l.  <\/span><\/p>\n<p><span style=\"font-weight: 400\">A feln\u0151tt puzzle Sturdza kast\u00e9lya a kast\u00e9ly k\u00e9p\u00e9t mutatja be a <\/span><span style=\"font-weight: 400\">Miclauseni kast\u00e9ly, amely a 19. sz\u00e1zad v\u00e9g\u00e9n \u00e9p\u00fclt. Fedezz fel egy 1000 darabos kirak\u00f3sban egy k\u00fcl\u00f6nleges \u00e9p\u00edt\u00e9szeti eml\u00e9km\u0171vet neog\u00f3tikus st\u00edlusban, barokk elemekkel. A t\u00f6rt\u00e9nelem nem volt kegyes ehhez a palot\u00e1hoz. H\u00e1bor\u00fakat \u00e9lt meg, le\u00e9gett, k\u00fcl\u00f6nb\u00f6z\u0151 c\u00e9lokra haszn\u00e1lt\u00e1k az id\u0151k sor\u00e1n, a z\u0171r\u00f6s id\u0151kben megrong\u00e1lt\u00e1k, ma pedig \u00fajj\u00e1\u00e9p\u00edtett\u00e9k. Tedd darabr\u00f3l darabra, rekonstru\u00e1ld a k\u00e9pet, \u00e9s \u00e9lvezd a kiv\u00e9teles festm\u00e9nyt.<\/span><\/p>\n<p><span style=\"font-weight: 400\">Fegyverkezzen fel t\u00fcrelemmel, h\u00fazza k\u00f6zel a nappali doh\u00e1nyz\u00f3asztal\u00e1t &#8211; ennyi kell az 50 x 70 cm-es k\u00e9p rekonstru\u00e1l\u00e1s\u00e1hoz &#8211; \u00e9s l\u00e1sson munk\u00e1hoz! Semmi sem hasonl\u00edthat\u00f3 ahhoz az el\u00e9gedetts\u00e9g \u00e9rz\u00e9shez, amit akkor \u00e9rzel, amikor \u00f6sszerakod a kirak\u00f3s 1000. darabj\u00e1t.<\/span><\/p>\n<p><span style=\"font-weight: 400\">Feln\u0151tt puzzle funkci\u00f3k <\/span><span style=\"font-weight: 400\">Sturdza kast\u00e9ly, Rom\u00e1nia:<\/span><\/p>\n<p><strong>Puzzle anyag <\/strong><\/p>\n<p><strong>kiv\u00e1l\u00f3 min\u0151s\u00e9g\u0171 k\u00e9k karton<\/strong><\/p>\n<p><strong>fenntarthat\u00f3, \u00fajrahasznos\u00edthat\u00f3 anyagok<\/strong><\/p>\n<p><strong>f\u00e9lf\u00e9nyes kivitel, \u00e9l\u00e9nk sz\u00ednek<\/strong><\/p>\n<p><strong>A kirak\u00f3s darabok sz\u00e1ma: 1000<\/strong><\/p>\n<p><strong>Aj\u00e1nlott \u00e9letkor: 14+<\/strong><\/p>\n<p><strong>1000 darabos rejtv\u00e9nyek seg\u00edtenek optimist\u00e1bbnak lenni<\/strong><\/p>\n<p><span style=\"font-weight: 400\">Tudtad, hogy amikor kirak\u00f3s j\u00e1t\u00e9kot raksz \u00f6ssze, az agyadban t\u00f6bb dopamin szabadul fel, amit boldogs\u00e1ghormonnak nevez\u00fcnk? Sz\u00e1njon minden nap legal\u00e1bb 30 percet erre a pihentet\u0151 tev\u00e9kenys\u00e9gre, \u00e9s \u00fagy fogja \u00e9rezni, hogy \u00e1ltal\u00e1nos hangulata javulni fog <\/span><\/p>\n<p><strong>5 egy\u00e9b el\u0151nye a kirak\u00f3s j\u00e1t\u00e9koknak<\/strong><\/p>\n<p><span style=\"font-weight: 400\">1. Megadja a napi adag relax\u00e1ci\u00f3t<\/span><\/p>\n<p><span style=\"font-weight: 400\">2. Elv\u00e1lasztja \u00d6nt a mindennapi stresszt\u0151l<\/span><\/p>\n<p><span style=\"font-weight: 400\">3. Seg\u00edt a jobb mem\u00f3ri\u00e1ban<\/span><\/p>\n<p><span style=\"font-weight: 400\">4. Edzi \u00e9s eg\u00e9szs\u00e9gesen tartja az agyat<\/span><\/p>\n<p><span style=\"font-weight: 400\">5. Jav\u00edtja a koncentr\u00e1ci\u00f3s k\u00e9pess\u00e9g\u00e9t.<\/span><\/p>\n<p><strong>A Sturdza kast\u00e9lyr\u00f3l, tudtad, hogy&#8230;<\/strong><\/p>\n<p><span style=\"font-weight: 400\">V\u00e1ltakozva volt: katonai k\u00f3rh\u00e1z, szerzetesi telep, katonai robban\u00f3anyagrakt\u00e1r, s\u00falyosan \u00e9rtelmi fogyat\u00e9kos gyermekek elhelyez\u00e9s\u00e9re szolg\u00e1l\u00f3 k\u00f6zpont. Ma a Moldvai \u00e9s Bukovinai Metropolit\u00e1ns\u00e1g m\u0171k\u00f6dteti, \u00e9s a turisztikai k\u00f6r\u00faton van.<\/span><\/p>\n<p><span style=\"font-weight: 400\">N\u00e9h\u00e1ny jelenet a filmb\u0151l <\/span><span style=\"font-weight: 400\">&#8222;Orient Expressz&#8221; Sergiu Nicolaescu rendez\u00e9s\u00e9ben.<\/span><\/p>\n<p><span style=\"font-weight: 400\">George Enescu zeneszerz\u0151 az els\u0151 vil\u00e1gh\u00e1bor\u00fa idej\u00e9n j\u00e1rt a kast\u00e9lyban, amikor k\u00f3rh\u00e1zk\u00e9nt haszn\u00e1lt\u00e1k, \u00e9s a sebes\u00fcltek k\u00f6z\u00f6tt j\u00e1tszott.<\/span><\/p>\n<p><span style=\"font-weight: 400\">A kast\u00e9ly k\u00f6nyvt\u00e1r\u00e1ban az els\u0151 5 ismert rom\u00e1n ford\u00edt\u00e1sb\u00f3l 3 tal\u00e1lhat\u00f3. A k\u00f6nyvt\u00e1r eredetileg mintegy 60 000 k\u00f6nyvet tartalmazott, k\u00f6zt\u00fck n\u00e9h\u00e1ny els\u0151 kiad\u00e1st vagy ritka p\u00e9ld\u00e1nyt, de a h\u00e1bor\u00fa \u00e9s a kommunizmus idej\u00e9n sok k\u00f6z\u00fcl\u00fck megsemmis\u00fclt.<\/span><\/p>\n<p><span style=\"font-weight: 400\">Ma a Sturdza-kast\u00e9lyban sz\u00e1mos gy\u0171jtem\u00e9ny tal\u00e1lhat\u00f3, t\u00f6bbek k\u00f6z\u00f6tt k\u00f6z\u00e9pkori fegyverek \u00e9s 16. sz\u00e1zadi viseletek.<\/span><\/p>\n<p><strong>Rakja \u00f6ssze az 1000 darabos puzzle-t \u00e9s \u00e9lvezze a csod\u00e1latos meditat\u00edv \u00e1llapotot<\/strong><\/p>\n<p><span style=\"font-weight: 400\">Szeretn\u00e9l csak \u00f6nmagad lenni a gondolataiddal, de nem igaz\u00e1n tudsz koncentr\u00e1lni? A kirak\u00f3s tev\u00e9kenys\u00e9g seg\u00edt megszabad\u00edtani elm\u00e9det a benne kering\u0151 ezernyi gondolatt\u00f3l. Az 1000 darabos puzzle hat\u00e1sa teh\u00e1t hasonl\u00f3 egy medit\u00e1ci\u00f3s \u00fcl\u00e9shez. Ahogy az elm\u00e9d egyetlen c\u00e9lra \u00f6sszpontos\u00edt &#8211; a kirak\u00f3s j\u00e1t\u00e9k k\u00e9p\u00e9nek \u00fajraalkot\u00e1s\u00e1ra -, felszabadul az \u00f6sszes t\u00f6bbit\u0151l, \u00e9s a v\u00e9g\u00e9n t\u00f6bb energi\u00e1d lesz, \u00e9s pozit\u00edvabb \u00e9letszeml\u00e9lettel fogsz rendelkezni.<\/span><\/p>\n<p><span style=\"font-weight: 400\">V\u00e1s\u00e1rolja meg a puzzle-t <\/span><span style=\"font-weight: 400\">feln\u0151ttek Sturdza v\u00e1ra \u00e9s k\u00e9sz\u00edtsd el saj\u00e1t, egyedi gy\u0171jtem\u00e9nyedet a rom\u00e1niai l\u00e1tnival\u00f3k 1000 darabos puzzle k\u00e9peib\u0151l! Dobd fel az unalmas h\u00e9tv\u00e9g\u00e9ket, vagy lepd meg kellemesen egy kedves bar\u00e1todat ezzel a csod\u00e1latos Sturdza Castle 1000 darabos puzzle-vel!<\/span><span style=\"font-weight: 400\"> <\/span><\/p><\/p>\n","protected":false},"excerpt":{"rendered":"<p>Az 1000 Rom\u00e1nia rejtv\u00e9ny \u00faj v\u00e1laszt\u00e9k\u00e1val mostant\u00f3l saj\u00e1t gy\u0171jtem\u00e9nyt hozhat l\u00e9tre kedvenc l\u00e1tnival\u00f3inak k\u00e9peib\u0151l. A feln\u0151tt puzzle Sturdza kast\u00e9lya a<\/p>\n","protected":false},"featured_media":48730,"template":"","meta":[],"product_brand":[],"product_cat":[1881,1919,1920],"product_tag":[],"class_list":{"0":"post-39109","1":"product","2":"type-product","3":"status-publish","4":"has-post-thumbnail","6":"product_cat-kirakos-jatekok","7":"product_cat-felnott-kirakos-jatekok","8":"product_cat-1000-darabos-kirakos-jatek","9":"pa_brand-deico-hu","10":"pa_country_of_manufacture-ro-hu","11":"pa_filter_age-14-hu","12":"pa_tip_ambalaj-doboz","13":"pa_tip_puzzle-klasszikus","15":"first","16":"instock","17":"taxable","18":"shipping-taxable","19":"product-type-simple"},"yoast_head":"<!-- This site is optimized with the Yoast SEO plugin v20.1 - https:\/\/yoast.com\/wordpress\/plugins\/seo\/ -->\n<title>Feln\u0151tt puzzle Sturdza kast\u00e9ly, Rom\u00e1nia - 1000 darab<\/title>\n<meta name=\"description\" content=\"Feln\u0151tt puzzle Sturdza kast\u00e9ly, Rom\u00e1nia - 1000 darab\" \/>\n<meta name=\"robots\" content=\"index, follow, max-snippet:-1, max-image-preview:large, max-video-preview:-1\" \/>\n<link rel=\"canonical\" href=\"https:\/\/business.roovi.com\/hu\/felnott-puzzle-sturdza-kastely-romania-1000-darab\/p\/\" \/>\n<meta property=\"og:locale\" content=\"hu_HU\" \/>\n<meta property=\"og:type\" content=\"article\" \/>\n<meta property=\"og:title\" content=\"Feln\u0151tt puzzle Sturdza kast\u00e9ly, Rom\u00e1nia - 1000 darab\" \/>\n<meta property=\"og:description\" content=\"Feln\u0151tt puzzle Sturdza kast\u00e9ly, Rom\u00e1nia - 1000 darab\" \/>\n<meta property=\"og:url\" content=\"https:\/\/business.roovi.com\/hu\/felnott-puzzle-sturdza-kastely-romania-1000-darab\/p\/\" \/>\n<meta property=\"og:site_name\" content=\"Roovi B2B\" \/>\n<meta property=\"article:publisher\" content=\"https:\/\/www.facebook.com\/wwwjucariero\" \/>\n<meta property=\"article:modified_time\" content=\"2022-07-06T12:09:21+00:00\" \/>\n<meta property=\"og:image\" content=\"https:\/\/business.roovi.com\/wp-content\/uploads\/2020\/04\/76052_ansamblu_dimensiuni_cutie_cm-800x800.png\" \/>\n\t<meta property=\"og:image:width\" content=\"800\" \/>\n\t<meta property=\"og:image:height\" content=\"800\" \/>\n\t<meta property=\"og:image:type\" content=\"image\/png\" \/>\n<meta name=\"twitter:label1\" content=\"Becs\u00fclt olvas\u00e1si id\u0151\" \/>\n\t<meta name=\"twitter:data1\" content=\"3 perc\" \/>\n<script type=\"application\/ld+json\" class=\"yoast-schema-graph\">{\"@context\":\"https:\/\/schema.org\",\"@graph\":[{\"@type\":\"WebPage\",\"@id\":\"https:\/\/business.roovi.com\/hu\/felnott-puzzle-sturdza-kastely-romania-1000-darab\/p\/\",\"url\":\"https:\/\/business.roovi.com\/hu\/felnott-puzzle-sturdza-kastely-romania-1000-darab\/p\/\",\"name\":\"Feln\u0151tt puzzle Sturdza kast\u00e9ly, Rom\u00e1nia - 1000 darab\",\"isPartOf\":{\"@id\":\"https:\/\/business.roovi.com\/hu\/#website\"},\"datePublished\":\"2020-04-23T10:33:43+00:00\",\"dateModified\":\"2022-07-06T12:09:21+00:00\",\"description\":\"Feln\u0151tt puzzle Sturdza kast\u00e9ly, Rom\u00e1nia - 1000 darab\",\"breadcrumb\":{\"@id\":\"https:\/\/business.roovi.com\/hu\/felnott-puzzle-sturdza-kastely-romania-1000-darab\/p\/#breadcrumb\"},\"inLanguage\":\"hu\",\"potentialAction\":[{\"@type\":\"ReadAction\",\"target\":[\"https:\/\/business.roovi.com\/hu\/felnott-puzzle-sturdza-kastely-romania-1000-darab\/p\/\"]}]},{\"@type\":\"BreadcrumbList\",\"@id\":\"https:\/\/business.roovi.com\/hu\/felnott-puzzle-sturdza-kastely-romania-1000-darab\/p\/#breadcrumb\",\"itemListElement\":[{\"@type\":\"ListItem\",\"position\":1,\"name\":\"Home\",\"item\":\"https:\/\/business.roovi.com\/hu\/\"},{\"@type\":\"ListItem\",\"position\":2,\"name\":\"Shop\",\"item\":\"https:\/\/business.roovi.com\/hu\/shop\/\"},{\"@type\":\"ListItem\",\"position\":3,\"name\":\"Feln\u0151tt puzzle Sturdza kast\u00e9ly, Rom\u00e1nia &#8211; 1000 darab\"}]},{\"@type\":\"WebSite\",\"@id\":\"https:\/\/business.roovi.com\/hu\/#website\",\"url\":\"https:\/\/business.roovi.com\/hu\/\",\"name\":\"Roovi B2B\",\"description\":\"Roovi Business Website\",\"potentialAction\":[{\"@type\":\"SearchAction\",\"target\":{\"@type\":\"EntryPoint\",\"urlTemplate\":\"https:\/\/business.roovi.com\/hu\/?s={search_term_string}\"},\"query-input\":\"required name=search_term_string\"}],\"inLanguage\":\"hu\"}]}<\/script>\n<!-- \/ Yoast SEO plugin. -->","yoast_head_json":{"title":"Feln\u0151tt puzzle Sturdza kast\u00e9ly, Rom\u00e1nia - 1000 darab","description":"Feln\u0151tt puzzle Sturdza kast\u00e9ly, Rom\u00e1nia - 1000 darab","robots":{"index":"index","follow":"follow","max-snippet":"max-snippet:-1","max-image-preview":"max-image-preview:large","max-video-preview":"max-video-preview:-1"},"canonical":"https:\/\/business.roovi.com\/hu\/felnott-puzzle-sturdza-kastely-romania-1000-darab\/p\/","og_locale":"hu_HU","og_type":"article","og_title":"Feln\u0151tt puzzle Sturdza kast\u00e9ly, Rom\u00e1nia - 1000 darab","og_description":"Feln\u0151tt puzzle Sturdza kast\u00e9ly, Rom\u00e1nia - 1000 darab","og_url":"https:\/\/business.roovi.com\/hu\/felnott-puzzle-sturdza-kastely-romania-1000-darab\/p\/","og_site_name":"Roovi B2B","article_publisher":"https:\/\/www.facebook.com\/wwwjucariero","article_modified_time":"2022-07-06T12:09:21+00:00","og_image":[{"width":800,"height":800,"url":"https:\/\/business.roovi.com\/wp-content\/uploads\/2020\/04\/76052_ansamblu_dimensiuni_cutie_cm-800x800.png","type":"image\/png"}],"twitter_misc":{"Becs\u00fclt olvas\u00e1si id\u0151":"3 perc"},"schema":{"@context":"https:\/\/schema.org","@graph":[{"@type":"WebPage","@id":"https:\/\/business.roovi.com\/hu\/felnott-puzzle-sturdza-kastely-romania-1000-darab\/p\/","url":"https:\/\/business.roovi.com\/hu\/felnott-puzzle-sturdza-kastely-romania-1000-darab\/p\/","name":"Feln\u0151tt puzzle Sturdza kast\u00e9ly, Rom\u00e1nia - 1000 darab","isPartOf":{"@id":"https:\/\/business.roovi.com\/hu\/#website"},"datePublished":"2020-04-23T10:33:43+00:00","dateModified":"2022-07-06T12:09:21+00:00","description":"Feln\u0151tt puzzle Sturdza kast\u00e9ly, Rom\u00e1nia - 1000 darab","breadcrumb":{"@id":"https:\/\/business.roovi.com\/hu\/felnott-puzzle-sturdza-kastely-romania-1000-darab\/p\/#breadcrumb"},"inLanguage":"hu","potentialAction":[{"@type":"ReadAction","target":["https:\/\/business.roovi.com\/hu\/felnott-puzzle-sturdza-kastely-romania-1000-darab\/p\/"]}]},{"@type":"BreadcrumbList","@id":"https:\/\/business.roovi.com\/hu\/felnott-puzzle-sturdza-kastely-romania-1000-darab\/p\/#breadcrumb","itemListElement":[{"@type":"ListItem","position":1,"name":"Home","item":"https:\/\/business.roovi.com\/hu\/"},{"@type":"ListItem","position":2,"name":"Shop","item":"https:\/\/business.roovi.com\/hu\/shop\/"},{"@type":"ListItem","position":3,"name":"Feln\u0151tt puzzle Sturdza kast\u00e9ly, Rom\u00e1nia &#8211; 1000 darab"}]},{"@type":"WebSite","@id":"https:\/\/business.roovi.com\/hu\/#website","url":"https:\/\/business.roovi.com\/hu\/","name":"Roovi B2B","description":"Roovi Business Website","potentialAction":[{"@type":"SearchAction","target":{"@type":"EntryPoint","urlTemplate":"https:\/\/business.roovi.com\/hu\/?s={search_term_string}"},"query-input":"required name=search_term_string"}],"inLanguage":"hu"}]}},"_links":{"self":[{"href":"https:\/\/business.roovi.com\/hu\/wp-json\/wp\/v2\/product\/39109","targetHints":{"allow":["GET"]}}],"collection":[{"href":"https:\/\/business.roovi.com\/hu\/wp-json\/wp\/v2\/product"}],"about":[{"href":"https:\/\/business.roovi.com\/hu\/wp-json\/wp\/v2\/types\/product"}],"version-history":[{"count":0,"href":"https:\/\/business.roovi.com\/hu\/wp-json\/wp\/v2\/product\/39109\/revisions"}],"wp:featuredmedia":[{"embeddable":true,"href":"https:\/\/business.roovi.com\/hu\/wp-json\/wp\/v2\/media\/48730"}],"wp:attachment":[{"href":"https:\/\/business.roovi.com\/hu\/wp-json\/wp\/v2\/media?parent=39109"}],"wp:term":[{"taxonomy":"product_brand","embeddable":true,"href":"https:\/\/business.roovi.com\/hu\/wp-json\/wp\/v2\/product_brand?post=39109"},{"taxonomy":"product_cat","embeddable":true,"href":"https:\/\/business.roovi.com\/hu\/wp-json\/wp\/v2\/product_cat?post=39109"},{"taxonomy":"product_tag","embeddable":true,"href":"https:\/\/business.roovi.com\/hu\/wp-json\/wp\/v2\/product_tag?post=39109"}],"curies":[{"name":"wp","href":"https:\/\/api.w.org\/{rel}","templated":true}]}}