{"id":39113,"date":"2020-04-23T08:34:32","date_gmt":"2020-04-23T08:34:32","guid":{"rendered":"https:\/\/business.roovi.com\/puzzle-adulti-1000-piese-cinque-terre\/p\/"},"modified":"2022-07-06T12:09:27","modified_gmt":"2022-07-06T12:09:27","slug":"felnott-puzzle-1000-darab-cinque-terre","status":"publish","type":"product","link":"https:\/\/business.roovi.com\/hu\/felnott-puzzle-1000-darab-cinque-terre\/p\/","title":{"rendered":"Feln\u0151tt puzzle 1000 darab Cinque Terre"},"content":{"rendered":"<p><strong><em>Tartson egy kis sz\u00fcnetet a virtu\u00e1lis \u00e9letben, \u00e9s t\u00f6ltse kreat\u00edvan \u00e9s sz\u00f3rakoztat\u00f3an az idej\u00e9t egy 1000 darabos kirak\u00f3val, amely a Cinque Terre r\u00e9gi\u00f3 gy\u00f6ny\u00f6r\u0171 k\u00e9p\u00e9t \u00e1br\u00e1zolja!<\/em><\/strong><\/p>\n<p><span style=\"font-weight: 400\">A tengerb\u0151l kiemelkedni l\u00e1tsz\u00f3 szikl\u00e1kon \u00e1ll\u00f3 sz\u00ednes h\u00e1zik\u00f3k, a h\u00edres <\/span><em><span style=\"font-weight: 400\">A szerelem \u00fatja<\/span><\/em><span style=\"font-weight: 400\"> amelyeken v\u00e9gigs\u00e9t\u00e1lhat, a boh\u00e9m t\u00e1jak vagy az \u00edzletes borok csak n\u00e9h\u00e1ny a l\u00e1tnival\u00f3k k\u00f6z\u00fcl, amelyek ellen\u00e1llhatatlan c\u00e9lpontt\u00e1 teszik a Cinque Terre ter\u00fclet\u00e9t.<\/span><\/p>\n<p><span style=\"font-weight: 400\">Az 1000 darabos Cinque Terre kirak\u00f3s egy naps\u00fct\u00e9ses \u00e9s sz\u00ednes k\u00e9pet fest, amely egy olyan helyre rep\u00edt, ahol az id\u0151 meg\u00e1llni l\u00e1tszik. Az 5 falu mindegyike t\u00f6rt\u00e9nelmi m\u00faltra tekint vissza, \u00e9s saj\u00e1t t\u00f6rt\u00e9nettel \u00e9s szem\u00e9lyis\u00e9ggel rendelkezik.<\/span><\/p>\n<p><span style=\"font-weight: 400\">Az 1000 darabos Cinque Terre puzzle seg\u00edts\u00e9g\u00e9vel n\u00e9h\u00e1ny \u00f3r\u00e1nyi kikapcsol\u00f3d\u00e1st \u00e9s pihen\u00e9st \u00e9lvezhet. Ennek a naps\u00fct\u00e9ses k\u00e9pnek az \u00fajrarajzol\u00e1sa igazi sz\u00ednter\u00e1pia, amely mosolyt \u00e9s j\u00f3 hangulatot hoz. Indulj el teh\u00e1t az alkot\u00e1s \u00e9s a tud\u00e1s kalandj\u00e1ra ezzel a csod\u00e1latos kirak\u00f3s j\u00e1t\u00e9kkal, \u00e9s t\u00f6ltsd el a min\u0151s\u00e9gi id\u0151t egy leny\u0171g\u00f6z\u0151, 1000 darabos festm\u00e9ny \u00f6ssze\u00e1ll\u00edt\u00e1s\u00e1val.<\/span><\/p>\n<p><span style=\"font-weight: 400\">Az \u00f6sszeszerel\u00e9shez haszn\u00e1lhat egy hagyom\u00e1nyos doh\u00e1nyz\u00f3asztalt. A rekonstru\u00e1lt k\u00e9p m\u00e9rete 68 x 47 cm. K\u00fcl\u00f6nleges festm\u00e9nyed lesz, amely dekorat\u00edv darabk\u00e9nt kiemeli az otthonod b\u00e1rmely hely\u00e9nek unalm\u00e1t.<\/span><\/p>\n<p><strong>Jellemz\u0151k puzzle 1000 darab Cinque Terre<\/strong><\/p>\n<p><strong>Puzzle anyag <\/strong><\/p>\n<p><strong>kiv\u00e1l\u00f3 min\u0151s\u00e9g\u0171 k\u00e9k karton<\/strong><\/p>\n<p><strong>fenntarthat\u00f3, \u00fajrahasznos\u00edthat\u00f3 anyagok<\/strong><\/p>\n<p><strong>f\u00e9lf\u00e9nyes kivitel, \u00e9l\u00e9nk sz\u00ednek<\/strong><\/p>\n<p><strong>A kirak\u00f3s darabok sz\u00e1ma: 1000<\/strong><\/p>\n<p><strong>Aj\u00e1nlott \u00e9letkor: 14+<\/strong><\/p>\n<p><span style=\"font-weight: 400\">A kirak\u00f3s j\u00e1t\u00e9kok nagyszer\u0171 lehet\u0151s\u00e9get ny\u00fajtanak az olyan k\u00e9szs\u00e9gek fejleszt\u00e9s\u00e9re, mint p\u00e9ld\u00e1ul<\/span><strong>:<\/strong><\/p>\n<ul>\n<li><span style=\"font-weight: 400\">Koordin\u00e1ci\u00f3s \u00e9s koncentr\u00e1ci\u00f3s k\u00e9pess\u00e9g egy feladatra.<\/span><\/li>\n<li><span style=\"font-weight: 400\">Figyelem a r\u00e9szletekre \u00e9s t\u00fcrelem.<\/span><\/li>\n<li><span style=\"font-weight: 400\">A probl\u00e9mamegold\u00e1s k\u00e9pess\u00e9ge.<\/span><\/li>\n<li><span style=\"font-weight: 400\">Mem\u00f3ria, logikus gondolkod\u00e1s \u00e9s kreativit\u00e1s.<\/span><\/li>\n<li><span style=\"font-weight: 400\">\u00dcgyess\u00e9g \u00e9s finom mobilit\u00e1s.<\/span><\/li>\n<\/ul>\n<p><strong>Tudtad, hogy..<\/strong><\/p>\n<p><span style=\"font-weight: 400\">Cinque Terre 5 falub\u00f3l \u00e1ll <\/span><span style=\"font-weight: 400\">a liguriai tengerpart ment\u00e9n: Riomaggiore, Manarola, Corniglia, Vernazza \u00e9s Monterosso.<\/span><\/p>\n<p><span style=\"font-weight: 400\">V\u00e9dett ter\u00fcletk\u00e9nt \u00e9s az UNESCO Vil\u00e1g\u00f6r\u00f6ks\u00e9g r\u00e9szek\u00e9nt szigor\u00fa \u00e9p\u00edt\u00e9si \u00e9s fel\u00faj\u00edt\u00e1si jogszab\u00e1lyok vonatkoznak r\u00e1. Nem lehet v\u00e9letlenszer\u0171en vagy a hat\u00f3s\u00e1gok j\u00f3v\u00e1hagy\u00e1sa n\u00e9lk\u00fcl v\u00e1ltoztat\u00e1sokat v\u00e9gezni.<\/span><\/p>\n<p><span style=\"font-weight: 400\">B\u00e1r sehol sincsenek aut\u00f3k, a ter\u00fclet rendk\u00edv\u00fcl zs\u00fafolt lehet. A gy\u00f6ny\u00f6r\u0171 t\u00e1j vonzza a turist\u00e1kat, akik a vil\u00e1g minden t\u00e1j\u00e1r\u00f3l l\u00e1togatj\u00e1k az 5 falut, k\u00fcl\u00f6n\u00f6sen ny\u00e1ron <\/span><\/p>\n<p><span style=\"font-weight: 400\">A Cinque Terre r\u00e9gi\u00f3 arom\u00e1s borair\u00f3l \u00e9s finom pesto m\u00e1rt\u00e1s\u00e1r\u00f3l is h\u00edres.<\/span><\/p>\n<p><strong>Cinque Terre 1000 darabos feln\u0151tt puzzle a csal\u00e1di sz\u00f3rakoz\u00e1shoz \u00e9s kikapcsol\u00f3d\u00e1shoz<\/strong><\/p>\n<p><span style=\"font-weight: 400\">Hideg van odakint, \u00e9s nincs kedve kimozdulni a h\u00e1zb\u00f3l? Vonja be az eg\u00e9sz csal\u00e1dot egy naps\u00fct\u00e9ses \u00e9s sz\u00ednes kirak\u00f3s j\u00e1t\u00e9kba. Az \u00f3r\u00e1k pihentet\u0151 sz\u00f3rakoz\u00e1ss\u00e1 olvadnak, \u00e9s felejthetetlen eml\u00e9keket szereznek egy\u00fctt. Dolgozzatok csapatk\u00e9nt, \u00e9s tal\u00e1lj\u00e1tok meg a legjobb strat\u00e9gi\u00e1kat az 1000 darabos kirak\u00f3s k\u00e9p \u00f6sszerak\u00e1s\u00e1hoz.<\/span><\/p>\n<p><span style=\"font-weight: 400\">A v\u00e9g\u00e9n \u00fcnnepelje meg a kem\u00e9ny munk\u00e1t az eredm\u00e9ny\u00fcl kapott k\u00e9p bekeretez\u00e9s\u00e9vel. Van egy d\u00edszt\u00e1rgyatok, amit sok\u00e1ig csod\u00e1lhattok, \u00e9s egy csod\u00e1latos \u00e9lm\u00e9nyben volt r\u00e9szetek, ami seg\u00edtett abban, hogy jobban megismerj\u00e9tek egym\u00e1st.  <\/span><span style=\"font-weight: 400\">Az 1000 darabos Cinque Terre kirak\u00f3j\u00e1t\u00e9kot otthon tarthatja azokban a pillanatokban, amikor meg akarja t\u00f6rni a monotonit\u00e1st \u00e9s el akar szakadni a mindennapokt\u00f3l, vagy kiv\u00e9teles aj\u00e1nd\u00e9k lehet, amelyet minden kirak\u00f3s j\u00e1t\u00e9k rajong\u00f3 \u00e9lvezni fog.<\/span><\/p><\/p>\n","protected":false},"excerpt":{"rendered":"<p>Tartson egy kis sz\u00fcnetet a virtu\u00e1lis \u00e9letben, \u00e9s t\u00f6ltse kreat\u00edvan \u00e9s sz\u00f3rakoztat\u00f3an az idej\u00e9t egy 1000 darabos kirak\u00f3val, amely a<\/p>\n","protected":false},"featured_media":48718,"template":"","meta":[],"product_brand":[],"product_cat":[1920,1919,1881],"product_tag":[],"class_list":{"0":"post-39113","1":"product","2":"type-product","3":"status-publish","4":"has-post-thumbnail","6":"product_cat-1000-darabos-kirakos-jatek","7":"product_cat-felnott-kirakos-jatekok","8":"product_cat-kirakos-jatekok","9":"pa_brand-deico-hu","10":"pa_country_of_manufacture-ro-hu","11":"pa_filter_age-14-hu","12":"pa_tip_ambalaj-doboz","13":"pa_tip_puzzle-klasszikus","15":"first","16":"instock","17":"taxable","18":"shipping-taxable","19":"product-type-simple"},"yoast_head":"<!-- This site is optimized with the Yoast SEO plugin v20.1 - https:\/\/yoast.com\/wordpress\/plugins\/seo\/ -->\n<title>Feln\u0151tt puzzle 1000 darab Cinque Terre<\/title>\n<meta name=\"description\" content=\"Feln\u0151tt puzzle 1000 darab Cinque Terre\" \/>\n<meta name=\"robots\" content=\"index, follow, max-snippet:-1, max-image-preview:large, max-video-preview:-1\" \/>\n<link rel=\"canonical\" href=\"https:\/\/business.roovi.com\/hu\/felnott-puzzle-1000-darab-cinque-terre\/p\/\" \/>\n<meta property=\"og:locale\" content=\"hu_HU\" \/>\n<meta property=\"og:type\" content=\"article\" \/>\n<meta property=\"og:title\" content=\"Feln\u0151tt puzzle 1000 darab Cinque Terre\" \/>\n<meta property=\"og:description\" content=\"Feln\u0151tt puzzle 1000 darab Cinque Terre\" \/>\n<meta property=\"og:url\" content=\"https:\/\/business.roovi.com\/hu\/felnott-puzzle-1000-darab-cinque-terre\/p\/\" \/>\n<meta property=\"og:site_name\" content=\"Roovi B2B\" \/>\n<meta property=\"article:publisher\" content=\"https:\/\/www.facebook.com\/wwwjucariero\" \/>\n<meta property=\"article:modified_time\" content=\"2022-07-06T12:09:27+00:00\" \/>\n<meta property=\"og:image\" content=\"https:\/\/business.roovi.com\/wp-content\/uploads\/2020\/04\/cinque_terre_italy_copy.jpg\" \/>\n\t<meta property=\"og:image:width\" content=\"1200\" \/>\n\t<meta property=\"og:image:height\" content=\"1200\" \/>\n\t<meta property=\"og:image:type\" content=\"image\/jpeg\" \/>\n<meta name=\"twitter:label1\" content=\"Becs\u00fclt olvas\u00e1si id\u0151\" \/>\n\t<meta name=\"twitter:data1\" content=\"3 perc\" \/>\n<script type=\"application\/ld+json\" class=\"yoast-schema-graph\">{\"@context\":\"https:\/\/schema.org\",\"@graph\":[{\"@type\":\"WebPage\",\"@id\":\"https:\/\/business.roovi.com\/hu\/felnott-puzzle-1000-darab-cinque-terre\/p\/\",\"url\":\"https:\/\/business.roovi.com\/hu\/felnott-puzzle-1000-darab-cinque-terre\/p\/\",\"name\":\"Feln\u0151tt puzzle 1000 darab Cinque Terre\",\"isPartOf\":{\"@id\":\"https:\/\/business.roovi.com\/hu\/#website\"},\"datePublished\":\"2020-04-23T08:34:32+00:00\",\"dateModified\":\"2022-07-06T12:09:27+00:00\",\"description\":\"Feln\u0151tt puzzle 1000 darab Cinque Terre\",\"breadcrumb\":{\"@id\":\"https:\/\/business.roovi.com\/hu\/felnott-puzzle-1000-darab-cinque-terre\/p\/#breadcrumb\"},\"inLanguage\":\"hu\",\"potentialAction\":[{\"@type\":\"ReadAction\",\"target\":[\"https:\/\/business.roovi.com\/hu\/felnott-puzzle-1000-darab-cinque-terre\/p\/\"]}]},{\"@type\":\"BreadcrumbList\",\"@id\":\"https:\/\/business.roovi.com\/hu\/felnott-puzzle-1000-darab-cinque-terre\/p\/#breadcrumb\",\"itemListElement\":[{\"@type\":\"ListItem\",\"position\":1,\"name\":\"Home\",\"item\":\"https:\/\/business.roovi.com\/hu\/\"},{\"@type\":\"ListItem\",\"position\":2,\"name\":\"Shop\",\"item\":\"https:\/\/business.roovi.com\/hu\/shop\/\"},{\"@type\":\"ListItem\",\"position\":3,\"name\":\"Feln\u0151tt puzzle 1000 darab Cinque Terre\"}]},{\"@type\":\"WebSite\",\"@id\":\"https:\/\/business.roovi.com\/hu\/#website\",\"url\":\"https:\/\/business.roovi.com\/hu\/\",\"name\":\"Roovi B2B\",\"description\":\"Roovi Business Website\",\"potentialAction\":[{\"@type\":\"SearchAction\",\"target\":{\"@type\":\"EntryPoint\",\"urlTemplate\":\"https:\/\/business.roovi.com\/hu\/?s={search_term_string}\"},\"query-input\":\"required name=search_term_string\"}],\"inLanguage\":\"hu\"}]}<\/script>\n<!-- \/ Yoast SEO plugin. -->","yoast_head_json":{"title":"Feln\u0151tt puzzle 1000 darab Cinque Terre","description":"Feln\u0151tt puzzle 1000 darab Cinque Terre","robots":{"index":"index","follow":"follow","max-snippet":"max-snippet:-1","max-image-preview":"max-image-preview:large","max-video-preview":"max-video-preview:-1"},"canonical":"https:\/\/business.roovi.com\/hu\/felnott-puzzle-1000-darab-cinque-terre\/p\/","og_locale":"hu_HU","og_type":"article","og_title":"Feln\u0151tt puzzle 1000 darab Cinque Terre","og_description":"Feln\u0151tt puzzle 1000 darab Cinque Terre","og_url":"https:\/\/business.roovi.com\/hu\/felnott-puzzle-1000-darab-cinque-terre\/p\/","og_site_name":"Roovi B2B","article_publisher":"https:\/\/www.facebook.com\/wwwjucariero","article_modified_time":"2022-07-06T12:09:27+00:00","og_image":[{"width":1200,"height":1200,"url":"https:\/\/business.roovi.com\/wp-content\/uploads\/2020\/04\/cinque_terre_italy_copy.jpg","type":"image\/jpeg"}],"twitter_misc":{"Becs\u00fclt olvas\u00e1si id\u0151":"3 perc"},"schema":{"@context":"https:\/\/schema.org","@graph":[{"@type":"WebPage","@id":"https:\/\/business.roovi.com\/hu\/felnott-puzzle-1000-darab-cinque-terre\/p\/","url":"https:\/\/business.roovi.com\/hu\/felnott-puzzle-1000-darab-cinque-terre\/p\/","name":"Feln\u0151tt puzzle 1000 darab Cinque Terre","isPartOf":{"@id":"https:\/\/business.roovi.com\/hu\/#website"},"datePublished":"2020-04-23T08:34:32+00:00","dateModified":"2022-07-06T12:09:27+00:00","description":"Feln\u0151tt puzzle 1000 darab Cinque Terre","breadcrumb":{"@id":"https:\/\/business.roovi.com\/hu\/felnott-puzzle-1000-darab-cinque-terre\/p\/#breadcrumb"},"inLanguage":"hu","potentialAction":[{"@type":"ReadAction","target":["https:\/\/business.roovi.com\/hu\/felnott-puzzle-1000-darab-cinque-terre\/p\/"]}]},{"@type":"BreadcrumbList","@id":"https:\/\/business.roovi.com\/hu\/felnott-puzzle-1000-darab-cinque-terre\/p\/#breadcrumb","itemListElement":[{"@type":"ListItem","position":1,"name":"Home","item":"https:\/\/business.roovi.com\/hu\/"},{"@type":"ListItem","position":2,"name":"Shop","item":"https:\/\/business.roovi.com\/hu\/shop\/"},{"@type":"ListItem","position":3,"name":"Feln\u0151tt puzzle 1000 darab Cinque Terre"}]},{"@type":"WebSite","@id":"https:\/\/business.roovi.com\/hu\/#website","url":"https:\/\/business.roovi.com\/hu\/","name":"Roovi B2B","description":"Roovi Business Website","potentialAction":[{"@type":"SearchAction","target":{"@type":"EntryPoint","urlTemplate":"https:\/\/business.roovi.com\/hu\/?s={search_term_string}"},"query-input":"required name=search_term_string"}],"inLanguage":"hu"}]}},"_links":{"self":[{"href":"https:\/\/business.roovi.com\/hu\/wp-json\/wp\/v2\/product\/39113","targetHints":{"allow":["GET"]}}],"collection":[{"href":"https:\/\/business.roovi.com\/hu\/wp-json\/wp\/v2\/product"}],"about":[{"href":"https:\/\/business.roovi.com\/hu\/wp-json\/wp\/v2\/types\/product"}],"version-history":[{"count":0,"href":"https:\/\/business.roovi.com\/hu\/wp-json\/wp\/v2\/product\/39113\/revisions"}],"wp:featuredmedia":[{"embeddable":true,"href":"https:\/\/business.roovi.com\/hu\/wp-json\/wp\/v2\/media\/48718"}],"wp:attachment":[{"href":"https:\/\/business.roovi.com\/hu\/wp-json\/wp\/v2\/media?parent=39113"}],"wp:term":[{"taxonomy":"product_brand","embeddable":true,"href":"https:\/\/business.roovi.com\/hu\/wp-json\/wp\/v2\/product_brand?post=39113"},{"taxonomy":"product_cat","embeddable":true,"href":"https:\/\/business.roovi.com\/hu\/wp-json\/wp\/v2\/product_cat?post=39113"},{"taxonomy":"product_tag","embeddable":true,"href":"https:\/\/business.roovi.com\/hu\/wp-json\/wp\/v2\/product_tag?post=39113"}],"curies":[{"name":"wp","href":"https:\/\/api.w.org\/{rel}","templated":true}]}}