{"id":39117,"date":"2020-04-22T14:55:42","date_gmt":"2020-04-22T14:55:42","guid":{"rendered":"https:\/\/business.roovi.com\/puzzle-adulti-1000-piese-animal-puzzle-koala\/p\/"},"modified":"2022-07-06T12:14:11","modified_gmt":"2022-07-06T12:14:11","slug":"felnott-1000-darabos-puzzle-allati-puzzle-koala","status":"publish","type":"product","link":"https:\/\/business.roovi.com\/hu\/felnott-1000-darabos-puzzle-allati-puzzle-koala\/p\/","title":{"rendered":"Feln\u0151tt 1000 darabos puzzle &#8211; \u00c1llati puzzle &#8211; Koala"},"content":{"rendered":"<p><strong><em>Kreat\u00edv tev\u00e9kenys\u00e9get keres a szabadideje elt\u00f6lt\u00e9s\u00e9hez? Vagy tal\u00e1n egyedi aj\u00e1nd\u00e9kot keresel egy bar\u00e1todnak? Az 1000 darabos Koala puzzle az \u00e1llatok puzzle kollekci\u00f3b\u00f3l pont erre van sz\u00fcks\u00e9ged.<\/em><\/strong><\/p>\n<p><span style=\"font-weight: 400\">Az \u00f6sszeszerel\u00e9si tev\u00e9kenys\u00e9g pihentet\u0151, edzi az elm\u00e9t, \u00e9s kih\u00edv\u00e1st jelent a r\u00e9szletekre val\u00f3 odafigyel\u00e9s \u00e9s a t\u00fcrelem sz\u00e1m\u00e1ra. \u00c9s amikor az utols\u00f3, a k\u00e9pet teljess\u00e9 tev\u0151 darabot is elhelyezi, elk\u00e9peszt\u0151 el\u00e9gedetts\u00e9get \u00e9rez, \u00e9s \u00fajra \u00e9s \u00fajra meg akarja ism\u00e9telni az \u00e9lm\u00e9nyt.<\/span><\/p>\n<p><span style=\"font-weight: 400\">Az 1000 darabos Koala puzzle az aranyos ersz\u00e9nyes \u00e1llatot, Ausztr\u00e1lia szimb\u00f3lum\u00e1t \u00e1br\u00e1zolja term\u00e9szetes k\u00f6rnyezet\u00e9ben, amint a kicsiny\u00e9t tartja. Ezt a kirak\u00f3s j\u00e1t\u00e9kot \u00f6sszerakhatja olyankor, amikor \u00fagy \u00e9rzi, hogy sz\u00fcnetet kell tartania a mindennapokban, vagy bevonhatja a gyerekeket a tev\u00e9kenys\u00e9gbe. Versenyezni fognak a megfelel\u0151 puzzle-darabk\u00e1k megtal\u00e1l\u00e1s\u00e1\u00e9rt, \u00e9s a v\u00e9g\u00e9n k\u00f6z\u00f6sen d\u00f6ntenek arr\u00f3l, hogy a k\u00e9p a szob\u00e1jukat vagy egy m\u00e1sik, \u00e1ltalatok kiv\u00e1lasztott helyet d\u00edsz\u00edtse.<\/span><\/p>\n<p><span style=\"font-weight: 400\">A darabok al\u00e1t\u00e1maszt\u00e1s\u00e1ra haszn\u00e1lhat egy hagyom\u00e1nyos doh\u00e1nyz\u00f3asztalt. A rekonstru\u00e1lt k\u00e9p m\u00e9rete <strong>68 x 47 cm<\/strong>, \u00e9s egy k\u00fcl\u00f6nleges dekor\u00e1ci\u00f3s darab lehet, amely otthonodat d\u00edsz\u00edtheti.<\/span><\/p>\n<p><strong>Mi\u00e9rt v\u00e1lassza az 1000 darabos puzzle-t az \u00e1llatok puzzle kollekci\u00f3b\u00f3l?<\/strong><\/p>\n<p><span style=\"font-weight: 400\">A term\u00e9szetes k\u00f6rnyezetben meg\u00f6r\u00f6k\u00edtett \u00e1llatokr\u00f3l k\u00e9sz\u00fclt k\u00e9p \u00fajrateremt\u00e9se csod\u00e1latos m\u00f3dja a kikapcsol\u00f3d\u00e1snak \u00e9s a laz\u00edt\u00e1snak.<\/span><\/p>\n<p><span style=\"font-weight: 400\">Leny\u0171g\u00f6z\u0151 k\u00e9pet kap, amelyet sok\u00e1ig ki\u00e1ll\u00edthat \u00e9s csod\u00e1lhat.<\/span><\/p>\n<p><span style=\"font-weight: 400\">Lehet\u0151s\u00e9get adhat arra, hogy kapcsolatot teremtsen \u00e9s egy\u00fctt dolgozzon a gyermekeivel.<\/span><\/p>\n<p><span style=\"font-weight: 400\">Kiv\u00e1l\u00f3 min\u0151s\u00e9g\u0171 kartonb\u00f3l k\u00e9sz\u00fclt, amely id\u0151vel tart\u00f3ss\u00e1got biztos\u00edt, m\u00e9g t\u00f6bbsz\u00f6ri \u00f6sszeszerel\u00e9s eset\u00e9n is.<\/span><\/p>\n<p><span style=\"font-weight: 400\">F\u00e9lf\u00e9nyes kivitel\u0171, \u00e9s \u00e9l\u00e9nk sz\u00ednekkel rendelkezik, amelyek kiemelik a k\u00e9p sz\u00e9ps\u00e9g\u00e9t.<\/span><\/p>\n<p><span style=\"font-weight: 400\">Term\u00e9szetbar\u00e1t, fenntarthat\u00f3 \u00e9s \u00fajrahasznos\u00edthat\u00f3 anyagokb\u00f3l k\u00e9sz\u00fclt.<\/span><\/p>\n<p><span style=\"font-weight: 400\">A t\u00fara 14 \u00e9v felettiek sz\u00e1m\u00e1ra alkalmas, \u00e9s k\u00f6zepes neh\u00e9zs\u00e9gi fok\u00fa.<\/span><\/p>\n<p><span style=\"font-weight: 400\">A kirak\u00f3s j\u00e1t\u00e9kok nagyszer\u0171 m\u00f3dja az olyan k\u00e9szs\u00e9gek fejleszt\u00e9s\u00e9nek, mint p\u00e9ld\u00e1ul:<\/span><\/p>\n<ul>\n<li><span style=\"font-weight: 400\">Figyelem a r\u00e9szletekre.<\/span><\/li>\n<li><span style=\"font-weight: 400\">Mem\u00f3ria \u00e9s logikus gondolkod\u00e1s.<\/span><\/li>\n<li><span style=\"font-weight: 400\">Kitart\u00e1s.<\/span><\/li>\n<li><span style=\"font-weight: 400\">Probl\u00e9mamegold\u00f3 k\u00e9szs\u00e9g.<\/span><\/li>\n<li><span style=\"font-weight: 400\">Kreativit\u00e1s.<\/span><\/li>\n<li><span style=\"font-weight: 400\">\u00dcgyess\u00e9g \u00e9s finommotorikus k\u00e9szs\u00e9gek.<\/span><\/li>\n<\/ul>\n<p><strong>Tudtad, hogy..<\/strong><\/p>\n<p><span style=\"font-weight: 400\">A bar\u00e1ts\u00e1gos koala \u00e9lete nagy r\u00e9sz\u00e9t az eukaliptuszf\u00e1ra m\u00e1szva t\u00f6lti. Itt eszik, alszik \u00e9s szaporodik.<\/span><\/p>\n<p><span style=\"font-weight: 400\">A koala soha nem iszik vizet. Folyad\u00e9k\u00e1t eukaliptuszlevelekb\u0151l nyeri.<\/span><\/p>\n<p><span style=\"font-weight: 400\">A legkisebb agya van az eml\u0151s\u00f6k k\u00f6z\u00fcl, \u00e9s alacsony az intelligenci\u00e1ja.<\/span><\/p>\n<p><span style=\"font-weight: 400\">A koala ak\u00e1r napi 18 \u00f3r\u00e1t is alszik. \u00c9jszaka \u00e1ltal\u00e1ban \u00e9bren marad.<\/span><\/p>\n<p><span style=\"font-weight: 400\">Sajnos a koala vesz\u00e9lyeztetett faj. Sok egyed aut\u00f3balesetben, kuty\u00e1k \u00e1ltal elpuszt\u00edtva vagy \u00e9l\u0151hely\u00fck elpuszt\u00edt\u00e1sa miatt hal meg.<\/span><\/p>\n<p><strong>Az 1000 darabos Koala puzzle \u00f3r\u00e1kra t\u00e1vol tart a k\u00e9perny\u0151kt\u0151l<\/strong><\/p>\n<p><span style=\"font-weight: 400\">Szeretne hosszabb ideig t\u00e1vol maradni a k\u00e9perny\u0151kt\u0151l, de hogyan jut esz\u00e9be a virtu\u00e1lis vil\u00e1gba l\u00e9p\u0151 mobiltelefonja? Az 1000 darabos puzzle a bar\u00e1ts\u00e1gos Koala k\u00e9p\u00e9vel \u00f6sszek\u00f6t \u00f6nmagaddal, \u00e9s t\u00e1vol tart a virtu\u00e1lis k\u00eds\u00e9rt\u00e9sekt\u0151l. Ha egyszer siker\u00fcl befejeznie a k\u00e9pet, az \u00f6nel\u00e9g\u00fclts\u00e9g p\u00e1ratlan \u00e1llapot\u00e1t \u00e9li \u00e1t, \u00e9s \u00fajra \u00e9s \u00fajra \u00e1t akarja \u00e9lni.<\/span><\/p>\n<p><span style=\"font-weight: 400\">Ak\u00e1r egyed\u00fcl, ak\u00e1r a csal\u00e1d vagy a bar\u00e1tok t\u00e1rsas\u00e1g\u00e1ban szeretn\u00e9 \u00fajraalkotni a k\u00e9pet, <\/span><span style=\"font-weight: 400\">a Koala 1000 darabos feln\u0151tt puzzle egy olyan kirak\u00f3s j\u00e1t\u00e9k, amelyet mindig k\u00e9zn\u00e9l kell tartanod. Kih\u00edvja az elm\u00e9t, \u00e9s ak\u00e1r 30 \u00f3r\u00e1nyi sz\u00f3rakoz\u00e1st \u00e9s kikapcsol\u00f3d\u00e1st biztos\u00edt.<\/span><\/p>\n<p><span style=\"font-weight: 400\">Az 1000 darabos Koala kirak\u00f3st v\u00e1laszthatja aj\u00e1nd\u00e9kba is a kirak\u00f3st szeret\u0151 bar\u00e1tainak \u00fcnnepekre vagy sz\u00fclet\u00e9snapokra.<\/span><\/p><\/p>\n","protected":false},"excerpt":{"rendered":"<p>Kreat\u00edv tev\u00e9kenys\u00e9get keres a szabadideje elt\u00f6lt\u00e9s\u00e9hez? Vagy tal\u00e1n egyedi aj\u00e1nd\u00e9kot keresel egy bar\u00e1todnak? Az 1000 darabos Koala puzzle az \u00e1llatok<\/p>\n","protected":false},"featured_media":48716,"template":"","meta":[],"product_brand":[],"product_cat":[1920,1919,1881],"product_tag":[],"class_list":{"0":"post-39117","1":"product","2":"type-product","3":"status-publish","4":"has-post-thumbnail","6":"product_cat-1000-darabos-kirakos-jatek","7":"product_cat-felnott-kirakos-jatekok","8":"product_cat-kirakos-jatekok","9":"pa_brand-deico-hu","10":"pa_country_of_manufacture-ro-hu","11":"pa_filter_age-14-hu","12":"pa_tip_ambalaj-doboz","13":"pa_tip_puzzle-klasszikus","15":"first","16":"instock","17":"taxable","18":"shipping-taxable","19":"product-type-simple"},"yoast_head":"<!-- This site is optimized with the Yoast SEO plugin v20.1 - https:\/\/yoast.com\/wordpress\/plugins\/seo\/ -->\n<title>Feln\u0151tt 1000 darabos puzzle - \u00c1llati puzzle - Koala<\/title>\n<meta name=\"description\" content=\"Feln\u0151tt 1000 darabos puzzle - \u00c1llati puzzle - Koala\" \/>\n<meta name=\"robots\" content=\"index, follow, max-snippet:-1, max-image-preview:large, max-video-preview:-1\" \/>\n<link rel=\"canonical\" href=\"https:\/\/business.roovi.com\/hu\/felnott-1000-darabos-puzzle-allati-puzzle-koala\/p\/\" \/>\n<meta property=\"og:locale\" content=\"hu_HU\" \/>\n<meta property=\"og:type\" content=\"article\" \/>\n<meta property=\"og:title\" content=\"Feln\u0151tt 1000 darabos puzzle - \u00c1llati puzzle - Koala\" \/>\n<meta property=\"og:description\" content=\"Feln\u0151tt 1000 darabos puzzle - \u00c1llati puzzle - Koala\" \/>\n<meta property=\"og:url\" content=\"https:\/\/business.roovi.com\/hu\/felnott-1000-darabos-puzzle-allati-puzzle-koala\/p\/\" \/>\n<meta property=\"og:site_name\" content=\"Roovi B2B\" \/>\n<meta property=\"article:publisher\" content=\"https:\/\/www.facebook.com\/wwwjucariero\" \/>\n<meta property=\"article:modified_time\" content=\"2022-07-06T12:14:11+00:00\" \/>\n<meta property=\"og:image\" content=\"https:\/\/business.roovi.com\/wp-content\/uploads\/2020\/04\/p1000_animals_deico_games_koala_copy.jpg\" \/>\n\t<meta property=\"og:image:width\" content=\"1200\" \/>\n\t<meta property=\"og:image:height\" content=\"1200\" \/>\n\t<meta property=\"og:image:type\" content=\"image\/jpeg\" \/>\n<meta name=\"twitter:label1\" content=\"Becs\u00fclt olvas\u00e1si id\u0151\" \/>\n\t<meta name=\"twitter:data1\" content=\"3 perc\" \/>\n<script type=\"application\/ld+json\" class=\"yoast-schema-graph\">{\"@context\":\"https:\/\/schema.org\",\"@graph\":[{\"@type\":\"WebPage\",\"@id\":\"https:\/\/business.roovi.com\/hu\/felnott-1000-darabos-puzzle-allati-puzzle-koala\/p\/\",\"url\":\"https:\/\/business.roovi.com\/hu\/felnott-1000-darabos-puzzle-allati-puzzle-koala\/p\/\",\"name\":\"Feln\u0151tt 1000 darabos puzzle - \u00c1llati puzzle - Koala\",\"isPartOf\":{\"@id\":\"https:\/\/business.roovi.com\/hu\/#website\"},\"datePublished\":\"2020-04-22T14:55:42+00:00\",\"dateModified\":\"2022-07-06T12:14:11+00:00\",\"description\":\"Feln\u0151tt 1000 darabos puzzle - \u00c1llati puzzle - Koala\",\"breadcrumb\":{\"@id\":\"https:\/\/business.roovi.com\/hu\/felnott-1000-darabos-puzzle-allati-puzzle-koala\/p\/#breadcrumb\"},\"inLanguage\":\"hu\",\"potentialAction\":[{\"@type\":\"ReadAction\",\"target\":[\"https:\/\/business.roovi.com\/hu\/felnott-1000-darabos-puzzle-allati-puzzle-koala\/p\/\"]}]},{\"@type\":\"BreadcrumbList\",\"@id\":\"https:\/\/business.roovi.com\/hu\/felnott-1000-darabos-puzzle-allati-puzzle-koala\/p\/#breadcrumb\",\"itemListElement\":[{\"@type\":\"ListItem\",\"position\":1,\"name\":\"Home\",\"item\":\"https:\/\/business.roovi.com\/hu\/\"},{\"@type\":\"ListItem\",\"position\":2,\"name\":\"Shop\",\"item\":\"https:\/\/business.roovi.com\/hu\/shop\/\"},{\"@type\":\"ListItem\",\"position\":3,\"name\":\"Feln\u0151tt 1000 darabos puzzle &#8211; \u00c1llati puzzle &#8211; Koala\"}]},{\"@type\":\"WebSite\",\"@id\":\"https:\/\/business.roovi.com\/hu\/#website\",\"url\":\"https:\/\/business.roovi.com\/hu\/\",\"name\":\"Roovi B2B\",\"description\":\"Roovi Business Website\",\"potentialAction\":[{\"@type\":\"SearchAction\",\"target\":{\"@type\":\"EntryPoint\",\"urlTemplate\":\"https:\/\/business.roovi.com\/hu\/?s={search_term_string}\"},\"query-input\":\"required name=search_term_string\"}],\"inLanguage\":\"hu\"}]}<\/script>\n<!-- \/ Yoast SEO plugin. -->","yoast_head_json":{"title":"Feln\u0151tt 1000 darabos puzzle - \u00c1llati puzzle - Koala","description":"Feln\u0151tt 1000 darabos puzzle - \u00c1llati puzzle - Koala","robots":{"index":"index","follow":"follow","max-snippet":"max-snippet:-1","max-image-preview":"max-image-preview:large","max-video-preview":"max-video-preview:-1"},"canonical":"https:\/\/business.roovi.com\/hu\/felnott-1000-darabos-puzzle-allati-puzzle-koala\/p\/","og_locale":"hu_HU","og_type":"article","og_title":"Feln\u0151tt 1000 darabos puzzle - \u00c1llati puzzle - Koala","og_description":"Feln\u0151tt 1000 darabos puzzle - \u00c1llati puzzle - Koala","og_url":"https:\/\/business.roovi.com\/hu\/felnott-1000-darabos-puzzle-allati-puzzle-koala\/p\/","og_site_name":"Roovi B2B","article_publisher":"https:\/\/www.facebook.com\/wwwjucariero","article_modified_time":"2022-07-06T12:14:11+00:00","og_image":[{"width":1200,"height":1200,"url":"https:\/\/business.roovi.com\/wp-content\/uploads\/2020\/04\/p1000_animals_deico_games_koala_copy.jpg","type":"image\/jpeg"}],"twitter_misc":{"Becs\u00fclt olvas\u00e1si id\u0151":"3 perc"},"schema":{"@context":"https:\/\/schema.org","@graph":[{"@type":"WebPage","@id":"https:\/\/business.roovi.com\/hu\/felnott-1000-darabos-puzzle-allati-puzzle-koala\/p\/","url":"https:\/\/business.roovi.com\/hu\/felnott-1000-darabos-puzzle-allati-puzzle-koala\/p\/","name":"Feln\u0151tt 1000 darabos puzzle - \u00c1llati puzzle - Koala","isPartOf":{"@id":"https:\/\/business.roovi.com\/hu\/#website"},"datePublished":"2020-04-22T14:55:42+00:00","dateModified":"2022-07-06T12:14:11+00:00","description":"Feln\u0151tt 1000 darabos puzzle - \u00c1llati puzzle - Koala","breadcrumb":{"@id":"https:\/\/business.roovi.com\/hu\/felnott-1000-darabos-puzzle-allati-puzzle-koala\/p\/#breadcrumb"},"inLanguage":"hu","potentialAction":[{"@type":"ReadAction","target":["https:\/\/business.roovi.com\/hu\/felnott-1000-darabos-puzzle-allati-puzzle-koala\/p\/"]}]},{"@type":"BreadcrumbList","@id":"https:\/\/business.roovi.com\/hu\/felnott-1000-darabos-puzzle-allati-puzzle-koala\/p\/#breadcrumb","itemListElement":[{"@type":"ListItem","position":1,"name":"Home","item":"https:\/\/business.roovi.com\/hu\/"},{"@type":"ListItem","position":2,"name":"Shop","item":"https:\/\/business.roovi.com\/hu\/shop\/"},{"@type":"ListItem","position":3,"name":"Feln\u0151tt 1000 darabos puzzle &#8211; \u00c1llati puzzle &#8211; Koala"}]},{"@type":"WebSite","@id":"https:\/\/business.roovi.com\/hu\/#website","url":"https:\/\/business.roovi.com\/hu\/","name":"Roovi B2B","description":"Roovi Business Website","potentialAction":[{"@type":"SearchAction","target":{"@type":"EntryPoint","urlTemplate":"https:\/\/business.roovi.com\/hu\/?s={search_term_string}"},"query-input":"required name=search_term_string"}],"inLanguage":"hu"}]}},"_links":{"self":[{"href":"https:\/\/business.roovi.com\/hu\/wp-json\/wp\/v2\/product\/39117","targetHints":{"allow":["GET"]}}],"collection":[{"href":"https:\/\/business.roovi.com\/hu\/wp-json\/wp\/v2\/product"}],"about":[{"href":"https:\/\/business.roovi.com\/hu\/wp-json\/wp\/v2\/types\/product"}],"version-history":[{"count":0,"href":"https:\/\/business.roovi.com\/hu\/wp-json\/wp\/v2\/product\/39117\/revisions"}],"wp:featuredmedia":[{"embeddable":true,"href":"https:\/\/business.roovi.com\/hu\/wp-json\/wp\/v2\/media\/48716"}],"wp:attachment":[{"href":"https:\/\/business.roovi.com\/hu\/wp-json\/wp\/v2\/media?parent=39117"}],"wp:term":[{"taxonomy":"product_brand","embeddable":true,"href":"https:\/\/business.roovi.com\/hu\/wp-json\/wp\/v2\/product_brand?post=39117"},{"taxonomy":"product_cat","embeddable":true,"href":"https:\/\/business.roovi.com\/hu\/wp-json\/wp\/v2\/product_cat?post=39117"},{"taxonomy":"product_tag","embeddable":true,"href":"https:\/\/business.roovi.com\/hu\/wp-json\/wp\/v2\/product_tag?post=39117"}],"curies":[{"name":"wp","href":"https:\/\/api.w.org\/{rel}","templated":true}]}}