{"id":39139,"date":"2020-04-22T14:17:48","date_gmt":"2020-04-22T14:17:48","guid":{"rendered":"https:\/\/business.roovi.com\/puzzle-adulti-1000-piese-groos-zselyke-cleopatra\/p\/"},"modified":"2022-07-06T12:19:12","modified_gmt":"2022-07-06T12:19:12","slug":"groos-zselyke-1000-darabos-felnott-puzzle-kleopatra","status":"publish","type":"product","link":"https:\/\/business.roovi.com\/hu\/groos-zselyke-1000-darabos-felnott-puzzle-kleopatra\/p\/","title":{"rendered":"Groos Zselyke 1000 darabos feln\u0151tt puzzle &#8211; Kleop\u00e1tra"},"content":{"rendered":"<p><span style=\"font-weight: 400\">1000 darabos puzzle teszi az elm\u00e9det dolgozni! V\u00e1lasszon egyedi mint\u00e1kat a mes\u00e9sen megtervezett feln\u0151tt rejtv\u00e9nyek legnagyobb v\u00e1laszt\u00e9k\u00e1b\u00f3l, \u00e9s eddze az agy\u00e1t minden nap.<\/span><\/p>\n<p><span style=\"font-weight: 400\">Az 1000 darabos Kleop\u00e1tra puzzle a h\u00edres egyiptomi kir\u00e1lyn\u0151t \u00e1br\u00e1zolja Groos Zselyke m\u0171v\u00e9sz mes\u00e9s illusztr\u00e1ci\u00f3j\u00e1n. Az egyiptomi \u00f3korra jellemz\u0151 rengeteg, \u00e9l\u00e9nk sz\u00ednekben pomp\u00e1z\u00f3 r\u00e9szlet pr\u00f3b\u00e1ra teszi a kitart\u00e1st \u00e9s a r\u00e9szletekre val\u00f3 odafigyel\u00e9st.<\/span><\/p>\n<p><span style=\"font-weight: 400\">Kleop\u00e1tra f\u00e1ra\u00f3 \u00e9s kir\u00e1lyn\u0151 \u00e9vsz\u00e1zadokon \u00e1t inspir\u00e1lta a fest\u0151ket, zen\u00e9szeket, \u00edr\u00f3kat \u00e9s filmeseket. Kleop\u00e1tra, aki k\u00fcl\u00f6n\u00f6sen sz\u00e9ps\u00e9g\u00e9r\u0151l \u00e9s Julius Caesarral \u00e9s Marcus Antoniusszal folytatott szerelmi viszonyair\u00f3l volt h\u00edres, kor\u00e1nak kiv\u00e1l\u00f3 politikusa \u00e9s befoly\u00e1sos vezet\u0151je volt.<\/span><\/p>\n<p><span style=\"font-weight: 400\">Ezt a csod\u00e1latos kirak\u00f3s j\u00e1t\u00e9kot a tin\u00e9dzser l\u00e1nyoddal egy\u00fctt rakhatod \u00f6ssze. T\u00f6bbet adsz neki, mint egy kirak\u00f3s j\u00e1t\u00e9kot: egy leny\u0171g\u00f6z\u0151 t\u00f6rt\u00e9netet egy er\u0151s \u00e9s elsz\u00e1nt n\u0151r\u0151l, akinek a neve ma is \u00e9l.<\/span><\/p>\n<p><span style=\"font-weight: 400\">Egy k\u00f6z\u00f6ns\u00e9ges doh\u00e1nyz\u00f3asztalt is haszn\u00e1lhatsz a k\u00e9p \u00fajraalkot\u00e1s\u00e1hoz. Az \u00edgy k\u00e9sz\u00fclt festm\u00e9ny m\u00e9rete 50 x 70 cm. Bekeretezheti, \u00e9s leny\u0171g\u00f6z\u0151en fog kin\u00e9zni a l\u00e1nya szob\u00e1j\u00e1ban.<\/span><\/p>\n<p><span style=\"font-weight: 400\">Jellemz\u0151k 1000 darabos puzzle Kleop\u00e1tra:<\/span><\/p>\n<p><strong>Puzzle anyag <\/strong><\/p>\n<p><strong>kiv\u00e1l\u00f3 min\u0151s\u00e9g\u0171 k\u00e9k karton<\/strong><\/p>\n<p><strong>fenntarthat\u00f3, \u00fajrahasznos\u00edthat\u00f3 anyagok<\/strong><\/p>\n<p><strong>f\u00e9lf\u00e9nyes kivitel, \u00e9l\u00e9nk sz\u00ednek<\/strong><\/p>\n<p><strong>A kirak\u00f3s darabok sz\u00e1ma: 1000<\/strong><\/p>\n<p><strong>Aj\u00e1nlott \u00e9letkor: 14+<\/strong><\/p>\n<p><strong>5 ok, ami\u00e9rt az 1000 darabos puzzle Cleopatra-t v\u00e1lassza<\/strong><\/p>\n<p><span style=\"font-weight: 400\">1. T\u00f6lts\u00f6n min\u0151s\u00e9gi id\u0151t gyermekeivel, \u00e9s k\u00e9sz\u00edtsenek egy\u00fctt egy k\u00fcl\u00f6nleges k\u00e9pet.<\/span><\/p>\n<p><span style=\"font-weight: 400\">2. Laz\u00edtson, \u00e9s kapcsolja ki a mobiltelefonj\u00e1t.<\/span><\/p>\n<p><span style=\"font-weight: 400\">3. Lehet\u0151s\u00e9ged van arra, hogy fejleszd az \u00fajrateremt\u00e9si kirak\u00f3s k\u00e9szs\u00e9geidet.<\/span><\/p>\n<p><span style=\"font-weight: 400\">4. Fejl\u0151dik a sz\u00edn\u00e9rz\u00e9ked.<\/span><\/p>\n<p><span style=\"font-weight: 400\">5. Edzi a mem\u00f3ri\u00e1j\u00e1t \u00e9s a r\u00e9szletekre val\u00f3 odafigyel\u00e9s\u00e9t.<\/span><\/p>\n<p><strong>N\u00e9h\u00e1ny \u00faj inform\u00e1ci\u00f3 Kleop\u00e1tr\u00e1r\u00f3l<\/strong><\/p>\n<p><span style=\"font-weight: 400\">Egyiptomban sz\u00fcletett, de nem volt egyiptomi. A Ptolemaiosz-dinasztia, egy g\u00f6r\u00f6g maked\u00f3n kir\u00e1lyi csal\u00e1d lesz\u00e1rmazottja volt.<\/span><\/p>\n<p><span style=\"font-weight: 400\">Intelligens n\u0151 volt, matematik\u00e1t, k\u00e9mi\u00e1t \u00e9s filoz\u00f3fi\u00e1t tanult. \u00c1ll\u00edt\u00f3lag 7 nyelven besz\u00e9lt, k\u00f6zt\u00fck g\u00f6r\u00f6g\u00fcl, arabul \u00e9s h\u00e9ber\u00fcl.<\/span><\/p>\n<p><span style=\"font-weight: 400\">B\u00e1r Kleop\u00e1tra sz\u00e9ps\u00e9g\u00e9t a k\u00e9peken \u00e9s a filmekben idealiz\u00e1lj\u00e1k, az \u00f3kori t\u00f6rt\u00e9n\u00e9szek azt \u00e1ll\u00edtj\u00e1k, hogy erre nincs bizony\u00edt\u00e9k.<\/span><\/p>\n<p><span style=\"font-weight: 400\">De ez nem jelenti azt, hogy k\u00f6z\u00f6ns\u00e9ges n\u0151nek tartotta mag\u00e1t, \u00e9pp ellenkez\u0151leg. Luxus \u00e9s b\u0151s\u00e9g vette k\u00f6r\u00fcl mag\u00e1t, \u00e9s \u00fagy \u00f6lt\u00f6z\u00f6tt, mint \u00cdzisz istenn\u0151 a k\u00fcl\u00f6nb\u00f6z\u0151 szertart\u00e1sok alkalm\u00e1val <\/span><\/p>\n<p><span style=\"font-weight: 400\">Hal\u00e1l\u00e1t m\u00e9g mindig rejt\u00e9ly \u00f6vezi. Egyesek szerint egy vipera harap\u00e1s\u00e1val lett \u00f6ngyilkos, m\u00e1sok szerint Octavianus megm\u00e9rgezte a vizet, amit ivott, vagy karddal \u00f6lte meg.<\/span><\/p>\n<p><strong>A puzzle j\u00e1t\u00e9kok meditat\u00edv \u00e9lm\u00e9nyt ny\u00fajtanak<\/strong><\/p>\n<p><span style=\"font-weight: 400\">A kirak\u00f3s j\u00e1t\u00e9k sor\u00e1n tapasztalt intenz\u00edv koncentr\u00e1ci\u00f3 egyens\u00falyt teremt az agy k\u00e9t f\u00e9ltek\u00e9je k\u00f6z\u00f6tt. Ez a szinergia seg\u00edt a tudatoss\u00e1g magasabb szintj\u00e9nek el\u00e9r\u00e9s\u00e9ben. K\u00e9pes vagy intenz\u00edven a jelen pillanatban \u00e9lni, \u00e9s \u00e9lvezni a pihen\u00e9s csod\u00e1latos pillanatait.<\/span><\/p>\n<p><span style=\"font-weight: 400\">Ez az \u00e9lm\u00e9ny hasonl\u00edt a medit\u00e1ci\u00f3hoz, \u00e9s a j\u00f3t\u00e9kony hat\u00e1sok r\u00f6vid id\u0151n bel\u00fcl jelentkeznek:<\/span><\/p>\n<ul>\n<li><span style=\"font-weight: 400\">Megszabadulsz a stresszt\u0151l.<\/span><\/li>\n<li><span style=\"font-weight: 400\">Kezeli a szorong\u00e1s\u00e1t \u00e9s megel\u0151zi a p\u00e1nikrohamokat.<\/span><\/li>\n<li><span style=\"font-weight: 400\">Jav\u00edtja a hangulat\u00e1t <\/span><\/li>\n<li><span style=\"font-weight: 400\">\u00d6n optimist\u00e1bb \u00e9s nyugodtabb.<\/span><\/li>\n<\/ul>\n<p><span style=\"font-weight: 400\">V\u00e1lassza az 1000 darabos Kleop\u00e1tra puzzle-t Groos Zselyke m\u0171v\u00e9sz egyedi tervez\u00e9s\u00e9ben, \u00e9s \u00e9lvezze a kirak\u00f3s j\u00e1t\u00e9k minden el\u0151ny\u00e9t. V\u00e1s\u00e1rolja meg ezt a csod\u00e1latos feln\u0151tt puzzle-t mag\u00e1nak, vagy aj\u00e1nd\u00e9kozza meg bar\u00e1tainak \u00fcnnepekre vagy sz\u00fclet\u00e9snapokra.<\/span><\/p><\/p>\n","protected":false},"excerpt":{"rendered":"<p>1000 darabos puzzle teszi az elm\u00e9det dolgozni! V\u00e1lasszon egyedi mint\u00e1kat a mes\u00e9sen megtervezett feln\u0151tt rejtv\u00e9nyek legnagyobb v\u00e1laszt\u00e9k\u00e1b\u00f3l, \u00e9s eddze az<\/p>\n","protected":false},"featured_media":48776,"template":"","meta":[],"product_brand":[],"product_cat":[1920,1919,1881],"product_tag":[],"class_list":{"0":"post-39139","1":"product","2":"type-product","3":"status-publish","4":"has-post-thumbnail","6":"product_cat-1000-darabos-kirakos-jatek","7":"product_cat-felnott-kirakos-jatekok","8":"product_cat-kirakos-jatekok","9":"pa_brand-deico-hu","10":"pa_country_of_manufacture-ro-hu","11":"pa_filter_age-14-hu","12":"pa_tip_ambalaj-doboz","13":"pa_tip_puzzle-klasszikus","15":"first","16":"instock","17":"taxable","18":"shipping-taxable","19":"product-type-simple"},"yoast_head":"<!-- This site is optimized with the Yoast SEO plugin v20.1 - https:\/\/yoast.com\/wordpress\/plugins\/seo\/ -->\n<title>Groos Zselyke 1000 darabos feln\u0151tt puzzle - Kleop\u00e1tra<\/title>\n<meta name=\"description\" content=\"Groos Zselyke 1000 darabos feln\u0151tt puzzle - Kleop\u00e1tra\" \/>\n<meta name=\"robots\" content=\"index, follow, max-snippet:-1, max-image-preview:large, max-video-preview:-1\" \/>\n<link rel=\"canonical\" href=\"https:\/\/business.roovi.com\/hu\/groos-zselyke-1000-darabos-felnott-puzzle-kleopatra\/p\/\" \/>\n<meta property=\"og:locale\" content=\"hu_HU\" \/>\n<meta property=\"og:type\" content=\"article\" \/>\n<meta property=\"og:title\" content=\"Groos Zselyke 1000 darabos feln\u0151tt puzzle - Kleop\u00e1tra\" \/>\n<meta property=\"og:description\" content=\"Groos Zselyke 1000 darabos feln\u0151tt puzzle - Kleop\u00e1tra\" \/>\n<meta property=\"og:url\" content=\"https:\/\/business.roovi.com\/hu\/groos-zselyke-1000-darabos-felnott-puzzle-kleopatra\/p\/\" \/>\n<meta property=\"og:site_name\" content=\"Roovi B2B\" \/>\n<meta property=\"article:publisher\" content=\"https:\/\/www.facebook.com\/wwwjucariero\" \/>\n<meta property=\"article:modified_time\" content=\"2022-07-06T12:19:12+00:00\" \/>\n<meta property=\"og:image\" content=\"https:\/\/business.roovi.com\/wp-content\/uploads\/2020\/04\/p1000_zelyke-kleopatra_copy.jpg\" \/>\n\t<meta property=\"og:image:width\" content=\"1200\" \/>\n\t<meta property=\"og:image:height\" content=\"1200\" \/>\n\t<meta property=\"og:image:type\" content=\"image\/jpeg\" \/>\n<meta name=\"twitter:label1\" content=\"Becs\u00fclt olvas\u00e1si id\u0151\" \/>\n\t<meta name=\"twitter:data1\" content=\"3 perc\" \/>\n<script type=\"application\/ld+json\" class=\"yoast-schema-graph\">{\"@context\":\"https:\/\/schema.org\",\"@graph\":[{\"@type\":\"WebPage\",\"@id\":\"https:\/\/business.roovi.com\/hu\/groos-zselyke-1000-darabos-felnott-puzzle-kleopatra\/p\/\",\"url\":\"https:\/\/business.roovi.com\/hu\/groos-zselyke-1000-darabos-felnott-puzzle-kleopatra\/p\/\",\"name\":\"Groos Zselyke 1000 darabos feln\u0151tt puzzle - Kleop\u00e1tra\",\"isPartOf\":{\"@id\":\"https:\/\/business.roovi.com\/hu\/#website\"},\"datePublished\":\"2020-04-22T14:17:48+00:00\",\"dateModified\":\"2022-07-06T12:19:12+00:00\",\"description\":\"Groos Zselyke 1000 darabos feln\u0151tt puzzle - Kleop\u00e1tra\",\"breadcrumb\":{\"@id\":\"https:\/\/business.roovi.com\/hu\/groos-zselyke-1000-darabos-felnott-puzzle-kleopatra\/p\/#breadcrumb\"},\"inLanguage\":\"hu\",\"potentialAction\":[{\"@type\":\"ReadAction\",\"target\":[\"https:\/\/business.roovi.com\/hu\/groos-zselyke-1000-darabos-felnott-puzzle-kleopatra\/p\/\"]}]},{\"@type\":\"BreadcrumbList\",\"@id\":\"https:\/\/business.roovi.com\/hu\/groos-zselyke-1000-darabos-felnott-puzzle-kleopatra\/p\/#breadcrumb\",\"itemListElement\":[{\"@type\":\"ListItem\",\"position\":1,\"name\":\"Home\",\"item\":\"https:\/\/business.roovi.com\/hu\/\"},{\"@type\":\"ListItem\",\"position\":2,\"name\":\"Shop\",\"item\":\"https:\/\/business.roovi.com\/hu\/shop\/\"},{\"@type\":\"ListItem\",\"position\":3,\"name\":\"Groos Zselyke 1000 darabos feln\u0151tt puzzle &#8211; Kleop\u00e1tra\"}]},{\"@type\":\"WebSite\",\"@id\":\"https:\/\/business.roovi.com\/hu\/#website\",\"url\":\"https:\/\/business.roovi.com\/hu\/\",\"name\":\"Roovi B2B\",\"description\":\"Roovi Business Website\",\"potentialAction\":[{\"@type\":\"SearchAction\",\"target\":{\"@type\":\"EntryPoint\",\"urlTemplate\":\"https:\/\/business.roovi.com\/hu\/?s={search_term_string}\"},\"query-input\":\"required name=search_term_string\"}],\"inLanguage\":\"hu\"}]}<\/script>\n<!-- \/ Yoast SEO plugin. -->","yoast_head_json":{"title":"Groos Zselyke 1000 darabos feln\u0151tt puzzle - Kleop\u00e1tra","description":"Groos Zselyke 1000 darabos feln\u0151tt puzzle - Kleop\u00e1tra","robots":{"index":"index","follow":"follow","max-snippet":"max-snippet:-1","max-image-preview":"max-image-preview:large","max-video-preview":"max-video-preview:-1"},"canonical":"https:\/\/business.roovi.com\/hu\/groos-zselyke-1000-darabos-felnott-puzzle-kleopatra\/p\/","og_locale":"hu_HU","og_type":"article","og_title":"Groos Zselyke 1000 darabos feln\u0151tt puzzle - Kleop\u00e1tra","og_description":"Groos Zselyke 1000 darabos feln\u0151tt puzzle - Kleop\u00e1tra","og_url":"https:\/\/business.roovi.com\/hu\/groos-zselyke-1000-darabos-felnott-puzzle-kleopatra\/p\/","og_site_name":"Roovi B2B","article_publisher":"https:\/\/www.facebook.com\/wwwjucariero","article_modified_time":"2022-07-06T12:19:12+00:00","og_image":[{"width":1200,"height":1200,"url":"https:\/\/business.roovi.com\/wp-content\/uploads\/2020\/04\/p1000_zelyke-kleopatra_copy.jpg","type":"image\/jpeg"}],"twitter_misc":{"Becs\u00fclt olvas\u00e1si id\u0151":"3 perc"},"schema":{"@context":"https:\/\/schema.org","@graph":[{"@type":"WebPage","@id":"https:\/\/business.roovi.com\/hu\/groos-zselyke-1000-darabos-felnott-puzzle-kleopatra\/p\/","url":"https:\/\/business.roovi.com\/hu\/groos-zselyke-1000-darabos-felnott-puzzle-kleopatra\/p\/","name":"Groos Zselyke 1000 darabos feln\u0151tt puzzle - Kleop\u00e1tra","isPartOf":{"@id":"https:\/\/business.roovi.com\/hu\/#website"},"datePublished":"2020-04-22T14:17:48+00:00","dateModified":"2022-07-06T12:19:12+00:00","description":"Groos Zselyke 1000 darabos feln\u0151tt puzzle - Kleop\u00e1tra","breadcrumb":{"@id":"https:\/\/business.roovi.com\/hu\/groos-zselyke-1000-darabos-felnott-puzzle-kleopatra\/p\/#breadcrumb"},"inLanguage":"hu","potentialAction":[{"@type":"ReadAction","target":["https:\/\/business.roovi.com\/hu\/groos-zselyke-1000-darabos-felnott-puzzle-kleopatra\/p\/"]}]},{"@type":"BreadcrumbList","@id":"https:\/\/business.roovi.com\/hu\/groos-zselyke-1000-darabos-felnott-puzzle-kleopatra\/p\/#breadcrumb","itemListElement":[{"@type":"ListItem","position":1,"name":"Home","item":"https:\/\/business.roovi.com\/hu\/"},{"@type":"ListItem","position":2,"name":"Shop","item":"https:\/\/business.roovi.com\/hu\/shop\/"},{"@type":"ListItem","position":3,"name":"Groos Zselyke 1000 darabos feln\u0151tt puzzle &#8211; Kleop\u00e1tra"}]},{"@type":"WebSite","@id":"https:\/\/business.roovi.com\/hu\/#website","url":"https:\/\/business.roovi.com\/hu\/","name":"Roovi B2B","description":"Roovi Business Website","potentialAction":[{"@type":"SearchAction","target":{"@type":"EntryPoint","urlTemplate":"https:\/\/business.roovi.com\/hu\/?s={search_term_string}"},"query-input":"required name=search_term_string"}],"inLanguage":"hu"}]}},"_links":{"self":[{"href":"https:\/\/business.roovi.com\/hu\/wp-json\/wp\/v2\/product\/39139","targetHints":{"allow":["GET"]}}],"collection":[{"href":"https:\/\/business.roovi.com\/hu\/wp-json\/wp\/v2\/product"}],"about":[{"href":"https:\/\/business.roovi.com\/hu\/wp-json\/wp\/v2\/types\/product"}],"version-history":[{"count":0,"href":"https:\/\/business.roovi.com\/hu\/wp-json\/wp\/v2\/product\/39139\/revisions"}],"wp:featuredmedia":[{"embeddable":true,"href":"https:\/\/business.roovi.com\/hu\/wp-json\/wp\/v2\/media\/48776"}],"wp:attachment":[{"href":"https:\/\/business.roovi.com\/hu\/wp-json\/wp\/v2\/media?parent=39139"}],"wp:term":[{"taxonomy":"product_brand","embeddable":true,"href":"https:\/\/business.roovi.com\/hu\/wp-json\/wp\/v2\/product_brand?post=39139"},{"taxonomy":"product_cat","embeddable":true,"href":"https:\/\/business.roovi.com\/hu\/wp-json\/wp\/v2\/product_cat?post=39139"},{"taxonomy":"product_tag","embeddable":true,"href":"https:\/\/business.roovi.com\/hu\/wp-json\/wp\/v2\/product_tag?post=39139"}],"curies":[{"name":"wp","href":"https:\/\/api.w.org\/{rel}","templated":true}]}}