{"id":39143,"date":"2020-04-22T14:08:07","date_gmt":"2020-04-22T14:08:07","guid":{"rendered":"https:\/\/business.roovi.com\/puzzle-adulti-1000-piese-wassily-kandinsky-murnau-burggrabenstrasse\/p\/"},"modified":"2022-07-06T12:19:18","modified_gmt":"2022-07-06T12:19:18","slug":"felnott-1000-darab-wassily-kandinsky-murnau-burggrabenstrasse-kirakos-jatek","status":"publish","type":"product","link":"https:\/\/business.roovi.com\/hu\/felnott-1000-darab-wassily-kandinsky-murnau-burggrabenstrasse-kirakos-jatek\/p\/","title":{"rendered":"Feln\u0151tt 1000 darab Wassily Kandinsky &#8211; Murnau Burggrabenstrasse kirak\u00f3s j\u00e1t\u00e9k"},"content":{"rendered":"<p><span style=\"font-weight: 400\">1000 darabos puzzle h\u00edres festm\u00e9nyek k\u00e9peivel hozza k\u00f6zel hozz\u00e1d a m\u0171v\u00e9szetet! \u00c1ll\u00edts \u00f6ssze elk\u00e9peszt\u0151 m\u0171v\u00e9szeti rejtv\u00e9nyeket, \u00e9s l\u00e9gy te a m\u0171v\u00e9sz, aki remekm\u0171veket alkot.<\/span><\/p>\n<p><span style=\"font-weight: 400\">Ha szereted a vibr\u00e1l\u00f3, sz\u00ednes k\u00e9peket, Wassily Kandinsky &#8211; Murnau Burggrabenstrasse 1000 darabos kirak\u00f3s j\u00e1t\u00e9k\u00e1t<\/span> <span style=\"font-weight: 400\">t\u00f6k\u00e9letes az \u00d6n sz\u00e1m\u00e1ra. A festm\u00e9ny a bajor Alpok l\u00e1b\u00e1n\u00e1l fekv\u0151 Murau falut \u00e1br\u00e1zolja. A m\u0171v\u00e9sz 1909-1914 k\u00f6z\u00f6tt \u00e9lt itt, m\u0171v\u00e9szi fejl\u0151d\u00e9s\u00e9nek meghat\u00e1roz\u00f3 id\u0151szak\u00e1ban.<\/span><\/p>\n<p><span style=\"font-weight: 400\">Kandinszkij a m\u0171v\u00e9szetet a szellemi fejl\u0151d\u00e9s kifejez\u0151d\u00e9sek\u00e9nt k\u00e9pzelte el. Megalkotja ezt a leny\u0171g\u00f6z\u0151 festm\u00e9nyt, \u00e9s felfedezi a dekorat\u00edv jelenet misztikus jelent\u00e9s\u00e9t <\/span><\/p>\n<p><span style=\"font-weight: 400\">A festm\u00e9ny \u00fajraalkot\u00e1s\u00e1hoz egy hagyom\u00e1nyos doh\u00e1nyz\u00f3asztalra van sz\u00fcks\u00e9ged, hogy megtartsa az 1000 puzzle-darabot, valamint t\u00fcrelemre \u00e9s kitart\u00e1sra. Egy 50 x 70 cm-es k\u00e9pet kap, amely bekeretezve leny\u0171g\u00f6z\u0151en fog kin\u00e9zni.<\/span><\/p>\n<p><strong>Mi\u00e9rt v\u00e1lassza a Wassily Kandinsky &#8211; Murnau Burggrabenstrasse m\u0171v\u00e9szeti puzzle-t?<\/strong><\/p>\n<ul>\n<li><span style=\"font-weight: 400\">Min\u0151s\u00e9gi anyagokb\u00f3l, k\u00fcl\u00f6n\u00f6sen pr\u00e9mium min\u0151s\u00e9g\u0171 k\u00e9k kartonb\u00f3l k\u00e9sz\u00fclt.<\/span><\/li>\n<li><span style=\"font-weight: 400\">A csomagol\u00e1s \u00fajrahasznos\u00edthat\u00f3. Szeretj\u00fck a term\u00e9szetet, \u00e9s fenntarthat\u00f3, k\u00f6rnyezetbar\u00e1t anyagokat haszn\u00e1lunk.<\/span><\/li>\n<li><span style=\"font-weight: 400\">Ez egy sz\u00e9p kirak\u00f3s j\u00e1t\u00e9k, \u00e9l\u00e9nk sz\u00ednekben, f\u00e9lf\u00e9nyes kivitelben.<\/span><\/li>\n<li><span style=\"font-weight: 400\">1000 darabb\u00f3l \u00e1ll, \u00e9s az \u00f6sszerak\u00e1s sok \u00f3r\u00e1nyi sz\u00f3rakoz\u00e1st \u00e9s kikapcsol\u00f3d\u00e1st ny\u00fajt.<\/span><\/li>\n<li><span style=\"font-weight: 400\">Ezt 14 \u00e9v felettiek is \u00f6ssze\u00e1ll\u00edthatj\u00e1k, ami m\u00e9g ink\u00e1bb indokolja, hogy a tizen\u00e9veseket is bevonjuk ebbe a tev\u00e9kenys\u00e9gbe, \u00e9s bevezess\u00fck \u0151ket a m\u0171v\u00e9szet vil\u00e1g\u00e1ba <\/span><\/li>\n<\/ul>\n<p><strong>Tudtad, hogy&#8230;<\/strong><span style=\"font-weight: 400\">.<\/span><\/p>\n<p><span style=\"font-weight: 400\">Wassily Kandinszkij orosz fest\u0151, akit az absztrakt m\u0171v\u00e9szet atyj\u00e1nak tartanak.<\/span><\/p>\n<p><span style=\"font-weight: 400\">Munk\u00e1iban a zen\u00e9b\u0151l \u00e9s a sz\u00ednekb\u0151l mer\u00edtett ihletet, \u00e9s m\u0171v\u00e9szi p\u00e1lyafut\u00e1s\u00e1nak els\u0151 \u00e9vtizede ezeknek a fest\u00e9szetben val\u00f3 kifejez\u00e9s\u00e9re \u00f6sszpontos\u00edtott.<\/span><\/p>\n<p><span style=\"font-weight: 400\">M\u0171veinek c\u00edmei k\u00f6z\u00fcl sokan utalnak a zen\u00e9re, mint p\u00e9ld\u00e1ul a Ciklus <\/span><em><span style=\"font-weight: 400\">\u00d6ssze\u00e1ll\u00edt\u00e1sok<\/span><\/em><span style=\"font-weight: 400\"><\/span><\/p>\n<p><span style=\"font-weight: 400\">Sz\u00e1m\u00e1ra a fest\u00e9szet az istentisztelet \u00e9s a szellemi fejl\u0151d\u00e9s egyik form\u00e1ja volt.<\/span><\/p>\n<p><span style=\"font-weight: 400\">A n\u00e1cik elkobozt\u00e1k \u00e9s megsemmis\u00edtett\u00e9k sz\u00e1mos m\u0171v\u00e9t, amelyeket az 1937-es &#8222;Degener\u00e1lt m\u0171v\u00e9szet&#8221; c\u00edm\u0171 ki\u00e1ll\u00edt\u00e1son \u00e1ll\u00edtottak ki.<\/span><\/p>\n<p><span style=\"font-weight: 400\">\u00c9lete v\u00e9ge fel\u00e9 m\u0171vei m\u00e1r nem voltak annyira keresettek. Mag\u00e1nyosan halt meg P\u00e1rizs egy eldugott r\u00e9sz\u00e9n <\/span><\/p>\n<p><strong>5 szuper el\u0151nye a kirak\u00f3s j\u00e1t\u00e9koknak<\/strong><\/p>\n<p><strong>Ez edzi az agyadat <\/strong><span style=\"font-weight: 400\">Az 1000 darabos rejtv\u00e9nyek megold\u00e1sa olyan, mint egy edz\u0151termi edz\u00e9s az agyadnak.<\/span> <span style=\"font-weight: 400\">Mindk\u00e9t agyf\u00e9lteke r\u00e9szt vesz ebben a pihentet\u0151 tev\u00e9kenys\u00e9gben, \u00edgy az edz\u00e9s teljes \u00e9s \u00f6sszetett.<\/span><\/p>\n<p><strong>\u00dajra \u00f6sszek\u00f6t \u00f6nmagaddal.<\/strong><span style=\"font-weight: 400\"> Szeretn\u00e9l \u00f6nvizsg\u00e1latra v\u00e1gy\u00f3 pillanatokat, hogy felfedezd \u00f6nmagad \u00e9s meg\u00e9rtsd bels\u0151 \u00e9rz\u00e9seidet? A kirak\u00f3s j\u00e1t\u00e9kok ebben is seg\u00edtenek. Amikor le\u00fclsz egy 1000 darabos kirak\u00f3s k\u00e9p el\u00e9, az elm\u00e9d elszakad a mindennapi gondokt\u00f3l. Egyed\u00fcl vagy \u00f6nmagaddal, rendet teszel a gondolataidban, \u00e9s \u00e9lvezed a jelen \u00e9lm\u00e9ny\u00e9t.<\/span><\/p>\n<p><strong>Javul a probl\u00e9mamegold\u00f3 k\u00e9szs\u00e9ge.<\/strong><span style=\"font-weight: 400\"> Az \u00e9let eg\u00e9sze olyan, mint egy kirak\u00f3s j\u00e1t\u00e9k, tele kih\u00edv\u00e1sokkal \u00e9s v\u00e1ratlan helyzetekkel. A rejtv\u00e9nyj\u00e1t\u00e9kok egy kis seg\u00edts\u00e9g, hogy felk\u00e9sz\u00fclj a neh\u00e9z helyzetekre. A folyamatos gyakorl\u00e1s jav\u00edtja a k\u00e9pess\u00e9gedet, hogy megtal\u00e1ld a megfelel\u0151 megold\u00e1sokat, m\u00e9g akkor is, ha azt hiszed, hogy nincs megold\u00e1s.<\/span><\/p>\n<p><strong>Seg\u00edt n\u00f6velni a termel\u00e9kenys\u00e9get <\/strong><span style=\"font-weight: 400\">A nyugodt emberek k\u00f6ztudottan produkt\u00edvabbak. Az 1000 darabos kirak\u00f3s j\u00e1t\u00e9k olyan szabadid\u0151s tev\u00e9kenys\u00e9g, amely a kikapcsol\u00f3d\u00e1s pillanatait ny\u00fajtja. Ez seg\u00edt abban, hogy optimist\u00e1v\u00e1 \u00e9s persze produkt\u00edvv\u00e1 v\u00e1ljon.<\/span><\/p>\n<p><strong>K\u00f6zelebb hozza \u00d6nt szeretteihez.<\/strong><span style=\"font-weight: 400\"> Nyugodt csal\u00e1di programot keres? Szeretn\u00e9 t\u00e1vol tartani tizen\u00e9ves gyermekeit a k\u00e9perny\u0151kt\u0151l, \u00e9s szorosabbra f\u0171zni vel\u00fck a kapcsolatot? Az 1000 darabos kirak\u00f3s j\u00e1t\u00e9kkal k\u00f6zelebb ker\u00fclhetsz \u00e9s kapcsolatba ker\u00fclhetsz szeretteiddel. V\u00e1lassza ki k\u00f6z\u00f6sen a k\u00e9peket, amelyeket \u00fajra szeretn\u00e9nek alkotni, \u00e9s \u00e9p\u00edtsen csod\u00e1latos eml\u00e9keket az \u00e9v egyhang\u00fa napjain.<\/span><\/p>\n<p><span style=\"font-weight: 400\">V\u00e1s\u00e1rolja Wassily Kandinsky &#8211; Murnau Burggrabenstrasse 1000 darabos kirak\u00f3j\u00e1t\u00e9kot<\/span> <span style=\"font-weight: 400\">a m\u0171v\u00e9szeti puzzle gy\u0171jtem\u00e9nyb\u0151l, \u00e9s alkosson \u00fajra egy sz\u00ednes absztrakt festm\u00e9nyt. Fedezz fel m\u00e1s kirak\u00f3s j\u00e1t\u00e9kokat a h\u00edres m\u0171v\u00e9sz festm\u00e9nyeinek k\u00e9peivel, \u00e9s \u00e9p\u00edtsd fel a saj\u00e1t leny\u0171g\u00f6z\u0151 m\u0171v\u00e9szeti kirak\u00f3s gy\u0171jtem\u00e9nyedet.<\/span><\/p>\n<p><span style=\"font-weight: 400\">1000 darab Wassily Kandinsky &#8211; Murnau Burggrabenstrasse kirak\u00f3s j\u00e1t\u00e9k<\/span> <span style=\"font-weight: 400\">egy eleg\u00e1ns aj\u00e1nd\u00e9k, amelyet bar\u00e1tai biztosan \u00e9rt\u00e9kelni fognak. Aj\u00e1nd\u00e9kozd az \u00fcnnepekre vagy \u00e9vfordul\u00f3kra, \u00e9s szerezz \u00f6r\u00f6met az ismer\u0151s feln\u0151tt puzzle-rajong\u00f3knak <\/span><\/p>\n<p><\/p>\n","protected":false},"excerpt":{"rendered":"<p>1000 darabos puzzle h\u00edres festm\u00e9nyek k\u00e9peivel hozza k\u00f6zel hozz\u00e1d a m\u0171v\u00e9szetet! \u00c1ll\u00edts \u00f6ssze elk\u00e9peszt\u0151 m\u0171v\u00e9szeti rejtv\u00e9nyeket, \u00e9s l\u00e9gy te a<\/p>\n","protected":false},"featured_media":48774,"template":"","meta":[],"product_brand":[],"product_cat":[1920,1919,1881],"product_tag":[],"class_list":{"0":"post-39143","1":"product","2":"type-product","3":"status-publish","4":"has-post-thumbnail","6":"product_cat-1000-darabos-kirakos-jatek","7":"product_cat-felnott-kirakos-jatekok","8":"product_cat-kirakos-jatekok","9":"pa_brand-deico-hu","10":"pa_country_of_manufacture-ro-hu","11":"pa_filter_age-14-hu","12":"pa_tip_ambalaj-doboz","13":"pa_tip_puzzle-klasszikus","15":"first","16":"instock","17":"taxable","18":"shipping-taxable","19":"product-type-simple"},"yoast_head":"<!-- This site is optimized with the Yoast SEO plugin v20.1 - https:\/\/yoast.com\/wordpress\/plugins\/seo\/ -->\n<title>Feln\u0151tt 1000 darab Wassily Kandinsky - Murnau Burggrabenstrasse kirak\u00f3s j\u00e1t\u00e9k<\/title>\n<meta name=\"description\" content=\"Feln\u0151tt 1000 darab Wassily Kandinsky - Murnau Burggrabenstrasse kirak\u00f3s j\u00e1t\u00e9k\" \/>\n<meta name=\"robots\" content=\"index, follow, max-snippet:-1, max-image-preview:large, max-video-preview:-1\" \/>\n<link rel=\"canonical\" href=\"https:\/\/business.roovi.com\/hu\/felnott-1000-darab-wassily-kandinsky-murnau-burggrabenstrasse-kirakos-jatek\/p\/\" \/>\n<meta property=\"og:locale\" content=\"hu_HU\" \/>\n<meta property=\"og:type\" content=\"article\" \/>\n<meta property=\"og:title\" content=\"Feln\u0151tt 1000 darab Wassily Kandinsky - Murnau Burggrabenstrasse kirak\u00f3s j\u00e1t\u00e9k\" \/>\n<meta property=\"og:description\" content=\"Feln\u0151tt 1000 darab Wassily Kandinsky - Murnau Burggrabenstrasse kirak\u00f3s j\u00e1t\u00e9k\" \/>\n<meta property=\"og:url\" content=\"https:\/\/business.roovi.com\/hu\/felnott-1000-darab-wassily-kandinsky-murnau-burggrabenstrasse-kirakos-jatek\/p\/\" \/>\n<meta property=\"og:site_name\" content=\"Roovi B2B\" \/>\n<meta property=\"article:publisher\" content=\"https:\/\/www.facebook.com\/wwwjucariero\" \/>\n<meta property=\"article:modified_time\" content=\"2022-07-06T12:19:18+00:00\" \/>\n<meta property=\"og:image\" content=\"https:\/\/business.roovi.com\/wp-content\/uploads\/2020\/04\/wassily_kandinsky-murnau_burggrabenstrasse_copy.jpg\" \/>\n\t<meta property=\"og:image:width\" content=\"1200\" \/>\n\t<meta property=\"og:image:height\" content=\"1200\" \/>\n\t<meta property=\"og:image:type\" content=\"image\/jpeg\" \/>\n<meta name=\"twitter:label1\" content=\"Becs\u00fclt olvas\u00e1si id\u0151\" \/>\n\t<meta name=\"twitter:data1\" content=\"4 perc\" \/>\n<script type=\"application\/ld+json\" class=\"yoast-schema-graph\">{\"@context\":\"https:\/\/schema.org\",\"@graph\":[{\"@type\":\"WebPage\",\"@id\":\"https:\/\/business.roovi.com\/hu\/felnott-1000-darab-wassily-kandinsky-murnau-burggrabenstrasse-kirakos-jatek\/p\/\",\"url\":\"https:\/\/business.roovi.com\/hu\/felnott-1000-darab-wassily-kandinsky-murnau-burggrabenstrasse-kirakos-jatek\/p\/\",\"name\":\"Feln\u0151tt 1000 darab Wassily Kandinsky - Murnau Burggrabenstrasse kirak\u00f3s j\u00e1t\u00e9k\",\"isPartOf\":{\"@id\":\"https:\/\/business.roovi.com\/hu\/#website\"},\"datePublished\":\"2020-04-22T14:08:07+00:00\",\"dateModified\":\"2022-07-06T12:19:18+00:00\",\"description\":\"Feln\u0151tt 1000 darab Wassily Kandinsky - Murnau Burggrabenstrasse kirak\u00f3s j\u00e1t\u00e9k\",\"breadcrumb\":{\"@id\":\"https:\/\/business.roovi.com\/hu\/felnott-1000-darab-wassily-kandinsky-murnau-burggrabenstrasse-kirakos-jatek\/p\/#breadcrumb\"},\"inLanguage\":\"hu\",\"potentialAction\":[{\"@type\":\"ReadAction\",\"target\":[\"https:\/\/business.roovi.com\/hu\/felnott-1000-darab-wassily-kandinsky-murnau-burggrabenstrasse-kirakos-jatek\/p\/\"]}]},{\"@type\":\"BreadcrumbList\",\"@id\":\"https:\/\/business.roovi.com\/hu\/felnott-1000-darab-wassily-kandinsky-murnau-burggrabenstrasse-kirakos-jatek\/p\/#breadcrumb\",\"itemListElement\":[{\"@type\":\"ListItem\",\"position\":1,\"name\":\"Home\",\"item\":\"https:\/\/business.roovi.com\/hu\/\"},{\"@type\":\"ListItem\",\"position\":2,\"name\":\"Shop\",\"item\":\"https:\/\/business.roovi.com\/hu\/shop\/\"},{\"@type\":\"ListItem\",\"position\":3,\"name\":\"Feln\u0151tt 1000 darab Wassily Kandinsky &#8211; Murnau Burggrabenstrasse kirak\u00f3s j\u00e1t\u00e9k\"}]},{\"@type\":\"WebSite\",\"@id\":\"https:\/\/business.roovi.com\/hu\/#website\",\"url\":\"https:\/\/business.roovi.com\/hu\/\",\"name\":\"Roovi B2B\",\"description\":\"Roovi Business Website\",\"potentialAction\":[{\"@type\":\"SearchAction\",\"target\":{\"@type\":\"EntryPoint\",\"urlTemplate\":\"https:\/\/business.roovi.com\/hu\/?s={search_term_string}\"},\"query-input\":\"required name=search_term_string\"}],\"inLanguage\":\"hu\"}]}<\/script>\n<!-- \/ Yoast SEO plugin. -->","yoast_head_json":{"title":"Feln\u0151tt 1000 darab Wassily Kandinsky - Murnau Burggrabenstrasse kirak\u00f3s j\u00e1t\u00e9k","description":"Feln\u0151tt 1000 darab Wassily Kandinsky - Murnau Burggrabenstrasse kirak\u00f3s j\u00e1t\u00e9k","robots":{"index":"index","follow":"follow","max-snippet":"max-snippet:-1","max-image-preview":"max-image-preview:large","max-video-preview":"max-video-preview:-1"},"canonical":"https:\/\/business.roovi.com\/hu\/felnott-1000-darab-wassily-kandinsky-murnau-burggrabenstrasse-kirakos-jatek\/p\/","og_locale":"hu_HU","og_type":"article","og_title":"Feln\u0151tt 1000 darab Wassily Kandinsky - Murnau Burggrabenstrasse kirak\u00f3s j\u00e1t\u00e9k","og_description":"Feln\u0151tt 1000 darab Wassily Kandinsky - Murnau Burggrabenstrasse kirak\u00f3s j\u00e1t\u00e9k","og_url":"https:\/\/business.roovi.com\/hu\/felnott-1000-darab-wassily-kandinsky-murnau-burggrabenstrasse-kirakos-jatek\/p\/","og_site_name":"Roovi B2B","article_publisher":"https:\/\/www.facebook.com\/wwwjucariero","article_modified_time":"2022-07-06T12:19:18+00:00","og_image":[{"width":1200,"height":1200,"url":"https:\/\/business.roovi.com\/wp-content\/uploads\/2020\/04\/wassily_kandinsky-murnau_burggrabenstrasse_copy.jpg","type":"image\/jpeg"}],"twitter_misc":{"Becs\u00fclt olvas\u00e1si id\u0151":"4 perc"},"schema":{"@context":"https:\/\/schema.org","@graph":[{"@type":"WebPage","@id":"https:\/\/business.roovi.com\/hu\/felnott-1000-darab-wassily-kandinsky-murnau-burggrabenstrasse-kirakos-jatek\/p\/","url":"https:\/\/business.roovi.com\/hu\/felnott-1000-darab-wassily-kandinsky-murnau-burggrabenstrasse-kirakos-jatek\/p\/","name":"Feln\u0151tt 1000 darab Wassily Kandinsky - Murnau Burggrabenstrasse kirak\u00f3s j\u00e1t\u00e9k","isPartOf":{"@id":"https:\/\/business.roovi.com\/hu\/#website"},"datePublished":"2020-04-22T14:08:07+00:00","dateModified":"2022-07-06T12:19:18+00:00","description":"Feln\u0151tt 1000 darab Wassily Kandinsky - Murnau Burggrabenstrasse kirak\u00f3s j\u00e1t\u00e9k","breadcrumb":{"@id":"https:\/\/business.roovi.com\/hu\/felnott-1000-darab-wassily-kandinsky-murnau-burggrabenstrasse-kirakos-jatek\/p\/#breadcrumb"},"inLanguage":"hu","potentialAction":[{"@type":"ReadAction","target":["https:\/\/business.roovi.com\/hu\/felnott-1000-darab-wassily-kandinsky-murnau-burggrabenstrasse-kirakos-jatek\/p\/"]}]},{"@type":"BreadcrumbList","@id":"https:\/\/business.roovi.com\/hu\/felnott-1000-darab-wassily-kandinsky-murnau-burggrabenstrasse-kirakos-jatek\/p\/#breadcrumb","itemListElement":[{"@type":"ListItem","position":1,"name":"Home","item":"https:\/\/business.roovi.com\/hu\/"},{"@type":"ListItem","position":2,"name":"Shop","item":"https:\/\/business.roovi.com\/hu\/shop\/"},{"@type":"ListItem","position":3,"name":"Feln\u0151tt 1000 darab Wassily Kandinsky &#8211; Murnau Burggrabenstrasse kirak\u00f3s j\u00e1t\u00e9k"}]},{"@type":"WebSite","@id":"https:\/\/business.roovi.com\/hu\/#website","url":"https:\/\/business.roovi.com\/hu\/","name":"Roovi B2B","description":"Roovi Business Website","potentialAction":[{"@type":"SearchAction","target":{"@type":"EntryPoint","urlTemplate":"https:\/\/business.roovi.com\/hu\/?s={search_term_string}"},"query-input":"required name=search_term_string"}],"inLanguage":"hu"}]}},"_links":{"self":[{"href":"https:\/\/business.roovi.com\/hu\/wp-json\/wp\/v2\/product\/39143","targetHints":{"allow":["GET"]}}],"collection":[{"href":"https:\/\/business.roovi.com\/hu\/wp-json\/wp\/v2\/product"}],"about":[{"href":"https:\/\/business.roovi.com\/hu\/wp-json\/wp\/v2\/types\/product"}],"version-history":[{"count":0,"href":"https:\/\/business.roovi.com\/hu\/wp-json\/wp\/v2\/product\/39143\/revisions"}],"wp:featuredmedia":[{"embeddable":true,"href":"https:\/\/business.roovi.com\/hu\/wp-json\/wp\/v2\/media\/48774"}],"wp:attachment":[{"href":"https:\/\/business.roovi.com\/hu\/wp-json\/wp\/v2\/media?parent=39143"}],"wp:term":[{"taxonomy":"product_brand","embeddable":true,"href":"https:\/\/business.roovi.com\/hu\/wp-json\/wp\/v2\/product_brand?post=39143"},{"taxonomy":"product_cat","embeddable":true,"href":"https:\/\/business.roovi.com\/hu\/wp-json\/wp\/v2\/product_cat?post=39143"},{"taxonomy":"product_tag","embeddable":true,"href":"https:\/\/business.roovi.com\/hu\/wp-json\/wp\/v2\/product_tag?post=39143"}],"curies":[{"name":"wp","href":"https:\/\/api.w.org\/{rel}","templated":true}]}}