{"id":39147,"date":"2020-04-22T14:05:39","date_gmt":"2020-04-22T14:05:39","guid":{"rendered":"https:\/\/business.roovi.com\/puzzle-adulti-1000-piese-egon-schiele-house-wall-on-the-river\/p\/"},"modified":"2022-07-06T12:19:25","modified_gmt":"2022-07-06T12:19:25","slug":"felnott-puzzle-1000-darab-egon-schiele-hazfal-a-folyoparton","status":"publish","type":"product","link":"https:\/\/business.roovi.com\/hu\/felnott-puzzle-1000-darab-egon-schiele-hazfal-a-folyoparton\/p\/","title":{"rendered":"Feln\u0151tt puzzle 1000 darab Egon Schiele &#8211; H\u00e1zfal a foly\u00f3parton"},"content":{"rendered":"<p><span style=\"font-weight: 400\">Csod\u00e1latos dolog a vil\u00e1g h\u00edres festm\u00e9nyeit n\u00e9zegetni a gal\u00e9ri\u00e1kban, de mi lenne, ha k\u00f6zelr\u0151l csod\u00e1lhatn\u00e1nk meg a festm\u00e9nyek legapr\u00f3bb r\u00e9szleteit is? A m\u0171v\u00e9szeti rejtv\u00e9nyek legnagyobb v\u00e1laszt\u00e9k\u00e1val \u00d6nnek van erre egyed\u00fcl\u00e1ll\u00f3 lehet\u0151s\u00e9ge. Rakja \u00f6ssze az 1000 darabos puzzle-t, \u00e9s gy\u00f6ny\u00f6rk\u00f6dtesse szem\u00e9t \u00e9s lelk\u00e9t a gy\u00f6ny\u00f6r\u0171 m\u0171v\u00e9szi k\u00e9pekkel.<\/span><\/p>\n<p><span style=\"font-weight: 400\">Az Egon Schiele &#8211; H\u00e1zfal a foly\u00f3n 1000 darabos puzzle t\u00f6k\u00e9letes lehet\u0151s\u00e9g arra, hogy helyet adj a m\u0171v\u00e9szetnek otthonodban. A k\u00e9p egy r\u00e9szletes v\u00e1rosk\u00e9pet \u00e1br\u00e1zol: egy lak\u00f3\u00e9p\u00fclet fala t\u00fckr\u00f6z\u0151dik egy foly\u00f3 viz\u00e9ben <\/span><\/p>\n<p><span style=\"font-weight: 400\">Az Egon Schiele &#8211; H\u00e1zfal a foly\u00f3parton m\u0171v\u00e9szeti puzzle-ben egy bonyolult k\u00e9pet fedezhetsz fel, amely t\u00f6k\u00e9letesen adja vissza a festm\u00e9nyt a barna \u00e9s a v\u00f6r\u00f6s \u00e1rnyalataiban, egy \u00e9l\u00e9nk sz\u00edn\u0171 r\u00e9szlettel: a sz\u00e1rad\u00f3 szennyestart\u00f3 sorral.<\/span><\/p>\n<p><span style=\"font-weight: 400\">\u00dclj\u00f6n le k\u00e9nyelmesen a nappali doh\u00e1nyz\u00f3asztala el\u00e9, \u00e9s kezdjen el l\u00e9trehozni egy leny\u0171g\u00f6z\u0151 impresszionista festm\u00e9nyt. A v\u00e9g\u00e9n egy 50 x 70 cm-es festm\u00e9nyt kapsz, amely pomp\u00e1san mutat majd a keretben.<\/span><\/p>\n<p><span style=\"font-weight: 400\">Olvasson t\u00f6bbet Egon Schiele 1000 darabos kirak\u00f3s j\u00e1t\u00e9k\u00e1r\u00f3l &#8211; H\u00e1zfal a foly\u00f3n al\u00e1bb <\/span><\/p>\n<p><strong>Anyag puzzle <\/strong><\/p>\n<p><strong>kiv\u00e1l\u00f3 min\u0151s\u00e9g\u0171 k\u00e9k karton<\/strong><\/p>\n<p><strong>fenntarthat\u00f3, \u00fajrahasznos\u00edthat\u00f3 anyagok<\/strong><\/p>\n<p><strong>f\u00e9lf\u00e9nyes kivitel, \u00e9l\u00e9nk sz\u00ednek<\/strong><\/p>\n<p><strong>A kirak\u00f3s darabok sz\u00e1ma: 1000<\/strong><\/p>\n<p><strong>Aj\u00e1nlott \u00e9letkor: 14+<\/strong><\/p>\n<p><strong>Puzzle j\u00e1t\u00e9kok: 5 nagyszer\u0171 el\u0151ny<\/strong><\/p>\n<p>1. Seg\u00edt a vasi t\u00fcrelemben<span style=\"font-weight: 400\"> &#8211; T\u00fcrelemmel \u00e9p\u00edtheted fel a k\u00e9pet az 1000 darabos puzzle-ben. \u00c9s t\u00fcrelemmel minden egyes sikeres \u00e9lm\u00e9nyt el\u00e9rsz.<\/span><\/p>\n<p>2. Megtan\u00edt kitart\u00f3nak lenni <span style=\"font-weight: 400\">&#8211; m\u00e9g olyan helyzetekben is, amikor \u00fagy t\u0171nik, hogy nincs megold\u00e1s<\/span>.<\/p>\n<p>3. Fejleszti a logikus gondolkod\u00e1st <span style=\"font-weight: 400\">&#8211; a hasonl\u00f3 1000 puzzle-darab \u00f6sszeilleszt\u00e9s\u00e9vel<\/span>.<\/p>\n<p>4. Elszak\u00edtj\u00e1k \u00d6nt a k\u00e9perny\u0151kt\u0151l<span style=\"font-weight: 400\"> &#8211; \u00e9s sok \u00f3r\u00e1nyi val\u00f3di kikapcsol\u00f3d\u00e1st biztos\u00edtanak<\/span>.<\/p>\n<p>5. Fejleszti a k\u00e9pzel\u0151er\u0151det<span style=\"font-weight: 400\"> &#8211; \u00fagy \u00e9rzed magad, mint egy igazi detekt\u00edv, aki \u00f6sszekapcsolja a megtal\u00e1lt nyomokat, \u00e9s megoldja a rejt\u00e9lyt egy kiv\u00e1l\u00f3 kirak\u00f3s j\u00e1t\u00e9kban<\/span>.<\/p>\n<p><strong>Tudtad, hogy Egon Schiele&#8230;?<\/strong><\/p>\n<p><span style=\"font-weight: 400\">Gustav Klimt p\u00e1rtfogoltja volt, \u00e9s Klimthez hasonl\u00f3an \u0151 is az egyik legh\u00edresebb osztr\u00e1k impresszionista fest\u0151.<\/span><\/p>\n<p><span style=\"font-weight: 400\">B\u00e1r m\u0171v\u00e9szi p\u00e1lyafut\u00e1sa mind\u00f6ssze 10 \u00e9vig tartott, meteorszer\u0171 felemelked\u00e9sen ment kereszt\u00fcl, \u00e9s kor\u00e1nak egyik legelismertebb b\u00e9csi m\u0171v\u00e9sz\u00e9v\u00e9 v\u00e1lt.<\/span><\/p>\n<p><span style=\"font-weight: 400\">Gustav Klimttel \u00e9s Wally Neuzil modellel egy\u00fctt \u00e9lt egy&#8230; szerelmi h\u00e1romsz\u00f6gben <\/span><\/p>\n<p><span style=\"font-weight: 400\">Kiskor\u00faak megront\u00e1s\u00e1nak v\u00e1dj\u00e1val 24 napot t\u00f6lt\u00f6tt b\u00f6rt\u00f6nben. A rend\u0151r\u00f6k az otthon\u00e1ban tal\u00e1lt rajzok k\u00f6z\u00fcl sokat pornogr\u00e1fnak min\u0151s\u00edtettek.<\/span><\/p>\n<p><span style=\"font-weight: 400\">Rengeteg \u00f6narck\u00e9pet k\u00e9sz\u00edtett, k\u00f6zt\u00fck sok aktot.<\/span><\/p>\n<p><span style=\"font-weight: 400\">1918-ban, a spanyoln\u00e1tha j\u00e1rv\u00e1ny idej\u00e9n halt meg. Mind\u00f6ssze 28 \u00e9ves volt.<\/span><\/p>\n<p><strong>Mi\u00e9rt v\u00e1lassza az Egon Schiele m\u0171v\u00e9szeti puzzle &#8211; H\u00e1zfal a foly\u00f3n?<\/strong><\/p>\n<ul>\n<li><span style=\"font-weight: 400\">Saj\u00e1t magad k\u00e9sz\u00edtesz egy m\u0171v\u00e9szi festm\u00e9nyt, amellyel d\u00edsz\u00edtheted otthonodat.<\/span><\/li>\n<li><span style=\"font-weight: 400\">Felfedezhet egy elismert m\u0171v\u00e9szt \u00e9s egy leny\u0171g\u00f6z\u0151 festm\u00e9nyt, amely \u00e9rzelmeket \u00e9s kifinomults\u00e1got k\u00f6zvet\u00edt.<\/span><\/li>\n<li><span style=\"font-weight: 400\">Lehet\u0151s\u00e9ge lesz felfedezni egy h\u00edres festm\u00e9ny legfinomabb r\u00e9szleteit.<\/span><\/li>\n<li><span style=\"font-weight: 400\">Sok \u00f3r\u00e1nyi nyugalmat \u00e9s pihen\u00e9st fog \u00e9lvezni egy m\u0171v\u00e9szeti k\u00e9p el\u0151tt.<\/span><\/li>\n<li><span style=\"font-weight: 400\">Fejleszti a sz\u00edn\u00e9rz\u00e9k\u00e9t.<\/span><\/li>\n<\/ul>\n<p><span style=\"font-weight: 400\">V\u00e1s\u00e1rolja meg az Egon Schiele &#8211; H\u00e1zfal a foly\u00f3n m\u0171v\u00e9szeti puzzle-t, \u00e9s rakja \u00f6ssze a k\u00e9pet ebb\u0151l a csod\u00e1latos 1000 darabos puzzle-b\u0151l bar\u00e1tai t\u00e1rsas\u00e1g\u00e1ban. Ez a csod\u00e1latos kirak\u00f3s j\u00e1t\u00e9k nyugodt hangulatot teremt, \u00e9s seg\u00edt felejthetetlen eml\u00e9keket \u00e9p\u00edteni szeretteiddel.<\/span><\/p>\n<p><span style=\"font-weight: 400\">Szeretn\u00e9l felejthetetlen meglepet\u00e9st k\u00e9sz\u00edteni feln\u0151tt puzzle-rajong\u00f3 bar\u00e1taidnak? Aj\u00e1nd\u00e9kozd nekik az Egon Schiele &#8211; H\u00e1zfal a foly\u00f3n 1000 darabos puzzle-t.<\/span><\/p><\/p>\n","protected":false},"excerpt":{"rendered":"<p>Csod\u00e1latos dolog a vil\u00e1g h\u00edres festm\u00e9nyeit n\u00e9zegetni a gal\u00e9ri\u00e1kban, de mi lenne, ha k\u00f6zelr\u0151l csod\u00e1lhatn\u00e1nk meg a festm\u00e9nyek legapr\u00f3bb r\u00e9szleteit<\/p>\n","protected":false},"featured_media":64173,"template":"","meta":[],"product_brand":[],"product_cat":[1920,1919,1881],"product_tag":[],"class_list":{"0":"post-39147","1":"product","2":"type-product","3":"status-publish","4":"has-post-thumbnail","6":"product_cat-1000-darabos-kirakos-jatek","7":"product_cat-felnott-kirakos-jatekok","8":"product_cat-kirakos-jatekok","9":"pa_brand-deico-hu","10":"pa_country_of_manufacture-ro-hu","11":"pa_filter_age-14-hu","12":"pa_tip_ambalaj-doboz","13":"pa_tip_puzzle-klasszikus","15":"first","16":"instock","17":"taxable","18":"shipping-taxable","19":"product-type-simple"},"yoast_head":"<!-- This site is optimized with the Yoast SEO plugin v20.1 - https:\/\/yoast.com\/wordpress\/plugins\/seo\/ -->\n<title>Feln\u0151tt puzzle 1000 darab Egon Schiele - H\u00e1zfal a foly\u00f3parton<\/title>\n<meta name=\"description\" content=\"Feln\u0151tt puzzle 1000 darab Egon Schiele - H\u00e1zfal a foly\u00f3parton\" \/>\n<meta name=\"robots\" content=\"index, follow, max-snippet:-1, max-image-preview:large, max-video-preview:-1\" \/>\n<link rel=\"canonical\" href=\"https:\/\/business.roovi.com\/hu\/felnott-puzzle-1000-darab-egon-schiele-hazfal-a-folyoparton\/p\/\" \/>\n<meta property=\"og:locale\" content=\"hu_HU\" \/>\n<meta property=\"og:type\" content=\"article\" \/>\n<meta property=\"og:title\" content=\"Feln\u0151tt puzzle 1000 darab Egon Schiele - H\u00e1zfal a foly\u00f3parton\" \/>\n<meta property=\"og:description\" content=\"Feln\u0151tt puzzle 1000 darab Egon Schiele - H\u00e1zfal a foly\u00f3parton\" \/>\n<meta property=\"og:url\" content=\"https:\/\/business.roovi.com\/hu\/felnott-puzzle-1000-darab-egon-schiele-hazfal-a-folyoparton\/p\/\" \/>\n<meta property=\"og:site_name\" content=\"Roovi B2B\" \/>\n<meta property=\"article:publisher\" content=\"https:\/\/www.facebook.com\/wwwjucariero\" \/>\n<meta property=\"article:modified_time\" content=\"2022-07-06T12:19:25+00:00\" \/>\n<meta property=\"og:image\" content=\"https:\/\/business.roovi.com\/wp-content\/uploads\/2020\/04\/egon_schiele_-_house_wall_on_the_river_copy.jpg\" \/>\n\t<meta property=\"og:image:width\" content=\"1200\" \/>\n\t<meta property=\"og:image:height\" content=\"1200\" \/>\n\t<meta property=\"og:image:type\" content=\"image\/jpeg\" \/>\n<meta name=\"twitter:label1\" content=\"Becs\u00fclt olvas\u00e1si id\u0151\" \/>\n\t<meta name=\"twitter:data1\" content=\"3 perc\" \/>\n<script type=\"application\/ld+json\" class=\"yoast-schema-graph\">{\"@context\":\"https:\/\/schema.org\",\"@graph\":[{\"@type\":\"WebPage\",\"@id\":\"https:\/\/business.roovi.com\/hu\/felnott-puzzle-1000-darab-egon-schiele-hazfal-a-folyoparton\/p\/\",\"url\":\"https:\/\/business.roovi.com\/hu\/felnott-puzzle-1000-darab-egon-schiele-hazfal-a-folyoparton\/p\/\",\"name\":\"Feln\u0151tt puzzle 1000 darab Egon Schiele - H\u00e1zfal a foly\u00f3parton\",\"isPartOf\":{\"@id\":\"https:\/\/business.roovi.com\/hu\/#website\"},\"datePublished\":\"2020-04-22T14:05:39+00:00\",\"dateModified\":\"2022-07-06T12:19:25+00:00\",\"description\":\"Feln\u0151tt puzzle 1000 darab Egon Schiele - H\u00e1zfal a foly\u00f3parton\",\"breadcrumb\":{\"@id\":\"https:\/\/business.roovi.com\/hu\/felnott-puzzle-1000-darab-egon-schiele-hazfal-a-folyoparton\/p\/#breadcrumb\"},\"inLanguage\":\"hu\",\"potentialAction\":[{\"@type\":\"ReadAction\",\"target\":[\"https:\/\/business.roovi.com\/hu\/felnott-puzzle-1000-darab-egon-schiele-hazfal-a-folyoparton\/p\/\"]}]},{\"@type\":\"BreadcrumbList\",\"@id\":\"https:\/\/business.roovi.com\/hu\/felnott-puzzle-1000-darab-egon-schiele-hazfal-a-folyoparton\/p\/#breadcrumb\",\"itemListElement\":[{\"@type\":\"ListItem\",\"position\":1,\"name\":\"Home\",\"item\":\"https:\/\/business.roovi.com\/hu\/\"},{\"@type\":\"ListItem\",\"position\":2,\"name\":\"Shop\",\"item\":\"https:\/\/business.roovi.com\/hu\/shop\/\"},{\"@type\":\"ListItem\",\"position\":3,\"name\":\"Feln\u0151tt puzzle 1000 darab Egon Schiele &#8211; H\u00e1zfal a foly\u00f3parton\"}]},{\"@type\":\"WebSite\",\"@id\":\"https:\/\/business.roovi.com\/hu\/#website\",\"url\":\"https:\/\/business.roovi.com\/hu\/\",\"name\":\"Roovi B2B\",\"description\":\"Roovi Business Website\",\"potentialAction\":[{\"@type\":\"SearchAction\",\"target\":{\"@type\":\"EntryPoint\",\"urlTemplate\":\"https:\/\/business.roovi.com\/hu\/?s={search_term_string}\"},\"query-input\":\"required name=search_term_string\"}],\"inLanguage\":\"hu\"}]}<\/script>\n<!-- \/ Yoast SEO plugin. -->","yoast_head_json":{"title":"Feln\u0151tt puzzle 1000 darab Egon Schiele - H\u00e1zfal a foly\u00f3parton","description":"Feln\u0151tt puzzle 1000 darab Egon Schiele - H\u00e1zfal a foly\u00f3parton","robots":{"index":"index","follow":"follow","max-snippet":"max-snippet:-1","max-image-preview":"max-image-preview:large","max-video-preview":"max-video-preview:-1"},"canonical":"https:\/\/business.roovi.com\/hu\/felnott-puzzle-1000-darab-egon-schiele-hazfal-a-folyoparton\/p\/","og_locale":"hu_HU","og_type":"article","og_title":"Feln\u0151tt puzzle 1000 darab Egon Schiele - H\u00e1zfal a foly\u00f3parton","og_description":"Feln\u0151tt puzzle 1000 darab Egon Schiele - H\u00e1zfal a foly\u00f3parton","og_url":"https:\/\/business.roovi.com\/hu\/felnott-puzzle-1000-darab-egon-schiele-hazfal-a-folyoparton\/p\/","og_site_name":"Roovi B2B","article_publisher":"https:\/\/www.facebook.com\/wwwjucariero","article_modified_time":"2022-07-06T12:19:25+00:00","og_image":[{"width":1200,"height":1200,"url":"https:\/\/business.roovi.com\/wp-content\/uploads\/2020\/04\/egon_schiele_-_house_wall_on_the_river_copy.jpg","type":"image\/jpeg"}],"twitter_misc":{"Becs\u00fclt olvas\u00e1si id\u0151":"3 perc"},"schema":{"@context":"https:\/\/schema.org","@graph":[{"@type":"WebPage","@id":"https:\/\/business.roovi.com\/hu\/felnott-puzzle-1000-darab-egon-schiele-hazfal-a-folyoparton\/p\/","url":"https:\/\/business.roovi.com\/hu\/felnott-puzzle-1000-darab-egon-schiele-hazfal-a-folyoparton\/p\/","name":"Feln\u0151tt puzzle 1000 darab Egon Schiele - H\u00e1zfal a foly\u00f3parton","isPartOf":{"@id":"https:\/\/business.roovi.com\/hu\/#website"},"datePublished":"2020-04-22T14:05:39+00:00","dateModified":"2022-07-06T12:19:25+00:00","description":"Feln\u0151tt puzzle 1000 darab Egon Schiele - H\u00e1zfal a foly\u00f3parton","breadcrumb":{"@id":"https:\/\/business.roovi.com\/hu\/felnott-puzzle-1000-darab-egon-schiele-hazfal-a-folyoparton\/p\/#breadcrumb"},"inLanguage":"hu","potentialAction":[{"@type":"ReadAction","target":["https:\/\/business.roovi.com\/hu\/felnott-puzzle-1000-darab-egon-schiele-hazfal-a-folyoparton\/p\/"]}]},{"@type":"BreadcrumbList","@id":"https:\/\/business.roovi.com\/hu\/felnott-puzzle-1000-darab-egon-schiele-hazfal-a-folyoparton\/p\/#breadcrumb","itemListElement":[{"@type":"ListItem","position":1,"name":"Home","item":"https:\/\/business.roovi.com\/hu\/"},{"@type":"ListItem","position":2,"name":"Shop","item":"https:\/\/business.roovi.com\/hu\/shop\/"},{"@type":"ListItem","position":3,"name":"Feln\u0151tt puzzle 1000 darab Egon Schiele &#8211; H\u00e1zfal a foly\u00f3parton"}]},{"@type":"WebSite","@id":"https:\/\/business.roovi.com\/hu\/#website","url":"https:\/\/business.roovi.com\/hu\/","name":"Roovi B2B","description":"Roovi Business Website","potentialAction":[{"@type":"SearchAction","target":{"@type":"EntryPoint","urlTemplate":"https:\/\/business.roovi.com\/hu\/?s={search_term_string}"},"query-input":"required name=search_term_string"}],"inLanguage":"hu"}]}},"_links":{"self":[{"href":"https:\/\/business.roovi.com\/hu\/wp-json\/wp\/v2\/product\/39147","targetHints":{"allow":["GET"]}}],"collection":[{"href":"https:\/\/business.roovi.com\/hu\/wp-json\/wp\/v2\/product"}],"about":[{"href":"https:\/\/business.roovi.com\/hu\/wp-json\/wp\/v2\/types\/product"}],"version-history":[{"count":0,"href":"https:\/\/business.roovi.com\/hu\/wp-json\/wp\/v2\/product\/39147\/revisions"}],"wp:featuredmedia":[{"embeddable":true,"href":"https:\/\/business.roovi.com\/hu\/wp-json\/wp\/v2\/media\/64173"}],"wp:attachment":[{"href":"https:\/\/business.roovi.com\/hu\/wp-json\/wp\/v2\/media?parent=39147"}],"wp:term":[{"taxonomy":"product_brand","embeddable":true,"href":"https:\/\/business.roovi.com\/hu\/wp-json\/wp\/v2\/product_brand?post=39147"},{"taxonomy":"product_cat","embeddable":true,"href":"https:\/\/business.roovi.com\/hu\/wp-json\/wp\/v2\/product_cat?post=39147"},{"taxonomy":"product_tag","embeddable":true,"href":"https:\/\/business.roovi.com\/hu\/wp-json\/wp\/v2\/product_tag?post=39147"}],"curies":[{"name":"wp","href":"https:\/\/api.w.org\/{rel}","templated":true}]}}