{"id":39151,"date":"2020-04-22T14:02:53","date_gmt":"2020-04-22T14:02:53","guid":{"rendered":"https:\/\/business.roovi.com\/puzzle-adulti-1000-piese-frederick-george-cotman-one-of-the-family\/p\/"},"modified":"2023-02-28T07:22:31","modified_gmt":"2023-02-28T07:22:31","slug":"felnott-1000-darabos-puzzle-frederick-george-cotman-egy-a-csaladbol","status":"publish","type":"product","link":"https:\/\/business.roovi.com\/hu\/felnott-1000-darabos-puzzle-frederick-george-cotman-egy-a-csaladbol\/p\/","title":{"rendered":"Feln\u0151tt 1000 darabos puzzle Frederick George Cotman &#8211; Egy a csal\u00e1db\u00f3l"},"content":{"rendered":"<p><span style=\"font-weight: 400;\">Szeretne t\u00e1vol maradni a k\u00e9perny\u0151kt\u0151l? \u00c1ll\u00edts \u00f6ssze m\u0171v\u00e9szeti rejtv\u00e9nyeket \u00e9s t\u00f6ltsd kreat\u00edvan a szabadid\u0151det! Pihenjen \u00e9s k\u00e9sz\u00edtsen egyedi festm\u00e9nyeket az 1000 darabos puzzle-b\u00f3l.<\/span><\/p>\n<p><span style=\"font-weight: 400;\">Ak\u00e1r sokat tudsz a h\u00edres festm\u00e9nyekr\u0151l, ak\u00e1r nem, amikor egy m\u0171v\u00e9szi remekm\u0171 el\u0151tt \u00e1llsz, \u00e9rzed az izgalmat \u00e9s a pozit\u00edv hangulatot, amit k\u00f6zvet\u00edt. \u00c9s ha te magad vagy az 1000 darabos puzzle m\u0171v\u00e9szeti festm\u00e9ny alkot\u00f3ja, az el\u00e9gedetts\u00e9g felbecs\u00fclhetetlen.<\/span><\/p>\n<p><span style=\"font-weight: 400;\">A Frederick George Cotman &#8211; One of the Family 1000 Piece Puzzle egy rusztikus jelenetet \u00e1br\u00e1zol, amelyen egy l\u00f3 ny\u00fajtja ki a fej\u00e9t az ablakon, hogy megetess\u00e9k, mik\u00f6zben egy csal\u00e1d \u00fcl az asztaln\u00e1l. Ez a festm\u00e9ny Cotman p\u00e1lyafut\u00e1s\u00e1nak els\u0151 jelent\u0151s alkot\u00e1sa <\/span><\/p>\n<p><span style=\"font-weight: 400;\">\u00c1ll\u00edtsd \u00fajra \u00f6ssze a k\u00e9pet az 1000 darabos kirak\u00f3sb\u00f3l, \u00e9s \u00e9lvezd a romantikus festm\u00e9ny meleg f\u00e9ny\u00e9t, amely minden egyes von\u00e1ssal kifejezi a vid\u00e9ki \u00e9let izgalm\u00e1t \u00e9s boldogs\u00e1g\u00e1t. Haszn\u00e1ljon egy hagyom\u00e1nyos doh\u00e1nyz\u00f3asztalt a darabok al\u00e1t\u00e1maszt\u00e1s\u00e1ra. A v\u00e9gleges festm\u00e9ny m\u00e9rete 50 x 70 cm.<\/span><\/p>\n<p><span style=\"font-weight: 400;\">Frederick George Cotman m\u0171v\u00e9szeti puzzle &#8211; One of the Family:<\/span><\/p>\n<p><strong>Puzzle anyag <\/strong><\/p>\n<p><strong>kiv\u00e1l\u00f3 min\u0151s\u00e9g\u0171 k\u00e9k karton<\/strong><\/p>\n<p><strong>fenntarthat\u00f3, \u00fajrahasznos\u00edthat\u00f3 anyagok<\/strong><\/p>\n<p><strong>f\u00e9lf\u00e9nyes kivitel, \u00e9l\u00e9nk sz\u00ednek<\/strong><\/p>\n<p><strong>A kirak\u00f3s darabok sz\u00e1ma: 1000<\/strong><\/p>\n<p><strong>Aj\u00e1nlott \u00e9letkor: 14+<\/strong><\/p>\n<p><strong>A kirak\u00f3s j\u00e1t\u00e9kok mosolyt \u00e9s a szem\u00e9lyes alkot\u00e1s el\u00e9gedetts\u00e9g\u00e9t hozz\u00e1k el<\/strong><\/p>\n<p><span style=\"font-weight: 400;\">Szeretn\u00e9l boldog pillanatokat szerezni szeretteiddel? Szervezzen puzzle-esteket a csal\u00e1dj\u00e1val vagy bar\u00e1ti t\u00e1rsas\u00e1g\u00e1val, \u00e9s t\u00f6ltsenek egy\u00fctt min\u0151s\u00e9gi id\u0151t. Tal\u00e1lj ki innovat\u00edv strat\u00e9gi\u00e1kat, dolgozz csapatban \u00e9s oszd meg a feladatokat, hogy a lehet\u0151 legr\u00f6videbb id\u0151 alatt befejezd az 1000 darabos kirak\u00f3s k\u00e9pet. Ez egy nagyszer\u0171 m\u00f3dja annak, hogy jobban megismerj\u00fck egym\u00e1st, \u00e9s szorosabbra f\u0171zz\u00fck a kapcsolatokat. R\u00e1ad\u00e1sul elk\u00e9peszt\u0151 el\u00e9gedetts\u00e9get fogtok \u00e9rezni, mert siker\u00fclt k\u00f6z\u00f6sen l\u00e9trehoznotok egy nagyszer\u0171 m\u0171alkot\u00e1st.<\/span><\/p>\n<p><span style=\"font-weight: 400;\">A t\u00e1rsasoz\u00e1s mellett a kirak\u00f3s j\u00e1t\u00e9kok seg\u00edtenek:<\/span><\/p>\n<ul>\n<li><span style=\"font-weight: 400;\">Figyeljen jobban a r\u00e9szletekre \u00e9s koncentr\u00e1ljon jobban, amikor neh\u00e9z feladatokat kell megoldania.<\/span><\/li>\n<li><span style=\"font-weight: 400;\">Laz\u00edtson \u00e9s oldja a stresszt.<\/span><\/li>\n<li><span style=\"font-weight: 400;\">Jobb a mem\u00f3ri\u00e1ja.<\/span><\/li>\n<li><span style=\"font-weight: 400;\">Kezelje jobban a szorong\u00e1st.<\/span><\/li>\n<li><span style=\"font-weight: 400;\">M\u00e9lyebb \u00e9s pihentet\u0151bb alv\u00e1s.<\/span><\/li>\n<\/ul>\n<p><strong>Tudtad?<\/strong><\/p>\n<p><span style=\"font-weight: 400;\">Frederick George Cotman 19. sz\u00e1zadi angol fest\u0151 volt, aki m\u0171v\u00e9szcsal\u00e1dba sz\u00fcletett.<\/span><\/p>\n<p><span style=\"font-weight: 400;\">A festm\u00e9nye &#8211; <\/span><em><span style=\"font-weight: 400;\">Egy a csal\u00e1db\u00f3l <\/span><\/em><span style=\"font-weight: 400;\">&#8211; volt az els\u0151 nagy m\u0171ve. 1880-ban a liverpooli Walker Art Gallery v\u00e1s\u00e1rolta meg, \u00e9s a k\u00f6z\u00f6ns\u00e9g \u00e9s a m\u0171v\u00e9szeti kritikusok nagy tetsz\u00e9ssel fogadt\u00e1k.<\/span><\/p>\n<p><span style=\"font-weight: 400;\">A rusztikus h\u00e1ztart\u00e1si k\u00e9p m\u00e9g mindig k\u00fcl\u00f6n\u00f6sen n\u00e9pszer\u0171 a brit k\u00f6z\u00f6ns\u00e9g k\u00f6r\u00e9ben.<\/span><\/p>\n<p><span style=\"font-weight: 400;\">Cotman sz\u00e1mos vid\u00e1m reprodukci\u00f3t k\u00e9sz\u00edtett a csal\u00e1di \u00e9letr\u0151l, amelyeken a figur\u00e1k val\u00f3di emberek voltak, akiket k\u00f6zelr\u0151l tanulm\u00e1nyozott.<\/span><\/p>\n<p><span style=\"font-weight: 400;\">M\u0171vei \u00e1ltal\u00e1ban a szel\u00edd humor \u00e9s a harm\u00f3nia kever\u00e9kei, tal\u00e1n ez\u00e9rt is \u0151rizt\u00e9k meg b\u00e1jukat, \u00e9s ez\u00e9rt \u00e9rt\u00e9kelik \u0151ket mind a mai napig.<\/span><\/p>\n<p><span style=\"font-weight: 400;\">Vedd kezedbe a Frederick George Cotman &#8211; One of the Family m\u0171v\u00e9szeti puzzle-t, \u00e9s k\u00f3stolj bele egy 19. sz\u00e1zadi m\u0171v\u00e9szeti remekm\u0171 finom humor\u00e1ba. \u00c1ll\u00edtsa \u00f6ssze a k\u00e9pet, keresse meg a megfelel\u0151 keretet, \u00e9s helyezze ki a festm\u00e9nyt otthona egyik fal\u00e1ra.<\/span><\/p>\n<p><span style=\"font-weight: 400;\">V\u00e1s\u00e1rolja meg az 1000 darabos Frederick George Cotman &#8211; One of the Family kirak\u00f3st a m\u0171v\u00e9szi kirak\u00f3s gy\u0171jtem\u00e9nyb\u0151l saj\u00e1t mag\u00e1nak, vagy aj\u00e1nd\u00e9kozza meg kirak\u00f3st szeret\u0151 bar\u00e1tainak.<\/span><\/p>\n","protected":false},"excerpt":{"rendered":"<p>Szeretne t\u00e1vol maradni a k\u00e9perny\u0151kt\u0151l? \u00c1ll\u00edts \u00f6ssze m\u0171v\u00e9szeti rejtv\u00e9nyeket \u00e9s t\u00f6ltsd kreat\u00edvan a szabadid\u0151det! Pihenjen \u00e9s k\u00e9sz\u00edtsen egyedi festm\u00e9nyeket az<\/p>\n","protected":false},"featured_media":64184,"template":"","meta":[],"product_brand":[],"product_cat":[1920,1919,1881],"product_tag":[],"class_list":{"0":"post-39151","1":"product","2":"type-product","3":"status-publish","4":"has-post-thumbnail","6":"product_cat-1000-darabos-kirakos-jatek","7":"product_cat-felnott-kirakos-jatekok","8":"product_cat-kirakos-jatekok","9":"pa_brand-deico-hu","10":"pa_country_of_manufacture-ro-hu","11":"pa_filter_age-14-hu","12":"pa_tip_ambalaj-doboz","13":"pa_tip_puzzle-klasszikus","15":"first","16":"instock","17":"taxable","18":"shipping-taxable","19":"product-type-simple"},"yoast_head":"<!-- This site is optimized with the Yoast SEO plugin v20.1 - https:\/\/yoast.com\/wordpress\/plugins\/seo\/ -->\n<title>Feln\u0151tt 1000 darabos puzzle Frederick George Cotman - Egy a csal\u00e1db\u00f3l<\/title>\n<meta name=\"description\" content=\"Feln\u0151tt 1000 darabos puzzle Frederick George Cotman - Egy a csal\u00e1db\u00f3l\" \/>\n<meta name=\"robots\" content=\"index, follow, max-snippet:-1, max-image-preview:large, max-video-preview:-1\" \/>\n<link rel=\"canonical\" href=\"https:\/\/business.roovi.com\/hu\/felnott-1000-darabos-puzzle-frederick-george-cotman-egy-a-csaladbol\/p\/\" \/>\n<meta property=\"og:locale\" content=\"hu_HU\" \/>\n<meta property=\"og:type\" content=\"article\" \/>\n<meta property=\"og:title\" content=\"Feln\u0151tt 1000 darabos puzzle Frederick George Cotman - Egy a csal\u00e1db\u00f3l\" \/>\n<meta property=\"og:description\" content=\"Feln\u0151tt 1000 darabos puzzle Frederick George Cotman - Egy a csal\u00e1db\u00f3l\" \/>\n<meta property=\"og:url\" content=\"https:\/\/business.roovi.com\/hu\/felnott-1000-darabos-puzzle-frederick-george-cotman-egy-a-csaladbol\/p\/\" \/>\n<meta property=\"og:site_name\" content=\"Roovi B2B\" \/>\n<meta property=\"article:publisher\" content=\"https:\/\/www.facebook.com\/wwwjucariero\" \/>\n<meta property=\"article:modified_time\" content=\"2023-02-28T07:22:31+00:00\" \/>\n<meta property=\"og:image\" content=\"https:\/\/business.roovi.com\/wp-content\/uploads\/2020\/04\/76731-WEB.jpg\" \/>\n\t<meta property=\"og:image:width\" content=\"1200\" \/>\n\t<meta property=\"og:image:height\" content=\"1200\" \/>\n\t<meta property=\"og:image:type\" content=\"image\/jpeg\" \/>\n<meta name=\"twitter:label1\" content=\"Becs\u00fclt olvas\u00e1si id\u0151\" \/>\n\t<meta name=\"twitter:data1\" content=\"3 perc\" \/>\n<script type=\"application\/ld+json\" class=\"yoast-schema-graph\">{\"@context\":\"https:\/\/schema.org\",\"@graph\":[{\"@type\":\"WebPage\",\"@id\":\"https:\/\/business.roovi.com\/hu\/felnott-1000-darabos-puzzle-frederick-george-cotman-egy-a-csaladbol\/p\/\",\"url\":\"https:\/\/business.roovi.com\/hu\/felnott-1000-darabos-puzzle-frederick-george-cotman-egy-a-csaladbol\/p\/\",\"name\":\"Feln\u0151tt 1000 darabos puzzle Frederick George Cotman - Egy a csal\u00e1db\u00f3l\",\"isPartOf\":{\"@id\":\"https:\/\/business.roovi.com\/hu\/#website\"},\"datePublished\":\"2020-04-22T14:02:53+00:00\",\"dateModified\":\"2023-02-28T07:22:31+00:00\",\"description\":\"Feln\u0151tt 1000 darabos puzzle Frederick George Cotman - Egy a csal\u00e1db\u00f3l\",\"breadcrumb\":{\"@id\":\"https:\/\/business.roovi.com\/hu\/felnott-1000-darabos-puzzle-frederick-george-cotman-egy-a-csaladbol\/p\/#breadcrumb\"},\"inLanguage\":\"hu\",\"potentialAction\":[{\"@type\":\"ReadAction\",\"target\":[\"https:\/\/business.roovi.com\/hu\/felnott-1000-darabos-puzzle-frederick-george-cotman-egy-a-csaladbol\/p\/\"]}]},{\"@type\":\"BreadcrumbList\",\"@id\":\"https:\/\/business.roovi.com\/hu\/felnott-1000-darabos-puzzle-frederick-george-cotman-egy-a-csaladbol\/p\/#breadcrumb\",\"itemListElement\":[{\"@type\":\"ListItem\",\"position\":1,\"name\":\"Home\",\"item\":\"https:\/\/business.roovi.com\/hu\/\"},{\"@type\":\"ListItem\",\"position\":2,\"name\":\"Shop\",\"item\":\"https:\/\/business.roovi.com\/hu\/shop\/\"},{\"@type\":\"ListItem\",\"position\":3,\"name\":\"Feln\u0151tt 1000 darabos puzzle Frederick George Cotman &#8211; Egy a csal\u00e1db\u00f3l\"}]},{\"@type\":\"WebSite\",\"@id\":\"https:\/\/business.roovi.com\/hu\/#website\",\"url\":\"https:\/\/business.roovi.com\/hu\/\",\"name\":\"Roovi B2B\",\"description\":\"Roovi Business Website\",\"potentialAction\":[{\"@type\":\"SearchAction\",\"target\":{\"@type\":\"EntryPoint\",\"urlTemplate\":\"https:\/\/business.roovi.com\/hu\/?s={search_term_string}\"},\"query-input\":\"required name=search_term_string\"}],\"inLanguage\":\"hu\"}]}<\/script>\n<!-- \/ Yoast SEO plugin. -->","yoast_head_json":{"title":"Feln\u0151tt 1000 darabos puzzle Frederick George Cotman - Egy a csal\u00e1db\u00f3l","description":"Feln\u0151tt 1000 darabos puzzle Frederick George Cotman - Egy a csal\u00e1db\u00f3l","robots":{"index":"index","follow":"follow","max-snippet":"max-snippet:-1","max-image-preview":"max-image-preview:large","max-video-preview":"max-video-preview:-1"},"canonical":"https:\/\/business.roovi.com\/hu\/felnott-1000-darabos-puzzle-frederick-george-cotman-egy-a-csaladbol\/p\/","og_locale":"hu_HU","og_type":"article","og_title":"Feln\u0151tt 1000 darabos puzzle Frederick George Cotman - Egy a csal\u00e1db\u00f3l","og_description":"Feln\u0151tt 1000 darabos puzzle Frederick George Cotman - Egy a csal\u00e1db\u00f3l","og_url":"https:\/\/business.roovi.com\/hu\/felnott-1000-darabos-puzzle-frederick-george-cotman-egy-a-csaladbol\/p\/","og_site_name":"Roovi B2B","article_publisher":"https:\/\/www.facebook.com\/wwwjucariero","article_modified_time":"2023-02-28T07:22:31+00:00","og_image":[{"width":1200,"height":1200,"url":"https:\/\/business.roovi.com\/wp-content\/uploads\/2020\/04\/76731-WEB.jpg","type":"image\/jpeg"}],"twitter_misc":{"Becs\u00fclt olvas\u00e1si id\u0151":"3 perc"},"schema":{"@context":"https:\/\/schema.org","@graph":[{"@type":"WebPage","@id":"https:\/\/business.roovi.com\/hu\/felnott-1000-darabos-puzzle-frederick-george-cotman-egy-a-csaladbol\/p\/","url":"https:\/\/business.roovi.com\/hu\/felnott-1000-darabos-puzzle-frederick-george-cotman-egy-a-csaladbol\/p\/","name":"Feln\u0151tt 1000 darabos puzzle Frederick George Cotman - Egy a csal\u00e1db\u00f3l","isPartOf":{"@id":"https:\/\/business.roovi.com\/hu\/#website"},"datePublished":"2020-04-22T14:02:53+00:00","dateModified":"2023-02-28T07:22:31+00:00","description":"Feln\u0151tt 1000 darabos puzzle Frederick George Cotman - Egy a csal\u00e1db\u00f3l","breadcrumb":{"@id":"https:\/\/business.roovi.com\/hu\/felnott-1000-darabos-puzzle-frederick-george-cotman-egy-a-csaladbol\/p\/#breadcrumb"},"inLanguage":"hu","potentialAction":[{"@type":"ReadAction","target":["https:\/\/business.roovi.com\/hu\/felnott-1000-darabos-puzzle-frederick-george-cotman-egy-a-csaladbol\/p\/"]}]},{"@type":"BreadcrumbList","@id":"https:\/\/business.roovi.com\/hu\/felnott-1000-darabos-puzzle-frederick-george-cotman-egy-a-csaladbol\/p\/#breadcrumb","itemListElement":[{"@type":"ListItem","position":1,"name":"Home","item":"https:\/\/business.roovi.com\/hu\/"},{"@type":"ListItem","position":2,"name":"Shop","item":"https:\/\/business.roovi.com\/hu\/shop\/"},{"@type":"ListItem","position":3,"name":"Feln\u0151tt 1000 darabos puzzle Frederick George Cotman &#8211; Egy a csal\u00e1db\u00f3l"}]},{"@type":"WebSite","@id":"https:\/\/business.roovi.com\/hu\/#website","url":"https:\/\/business.roovi.com\/hu\/","name":"Roovi B2B","description":"Roovi Business Website","potentialAction":[{"@type":"SearchAction","target":{"@type":"EntryPoint","urlTemplate":"https:\/\/business.roovi.com\/hu\/?s={search_term_string}"},"query-input":"required name=search_term_string"}],"inLanguage":"hu"}]}},"_links":{"self":[{"href":"https:\/\/business.roovi.com\/hu\/wp-json\/wp\/v2\/product\/39151","targetHints":{"allow":["GET"]}}],"collection":[{"href":"https:\/\/business.roovi.com\/hu\/wp-json\/wp\/v2\/product"}],"about":[{"href":"https:\/\/business.roovi.com\/hu\/wp-json\/wp\/v2\/types\/product"}],"version-history":[{"count":0,"href":"https:\/\/business.roovi.com\/hu\/wp-json\/wp\/v2\/product\/39151\/revisions"}],"wp:featuredmedia":[{"embeddable":true,"href":"https:\/\/business.roovi.com\/hu\/wp-json\/wp\/v2\/media\/64184"}],"wp:attachment":[{"href":"https:\/\/business.roovi.com\/hu\/wp-json\/wp\/v2\/media?parent=39151"}],"wp:term":[{"taxonomy":"product_brand","embeddable":true,"href":"https:\/\/business.roovi.com\/hu\/wp-json\/wp\/v2\/product_brand?post=39151"},{"taxonomy":"product_cat","embeddable":true,"href":"https:\/\/business.roovi.com\/hu\/wp-json\/wp\/v2\/product_cat?post=39151"},{"taxonomy":"product_tag","embeddable":true,"href":"https:\/\/business.roovi.com\/hu\/wp-json\/wp\/v2\/product_tag?post=39151"}],"curies":[{"name":"wp","href":"https:\/\/api.w.org\/{rel}","templated":true}]}}