{"id":39155,"date":"2020-04-22T13:20:44","date_gmt":"2020-04-22T13:20:44","guid":{"rendered":"https:\/\/business.roovi.com\/puzzle-adulti-1000-piese-frederick-sandys-vivien\/p\/"},"modified":"2023-02-28T06:56:57","modified_gmt":"2023-02-28T06:56:57","slug":"felnott-1000-darabos-puzzle-frederick-sandys-vivien","status":"publish","type":"product","link":"https:\/\/business.roovi.com\/hu\/felnott-1000-darabos-puzzle-frederick-sandys-vivien\/p\/","title":{"rendered":"Feln\u0151tt 1000 darabos puzzle Frederick Sandys &#8211; Vivien"},"content":{"rendered":"<p><span style=\"font-weight: 400;\">Leny\u0171g\u00f6zte az 1000 darabos puzzle? Fedezd fel a m\u0171v\u00e9szi rejtv\u00e9nyek legnagyobb v\u00e1laszt\u00e9k\u00e1t, \u00e9s csiszold kirak\u00f3s k\u00e9szs\u00e9geidet! R\u00e1ad\u00e1sul n\u00e9h\u00e1ny leny\u0171g\u00f6z\u0151 m\u0171v\u00e9szeti festm\u00e9ny tulajdonosa leszel, amelyek megsz\u00e9p\u00edtik otthonodat.<\/span><\/p>\n<p><span style=\"font-weight: 400;\">A Frederick Sandys &#8211; Vivien 1000 darabos puzzle Arthur kir\u00e1ly legend\u00e1s vil\u00e1g\u00e1ba kalauzol el, amely tele van rejt\u00e9lyekkel \u00e9s leny\u0171g\u00f6z\u0151 szimb\u00f3lumokkal. Vivien megtestes\u00edti Alfred Lord Tennyson verseinek Lady of the Lake-j\u00e9t. \u0150 az, aki Art\u00far kir\u00e1lynak adja az Excalibur kardot, \u00e9s \u0151 a cs\u00e1b\u00edt\u00f3, aki elcs\u00e1b\u00edtja Merlint. A k\u00e9pen l\u00e1that\u00f3 alma a k\u00eds\u00e9rt\u00e9s szimb\u00f3luma lehet, amely t\u00e9m\u00e1t \u00c1d\u00e1m \u00e9s \u00c9v\u00e1t\u00f3l vett\u00fck \u00e1t.<\/span><\/p>\n<p><span style=\"font-weight: 400;\">Ha a mitikus versek rabul ejtik, akkor m\u00e9g ink\u00e1bb \u00e9rt\u00e9kelni fogja ezt az 1000 darabos puzzle-m\u0171alkot\u00e1st. Portr\u00e9 <\/span><em><span style=\"font-weight: 400;\">Vivien <\/span><\/em><span style=\"font-weight: 400;\">a megtestes\u00fclt sz\u00e9p, magabiztos, \u00fan <\/span><em><span style=\"font-weight: 400;\">&#8222;la femme fatale&#8221;<\/span><\/em><span style=\"font-weight: 400;\">a cs\u00e1b\u00edt\u00e1s, de a puszt\u00edt\u00e1s szimb\u00f3luma is.<\/span><\/p>\n<p><span style=\"font-weight: 400;\">A Frederick Sandys &#8211; Vivien art puzzle festm\u00e9ny lehet\u0151s\u00e9get ad arra, hogy eleg\u00e1ns \u00e9s kifinomult m\u0171alkot\u00e1ssal d\u00edsz\u00edtse otthon\u00e1t. Az 1000 darabos puzzle darabjainak \u00f6ssze\u00e1ll\u00edt\u00e1s\u00e1hoz haszn\u00e1lhat egy hagyom\u00e1nyos doh\u00e1nyz\u00f3asztalt. A Frederick Sandys &#8211; Vivien art puzzle rekonstru\u00e1lt k\u00e9pe 50 x 70 cm-es.<\/span><\/p>\n<p><span style=\"font-weight: 400;\">A Frederick Sandys &#8211; Vivien art puzzle jellemz\u0151i:<\/span><\/p>\n<p><strong>Puzzle anyag <\/strong><\/p>\n<p><strong>kiv\u00e1l\u00f3 min\u0151s\u00e9g\u0171 k\u00e9k karton<\/strong><\/p>\n<p><strong>fenntarthat\u00f3, \u00fajrahasznos\u00edthat\u00f3 anyagok<\/strong><\/p>\n<p><strong>f\u00e9lf\u00e9nyes kivitel, \u00e9l\u00e9nk sz\u00ednek<\/strong><\/p>\n<p><strong>A kirak\u00f3s darabok sz\u00e1ma: 1000<\/strong><\/p>\n<p><strong>Aj\u00e1nlott \u00e9letkor: 14+<\/strong><\/p>\n<p><strong>Mi\u00e9rt k\u00fcl\u00f6nleges m\u0171v\u00e9szeti kirak\u00f3 Frederick Sandys &#8211; Vivien?<\/strong><\/p>\n<p><span style=\"font-weight: 400;\">V\u00e1s\u00e1rolja meg a Frederick Sandys &#8211; Vivien art kirak\u00f3j\u00e1t\u00e9kot, \u00e9s \u00e9lvezze a kirak\u00f3s j\u00e1t\u00e9kok ny\u00fajtotta \u00f6sszes el\u0151nyt:<\/span><\/p>\n<ul>\n<li><span style=\"font-weight: 400;\">Kap egy k\u00fcl\u00f6nleges m\u0171v\u00e9szeti festm\u00e9nyt, amelyet bekeretezhet \u00e9s ki\u00e1ll\u00edthat otthon\u00e1nak egyik fal\u00e1n.<\/span><\/li>\n<li><span style=\"font-weight: 400;\">Pihenj egy olyan kirak\u00f3s j\u00e1t\u00e9k t\u00e1rsas\u00e1g\u00e1ban, amely a m\u0171v\u00e9szet vil\u00e1g\u00e1ba kalauzol el.<\/span><\/li>\n<li><span style=\"font-weight: 400;\">Fejl\u0151dik az eszt\u00e9tikai \u00e9rz\u00e9ked.<\/span><\/li>\n<li><span style=\"font-weight: 400;\">Elvonatkoztat a mindennapi probl\u00e9m\u00e1kt\u00f3l, \u00e9s enyh\u00edti a stresszt.<\/span><\/li>\n<li><span style=\"font-weight: 400;\">Felkelted az \u00e9tv\u00e1gyadat a m\u0171alkot\u00e1sokra \u00e9s a befutott fest\u0151kre.<\/span><\/li>\n<li><span style=\"font-weight: 400;\">Fejl\u0151dik a k\u00e9pzel\u0151er\u0151d \u00e9s a kritikus elm\u00e9d.<\/span><\/li>\n<\/ul>\n<p><strong>Tudtad, hogy&#8230;<\/strong><\/p>\n<p><span style=\"font-weight: 400;\">Frederick Sandys m\u00fazsa Vivien festm\u00e9nye volt a modell <\/span><span style=\"font-weight: 400;\"> Keomi Gray, a roma bar\u00e1tn\u0151je.<\/span><\/p>\n<p><span style=\"font-weight: 400;\">A festm\u00e9ny ragyog\u00f3, p\u00e1vatollas h\u00e1ttere a b\u0151s\u00e9get, valamint a n\u0151i magabiztoss\u00e1got \u00e9s b\u00e1jt jelk\u00e9pezi.<\/span><\/p>\n<p><span style=\"font-weight: 400;\">A m\u0171v\u00e9szt a v\u00e9gzetes asszonyokr\u00f3l sz\u00f3l\u00f3 t\u00f6rt\u00e9netek vonzott\u00e1k, akik szerelembe ejtik a f\u00e9rfiakat, majd elpuszt\u00edtj\u00e1k \u0151ket, mint Tr\u00f3ja Hel\u00e9n\u00e1ja vagy M\u00e9deia.<\/span><\/p>\n<p><span style=\"font-weight: 400;\">Sandys p\u00e1lyafut\u00e1sa elej\u00e9n v\u00e9sn\u00f6kk\u00e9nt dolgozott.<\/span><\/p>\n<p><span style=\"font-weight: 400;\">J\u00f3 bar\u00e1ts\u00e1gban volt Dante Gabriel Rossetti fest\u0151vel, \u00e9s munk\u00e1ss\u00e1g\u00e1ra nagy hat\u00e1ssal volt ez a m\u0171v\u00e9sz.<\/span><\/p>\n<p><strong>K\u00e9sz\u00edtsen m\u0171alkot\u00e1sokat 1000 darabos kirak\u00f3sokb\u00f3l szeretteivel egy\u00fctt<\/strong><\/p>\n<p><span style=\"font-weight: 400;\">A kirak\u00f3s j\u00e1t\u00e9kok t\u00f6k\u00e9letes \u00fcr\u00fcgyet jelenthetnek a csal\u00e1ddal \u00e9s a bar\u00e1tokkal t\u00f6lt\u00f6tt sz\u00f3rakoztat\u00f3 est\u00e9khez. Ak\u00e1r szoros kapcsolatot szeretne ki\u00e9p\u00edteni gyermekeivel, ak\u00e1r min\u0151s\u00e9gi id\u0151t szeretne elt\u00f6lteni bar\u00e1ti t\u00e1rsas\u00e1g\u00e1val, a m\u0171v\u00e9szi kirak\u00f3sok megb\u00edzhat\u00f3 sz\u00f6vets\u00e9gesei e c\u00e9l el\u00e9r\u00e9s\u00e9ben.<\/span><\/p>\n<p><span style=\"font-weight: 400;\">Gy\u0171jtse \u00f6ssze szeretteit, \u00e9s hozzon l\u00e9tre egy\u00fctt leny\u0171g\u00f6z\u0151 m\u0171alkot\u00e1sokat. \u00dcnnepeld meg a kem\u00e9ny munk\u00e1dat az 1000 darabos puzzle festm\u00e9nyeid bekeretez\u00e9s\u00e9vel.<\/span><\/p>\n<p><span style=\"font-weight: 400;\">V\u00e1lassza a Frederick Sandys &#8211; Vivien 1000 darabos puzzle-t a m\u0171v\u00e9szi puzzle kollekci\u00f3b\u00f3l a sz\u00f3rakoz\u00e1s \u00e9s a kikapcsol\u00f3d\u00e1s egyed\u00fcl\u00e1ll\u00f3 pillanatai\u00e9rt. Ez a m\u0171v\u00e9szi kirak\u00f3s t\u00f6k\u00e9letes \u00fcnnepi vagy \u00e9vfordul\u00f3s aj\u00e1nd\u00e9k is lehet.<\/span><\/p>\n","protected":false},"excerpt":{"rendered":"<p>Leny\u0171g\u00f6zte az 1000 darabos puzzle? Fedezd fel a m\u0171v\u00e9szi rejtv\u00e9nyek legnagyobb v\u00e1laszt\u00e9k\u00e1t, \u00e9s csiszold kirak\u00f3s k\u00e9szs\u00e9geidet! R\u00e1ad\u00e1sul n\u00e9h\u00e1ny leny\u0171g\u00f6z\u0151 m\u0171v\u00e9szeti<\/p>\n","protected":false},"featured_media":64179,"template":"","meta":[],"product_brand":[],"product_cat":[1920,1919,1881],"product_tag":[],"class_list":{"0":"post-39155","1":"product","2":"type-product","3":"status-publish","4":"has-post-thumbnail","6":"product_cat-1000-darabos-kirakos-jatek","7":"product_cat-felnott-kirakos-jatekok","8":"product_cat-kirakos-jatekok","9":"pa_brand-deico-hu","10":"pa_country_of_manufacture-ro-hu","11":"pa_filter_age-14-hu","12":"pa_tip_ambalaj-doboz","13":"pa_tip_puzzle-klasszikus","15":"first","16":"instock","17":"taxable","18":"shipping-taxable","19":"product-type-simple"},"yoast_head":"<!-- This site is optimized with the Yoast SEO plugin v20.1 - https:\/\/yoast.com\/wordpress\/plugins\/seo\/ -->\n<title>Feln\u0151tt 1000 darabos puzzle Frederick Sandys - Vivien<\/title>\n<meta name=\"description\" content=\"Feln\u0151tt 1000 darabos puzzle Frederick Sandys - Vivien\" \/>\n<meta name=\"robots\" content=\"index, follow, max-snippet:-1, max-image-preview:large, max-video-preview:-1\" \/>\n<link rel=\"canonical\" href=\"https:\/\/business.roovi.com\/hu\/felnott-1000-darabos-puzzle-frederick-sandys-vivien\/p\/\" \/>\n<meta property=\"og:locale\" content=\"hu_HU\" \/>\n<meta property=\"og:type\" content=\"article\" \/>\n<meta property=\"og:title\" content=\"Feln\u0151tt 1000 darabos puzzle Frederick Sandys - Vivien\" \/>\n<meta property=\"og:description\" content=\"Feln\u0151tt 1000 darabos puzzle Frederick Sandys - Vivien\" \/>\n<meta property=\"og:url\" content=\"https:\/\/business.roovi.com\/hu\/felnott-1000-darabos-puzzle-frederick-sandys-vivien\/p\/\" \/>\n<meta property=\"og:site_name\" content=\"Roovi B2B\" \/>\n<meta property=\"article:publisher\" content=\"https:\/\/www.facebook.com\/wwwjucariero\" \/>\n<meta property=\"article:modified_time\" content=\"2023-02-28T06:56:57+00:00\" \/>\n<meta property=\"og:image\" content=\"https:\/\/business.roovi.com\/wp-content\/uploads\/2020\/04\/76724-WEB.jpg\" \/>\n\t<meta property=\"og:image:width\" content=\"1200\" \/>\n\t<meta property=\"og:image:height\" content=\"1200\" \/>\n\t<meta property=\"og:image:type\" content=\"image\/jpeg\" \/>\n<meta name=\"twitter:label1\" content=\"Becs\u00fclt olvas\u00e1si id\u0151\" \/>\n\t<meta name=\"twitter:data1\" content=\"3 perc\" \/>\n<script type=\"application\/ld+json\" class=\"yoast-schema-graph\">{\"@context\":\"https:\/\/schema.org\",\"@graph\":[{\"@type\":\"WebPage\",\"@id\":\"https:\/\/business.roovi.com\/hu\/felnott-1000-darabos-puzzle-frederick-sandys-vivien\/p\/\",\"url\":\"https:\/\/business.roovi.com\/hu\/felnott-1000-darabos-puzzle-frederick-sandys-vivien\/p\/\",\"name\":\"Feln\u0151tt 1000 darabos puzzle Frederick Sandys - Vivien\",\"isPartOf\":{\"@id\":\"https:\/\/business.roovi.com\/hu\/#website\"},\"datePublished\":\"2020-04-22T13:20:44+00:00\",\"dateModified\":\"2023-02-28T06:56:57+00:00\",\"description\":\"Feln\u0151tt 1000 darabos puzzle Frederick Sandys - Vivien\",\"breadcrumb\":{\"@id\":\"https:\/\/business.roovi.com\/hu\/felnott-1000-darabos-puzzle-frederick-sandys-vivien\/p\/#breadcrumb\"},\"inLanguage\":\"hu\",\"potentialAction\":[{\"@type\":\"ReadAction\",\"target\":[\"https:\/\/business.roovi.com\/hu\/felnott-1000-darabos-puzzle-frederick-sandys-vivien\/p\/\"]}]},{\"@type\":\"BreadcrumbList\",\"@id\":\"https:\/\/business.roovi.com\/hu\/felnott-1000-darabos-puzzle-frederick-sandys-vivien\/p\/#breadcrumb\",\"itemListElement\":[{\"@type\":\"ListItem\",\"position\":1,\"name\":\"Home\",\"item\":\"https:\/\/business.roovi.com\/hu\/\"},{\"@type\":\"ListItem\",\"position\":2,\"name\":\"Shop\",\"item\":\"https:\/\/business.roovi.com\/hu\/shop\/\"},{\"@type\":\"ListItem\",\"position\":3,\"name\":\"Feln\u0151tt 1000 darabos puzzle Frederick Sandys &#8211; Vivien\"}]},{\"@type\":\"WebSite\",\"@id\":\"https:\/\/business.roovi.com\/hu\/#website\",\"url\":\"https:\/\/business.roovi.com\/hu\/\",\"name\":\"Roovi B2B\",\"description\":\"Roovi Business Website\",\"potentialAction\":[{\"@type\":\"SearchAction\",\"target\":{\"@type\":\"EntryPoint\",\"urlTemplate\":\"https:\/\/business.roovi.com\/hu\/?s={search_term_string}\"},\"query-input\":\"required name=search_term_string\"}],\"inLanguage\":\"hu\"}]}<\/script>\n<!-- \/ Yoast SEO plugin. -->","yoast_head_json":{"title":"Feln\u0151tt 1000 darabos puzzle Frederick Sandys - Vivien","description":"Feln\u0151tt 1000 darabos puzzle Frederick Sandys - Vivien","robots":{"index":"index","follow":"follow","max-snippet":"max-snippet:-1","max-image-preview":"max-image-preview:large","max-video-preview":"max-video-preview:-1"},"canonical":"https:\/\/business.roovi.com\/hu\/felnott-1000-darabos-puzzle-frederick-sandys-vivien\/p\/","og_locale":"hu_HU","og_type":"article","og_title":"Feln\u0151tt 1000 darabos puzzle Frederick Sandys - Vivien","og_description":"Feln\u0151tt 1000 darabos puzzle Frederick Sandys - Vivien","og_url":"https:\/\/business.roovi.com\/hu\/felnott-1000-darabos-puzzle-frederick-sandys-vivien\/p\/","og_site_name":"Roovi B2B","article_publisher":"https:\/\/www.facebook.com\/wwwjucariero","article_modified_time":"2023-02-28T06:56:57+00:00","og_image":[{"width":1200,"height":1200,"url":"https:\/\/business.roovi.com\/wp-content\/uploads\/2020\/04\/76724-WEB.jpg","type":"image\/jpeg"}],"twitter_misc":{"Becs\u00fclt olvas\u00e1si id\u0151":"3 perc"},"schema":{"@context":"https:\/\/schema.org","@graph":[{"@type":"WebPage","@id":"https:\/\/business.roovi.com\/hu\/felnott-1000-darabos-puzzle-frederick-sandys-vivien\/p\/","url":"https:\/\/business.roovi.com\/hu\/felnott-1000-darabos-puzzle-frederick-sandys-vivien\/p\/","name":"Feln\u0151tt 1000 darabos puzzle Frederick Sandys - Vivien","isPartOf":{"@id":"https:\/\/business.roovi.com\/hu\/#website"},"datePublished":"2020-04-22T13:20:44+00:00","dateModified":"2023-02-28T06:56:57+00:00","description":"Feln\u0151tt 1000 darabos puzzle Frederick Sandys - Vivien","breadcrumb":{"@id":"https:\/\/business.roovi.com\/hu\/felnott-1000-darabos-puzzle-frederick-sandys-vivien\/p\/#breadcrumb"},"inLanguage":"hu","potentialAction":[{"@type":"ReadAction","target":["https:\/\/business.roovi.com\/hu\/felnott-1000-darabos-puzzle-frederick-sandys-vivien\/p\/"]}]},{"@type":"BreadcrumbList","@id":"https:\/\/business.roovi.com\/hu\/felnott-1000-darabos-puzzle-frederick-sandys-vivien\/p\/#breadcrumb","itemListElement":[{"@type":"ListItem","position":1,"name":"Home","item":"https:\/\/business.roovi.com\/hu\/"},{"@type":"ListItem","position":2,"name":"Shop","item":"https:\/\/business.roovi.com\/hu\/shop\/"},{"@type":"ListItem","position":3,"name":"Feln\u0151tt 1000 darabos puzzle Frederick Sandys &#8211; Vivien"}]},{"@type":"WebSite","@id":"https:\/\/business.roovi.com\/hu\/#website","url":"https:\/\/business.roovi.com\/hu\/","name":"Roovi B2B","description":"Roovi Business Website","potentialAction":[{"@type":"SearchAction","target":{"@type":"EntryPoint","urlTemplate":"https:\/\/business.roovi.com\/hu\/?s={search_term_string}"},"query-input":"required name=search_term_string"}],"inLanguage":"hu"}]}},"_links":{"self":[{"href":"https:\/\/business.roovi.com\/hu\/wp-json\/wp\/v2\/product\/39155","targetHints":{"allow":["GET"]}}],"collection":[{"href":"https:\/\/business.roovi.com\/hu\/wp-json\/wp\/v2\/product"}],"about":[{"href":"https:\/\/business.roovi.com\/hu\/wp-json\/wp\/v2\/types\/product"}],"version-history":[{"count":0,"href":"https:\/\/business.roovi.com\/hu\/wp-json\/wp\/v2\/product\/39155\/revisions"}],"wp:featuredmedia":[{"embeddable":true,"href":"https:\/\/business.roovi.com\/hu\/wp-json\/wp\/v2\/media\/64179"}],"wp:attachment":[{"href":"https:\/\/business.roovi.com\/hu\/wp-json\/wp\/v2\/media?parent=39155"}],"wp:term":[{"taxonomy":"product_brand","embeddable":true,"href":"https:\/\/business.roovi.com\/hu\/wp-json\/wp\/v2\/product_brand?post=39155"},{"taxonomy":"product_cat","embeddable":true,"href":"https:\/\/business.roovi.com\/hu\/wp-json\/wp\/v2\/product_cat?post=39155"},{"taxonomy":"product_tag","embeddable":true,"href":"https:\/\/business.roovi.com\/hu\/wp-json\/wp\/v2\/product_tag?post=39155"}],"curies":[{"name":"wp","href":"https:\/\/api.w.org\/{rel}","templated":true}]}}