{"id":39159,"date":"2020-04-22T13:05:53","date_gmt":"2020-04-22T13:05:53","guid":{"rendered":"https:\/\/business.roovi.com\/puzzle-adulti-1000-piese-dante-gabriel-rossetti-a-vision-of-fiammetta\/p\/"},"modified":"2022-07-06T12:24:23","modified_gmt":"2022-07-06T12:24:23","slug":"dante-gabriel-rossetti-1000-darabos-felnott-puzzle-fiammetta-latomasa","status":"publish","type":"product","link":"https:\/\/business.roovi.com\/hu\/dante-gabriel-rossetti-1000-darabos-felnott-puzzle-fiammetta-latomasa\/p\/","title":{"rendered":"Dante Gabriel Rossetti 1000 darabos feln\u0151tt puzzle &#8211; Fiammetta l\u00e1tom\u00e1sa"},"content":{"rendered":"<p><span style=\"font-weight: 400\">Leny\u0171g\u00f6zte az 1000 darabos puzzle? Kih\u00edvunk t\u00e9ged, hogy teszteld \u00f6sszeszerel\u00e9si k\u00e9pess\u00e9geidet, \u00e9s \u00e1ll\u00edtsd \u00fajra el\u0151 a m\u0171v\u00e9szeti rejtv\u00e9nyekben \u00e1br\u00e1zolt h\u00edres festm\u00e9nyek k\u00e9peit <\/span><\/p>\n<p><span style=\"font-weight: 400\">Dante Gabriel Rossetti 1000 Piece Puzzle &#8211; A Vision of Fiammetta a mi aj\u00e1nl\u00e1sunk az \u00d6n sz\u00e1m\u00e1ra, ha szereti a sz\u00ednes k\u00e9peket \u00e9s a csod\u00e1latos m\u0171v\u00e9szi r\u00e9szleteket. A k\u00e9p Rossetti jellegzetes preraffaelita st\u00edlus\u00e1ban k\u00e9sz\u00fclt olajfestm\u00e9nyt \u00e1br\u00e1zol. A m\u0171 Boccaccio m\u00fazs\u00e1j\u00e1t, Fiammett\u00e1t \u00e1br\u00e1zolja, \u00e9s az 1881-ben megjelent ballad\u00e1kat \u00e9s szonetteket tartalmaz\u00f3 k\u00f6tet\u00e9hez k\u00e9sz\u00fclt.<\/span><\/p>\n<p><span style=\"font-weight: 400\">Rossetti egyed\u00fcl\u00e1ll\u00f3 m\u00f3don \u00f6tv\u00f6zte a k\u00f6lt\u00e9szetet \u00e9s a fest\u00e9szetet. M\u0171vei \u00f6sszef\u00fcggnek egym\u00e1ssal, minden k\u00e9pnek megvan a maga verses megfelel\u0151je. Ez\u00e9rt az 1000 darabos kirak\u00f3sb\u00f3l egy olyan sz\u00ednes t\u00f6rt\u00e9netet kap, amely \u00e9rzelmeket \u00e9s pozit\u00edv rezg\u00e9seket k\u00f6zvet\u00edt.<\/span><\/p>\n<p><span style=\"font-weight: 400\">A k\u00e9pet \u00fajraalkothatja, ha egy hagyom\u00e1nyos doh\u00e1nyz\u00f3asztalt haszn\u00e1l a darabok al\u00e1t\u00e1maszt\u00e1s\u00e1ra. Az \u00edgy kapott k\u00e9p m\u00e9rete 50 x 70 cm <\/span><\/p>\n<p><span style=\"font-weight: 400\">Dante Gabriel Rossetti m\u0171v\u00e9szeti rejtv\u00e9ny\u00e9r\u0151l &#8211; A Vision of Fiammetta itt olvashat b\u0151vebben:<\/span><\/p>\n<p><strong>Anyag puzzle <\/strong><\/p>\n<p><strong>kiv\u00e1l\u00f3 min\u0151s\u00e9g\u0171 k\u00e9k karton<\/strong><\/p>\n<p><strong>fenntarthat\u00f3, \u00fajrahasznos\u00edthat\u00f3 anyagok<\/strong><\/p>\n<p><strong>f\u00e9lf\u00e9nyes kivitel, \u00e9l\u00e9nk sz\u00ednek<\/strong><\/p>\n<p><strong>A kirak\u00f3s darabok sz\u00e1ma: 1000<\/strong><\/p>\n<p><strong>Aj\u00e1nlott \u00e9letkor: 14+<\/strong><\/p>\n<p><strong>Nem tud koncentr\u00e1lni? Puzzle j\u00e1t\u00e9kok seg\u00edts\u00e9g<\/strong><\/p>\n<p><span style=\"font-weight: 400\">Amikor megpr\u00f3b\u00e1lsz egyetlen feladatra koncentr\u00e1lni, az elm\u00e9det el\u00e1rasztj\u00e1k a gondolatok, \u00e9s nem tudsz? A kirak\u00f3s j\u00e1t\u00e9kok edzik a figyelmet \u00e9s a koncentr\u00e1ci\u00f3t. Az 1000 darabos puzzle k\u00e9p\u00e9nek \u00f6sszerak\u00e1sa k\u00f6zben \u00f6nk\u00e9ntelen\u00fcl is egyetlen c\u00e9lra \u00f6sszpontos\u00edtasz: a k\u00edv\u00e1nt k\u00e9p \u00f6sszerak\u00e1s\u00e1ra. Ez edzi az elm\u00e9det, \u00e9s ez a k\u00e9pess\u00e9ged \u00e1tragad m\u00e1s tev\u00e9kenys\u00e9geidre is <\/span><\/p>\n<p><span style=\"font-weight: 400\">V\u00e1lassza az 1000 darabos kirak\u00f3s j\u00e1t\u00e9kokat, \u00e9s \u00e9lvezze az \u00e1ltaluk k\u00edn\u00e1lt egy\u00e9b el\u0151ny\u00f6ket:<\/span><\/p>\n<p><span style=\"font-weight: 400\">Jav\u00edtott probl\u00e9mamegold\u00f3 k\u00e9szs\u00e9g.<\/span><\/p>\n<p><span style=\"font-weight: 400\">Fejlessze a logikus gondolkod\u00e1st.<\/span><\/p>\n<p><span style=\"font-weight: 400\">Mem\u00f3ria tr\u00e9ning.<\/span><\/p>\n<p><span style=\"font-weight: 400\">Fejlessze a kitart\u00e1st \u00e9s a r\u00e9szletek megfigyel\u00e9s\u00e9nek \u00e9rz\u00e9k\u00e9t.<\/span><\/p>\n<p><span style=\"font-weight: 400\">N\u00f6veli a termel\u00e9kenys\u00e9get.<\/span><\/p>\n<p><strong>5 dolog, amit nem tudott Dante Gabriel Rossettir\u0151l<\/strong><\/p>\n<p><span style=\"font-weight: 400\">Az \u00f6sszes vers\u00e9t tartalmaz\u00f3 egyetlen p\u00e9ld\u00e1ny\u00e1t szeretett Elizabeth Siddal \u00e1gya mellett temette el, aki laud\u00e1num-t\u00faladagol\u00e1sban halt meg.<\/span><\/p>\n<p><span style=\"font-weight: 400\">Szerette a madarakat \u00e9s az egzotikus \u00e1llatokat. L\u00e1m\u00e1k, tuk\u00e1nok \u00e9s vombit\u00e1k leny\u0171g\u00f6z\u0151 gy\u0171jtem\u00e9nye volt.<\/span><\/p>\n<p><span style=\"font-weight: 400\">Legjobb bar\u00e1tja Christina Rossetti, a fiatalabbik n\u0151v\u00e9re volt.<\/span><\/p>\n<p><span style=\"font-weight: 400\">Szerelmi viszonya volt Jane Morrisszal, William Morris feles\u00e9g\u00e9vel is, aki nagyra \u00e9rt\u00e9kelte \u00e9s megv\u00e1s\u00e1rolta munk\u00e1it <\/span><\/p>\n<p><span style=\"font-weight: 400\">Siddal hal\u00e1la ut\u00e1n a m\u0171v\u00e9sz \u00e1lmatlans\u00e1g\u00e1nak kezel\u00e9s\u00e9re altat\u00f3kat kezdett szedni. Ez a kezel\u00e9s m\u00e9ly depresszi\u00f3t okozott n\u00e1la.<\/span><\/p>\n<p><strong>Dante Gabriel Rossetti 1000 darabos puzzle &#8211; A Vision of Fiammetta megtan\u00edt \u00e9rt\u00e9kelni a m\u0171v\u00e9szetet<\/strong><\/p>\n<p><span style=\"font-weight: 400\">A m\u0171v\u00e9szet vil\u00e1g\u00e1nak felfedez\u00e9se a tud\u00e1s m\u00e9lyrehat\u00f3 form\u00e1ja. Minden egyes festm\u00e9ny lehet\u0151v\u00e9 teszi a n\u00e9z\u0151 sz\u00e1m\u00e1ra, hogy felfedezze a m\u0171v\u00e9sz st\u00edlus\u00e1t \u00e9s technik\u00e1j\u00e1t, valamint k\u00fcl\u00f6nb\u00f6z\u0151 inform\u00e1ci\u00f3kat kapjon arr\u00f3l a m\u0171v\u00e9szeti korszakr\u00f3l, amelyhez a m\u0171 tartozik. A m\u0171v\u00e9szet is egyfajta kommunik\u00e1ci\u00f3s forma, amely bizonyos konvenci\u00f3kat k\u00f6vet \u00e9s saj\u00e1tos szimb\u00f3lumokkal rendelkezik <\/span><\/p>\n<p><span style=\"font-weight: 400\">Egy m\u0171v\u00e9szi kirak\u00f3s \u00f6sszerak\u00e1sa olyan r\u00e9szleteket mutat meg a festm\u00e9nyb\u0151l, amelyeket egy\u00e9bk\u00e9nt nem l\u00e1t. Amikor a festm\u00e9ny elk\u00e9sz\u00fcl, \u00e9rt\u00e9kelni fogod a m\u0171alkot\u00e1st, \u00e9s m\u00e9lyebben meg\u00e9rted, mert k\u00f6zel volt\u00e1l hozz\u00e1, \u00e9s darabr\u00f3l darabra \u00f6sszeraktad. Egy m\u0171v\u00e9szeti rejtv\u00e9ny teh\u00e1t intellektu\u00e1lis \u00e9s \u00e9rzelmi \u00e9lm\u00e9nyt ny\u00fajt.<\/span><\/p>\n<p><span style=\"font-weight: 400\">V\u00e1s\u00e1rolja meg Dante Gabriel Rossetti &#8211; A Vision of Fiammetta 1000 darabos kirak\u00f3j\u00e1t a m\u0171v\u00e9szeti kirak\u00f3k gy\u0171jtem\u00e9ny\u00e9b\u0151l, \u00e9p\u00edtse fel a festm\u00e9nyt \u00e9s d\u00edsz\u00edtse otthon\u00e1t a h\u00edres festm\u00e9ny h\u0171 m\u00e1solat\u00e1val.<\/span><\/p>\n<p><span style=\"font-weight: 400\">Ez a csod\u00e1latos m\u0171v\u00e9szi puzzle k\u00fcl\u00f6nb\u00f6z\u0151 alkalmakkor aj\u00e1nd\u00e9kba adhat\u00f3 azoknak, akik szeretik a kirak\u00f3s j\u00e1t\u00e9kokat vagy a m\u0171v\u00e9szi remekm\u0171veket.<\/span><\/p><\/p>\n","protected":false},"excerpt":{"rendered":"<p>Leny\u0171g\u00f6zte az 1000 darabos puzzle? Kih\u00edvunk t\u00e9ged, hogy teszteld \u00f6sszeszerel\u00e9si k\u00e9pess\u00e9geidet, \u00e9s \u00e1ll\u00edtsd \u00fajra el\u0151 a m\u0171v\u00e9szeti rejtv\u00e9nyekben \u00e1br\u00e1zolt h\u00edres<\/p>\n","protected":false},"featured_media":48766,"template":"","meta":[],"product_brand":[],"product_cat":[1920,1919,1881],"product_tag":[],"class_list":{"0":"post-39159","1":"product","2":"type-product","3":"status-publish","4":"has-post-thumbnail","6":"product_cat-1000-darabos-kirakos-jatek","7":"product_cat-felnott-kirakos-jatekok","8":"product_cat-kirakos-jatekok","9":"pa_brand-deico-hu","10":"pa_country_of_manufacture-ro-hu","11":"pa_filter_age-14-hu","12":"pa_tip_ambalaj-doboz","13":"pa_tip_puzzle-klasszikus","15":"first","16":"instock","17":"taxable","18":"shipping-taxable","19":"product-type-simple"},"yoast_head":"<!-- This site is optimized with the Yoast SEO plugin v20.1 - https:\/\/yoast.com\/wordpress\/plugins\/seo\/ -->\n<title>Dante Gabriel Rossetti 1000 darabos feln\u0151tt puzzle - Fiammetta l\u00e1tom\u00e1sa<\/title>\n<meta name=\"description\" content=\"Dante Gabriel Rossetti 1000 darabos feln\u0151tt puzzle - Fiammetta l\u00e1tom\u00e1sa\" \/>\n<meta name=\"robots\" content=\"index, follow, max-snippet:-1, max-image-preview:large, max-video-preview:-1\" \/>\n<link rel=\"canonical\" href=\"https:\/\/business.roovi.com\/hu\/dante-gabriel-rossetti-1000-darabos-felnott-puzzle-fiammetta-latomasa\/p\/\" \/>\n<meta property=\"og:locale\" content=\"hu_HU\" \/>\n<meta property=\"og:type\" content=\"article\" \/>\n<meta property=\"og:title\" content=\"Dante Gabriel Rossetti 1000 darabos feln\u0151tt puzzle - Fiammetta l\u00e1tom\u00e1sa\" \/>\n<meta property=\"og:description\" content=\"Dante Gabriel Rossetti 1000 darabos feln\u0151tt puzzle - Fiammetta l\u00e1tom\u00e1sa\" \/>\n<meta property=\"og:url\" content=\"https:\/\/business.roovi.com\/hu\/dante-gabriel-rossetti-1000-darabos-felnott-puzzle-fiammetta-latomasa\/p\/\" \/>\n<meta property=\"og:site_name\" content=\"Roovi B2B\" \/>\n<meta property=\"article:publisher\" content=\"https:\/\/www.facebook.com\/wwwjucariero\" \/>\n<meta property=\"article:modified_time\" content=\"2022-07-06T12:24:23+00:00\" \/>\n<meta property=\"og:image\" content=\"https:\/\/business.roovi.com\/wp-content\/uploads\/2020\/04\/dante_gabriel_rossetti-a_vision_of_fiammetta_copy.jpg\" \/>\n\t<meta property=\"og:image:width\" content=\"1200\" \/>\n\t<meta property=\"og:image:height\" content=\"1200\" \/>\n\t<meta property=\"og:image:type\" content=\"image\/jpeg\" \/>\n<meta name=\"twitter:label1\" content=\"Becs\u00fclt olvas\u00e1si id\u0151\" \/>\n\t<meta name=\"twitter:data1\" content=\"4 perc\" \/>\n<script type=\"application\/ld+json\" class=\"yoast-schema-graph\">{\"@context\":\"https:\/\/schema.org\",\"@graph\":[{\"@type\":\"WebPage\",\"@id\":\"https:\/\/business.roovi.com\/hu\/dante-gabriel-rossetti-1000-darabos-felnott-puzzle-fiammetta-latomasa\/p\/\",\"url\":\"https:\/\/business.roovi.com\/hu\/dante-gabriel-rossetti-1000-darabos-felnott-puzzle-fiammetta-latomasa\/p\/\",\"name\":\"Dante Gabriel Rossetti 1000 darabos feln\u0151tt puzzle - Fiammetta l\u00e1tom\u00e1sa\",\"isPartOf\":{\"@id\":\"https:\/\/business.roovi.com\/hu\/#website\"},\"datePublished\":\"2020-04-22T13:05:53+00:00\",\"dateModified\":\"2022-07-06T12:24:23+00:00\",\"description\":\"Dante Gabriel Rossetti 1000 darabos feln\u0151tt puzzle - Fiammetta l\u00e1tom\u00e1sa\",\"breadcrumb\":{\"@id\":\"https:\/\/business.roovi.com\/hu\/dante-gabriel-rossetti-1000-darabos-felnott-puzzle-fiammetta-latomasa\/p\/#breadcrumb\"},\"inLanguage\":\"hu\",\"potentialAction\":[{\"@type\":\"ReadAction\",\"target\":[\"https:\/\/business.roovi.com\/hu\/dante-gabriel-rossetti-1000-darabos-felnott-puzzle-fiammetta-latomasa\/p\/\"]}]},{\"@type\":\"BreadcrumbList\",\"@id\":\"https:\/\/business.roovi.com\/hu\/dante-gabriel-rossetti-1000-darabos-felnott-puzzle-fiammetta-latomasa\/p\/#breadcrumb\",\"itemListElement\":[{\"@type\":\"ListItem\",\"position\":1,\"name\":\"Home\",\"item\":\"https:\/\/business.roovi.com\/hu\/\"},{\"@type\":\"ListItem\",\"position\":2,\"name\":\"Shop\",\"item\":\"https:\/\/business.roovi.com\/hu\/shop\/\"},{\"@type\":\"ListItem\",\"position\":3,\"name\":\"Dante Gabriel Rossetti 1000 darabos feln\u0151tt puzzle &#8211; Fiammetta l\u00e1tom\u00e1sa\"}]},{\"@type\":\"WebSite\",\"@id\":\"https:\/\/business.roovi.com\/hu\/#website\",\"url\":\"https:\/\/business.roovi.com\/hu\/\",\"name\":\"Roovi B2B\",\"description\":\"Roovi Business Website\",\"potentialAction\":[{\"@type\":\"SearchAction\",\"target\":{\"@type\":\"EntryPoint\",\"urlTemplate\":\"https:\/\/business.roovi.com\/hu\/?s={search_term_string}\"},\"query-input\":\"required name=search_term_string\"}],\"inLanguage\":\"hu\"}]}<\/script>\n<!-- \/ Yoast SEO plugin. -->","yoast_head_json":{"title":"Dante Gabriel Rossetti 1000 darabos feln\u0151tt puzzle - Fiammetta l\u00e1tom\u00e1sa","description":"Dante Gabriel Rossetti 1000 darabos feln\u0151tt puzzle - Fiammetta l\u00e1tom\u00e1sa","robots":{"index":"index","follow":"follow","max-snippet":"max-snippet:-1","max-image-preview":"max-image-preview:large","max-video-preview":"max-video-preview:-1"},"canonical":"https:\/\/business.roovi.com\/hu\/dante-gabriel-rossetti-1000-darabos-felnott-puzzle-fiammetta-latomasa\/p\/","og_locale":"hu_HU","og_type":"article","og_title":"Dante Gabriel Rossetti 1000 darabos feln\u0151tt puzzle - Fiammetta l\u00e1tom\u00e1sa","og_description":"Dante Gabriel Rossetti 1000 darabos feln\u0151tt puzzle - Fiammetta l\u00e1tom\u00e1sa","og_url":"https:\/\/business.roovi.com\/hu\/dante-gabriel-rossetti-1000-darabos-felnott-puzzle-fiammetta-latomasa\/p\/","og_site_name":"Roovi B2B","article_publisher":"https:\/\/www.facebook.com\/wwwjucariero","article_modified_time":"2022-07-06T12:24:23+00:00","og_image":[{"width":1200,"height":1200,"url":"https:\/\/business.roovi.com\/wp-content\/uploads\/2020\/04\/dante_gabriel_rossetti-a_vision_of_fiammetta_copy.jpg","type":"image\/jpeg"}],"twitter_misc":{"Becs\u00fclt olvas\u00e1si id\u0151":"4 perc"},"schema":{"@context":"https:\/\/schema.org","@graph":[{"@type":"WebPage","@id":"https:\/\/business.roovi.com\/hu\/dante-gabriel-rossetti-1000-darabos-felnott-puzzle-fiammetta-latomasa\/p\/","url":"https:\/\/business.roovi.com\/hu\/dante-gabriel-rossetti-1000-darabos-felnott-puzzle-fiammetta-latomasa\/p\/","name":"Dante Gabriel Rossetti 1000 darabos feln\u0151tt puzzle - Fiammetta l\u00e1tom\u00e1sa","isPartOf":{"@id":"https:\/\/business.roovi.com\/hu\/#website"},"datePublished":"2020-04-22T13:05:53+00:00","dateModified":"2022-07-06T12:24:23+00:00","description":"Dante Gabriel Rossetti 1000 darabos feln\u0151tt puzzle - Fiammetta l\u00e1tom\u00e1sa","breadcrumb":{"@id":"https:\/\/business.roovi.com\/hu\/dante-gabriel-rossetti-1000-darabos-felnott-puzzle-fiammetta-latomasa\/p\/#breadcrumb"},"inLanguage":"hu","potentialAction":[{"@type":"ReadAction","target":["https:\/\/business.roovi.com\/hu\/dante-gabriel-rossetti-1000-darabos-felnott-puzzle-fiammetta-latomasa\/p\/"]}]},{"@type":"BreadcrumbList","@id":"https:\/\/business.roovi.com\/hu\/dante-gabriel-rossetti-1000-darabos-felnott-puzzle-fiammetta-latomasa\/p\/#breadcrumb","itemListElement":[{"@type":"ListItem","position":1,"name":"Home","item":"https:\/\/business.roovi.com\/hu\/"},{"@type":"ListItem","position":2,"name":"Shop","item":"https:\/\/business.roovi.com\/hu\/shop\/"},{"@type":"ListItem","position":3,"name":"Dante Gabriel Rossetti 1000 darabos feln\u0151tt puzzle &#8211; Fiammetta l\u00e1tom\u00e1sa"}]},{"@type":"WebSite","@id":"https:\/\/business.roovi.com\/hu\/#website","url":"https:\/\/business.roovi.com\/hu\/","name":"Roovi B2B","description":"Roovi Business Website","potentialAction":[{"@type":"SearchAction","target":{"@type":"EntryPoint","urlTemplate":"https:\/\/business.roovi.com\/hu\/?s={search_term_string}"},"query-input":"required name=search_term_string"}],"inLanguage":"hu"}]}},"_links":{"self":[{"href":"https:\/\/business.roovi.com\/hu\/wp-json\/wp\/v2\/product\/39159","targetHints":{"allow":["GET"]}}],"collection":[{"href":"https:\/\/business.roovi.com\/hu\/wp-json\/wp\/v2\/product"}],"about":[{"href":"https:\/\/business.roovi.com\/hu\/wp-json\/wp\/v2\/types\/product"}],"version-history":[{"count":0,"href":"https:\/\/business.roovi.com\/hu\/wp-json\/wp\/v2\/product\/39159\/revisions"}],"wp:featuredmedia":[{"embeddable":true,"href":"https:\/\/business.roovi.com\/hu\/wp-json\/wp\/v2\/media\/48766"}],"wp:attachment":[{"href":"https:\/\/business.roovi.com\/hu\/wp-json\/wp\/v2\/media?parent=39159"}],"wp:term":[{"taxonomy":"product_brand","embeddable":true,"href":"https:\/\/business.roovi.com\/hu\/wp-json\/wp\/v2\/product_brand?post=39159"},{"taxonomy":"product_cat","embeddable":true,"href":"https:\/\/business.roovi.com\/hu\/wp-json\/wp\/v2\/product_cat?post=39159"},{"taxonomy":"product_tag","embeddable":true,"href":"https:\/\/business.roovi.com\/hu\/wp-json\/wp\/v2\/product_tag?post=39159"}],"curies":[{"name":"wp","href":"https:\/\/api.w.org\/{rel}","templated":true}]}}